{"id":7210,"date":"2023-11-15T11:15:54","date_gmt":"2023-11-15T10:15:54","guid":{"rendered":"https:\/\/www.certifiedcosmetics.com\/product\/test-antirughe\/"},"modified":"2024-11-26T09:44:09","modified_gmt":"2024-11-26T08:44:09","slug":"test-antirughe","status":"publish","type":"product","link":"https:\/\/www.certifiedcosmetics.com\/it\/product\/test-di-efficacia\/test-cutanei\/test-antirughe\/","title":{"rendered":"Test antirughe"},"content":{"rendered":"<div class=\"group w-full text-token-text-primary border-b border-black\/10 gizmo:border-0 dark:border-gray-900\/50 gizmo:dark:border-0 bg-gray-50 gizmo:bg-transparent dark:bg-[#444654] gizmo:dark:bg-transparent\" data-testid=\"conversation-turn-3\">\n<div class=\"p-4 gizmo:py-2 justify-center text-base md:gap-6 md:py-6 m-auto\">\n<div class=\"flex flex-1 gap-4 text-base mx-auto md:gap-6 gizmo:gap-3 gizmo:md:px-5 gizmo:lg:px-1 gizmo:xl:px-5 md:max-w-2xl lg:max-w-[38rem] gizmo:md:max-w-3xl gizmo:lg:max-w-[40rem] gizmo:xl:max-w-[48rem] xl:max-w-3xl }\">\n<div class=\"relative flex w-[calc(100%-50px)] flex-col gizmo:w-full lg:w-[calc(100%-115px)] agent-turn\">\n<div class=\"flex-col gap-1 md:gap-3\">\n<div class=\"flex flex-grow flex-col max-w-full gap-3 gizmo:gap-0\">\n<div class=\"min-h-[20px] text-message peer flex flex-col items-start gap-3 whitespace-pre-wrap break-words peer-[.text-message]:mt-5 overflow-x-auto\" data-message-author-role=\"assistant\" data-message-id=\"a21cab71-a3d3-46af-a655-7a5db493ca7f\"><\/div>\n<\/div>\n<\/div>\n<\/div>\n<\/div>\n<\/div>\n<\/div>\n<div class=\"group w-full text-token-text-primary border-b border-black\/10 gizmo:border-0 dark:border-gray-900\/50 gizmo:dark:border-0 bg-gray-50 gizmo:bg-transparent dark:bg-[#444654] gizmo:dark:bg-transparent\" data-testid=\"conversation-turn-5\">\n<div class=\"p-4 gizmo:py-2 justify-center text-base md:gap-6 md:py-6 m-auto\">\n<div class=\"flex flex-1 gap-4 text-base mx-auto md:gap-6 gizmo:gap-3 gizmo:md:px-5 gizmo:lg:px-1 gizmo:xl:px-5 md:max-w-2xl lg:max-w-[38rem] gizmo:md:max-w-3xl gizmo:lg:max-w-[40rem] gizmo:xl:max-w-[48rem] xl:max-w-3xl }\">\n<div class=\"flex-shrink-0 flex flex-col relative items-end\">\n<div class=\"text-xs flex items-center justify-center gap-1 absolute left-0 top-2 -ml-4 -translate-x-full gizmo:top-1 gizmo:-ml-6 invisible\">Il test antirughe si riferisce a un processo o a una valutazione che mira a valutare l&#8217;efficacia dei prodotti per la cura della pelle nel ridurre l&#8217;aspetto delle rughe e delle linee sottili sulla pelle. Le rughe sono una parte naturale del processo di invecchiamento e possono essere influenzate da fattori come la genetica, l&#8217;esposizione al sole, le scelte di vita e le pratiche di cura della pelle. I test antirughe vengono condotti per determinare quanto un prodotto o un trattamento specifico sia in grado di affrontare questi segni dell&#8217;invecchiamento.<\/div>\n<div><\/div>\n<\/div>\n<div class=\"relative flex w-[calc(100%-50px)] flex-col gizmo:w-full lg:w-[calc(100%-115px)] agent-turn\">\n<div class=\"flex-col gap-1 md:gap-3\">\n<div class=\"flex flex-grow flex-col max-w-full gap-3 gizmo:gap-0\">\n<div class=\"min-h-[20px] text-message peer flex flex-col items-start gap-3 whitespace-pre-wrap break-words peer-[.text-message]:mt-5 overflow-x-auto\" data-message-author-role=\"assistant\" data-message-id=\"74cc1428-0a1b-40d3-b6c5-ba8cdb3b5c46\">\n<div class=\"markdown prose w-full break-words dark:prose-invert light\">\n<p>Questi test prevedono:<\/p>\n<ol>\n<li><strong>Studi clinici:<\/strong> Studi controllati con partecipanti umani per valutare gli effetti dei prodotti antirughe. Questi studi possono prevedere valutazioni prima e dopo le rughe, in genere utilizzando scale standardizzate o tecniche di imaging.<\/li>\n<li><strong>Misurazioni strumentali:<\/strong> Per misurare i cambiamenti nella profondit\u00e0, nella lunghezza e nel numero delle rughe si possono utilizzare strumenti scientifici come i profilometri o i dispositivi di imaging. Queste misurazioni forniscono dati oggettivi sull&#8217;efficacia di un prodotto nella riduzione delle rughe.<\/li>\n<li><strong>Valutazioni dermatologiche:<\/strong> I dermatologi possono valutare le condizioni della pelle degli individui prima e dopo l&#8217;uso di prodotti antirughe per fornire una valutazione professionale dell&#8217;efficacia del prodotto.<\/li>\n<\/ol>\n<p>Le fasi successive possono essere aggiunte su richiesta del cliente e hanno un costo aggiuntivo:<\/p>\n<ol>\n<li><strong>Misurazioni biofisiche:<\/strong> Queste misurazioni prevedono la valutazione di varie propriet\u00e0 della pelle, come l&#8217;elasticit\u00e0 e l&#8217;idratazione, che contribuiscono all&#8217;aspetto generale delle rughe.<\/li>\n<li><strong>Valutazioni soggettive:<\/strong> Si possono utilizzare sondaggi o questionari di autovalutazione per raccogliere il feedback dei soggetti che utilizzano i prodotti antirughe. Ai partecipanti pu\u00f2 essere chiesto di valutare la loro percezione dei cambiamenti nella profondit\u00e0 delle rughe, nella consistenza della pelle e nell&#8217;aspetto generale.<\/li>\n<\/ol>\n<p>\u00c8 importante notare che l&#8217;efficacia dei prodotti antirughe pu\u00f2 variare e le risposte individuali possono differire in base a fattori come il tipo di pelle, l&#8217;et\u00e0 e la gravit\u00e0 delle rughe.<\/p>\n<p>Ti consigliamo di consultarci per ricevere raccomandazioni personalizzate in base al contenuto della formulazione e alle caratteristiche del prodotto.<\/p>\n<\/div>\n<\/div>\n<\/div>\n<\/div>\n<\/div>\n<\/div>\n<\/div>\n<\/div>\n","protected":false},"excerpt":{"rendered":"<div class=\"bt_bb_button bt_bb_color_scheme_6 bt_bb_icon_position_left bt_bb_style_filled bt_bb_width_inline bt_bb_shape_inherit bt_bb_target_self bt_bb_text_transform_inherit bt_bb_fe_edit bt_bb_size_normal bt_bb_align_inherit\" style=\"; --primary-color: #ffffff; --secondary-color: #0bc270;\" data-base=\"bt_bb_button\"><a class=\"bt_bb_link\" title=\"VALUTAZIONE DELLA SICUREZZA DEL SAPONE\" href=\"https:\/\/www.certifiedcosmetics.com\/services\/get-quote\/\" target=\"_self\" rel=\"noopener\"><span class=\"bt_bb_button_text\">RICHIEDI UN PREVENTIVO<\/span><\/a><\/div>\n","protected":false},"featured_media":6554,"template":"","meta":[],"product_brand":[],"product_cat":[146,130],"product_tag":[],"class_list":{"0":"post-7210","1":"product","2":"type-product","3":"status-publish","4":"has-post-thumbnail","6":"product_cat-test-cutanei","7":"product_cat-test-di-efficacia","9":"first","10":"instock","11":"virtual","12":"taxable","13":"purchasable","14":"product-type-simple"},"bundled_by":[],"bundle_stock_status":"instock","bundle_stock_quantity":null,"bundle_virtual":false,"bundle_layout":"","bundle_add_to_cart_form_location":"","bundle_editable_in_cart":false,"bundle_sold_individually_context":"","bundle_item_grouping":"","bundle_min_size":"","bundle_max_size":"","bundle_price":[],"bundled_items":[],"bundle_sell_ids":[],"yoast_head":"<!-- This site is optimized with the Yoast SEO Premium plugin v25.4 (Yoast SEO v25.4) - https:\/\/yoast.com\/wordpress\/plugins\/seo\/ -->\n<title>Test antirughe - Certified Cosmetics<\/title>\n<meta name=\"robots\" content=\"index, follow, max-snippet:-1, max-image-preview:large, max-video-preview:-1\" \/>\n<link rel=\"canonical\" href=\"https:\/\/www.certifiedcosmetics.com\/it\/product\/test-di-efficacia\/test-cutanei\/test-antirughe\/\" \/>\n<meta property=\"og:locale\" content=\"it_IT\" \/>\n<meta property=\"og:type\" content=\"article\" \/>\n<meta property=\"og:title\" content=\"Test antirughe\" \/>\n<meta property=\"og:description\" content=\"RICHIEDI UN PREVENTIVO\" \/>\n<meta property=\"og:url\" content=\"https:\/\/www.certifiedcosmetics.com\/it\/product\/test-di-efficacia\/test-cutanei\/test-antirughe\/\" \/>\n<meta property=\"og:site_name\" content=\"Certified Cosmetics\" \/>\n<meta property=\"article:modified_time\" content=\"2024-11-26T08:44:09+00:00\" \/>\n<meta property=\"og:image\" content=\"https:\/\/www.certifiedcosmetics.com\/wp-content\/uploads\/2023\/11\/antiwrinkle.jpg\" \/>\n\t<meta property=\"og:image:width\" content=\"800\" \/>\n\t<meta property=\"og:image:height\" content=\"800\" \/>\n\t<meta property=\"og:image:type\" content=\"image\/jpeg\" \/>\n<meta name=\"twitter:card\" content=\"summary_large_image\" \/>\n<meta name=\"twitter:label1\" content=\"Prezzo\" \/>\n\t<meta name=\"twitter:data1\" content=\"&#036;1 344.82\" \/>\n\t<meta name=\"twitter:label2\" content=\"Disponibilit\u00e0\" \/>\n\t<meta name=\"twitter:data2\" content=\"In stock\" \/>\n<script type=\"application\/ld+json\" class=\"yoast-schema-graph\">{\"@context\":\"https:\/\/schema.org\",\"@graph\":[{\"@type\":\"WebPage\",\"@id\":\"https:\/\/www.certifiedcosmetics.com\/it\/product\/test-di-efficacia\/test-cutanei\/test-antirughe\/\",\"url\":\"https:\/\/www.certifiedcosmetics.com\/it\/product\/test-di-efficacia\/test-cutanei\/test-antirughe\/\",\"name\":\"Test antirughe - Certified Cosmetics\",\"isPartOf\":{\"@id\":\"https:\/\/www.certifiedcosmetics.com\/it\/#website\"},\"primaryImageOfPage\":{\"@id\":\"https:\/\/www.certifiedcosmetics.com\/it\/product\/test-di-efficacia\/test-cutanei\/test-antirughe\/#primaryimage\"},\"image\":{\"@id\":\"https:\/\/www.certifiedcosmetics.com\/it\/product\/test-di-efficacia\/test-cutanei\/test-antirughe\/#primaryimage\"},\"thumbnailUrl\":\"https:\/\/www.certifiedcosmetics.com\/wp-content\/uploads\/2023\/11\/antiwrinkle.jpg\",\"datePublished\":\"2023-11-15T10:15:54+00:00\",\"dateModified\":\"2024-11-26T08:44:09+00:00\",\"breadcrumb\":{\"@id\":\"https:\/\/www.certifiedcosmetics.com\/it\/product\/test-di-efficacia\/test-cutanei\/test-antirughe\/#breadcrumb\"},\"inLanguage\":\"it-IT\",\"potentialAction\":[{\"@type\":\"ReadAction\",\"target\":[\"https:\/\/www.certifiedcosmetics.com\/it\/product\/test-di-efficacia\/test-cutanei\/test-antirughe\/\"]}]},{\"@type\":\"ImageObject\",\"inLanguage\":\"it-IT\",\"@id\":\"https:\/\/www.certifiedcosmetics.com\/it\/product\/test-di-efficacia\/test-cutanei\/test-antirughe\/#primaryimage\",\"url\":\"https:\/\/www.certifiedcosmetics.com\/wp-content\/uploads\/2023\/11\/antiwrinkle.jpg\",\"contentUrl\":\"https:\/\/www.certifiedcosmetics.com\/wp-content\/uploads\/2023\/11\/antiwrinkle.jpg\",\"width\":800,\"height\":800},{\"@type\":\"BreadcrumbList\",\"@id\":\"https:\/\/www.certifiedcosmetics.com\/it\/product\/test-di-efficacia\/test-cutanei\/test-antirughe\/#breadcrumb\",\"itemListElement\":[{\"@type\":\"ListItem\",\"position\":1,\"name\":\"Home\",\"item\":\"https:\/\/www.certifiedcosmetics.com\/it\/\"},{\"@type\":\"ListItem\",\"position\":2,\"name\":\"Negozio\",\"item\":\"https:\/\/www.certifiedcosmetics.com\/it\/negozio\/\"},{\"@type\":\"ListItem\",\"position\":3,\"name\":\"Test antirughe\"}]},{\"@type\":\"WebSite\",\"@id\":\"https:\/\/www.certifiedcosmetics.com\/it\/#website\",\"url\":\"https:\/\/www.certifiedcosmetics.com\/it\/\",\"name\":\"Certified Cosmetics\",\"description\":\"Cosmetic Safety Assessment\",\"publisher\":{\"@id\":\"https:\/\/www.certifiedcosmetics.com\/it\/#organization\"},\"potentialAction\":[{\"@type\":\"SearchAction\",\"target\":{\"@type\":\"EntryPoint\",\"urlTemplate\":\"https:\/\/www.certifiedcosmetics.com\/it\/?s={search_term_string}\"},\"query-input\":{\"@type\":\"PropertyValueSpecification\",\"valueRequired\":true,\"valueName\":\"search_term_string\"}}],\"inLanguage\":\"it-IT\"},{\"@type\":\"Organization\",\"@id\":\"https:\/\/www.certifiedcosmetics.com\/it\/#organization\",\"name\":\"Certified Cosmetics\",\"url\":\"https:\/\/www.certifiedcosmetics.com\/it\/\",\"logo\":{\"@type\":\"ImageObject\",\"inLanguage\":\"it-IT\",\"@id\":\"https:\/\/www.certifiedcosmetics.com\/it\/#\/schema\/logo\/image\/\",\"url\":\"https:\/\/www.certifiedcosmetics.com\/wp-content\/uploads\/2024\/12\/logo_certified_cosmetics696.jpg\",\"contentUrl\":\"https:\/\/www.certifiedcosmetics.com\/wp-content\/uploads\/2024\/12\/logo_certified_cosmetics696.jpg\",\"width\":696,\"height\":696,\"caption\":\"Certified Cosmetics\"},\"image\":{\"@id\":\"https:\/\/www.certifiedcosmetics.com\/it\/#\/schema\/logo\/image\/\"},\"description\":\"Your trusted partner for cosmetic product safety reporting. We take care of updating all of your documentation, ensuring your compliance stays current even as regulations evolve. The Cosmetic Product Safety Assessment will give you everything you need to sell specific products to EU consumers.\",\"email\":\"contact@certifiedcosmetics.com\",\"telephone\":\"+31 36 2036384\",\"legalName\":\"Certified Cosmetics\",\"foundingDate\":\"2010-01-01\",\"vatID\":\"NL854189543B01\",\"numberOfEmployees\":{\"@type\":\"QuantitativeValue\",\"minValue\":\"11\",\"maxValue\":\"50\"}}]}<\/script>\n<meta property=\"product:price:amount\" content=\"1344.82\" \/>\n<meta property=\"product:price:currency\" content=\"USD\" \/>\n<meta property=\"og:availability\" content=\"instock\" \/>\n<meta property=\"product:availability\" content=\"instock\" \/>\n<meta property=\"product:retailer_item_id\" content=\"CC100021\" \/>\n<meta property=\"product:condition\" content=\"new\" \/>\n<!-- \/ Yoast SEO Premium plugin. -->","yoast_head_json":{"title":"Test antirughe - Certified Cosmetics","robots":{"index":"index","follow":"follow","max-snippet":"max-snippet:-1","max-image-preview":"max-image-preview:large","max-video-preview":"max-video-preview:-1"},"canonical":"https:\/\/www.certifiedcosmetics.com\/it\/product\/test-di-efficacia\/test-cutanei\/test-antirughe\/","og_locale":"it_IT","og_type":"article","og_title":"Test antirughe","og_description":"RICHIEDI UN PREVENTIVO","og_url":"https:\/\/www.certifiedcosmetics.com\/it\/product\/test-di-efficacia\/test-cutanei\/test-antirughe\/","og_site_name":"Certified Cosmetics","article_modified_time":"2024-11-26T08:44:09+00:00","og_image":[{"width":800,"height":800,"url":"https:\/\/www.certifiedcosmetics.com\/wp-content\/uploads\/2023\/11\/antiwrinkle.jpg","type":"image\/jpeg"}],"twitter_card":"summary_large_image","twitter_misc":{"Prezzo":"&#36;1 344.82","Disponibilit\u00e0":"In stock"},"schema":{"@context":"https:\/\/schema.org","@graph":[{"@type":"WebPage","@id":"https:\/\/www.certifiedcosmetics.com\/it\/product\/test-di-efficacia\/test-cutanei\/test-antirughe\/","url":"https:\/\/www.certifiedcosmetics.com\/it\/product\/test-di-efficacia\/test-cutanei\/test-antirughe\/","name":"Test antirughe - Certified Cosmetics","isPartOf":{"@id":"https:\/\/www.certifiedcosmetics.com\/it\/#website"},"primaryImageOfPage":{"@id":"https:\/\/www.certifiedcosmetics.com\/it\/product\/test-di-efficacia\/test-cutanei\/test-antirughe\/#primaryimage"},"image":{"@id":"https:\/\/www.certifiedcosmetics.com\/it\/product\/test-di-efficacia\/test-cutanei\/test-antirughe\/#primaryimage"},"thumbnailUrl":"https:\/\/www.certifiedcosmetics.com\/wp-content\/uploads\/2023\/11\/antiwrinkle.jpg","datePublished":"2023-11-15T10:15:54+00:00","dateModified":"2024-11-26T08:44:09+00:00","breadcrumb":{"@id":"https:\/\/www.certifiedcosmetics.com\/it\/product\/test-di-efficacia\/test-cutanei\/test-antirughe\/#breadcrumb"},"inLanguage":"it-IT","potentialAction":[{"@type":"ReadAction","target":["https:\/\/www.certifiedcosmetics.com\/it\/product\/test-di-efficacia\/test-cutanei\/test-antirughe\/"]}]},{"@type":"ImageObject","inLanguage":"it-IT","@id":"https:\/\/www.certifiedcosmetics.com\/it\/product\/test-di-efficacia\/test-cutanei\/test-antirughe\/#primaryimage","url":"https:\/\/www.certifiedcosmetics.com\/wp-content\/uploads\/2023\/11\/antiwrinkle.jpg","contentUrl":"https:\/\/www.certifiedcosmetics.com\/wp-content\/uploads\/2023\/11\/antiwrinkle.jpg","width":800,"height":800},{"@type":"BreadcrumbList","@id":"https:\/\/www.certifiedcosmetics.com\/it\/product\/test-di-efficacia\/test-cutanei\/test-antirughe\/#breadcrumb","itemListElement":[{"@type":"ListItem","position":1,"name":"Home","item":"https:\/\/www.certifiedcosmetics.com\/it\/"},{"@type":"ListItem","position":2,"name":"Negozio","item":"https:\/\/www.certifiedcosmetics.com\/it\/negozio\/"},{"@type":"ListItem","position":3,"name":"Test antirughe"}]},{"@type":"WebSite","@id":"https:\/\/www.certifiedcosmetics.com\/it\/#website","url":"https:\/\/www.certifiedcosmetics.com\/it\/","name":"Certified Cosmetics","description":"Cosmetic Safety Assessment","publisher":{"@id":"https:\/\/www.certifiedcosmetics.com\/it\/#organization"},"potentialAction":[{"@type":"SearchAction","target":{"@type":"EntryPoint","urlTemplate":"https:\/\/www.certifiedcosmetics.com\/it\/?s={search_term_string}"},"query-input":{"@type":"PropertyValueSpecification","valueRequired":true,"valueName":"search_term_string"}}],"inLanguage":"it-IT"},{"@type":"Organization","@id":"https:\/\/www.certifiedcosmetics.com\/it\/#organization","name":"Certified Cosmetics","url":"https:\/\/www.certifiedcosmetics.com\/it\/","logo":{"@type":"ImageObject","inLanguage":"it-IT","@id":"https:\/\/www.certifiedcosmetics.com\/it\/#\/schema\/logo\/image\/","url":"https:\/\/www.certifiedcosmetics.com\/wp-content\/uploads\/2024\/12\/logo_certified_cosmetics696.jpg","contentUrl":"https:\/\/www.certifiedcosmetics.com\/wp-content\/uploads\/2024\/12\/logo_certified_cosmetics696.jpg","width":696,"height":696,"caption":"Certified Cosmetics"},"image":{"@id":"https:\/\/www.certifiedcosmetics.com\/it\/#\/schema\/logo\/image\/"},"description":"Your trusted partner for cosmetic product safety reporting. We take care of updating all of your documentation, ensuring your compliance stays current even as regulations evolve. The Cosmetic Product Safety Assessment will give you everything you need to sell specific products to EU consumers.","email":"contact@certifiedcosmetics.com","telephone":"+31 36 2036384","legalName":"Certified Cosmetics","foundingDate":"2010-01-01","vatID":"NL854189543B01","numberOfEmployees":{"@type":"QuantitativeValue","minValue":"11","maxValue":"50"}}]},"product_price_amount":"1344.82","product_price_currency":"USD","og_availability":"instock","product_availability":"instock","product_retailer_item_id":"CC100021","product_condition":"new"},"_links":{"self":[{"href":"https:\/\/www.certifiedcosmetics.com\/it\/wp-json\/wp\/v2\/product\/7210","targetHints":{"allow":["GET"]}}],"collection":[{"href":"https:\/\/www.certifiedcosmetics.com\/it\/wp-json\/wp\/v2\/product"}],"about":[{"href":"https:\/\/www.certifiedcosmetics.com\/it\/wp-json\/wp\/v2\/types\/product"}],"wp:featuredmedia":[{"embeddable":true,"href":"https:\/\/www.certifiedcosmetics.com\/it\/wp-json\/wp\/v2\/media\/6554"}],"wp:attachment":[{"href":"https:\/\/www.certifiedcosmetics.com\/it\/wp-json\/wp\/v2\/media?parent=7210"}],"wp:term":[{"taxonomy":"product_brand","embeddable":true,"href":"https:\/\/www.certifiedcosmetics.com\/it\/wp-json\/wp\/v2\/product_brand?post=7210"},{"taxonomy":"product_cat","embeddable":true,"href":"https:\/\/www.certifiedcosmetics.com\/it\/wp-json\/wp\/v2\/product_cat?post=7210"},{"taxonomy":"product_tag","embeddable":true,"href":"https:\/\/www.certifiedcosmetics.com\/it\/wp-json\/wp\/v2\/product_tag?post=7210"}],"curies":[{"name":"wp","href":"https:\/\/api.w.org\/{rel}","templated":true}]}}