{"id":6798,"date":"2024-01-05T20:21:06","date_gmt":"2024-01-05T19:21:06","guid":{"rendered":"https:\/\/www.certifiedcosmetics.com\/product\/creazione-ufi-e-notifica-pcn\/"},"modified":"2025-06-05T08:25:03","modified_gmt":"2025-06-05T07:25:03","slug":"creazione-ufi-e-notifica-pcn","status":"publish","type":"product","link":"https:\/\/www.certifiedcosmetics.com\/it\/product\/notifica-pcn\/creazione-ufi-e-notifica-pcn\/","title":{"rendered":"Creazione UFI e notifica PCN"},"content":{"rendered":"<p data-start=\"85\" data-end=\"479\">Il <strong data-start=\"114\" data-end=\"142\">servizio di notifica PCN \u00e8<\/strong> pensato per aiutare le aziende a rispettare gli obblighi previsti dal <strong data-start=\"205\" data-end=\"244\">Regolamento CLP (CE) n. 1272\/2008<\/strong>. Se immetti miscele pericolose sul mercato dell&#8217;UE, sei tenuto per legge a presentare una <strong data-start=\"391\" data-end=\"427\">Notifica del Centro Antiveleni (PCN)<\/strong> e a generare un <strong data-start=\"443\" data-end=\"478\">Identificatore Unico di Formula (UFI)<\/strong>. <\/p>\n<p data-start=\"481\" data-end=\"937\">Il nostro servizio garantisce la piena conformit\u00e0 dei tuoi prodotti ai requisiti di notifica armonizzati. Gestiamo l \u201cintero processo di presentazione della PCN, dalla raccolta dei dati alla generazione dell\u201d UFI, fino alla creazione del dossier e alla presentazione tramite il portale di presentazione dell \u201cECHA. Che tu sia un\u201d azienda con sede nell \u201cUE o un\u201d azienda extra-UE che commercializza prodotti in Europa, noi semplifichiamo la conformit\u00e0 in modo che tu possa concentrarti su ci\u00f2 che sai fare meglio.  <\/p>\n<p>Il servizio di creazione di UFI e di notifica di PCN consiste in quanto segue:<\/p>\n<ul>\n<li>Creazione di un identificatore unico di formula (UFI)<\/li>\n<li>Informazioni sull&#8217;etichetta CLP del tuo prodotto<\/li>\n<li>Rapporto di notifica al Centro Antiveleni (PCN)<\/li>\n<li>Notifica al Centro Antiveleni (PCN)<\/li>\n<\/ul>\n<h2>Identificatore unico di formula (UFI)<\/h2>\n<p>L&#8217;identificatore unico di formula (UFI) \u00e8 un codice richiesto per l&#8217;etichettatura delle miscele pericolose ai sensi del regolamento CLP (Classification, Labeling, and Packaging) dell&#8217;Unione Europea. L&#8217;UFI fa parte dei nuovi requisiti di notifica dei centri antiveleni e viene utilizzato per identificare in modo univoco una miscela specifica.<\/p>\n<p>Devi creare un UFI e includerlo nell&#8217;etichetta del prodotto se stai immettendo sul mercato dell&#8217;UE una miscela pericolosa soggetta al Regolamento CLP. In genere si tratta di sostanze chimiche e miscele che soddisfano criteri specifici per essere classificate come pericolose.<\/p>\n<p>L&#8217;UFI \u00e8 obbligatorio per i prodotti che possono comportare rischi fisici o per la salute e deve essere riportato sull&#8217;etichetta per aiutare i centri antiveleni e altri operatori sanitari a fornire i consigli appropriati in caso di emergenza, come ad esempio un&#8217;esposizione accidentale.<\/p>\n<p>Se sei un produttore, un importatore o un utilizzatore a valle che immette sul mercato una miscela pericolosa, sei tenuto a generare l&#8217;UFI e a riportarlo sull&#8217;etichetta del prodotto. L&#8217;UFI \u00e8 legato alla composizione specifica della miscela e permette alle autorit\u00e0 e ai centri antiveleni di identificare rapidamente il prodotto in caso di emergenza.<\/p>\n<h2>Etichetta CLP<\/h2>\n<p>Un&#8217;etichetta CLP \u00e8 l&#8217;etichetta del tuo imballaggio conforme ai requisiti del regolamento CLP (Classification, Labeling, and Packaging) dell&#8217;Unione Europea.<\/p>\n<p>Gli elementi principali di un&#8217;etichetta CLP includono:<\/p>\n<ol>\n<li><strong>Identificatore del prodotto:<\/strong> Il nome o l&#8217;identificatore della sostanza o della miscela.<\/li>\n<li><strong>Pittogrammi di pericolo:<\/strong> Simboli grafici che indicano la natura dei pericoli posti dalla sostanza o dalla miscela. Ad esempio, i pittogrammi per le sostanze infiammabili, corrosive o tossiche.<\/li>\n<li><strong>Parole di segnalazione:<\/strong> &#8220;Pericolo&#8221; o &#8220;Attenzione&#8221; per indicare la gravit\u00e0 del pericolo.<\/li>\n<li><strong>Dichiarazioni di pericolo:<\/strong> Frasi standardizzate che descrivono la natura e il grado dei pericoli.<\/li>\n<li><strong>Dichiarazioni di precauzione:<\/strong> Informazioni su come minimizzare o prevenire gli effetti avversi.<\/li>\n<li><strong>Informazioni sul fornitore:<\/strong> Nome, indirizzo e numero di telefono del fornitore o del produttore.<\/li>\n<\/ol>\n<p>Il Regolamento CLP si allinea al Sistema Globale Armonizzato di Classificazione ed Etichettatura delle Sostanze Chimiche (GHS), garantendo la coerenza nella comunicazione dei pericoli a livello mondiale. L&#8217;etichettatura CLP \u00e8 obbligatoria per le sostanze e le miscele che soddisfano determinati criteri di classificazione come pericolose.<\/p>\n<h2>Notifica al Centro Antiveleni (PCN)<\/h2>\n<p>Una notifica PCN \u00e8 una notifica del Centro Antiveleni. Questa notifica fa parte dei requisiti normativi previsti dal regolamento CLP (Classification, Labeling, and Packaging) dell&#8217;Unione Europea. L&#8217;obiettivo \u00e8 quello di fornire informazioni sulla risposta sanitaria di emergenza ai centri antiveleni e agli operatori sanitari in caso di incidenti che coinvolgono sostanze chimiche pericolose.<\/p>\n<p>La notifica del Centro Antiveleni prevede l&#8217;invio di informazioni relative alla composizione e alla classificazione delle miscele pericolose. I produttori e gli importatori di alcune miscele pericolose sono tenuti a notificare i centri antiveleni competenti negli Stati membri dell&#8217;UE in cui il prodotto viene immesso sul mercato.<\/p>\n<p>Gli elementi chiave di una notifica del Centro Antiveleni includono:<\/p>\n<ul>\n<li>Informazioni sul prodotto: Dettagli sulla miscela chimica, compresa la sua composizione.<\/li>\n<li>Classificazione di pericolo: Informazioni sulla classificazione della miscela secondo il Regolamento CLP.<\/li>\n<li>Identificatore unico di formula (UFI): Un codice che identifica in modo univoco la miscela specifica.<\/li>\n<li>Informazioni sull&#8217;etichetta del prodotto: Dettagli rilevanti dell&#8217;etichetta del prodotto, compresi i pittogrammi di pericolo, le parole di segnalazione e i consigli di prudenza.<\/li>\n<\/ul>\n<p>Lo scopo della Notifica del Centro Antiveleni \u00e8 quello di migliorare la disponibilit\u00e0 di informazioni per i professionisti medici e i centri antiveleni in caso di emergenza, come un&#8217;esposizione o un&#8217;ingestione accidentale. Questo sistema mira a migliorare la sicurezza nella manipolazione delle sostanze chimiche e a fornire informazioni tempestive e accurate per una consulenza e un trattamento medico appropriato.<\/p>\n<h2 data-start=\"157\" data-end=\"207\">Esempi di prodotti che richiedono una notifica PCN<\/h2>\n<p data-start=\"209\" data-end=\"236\">Ecco un elenco di esempi di prodotti che richiedono una notifica PCN e UFI. Se non sei sicuro del tuo prodotto, contattaci. <\/p>\n<h4 data-start=\"209\" data-end=\"236\"><strong data-start=\"214\" data-end=\"236\">Prodotti per la casa<\/strong><\/h4>\n<ul data-start=\"237\" data-end=\"412\">\n<li data-start=\"237\" data-end=\"261\">\n<p data-start=\"239\" data-end=\"261\">Detergenti multiuso<\/p>\n<\/li>\n<li data-start=\"262\" data-end=\"285\">\n<p data-start=\"264\" data-end=\"285\">Liquidi per lavastoviglie<\/p>\n<\/li>\n<li data-start=\"286\" data-end=\"308\">\n<p data-start=\"288\" data-end=\"308\">Detersivi per il bucato<\/p>\n<\/li>\n<li data-start=\"309\" data-end=\"347\">\n<p data-start=\"311\" data-end=\"347\">Disincrostanti e detergenti per WC<\/p>\n<\/li>\n<li data-start=\"348\" data-end=\"394\">\n<p data-start=\"350\" data-end=\"394\">Deodoranti per ambienti (liquidi, spray, plug-in)<\/p>\n<\/li>\n<li data-start=\"395\" data-end=\"412\">\n<p data-start=\"397\" data-end=\"412\">Apriscatole<\/p>\n<\/li>\n<li data-start=\"309\" data-end=\"347\">\n<p data-start=\"311\" data-end=\"347\">Candele<\/p>\n<\/li>\n<li data-start=\"348\" data-end=\"394\">\n<p data-start=\"350\" data-end=\"394\">Preghiere a domicilio<\/p>\n<\/li>\n<li data-start=\"395\" data-end=\"412\">\n<p data-start=\"397\" data-end=\"412\">Linnensprays<\/p>\n<\/li>\n<li data-start=\"395\" data-end=\"412\">Diffusori<\/li>\n<\/ul>\n<h4 data-start=\"414\" data-end=\"441\"><strong data-start=\"419\" data-end=\"441\">Fai da te e costruzioni<\/strong><\/h4>\n<ul data-start=\"442\" data-end=\"592\">\n<li data-start=\"442\" data-end=\"471\">\n<p data-start=\"444\" data-end=\"471\">Pitture e vernici per pareti<\/p>\n<\/li>\n<li data-start=\"472\" data-end=\"494\">\n<p data-start=\"474\" data-end=\"494\">Conservanti per il legno<\/p>\n<\/li>\n<li data-start=\"495\" data-end=\"521\">\n<p data-start=\"497\" data-end=\"521\">Adesivi e sigillanti<\/p>\n<\/li>\n<li data-start=\"522\" data-end=\"548\">\n<p data-start=\"524\" data-end=\"548\">Stucchi e riempitivi per piastrelle<\/p>\n<\/li>\n<li data-start=\"549\" data-end=\"574\">\n<p data-start=\"551\" data-end=\"574\">Isolamento con schiuma spray<\/p>\n<\/li>\n<li data-start=\"575\" data-end=\"592\">\n<p data-start=\"577\" data-end=\"592\">Rimuovi ruggine<\/p>\n<\/li>\n<\/ul>\n<h4 data-start=\"594\" data-end=\"622\"><strong data-start=\"599\" data-end=\"622\">Prodotti per l&#8217;industria automobilistica<\/strong><\/h4>\n<ul data-start=\"623\" data-end=\"748\">\n<li data-start=\"623\" data-end=\"656\">\n<p data-start=\"625\" data-end=\"656\">Additivi per olio motore e carburante<\/p>\n<\/li>\n<li data-start=\"657\" data-end=\"672\">\n<p data-start=\"659\" data-end=\"672\">Liquido dei freni<\/p>\n<\/li>\n<li data-start=\"673\" data-end=\"696\">\n<p data-start=\"675\" data-end=\"696\">Antigelo\/refrigeranti<\/p>\n<\/li>\n<li data-start=\"697\" data-end=\"719\">\n<p data-start=\"699\" data-end=\"719\">Cera e lucidante per auto<\/p>\n<\/li>\n<li data-start=\"720\" data-end=\"748\">\n<p data-start=\"722\" data-end=\"748\">Liquidi per il lavaggio del parabrezza<\/p>\n<\/li>\n<\/ul>\n<h4 data-start=\"750\" data-end=\"807\"><strong data-start=\"755\" data-end=\"807\">Prodotti cosmetici e per la cura della persona (se pericolosi)<\/strong><\/h4>\n<ul data-start=\"808\" data-end=\"963\">\n<li data-start=\"808\" data-end=\"844\">\n<p data-start=\"810\" data-end=\"844\">Tinture per capelli e prodotti decoloranti<\/p>\n<\/li>\n<li data-start=\"845\" data-end=\"881\">\n<p data-start=\"847\" data-end=\"881\">Rimuovi smalto per unghie con acetone<\/p>\n<\/li>\n<li data-start=\"882\" data-end=\"923\">\n<p data-start=\"884\" data-end=\"923\">Kit di raddrizzamento e onde permanenti<\/p>\n<\/li>\n<li data-start=\"924\" data-end=\"963\">\n<p data-start=\"926\" data-end=\"963\">Miscele di oli essenziali (con rischi)<\/p>\n<\/li>\n<\/ul>\n<h4 data-start=\"965\" data-end=\"1012\"><strong data-start=\"970\" data-end=\"1012\">Prodotti per uso industriale e professionale<\/strong><\/h4>\n<ul data-start=\"1013\" data-end=\"1171\">\n<li data-start=\"1013\" data-end=\"1043\">\n<p data-start=\"1015\" data-end=\"1043\">Agenti di pulizia industriale<\/p>\n<\/li>\n<li data-start=\"1044\" data-end=\"1071\">\n<p data-start=\"1046\" data-end=\"1071\">Sgrassatori e solventi<\/p>\n<\/li>\n<li data-start=\"1072\" data-end=\"1101\">\n<p data-start=\"1074\" data-end=\"1101\">Soluzioni per il trattamento dei metalli<\/p>\n<\/li>\n<li data-start=\"1102\" data-end=\"1130\">\n<p data-start=\"1104\" data-end=\"1130\">Inchiostri e toner per la stampa<\/p>\n<\/li>\n<li data-start=\"1131\" data-end=\"1171\">\n<p data-start=\"1133\" data-end=\"1171\">Lubrificanti con componenti pericolosi<\/p>\n<\/li>\n<\/ul>\n<h4 data-start=\"1173\" data-end=\"1203\"><strong data-start=\"1178\" data-end=\"1203\">Pesticidi e biocidi<\/strong><\/h4>\n<ul data-start=\"1204\" data-end=\"1320\">\n<li data-start=\"1204\" data-end=\"1236\">\n<p data-start=\"1206\" data-end=\"1236\">Disinfettanti e igienizzanti<\/p>\n<\/li>\n<li data-start=\"1237\" data-end=\"1275\">\n<p data-start=\"1239\" data-end=\"1275\">Insetticidi (spray, gel, trappole)<\/p>\n<\/li>\n<li data-start=\"1276\" data-end=\"1292\">\n<p data-start=\"1278\" data-end=\"1292\">Rodenticidi<\/p>\n<\/li>\n<li data-start=\"1293\" data-end=\"1320\">\n<p data-start=\"1295\" data-end=\"1320\">Rimuovi muffa e alghe<\/p>\n<\/li>\n<\/ul>\n<p data-start=\"1327\" data-end=\"1515\">Se uno di questi prodotti \u00e8 classificato come pericoloso (ad esempio per infiammabilit\u00e0, tossicit\u00e0 o rischi per l \u201cambiente), \u00e8 <strong data-start=\"1446\" data-end=\"1514\">obbligatorio presentare<\/strong> un <strong data-start=\"1446\" data-end=\"1514\">PCN prima di immetterlo sul mercato dell\u201d UE<\/strong>.<\/p>\n","protected":false},"excerpt":{"rendered":"<p>Il servizio di notifica PCN \u00e8 pensato per aiutare le aziende a rispettare gli obblighi previsti dal Regolamento CLP (CE) n. 1272\/2008. Se immetti miscele pericolose sul mercato dell&#8217;UE, sei tenuto per legge a presentare una Notifica del Centro Antiveleni (PCN) e a generare un Identificatore Unico di Formula (UFI). Il nostro servizio garantisce la&#8230;<\/p>\n","protected":false},"featured_media":6579,"template":"","meta":[],"product_brand":[],"product_cat":[405],"product_tag":[],"class_list":{"0":"post-6798","1":"product","2":"type-product","3":"status-publish","4":"has-post-thumbnail","6":"product_cat-notifica-pcn","8":"first","9":"instock","10":"virtual","11":"taxable","12":"purchasable","13":"product-type-simple"},"bundled_by":[],"bundle_stock_status":"instock","bundle_stock_quantity":null,"bundle_virtual":false,"bundle_layout":"","bundle_add_to_cart_form_location":"","bundle_editable_in_cart":false,"bundle_sold_individually_context":"","bundle_item_grouping":"","bundle_min_size":"","bundle_max_size":"","bundle_price":[],"bundled_items":[],"bundle_sell_ids":[],"yoast_head":"<!-- This site is optimized with the Yoast SEO Premium plugin v25.4 (Yoast SEO v25.4) - https:\/\/yoast.com\/wordpress\/plugins\/seo\/ -->\n<title>Creazione UFI e notifica PCN - Certified Cosmetics<\/title>\n<meta name=\"description\" content=\"Gestiamo l&#039;intero processo di presentazione del PCN, dalla raccolta dei dati e la generazione dell&#039;UFI alla creazione del dossier e alla presentazione tramite il portale di presentazione dell&#039;ECHA.\" \/>\n<meta name=\"robots\" content=\"index, follow, max-snippet:-1, max-image-preview:large, max-video-preview:-1\" \/>\n<link rel=\"canonical\" href=\"https:\/\/www.certifiedcosmetics.com\/it\/product\/notifica-pcn\/creazione-ufi-e-notifica-pcn\/\" \/>\n<meta property=\"og:locale\" content=\"it_IT\" \/>\n<meta property=\"og:type\" content=\"article\" \/>\n<meta property=\"og:title\" content=\"Creazione UFI e notifica PCN\" \/>\n<meta property=\"og:description\" content=\"Gestiamo l&#039;intero processo di presentazione del PCN, dalla raccolta dei dati e la generazione dell&#039;UFI alla creazione del dossier e alla presentazione tramite il portale di presentazione dell&#039;ECHA.\" \/>\n<meta property=\"og:url\" content=\"https:\/\/www.certifiedcosmetics.com\/it\/product\/notifica-pcn\/creazione-ufi-e-notifica-pcn\/\" \/>\n<meta property=\"og:site_name\" content=\"Certified Cosmetics\" \/>\n<meta property=\"article:modified_time\" content=\"2025-06-05T07:25:03+00:00\" \/>\n<meta property=\"og:image\" content=\"https:\/\/www.certifiedcosmetics.com\/wp-content\/uploads\/2023\/11\/pif.jpg\" \/>\n\t<meta property=\"og:image:width\" content=\"800\" \/>\n\t<meta property=\"og:image:height\" content=\"800\" \/>\n\t<meta property=\"og:image:type\" content=\"image\/jpeg\" \/>\n<meta name=\"twitter:card\" content=\"summary_large_image\" \/>\n<meta name=\"twitter:label1\" content=\"Prezzo\" \/>\n\t<meta name=\"twitter:data1\" content=\"&#036;88.27\" \/>\n\t<meta name=\"twitter:label2\" content=\"Disponibilit\u00e0\" \/>\n\t<meta name=\"twitter:data2\" content=\"In stock\" \/>\n<script type=\"application\/ld+json\" class=\"yoast-schema-graph\">{\"@context\":\"https:\/\/schema.org\",\"@graph\":[{\"@type\":\"WebPage\",\"@id\":\"https:\/\/www.certifiedcosmetics.com\/it\/product\/notifica-pcn\/creazione-ufi-e-notifica-pcn\/\",\"url\":\"https:\/\/www.certifiedcosmetics.com\/it\/product\/notifica-pcn\/creazione-ufi-e-notifica-pcn\/\",\"name\":\"Creazione UFI e notifica PCN - Certified Cosmetics\",\"isPartOf\":{\"@id\":\"https:\/\/www.certifiedcosmetics.com\/it\/#website\"},\"primaryImageOfPage\":{\"@id\":\"https:\/\/www.certifiedcosmetics.com\/it\/product\/notifica-pcn\/creazione-ufi-e-notifica-pcn\/#primaryimage\"},\"image\":{\"@id\":\"https:\/\/www.certifiedcosmetics.com\/it\/product\/notifica-pcn\/creazione-ufi-e-notifica-pcn\/#primaryimage\"},\"thumbnailUrl\":\"https:\/\/www.certifiedcosmetics.com\/wp-content\/uploads\/2023\/11\/pif.jpg\",\"datePublished\":\"2024-01-05T19:21:06+00:00\",\"dateModified\":\"2025-06-05T07:25:03+00:00\",\"description\":\"Gestiamo l'intero processo di presentazione del PCN, dalla raccolta dei dati e la generazione dell'UFI alla creazione del dossier e alla presentazione tramite il portale di presentazione dell'ECHA.\",\"breadcrumb\":{\"@id\":\"https:\/\/www.certifiedcosmetics.com\/it\/product\/notifica-pcn\/creazione-ufi-e-notifica-pcn\/#breadcrumb\"},\"inLanguage\":\"it-IT\",\"potentialAction\":[{\"@type\":\"ReadAction\",\"target\":[\"https:\/\/www.certifiedcosmetics.com\/it\/product\/notifica-pcn\/creazione-ufi-e-notifica-pcn\/\"]}]},{\"@type\":\"ImageObject\",\"inLanguage\":\"it-IT\",\"@id\":\"https:\/\/www.certifiedcosmetics.com\/it\/product\/notifica-pcn\/creazione-ufi-e-notifica-pcn\/#primaryimage\",\"url\":\"https:\/\/www.certifiedcosmetics.com\/wp-content\/uploads\/2023\/11\/pif.jpg\",\"contentUrl\":\"https:\/\/www.certifiedcosmetics.com\/wp-content\/uploads\/2023\/11\/pif.jpg\",\"width\":800,\"height\":800},{\"@type\":\"BreadcrumbList\",\"@id\":\"https:\/\/www.certifiedcosmetics.com\/it\/product\/notifica-pcn\/creazione-ufi-e-notifica-pcn\/#breadcrumb\",\"itemListElement\":[{\"@type\":\"ListItem\",\"position\":1,\"name\":\"Home\",\"item\":\"https:\/\/www.certifiedcosmetics.com\/it\/\"},{\"@type\":\"ListItem\",\"position\":2,\"name\":\"Negozio\",\"item\":\"https:\/\/www.certifiedcosmetics.com\/it\/negozio\/\"},{\"@type\":\"ListItem\",\"position\":3,\"name\":\"Creazione UFI e notifica PCN\"}]},{\"@type\":\"WebSite\",\"@id\":\"https:\/\/www.certifiedcosmetics.com\/it\/#website\",\"url\":\"https:\/\/www.certifiedcosmetics.com\/it\/\",\"name\":\"Certified Cosmetics\",\"description\":\"Cosmetic Safety Assessment\",\"publisher\":{\"@id\":\"https:\/\/www.certifiedcosmetics.com\/it\/#organization\"},\"potentialAction\":[{\"@type\":\"SearchAction\",\"target\":{\"@type\":\"EntryPoint\",\"urlTemplate\":\"https:\/\/www.certifiedcosmetics.com\/it\/?s={search_term_string}\"},\"query-input\":{\"@type\":\"PropertyValueSpecification\",\"valueRequired\":true,\"valueName\":\"search_term_string\"}}],\"inLanguage\":\"it-IT\"},{\"@type\":\"Organization\",\"@id\":\"https:\/\/www.certifiedcosmetics.com\/it\/#organization\",\"name\":\"Certified Cosmetics\",\"url\":\"https:\/\/www.certifiedcosmetics.com\/it\/\",\"logo\":{\"@type\":\"ImageObject\",\"inLanguage\":\"it-IT\",\"@id\":\"https:\/\/www.certifiedcosmetics.com\/it\/#\/schema\/logo\/image\/\",\"url\":\"https:\/\/www.certifiedcosmetics.com\/wp-content\/uploads\/2024\/12\/logo_certified_cosmetics696.jpg\",\"contentUrl\":\"https:\/\/www.certifiedcosmetics.com\/wp-content\/uploads\/2024\/12\/logo_certified_cosmetics696.jpg\",\"width\":696,\"height\":696,\"caption\":\"Certified Cosmetics\"},\"image\":{\"@id\":\"https:\/\/www.certifiedcosmetics.com\/it\/#\/schema\/logo\/image\/\"},\"description\":\"Your trusted partner for cosmetic product safety reporting. We take care of updating all of your documentation, ensuring your compliance stays current even as regulations evolve. The Cosmetic Product Safety Assessment will give you everything you need to sell specific products to EU consumers.\",\"email\":\"contact@certifiedcosmetics.com\",\"telephone\":\"+31 36 2036384\",\"legalName\":\"Certified Cosmetics\",\"foundingDate\":\"2010-01-01\",\"vatID\":\"NL854189543B01\",\"numberOfEmployees\":{\"@type\":\"QuantitativeValue\",\"minValue\":\"11\",\"maxValue\":\"50\"}}]}<\/script>\n<meta property=\"product:price:amount\" content=\"88.27\" \/>\n<meta property=\"product:price:currency\" content=\"USD\" \/>\n<meta property=\"og:availability\" content=\"instock\" \/>\n<meta property=\"product:availability\" content=\"instock\" \/>\n<meta property=\"product:condition\" content=\"new\" \/>\n<!-- \/ Yoast SEO Premium plugin. -->","yoast_head_json":{"title":"Creazione UFI e notifica PCN - Certified Cosmetics","description":"Gestiamo l'intero processo di presentazione del PCN, dalla raccolta dei dati e la generazione dell'UFI alla creazione del dossier e alla presentazione tramite il portale di presentazione dell'ECHA.","robots":{"index":"index","follow":"follow","max-snippet":"max-snippet:-1","max-image-preview":"max-image-preview:large","max-video-preview":"max-video-preview:-1"},"canonical":"https:\/\/www.certifiedcosmetics.com\/it\/product\/notifica-pcn\/creazione-ufi-e-notifica-pcn\/","og_locale":"it_IT","og_type":"article","og_title":"Creazione UFI e notifica PCN","og_description":"Gestiamo l'intero processo di presentazione del PCN, dalla raccolta dei dati e la generazione dell'UFI alla creazione del dossier e alla presentazione tramite il portale di presentazione dell'ECHA.","og_url":"https:\/\/www.certifiedcosmetics.com\/it\/product\/notifica-pcn\/creazione-ufi-e-notifica-pcn\/","og_site_name":"Certified Cosmetics","article_modified_time":"2025-06-05T07:25:03+00:00","og_image":[{"width":800,"height":800,"url":"https:\/\/www.certifiedcosmetics.com\/wp-content\/uploads\/2023\/11\/pif.jpg","type":"image\/jpeg"}],"twitter_card":"summary_large_image","twitter_misc":{"Prezzo":"&#36;88.27","Disponibilit\u00e0":"In stock"},"schema":{"@context":"https:\/\/schema.org","@graph":[{"@type":"WebPage","@id":"https:\/\/www.certifiedcosmetics.com\/it\/product\/notifica-pcn\/creazione-ufi-e-notifica-pcn\/","url":"https:\/\/www.certifiedcosmetics.com\/it\/product\/notifica-pcn\/creazione-ufi-e-notifica-pcn\/","name":"Creazione UFI e notifica PCN - Certified Cosmetics","isPartOf":{"@id":"https:\/\/www.certifiedcosmetics.com\/it\/#website"},"primaryImageOfPage":{"@id":"https:\/\/www.certifiedcosmetics.com\/it\/product\/notifica-pcn\/creazione-ufi-e-notifica-pcn\/#primaryimage"},"image":{"@id":"https:\/\/www.certifiedcosmetics.com\/it\/product\/notifica-pcn\/creazione-ufi-e-notifica-pcn\/#primaryimage"},"thumbnailUrl":"https:\/\/www.certifiedcosmetics.com\/wp-content\/uploads\/2023\/11\/pif.jpg","datePublished":"2024-01-05T19:21:06+00:00","dateModified":"2025-06-05T07:25:03+00:00","description":"Gestiamo l'intero processo di presentazione del PCN, dalla raccolta dei dati e la generazione dell'UFI alla creazione del dossier e alla presentazione tramite il portale di presentazione dell'ECHA.","breadcrumb":{"@id":"https:\/\/www.certifiedcosmetics.com\/it\/product\/notifica-pcn\/creazione-ufi-e-notifica-pcn\/#breadcrumb"},"inLanguage":"it-IT","potentialAction":[{"@type":"ReadAction","target":["https:\/\/www.certifiedcosmetics.com\/it\/product\/notifica-pcn\/creazione-ufi-e-notifica-pcn\/"]}]},{"@type":"ImageObject","inLanguage":"it-IT","@id":"https:\/\/www.certifiedcosmetics.com\/it\/product\/notifica-pcn\/creazione-ufi-e-notifica-pcn\/#primaryimage","url":"https:\/\/www.certifiedcosmetics.com\/wp-content\/uploads\/2023\/11\/pif.jpg","contentUrl":"https:\/\/www.certifiedcosmetics.com\/wp-content\/uploads\/2023\/11\/pif.jpg","width":800,"height":800},{"@type":"BreadcrumbList","@id":"https:\/\/www.certifiedcosmetics.com\/it\/product\/notifica-pcn\/creazione-ufi-e-notifica-pcn\/#breadcrumb","itemListElement":[{"@type":"ListItem","position":1,"name":"Home","item":"https:\/\/www.certifiedcosmetics.com\/it\/"},{"@type":"ListItem","position":2,"name":"Negozio","item":"https:\/\/www.certifiedcosmetics.com\/it\/negozio\/"},{"@type":"ListItem","position":3,"name":"Creazione UFI e notifica PCN"}]},{"@type":"WebSite","@id":"https:\/\/www.certifiedcosmetics.com\/it\/#website","url":"https:\/\/www.certifiedcosmetics.com\/it\/","name":"Certified Cosmetics","description":"Cosmetic Safety Assessment","publisher":{"@id":"https:\/\/www.certifiedcosmetics.com\/it\/#organization"},"potentialAction":[{"@type":"SearchAction","target":{"@type":"EntryPoint","urlTemplate":"https:\/\/www.certifiedcosmetics.com\/it\/?s={search_term_string}"},"query-input":{"@type":"PropertyValueSpecification","valueRequired":true,"valueName":"search_term_string"}}],"inLanguage":"it-IT"},{"@type":"Organization","@id":"https:\/\/www.certifiedcosmetics.com\/it\/#organization","name":"Certified Cosmetics","url":"https:\/\/www.certifiedcosmetics.com\/it\/","logo":{"@type":"ImageObject","inLanguage":"it-IT","@id":"https:\/\/www.certifiedcosmetics.com\/it\/#\/schema\/logo\/image\/","url":"https:\/\/www.certifiedcosmetics.com\/wp-content\/uploads\/2024\/12\/logo_certified_cosmetics696.jpg","contentUrl":"https:\/\/www.certifiedcosmetics.com\/wp-content\/uploads\/2024\/12\/logo_certified_cosmetics696.jpg","width":696,"height":696,"caption":"Certified Cosmetics"},"image":{"@id":"https:\/\/www.certifiedcosmetics.com\/it\/#\/schema\/logo\/image\/"},"description":"Your trusted partner for cosmetic product safety reporting. We take care of updating all of your documentation, ensuring your compliance stays current even as regulations evolve. The Cosmetic Product Safety Assessment will give you everything you need to sell specific products to EU consumers.","email":"contact@certifiedcosmetics.com","telephone":"+31 36 2036384","legalName":"Certified Cosmetics","foundingDate":"2010-01-01","vatID":"NL854189543B01","numberOfEmployees":{"@type":"QuantitativeValue","minValue":"11","maxValue":"50"}}]},"product_price_amount":"88.27","product_price_currency":"USD","og_availability":"instock","product_availability":"instock","product_condition":"new"},"_links":{"self":[{"href":"https:\/\/www.certifiedcosmetics.com\/it\/wp-json\/wp\/v2\/product\/6798","targetHints":{"allow":["GET"]}}],"collection":[{"href":"https:\/\/www.certifiedcosmetics.com\/it\/wp-json\/wp\/v2\/product"}],"about":[{"href":"https:\/\/www.certifiedcosmetics.com\/it\/wp-json\/wp\/v2\/types\/product"}],"wp:featuredmedia":[{"embeddable":true,"href":"https:\/\/www.certifiedcosmetics.com\/it\/wp-json\/wp\/v2\/media\/6579"}],"wp:attachment":[{"href":"https:\/\/www.certifiedcosmetics.com\/it\/wp-json\/wp\/v2\/media?parent=6798"}],"wp:term":[{"taxonomy":"product_brand","embeddable":true,"href":"https:\/\/www.certifiedcosmetics.com\/it\/wp-json\/wp\/v2\/product_brand?post=6798"},{"taxonomy":"product_cat","embeddable":true,"href":"https:\/\/www.certifiedcosmetics.com\/it\/wp-json\/wp\/v2\/product_cat?post=6798"},{"taxonomy":"product_tag","embeddable":true,"href":"https:\/\/www.certifiedcosmetics.com\/it\/wp-json\/wp\/v2\/product_tag?post=6798"}],"curies":[{"name":"wp","href":"https:\/\/api.w.org\/{rel}","templated":true}]}}