{"id":16047,"date":"2026-03-31T17:47:40","date_gmt":"2026-03-31T16:47:40","guid":{"rendered":"https:\/\/www.certifiedcosmetics.com\/product\/senza-categoria\/test-cosmetici-in-uso-bambini-di-eta-inferiore-ai-3-anni\/"},"modified":"2026-03-31T17:47:40","modified_gmt":"2026-03-31T16:47:40","slug":"test-cosmetici-in-uso-bambini-di-eta-inferiore-ai-3-anni","status":"publish","type":"product","link":"https:\/\/www.certifiedcosmetics.com\/it\/product\/test-di-efficacia\/test-cutanei\/test-cosmetici-in-uso-bambini-di-eta-inferiore-ai-3-anni\/","title":{"rendered":"Test cosmetici in uso Bambini di et\u00e0 inferiore ai 3 anni"},"content":{"rendered":"<p data-start=\"54\" data-end=\"381\">Garantire la sicurezza dei prodotti cosmetici per neonati e bambini richiede un livello superiore di attenzione, precisione e consapevolezza normativa. Il nostro <strong data-start=\"194\" data-end=\"249\">test cosmetico in uso per bambini di et\u00e0 inferiore ai 3 anni<\/strong> \u00e8 specificamente progettato per valutare le prestazioni del tuo prodotto in condizioni reali quando viene utilizzato da questo gruppo target sensibile. <\/p>\n<h2 data-section-id=\"jhddl6\" data-start=\"388\" data-end=\"420\">Valutazione del prodotto nella vita reale<\/h2>\n<p data-start=\"422\" data-end=\"782\">Questo test di utilizzo prolungato fornisce preziose informazioni sul comportamento del tuo prodotto durante l&#8217;uso regolare e ripetuto per un periodo di tempo definito. Invece di basarsi esclusivamente su valutazioni teoriche o di laboratorio, questo studio si concentra sull&#8217;<strong data-start=\"662\" data-end=\"692\">esperienza reale del consumatore<\/strong>, aiutando a identificare qualsiasi potenziale problema legato alla tolleranza, all&#8217;irritazione o all&#8217;usabilit\u00e0. <\/p>\n<h2 data-start=\"541\" data-end=\"568\">Che cos&#8217;\u00e8 il test d&#8217;uso?<\/h2>\n<p data-start=\"570\" data-end=\"796\">Il test in uso prevede che un gruppo di volontari utilizzi il tuo prodotto cosmetico per un periodo definito, tipicamente tra i 7 e i 28 giorni, nella loro normale routine quotidiana. I partecipanti forniscono un feedback strutturato su vari aspetti quali: <\/p>\n<ul data-start=\"798\" data-end=\"1056\">\n<li data-start=\"798\" data-end=\"820\">\n<p data-start=\"800\" data-end=\"820\">Compatibilit\u00e0 con la pelle<\/p>\n<\/li>\n<li data-start=\"821\" data-end=\"849\">\n<p data-start=\"823\" data-end=\"849\">Texture e sensazione sensoriale<\/p>\n<\/li>\n<li data-start=\"850\" data-end=\"873\">\n<p data-start=\"852\" data-end=\"873\">Facilit\u00e0 di applicazione<\/p>\n<\/li>\n<li data-start=\"874\" data-end=\"911\">\n<p data-start=\"876\" data-end=\"911\">Profumo e esperienza complessiva dell&#8217;utente<\/p>\n<\/li>\n<li data-start=\"912\" data-end=\"945\">\n<p data-start=\"914\" data-end=\"945\">Effetti idratanti o lenitivi<\/p>\n<\/li>\n<li data-start=\"946\" data-end=\"1003\">\n<p data-start=\"948\" data-end=\"1003\">Miglioramenti percepiti (ad esempio, una pelle pi\u00f9 morbida o liscia)<\/p>\n<\/li>\n<\/ul>\n<h2 data-section-id=\"1jm8nb6\" data-start=\"789\" data-end=\"804\">Design del test<\/h2>\n<ul data-start=\"806\" data-end=\"1161\">\n<li data-section-id=\"jyl2it\" data-start=\"806\" data-end=\"952\"><strong data-start=\"808\" data-end=\"825\">15 volontari<\/strong> partecipano allo studio\n<ul data-start=\"855\" data-end=\"952\">\n<li data-section-id=\"1c0xicx\" data-start=\"855\" data-end=\"888\">Bambini sotto i 3 anni***<\/li>\n<li data-section-id=\"ugbeh2\" data-start=\"891\" data-end=\"952\">Adulti con pelle sensibile (valutazione di sicurezza di supporto)<\/li>\n<\/ul>\n<\/li>\n<li data-section-id=\"imznkf\" data-start=\"953\" data-end=\"1022\"><strong data-start=\"955\" data-end=\"986\">Applicazione regolare del prodotto<\/strong> per un numero predefinito di settimane<\/li>\n<li data-section-id=\"1h8clin\" data-start=\"1023\" data-end=\"1080\"><strong data-start=\"1025\" data-end=\"1050\">Monitoraggio continuo<\/strong> per tutto il periodo dello studio<\/li>\n<li data-section-id=\"1bgl6x\" data-start=\"1081\" data-end=\"1161\"><strong data-start=\"1083\" data-end=\"1117\">Raccolta di feedback strutturati<\/strong> sulla tolleranza cutanea e sulle prestazioni del prodotto<\/li>\n<\/ul>\n<h2 data-section-id=\"1dt6g20\" data-start=\"1168\" data-end=\"1191\">Supervisione<\/h2>\n<p data-start=\"1193\" data-end=\"1338\">La sicurezza \u00e8 la nostra massima priorit\u00e0, soprattutto per i prodotti destinati ai bambini pi\u00f9 piccoli. Questo test viene condotto sotto una rigorosa supervisione professionale: <\/p>\n<ul data-start=\"1340\" data-end=\"1570\">\n<li data-section-id=\"9jpbdx\" data-start=\"1340\" data-end=\"1458\">La <strong>supervisione pediatrica<\/strong> assicura che tutte le osservazioni relative alla pelle dei neonati e dei bambini siano valutate dal punto di vista medico.<\/li>\n<li data-section-id=\"7ut2rf\" data-start=\"1459\" data-end=\"1570\">La <strong data-start=\"1461\" data-end=\"1491\">supervisione dermatologica<\/strong> garantisce una valutazione esperta delle reazioni cutanee, della compatibilit\u00e0 e della tolleranza.<\/li>\n<\/ul>\n<h2 data-section-id=\"ycgkk5\" data-start=\"1577\" data-end=\"1593\">Vantaggi principali<\/h2>\n<ul data-start=\"1595\" data-end=\"1927\">\n<li data-section-id=\"18m2i5t\" data-start=\"1595\" data-end=\"1657\">Convalida la sicurezza del prodotto per i <strong data-start=\"1625\" data-end=\"1655\">bambini di et\u00e0 inferiore ai 3 anni<\/strong><\/li>\n<li data-section-id=\"1wz7tq5\" data-start=\"1658\" data-end=\"1723\">Supporta il <strong data-start=\"1668\" data-end=\"1702\">CPSR e la conformit\u00e0 alle normative<\/strong> con dati di uso reale<\/li>\n<li data-section-id=\"13a542\" data-start=\"1724\" data-end=\"1793\">Dimostrare che <strong data-start=\"1739\" data-end=\"1772\">&#8220;\u00e8 adatto a pelli sensibili&#8221;<\/strong> e simili.<\/li>\n<li data-section-id=\"1506kux\" data-start=\"1794\" data-end=\"1862\">Identificare i potenziali rischi di irritazione nelle fasi iniziali dello sviluppo del prodotto<\/li>\n<li data-section-id=\"1ufycmm\" data-start=\"1863\" data-end=\"1927\">Rafforzare la fiducia dei consumatori con test clinicamente supervisionati<\/li>\n<\/ul>\n<h2 data-start=\"1203\" data-end=\"1241\">I test in uso possono supportare le affermazioni?<\/h2>\n<p data-start=\"1243\" data-end=\"1335\">S\u00ec, i test d&#8217;uso sono ampiamente utilizzati per <strong data-start=\"1281\" data-end=\"1325\">supportare le indicazioni basate sulla percezione dei consumatori. <\/strong>Poich\u00e9 rispecchiano l&#8217;<strong data-start=\"214\" data-end=\"247\">esperienza reale dei consumatori<\/strong>, i test in uso sono ideali per avvalorare le affermazioni:<\/p>\n<h3 data-start=\"193\" data-end=\"291\">1. Indicazioni sulle prestazioni e sulla percezione<\/h3>\n<p>Ecco alcuni esempi:<\/p>\n<ul data-start=\"332\" data-end=\"429\">\n<li data-section-id=\"1sy8a61\" data-start=\"332\" data-end=\"363\">&#8220;Lascia la pelle morbida e liscia&#8221;<\/li>\n<li data-section-id=\"n0fj9\" data-start=\"364\" data-end=\"391\">&#8220;Migliora l&#8217;idratazione della pelle&#8221;<\/li>\n<li data-section-id=\"uk6z0h\" data-start=\"392\" data-end=\"411\">&#8220;Piacevole da usare&#8221;<\/li>\n<li data-section-id=\"mu99e0\" data-start=\"412\" data-end=\"429\">&#8220;Facile da applicare&#8221;<\/li>\n<\/ul>\n<h3 data-section-id=\"4x8iqq\" data-start=\"500\" data-end=\"539\">2. Tolleranza e compatibilit\u00e0<\/h3>\n<p>Ecco alcuni esempi:<\/p>\n<ul data-start=\"540\" data-end=\"637\">\n<li data-section-id=\"130hcz3\" data-start=\"540\" data-end=\"558\">&#8220;Ben tollerato&#8221;<\/li>\n<li data-section-id=\"w0qdqo\" data-start=\"559\" data-end=\"590\">&#8220;Adatto alla pelle sensibile&#8221;<\/li>\n<li data-section-id=\"1cgxxfq\" data-start=\"591\" data-end=\"609\">&#8220;Delicato sulla pelle&#8221;<\/li>\n<li data-section-id=\"14jyeb0\" data-start=\"610\" data-end=\"637\">&#8220;Dermatologicamente testato&#8221;<\/li>\n<\/ul>\n<h3 data-section-id=\"w0hu2i\" data-start=\"717\" data-end=\"773\">3. Rivendicazioni del gruppo target<\/h3>\n<p>Ecco alcuni esempi:<\/p>\n<ul data-start=\"774\" data-end=\"868\">\n<li data-section-id=\"10olouv\" data-start=\"774\" data-end=\"813\">&#8220;Adatto ai bambini sotto i 3 anni&#8221;<\/li>\n<li data-section-id=\"vkcpgs\" data-start=\"814\" data-end=\"842\">&#8220;Testato sulla pelle sensibile&#8221;<\/li>\n<li data-section-id=\"1a15a3d\" data-start=\"843\" data-end=\"868\">&#8220;Supervisione pediatrica&#8221;<\/li>\n<\/ul>\n<h3 data-section-id=\"7okltn\" data-start=\"965\" data-end=\"994\">4. Richieste di utilizzo nel tempo<\/h3>\n<p>Ecco alcuni esempi:<\/p>\n<ul data-start=\"995\" data-end=\"1074\">\n<li data-section-id=\"8nor0d\" data-start=\"995\" data-end=\"1029\">&#8220;Efficace dopo X settimane di utilizzo&#8221;<\/li>\n<li data-section-id=\"5u7yhj\" data-start=\"1030\" data-end=\"1074\">&#8220;Migliora le condizioni della pelle con l&#8217;uso regolare&#8221;<\/li>\n<\/ul>\n<h2 data-section-id=\"1qmgibc\" data-start=\"1934\" data-end=\"1947\">Ideale per<\/h2>\n<ul data-start=\"1949\" data-end=\"2157\">\n<li data-section-id=\"1k8a8k6\" data-start=\"1949\" data-end=\"2002\">Prodotti per la cura del bambino (creme, lozioni, salviette, oli)<\/li>\n<li data-section-id=\"1d16gax\" data-start=\"2003\" data-end=\"2034\">Detergenti e shampoo delicati<\/li>\n<li data-section-id=\"1nmmq9b\" data-start=\"2035\" data-end=\"2098\">Prodotti commercializzati come <strong data-start=\"2058\" data-end=\"2076\">ipoallergenici<\/strong> o <strong data-start=\"2080\" data-end=\"2096\">extra-delicati<\/strong><\/li>\n<li data-section-id=\"1affwom\" data-start=\"2099\" data-end=\"2157\">Formulazioni destinate a <strong data-start=\"2127\" data-end=\"2157\">pelli sensibili o delicate<\/strong><\/li>\n<\/ul>\n<h2 data-section-id=\"1gk3f77\" data-start=\"2164\" data-end=\"2208\">Dati affidabili per un ingresso sicuro nel mercato<\/h2>\n<p data-start=\"2210\" data-end=\"2493\">Combinando condizioni d&#8217;uso reali con la supervisione di un medico professionista, questo test in uso fornisce dati solidi e credibili. Aiuta a garantire che il tuo prodotto non solo sia conforme alle normative cosmetiche dell&#8217;UE, ma anche che sia veramente sicuro e ben tollerato dagli utenti pi\u00f9 vulnerabili. <\/p>\n","protected":false},"excerpt":{"rendered":"<p>Garantire la sicurezza dei prodotti cosmetici per neonati e bambini richiede un livello superiore di attenzione, precisione e consapevolezza normativa. Il nostro test cosmetico in uso per bambini di et\u00e0 inferiore ai 3 anni \u00e8 specificamente progettato per valutare le prestazioni del tuo prodotto in condizioni reali quando viene utilizzato da questo gruppo target sensibile&#8230;.<\/p>\n","protected":false},"featured_media":15894,"template":"","meta":[],"product_brand":[],"product_cat":[146,130],"product_tag":[],"class_list":{"0":"post-16047","1":"product","2":"type-product","3":"status-publish","4":"has-post-thumbnail","6":"product_cat-test-cutanei","7":"product_cat-test-di-efficacia","9":"first","10":"instock","11":"taxable","12":"shipping-taxable","13":"purchasable","14":"product-type-simple"},"bundled_by":[],"bundle_stock_status":"instock","bundle_stock_quantity":null,"bundle_virtual":false,"bundle_layout":"","bundle_add_to_cart_form_location":"","bundle_editable_in_cart":false,"bundle_sold_individually_context":"","bundle_item_grouping":"","bundle_min_size":"","bundle_max_size":"","bundle_price":[],"bundled_items":[],"bundle_sell_ids":[],"yoast_head":"<!-- This site is optimized with the Yoast SEO Premium plugin v25.4 (Yoast SEO v25.4) - https:\/\/yoast.com\/wordpress\/plugins\/seo\/ -->\n<title>Test cosmetici in uso Bambini di et\u00e0 inferiore ai 3 anni - Certified Cosmetics<\/title>\n<meta name=\"description\" content=\"Il nostro test cosmetico in uso per bambini di et\u00e0 inferiore ai 3 anni \u00e8 specificamente progettato per valutare le prestazioni del tuo prodotto in condizioni reali quando viene utilizzato da questo gruppo target sensibile.\" \/>\n<meta name=\"robots\" content=\"index, follow, max-snippet:-1, max-image-preview:large, max-video-preview:-1\" \/>\n<link rel=\"canonical\" href=\"https:\/\/www.certifiedcosmetics.com\/it\/product\/test-di-efficacia\/test-cutanei\/test-cosmetici-in-uso-bambini-di-eta-inferiore-ai-3-anni\/\" \/>\n<meta property=\"og:locale\" content=\"it_IT\" \/>\n<meta property=\"og:type\" content=\"article\" \/>\n<meta property=\"og:title\" content=\"Test cosmetici in uso Bambini di et\u00e0 inferiore ai 3 anni\" \/>\n<meta property=\"og:description\" content=\"Il nostro test cosmetico in uso per bambini di et\u00e0 inferiore ai 3 anni \u00e8 specificamente progettato per valutare le prestazioni del tuo prodotto in condizioni reali quando viene utilizzato da questo gruppo target sensibile.\" \/>\n<meta property=\"og:url\" content=\"https:\/\/www.certifiedcosmetics.com\/it\/product\/test-di-efficacia\/test-cutanei\/test-cosmetici-in-uso-bambini-di-eta-inferiore-ai-3-anni\/\" \/>\n<meta property=\"og:site_name\" content=\"Certified Cosmetics\" \/>\n<meta property=\"og:image\" content=\"https:\/\/www.certifiedcosmetics.com\/wp-content\/uploads\/2026\/03\/in-use-test-children.jpg\" \/>\n\t<meta property=\"og:image:width\" content=\"800\" \/>\n\t<meta property=\"og:image:height\" content=\"800\" \/>\n\t<meta property=\"og:image:type\" content=\"image\/jpeg\" \/>\n<meta name=\"twitter:card\" content=\"summary_large_image\" \/>\n<meta name=\"twitter:label1\" content=\"Prezzo\" \/>\n\t<meta name=\"twitter:data1\" content=\"&#036;1 313.72\" \/>\n\t<meta name=\"twitter:label2\" content=\"Disponibilit\u00e0\" \/>\n\t<meta name=\"twitter:data2\" content=\"In stock\" \/>\n<script type=\"application\/ld+json\" class=\"yoast-schema-graph\">{\"@context\":\"https:\/\/schema.org\",\"@graph\":[{\"@type\":\"WebPage\",\"@id\":\"https:\/\/www.certifiedcosmetics.com\/it\/product\/test-di-efficacia\/test-cutanei\/test-cosmetici-in-uso-bambini-di-eta-inferiore-ai-3-anni\/\",\"url\":\"https:\/\/www.certifiedcosmetics.com\/it\/product\/test-di-efficacia\/test-cutanei\/test-cosmetici-in-uso-bambini-di-eta-inferiore-ai-3-anni\/\",\"name\":\"Test cosmetici in uso Bambini di et\u00e0 inferiore ai 3 anni - Certified Cosmetics\",\"isPartOf\":{\"@id\":\"https:\/\/www.certifiedcosmetics.com\/it\/#website\"},\"primaryImageOfPage\":{\"@id\":\"https:\/\/www.certifiedcosmetics.com\/it\/product\/test-di-efficacia\/test-cutanei\/test-cosmetici-in-uso-bambini-di-eta-inferiore-ai-3-anni\/#primaryimage\"},\"image\":{\"@id\":\"https:\/\/www.certifiedcosmetics.com\/it\/product\/test-di-efficacia\/test-cutanei\/test-cosmetici-in-uso-bambini-di-eta-inferiore-ai-3-anni\/#primaryimage\"},\"thumbnailUrl\":\"https:\/\/www.certifiedcosmetics.com\/wp-content\/uploads\/2026\/03\/in-use-test-children.jpg\",\"datePublished\":\"2026-03-31T16:47:40+00:00\",\"description\":\"Il nostro test cosmetico in uso per bambini di et\u00e0 inferiore ai 3 anni \u00e8 specificamente progettato per valutare le prestazioni del tuo prodotto in condizioni reali quando viene utilizzato da questo gruppo target sensibile.\",\"breadcrumb\":{\"@id\":\"https:\/\/www.certifiedcosmetics.com\/it\/product\/test-di-efficacia\/test-cutanei\/test-cosmetici-in-uso-bambini-di-eta-inferiore-ai-3-anni\/#breadcrumb\"},\"inLanguage\":\"it-IT\",\"potentialAction\":[{\"@type\":\"ReadAction\",\"target\":[\"https:\/\/www.certifiedcosmetics.com\/it\/product\/test-di-efficacia\/test-cutanei\/test-cosmetici-in-uso-bambini-di-eta-inferiore-ai-3-anni\/\"]}]},{\"@type\":\"ImageObject\",\"inLanguage\":\"it-IT\",\"@id\":\"https:\/\/www.certifiedcosmetics.com\/it\/product\/test-di-efficacia\/test-cutanei\/test-cosmetici-in-uso-bambini-di-eta-inferiore-ai-3-anni\/#primaryimage\",\"url\":\"https:\/\/www.certifiedcosmetics.com\/wp-content\/uploads\/2026\/03\/in-use-test-children.jpg\",\"contentUrl\":\"https:\/\/www.certifiedcosmetics.com\/wp-content\/uploads\/2026\/03\/in-use-test-children.jpg\",\"width\":800,\"height\":800},{\"@type\":\"BreadcrumbList\",\"@id\":\"https:\/\/www.certifiedcosmetics.com\/it\/product\/test-di-efficacia\/test-cutanei\/test-cosmetici-in-uso-bambini-di-eta-inferiore-ai-3-anni\/#breadcrumb\",\"itemListElement\":[{\"@type\":\"ListItem\",\"position\":1,\"name\":\"Home\",\"item\":\"https:\/\/www.certifiedcosmetics.com\/it\/\"},{\"@type\":\"ListItem\",\"position\":2,\"name\":\"Negozio\",\"item\":\"https:\/\/www.certifiedcosmetics.com\/it\/negozio\/\"},{\"@type\":\"ListItem\",\"position\":3,\"name\":\"Test cosmetici in uso Bambini di et\u00e0 inferiore ai 3 anni\"}]},{\"@type\":\"WebSite\",\"@id\":\"https:\/\/www.certifiedcosmetics.com\/it\/#website\",\"url\":\"https:\/\/www.certifiedcosmetics.com\/it\/\",\"name\":\"Certified Cosmetics\",\"description\":\"Cosmetic Safety Assessment\",\"publisher\":{\"@id\":\"https:\/\/www.certifiedcosmetics.com\/it\/#organization\"},\"potentialAction\":[{\"@type\":\"SearchAction\",\"target\":{\"@type\":\"EntryPoint\",\"urlTemplate\":\"https:\/\/www.certifiedcosmetics.com\/it\/?s={search_term_string}\"},\"query-input\":{\"@type\":\"PropertyValueSpecification\",\"valueRequired\":true,\"valueName\":\"search_term_string\"}}],\"inLanguage\":\"it-IT\"},{\"@type\":\"Organization\",\"@id\":\"https:\/\/www.certifiedcosmetics.com\/it\/#organization\",\"name\":\"Certified Cosmetics\",\"url\":\"https:\/\/www.certifiedcosmetics.com\/it\/\",\"logo\":{\"@type\":\"ImageObject\",\"inLanguage\":\"it-IT\",\"@id\":\"https:\/\/www.certifiedcosmetics.com\/it\/#\/schema\/logo\/image\/\",\"url\":\"https:\/\/www.certifiedcosmetics.com\/wp-content\/uploads\/2024\/12\/logo_certified_cosmetics696.jpg\",\"contentUrl\":\"https:\/\/www.certifiedcosmetics.com\/wp-content\/uploads\/2024\/12\/logo_certified_cosmetics696.jpg\",\"width\":696,\"height\":696,\"caption\":\"Certified Cosmetics\"},\"image\":{\"@id\":\"https:\/\/www.certifiedcosmetics.com\/it\/#\/schema\/logo\/image\/\"},\"description\":\"Your trusted partner for cosmetic product safety reporting. We take care of updating all of your documentation, ensuring your compliance stays current even as regulations evolve. The Cosmetic Product Safety Assessment will give you everything you need to sell specific products to EU consumers.\",\"email\":\"contact@certifiedcosmetics.com\",\"telephone\":\"+31 36 2036384\",\"legalName\":\"Certified Cosmetics\",\"foundingDate\":\"2010-01-01\",\"vatID\":\"NL854189543B01\",\"numberOfEmployees\":{\"@type\":\"QuantitativeValue\",\"minValue\":\"11\",\"maxValue\":\"50\"}}]}<\/script>\n<meta property=\"product:price:amount\" content=\"1313.72\" \/>\n<meta property=\"product:price:currency\" content=\"USD\" \/>\n<meta property=\"og:availability\" content=\"instock\" \/>\n<meta property=\"product:availability\" content=\"instock\" \/>\n<meta property=\"product:condition\" content=\"new\" \/>\n<!-- \/ Yoast SEO Premium plugin. -->","yoast_head_json":{"title":"Test cosmetici in uso Bambini di et\u00e0 inferiore ai 3 anni - Certified Cosmetics","description":"Il nostro test cosmetico in uso per bambini di et\u00e0 inferiore ai 3 anni \u00e8 specificamente progettato per valutare le prestazioni del tuo prodotto in condizioni reali quando viene utilizzato da questo gruppo target sensibile.","robots":{"index":"index","follow":"follow","max-snippet":"max-snippet:-1","max-image-preview":"max-image-preview:large","max-video-preview":"max-video-preview:-1"},"canonical":"https:\/\/www.certifiedcosmetics.com\/it\/product\/test-di-efficacia\/test-cutanei\/test-cosmetici-in-uso-bambini-di-eta-inferiore-ai-3-anni\/","og_locale":"it_IT","og_type":"article","og_title":"Test cosmetici in uso Bambini di et\u00e0 inferiore ai 3 anni","og_description":"Il nostro test cosmetico in uso per bambini di et\u00e0 inferiore ai 3 anni \u00e8 specificamente progettato per valutare le prestazioni del tuo prodotto in condizioni reali quando viene utilizzato da questo gruppo target sensibile.","og_url":"https:\/\/www.certifiedcosmetics.com\/it\/product\/test-di-efficacia\/test-cutanei\/test-cosmetici-in-uso-bambini-di-eta-inferiore-ai-3-anni\/","og_site_name":"Certified Cosmetics","og_image":[{"width":800,"height":800,"url":"https:\/\/www.certifiedcosmetics.com\/wp-content\/uploads\/2026\/03\/in-use-test-children.jpg","type":"image\/jpeg"}],"twitter_card":"summary_large_image","twitter_misc":{"Prezzo":"&#36;1 313.72","Disponibilit\u00e0":"In stock"},"schema":{"@context":"https:\/\/schema.org","@graph":[{"@type":"WebPage","@id":"https:\/\/www.certifiedcosmetics.com\/it\/product\/test-di-efficacia\/test-cutanei\/test-cosmetici-in-uso-bambini-di-eta-inferiore-ai-3-anni\/","url":"https:\/\/www.certifiedcosmetics.com\/it\/product\/test-di-efficacia\/test-cutanei\/test-cosmetici-in-uso-bambini-di-eta-inferiore-ai-3-anni\/","name":"Test cosmetici in uso Bambini di et\u00e0 inferiore ai 3 anni - Certified Cosmetics","isPartOf":{"@id":"https:\/\/www.certifiedcosmetics.com\/it\/#website"},"primaryImageOfPage":{"@id":"https:\/\/www.certifiedcosmetics.com\/it\/product\/test-di-efficacia\/test-cutanei\/test-cosmetici-in-uso-bambini-di-eta-inferiore-ai-3-anni\/#primaryimage"},"image":{"@id":"https:\/\/www.certifiedcosmetics.com\/it\/product\/test-di-efficacia\/test-cutanei\/test-cosmetici-in-uso-bambini-di-eta-inferiore-ai-3-anni\/#primaryimage"},"thumbnailUrl":"https:\/\/www.certifiedcosmetics.com\/wp-content\/uploads\/2026\/03\/in-use-test-children.jpg","datePublished":"2026-03-31T16:47:40+00:00","description":"Il nostro test cosmetico in uso per bambini di et\u00e0 inferiore ai 3 anni \u00e8 specificamente progettato per valutare le prestazioni del tuo prodotto in condizioni reali quando viene utilizzato da questo gruppo target sensibile.","breadcrumb":{"@id":"https:\/\/www.certifiedcosmetics.com\/it\/product\/test-di-efficacia\/test-cutanei\/test-cosmetici-in-uso-bambini-di-eta-inferiore-ai-3-anni\/#breadcrumb"},"inLanguage":"it-IT","potentialAction":[{"@type":"ReadAction","target":["https:\/\/www.certifiedcosmetics.com\/it\/product\/test-di-efficacia\/test-cutanei\/test-cosmetici-in-uso-bambini-di-eta-inferiore-ai-3-anni\/"]}]},{"@type":"ImageObject","inLanguage":"it-IT","@id":"https:\/\/www.certifiedcosmetics.com\/it\/product\/test-di-efficacia\/test-cutanei\/test-cosmetici-in-uso-bambini-di-eta-inferiore-ai-3-anni\/#primaryimage","url":"https:\/\/www.certifiedcosmetics.com\/wp-content\/uploads\/2026\/03\/in-use-test-children.jpg","contentUrl":"https:\/\/www.certifiedcosmetics.com\/wp-content\/uploads\/2026\/03\/in-use-test-children.jpg","width":800,"height":800},{"@type":"BreadcrumbList","@id":"https:\/\/www.certifiedcosmetics.com\/it\/product\/test-di-efficacia\/test-cutanei\/test-cosmetici-in-uso-bambini-di-eta-inferiore-ai-3-anni\/#breadcrumb","itemListElement":[{"@type":"ListItem","position":1,"name":"Home","item":"https:\/\/www.certifiedcosmetics.com\/it\/"},{"@type":"ListItem","position":2,"name":"Negozio","item":"https:\/\/www.certifiedcosmetics.com\/it\/negozio\/"},{"@type":"ListItem","position":3,"name":"Test cosmetici in uso Bambini di et\u00e0 inferiore ai 3 anni"}]},{"@type":"WebSite","@id":"https:\/\/www.certifiedcosmetics.com\/it\/#website","url":"https:\/\/www.certifiedcosmetics.com\/it\/","name":"Certified Cosmetics","description":"Cosmetic Safety Assessment","publisher":{"@id":"https:\/\/www.certifiedcosmetics.com\/it\/#organization"},"potentialAction":[{"@type":"SearchAction","target":{"@type":"EntryPoint","urlTemplate":"https:\/\/www.certifiedcosmetics.com\/it\/?s={search_term_string}"},"query-input":{"@type":"PropertyValueSpecification","valueRequired":true,"valueName":"search_term_string"}}],"inLanguage":"it-IT"},{"@type":"Organization","@id":"https:\/\/www.certifiedcosmetics.com\/it\/#organization","name":"Certified Cosmetics","url":"https:\/\/www.certifiedcosmetics.com\/it\/","logo":{"@type":"ImageObject","inLanguage":"it-IT","@id":"https:\/\/www.certifiedcosmetics.com\/it\/#\/schema\/logo\/image\/","url":"https:\/\/www.certifiedcosmetics.com\/wp-content\/uploads\/2024\/12\/logo_certified_cosmetics696.jpg","contentUrl":"https:\/\/www.certifiedcosmetics.com\/wp-content\/uploads\/2024\/12\/logo_certified_cosmetics696.jpg","width":696,"height":696,"caption":"Certified Cosmetics"},"image":{"@id":"https:\/\/www.certifiedcosmetics.com\/it\/#\/schema\/logo\/image\/"},"description":"Your trusted partner for cosmetic product safety reporting. We take care of updating all of your documentation, ensuring your compliance stays current even as regulations evolve. The Cosmetic Product Safety Assessment will give you everything you need to sell specific products to EU consumers.","email":"contact@certifiedcosmetics.com","telephone":"+31 36 2036384","legalName":"Certified Cosmetics","foundingDate":"2010-01-01","vatID":"NL854189543B01","numberOfEmployees":{"@type":"QuantitativeValue","minValue":"11","maxValue":"50"}}]},"product_price_amount":"1313.72","product_price_currency":"USD","og_availability":"instock","product_availability":"instock","product_condition":"new"},"_links":{"self":[{"href":"https:\/\/www.certifiedcosmetics.com\/it\/wp-json\/wp\/v2\/product\/16047","targetHints":{"allow":["GET"]}}],"collection":[{"href":"https:\/\/www.certifiedcosmetics.com\/it\/wp-json\/wp\/v2\/product"}],"about":[{"href":"https:\/\/www.certifiedcosmetics.com\/it\/wp-json\/wp\/v2\/types\/product"}],"wp:featuredmedia":[{"embeddable":true,"href":"https:\/\/www.certifiedcosmetics.com\/it\/wp-json\/wp\/v2\/media\/15894"}],"wp:attachment":[{"href":"https:\/\/www.certifiedcosmetics.com\/it\/wp-json\/wp\/v2\/media?parent=16047"}],"wp:term":[{"taxonomy":"product_brand","embeddable":true,"href":"https:\/\/www.certifiedcosmetics.com\/it\/wp-json\/wp\/v2\/product_brand?post=16047"},{"taxonomy":"product_cat","embeddable":true,"href":"https:\/\/www.certifiedcosmetics.com\/it\/wp-json\/wp\/v2\/product_cat?post=16047"},{"taxonomy":"product_tag","embeddable":true,"href":"https:\/\/www.certifiedcosmetics.com\/it\/wp-json\/wp\/v2\/product_tag?post=16047"}],"curies":[{"name":"wp","href":"https:\/\/api.w.org\/{rel}","templated":true}]}}