{"id":15308,"date":"2026-03-03T15:05:13","date_gmt":"2026-03-03T14:05:13","guid":{"rendered":"https:\/\/www.certifiedcosmetics.com\/product\/senza-categoria\/pif-e-rapporto-sulla-sicurezza-dei-prodotti-cosmetici-whitelabel\/"},"modified":"2026-03-03T15:05:13","modified_gmt":"2026-03-03T14:05:13","slug":"pif-e-rapporto-sulla-sicurezza-dei-prodotti-cosmetici-whitelabel","status":"publish","type":"product","link":"https:\/\/www.certifiedcosmetics.com\/it\/product\/valutazione-della-sicurezza-cosmetica\/pif-e-rapporto-sulla-sicurezza-dei-prodotti-cosmetici-whitelabel\/","title":{"rendered":"PIF e Rapporto sulla sicurezza dei prodotti cosmetici &#8211; Whitelabel"},"content":{"rendered":"<p data-start=\"143\" data-end=\"432\">I cosmetici a marchio bianco creano preziose opportunit\u00e0 commerciali per i produttori che vogliono scalare la distribuzione e per i distributori che vogliono lanciare prodotti con il proprio marchio. Tuttavia, la struttura normativa di un prodotto white label deve essere definita con attenzione fin dall&#8217;inizio. <\/p>\n<p data-start=\"434\" data-end=\"664\">Per i produttori, mantenere il controllo sulla formulazione, sul Product Information File (PIF) e sulla responsabilit\u00e0 normativa pu\u00f2 essere essenziale per proteggere la propriet\u00e0 intellettuale e garantire una conformit\u00e0 coerente tra pi\u00f9 clienti.<\/p>\n<p data-start=\"666\" data-end=\"892\">Per i distributori, assumere la propriet\u00e0 del marchio significa spesso diventare la Persona Responsabile e gestire un PIF completamente indipendente a proprio nome. Ci\u00f2 richiede un chiaro trasferimento della documentazione e della responsabilit\u00e0 normativa. <\/p>\n<p data-start=\"894\" data-end=\"1173\" data-is-last-node=\"\" data-is-only-node=\"\">Questo servizio CPSR whitelabel \u00e8 progettato per supportare entrambi i modelli. Sia che tu rimanga la Persona Responsabile o che tu trasferisca la responsabilit\u00e0 al distributore, garantiamo che il quadro normativo sia correttamente strutturato, documentato e conforme al Regolamento (CE) n. 1223\/2009. <\/p>\n<h2 data-start=\"894\" data-end=\"1173\">Come funzionano il PIF e il CPSR whitelabel<\/h2>\n<p data-start=\"152\" data-end=\"319\">Questo servizio di Cosmetic Product Safety Report (CPSR) \u00e8 disponibile esclusivamente per i prodotti whitelabel per i quali abbiamo precedentemente preparato il PIF e\/o il CPSR originali. Se \u00e8 necessario un PIF e un CPSR whitelabel per un prodotto esistente che non \u00e8 stato creato da Certified Cosmetics, dovremo prima ricrearlo. Questo servizio deve essere richiesto per primo: <a href=\"https:\/\/www.certifiedcosmetics.com\/it\/product\/valutazione-della-sicurezza-cosmetica\/valutazione-della-sicurezza-dei-prodotti-cosmetici-cpsr\/\">Rapporto sulla sicurezza dei prodotti cosmetici &#8211; CPSR<\/a>  <\/p>\n<p data-start=\"321\" data-end=\"389\">Esistono due possibili scenari normativi per i prodotti whitelabel:<\/p>\n<ol data-start=\"391\" data-end=\"516\">\n<li data-start=\"391\" data-end=\"459\">\n<p data-start=\"394\" data-end=\"459\">Il produttore whitelabel rimane la Persona Responsabile (RP)<\/p>\n<\/li>\n<li data-start=\"460\" data-end=\"516\">\n<p data-start=\"463\" data-end=\"516\">Il distributore diventa la Persona Responsabile (RP)<\/p>\n<\/li>\n<\/ol>\n<p data-start=\"518\" data-end=\"582\">Ogni scenario ha diversi requisiti legali e risultati da ottenere.<\/p>\n<h2>Il produttore di whitelabel resta la Persona Responsabile<\/h2>\n<p data-start=\"664\" data-end=\"787\">In questa situazione, il produttore originale continua ad agire come Persona Responsabile ai sensi del Regolamento (CE) n. 1223\/2009.<\/p>\n<p data-start=\"789\" data-end=\"802\"><strong>Requisiti:<\/strong><\/p>\n<ul data-start=\"803\" data-end=\"1038\">\n<li data-start=\"803\" data-end=\"874\">\n<p data-start=\"805\" data-end=\"874\">Il nome e l&#8217;indirizzo del produttore devono comparire sull&#8217;etichetta del prodotto.<\/p>\n<\/li>\n<li data-start=\"875\" data-end=\"966\">\n<p data-start=\"877\" data-end=\"966\">Il Product Information File (PIF) e il CPSR rimangono sotto il controllo del produttore.<\/p>\n<\/li>\n<li data-start=\"967\" data-end=\"1038\">\n<p data-start=\"969\" data-end=\"1038\">La formulazione rimane riservata e gestita dal produttore.<\/p>\n<\/li>\n<\/ul>\n<p data-start=\"1040\" data-end=\"1146\">Questa struttura garantisce che il produttore mantenga il controllo sulla ricetta e sulla documentazione normativa.<\/p>\n<p data-start=\"1148\" data-end=\"1165\"><strong>Risultati:<\/strong><\/p>\n<ul data-start=\"1166\" data-end=\"1276\">\n<li data-start=\"1166\" data-end=\"1210\">\n<p data-start=\"1168\" data-end=\"1210\">Controllo della conformit\u00e0 dell&#8217;etichetta (revisione dell&#8217;articolo 19)<\/p>\n<\/li>\n<li data-start=\"1211\" data-end=\"1276\">\n<p data-start=\"1213\" data-end=\"1276\">Allegato al PIF esistente che riflette l&#8217;accordo whitelabel<\/p>\n<\/li>\n<\/ul>\n<h2>Il distributore diventer\u00e0 la Persona Responsabile<\/h2>\n<p data-start=\"1346\" data-end=\"1511\">Se il distributore desidera immettere il prodotto sul mercato con il proprio nome e assumersi la piena responsabilit\u00e0 normativa, deve agire come Persona Responsabile.<\/p>\n<p data-start=\"1513\" data-end=\"1526\"><strong>Requisiti:<\/strong><\/p>\n<ul data-start=\"1527\" data-end=\"1672\">\n<li data-start=\"1527\" data-end=\"1614\">\n<p data-start=\"1529\" data-end=\"1614\">Il distributore deve creare e mantenere il proprio Product Information File (PIF).<\/p>\n<\/li>\n<li data-start=\"1615\" data-end=\"1672\">\n<p data-start=\"1617\" data-end=\"1672\">La responsabilit\u00e0 normativa passa al distributore.<\/p>\n<\/li>\n<\/ul>\n<p data-start=\"1674\" data-end=\"1691\"><strong>Risultati:<\/strong><\/p>\n<ul data-start=\"1692\" data-end=\"1784\">\n<li data-start=\"1692\" data-end=\"1736\">\n<p data-start=\"1694\" data-end=\"1736\">Controllo della conformit\u00e0 dell&#8217;etichetta (revisione dell&#8217;articolo 19)<\/p>\n<\/li>\n<li data-start=\"1737\" data-end=\"1784\">\n<p data-start=\"1739\" data-end=\"1784\">Nuovo PIF emesso a nome del distributore<\/p>\n<\/li>\n<li data-start=\"1737\" data-end=\"1784\">Possiamo anche inviarlo al CPNP con questo servizio: <a href=\"https:\/\/www.certifiedcosmetics.com\/it\/product\/valutazione-della-sicurezza-cosmetica\/notifica-cpnp\/\">Servizio di notifica CPNP<\/a><\/li>\n<\/ul>\n","protected":false},"excerpt":{"rendered":"<p>I cosmetici a marchio bianco creano preziose opportunit\u00e0 commerciali per i produttori che vogliono scalare la distribuzione e per i distributori che vogliono lanciare prodotti con il proprio marchio. Tuttavia, la struttura normativa di un prodotto white label deve essere definita con attenzione fin dall&#8217;inizio. Per i produttori, mantenere il controllo sulla formulazione, sul Product&#8230;<\/p>\n","protected":false},"featured_media":12496,"template":"","meta":[],"product_brand":[],"product_cat":[115],"product_tag":[],"class_list":{"0":"post-15308","1":"product","2":"type-product","3":"status-publish","4":"has-post-thumbnail","6":"product_cat-valutazione-della-sicurezza-cosmetica","8":"first","9":"instock","10":"virtual","11":"taxable","12":"purchasable","13":"product-type-simple"},"bundled_by":[],"bundle_stock_status":"instock","bundle_stock_quantity":null,"bundle_virtual":false,"bundle_layout":"","bundle_add_to_cart_form_location":"","bundle_editable_in_cart":false,"bundle_sold_individually_context":"","bundle_item_grouping":"","bundle_min_size":"","bundle_max_size":"","bundle_price":[],"bundled_items":[],"bundle_sell_ids":[],"yoast_head":"<!-- This site is optimized with the Yoast SEO Premium plugin v25.4 (Yoast SEO v25.4) - https:\/\/yoast.com\/wordpress\/plugins\/seo\/ -->\n<title>PIF e Rapporto sulla sicurezza dei prodotti cosmetici - Whitelabel - Certified Cosmetics<\/title>\n<meta name=\"description\" content=\"Il PIF e il CPSR a marchio bianco nei cosmetici creano preziose opportunit\u00e0 commerciali per i produttori che vogliono scalare la distribuzione e per i distributori che vogliono lanciare prodotti con il proprio marchio.\" \/>\n<meta name=\"robots\" content=\"index, follow, max-snippet:-1, max-image-preview:large, max-video-preview:-1\" \/>\n<link rel=\"canonical\" href=\"https:\/\/www.certifiedcosmetics.com\/it\/product\/valutazione-della-sicurezza-cosmetica\/pif-e-rapporto-sulla-sicurezza-dei-prodotti-cosmetici-whitelabel\/\" \/>\n<meta property=\"og:locale\" content=\"it_IT\" \/>\n<meta property=\"og:type\" content=\"article\" \/>\n<meta property=\"og:title\" content=\"PIF e Rapporto sulla sicurezza dei prodotti cosmetici - Whitelabel\" \/>\n<meta property=\"og:description\" content=\"Il PIF e il CPSR a marchio bianco nei cosmetici creano preziose opportunit\u00e0 commerciali per i produttori che vogliono scalare la distribuzione e per i distributori che vogliono lanciare prodotti con il proprio marchio.\" \/>\n<meta property=\"og:url\" content=\"https:\/\/www.certifiedcosmetics.com\/it\/product\/valutazione-della-sicurezza-cosmetica\/pif-e-rapporto-sulla-sicurezza-dei-prodotti-cosmetici-whitelabel\/\" \/>\n<meta property=\"og:site_name\" content=\"Certified Cosmetics\" \/>\n<meta property=\"og:image\" content=\"https:\/\/www.certifiedcosmetics.com\/wp-content\/uploads\/2025\/07\/CPSR-Cosmetics.jpg\" \/>\n\t<meta property=\"og:image:width\" content=\"800\" \/>\n\t<meta property=\"og:image:height\" content=\"800\" \/>\n\t<meta property=\"og:image:type\" content=\"image\/jpeg\" \/>\n<meta name=\"twitter:card\" content=\"summary_large_image\" \/>\n<meta name=\"twitter:label1\" content=\"Prezzo\" \/>\n\t<meta name=\"twitter:data1\" content=\"&#036;88.30\" \/>\n\t<meta name=\"twitter:label2\" content=\"Disponibilit\u00e0\" \/>\n\t<meta name=\"twitter:data2\" content=\"In stock\" \/>\n<script type=\"application\/ld+json\" class=\"yoast-schema-graph\">{\"@context\":\"https:\/\/schema.org\",\"@graph\":[{\"@type\":\"WebPage\",\"@id\":\"https:\/\/www.certifiedcosmetics.com\/it\/product\/valutazione-della-sicurezza-cosmetica\/pif-e-rapporto-sulla-sicurezza-dei-prodotti-cosmetici-whitelabel\/\",\"url\":\"https:\/\/www.certifiedcosmetics.com\/it\/product\/valutazione-della-sicurezza-cosmetica\/pif-e-rapporto-sulla-sicurezza-dei-prodotti-cosmetici-whitelabel\/\",\"name\":\"PIF e Rapporto sulla sicurezza dei prodotti cosmetici - Whitelabel - Certified Cosmetics\",\"isPartOf\":{\"@id\":\"https:\/\/www.certifiedcosmetics.com\/it\/#website\"},\"primaryImageOfPage\":{\"@id\":\"https:\/\/www.certifiedcosmetics.com\/it\/product\/valutazione-della-sicurezza-cosmetica\/pif-e-rapporto-sulla-sicurezza-dei-prodotti-cosmetici-whitelabel\/#primaryimage\"},\"image\":{\"@id\":\"https:\/\/www.certifiedcosmetics.com\/it\/product\/valutazione-della-sicurezza-cosmetica\/pif-e-rapporto-sulla-sicurezza-dei-prodotti-cosmetici-whitelabel\/#primaryimage\"},\"thumbnailUrl\":\"https:\/\/www.certifiedcosmetics.com\/wp-content\/uploads\/2025\/07\/CPSR-Cosmetics.jpg\",\"datePublished\":\"2026-03-03T14:05:13+00:00\",\"description\":\"Il PIF e il CPSR a marchio bianco nei cosmetici creano preziose opportunit\u00e0 commerciali per i produttori che vogliono scalare la distribuzione e per i distributori che vogliono lanciare prodotti con il proprio marchio.\",\"breadcrumb\":{\"@id\":\"https:\/\/www.certifiedcosmetics.com\/it\/product\/valutazione-della-sicurezza-cosmetica\/pif-e-rapporto-sulla-sicurezza-dei-prodotti-cosmetici-whitelabel\/#breadcrumb\"},\"inLanguage\":\"it-IT\",\"potentialAction\":[{\"@type\":\"ReadAction\",\"target\":[\"https:\/\/www.certifiedcosmetics.com\/it\/product\/valutazione-della-sicurezza-cosmetica\/pif-e-rapporto-sulla-sicurezza-dei-prodotti-cosmetici-whitelabel\/\"]}]},{\"@type\":\"ImageObject\",\"inLanguage\":\"it-IT\",\"@id\":\"https:\/\/www.certifiedcosmetics.com\/it\/product\/valutazione-della-sicurezza-cosmetica\/pif-e-rapporto-sulla-sicurezza-dei-prodotti-cosmetici-whitelabel\/#primaryimage\",\"url\":\"https:\/\/www.certifiedcosmetics.com\/wp-content\/uploads\/2025\/07\/CPSR-Cosmetics.jpg\",\"contentUrl\":\"https:\/\/www.certifiedcosmetics.com\/wp-content\/uploads\/2025\/07\/CPSR-Cosmetics.jpg\",\"width\":800,\"height\":800,\"caption\":\"Cosmetici CPSR\"},{\"@type\":\"BreadcrumbList\",\"@id\":\"https:\/\/www.certifiedcosmetics.com\/it\/product\/valutazione-della-sicurezza-cosmetica\/pif-e-rapporto-sulla-sicurezza-dei-prodotti-cosmetici-whitelabel\/#breadcrumb\",\"itemListElement\":[{\"@type\":\"ListItem\",\"position\":1,\"name\":\"Home\",\"item\":\"https:\/\/www.certifiedcosmetics.com\/it\/\"},{\"@type\":\"ListItem\",\"position\":2,\"name\":\"Negozio\",\"item\":\"https:\/\/www.certifiedcosmetics.com\/it\/negozio\/\"},{\"@type\":\"ListItem\",\"position\":3,\"name\":\"PIF e Rapporto sulla sicurezza dei prodotti cosmetici &#8211; Whitelabel\"}]},{\"@type\":\"WebSite\",\"@id\":\"https:\/\/www.certifiedcosmetics.com\/it\/#website\",\"url\":\"https:\/\/www.certifiedcosmetics.com\/it\/\",\"name\":\"Certified Cosmetics\",\"description\":\"Cosmetic Safety Assessment\",\"publisher\":{\"@id\":\"https:\/\/www.certifiedcosmetics.com\/it\/#organization\"},\"potentialAction\":[{\"@type\":\"SearchAction\",\"target\":{\"@type\":\"EntryPoint\",\"urlTemplate\":\"https:\/\/www.certifiedcosmetics.com\/it\/?s={search_term_string}\"},\"query-input\":{\"@type\":\"PropertyValueSpecification\",\"valueRequired\":true,\"valueName\":\"search_term_string\"}}],\"inLanguage\":\"it-IT\"},{\"@type\":\"Organization\",\"@id\":\"https:\/\/www.certifiedcosmetics.com\/it\/#organization\",\"name\":\"Certified Cosmetics\",\"url\":\"https:\/\/www.certifiedcosmetics.com\/it\/\",\"logo\":{\"@type\":\"ImageObject\",\"inLanguage\":\"it-IT\",\"@id\":\"https:\/\/www.certifiedcosmetics.com\/it\/#\/schema\/logo\/image\/\",\"url\":\"https:\/\/www.certifiedcosmetics.com\/wp-content\/uploads\/2024\/12\/logo_certified_cosmetics696.jpg\",\"contentUrl\":\"https:\/\/www.certifiedcosmetics.com\/wp-content\/uploads\/2024\/12\/logo_certified_cosmetics696.jpg\",\"width\":696,\"height\":696,\"caption\":\"Certified Cosmetics\"},\"image\":{\"@id\":\"https:\/\/www.certifiedcosmetics.com\/it\/#\/schema\/logo\/image\/\"},\"description\":\"Your trusted partner for cosmetic product safety reporting. We take care of updating all of your documentation, ensuring your compliance stays current even as regulations evolve. The Cosmetic Product Safety Assessment will give you everything you need to sell specific products to EU consumers.\",\"email\":\"contact@certifiedcosmetics.com\",\"telephone\":\"+31 36 2036384\",\"legalName\":\"Certified Cosmetics\",\"foundingDate\":\"2010-01-01\",\"vatID\":\"NL854189543B01\",\"numberOfEmployees\":{\"@type\":\"QuantitativeValue\",\"minValue\":\"11\",\"maxValue\":\"50\"}}]}<\/script>\n<meta property=\"product:price:amount\" content=\"88.30\" \/>\n<meta property=\"product:price:currency\" content=\"USD\" \/>\n<meta property=\"og:availability\" content=\"instock\" \/>\n<meta property=\"product:availability\" content=\"instock\" \/>\n<meta property=\"product:retailer_item_id\" content=\"CC100004\" \/>\n<meta property=\"product:condition\" content=\"new\" \/>\n<!-- \/ Yoast SEO Premium plugin. -->","yoast_head_json":{"title":"PIF e Rapporto sulla sicurezza dei prodotti cosmetici - Whitelabel - Certified Cosmetics","description":"Il PIF e il CPSR a marchio bianco nei cosmetici creano preziose opportunit\u00e0 commerciali per i produttori che vogliono scalare la distribuzione e per i distributori che vogliono lanciare prodotti con il proprio marchio.","robots":{"index":"index","follow":"follow","max-snippet":"max-snippet:-1","max-image-preview":"max-image-preview:large","max-video-preview":"max-video-preview:-1"},"canonical":"https:\/\/www.certifiedcosmetics.com\/it\/product\/valutazione-della-sicurezza-cosmetica\/pif-e-rapporto-sulla-sicurezza-dei-prodotti-cosmetici-whitelabel\/","og_locale":"it_IT","og_type":"article","og_title":"PIF e Rapporto sulla sicurezza dei prodotti cosmetici - Whitelabel","og_description":"Il PIF e il CPSR a marchio bianco nei cosmetici creano preziose opportunit\u00e0 commerciali per i produttori che vogliono scalare la distribuzione e per i distributori che vogliono lanciare prodotti con il proprio marchio.","og_url":"https:\/\/www.certifiedcosmetics.com\/it\/product\/valutazione-della-sicurezza-cosmetica\/pif-e-rapporto-sulla-sicurezza-dei-prodotti-cosmetici-whitelabel\/","og_site_name":"Certified Cosmetics","og_image":[{"width":800,"height":800,"url":"https:\/\/www.certifiedcosmetics.com\/wp-content\/uploads\/2025\/07\/CPSR-Cosmetics.jpg","type":"image\/jpeg"}],"twitter_card":"summary_large_image","twitter_misc":{"Prezzo":"&#36;88.30","Disponibilit\u00e0":"In stock"},"schema":{"@context":"https:\/\/schema.org","@graph":[{"@type":"WebPage","@id":"https:\/\/www.certifiedcosmetics.com\/it\/product\/valutazione-della-sicurezza-cosmetica\/pif-e-rapporto-sulla-sicurezza-dei-prodotti-cosmetici-whitelabel\/","url":"https:\/\/www.certifiedcosmetics.com\/it\/product\/valutazione-della-sicurezza-cosmetica\/pif-e-rapporto-sulla-sicurezza-dei-prodotti-cosmetici-whitelabel\/","name":"PIF e Rapporto sulla sicurezza dei prodotti cosmetici - Whitelabel - Certified Cosmetics","isPartOf":{"@id":"https:\/\/www.certifiedcosmetics.com\/it\/#website"},"primaryImageOfPage":{"@id":"https:\/\/www.certifiedcosmetics.com\/it\/product\/valutazione-della-sicurezza-cosmetica\/pif-e-rapporto-sulla-sicurezza-dei-prodotti-cosmetici-whitelabel\/#primaryimage"},"image":{"@id":"https:\/\/www.certifiedcosmetics.com\/it\/product\/valutazione-della-sicurezza-cosmetica\/pif-e-rapporto-sulla-sicurezza-dei-prodotti-cosmetici-whitelabel\/#primaryimage"},"thumbnailUrl":"https:\/\/www.certifiedcosmetics.com\/wp-content\/uploads\/2025\/07\/CPSR-Cosmetics.jpg","datePublished":"2026-03-03T14:05:13+00:00","description":"Il PIF e il CPSR a marchio bianco nei cosmetici creano preziose opportunit\u00e0 commerciali per i produttori che vogliono scalare la distribuzione e per i distributori che vogliono lanciare prodotti con il proprio marchio.","breadcrumb":{"@id":"https:\/\/www.certifiedcosmetics.com\/it\/product\/valutazione-della-sicurezza-cosmetica\/pif-e-rapporto-sulla-sicurezza-dei-prodotti-cosmetici-whitelabel\/#breadcrumb"},"inLanguage":"it-IT","potentialAction":[{"@type":"ReadAction","target":["https:\/\/www.certifiedcosmetics.com\/it\/product\/valutazione-della-sicurezza-cosmetica\/pif-e-rapporto-sulla-sicurezza-dei-prodotti-cosmetici-whitelabel\/"]}]},{"@type":"ImageObject","inLanguage":"it-IT","@id":"https:\/\/www.certifiedcosmetics.com\/it\/product\/valutazione-della-sicurezza-cosmetica\/pif-e-rapporto-sulla-sicurezza-dei-prodotti-cosmetici-whitelabel\/#primaryimage","url":"https:\/\/www.certifiedcosmetics.com\/wp-content\/uploads\/2025\/07\/CPSR-Cosmetics.jpg","contentUrl":"https:\/\/www.certifiedcosmetics.com\/wp-content\/uploads\/2025\/07\/CPSR-Cosmetics.jpg","width":800,"height":800,"caption":"Cosmetici CPSR"},{"@type":"BreadcrumbList","@id":"https:\/\/www.certifiedcosmetics.com\/it\/product\/valutazione-della-sicurezza-cosmetica\/pif-e-rapporto-sulla-sicurezza-dei-prodotti-cosmetici-whitelabel\/#breadcrumb","itemListElement":[{"@type":"ListItem","position":1,"name":"Home","item":"https:\/\/www.certifiedcosmetics.com\/it\/"},{"@type":"ListItem","position":2,"name":"Negozio","item":"https:\/\/www.certifiedcosmetics.com\/it\/negozio\/"},{"@type":"ListItem","position":3,"name":"PIF e Rapporto sulla sicurezza dei prodotti cosmetici &#8211; Whitelabel"}]},{"@type":"WebSite","@id":"https:\/\/www.certifiedcosmetics.com\/it\/#website","url":"https:\/\/www.certifiedcosmetics.com\/it\/","name":"Certified Cosmetics","description":"Cosmetic Safety Assessment","publisher":{"@id":"https:\/\/www.certifiedcosmetics.com\/it\/#organization"},"potentialAction":[{"@type":"SearchAction","target":{"@type":"EntryPoint","urlTemplate":"https:\/\/www.certifiedcosmetics.com\/it\/?s={search_term_string}"},"query-input":{"@type":"PropertyValueSpecification","valueRequired":true,"valueName":"search_term_string"}}],"inLanguage":"it-IT"},{"@type":"Organization","@id":"https:\/\/www.certifiedcosmetics.com\/it\/#organization","name":"Certified Cosmetics","url":"https:\/\/www.certifiedcosmetics.com\/it\/","logo":{"@type":"ImageObject","inLanguage":"it-IT","@id":"https:\/\/www.certifiedcosmetics.com\/it\/#\/schema\/logo\/image\/","url":"https:\/\/www.certifiedcosmetics.com\/wp-content\/uploads\/2024\/12\/logo_certified_cosmetics696.jpg","contentUrl":"https:\/\/www.certifiedcosmetics.com\/wp-content\/uploads\/2024\/12\/logo_certified_cosmetics696.jpg","width":696,"height":696,"caption":"Certified Cosmetics"},"image":{"@id":"https:\/\/www.certifiedcosmetics.com\/it\/#\/schema\/logo\/image\/"},"description":"Your trusted partner for cosmetic product safety reporting. We take care of updating all of your documentation, ensuring your compliance stays current even as regulations evolve. The Cosmetic Product Safety Assessment will give you everything you need to sell specific products to EU consumers.","email":"contact@certifiedcosmetics.com","telephone":"+31 36 2036384","legalName":"Certified Cosmetics","foundingDate":"2010-01-01","vatID":"NL854189543B01","numberOfEmployees":{"@type":"QuantitativeValue","minValue":"11","maxValue":"50"}}]},"product_price_amount":"88.30","product_price_currency":"USD","og_availability":"instock","product_availability":"instock","product_retailer_item_id":"CC100004","product_condition":"new"},"_links":{"self":[{"href":"https:\/\/www.certifiedcosmetics.com\/it\/wp-json\/wp\/v2\/product\/15308","targetHints":{"allow":["GET"]}}],"collection":[{"href":"https:\/\/www.certifiedcosmetics.com\/it\/wp-json\/wp\/v2\/product"}],"about":[{"href":"https:\/\/www.certifiedcosmetics.com\/it\/wp-json\/wp\/v2\/types\/product"}],"wp:featuredmedia":[{"embeddable":true,"href":"https:\/\/www.certifiedcosmetics.com\/it\/wp-json\/wp\/v2\/media\/12496"}],"wp:attachment":[{"href":"https:\/\/www.certifiedcosmetics.com\/it\/wp-json\/wp\/v2\/media?parent=15308"}],"wp:term":[{"taxonomy":"product_brand","embeddable":true,"href":"https:\/\/www.certifiedcosmetics.com\/it\/wp-json\/wp\/v2\/product_brand?post=15308"},{"taxonomy":"product_cat","embeddable":true,"href":"https:\/\/www.certifiedcosmetics.com\/it\/wp-json\/wp\/v2\/product_cat?post=15308"},{"taxonomy":"product_tag","embeddable":true,"href":"https:\/\/www.certifiedcosmetics.com\/it\/wp-json\/wp\/v2\/product_tag?post=15308"}],"curies":[{"name":"wp","href":"https:\/\/api.w.org\/{rel}","templated":true}]}}