{"id":14796,"date":"2025-12-30T10:08:12","date_gmt":"2025-12-30T09:08:12","guid":{"rendered":"https:\/\/www.certifiedcosmetics.com\/product\/senza-categoria\/variazione-extra-per-il-pif-esistente\/"},"modified":"2025-12-30T10:08:12","modified_gmt":"2025-12-30T09:08:12","slug":"variazione-extra-per-il-pif-esistente","status":"publish","type":"product","link":"https:\/\/www.certifiedcosmetics.com\/it\/product\/valutazione-della-sicurezza-cosmetica\/variazione-extra-per-il-pif-esistente\/","title":{"rendered":"Variazione extra per il PIF esistente"},"content":{"rendered":"<p>Se il tuo prodotto presenta variazioni di colore o di profumo, puoi scegliere questa opzione. Questo prodotto fa parte del pacchetto di valutazione cosmetica e pu\u00f2 essere acquistato solo quando abbiamo gi\u00e0 creato il tuo PIF e CPSR principale. <\/p>\n<h2>Cosa c&#8217;\u00e8 in questa variante extra?<\/h2>\n<p>Questa variazione far\u00e0 parte della valutazione esistente effettuata da Certified Cosmetics. Si compone dei seguenti elementi:<\/p>\n<ul>\n<li>File informativo sui prodotti cosmetici (PIF)\n<ul>\n<li><strong>Parte A:<\/strong> Informazioni sulla sicurezza dei prodotti cosmetici &#8211; Include dati sugli ingredienti del prodotto, sulla stabilit\u00e0, sulla qualit\u00e0 microbiologica, sulle impurit\u00e0 e sull&#8217;imballaggio.<\/li>\n<li><strong>Parte B:<\/strong> Cosmetic Product Safety Report (CPSR) &#8211; Contiene le conclusioni, le avvertenze e le giustificazioni del valutatore della sicurezza, che assicura che il prodotto \u00e8 sicuro in condizioni di uso normale.<\/li>\n<\/ul>\n<\/li>\n<li>Test di laboratorio e risultati<\/li>\n<\/ul>\n<p>Offriamo diverse opzioni extra che possono essere scelte:<\/p>\n<h2>Notifica CPNP<\/h2>\n<p>La notifica CPNP dell&#8217;UE si riferisce al processo di notifica dei prodotti cosmetici al portale di notifica dei prodotti cosmetici (CPNP), che \u00e8 un sistema di notifica online centralizzato utilizzato nell&#8217;Unione Europea (UE). Il CPNP \u00e8 stato istituito ai sensi del Regolamento Cosmetico dell&#8217;UE (Regolamento (CE) n. 1223\/2009) e serve come strumento per lo scambio di informazioni sui prodotti cosmetici tra le autorit\u00e0 di regolamentazione e le Persone Responsabili che immettono tali prodotti sul mercato. <\/p>\n<h2>Test di stabilit\u00e0<\/h2>\n<p>Sia i<strong data-start=\"151\" data-end=\"184\">test di stabilit\u00e0 e compatibilit\u00e0 accelerati<\/strong> che i<strong data-start=\"189\" data-end=\"224\">test di stabilit\u00e0 e compatibilit\u00e0 per shock termico<\/strong> vengono utilizzati per valutare come un prodotto resiste agli stress ambientali e simulare l&#8217;invecchiamento a lungo termine in condizioni controllate ed elevate per prevedere la durata di conservazione. In entrambi i metodi viene valutata anche la <strong data-start=\"744\" data-end=\"791\">compatibilit\u00e0 tra il prodotto e l&#8217;imballaggio<\/strong> per garantire che non si verifichino perdite, degrado o interazione. <\/p>\n<p>Il test di stabilit\u00e0 accelerato dura dai 95 ai 105 giorni.<\/p>\n<p>Il test di stabilit\u00e0 agli shock termici dura dai 50 ai 60 giorni.<\/p>\n<table class=\"w-fit min-w-(--thread-content-width)\" data-start=\"891\" data-end=\"2044\">\n<thead data-start=\"891\" data-end=\"1017\">\n<tr data-start=\"891\" data-end=\"1017\">\n<th data-start=\"891\" data-end=\"926\" data-col-size=\"sm\">eature<\/th>\n<th data-start=\"926\" data-end=\"970\" data-col-size=\"md\">Test di stabilit\u00e0 accelerata<\/th>\n<th data-start=\"970\" data-end=\"1017\" data-col-size=\"md\">Test di stabilit\u00e0 per shock termico<\/th>\n<\/tr>\n<\/thead>\n<tbody data-start=\"1146\" data-end=\"2044\">\n<tr data-start=\"1146\" data-end=\"1273\">\n<td data-start=\"1146\" data-end=\"1181\" data-col-size=\"sm\"><strong data-start=\"1148\" data-end=\"1159\">Scopo<\/strong><\/td>\n<td data-col-size=\"md\" data-start=\"1181\" data-end=\"1225\">Simulare l&#8217;invecchiamento e la stabilit\u00e0 a lungo termine<\/td>\n<td data-col-size=\"md\" data-start=\"1225\" data-end=\"1273\">Simulare l&#8217;invecchiamento e la stabilit\u00e0 a lungo termine<\/td>\n<\/tr>\n<tr data-start=\"1274\" data-end=\"1403\">\n<td data-start=\"1274\" data-end=\"1309\" data-col-size=\"sm\"><strong data-start=\"1276\" data-end=\"1299\">Profilo della temperatura<\/strong><\/td>\n<td data-col-size=\"md\" data-start=\"1309\" data-end=\"1354\">Temperatura elevata costante (es. 4\u00b0C- 25\u00b0C-45 \u00b0C)<\/td>\n<td data-col-size=\"md\" data-start=\"1354\" data-end=\"1403\">Estremi alternati (-15\u00b0C \u00b1 2\u00b0C; +20\u00b0C \u00b1 2\u00b0C; +45\u00b0C \u00b1 2\u00b0C)<\/td>\n<\/tr>\n<tr data-start=\"1404\" data-end=\"1531\">\n<td data-start=\"1404\" data-end=\"1439\" data-col-size=\"sm\"><strong data-start=\"1406\" data-end=\"1418\">Durata<\/strong><\/td>\n<td data-col-size=\"md\" data-start=\"1439\" data-end=\"1483\">Da 95 a 105 giorni<\/td>\n<td data-col-size=\"md\" data-start=\"1483\" data-end=\"1531\">Da 50 a 60 giorni<\/td>\n<\/tr>\n<tr data-start=\"1532\" data-end=\"1659\">\n<td data-start=\"1532\" data-end=\"1567\" data-col-size=\"sm\"><strong data-start=\"1534\" data-end=\"1551\">Simulazione di<\/strong><\/td>\n<td data-col-size=\"md\" data-start=\"1567\" data-end=\"1611\">Tempo e invecchiamento<\/td>\n<td data-col-size=\"md\" data-start=\"1611\" data-end=\"1659\">Tempo e invecchiamento, trasporto o esposizione rapida al clima<\/td>\n<\/tr>\n<tr data-start=\"1660\" data-end=\"1787\">\n<td data-start=\"1660\" data-end=\"1695\" data-col-size=\"sm\"><strong data-start=\"1662\" data-end=\"1686\">Osservazioni tipiche<\/strong><\/td>\n<td data-col-size=\"md\" data-start=\"1695\" data-end=\"1739\">Aspetto, odore, colore, pH, densit\u00e0, viscosit\u00e0<\/td>\n<td data-col-size=\"md\" data-start=\"1739\" data-end=\"1787\">Aspetto, odore, colore, pH, densit\u00e0, viscosit\u00e0<\/td>\n<\/tr>\n<tr data-start=\"1788\" data-end=\"1916\">\n<td data-start=\"1788\" data-end=\"1823\" data-col-size=\"sm\"><strong data-start=\"1790\" data-end=\"1812\">Test di compatibilit\u00e0<\/strong><\/td>\n<td data-col-size=\"md\" data-start=\"1823\" data-end=\"1868\">Valuta l&#8217;interazione prodotto-imballaggio<\/td>\n<td data-col-size=\"md\" data-start=\"1868\" data-end=\"1916\">Valuta l&#8217;interazione prodotto-imballaggio<\/td>\n<\/tr>\n<\/tbody>\n<\/table>\n<h2>Test sulle specifiche del prodotto<\/h2>\n<p>I parametri fisico-chimici di un prodotto, come il <strong>pH, la viscosit\u00e0, la densit\u00e0 e il colore<\/strong>, svolgono un ruolo importante nella valutazione della sicurezza di un prodotto.<\/p>\n<p>Per ottenere un rapporto dettagliato sulle specifiche del prodotto per effettuare una valutazione della sicurezza, sono necessari diversi test fisico-chimici di laboratorio. Questi test forniscono informazioni sulle propriet\u00e0 del prodotto e servono a valutarne la stabilit\u00e0, la sicurezza e l&#8217;idoneit\u00e0. <\/p>\n","protected":false},"excerpt":{"rendered":"<p>Se il tuo prodotto presenta variazioni di colore o di profumo, puoi scegliere questa opzione. Questo prodotto fa parte del pacchetto di valutazione cosmetica e pu\u00f2 essere acquistato solo quando abbiamo gi\u00e0 creato il tuo PIF e CPSR principale. Cosa c&#8217;\u00e8 in questa variante extra? Questa variazione far\u00e0 parte della valutazione esistente effettuata da Certified&#8230;<\/p>\n","protected":false},"featured_media":14594,"template":"","meta":[],"product_brand":[],"product_cat":[115],"product_tag":[],"class_list":{"0":"post-14796","1":"product","2":"type-product","3":"status-publish","4":"has-post-thumbnail","6":"product_cat-valutazione-della-sicurezza-cosmetica","8":"first","9":"instock","10":"virtual","11":"taxable","12":"purchasable","13":"product-type-bundle"},"bundled_by":[],"bundle_stock_status":"instock","bundle_stock_quantity":"","bundle_virtual":false,"bundle_layout":"default","bundle_add_to_cart_form_location":"default","bundle_editable_in_cart":false,"bundle_sold_individually_context":"product","bundle_item_grouping":"parent","bundle_min_size":"","bundle_max_size":"","bundle_price":{"price":{"min":{"incl_tax":"406.43","excl_tax":"335.89"},"max":{"incl_tax":"","excl_tax":""}},"regular_price":{"min":{"incl_tax":"406.43","excl_tax":"335.89"},"max":{"incl_tax":"","excl_tax":""}}},"bundled_items":[{"bundled_item_id":1303,"product_id":11951,"menu_order":0,"quantity_min":1,"quantity_max":1,"quantity_default":1,"priced_individually":false,"shipped_individually":true,"override_title":false,"title":"Rapporto sulla sicurezza dei prodotti cosmetici &#8211; CPSR","override_description":false,"description":"Rapporto sulla sicurezza dei prodotti cosmetici &#8211; CPSR","optional":false,"hide_thumbnail":false,"discount":"","override_variations":false,"allowed_variations":[""],"override_default_variation_attributes":false,"default_variation_attributes":[],"single_product_visibility":"visible","cart_visibility":"visible","order_visibility":"visible","single_product_price_visibility":"visible","cart_price_visibility":"visible","order_price_visibility":"visible","stock_status":"in_stock"},{"bundled_item_id":974,"product_id":7287,"menu_order":2,"quantity_min":1,"quantity_max":1,"quantity_default":1,"priced_individually":true,"shipped_individually":false,"override_title":false,"title":"Test di stabilit\u00e0 e compatibilit\u00e0 accelerata","override_description":false,"description":"Test di stabilit\u00e0 e compatibilit\u00e0 accelerata","optional":false,"hide_thumbnail":false,"discount":"","override_variations":false,"allowed_variations":[""],"override_default_variation_attributes":false,"default_variation_attributes":[],"single_product_visibility":"visible","cart_visibility":"visible","order_visibility":"visible","single_product_price_visibility":"visible","cart_price_visibility":"visible","order_price_visibility":"visible","stock_status":"in_stock"},{"bundled_item_id":1304,"product_id":7179,"menu_order":2,"quantity_min":1,"quantity_max":1,"quantity_default":1,"priced_individually":false,"shipped_individually":true,"override_title":false,"title":"File di informazioni sul prodotto PIF","override_description":false,"description":"File di informazioni sul prodotto PIF","optional":false,"hide_thumbnail":false,"discount":"","override_variations":false,"allowed_variations":[""],"override_default_variation_attributes":false,"default_variation_attributes":[],"single_product_visibility":"visible","cart_visibility":"visible","order_visibility":"visible","single_product_price_visibility":"visible","cart_price_visibility":"visible","order_price_visibility":"visible","stock_status":"in_stock"},{"bundled_item_id":1305,"product_id":7056,"menu_order":3,"quantity_min":0,"quantity_max":"","quantity_default":1,"priced_individually":true,"shipped_individually":true,"override_title":false,"title":"Notifica CPNP","override_description":false,"description":"Notifica CPNP","optional":false,"hide_thumbnail":false,"discount":"","override_variations":false,"allowed_variations":[""],"override_default_variation_attributes":false,"default_variation_attributes":[],"single_product_visibility":"visible","cart_visibility":"visible","order_visibility":"visible","single_product_price_visibility":"visible","cart_price_visibility":"visible","order_price_visibility":"visible","stock_status":"in_stock"},{"bundled_item_id":1306,"product_id":11308,"menu_order":4,"quantity_min":0,"quantity_max":"","quantity_default":0,"priced_individually":true,"shipped_individually":true,"override_title":false,"title":"Test sulle specifiche del prodotto","override_description":false,"description":"Test sulle specifiche del prodotto","optional":false,"hide_thumbnail":false,"discount":"","override_variations":false,"allowed_variations":[""],"override_default_variation_attributes":false,"default_variation_attributes":[],"single_product_visibility":"visible","cart_visibility":"visible","order_visibility":"visible","single_product_price_visibility":"visible","cart_price_visibility":"visible","order_price_visibility":"visible","stock_status":"in_stock"},{"bundled_item_id":1307,"product_id":7260,"menu_order":5,"quantity_min":0,"quantity_max":"","quantity_default":0,"priced_individually":true,"shipped_individually":true,"override_title":false,"title":"Test di microbiologia","override_description":false,"description":"Test di microbiologia","optional":false,"hide_thumbnail":false,"discount":"","override_variations":false,"allowed_variations":[""],"override_default_variation_attributes":false,"default_variation_attributes":[],"single_product_visibility":"visible","cart_visibility":"visible","order_visibility":"visible","single_product_price_visibility":"visible","cart_price_visibility":"visible","order_price_visibility":"visible","stock_status":"in_stock"}],"bundle_sell_ids":[],"yoast_head":"<!-- This site is optimized with the Yoast SEO Premium plugin v25.4 (Yoast SEO v25.4) - https:\/\/yoast.com\/wordpress\/plugins\/seo\/ -->\n<title>Variazione extra per il PIF esistente - Certified Cosmetics<\/title>\n<meta name=\"robots\" content=\"index, follow, max-snippet:-1, max-image-preview:large, max-video-preview:-1\" \/>\n<link rel=\"canonical\" href=\"https:\/\/www.certifiedcosmetics.com\/it\/product\/valutazione-della-sicurezza-cosmetica\/variazione-extra-per-il-pif-esistente\/\" \/>\n<meta property=\"og:locale\" content=\"it_IT\" \/>\n<meta property=\"og:type\" content=\"article\" \/>\n<meta property=\"og:title\" content=\"Variazione extra per il PIF esistente\" \/>\n<meta property=\"og:description\" content=\"Se il tuo prodotto presenta variazioni di colore o di profumo, puoi scegliere questa opzione. Questo prodotto fa parte del pacchetto di valutazione cosmetica e pu\u00f2 essere acquistato solo quando abbiamo gi\u00e0 creato il tuo PIF e CPSR principale. Cosa c&#8217;\u00e8 in questa variante extra? Questa variazione far\u00e0 parte della valutazione esistente effettuata da Certified...\" \/>\n<meta property=\"og:url\" content=\"https:\/\/www.certifiedcosmetics.com\/it\/product\/valutazione-della-sicurezza-cosmetica\/variazione-extra-per-il-pif-esistente\/\" \/>\n<meta property=\"og:site_name\" content=\"Certified Cosmetics\" \/>\n<meta property=\"og:image\" content=\"https:\/\/www.certifiedcosmetics.com\/wp-content\/uploads\/2025\/12\/Cosmetics-Compliance-Greece.jpg\" \/>\n\t<meta property=\"og:image:width\" content=\"800\" \/>\n\t<meta property=\"og:image:height\" content=\"800\" \/>\n\t<meta property=\"og:image:type\" content=\"image\/jpeg\" \/>\n<meta name=\"twitter:card\" content=\"summary_large_image\" \/>\n<meta name=\"twitter:label1\" content=\"Prezzo\" \/>\n\t<meta name=\"twitter:data1\" content=\"&#036;58.85\" \/>\n\t<meta name=\"twitter:label2\" content=\"Disponibilit\u00e0\" \/>\n\t<meta name=\"twitter:data2\" content=\"In stock\" \/>\n<script type=\"application\/ld+json\" class=\"yoast-schema-graph\">{\"@context\":\"https:\/\/schema.org\",\"@graph\":[{\"@type\":\"WebPage\",\"@id\":\"https:\/\/www.certifiedcosmetics.com\/it\/product\/valutazione-della-sicurezza-cosmetica\/variazione-extra-per-il-pif-esistente\/\",\"url\":\"https:\/\/www.certifiedcosmetics.com\/it\/product\/valutazione-della-sicurezza-cosmetica\/variazione-extra-per-il-pif-esistente\/\",\"name\":\"Variazione extra per il PIF esistente - Certified Cosmetics\",\"isPartOf\":{\"@id\":\"https:\/\/www.certifiedcosmetics.com\/it\/#website\"},\"primaryImageOfPage\":{\"@id\":\"https:\/\/www.certifiedcosmetics.com\/it\/product\/valutazione-della-sicurezza-cosmetica\/variazione-extra-per-il-pif-esistente\/#primaryimage\"},\"image\":{\"@id\":\"https:\/\/www.certifiedcosmetics.com\/it\/product\/valutazione-della-sicurezza-cosmetica\/variazione-extra-per-il-pif-esistente\/#primaryimage\"},\"thumbnailUrl\":\"https:\/\/www.certifiedcosmetics.com\/wp-content\/uploads\/2025\/12\/Cosmetics-Compliance-Greece.jpg\",\"datePublished\":\"2025-12-30T09:08:12+00:00\",\"breadcrumb\":{\"@id\":\"https:\/\/www.certifiedcosmetics.com\/it\/product\/valutazione-della-sicurezza-cosmetica\/variazione-extra-per-il-pif-esistente\/#breadcrumb\"},\"inLanguage\":\"it-IT\",\"potentialAction\":[{\"@type\":\"ReadAction\",\"target\":[\"https:\/\/www.certifiedcosmetics.com\/it\/product\/valutazione-della-sicurezza-cosmetica\/variazione-extra-per-il-pif-esistente\/\"]}]},{\"@type\":\"ImageObject\",\"inLanguage\":\"it-IT\",\"@id\":\"https:\/\/www.certifiedcosmetics.com\/it\/product\/valutazione-della-sicurezza-cosmetica\/variazione-extra-per-il-pif-esistente\/#primaryimage\",\"url\":\"https:\/\/www.certifiedcosmetics.com\/wp-content\/uploads\/2025\/12\/Cosmetics-Compliance-Greece.jpg\",\"contentUrl\":\"https:\/\/www.certifiedcosmetics.com\/wp-content\/uploads\/2025\/12\/Cosmetics-Compliance-Greece.jpg\",\"width\":800,\"height\":800,\"caption\":\"Conformit\u00e0 dei cosmetici Grecia\"},{\"@type\":\"BreadcrumbList\",\"@id\":\"https:\/\/www.certifiedcosmetics.com\/it\/product\/valutazione-della-sicurezza-cosmetica\/variazione-extra-per-il-pif-esistente\/#breadcrumb\",\"itemListElement\":[{\"@type\":\"ListItem\",\"position\":1,\"name\":\"Home\",\"item\":\"https:\/\/www.certifiedcosmetics.com\/it\/\"},{\"@type\":\"ListItem\",\"position\":2,\"name\":\"Negozio\",\"item\":\"https:\/\/www.certifiedcosmetics.com\/it\/negozio\/\"},{\"@type\":\"ListItem\",\"position\":3,\"name\":\"Variazione extra per il PIF esistente\"}]},{\"@type\":\"WebSite\",\"@id\":\"https:\/\/www.certifiedcosmetics.com\/it\/#website\",\"url\":\"https:\/\/www.certifiedcosmetics.com\/it\/\",\"name\":\"Certified Cosmetics\",\"description\":\"Cosmetic Safety Assessment\",\"publisher\":{\"@id\":\"https:\/\/www.certifiedcosmetics.com\/it\/#organization\"},\"potentialAction\":[{\"@type\":\"SearchAction\",\"target\":{\"@type\":\"EntryPoint\",\"urlTemplate\":\"https:\/\/www.certifiedcosmetics.com\/it\/?s={search_term_string}\"},\"query-input\":{\"@type\":\"PropertyValueSpecification\",\"valueRequired\":true,\"valueName\":\"search_term_string\"}}],\"inLanguage\":\"it-IT\"},{\"@type\":\"Organization\",\"@id\":\"https:\/\/www.certifiedcosmetics.com\/it\/#organization\",\"name\":\"Certified Cosmetics\",\"url\":\"https:\/\/www.certifiedcosmetics.com\/it\/\",\"logo\":{\"@type\":\"ImageObject\",\"inLanguage\":\"it-IT\",\"@id\":\"https:\/\/www.certifiedcosmetics.com\/it\/#\/schema\/logo\/image\/\",\"url\":\"https:\/\/www.certifiedcosmetics.com\/wp-content\/uploads\/2024\/12\/logo_certified_cosmetics696.jpg\",\"contentUrl\":\"https:\/\/www.certifiedcosmetics.com\/wp-content\/uploads\/2024\/12\/logo_certified_cosmetics696.jpg\",\"width\":696,\"height\":696,\"caption\":\"Certified Cosmetics\"},\"image\":{\"@id\":\"https:\/\/www.certifiedcosmetics.com\/it\/#\/schema\/logo\/image\/\"},\"description\":\"Your trusted partner for cosmetic product safety reporting. We take care of updating all of your documentation, ensuring your compliance stays current even as regulations evolve. The Cosmetic Product Safety Assessment will give you everything you need to sell specific products to EU consumers.\",\"email\":\"contact@certifiedcosmetics.com\",\"telephone\":\"+31 36 2036384\",\"legalName\":\"Certified Cosmetics\",\"foundingDate\":\"2010-01-01\",\"vatID\":\"NL854189543B01\",\"numberOfEmployees\":{\"@type\":\"QuantitativeValue\",\"minValue\":\"11\",\"maxValue\":\"50\"}}]}<\/script>\n<meta property=\"product:price:amount\" content=\"58.85\" \/>\n<meta property=\"product:price:currency\" content=\"USD\" \/>\n<meta property=\"og:availability\" content=\"instock\" \/>\n<meta property=\"product:availability\" content=\"instock\" \/>\n<meta property=\"product:retailer_item_id\" content=\"CC100061\" \/>\n<meta property=\"product:condition\" content=\"new\" \/>\n<!-- \/ Yoast SEO Premium plugin. -->","yoast_head_json":{"title":"Variazione extra per il PIF esistente - Certified Cosmetics","robots":{"index":"index","follow":"follow","max-snippet":"max-snippet:-1","max-image-preview":"max-image-preview:large","max-video-preview":"max-video-preview:-1"},"canonical":"https:\/\/www.certifiedcosmetics.com\/it\/product\/valutazione-della-sicurezza-cosmetica\/variazione-extra-per-il-pif-esistente\/","og_locale":"it_IT","og_type":"article","og_title":"Variazione extra per il PIF esistente","og_description":"Se il tuo prodotto presenta variazioni di colore o di profumo, puoi scegliere questa opzione. Questo prodotto fa parte del pacchetto di valutazione cosmetica e pu\u00f2 essere acquistato solo quando abbiamo gi\u00e0 creato il tuo PIF e CPSR principale. Cosa c&#8217;\u00e8 in questa variante extra? Questa variazione far\u00e0 parte della valutazione esistente effettuata da Certified...","og_url":"https:\/\/www.certifiedcosmetics.com\/it\/product\/valutazione-della-sicurezza-cosmetica\/variazione-extra-per-il-pif-esistente\/","og_site_name":"Certified Cosmetics","og_image":[{"width":800,"height":800,"url":"https:\/\/www.certifiedcosmetics.com\/wp-content\/uploads\/2025\/12\/Cosmetics-Compliance-Greece.jpg","type":"image\/jpeg"}],"twitter_card":"summary_large_image","twitter_misc":{"Prezzo":"&#36;58.85","Disponibilit\u00e0":"In stock"},"schema":{"@context":"https:\/\/schema.org","@graph":[{"@type":"WebPage","@id":"https:\/\/www.certifiedcosmetics.com\/it\/product\/valutazione-della-sicurezza-cosmetica\/variazione-extra-per-il-pif-esistente\/","url":"https:\/\/www.certifiedcosmetics.com\/it\/product\/valutazione-della-sicurezza-cosmetica\/variazione-extra-per-il-pif-esistente\/","name":"Variazione extra per il PIF esistente - Certified Cosmetics","isPartOf":{"@id":"https:\/\/www.certifiedcosmetics.com\/it\/#website"},"primaryImageOfPage":{"@id":"https:\/\/www.certifiedcosmetics.com\/it\/product\/valutazione-della-sicurezza-cosmetica\/variazione-extra-per-il-pif-esistente\/#primaryimage"},"image":{"@id":"https:\/\/www.certifiedcosmetics.com\/it\/product\/valutazione-della-sicurezza-cosmetica\/variazione-extra-per-il-pif-esistente\/#primaryimage"},"thumbnailUrl":"https:\/\/www.certifiedcosmetics.com\/wp-content\/uploads\/2025\/12\/Cosmetics-Compliance-Greece.jpg","datePublished":"2025-12-30T09:08:12+00:00","breadcrumb":{"@id":"https:\/\/www.certifiedcosmetics.com\/it\/product\/valutazione-della-sicurezza-cosmetica\/variazione-extra-per-il-pif-esistente\/#breadcrumb"},"inLanguage":"it-IT","potentialAction":[{"@type":"ReadAction","target":["https:\/\/www.certifiedcosmetics.com\/it\/product\/valutazione-della-sicurezza-cosmetica\/variazione-extra-per-il-pif-esistente\/"]}]},{"@type":"ImageObject","inLanguage":"it-IT","@id":"https:\/\/www.certifiedcosmetics.com\/it\/product\/valutazione-della-sicurezza-cosmetica\/variazione-extra-per-il-pif-esistente\/#primaryimage","url":"https:\/\/www.certifiedcosmetics.com\/wp-content\/uploads\/2025\/12\/Cosmetics-Compliance-Greece.jpg","contentUrl":"https:\/\/www.certifiedcosmetics.com\/wp-content\/uploads\/2025\/12\/Cosmetics-Compliance-Greece.jpg","width":800,"height":800,"caption":"Conformit\u00e0 dei cosmetici Grecia"},{"@type":"BreadcrumbList","@id":"https:\/\/www.certifiedcosmetics.com\/it\/product\/valutazione-della-sicurezza-cosmetica\/variazione-extra-per-il-pif-esistente\/#breadcrumb","itemListElement":[{"@type":"ListItem","position":1,"name":"Home","item":"https:\/\/www.certifiedcosmetics.com\/it\/"},{"@type":"ListItem","position":2,"name":"Negozio","item":"https:\/\/www.certifiedcosmetics.com\/it\/negozio\/"},{"@type":"ListItem","position":3,"name":"Variazione extra per il PIF esistente"}]},{"@type":"WebSite","@id":"https:\/\/www.certifiedcosmetics.com\/it\/#website","url":"https:\/\/www.certifiedcosmetics.com\/it\/","name":"Certified Cosmetics","description":"Cosmetic Safety Assessment","publisher":{"@id":"https:\/\/www.certifiedcosmetics.com\/it\/#organization"},"potentialAction":[{"@type":"SearchAction","target":{"@type":"EntryPoint","urlTemplate":"https:\/\/www.certifiedcosmetics.com\/it\/?s={search_term_string}"},"query-input":{"@type":"PropertyValueSpecification","valueRequired":true,"valueName":"search_term_string"}}],"inLanguage":"it-IT"},{"@type":"Organization","@id":"https:\/\/www.certifiedcosmetics.com\/it\/#organization","name":"Certified Cosmetics","url":"https:\/\/www.certifiedcosmetics.com\/it\/","logo":{"@type":"ImageObject","inLanguage":"it-IT","@id":"https:\/\/www.certifiedcosmetics.com\/it\/#\/schema\/logo\/image\/","url":"https:\/\/www.certifiedcosmetics.com\/wp-content\/uploads\/2024\/12\/logo_certified_cosmetics696.jpg","contentUrl":"https:\/\/www.certifiedcosmetics.com\/wp-content\/uploads\/2024\/12\/logo_certified_cosmetics696.jpg","width":696,"height":696,"caption":"Certified Cosmetics"},"image":{"@id":"https:\/\/www.certifiedcosmetics.com\/it\/#\/schema\/logo\/image\/"},"description":"Your trusted partner for cosmetic product safety reporting. We take care of updating all of your documentation, ensuring your compliance stays current even as regulations evolve. The Cosmetic Product Safety Assessment will give you everything you need to sell specific products to EU consumers.","email":"contact@certifiedcosmetics.com","telephone":"+31 36 2036384","legalName":"Certified Cosmetics","foundingDate":"2010-01-01","vatID":"NL854189543B01","numberOfEmployees":{"@type":"QuantitativeValue","minValue":"11","maxValue":"50"}}]},"product_price_amount":"58.85","product_price_currency":"USD","og_availability":"instock","product_availability":"instock","product_retailer_item_id":"CC100061","product_condition":"new"},"_links":{"self":[{"href":"https:\/\/www.certifiedcosmetics.com\/it\/wp-json\/wp\/v2\/product\/14796","targetHints":{"allow":["GET"]}}],"collection":[{"href":"https:\/\/www.certifiedcosmetics.com\/it\/wp-json\/wp\/v2\/product"}],"about":[{"href":"https:\/\/www.certifiedcosmetics.com\/it\/wp-json\/wp\/v2\/types\/product"}],"wp:featuredmedia":[{"embeddable":true,"href":"https:\/\/www.certifiedcosmetics.com\/it\/wp-json\/wp\/v2\/media\/14594"}],"wp:attachment":[{"href":"https:\/\/www.certifiedcosmetics.com\/it\/wp-json\/wp\/v2\/media?parent=14796"}],"wp:term":[{"taxonomy":"product_brand","embeddable":true,"href":"https:\/\/www.certifiedcosmetics.com\/it\/wp-json\/wp\/v2\/product_brand?post=14796"},{"taxonomy":"product_cat","embeddable":true,"href":"https:\/\/www.certifiedcosmetics.com\/it\/wp-json\/wp\/v2\/product_cat?post=14796"},{"taxonomy":"product_tag","embeddable":true,"href":"https:\/\/www.certifiedcosmetics.com\/it\/wp-json\/wp\/v2\/product_tag?post=14796"}],"curies":[{"name":"wp","href":"https:\/\/api.w.org\/{rel}","templated":true}]}}