{"id":14456,"date":"2025-11-03T12:40:57","date_gmt":"2025-11-03T11:40:57","guid":{"rendered":"https:\/\/www.certifiedcosmetics.com\/product\/uncategorized\/test-di-elasticita-e-compattezza-della-pelle\/"},"modified":"2025-11-03T12:40:57","modified_gmt":"2025-11-03T11:40:57","slug":"test-di-elasticita-e-compattezza-della-pelle","status":"publish","type":"product","link":"https:\/\/www.certifiedcosmetics.com\/it\/product\/test-di-efficacia\/test-cutanei\/test-di-elasticita-e-compattezza-della-pelle\/","title":{"rendered":"Test di elasticit\u00e0 e compattezza della pelle"},"content":{"rendered":"<p data-start=\"39\" data-end=\"388\">Il <strong data-start=\"43\" data-end=\"78\">test di elasticit\u00e0 e compattezza della pelle<\/strong> \u00e8 una valutazione scientifica utilizzata per misurare le <strong data-start=\"126\" data-end=\"163\">propriet\u00e0 meccaniche della pelle<\/strong>, in particolare la sua capacit\u00e0 di tornare alla sua forma originale dopo essere stata delicatamente stirata. Questo test fornisce prove oggettive per affermazioni come &#8220;migliora la compattezza della pelle&#8221;, &#8220;aumenta l&#8217;elasticit\u00e0&#8221; o &#8220;riduce i segni dell&#8217;invecchiamento&#8221;. <\/p>\n<h2 data-start=\"390\" data-end=\"415\">Scopo del test<\/h2>\n<p data-start=\"416\" data-end=\"726\">L&#8217;obiettivo di questo test \u00e8 determinare se un prodotto cosmetico migliora il <strong data-start=\"501\" data-end=\"534\">recupero elastico e la compattezza<\/strong> della pelle potenziando la funzione del collagene e dell&#8217;elastina o migliorando l&#8217;idratazione negli strati pi\u00f9 profondi della pelle. \u00c8 particolarmente importante per i prodotti <strong data-start=\"660\" data-end=\"674\">anti-invecchiamento<\/strong>, <strong data-start=\"676\" data-end=\"687\">lifting<\/strong> e <strong data-start=\"693\" data-end=\"714\">ringiovanimento della pelle<\/strong>. <\/p>\n<h2 data-start=\"728\" data-end=\"745\">Metodologia<\/h2>\n<p data-start=\"746\" data-end=\"1092\">Lo studio viene eseguito come <strong data-start=\"775\" data-end=\"793\">test su apparecchiatura<\/strong> utilizzando un <strong data-start=\"802\" data-end=\"815\">Cutometro<\/strong> o un dispositivo equivalente che misura la capacit\u00e0 della pelle di deformarsi e tornare alla sua posizione originale. Lo strumento applica una leggera aspirazione sulla superficie cutanea e registra il modo in cui la pelle si muove in risposta, fornendo dati precisi su elasticit\u00e0, compattezza e viscoelasticit\u00e0. <\/p>\n<ul data-start=\"1094\" data-end=\"1388\">\n<li data-start=\"1094\" data-end=\"1126\">\n<p data-start=\"1096\" data-end=\"1126\"><strong data-start=\"1096\" data-end=\"1121\">Numero di volontari:<\/strong> 10<\/p>\n<\/li>\n<li data-start=\"1127\" data-end=\"1324\">\n<p data-start=\"1129\" data-end=\"1324\"><strong data-start=\"1129\" data-end=\"1152\">Punti di misurazione:<\/strong> Vengono effettuate due misurazioni &#8211; <strong data-start=\"1182\" data-end=\"1217\">T0 (prima dell&#8217;applicazione del prodotto)<\/strong> e <strong data-start=\"1222\" data-end=\"1248\">T1 (dopo l&#8217;applicazione)<\/strong> &#8211; in condizioni ambientali standardizzate (temperatura e umidit\u00e0).<\/p>\n<\/li>\n<li data-start=\"1325\" data-end=\"1388\">\n<p data-start=\"1327\" data-end=\"1388\"><strong data-start=\"1327\" data-end=\"1358\">Numero di campioni richiesti:<\/strong> 11 campioni di prodotto finito<\/p>\n<\/li>\n<\/ul>\n<h2 data-start=\"1390\" data-end=\"1410\">Procedura di test<\/h2>\n<ol data-start=\"1411\" data-end=\"2014\">\n<li data-start=\"1411\" data-end=\"1511\">\n<p data-start=\"1414\" data-end=\"1511\"><strong data-start=\"1414\" data-end=\"1438\">Selezione dei volontari:<\/strong> Vengono selezionati dieci partecipanti adulti con diversi livelli di tonicit\u00e0 della pelle.<\/p>\n<\/li>\n<li data-start=\"1512\" data-end=\"1628\">\n<p data-start=\"1515\" data-end=\"1628\"><strong data-start=\"1515\" data-end=\"1545\">Misurazione di base (T0):<\/strong> La compattezza e l&#8217;elasticit\u00e0 della pelle vengono misurate sulla pelle non trattata utilizzando il Cutometro.<\/p>\n<\/li>\n<li data-start=\"1629\" data-end=\"1768\">\n<p data-start=\"1632\" data-end=\"1768\"><strong data-start=\"1632\" data-end=\"1656\">Applicazione del prodotto:<\/strong> Una quantit\u00e0 definita del prodotto di prova viene applicata sull&#8217;area designata (di solito il viso, l&#8217;avambraccio o il collo).<\/p>\n<\/li>\n<li data-start=\"1769\" data-end=\"1904\">\n<p data-start=\"1772\" data-end=\"1904\"><strong data-start=\"1772\" data-end=\"1810\">Misurazione post-applicazione (T1):<\/strong> Dopo una durata specifica (di solito da 30 minuti a diverse ore), le misurazioni vengono ripetute.<\/p>\n<\/li>\n<li data-start=\"1905\" data-end=\"2014\">\n<p data-start=\"1908\" data-end=\"2014\"><strong data-start=\"1908\" data-end=\"1928\">Confronto dei dati:<\/strong> I risultati di T0 e T1 vengono analizzati per determinare il miglioramento della compattezza e dell&#8217;elasticit\u00e0.<\/p>\n<\/li>\n<\/ol>\n<h2 data-start=\"2016\" data-end=\"2042\">Parametri valutati<\/h2>\n<ul data-start=\"2043\" data-end=\"2396\">\n<li data-start=\"2043\" data-end=\"2101\">\n<p data-start=\"2045\" data-end=\"2101\"><strong data-start=\"2045\" data-end=\"2085\">Miglioramento immediato e a breve termine<\/strong> dell&#8217;elasticit\u00e0<\/p>\n<\/li>\n<li data-start=\"2102\" data-end=\"2179\">\n<p data-start=\"2104\" data-end=\"2179\"><strong data-start=\"2104\" data-end=\"2127\">Rapporto di compattezza (R2)<\/strong> &#8211; la capacit\u00e0 della pelle di riprendersi dopo una deformazione<\/p>\n<\/li>\n<li data-start=\"2180\" data-end=\"2241\">\n<p data-start=\"2182\" data-end=\"2241\"><strong data-start=\"2182\" data-end=\"2210\">Deformazione massima (R0)<\/strong> &#8211; legata alla morbidezza della pelle<\/p>\n<\/li>\n<li data-start=\"2242\" data-end=\"2329\">\n<p data-start=\"2244\" data-end=\"2329\"><strong data-start=\"2244\" data-end=\"2288\">Comportamento viscoelastico (parametri R6-R8)<\/strong> &#8211; indica una profonda resilienza strutturale<\/p>\n<\/li>\n<li data-start=\"2330\" data-end=\"2396\">\n<p data-start=\"2332\" data-end=\"2396\"><strong data-start=\"2332\" data-end=\"2360\">Significativit\u00e0 statistica<\/strong> dei miglioramenti dopo l&#8217;applicazione<\/p>\n<\/li>\n<\/ul>\n<h2 data-start=\"2398\" data-end=\"2423\">Requisiti dei campioni<\/h2>\n<ul data-start=\"2424\" data-end=\"2631\">\n<li data-start=\"2424\" data-end=\"2469\">\n<p data-start=\"2426\" data-end=\"2469\"><strong data-start=\"2426\" data-end=\"2439\">Quantit\u00e0:<\/strong> 11 campioni di prodotto finito<\/p>\n<\/li>\n<li data-start=\"2470\" data-end=\"2535\">\n<p data-start=\"2472\" data-end=\"2535\"><strong data-start=\"2472\" data-end=\"2486\">Condizioni:<\/strong> Non aperto, stabile e adatto per uso topico<\/p>\n<\/li>\n<li data-start=\"2536\" data-end=\"2631\">\n<p data-start=\"2538\" data-end=\"2631\"><strong data-start=\"2538\" data-end=\"2556\">Tipi di prodotti:<\/strong> Creme anti-invecchiamento, sieri rassodanti, gel liftanti o prodotti tonificanti per il corpo<\/p>\n<\/li>\n<\/ul>\n<h2 data-start=\"2633\" data-end=\"2658\">Risultati e rapporti<\/h2>\n<p data-start=\"2659\" data-end=\"2692\">Il rapporto di laboratorio include:<\/p>\n<ul data-start=\"2693\" data-end=\"2990\">\n<li data-start=\"2693\" data-end=\"2744\">\n<p data-start=\"2695\" data-end=\"2744\">Descrizione delle condizioni e delle attrezzature di prova<\/p>\n<\/li>\n<li data-start=\"2745\" data-end=\"2808\">\n<p data-start=\"2747\" data-end=\"2808\">Grafici e curve di dati che rappresentano l&#8217;elasticit\u00e0 e la fermezza<\/p>\n<\/li>\n<li data-start=\"2809\" data-end=\"2877\">\n<p data-start=\"2811\" data-end=\"2877\">Analisi statistica dei parametri di elasticit\u00e0 (R0, R2, R5, ecc.)<\/p>\n<\/li>\n<li data-start=\"2878\" data-end=\"2927\">\n<p data-start=\"2880\" data-end=\"2927\">Riepilogo comparativo delle misurazioni T0 vs. T1<\/p>\n<\/li>\n<li data-start=\"2928\" data-end=\"2990\">\n<p data-start=\"2930\" data-end=\"2990\">Interpretazione che conferma gli effetti rassodanti e anti-et\u00e0 della pelle<\/p>\n<\/li>\n<\/ul>\n<h2 data-start=\"2992\" data-end=\"3019\">Perch\u00e9 questo test \u00e8 importante<\/h2>\n<p data-start=\"3020\" data-end=\"3225\">Il test di elasticit\u00e0 e compattezza cutanea fornisce <strong data-start=\"3065\" data-end=\"3098\">dati quantitativi e verificabili<\/strong> che dimostrano l&#8217;efficacia delle formulazioni anti-invecchiamento e rassodanti. Supporta le indicazioni di marketing e di etichettatura come: <\/p>\n<ul data-start=\"3226\" data-end=\"3349\">\n<li data-start=\"3226\" data-end=\"3269\">\n<p data-start=\"3228\" data-end=\"3269\">&#8220;Migliora la compattezza e la resilienza della pelle&#8221;<\/p>\n<\/li>\n<li data-start=\"3270\" data-end=\"3310\">\n<p data-start=\"3272\" data-end=\"3310\">&#8220;Ripristina l&#8217;elasticit\u00e0 e la morbidezza&#8221;<\/p>\n<\/li>\n<li data-start=\"3311\" data-end=\"3349\">\n<p data-start=\"3313\" data-end=\"3349\">&#8220;Solleva e tonifica visibilmente la pelle&#8221;<\/p>\n<\/li>\n<\/ul>\n<p data-start=\"3351\" data-end=\"3571\" data-is-last-node=\"\" data-is-only-node=\"\">Questo test \u00e8 essenziale per la <strong data-start=\"3378\" data-end=\"3452\">validazione del prodotto, l&#8217;approvazione del marketing e la documentazione clinica<\/strong>, offrendo un metodo scientificamente validato per confermare gli <strong data-start=\"3509\" data-end=\"3545\">effetti rassodanti e ringiovanenti<\/strong> delle formulazioni cosmetiche.<\/p>\n","protected":false},"excerpt":{"rendered":"<p>Il test di elasticit\u00e0 e compattezza della pelle \u00e8 una valutazione scientifica utilizzata per misurare le propriet\u00e0 meccaniche della pelle, in particolare la sua capacit\u00e0 di tornare alla sua forma originale dopo essere stata delicatamente stirata. Questo test fornisce prove oggettive per affermazioni come &#8220;migliora la compattezza della pelle&#8221;, &#8220;aumenta l&#8217;elasticit\u00e0&#8221; o &#8220;riduce i segni&#8230;<\/p>\n","protected":false},"featured_media":14415,"template":"","meta":[],"product_brand":[],"product_cat":[146,130],"product_tag":[],"class_list":{"0":"post-14456","1":"product","2":"type-product","3":"status-publish","4":"has-post-thumbnail","6":"product_cat-test-cutanei","7":"product_cat-test-di-efficacia","9":"first","10":"instock","11":"virtual","12":"taxable","13":"purchasable","14":"product-type-simple"},"bundled_by":[],"bundle_stock_status":"instock","bundle_stock_quantity":null,"bundle_virtual":false,"bundle_layout":"","bundle_add_to_cart_form_location":"","bundle_editable_in_cart":false,"bundle_sold_individually_context":"","bundle_item_grouping":"","bundle_min_size":"","bundle_max_size":"","bundle_price":[],"bundled_items":[],"bundle_sell_ids":[],"yoast_head":"<!-- This site is optimized with the Yoast SEO Premium plugin v25.4 (Yoast SEO v25.4) - https:\/\/yoast.com\/wordpress\/plugins\/seo\/ -->\n<title>Test di elasticit\u00e0 e compattezza della pelle - Certified Cosmetics<\/title>\n<meta name=\"description\" content=\"Il test di elasticit\u00e0 e compattezza della pelle \u00e8 una valutazione scientifica utilizzata per misurare le propriet\u00e0 meccaniche della pelle, in particolare la sua capacit\u00e0 di tornare alla sua forma originale dopo essere stata delicatamente stirata. Questo test fornisce prove oggettive per affermazioni come &quot;migliora la compattezza della pelle&quot;, &quot;aumenta l&#039;elasticit\u00e0&quot; o &quot;riduce i segni dell&#039;invecchiamento&quot;.\" \/>\n<meta name=\"robots\" content=\"index, follow, max-snippet:-1, max-image-preview:large, max-video-preview:-1\" \/>\n<link rel=\"canonical\" href=\"https:\/\/www.certifiedcosmetics.com\/it\/product\/test-di-efficacia\/test-cutanei\/test-di-elasticita-e-compattezza-della-pelle\/\" \/>\n<meta property=\"og:locale\" content=\"it_IT\" \/>\n<meta property=\"og:type\" content=\"article\" \/>\n<meta property=\"og:title\" content=\"Test di elasticit\u00e0 e compattezza della pelle\" \/>\n<meta property=\"og:description\" content=\"Il test di elasticit\u00e0 e compattezza della pelle \u00e8 una valutazione scientifica utilizzata per misurare le propriet\u00e0 meccaniche della pelle, in particolare la sua capacit\u00e0 di tornare alla sua forma originale dopo essere stata delicatamente stirata. Questo test fornisce prove oggettive per affermazioni come &quot;migliora la compattezza della pelle&quot;, &quot;aumenta l&#039;elasticit\u00e0&quot; o &quot;riduce i segni dell&#039;invecchiamento&quot;.\" \/>\n<meta property=\"og:url\" content=\"https:\/\/www.certifiedcosmetics.com\/it\/product\/test-di-efficacia\/test-cutanei\/test-di-elasticita-e-compattezza-della-pelle\/\" \/>\n<meta property=\"og:site_name\" content=\"Certified Cosmetics\" \/>\n<meta property=\"og:image\" content=\"https:\/\/www.certifiedcosmetics.com\/wp-content\/uploads\/2025\/11\/firmness-lab-test.jpg\" \/>\n\t<meta property=\"og:image:width\" content=\"800\" \/>\n\t<meta property=\"og:image:height\" content=\"800\" \/>\n\t<meta property=\"og:image:type\" content=\"image\/jpeg\" \/>\n<meta name=\"twitter:card\" content=\"summary_large_image\" \/>\n<meta name=\"twitter:label1\" content=\"Prezzo\" \/>\n\t<meta name=\"twitter:data1\" content=\"&#036;497.00\" \/>\n\t<meta name=\"twitter:label2\" content=\"Disponibilit\u00e0\" \/>\n\t<meta name=\"twitter:data2\" content=\"In stock\" \/>\n<script type=\"application\/ld+json\" class=\"yoast-schema-graph\">{\"@context\":\"https:\/\/schema.org\",\"@graph\":[{\"@type\":\"WebPage\",\"@id\":\"https:\/\/www.certifiedcosmetics.com\/it\/product\/test-di-efficacia\/test-cutanei\/test-di-elasticita-e-compattezza-della-pelle\/\",\"url\":\"https:\/\/www.certifiedcosmetics.com\/it\/product\/test-di-efficacia\/test-cutanei\/test-di-elasticita-e-compattezza-della-pelle\/\",\"name\":\"Test di elasticit\u00e0 e compattezza della pelle - Certified Cosmetics\",\"isPartOf\":{\"@id\":\"https:\/\/www.certifiedcosmetics.com\/it\/#website\"},\"primaryImageOfPage\":{\"@id\":\"https:\/\/www.certifiedcosmetics.com\/it\/product\/test-di-efficacia\/test-cutanei\/test-di-elasticita-e-compattezza-della-pelle\/#primaryimage\"},\"image\":{\"@id\":\"https:\/\/www.certifiedcosmetics.com\/it\/product\/test-di-efficacia\/test-cutanei\/test-di-elasticita-e-compattezza-della-pelle\/#primaryimage\"},\"thumbnailUrl\":\"https:\/\/www.certifiedcosmetics.com\/wp-content\/uploads\/2025\/11\/firmness-lab-test.jpg\",\"datePublished\":\"2025-11-03T11:40:57+00:00\",\"description\":\"Il test di elasticit\u00e0 e compattezza della pelle \u00e8 una valutazione scientifica utilizzata per misurare le propriet\u00e0 meccaniche della pelle, in particolare la sua capacit\u00e0 di tornare alla sua forma originale dopo essere stata delicatamente stirata. Questo test fornisce prove oggettive per affermazioni come \\\"migliora la compattezza della pelle\\\", \\\"aumenta l'elasticit\u00e0\\\" o \\\"riduce i segni dell'invecchiamento\\\".\",\"breadcrumb\":{\"@id\":\"https:\/\/www.certifiedcosmetics.com\/it\/product\/test-di-efficacia\/test-cutanei\/test-di-elasticita-e-compattezza-della-pelle\/#breadcrumb\"},\"inLanguage\":\"it-IT\",\"potentialAction\":[{\"@type\":\"ReadAction\",\"target\":[\"https:\/\/www.certifiedcosmetics.com\/it\/product\/test-di-efficacia\/test-cutanei\/test-di-elasticita-e-compattezza-della-pelle\/\"]}]},{\"@type\":\"ImageObject\",\"inLanguage\":\"it-IT\",\"@id\":\"https:\/\/www.certifiedcosmetics.com\/it\/product\/test-di-efficacia\/test-cutanei\/test-di-elasticita-e-compattezza-della-pelle\/#primaryimage\",\"url\":\"https:\/\/www.certifiedcosmetics.com\/wp-content\/uploads\/2025\/11\/firmness-lab-test.jpg\",\"contentUrl\":\"https:\/\/www.certifiedcosmetics.com\/wp-content\/uploads\/2025\/11\/firmness-lab-test.jpg\",\"width\":800,\"height\":800},{\"@type\":\"BreadcrumbList\",\"@id\":\"https:\/\/www.certifiedcosmetics.com\/it\/product\/test-di-efficacia\/test-cutanei\/test-di-elasticita-e-compattezza-della-pelle\/#breadcrumb\",\"itemListElement\":[{\"@type\":\"ListItem\",\"position\":1,\"name\":\"Home\",\"item\":\"https:\/\/www.certifiedcosmetics.com\/it\/\"},{\"@type\":\"ListItem\",\"position\":2,\"name\":\"Negozio\",\"item\":\"https:\/\/www.certifiedcosmetics.com\/it\/negozio\/\"},{\"@type\":\"ListItem\",\"position\":3,\"name\":\"Test di elasticit\u00e0 e compattezza della pelle\"}]},{\"@type\":\"WebSite\",\"@id\":\"https:\/\/www.certifiedcosmetics.com\/it\/#website\",\"url\":\"https:\/\/www.certifiedcosmetics.com\/it\/\",\"name\":\"Certified Cosmetics\",\"description\":\"Cosmetic Safety Assessment\",\"publisher\":{\"@id\":\"https:\/\/www.certifiedcosmetics.com\/it\/#organization\"},\"potentialAction\":[{\"@type\":\"SearchAction\",\"target\":{\"@type\":\"EntryPoint\",\"urlTemplate\":\"https:\/\/www.certifiedcosmetics.com\/it\/?s={search_term_string}\"},\"query-input\":{\"@type\":\"PropertyValueSpecification\",\"valueRequired\":true,\"valueName\":\"search_term_string\"}}],\"inLanguage\":\"it-IT\"},{\"@type\":\"Organization\",\"@id\":\"https:\/\/www.certifiedcosmetics.com\/it\/#organization\",\"name\":\"Certified Cosmetics\",\"url\":\"https:\/\/www.certifiedcosmetics.com\/it\/\",\"logo\":{\"@type\":\"ImageObject\",\"inLanguage\":\"it-IT\",\"@id\":\"https:\/\/www.certifiedcosmetics.com\/it\/#\/schema\/logo\/image\/\",\"url\":\"https:\/\/www.certifiedcosmetics.com\/wp-content\/uploads\/2024\/12\/logo_certified_cosmetics696.jpg\",\"contentUrl\":\"https:\/\/www.certifiedcosmetics.com\/wp-content\/uploads\/2024\/12\/logo_certified_cosmetics696.jpg\",\"width\":696,\"height\":696,\"caption\":\"Certified Cosmetics\"},\"image\":{\"@id\":\"https:\/\/www.certifiedcosmetics.com\/it\/#\/schema\/logo\/image\/\"},\"description\":\"Your trusted partner for cosmetic product safety reporting. We take care of updating all of your documentation, ensuring your compliance stays current even as regulations evolve. The Cosmetic Product Safety Assessment will give you everything you need to sell specific products to EU consumers.\",\"email\":\"contact@certifiedcosmetics.com\",\"telephone\":\"+31 36 2036384\",\"legalName\":\"Certified Cosmetics\",\"foundingDate\":\"2010-01-01\",\"vatID\":\"NL854189543B01\",\"numberOfEmployees\":{\"@type\":\"QuantitativeValue\",\"minValue\":\"11\",\"maxValue\":\"50\"}}]}<\/script>\n<meta property=\"product:price:amount\" content=\"497.00\" \/>\n<meta property=\"product:price:currency\" content=\"USD\" \/>\n<meta property=\"og:availability\" content=\"instock\" \/>\n<meta property=\"product:availability\" content=\"instock\" \/>\n<meta property=\"product:retailer_item_id\" content=\"CC100131\" \/>\n<meta property=\"product:condition\" content=\"new\" \/>\n<!-- \/ Yoast SEO Premium plugin. -->","yoast_head_json":{"title":"Test di elasticit\u00e0 e compattezza della pelle - Certified Cosmetics","description":"Il test di elasticit\u00e0 e compattezza della pelle \u00e8 una valutazione scientifica utilizzata per misurare le propriet\u00e0 meccaniche della pelle, in particolare la sua capacit\u00e0 di tornare alla sua forma originale dopo essere stata delicatamente stirata. Questo test fornisce prove oggettive per affermazioni come \"migliora la compattezza della pelle\", \"aumenta l'elasticit\u00e0\" o \"riduce i segni dell'invecchiamento\".","robots":{"index":"index","follow":"follow","max-snippet":"max-snippet:-1","max-image-preview":"max-image-preview:large","max-video-preview":"max-video-preview:-1"},"canonical":"https:\/\/www.certifiedcosmetics.com\/it\/product\/test-di-efficacia\/test-cutanei\/test-di-elasticita-e-compattezza-della-pelle\/","og_locale":"it_IT","og_type":"article","og_title":"Test di elasticit\u00e0 e compattezza della pelle","og_description":"Il test di elasticit\u00e0 e compattezza della pelle \u00e8 una valutazione scientifica utilizzata per misurare le propriet\u00e0 meccaniche della pelle, in particolare la sua capacit\u00e0 di tornare alla sua forma originale dopo essere stata delicatamente stirata. Questo test fornisce prove oggettive per affermazioni come \"migliora la compattezza della pelle\", \"aumenta l'elasticit\u00e0\" o \"riduce i segni dell'invecchiamento\".","og_url":"https:\/\/www.certifiedcosmetics.com\/it\/product\/test-di-efficacia\/test-cutanei\/test-di-elasticita-e-compattezza-della-pelle\/","og_site_name":"Certified Cosmetics","og_image":[{"width":800,"height":800,"url":"https:\/\/www.certifiedcosmetics.com\/wp-content\/uploads\/2025\/11\/firmness-lab-test.jpg","type":"image\/jpeg"}],"twitter_card":"summary_large_image","twitter_misc":{"Prezzo":"&#36;497.00","Disponibilit\u00e0":"In stock"},"schema":{"@context":"https:\/\/schema.org","@graph":[{"@type":"WebPage","@id":"https:\/\/www.certifiedcosmetics.com\/it\/product\/test-di-efficacia\/test-cutanei\/test-di-elasticita-e-compattezza-della-pelle\/","url":"https:\/\/www.certifiedcosmetics.com\/it\/product\/test-di-efficacia\/test-cutanei\/test-di-elasticita-e-compattezza-della-pelle\/","name":"Test di elasticit\u00e0 e compattezza della pelle - Certified Cosmetics","isPartOf":{"@id":"https:\/\/www.certifiedcosmetics.com\/it\/#website"},"primaryImageOfPage":{"@id":"https:\/\/www.certifiedcosmetics.com\/it\/product\/test-di-efficacia\/test-cutanei\/test-di-elasticita-e-compattezza-della-pelle\/#primaryimage"},"image":{"@id":"https:\/\/www.certifiedcosmetics.com\/it\/product\/test-di-efficacia\/test-cutanei\/test-di-elasticita-e-compattezza-della-pelle\/#primaryimage"},"thumbnailUrl":"https:\/\/www.certifiedcosmetics.com\/wp-content\/uploads\/2025\/11\/firmness-lab-test.jpg","datePublished":"2025-11-03T11:40:57+00:00","description":"Il test di elasticit\u00e0 e compattezza della pelle \u00e8 una valutazione scientifica utilizzata per misurare le propriet\u00e0 meccaniche della pelle, in particolare la sua capacit\u00e0 di tornare alla sua forma originale dopo essere stata delicatamente stirata. Questo test fornisce prove oggettive per affermazioni come \"migliora la compattezza della pelle\", \"aumenta l'elasticit\u00e0\" o \"riduce i segni dell'invecchiamento\".","breadcrumb":{"@id":"https:\/\/www.certifiedcosmetics.com\/it\/product\/test-di-efficacia\/test-cutanei\/test-di-elasticita-e-compattezza-della-pelle\/#breadcrumb"},"inLanguage":"it-IT","potentialAction":[{"@type":"ReadAction","target":["https:\/\/www.certifiedcosmetics.com\/it\/product\/test-di-efficacia\/test-cutanei\/test-di-elasticita-e-compattezza-della-pelle\/"]}]},{"@type":"ImageObject","inLanguage":"it-IT","@id":"https:\/\/www.certifiedcosmetics.com\/it\/product\/test-di-efficacia\/test-cutanei\/test-di-elasticita-e-compattezza-della-pelle\/#primaryimage","url":"https:\/\/www.certifiedcosmetics.com\/wp-content\/uploads\/2025\/11\/firmness-lab-test.jpg","contentUrl":"https:\/\/www.certifiedcosmetics.com\/wp-content\/uploads\/2025\/11\/firmness-lab-test.jpg","width":800,"height":800},{"@type":"BreadcrumbList","@id":"https:\/\/www.certifiedcosmetics.com\/it\/product\/test-di-efficacia\/test-cutanei\/test-di-elasticita-e-compattezza-della-pelle\/#breadcrumb","itemListElement":[{"@type":"ListItem","position":1,"name":"Home","item":"https:\/\/www.certifiedcosmetics.com\/it\/"},{"@type":"ListItem","position":2,"name":"Negozio","item":"https:\/\/www.certifiedcosmetics.com\/it\/negozio\/"},{"@type":"ListItem","position":3,"name":"Test di elasticit\u00e0 e compattezza della pelle"}]},{"@type":"WebSite","@id":"https:\/\/www.certifiedcosmetics.com\/it\/#website","url":"https:\/\/www.certifiedcosmetics.com\/it\/","name":"Certified Cosmetics","description":"Cosmetic Safety Assessment","publisher":{"@id":"https:\/\/www.certifiedcosmetics.com\/it\/#organization"},"potentialAction":[{"@type":"SearchAction","target":{"@type":"EntryPoint","urlTemplate":"https:\/\/www.certifiedcosmetics.com\/it\/?s={search_term_string}"},"query-input":{"@type":"PropertyValueSpecification","valueRequired":true,"valueName":"search_term_string"}}],"inLanguage":"it-IT"},{"@type":"Organization","@id":"https:\/\/www.certifiedcosmetics.com\/it\/#organization","name":"Certified Cosmetics","url":"https:\/\/www.certifiedcosmetics.com\/it\/","logo":{"@type":"ImageObject","inLanguage":"it-IT","@id":"https:\/\/www.certifiedcosmetics.com\/it\/#\/schema\/logo\/image\/","url":"https:\/\/www.certifiedcosmetics.com\/wp-content\/uploads\/2024\/12\/logo_certified_cosmetics696.jpg","contentUrl":"https:\/\/www.certifiedcosmetics.com\/wp-content\/uploads\/2024\/12\/logo_certified_cosmetics696.jpg","width":696,"height":696,"caption":"Certified Cosmetics"},"image":{"@id":"https:\/\/www.certifiedcosmetics.com\/it\/#\/schema\/logo\/image\/"},"description":"Your trusted partner for cosmetic product safety reporting. We take care of updating all of your documentation, ensuring your compliance stays current even as regulations evolve. The Cosmetic Product Safety Assessment will give you everything you need to sell specific products to EU consumers.","email":"contact@certifiedcosmetics.com","telephone":"+31 36 2036384","legalName":"Certified Cosmetics","foundingDate":"2010-01-01","vatID":"NL854189543B01","numberOfEmployees":{"@type":"QuantitativeValue","minValue":"11","maxValue":"50"}}]},"product_price_amount":"497.00","product_price_currency":"USD","og_availability":"instock","product_availability":"instock","product_retailer_item_id":"CC100131","product_condition":"new"},"_links":{"self":[{"href":"https:\/\/www.certifiedcosmetics.com\/it\/wp-json\/wp\/v2\/product\/14456","targetHints":{"allow":["GET"]}}],"collection":[{"href":"https:\/\/www.certifiedcosmetics.com\/it\/wp-json\/wp\/v2\/product"}],"about":[{"href":"https:\/\/www.certifiedcosmetics.com\/it\/wp-json\/wp\/v2\/types\/product"}],"wp:featuredmedia":[{"embeddable":true,"href":"https:\/\/www.certifiedcosmetics.com\/it\/wp-json\/wp\/v2\/media\/14415"}],"wp:attachment":[{"href":"https:\/\/www.certifiedcosmetics.com\/it\/wp-json\/wp\/v2\/media?parent=14456"}],"wp:term":[{"taxonomy":"product_brand","embeddable":true,"href":"https:\/\/www.certifiedcosmetics.com\/it\/wp-json\/wp\/v2\/product_brand?post=14456"},{"taxonomy":"product_cat","embeddable":true,"href":"https:\/\/www.certifiedcosmetics.com\/it\/wp-json\/wp\/v2\/product_cat?post=14456"},{"taxonomy":"product_tag","embeddable":true,"href":"https:\/\/www.certifiedcosmetics.com\/it\/wp-json\/wp\/v2\/product_tag?post=14456"}],"curies":[{"name":"wp","href":"https:\/\/api.w.org\/{rel}","templated":true}]}}