{"id":14455,"date":"2025-11-03T12:30:09","date_gmt":"2025-11-03T11:30:09","guid":{"rendered":"https:\/\/www.certifiedcosmetics.com\/product\/uncategorized\/test-di-idratazione-della-pelle\/"},"modified":"2025-11-03T12:30:09","modified_gmt":"2025-11-03T11:30:09","slug":"test-di-idratazione-della-pelle","status":"publish","type":"product","link":"https:\/\/www.certifiedcosmetics.com\/it\/product\/test-di-efficacia\/test-cutanei\/test-di-idratazione-della-pelle\/","title":{"rendered":"Test di idratazione della pelle"},"content":{"rendered":"<p data-start=\"27\" data-end=\"377\">Il <strong data-start=\"31\" data-end=\"54\">test di idratazione cutanea<\/strong> \u00e8 una valutazione di laboratorio progettata per misurare l&#8217;efficacia di un prodotto cosmetico nel migliorare o mantenere il livello di idratazione della pelle. Fornisce dati quantitativi sull&#8217;<strong data-start=\"233\" data-end=\"258\">efficacia idratante<\/strong> del prodotto ed \u00e8 essenziale per indicazioni come &#8220;idrata la pelle&#8221;, &#8220;migliora la ritenzione idrica&#8221; o &#8220;migliora la morbidezza della pelle&#8221;. <\/p>\n<h2 data-start=\"379\" data-end=\"404\">Scopo del test<\/h2>\n<p data-start=\"405\" data-end=\"707\">Lo scopo del Test di Idratazione Cutanea \u00e8 quello di valutare i cambiamenti nel contenuto d&#8217;acqua dello strato pi\u00f9 esterno della pelle (lo strato corneo) dopo l&#8217;applicazione del prodotto. Il test determina sia l&#8217;<strong data-start=\"599\" data-end=\"646\">effetto idratante immediato che quello duraturo<\/strong>, fornendo una prova chiara e scientifica delle prestazioni del prodotto. <\/p>\n<h2 data-start=\"709\" data-end=\"726\">Metodologia<\/h2>\n<p data-start=\"727\" data-end=\"974\">Lo studio viene condotto come <strong data-start=\"756\" data-end=\"774\">test su apparecchiatura<\/strong> utilizzando un <strong data-start=\"783\" data-end=\"798\">corneometro<\/strong> o un dispositivo equivalente per la misurazione della capacit\u00e0 cutanea. Questo strumento misura la capacit\u00e0 elettrica della superficie della pelle, che \u00e8 direttamente correlata al suo contenuto di acqua. <\/p>\n<ul data-start=\"976\" data-end=\"1260\">\n<li data-start=\"976\" data-end=\"1008\">\n<p data-start=\"978\" data-end=\"1008\"><strong data-start=\"978\" data-end=\"1003\">Numero di volontari:<\/strong> 10<\/p>\n<\/li>\n<li data-start=\"1009\" data-end=\"1196\">\n<p data-start=\"1011\" data-end=\"1196\"><strong data-start=\"1011\" data-end=\"1034\">Punti di misurazione:<\/strong> Vengono effettuate due misurazioni &#8211; <strong data-start=\"1064\" data-end=\"1091\">T0 (prima dell&#8217;applicazione)<\/strong> e <strong data-start=\"1096\" data-end=\"1122\">T1 (dopo l&#8217;applicazione)<\/strong> &#8211; in condizioni ambientali controllate (temperatura e umidit\u00e0).<\/p>\n<\/li>\n<li data-start=\"1197\" data-end=\"1260\">\n<p data-start=\"1199\" data-end=\"1260\"><strong data-start=\"1199\" data-end=\"1230\">Numero di campioni richiesti:<\/strong> 11 campioni di prodotto finito<\/p>\n<\/li>\n<\/ul>\n<h2 data-start=\"1262\" data-end=\"1282\">Procedura di test<\/h2>\n<ol data-start=\"1283\" data-end=\"1873\">\n<li data-start=\"1283\" data-end=\"1398\">\n<p data-start=\"1286\" data-end=\"1398\"><strong data-start=\"1286\" data-end=\"1310\">Selezione dei volontari:<\/strong> Dieci partecipanti adulti e sani vengono selezionati e acclimatati all&#8217;ambiente del test.<\/p>\n<\/li>\n<li data-start=\"1399\" data-end=\"1510\">\n<p data-start=\"1402\" data-end=\"1510\"><strong data-start=\"1402\" data-end=\"1432\">Misurazione di base (T0):<\/strong> I livelli di idratazione della pelle vengono misurati sulla pelle non trattata utilizzando il Corneometro.<\/p>\n<\/li>\n<li data-start=\"1511\" data-end=\"1614\">\n<p data-start=\"1514\" data-end=\"1614\"><strong data-start=\"1514\" data-end=\"1538\">Applicazione del prodotto:<\/strong> Una quantit\u00e0 definita del prodotto di prova viene applicata all&#8217;area designata.<\/p>\n<\/li>\n<li data-start=\"1615\" data-end=\"1752\">\n<p data-start=\"1618\" data-end=\"1752\"><strong data-start=\"1618\" data-end=\"1656\">Misurazione post-applicazione (T1):<\/strong> Dopo un intervallo di tempo definito (in genere da 30 minuti a 2 ore), si misura nuovamente l&#8217;idratazione.<\/p>\n<\/li>\n<li data-start=\"1753\" data-end=\"1873\">\n<p data-start=\"1756\" data-end=\"1873\"><strong data-start=\"1756\" data-end=\"1774\">Analisi dei dati:<\/strong> I cambiamenti nei valori di idratazione sono stati confrontati tra T0 e T1 per determinare l&#8217;effetto idratante.<\/p>\n<\/li>\n<\/ol>\n<h2 data-start=\"1875\" data-end=\"1901\">Parametri valutati<\/h2>\n<ul data-start=\"1902\" data-end=\"2092\">\n<li data-start=\"1902\" data-end=\"1949\">\n<p data-start=\"1904\" data-end=\"1949\">Aumento dell&#8217;idratazione immediato e a breve termine<\/p>\n<\/li>\n<li data-start=\"1950\" data-end=\"1988\">\n<p data-start=\"1952\" data-end=\"1988\">Efficienza di ritenzione dell&#8217;umidit\u00e0 della pelle<\/p>\n<\/li>\n<li data-start=\"1989\" data-end=\"2045\">\n<p data-start=\"1991\" data-end=\"2045\">Confronto tra le aree trattate e quelle di controllo non trattate<\/p>\n<\/li>\n<li data-start=\"2046\" data-end=\"2092\">\n<p data-start=\"2048\" data-end=\"2092\">Coerenza e riproducibilit\u00e0 dei risultati<\/p>\n<\/li>\n<\/ul>\n<h2 data-start=\"2094\" data-end=\"2119\">Requisiti dei campioni<\/h2>\n<ul data-start=\"2120\" data-end=\"2317\">\n<li data-start=\"2120\" data-end=\"2165\">\n<p data-start=\"2122\" data-end=\"2165\"><strong data-start=\"2122\" data-end=\"2135\">Quantit\u00e0:<\/strong> 11 campioni di prodotto finito<\/p>\n<\/li>\n<li data-start=\"2166\" data-end=\"2234\">\n<p data-start=\"2168\" data-end=\"2234\"><strong data-start=\"2168\" data-end=\"2182\">Condizioni:<\/strong> Stabile, sigillato e pronto per l&#8217;applicazione topica<\/p>\n<\/li>\n<li data-start=\"2235\" data-end=\"2317\">\n<p data-start=\"2237\" data-end=\"2317\"><strong data-start=\"2237\" data-end=\"2246\">Tipo:<\/strong> Creme, lozioni, sieri, gel o qualsiasi altra formulazione idratante per uso topico.<\/p>\n<\/li>\n<\/ul>\n<h2 data-start=\"2319\" data-end=\"2344\">Risultati e rapporti<\/h2>\n<p data-start=\"2345\" data-end=\"2378\">Il rapporto di laboratorio include:<\/p>\n<ul data-start=\"2379\" data-end=\"2638\">\n<li data-start=\"2379\" data-end=\"2422\">\n<p data-start=\"2381\" data-end=\"2422\">Protocollo di test e descrizione dell&#8217;apparecchio<\/p>\n<\/li>\n<li data-start=\"2423\" data-end=\"2475\">\n<p data-start=\"2425\" data-end=\"2475\">Valori di idratazione individuali e medi (T0 vs. T1)<\/p>\n<\/li>\n<li data-start=\"2476\" data-end=\"2525\">\n<p data-start=\"2478\" data-end=\"2525\">Analisi statistica del miglioramento dell&#8217;idratazione<\/p>\n<\/li>\n<li data-start=\"2526\" data-end=\"2565\">\n<p data-start=\"2528\" data-end=\"2565\">Rappresentazione grafica dei risultati<\/p>\n<\/li>\n<li data-start=\"2566\" data-end=\"2638\">\n<p data-start=\"2568\" data-end=\"2638\">Interpretazione che conferma le prestazioni di idratazione e il supporto alle richieste di risarcimento<\/p>\n<\/li>\n<\/ul>\n<h2 data-start=\"2640\" data-end=\"2667\">Perch\u00e9 questo test \u00e8 importante<\/h2>\n<p data-start=\"2668\" data-end=\"2833\">Il test di idratazione cutanea fornisce una <strong data-start=\"2701\" data-end=\"2732\">prova oggettiva e misurabile<\/strong> della capacit\u00e0 idratante di un prodotto. \u00c8 molto utilizzato per comprovare le dichiarazioni dei cosmetici, come ad esempio: <\/p>\n<ul data-start=\"2834\" data-end=\"2947\">\n<li data-start=\"2834\" data-end=\"2861\">\n<p data-start=\"2836\" data-end=\"2861\">&#8220;Idrata istantaneamente&#8221;<\/p>\n<\/li>\n<li data-start=\"2862\" data-end=\"2897\">\n<p data-start=\"2864\" data-end=\"2897\">&#8220;Migliora l&#8217;idratazione della pelle dell&#8217;X%&#8221;<\/p>\n<\/li>\n<li data-start=\"2898\" data-end=\"2947\">\n<p data-start=\"2900\" data-end=\"2947\">&#8220;Favorisce l&#8217;equilibrio dell&#8217;idratazione della pelle a lungo termine&#8221;.<\/p>\n<\/li>\n<\/ul>\n<p data-start=\"2949\" data-end=\"3149\" data-is-last-node=\"\" data-is-only-node=\"\">Questo test \u00e8 essenziale per il marketing, lo sviluppo del prodotto e la documentazione normativa, in quanto fornisce prove credibili dell&#8217;<strong data-start=\"3069\" data-end=\"3096\">efficacia dell&#8217;idratazione della pelle<\/strong> che soddisfano gli standard internazionali dei test cosmetici.<\/p>\n","protected":false},"excerpt":{"rendered":"<p>Il test di idratazione cutanea \u00e8 una valutazione di laboratorio progettata per misurare l&#8217;efficacia di un prodotto cosmetico nel migliorare o mantenere il livello di idratazione della pelle. Fornisce dati quantitativi sull&#8217;efficacia idratante del prodotto ed \u00e8 essenziale per indicazioni come &#8220;idrata la pelle&#8221;, &#8220;migliora la ritenzione idrica&#8221; o &#8220;migliora la morbidezza della pelle&#8221;. Scopo&#8230;<\/p>\n","protected":false},"featured_media":14407,"template":"","meta":[],"product_brand":[],"product_cat":[146,130],"product_tag":[],"class_list":{"0":"post-14455","1":"product","2":"type-product","3":"status-publish","4":"has-post-thumbnail","6":"product_cat-test-cutanei","7":"product_cat-test-di-efficacia","9":"first","10":"instock","11":"virtual","12":"taxable","13":"purchasable","14":"product-type-simple"},"bundled_by":[],"bundle_stock_status":"instock","bundle_stock_quantity":null,"bundle_virtual":false,"bundle_layout":"","bundle_add_to_cart_form_location":"","bundle_editable_in_cart":false,"bundle_sold_individually_context":"","bundle_item_grouping":"","bundle_min_size":"","bundle_max_size":"","bundle_price":[],"bundled_items":[],"bundle_sell_ids":[],"yoast_head":"<!-- This site is optimized with the Yoast SEO Premium plugin v25.4 (Yoast SEO v25.4) - https:\/\/yoast.com\/wordpress\/plugins\/seo\/ -->\n<title>Test di idratazione della pelle - Certified Cosmetics<\/title>\n<meta name=\"description\" content=\"Il test di idratazione cutanea \u00e8 una valutazione di laboratorio progettata per misurare l&#039;efficacia di un prodotto cosmetico nel migliorare o mantenere il livello di idratazione della pelle. Fornisce dati quantitativi sull&#039;efficacia idratante del prodotto ed \u00e8 essenziale per indicazioni come &quot;idrata la pelle&quot;, &quot;migliora la ritenzione idrica&quot; o &quot;migliora la morbidezza della pelle&quot;.\" \/>\n<meta name=\"robots\" content=\"index, follow, max-snippet:-1, max-image-preview:large, max-video-preview:-1\" \/>\n<link rel=\"canonical\" href=\"https:\/\/www.certifiedcosmetics.com\/it\/product\/test-di-efficacia\/test-cutanei\/test-di-idratazione-della-pelle\/\" \/>\n<meta property=\"og:locale\" content=\"it_IT\" \/>\n<meta property=\"og:type\" content=\"article\" \/>\n<meta property=\"og:title\" content=\"Test di idratazione della pelle\" \/>\n<meta property=\"og:description\" content=\"Il test di idratazione cutanea \u00e8 una valutazione di laboratorio progettata per misurare l&#039;efficacia di un prodotto cosmetico nel migliorare o mantenere il livello di idratazione della pelle. Fornisce dati quantitativi sull&#039;efficacia idratante del prodotto ed \u00e8 essenziale per indicazioni come &quot;idrata la pelle&quot;, &quot;migliora la ritenzione idrica&quot; o &quot;migliora la morbidezza della pelle&quot;.\" \/>\n<meta property=\"og:url\" content=\"https:\/\/www.certifiedcosmetics.com\/it\/product\/test-di-efficacia\/test-cutanei\/test-di-idratazione-della-pelle\/\" \/>\n<meta property=\"og:site_name\" content=\"Certified Cosmetics\" \/>\n<meta property=\"og:image\" content=\"https:\/\/www.certifiedcosmetics.com\/wp-content\/uploads\/2025\/11\/hydratation-lab-test.jpg\" \/>\n\t<meta property=\"og:image:width\" content=\"800\" \/>\n\t<meta property=\"og:image:height\" content=\"800\" \/>\n\t<meta property=\"og:image:type\" content=\"image\/jpeg\" \/>\n<meta name=\"twitter:card\" content=\"summary_large_image\" \/>\n<meta name=\"twitter:label1\" content=\"Prezzo\" \/>\n\t<meta name=\"twitter:data1\" content=\"&#036;497.00\" \/>\n\t<meta name=\"twitter:label2\" content=\"Disponibilit\u00e0\" \/>\n\t<meta name=\"twitter:data2\" content=\"In stock\" \/>\n<script type=\"application\/ld+json\" class=\"yoast-schema-graph\">{\"@context\":\"https:\/\/schema.org\",\"@graph\":[{\"@type\":\"WebPage\",\"@id\":\"https:\/\/www.certifiedcosmetics.com\/it\/product\/test-di-efficacia\/test-cutanei\/test-di-idratazione-della-pelle\/\",\"url\":\"https:\/\/www.certifiedcosmetics.com\/it\/product\/test-di-efficacia\/test-cutanei\/test-di-idratazione-della-pelle\/\",\"name\":\"Test di idratazione della pelle - Certified Cosmetics\",\"isPartOf\":{\"@id\":\"https:\/\/www.certifiedcosmetics.com\/it\/#website\"},\"primaryImageOfPage\":{\"@id\":\"https:\/\/www.certifiedcosmetics.com\/it\/product\/test-di-efficacia\/test-cutanei\/test-di-idratazione-della-pelle\/#primaryimage\"},\"image\":{\"@id\":\"https:\/\/www.certifiedcosmetics.com\/it\/product\/test-di-efficacia\/test-cutanei\/test-di-idratazione-della-pelle\/#primaryimage\"},\"thumbnailUrl\":\"https:\/\/www.certifiedcosmetics.com\/wp-content\/uploads\/2025\/11\/hydratation-lab-test.jpg\",\"datePublished\":\"2025-11-03T11:30:09+00:00\",\"description\":\"Il test di idratazione cutanea \u00e8 una valutazione di laboratorio progettata per misurare l'efficacia di un prodotto cosmetico nel migliorare o mantenere il livello di idratazione della pelle. Fornisce dati quantitativi sull'efficacia idratante del prodotto ed \u00e8 essenziale per indicazioni come \\\"idrata la pelle\\\", \\\"migliora la ritenzione idrica\\\" o \\\"migliora la morbidezza della pelle\\\".\",\"breadcrumb\":{\"@id\":\"https:\/\/www.certifiedcosmetics.com\/it\/product\/test-di-efficacia\/test-cutanei\/test-di-idratazione-della-pelle\/#breadcrumb\"},\"inLanguage\":\"it-IT\",\"potentialAction\":[{\"@type\":\"ReadAction\",\"target\":[\"https:\/\/www.certifiedcosmetics.com\/it\/product\/test-di-efficacia\/test-cutanei\/test-di-idratazione-della-pelle\/\"]}]},{\"@type\":\"ImageObject\",\"inLanguage\":\"it-IT\",\"@id\":\"https:\/\/www.certifiedcosmetics.com\/it\/product\/test-di-efficacia\/test-cutanei\/test-di-idratazione-della-pelle\/#primaryimage\",\"url\":\"https:\/\/www.certifiedcosmetics.com\/wp-content\/uploads\/2025\/11\/hydratation-lab-test.jpg\",\"contentUrl\":\"https:\/\/www.certifiedcosmetics.com\/wp-content\/uploads\/2025\/11\/hydratation-lab-test.jpg\",\"width\":800,\"height\":800},{\"@type\":\"BreadcrumbList\",\"@id\":\"https:\/\/www.certifiedcosmetics.com\/it\/product\/test-di-efficacia\/test-cutanei\/test-di-idratazione-della-pelle\/#breadcrumb\",\"itemListElement\":[{\"@type\":\"ListItem\",\"position\":1,\"name\":\"Home\",\"item\":\"https:\/\/www.certifiedcosmetics.com\/it\/\"},{\"@type\":\"ListItem\",\"position\":2,\"name\":\"Negozio\",\"item\":\"https:\/\/www.certifiedcosmetics.com\/it\/negozio\/\"},{\"@type\":\"ListItem\",\"position\":3,\"name\":\"Test di idratazione della pelle\"}]},{\"@type\":\"WebSite\",\"@id\":\"https:\/\/www.certifiedcosmetics.com\/it\/#website\",\"url\":\"https:\/\/www.certifiedcosmetics.com\/it\/\",\"name\":\"Certified Cosmetics\",\"description\":\"Cosmetic Safety Assessment\",\"publisher\":{\"@id\":\"https:\/\/www.certifiedcosmetics.com\/it\/#organization\"},\"potentialAction\":[{\"@type\":\"SearchAction\",\"target\":{\"@type\":\"EntryPoint\",\"urlTemplate\":\"https:\/\/www.certifiedcosmetics.com\/it\/?s={search_term_string}\"},\"query-input\":{\"@type\":\"PropertyValueSpecification\",\"valueRequired\":true,\"valueName\":\"search_term_string\"}}],\"inLanguage\":\"it-IT\"},{\"@type\":\"Organization\",\"@id\":\"https:\/\/www.certifiedcosmetics.com\/it\/#organization\",\"name\":\"Certified Cosmetics\",\"url\":\"https:\/\/www.certifiedcosmetics.com\/it\/\",\"logo\":{\"@type\":\"ImageObject\",\"inLanguage\":\"it-IT\",\"@id\":\"https:\/\/www.certifiedcosmetics.com\/it\/#\/schema\/logo\/image\/\",\"url\":\"https:\/\/www.certifiedcosmetics.com\/wp-content\/uploads\/2024\/12\/logo_certified_cosmetics696.jpg\",\"contentUrl\":\"https:\/\/www.certifiedcosmetics.com\/wp-content\/uploads\/2024\/12\/logo_certified_cosmetics696.jpg\",\"width\":696,\"height\":696,\"caption\":\"Certified Cosmetics\"},\"image\":{\"@id\":\"https:\/\/www.certifiedcosmetics.com\/it\/#\/schema\/logo\/image\/\"},\"description\":\"Your trusted partner for cosmetic product safety reporting. We take care of updating all of your documentation, ensuring your compliance stays current even as regulations evolve. The Cosmetic Product Safety Assessment will give you everything you need to sell specific products to EU consumers.\",\"email\":\"contact@certifiedcosmetics.com\",\"telephone\":\"+31 36 2036384\",\"legalName\":\"Certified Cosmetics\",\"foundingDate\":\"2010-01-01\",\"vatID\":\"NL854189543B01\",\"numberOfEmployees\":{\"@type\":\"QuantitativeValue\",\"minValue\":\"11\",\"maxValue\":\"50\"}}]}<\/script>\n<meta property=\"product:price:amount\" content=\"497.00\" \/>\n<meta property=\"product:price:currency\" content=\"USD\" \/>\n<meta property=\"og:availability\" content=\"instock\" \/>\n<meta property=\"product:availability\" content=\"instock\" \/>\n<meta property=\"product:retailer_item_id\" content=\"CC100132\" \/>\n<meta property=\"product:condition\" content=\"new\" \/>\n<!-- \/ Yoast SEO Premium plugin. -->","yoast_head_json":{"title":"Test di idratazione della pelle - Certified Cosmetics","description":"Il test di idratazione cutanea \u00e8 una valutazione di laboratorio progettata per misurare l'efficacia di un prodotto cosmetico nel migliorare o mantenere il livello di idratazione della pelle. Fornisce dati quantitativi sull'efficacia idratante del prodotto ed \u00e8 essenziale per indicazioni come \"idrata la pelle\", \"migliora la ritenzione idrica\" o \"migliora la morbidezza della pelle\".","robots":{"index":"index","follow":"follow","max-snippet":"max-snippet:-1","max-image-preview":"max-image-preview:large","max-video-preview":"max-video-preview:-1"},"canonical":"https:\/\/www.certifiedcosmetics.com\/it\/product\/test-di-efficacia\/test-cutanei\/test-di-idratazione-della-pelle\/","og_locale":"it_IT","og_type":"article","og_title":"Test di idratazione della pelle","og_description":"Il test di idratazione cutanea \u00e8 una valutazione di laboratorio progettata per misurare l'efficacia di un prodotto cosmetico nel migliorare o mantenere il livello di idratazione della pelle. Fornisce dati quantitativi sull'efficacia idratante del prodotto ed \u00e8 essenziale per indicazioni come \"idrata la pelle\", \"migliora la ritenzione idrica\" o \"migliora la morbidezza della pelle\".","og_url":"https:\/\/www.certifiedcosmetics.com\/it\/product\/test-di-efficacia\/test-cutanei\/test-di-idratazione-della-pelle\/","og_site_name":"Certified Cosmetics","og_image":[{"width":800,"height":800,"url":"https:\/\/www.certifiedcosmetics.com\/wp-content\/uploads\/2025\/11\/hydratation-lab-test.jpg","type":"image\/jpeg"}],"twitter_card":"summary_large_image","twitter_misc":{"Prezzo":"&#36;497.00","Disponibilit\u00e0":"In stock"},"schema":{"@context":"https:\/\/schema.org","@graph":[{"@type":"WebPage","@id":"https:\/\/www.certifiedcosmetics.com\/it\/product\/test-di-efficacia\/test-cutanei\/test-di-idratazione-della-pelle\/","url":"https:\/\/www.certifiedcosmetics.com\/it\/product\/test-di-efficacia\/test-cutanei\/test-di-idratazione-della-pelle\/","name":"Test di idratazione della pelle - Certified Cosmetics","isPartOf":{"@id":"https:\/\/www.certifiedcosmetics.com\/it\/#website"},"primaryImageOfPage":{"@id":"https:\/\/www.certifiedcosmetics.com\/it\/product\/test-di-efficacia\/test-cutanei\/test-di-idratazione-della-pelle\/#primaryimage"},"image":{"@id":"https:\/\/www.certifiedcosmetics.com\/it\/product\/test-di-efficacia\/test-cutanei\/test-di-idratazione-della-pelle\/#primaryimage"},"thumbnailUrl":"https:\/\/www.certifiedcosmetics.com\/wp-content\/uploads\/2025\/11\/hydratation-lab-test.jpg","datePublished":"2025-11-03T11:30:09+00:00","description":"Il test di idratazione cutanea \u00e8 una valutazione di laboratorio progettata per misurare l'efficacia di un prodotto cosmetico nel migliorare o mantenere il livello di idratazione della pelle. Fornisce dati quantitativi sull'efficacia idratante del prodotto ed \u00e8 essenziale per indicazioni come \"idrata la pelle\", \"migliora la ritenzione idrica\" o \"migliora la morbidezza della pelle\".","breadcrumb":{"@id":"https:\/\/www.certifiedcosmetics.com\/it\/product\/test-di-efficacia\/test-cutanei\/test-di-idratazione-della-pelle\/#breadcrumb"},"inLanguage":"it-IT","potentialAction":[{"@type":"ReadAction","target":["https:\/\/www.certifiedcosmetics.com\/it\/product\/test-di-efficacia\/test-cutanei\/test-di-idratazione-della-pelle\/"]}]},{"@type":"ImageObject","inLanguage":"it-IT","@id":"https:\/\/www.certifiedcosmetics.com\/it\/product\/test-di-efficacia\/test-cutanei\/test-di-idratazione-della-pelle\/#primaryimage","url":"https:\/\/www.certifiedcosmetics.com\/wp-content\/uploads\/2025\/11\/hydratation-lab-test.jpg","contentUrl":"https:\/\/www.certifiedcosmetics.com\/wp-content\/uploads\/2025\/11\/hydratation-lab-test.jpg","width":800,"height":800},{"@type":"BreadcrumbList","@id":"https:\/\/www.certifiedcosmetics.com\/it\/product\/test-di-efficacia\/test-cutanei\/test-di-idratazione-della-pelle\/#breadcrumb","itemListElement":[{"@type":"ListItem","position":1,"name":"Home","item":"https:\/\/www.certifiedcosmetics.com\/it\/"},{"@type":"ListItem","position":2,"name":"Negozio","item":"https:\/\/www.certifiedcosmetics.com\/it\/negozio\/"},{"@type":"ListItem","position":3,"name":"Test di idratazione della pelle"}]},{"@type":"WebSite","@id":"https:\/\/www.certifiedcosmetics.com\/it\/#website","url":"https:\/\/www.certifiedcosmetics.com\/it\/","name":"Certified Cosmetics","description":"Cosmetic Safety Assessment","publisher":{"@id":"https:\/\/www.certifiedcosmetics.com\/it\/#organization"},"potentialAction":[{"@type":"SearchAction","target":{"@type":"EntryPoint","urlTemplate":"https:\/\/www.certifiedcosmetics.com\/it\/?s={search_term_string}"},"query-input":{"@type":"PropertyValueSpecification","valueRequired":true,"valueName":"search_term_string"}}],"inLanguage":"it-IT"},{"@type":"Organization","@id":"https:\/\/www.certifiedcosmetics.com\/it\/#organization","name":"Certified Cosmetics","url":"https:\/\/www.certifiedcosmetics.com\/it\/","logo":{"@type":"ImageObject","inLanguage":"it-IT","@id":"https:\/\/www.certifiedcosmetics.com\/it\/#\/schema\/logo\/image\/","url":"https:\/\/www.certifiedcosmetics.com\/wp-content\/uploads\/2024\/12\/logo_certified_cosmetics696.jpg","contentUrl":"https:\/\/www.certifiedcosmetics.com\/wp-content\/uploads\/2024\/12\/logo_certified_cosmetics696.jpg","width":696,"height":696,"caption":"Certified Cosmetics"},"image":{"@id":"https:\/\/www.certifiedcosmetics.com\/it\/#\/schema\/logo\/image\/"},"description":"Your trusted partner for cosmetic product safety reporting. We take care of updating all of your documentation, ensuring your compliance stays current even as regulations evolve. The Cosmetic Product Safety Assessment will give you everything you need to sell specific products to EU consumers.","email":"contact@certifiedcosmetics.com","telephone":"+31 36 2036384","legalName":"Certified Cosmetics","foundingDate":"2010-01-01","vatID":"NL854189543B01","numberOfEmployees":{"@type":"QuantitativeValue","minValue":"11","maxValue":"50"}}]},"product_price_amount":"497.00","product_price_currency":"USD","og_availability":"instock","product_availability":"instock","product_retailer_item_id":"CC100132","product_condition":"new"},"_links":{"self":[{"href":"https:\/\/www.certifiedcosmetics.com\/it\/wp-json\/wp\/v2\/product\/14455","targetHints":{"allow":["GET"]}}],"collection":[{"href":"https:\/\/www.certifiedcosmetics.com\/it\/wp-json\/wp\/v2\/product"}],"about":[{"href":"https:\/\/www.certifiedcosmetics.com\/it\/wp-json\/wp\/v2\/types\/product"}],"wp:featuredmedia":[{"embeddable":true,"href":"https:\/\/www.certifiedcosmetics.com\/it\/wp-json\/wp\/v2\/media\/14407"}],"wp:attachment":[{"href":"https:\/\/www.certifiedcosmetics.com\/it\/wp-json\/wp\/v2\/media?parent=14455"}],"wp:term":[{"taxonomy":"product_brand","embeddable":true,"href":"https:\/\/www.certifiedcosmetics.com\/it\/wp-json\/wp\/v2\/product_brand?post=14455"},{"taxonomy":"product_cat","embeddable":true,"href":"https:\/\/www.certifiedcosmetics.com\/it\/wp-json\/wp\/v2\/product_cat?post=14455"},{"taxonomy":"product_tag","embeddable":true,"href":"https:\/\/www.certifiedcosmetics.com\/it\/wp-json\/wp\/v2\/product_tag?post=14455"}],"curies":[{"name":"wp","href":"https:\/\/api.w.org\/{rel}","templated":true}]}}