{"id":14193,"date":"2025-10-22T12:48:54","date_gmt":"2025-10-22T11:48:54","guid":{"rendered":"https:\/\/www.certifiedcosmetics.com\/product\/uncategorized\/rilevamento-tpo\/"},"modified":"2025-10-22T12:48:54","modified_gmt":"2025-10-22T11:48:54","slug":"rilevamento-tpo","status":"publish","type":"product","link":"https:\/\/www.certifiedcosmetics.com\/it\/product\/verifica-delle-dichiarazioni-e-test-degli-ingredienti\/rilevamento-tpo\/","title":{"rendered":"Rilevamento TPO"},"content":{"rendered":"<p data-start=\"0\" data-end=\"294\">Il <strong>test di laboratorio per il rilevamento del TPO<\/strong> nei prodotti per unghie \u00e8 una procedura analitica specializzata utilizzata per identificare e quantificare l&#8217;<strong data-start=\"124\" data-end=\"174\">ossido di trimetilbenzoile difenilfosfina (TPO)<\/strong>, un fotoiniziatore ampiamente utilizzato nei gel e nei rivestimenti per unghie polimerizzabili con i raggi UV per avviare il processo di polimerizzazione.<\/p>\n<h2 data-start=\"296\" data-end=\"321\">Scopo del test<\/h2>\n<p data-start=\"322\" data-end=\"767\">Lo scopo di questo test \u00e8 verificare se i prodotti per unghie contengono <strong data-start=\"390\" data-end=\"397\">il TPO<\/strong>, il cui <strong data-start=\"408\" data-end=\"483\">uso nei cosmetici e nei prodotti per unghie \u00e8 vietato nell&#8217;Unione Europea<\/strong> ai sensi dell&#8217;<strong data-start=\"490\" data-end=\"546\">Allegato II del Regolamento (CE) n. 1223\/2009 sui cosmetici<\/strong>. Nonostante la sua popolarit\u00e0 in passato per la sua efficacia nella polimerizzazione UV, il TPO \u00e8 stato vietato a causa di problemi di sicurezza, rendendo la sua individuazione fondamentale per la conformit\u00e0 normativa, lo screening delle importazioni e la convalida della sicurezza dei prodotti. <\/p>\n<h2 data-start=\"769\" data-end=\"805\">Perch\u00e9 il rilevamento del TPO \u00e8 importante<\/h2>\n<ul data-start=\"806\" data-end=\"1457\">\n<li data-start=\"806\" data-end=\"976\">\n<p data-start=\"808\" data-end=\"976\"><strong data-start=\"808\" data-end=\"834\">Conformit\u00e0 normativa:<\/strong> Poich\u00e9 il TPO \u00e8 vietato nell&#8217;UE, il test conferma che le formulazioni cosmetiche e per unghie non contengono alcuna traccia di questa sostanza soggetta a restrizioni.<\/p>\n<\/li>\n<li data-start=\"977\" data-end=\"1193\">\n<p data-start=\"979\" data-end=\"1193\"><strong data-start=\"979\" data-end=\"1000\">Garanzia di sicurezza:<\/strong> Il TPO \u00e8 stato associato a una potenziale <strong data-start=\"1040\" data-end=\"1062\">sensibilizzazione cutanea<\/strong>, a <strong data-start=\"1064\" data-end=\"1091\">reazioni fotoallergiche<\/strong> e a <strong data-start=\"1097\" data-end=\"1123\">problemi tossicologici<\/strong>, in particolare in caso di esposizione ripetuta durante la polimerizzazione UV delle unghie in gel.<\/p>\n<\/li>\n<li data-start=\"1194\" data-end=\"1313\">\n<p data-start=\"1196\" data-end=\"1313\"><strong data-start=\"1196\" data-end=\"1216\">Approvazione del mercato:<\/strong> I prodotti che contengono TPO non possono essere venduti o distribuiti legalmente nei mercati dell&#8217;UE e del SEE.<\/p>\n<\/li>\n<li data-start=\"1314\" data-end=\"1457\">\n<p data-start=\"1316\" data-end=\"1457\"><strong data-start=\"1316\" data-end=\"1342\">Qualit\u00e0 e integrit\u00e0:<\/strong> L&#8217;individuazione e l&#8217;eliminazione di sostanze vietate come il TPO garantisce la trasparenza della produzione e la tutela dei consumatori.<\/p>\n<\/li>\n<\/ul>\n<h2 data-start=\"1459\" data-end=\"1476\">Metodologia<\/h2>\n<p data-start=\"1477\" data-end=\"1630\">Il test di rilevamento del TPO viene eseguito con <strong data-start=\"1519\" data-end=\"1553\">tecniche analitiche avanzate<\/strong> in grado di identificare anche tracce di TPO nei prodotti per unghie finiti:<\/p>\n<ul data-start=\"1631\" data-end=\"1803\">\n<li data-start=\"1631\" data-end=\"1684\">\n<p data-start=\"1633\" data-end=\"1684\"><strong data-start=\"1633\" data-end=\"1682\">Cromatografia liquida ad alte prestazioni (HPLC)<\/strong><\/p>\n<\/li>\n<li data-start=\"1685\" data-end=\"1737\">\n<p data-start=\"1687\" data-end=\"1737\"><strong data-start=\"1687\" data-end=\"1735\">Gascromatografia-spettrometria di massa (GC-MS)<\/strong><\/p>\n<\/li>\n<li data-start=\"1738\" data-end=\"1803\">\n<p data-start=\"1740\" data-end=\"1803\"><strong data-start=\"1740\" data-end=\"1801\">Cromatografia liquida-spettrometria di massa in tandem (LC-MS\/MS)<\/strong><\/p>\n<\/li>\n<\/ul>\n<p data-start=\"1805\" data-end=\"1942\">Questi metodi consentono ai laboratori di rilevare e quantificare la TPO con un&#8217;elevata precisione, garantendo la conformit\u00e0 agli standard di sicurezza cosmetica dell&#8217;UE.<\/p>\n<h2 data-start=\"1944\" data-end=\"1964\">Procedura di test<\/h2>\n<ol data-start=\"1965\" data-end=\"2454\">\n<li data-start=\"1965\" data-end=\"2061\">\n<p data-start=\"1968\" data-end=\"2061\">Viene raccolto un campione rappresentativo di prodotto per unghie (smalto, top coat o gel di estensione).<\/p>\n<\/li>\n<li data-start=\"2062\" data-end=\"2148\">\n<p data-start=\"2065\" data-end=\"2148\">Il campione viene sottoposto a estrazione con solvente per isolare i potenziali fotoiniziatori.<\/p>\n<\/li>\n<li data-start=\"2149\" data-end=\"2260\">\n<p data-start=\"2152\" data-end=\"2260\">L&#8217;estratto viene analizzato mediante cromatografia e spettrometria di massa per identificare la TPO e le sostanze correlate.<\/p>\n<\/li>\n<li data-start=\"2261\" data-end=\"2353\">\n<p data-start=\"2264\" data-end=\"2353\">I composti rilevati vengono confrontati con standard di riferimento certificati per la conferma.<\/p>\n<\/li>\n<li data-start=\"2354\" data-end=\"2454\">\n<p data-start=\"2357\" data-end=\"2454\">Il rapporto finale include la concentrazione misurata (se presente) e una chiara dichiarazione di conformit\u00e0.<\/p>\n<\/li>\n<\/ol>\n<h2 data-start=\"2456\" data-end=\"2481\">Risultati e rapporti<\/h2>\n<p data-start=\"2482\" data-end=\"2521\">I rapporti di laboratorio in genere includono:<\/p>\n<ul data-start=\"2522\" data-end=\"2847\">\n<li data-start=\"2522\" data-end=\"2606\">\n<p data-start=\"2524\" data-end=\"2606\">Rilevazione del TPO e dei fotoiniziatori correlati (ad esempio, BAPO, fotoiniziatori HEMA).<\/p>\n<\/li>\n<li data-start=\"2607\" data-end=\"2658\">\n<p data-start=\"2609\" data-end=\"2658\">Dati di concentrazione espressi in mg\/kg o % w\/w.<\/p>\n<\/li>\n<li data-start=\"2659\" data-end=\"2711\">\n<p data-start=\"2661\" data-end=\"2711\">Limiti di rilevamento del metodo e accuratezza analitica.<\/p>\n<\/li>\n<li data-start=\"2712\" data-end=\"2847\">\n<p data-start=\"2714\" data-end=\"2847\">Stato di conformit\u00e0 secondo il Regolamento (CE) n. 1223\/2009 dell&#8217;Unione Europea, che conferma se il prodotto \u00e8 privo di fotoiniziatori vietati.<\/p>\n<\/li>\n<\/ul>\n<h2 data-start=\"2849\" data-end=\"2875\">Applicazioni tipiche<\/h2>\n<ul data-start=\"2876\" data-end=\"3060\">\n<li data-start=\"2876\" data-end=\"2910\">\n<p data-start=\"2878\" data-end=\"2910\">Gel e top coat UV\/LED per unghie<\/p>\n<\/li>\n<li data-start=\"2911\" data-end=\"2934\">\n<p data-start=\"2913\" data-end=\"2934\">Smalti gel ibridi<\/p>\n<\/li>\n<li data-start=\"2935\" data-end=\"2970\">\n<p data-start=\"2937\" data-end=\"2970\">Gel per ricostruzione e allungamento delle unghie<\/p>\n<\/li>\n<li data-start=\"2971\" data-end=\"3005\">\n<p data-start=\"2973\" data-end=\"3005\">Primer per unghie e agenti leganti<\/p>\n<\/li>\n<li data-start=\"3006\" data-end=\"3060\">\n<p data-start=\"3008\" data-end=\"3060\">Verifica degli ingredienti per i fornitori di materie prime<\/p>\n<\/li>\n<\/ul>\n<h2 data-start=\"3062\" data-end=\"3089\">Perch\u00e9 questo test \u00e8 importante<\/h2>\n<p data-start=\"3090\" data-end=\"3469\">Poich\u00e9 <strong data-start=\"3096\" data-end=\"3146\">il TPO \u00e8 esplicitamente vietato nell&#8217;Unione Europea<\/strong>, i produttori, i distributori e gli importatori devono assicurarsi che i loro prodotti per unghie siano <strong data-start=\"3227\" data-end=\"3253\">completamente privi di TPO<\/strong> per poterli immettere legalmente sul mercato. Il test di laboratorio per il rilevamento del TPO fornisce una prova affidabile e scientifica della conformit\u00e0 e aiuta a prevenire costosi richiami di prodotti, fermi doganali e problemi di sicurezza per i consumatori. <\/p>\n<p data-start=\"3471\" data-end=\"3805\" data-is-last-node=\"\" data-is-only-node=\"\">I test per la ricerca di sostanze vietate come il TPO sono una parte essenziale della <strong data-start=\"3534\" data-end=\"3564\">valutazione della sicurezza dei cosmetici<\/strong>, della documentazione <strong data-start=\"3566\" data-end=\"3600\">PIF (Product Information File)<\/strong> e della <strong data-start=\"3620\" data-end=\"3658\">verifica della conformit\u00e0 normativa<\/strong> dell&#8217;UE. Dimostra la dovuta diligenza e l&#8217;impegno per la sicurezza, garantendo che i prodotti per unghie soddisfino i pi\u00f9 alti standard normativi europei. <\/p>\n","protected":false},"excerpt":{"rendered":"<p>Il test di laboratorio per il rilevamento del TPO nei prodotti per unghie \u00e8 una procedura analitica specializzata utilizzata per identificare e quantificare l&#8217;ossido di trimetilbenzoile difenilfosfina (TPO), un fotoiniziatore ampiamente utilizzato nei gel e nei rivestimenti per unghie polimerizzabili con i raggi UV per avviare il processo di polimerizzazione. Scopo del test Lo scopo&#8230;<\/p>\n","protected":false},"featured_media":14191,"template":"","meta":[],"product_brand":[],"product_cat":[438],"product_tag":[],"class_list":{"0":"post-14193","1":"product","2":"type-product","3":"status-publish","4":"has-post-thumbnail","6":"product_cat-verifica-delle-dichiarazioni-e-test-degli-ingredienti","8":"first","9":"instock","10":"virtual","11":"taxable","12":"purchasable","13":"product-type-simple"},"bundled_by":[],"bundle_stock_status":"instock","bundle_stock_quantity":null,"bundle_virtual":false,"bundle_layout":"","bundle_add_to_cart_form_location":"","bundle_editable_in_cart":false,"bundle_sold_individually_context":"","bundle_item_grouping":"","bundle_min_size":"","bundle_max_size":"","bundle_price":[],"bundled_items":[],"bundle_sell_ids":[],"yoast_head":"<!-- This site is optimized with the Yoast SEO Premium plugin v25.4 (Yoast SEO v25.4) - https:\/\/yoast.com\/wordpress\/plugins\/seo\/ -->\n<title>Rilevamento TPO - Certified Cosmetics<\/title>\n<meta name=\"description\" content=\"Il test di laboratorio per il rilevamento del TPO nei prodotti per unghie \u00e8 una procedura analitica specializzata utilizzata per identificare e quantificare l&#039;ossido di trimetilbenzoile difenilfosfina (TPO).\" \/>\n<meta name=\"robots\" content=\"index, follow, max-snippet:-1, max-image-preview:large, max-video-preview:-1\" \/>\n<link rel=\"canonical\" href=\"https:\/\/www.certifiedcosmetics.com\/it\/product\/verifica-delle-dichiarazioni-e-test-degli-ingredienti\/rilevamento-tpo\/\" \/>\n<meta property=\"og:locale\" content=\"it_IT\" \/>\n<meta property=\"og:type\" content=\"article\" \/>\n<meta property=\"og:title\" content=\"Rilevamento TPO\" \/>\n<meta property=\"og:description\" content=\"Il test di laboratorio per il rilevamento del TPO nei prodotti per unghie \u00e8 una procedura analitica specializzata utilizzata per identificare e quantificare l&#039;ossido di trimetilbenzoile difenilfosfina (TPO).\" \/>\n<meta property=\"og:url\" content=\"https:\/\/www.certifiedcosmetics.com\/it\/product\/verifica-delle-dichiarazioni-e-test-degli-ingredienti\/rilevamento-tpo\/\" \/>\n<meta property=\"og:site_name\" content=\"Certified Cosmetics\" \/>\n<meta name=\"twitter:card\" content=\"summary_large_image\" \/>\n<meta name=\"twitter:label1\" content=\"Prezzo\" \/>\n\t<meta name=\"twitter:data1\" content=\"&#036;294.23\" \/>\n\t<meta name=\"twitter:label2\" content=\"Disponibilit\u00e0\" \/>\n\t<meta name=\"twitter:data2\" content=\"In stock\" \/>\n<script type=\"application\/ld+json\" class=\"yoast-schema-graph\">{\"@context\":\"https:\/\/schema.org\",\"@graph\":[{\"@type\":\"WebPage\",\"@id\":\"https:\/\/www.certifiedcosmetics.com\/it\/product\/verifica-delle-dichiarazioni-e-test-degli-ingredienti\/rilevamento-tpo\/\",\"url\":\"https:\/\/www.certifiedcosmetics.com\/it\/product\/verifica-delle-dichiarazioni-e-test-degli-ingredienti\/rilevamento-tpo\/\",\"name\":\"Rilevamento TPO - Certified Cosmetics\",\"isPartOf\":{\"@id\":\"https:\/\/www.certifiedcosmetics.com\/it\/#website\"},\"primaryImageOfPage\":{\"@id\":\"https:\/\/www.certifiedcosmetics.com\/it\/product\/verifica-delle-dichiarazioni-e-test-degli-ingredienti\/rilevamento-tpo\/#primaryimage\"},\"image\":{\"@id\":\"https:\/\/www.certifiedcosmetics.com\/it\/product\/verifica-delle-dichiarazioni-e-test-degli-ingredienti\/rilevamento-tpo\/#primaryimage\"},\"thumbnailUrl\":\"https:\/\/www.certifiedcosmetics.com\/wp-content\/uploads\/2025\/10\/tpo-detection.jpg\",\"datePublished\":\"2025-10-22T11:48:54+00:00\",\"description\":\"Il test di laboratorio per il rilevamento del TPO nei prodotti per unghie \u00e8 una procedura analitica specializzata utilizzata per identificare e quantificare l'ossido di trimetilbenzoile difenilfosfina (TPO).\",\"breadcrumb\":{\"@id\":\"https:\/\/www.certifiedcosmetics.com\/it\/product\/verifica-delle-dichiarazioni-e-test-degli-ingredienti\/rilevamento-tpo\/#breadcrumb\"},\"inLanguage\":\"it-IT\",\"potentialAction\":[{\"@type\":\"ReadAction\",\"target\":[\"https:\/\/www.certifiedcosmetics.com\/it\/product\/verifica-delle-dichiarazioni-e-test-degli-ingredienti\/rilevamento-tpo\/\"]}]},{\"@type\":\"ImageObject\",\"inLanguage\":\"it-IT\",\"@id\":\"https:\/\/www.certifiedcosmetics.com\/it\/product\/verifica-delle-dichiarazioni-e-test-degli-ingredienti\/rilevamento-tpo\/#primaryimage\",\"url\":\"https:\/\/www.certifiedcosmetics.com\/wp-content\/uploads\/2025\/10\/tpo-detection.jpg\",\"contentUrl\":\"https:\/\/www.certifiedcosmetics.com\/wp-content\/uploads\/2025\/10\/tpo-detection.jpg\",\"width\":800,\"height\":800},{\"@type\":\"BreadcrumbList\",\"@id\":\"https:\/\/www.certifiedcosmetics.com\/it\/product\/verifica-delle-dichiarazioni-e-test-degli-ingredienti\/rilevamento-tpo\/#breadcrumb\",\"itemListElement\":[{\"@type\":\"ListItem\",\"position\":1,\"name\":\"Home\",\"item\":\"https:\/\/www.certifiedcosmetics.com\/it\/\"},{\"@type\":\"ListItem\",\"position\":2,\"name\":\"Negozio\",\"item\":\"https:\/\/www.certifiedcosmetics.com\/it\/negozio\/\"},{\"@type\":\"ListItem\",\"position\":3,\"name\":\"Rilevamento TPO\"}]},{\"@type\":\"WebSite\",\"@id\":\"https:\/\/www.certifiedcosmetics.com\/it\/#website\",\"url\":\"https:\/\/www.certifiedcosmetics.com\/it\/\",\"name\":\"Certified Cosmetics\",\"description\":\"Cosmetic Safety Assessment\",\"publisher\":{\"@id\":\"https:\/\/www.certifiedcosmetics.com\/it\/#organization\"},\"potentialAction\":[{\"@type\":\"SearchAction\",\"target\":{\"@type\":\"EntryPoint\",\"urlTemplate\":\"https:\/\/www.certifiedcosmetics.com\/it\/?s={search_term_string}\"},\"query-input\":{\"@type\":\"PropertyValueSpecification\",\"valueRequired\":true,\"valueName\":\"search_term_string\"}}],\"inLanguage\":\"it-IT\"},{\"@type\":\"Organization\",\"@id\":\"https:\/\/www.certifiedcosmetics.com\/it\/#organization\",\"name\":\"Certified Cosmetics\",\"url\":\"https:\/\/www.certifiedcosmetics.com\/it\/\",\"logo\":{\"@type\":\"ImageObject\",\"inLanguage\":\"it-IT\",\"@id\":\"https:\/\/www.certifiedcosmetics.com\/it\/#\/schema\/logo\/image\/\",\"url\":\"https:\/\/www.certifiedcosmetics.com\/wp-content\/uploads\/2024\/12\/logo_certified_cosmetics696.jpg\",\"contentUrl\":\"https:\/\/www.certifiedcosmetics.com\/wp-content\/uploads\/2024\/12\/logo_certified_cosmetics696.jpg\",\"width\":696,\"height\":696,\"caption\":\"Certified Cosmetics\"},\"image\":{\"@id\":\"https:\/\/www.certifiedcosmetics.com\/it\/#\/schema\/logo\/image\/\"},\"description\":\"Your trusted partner for cosmetic product safety reporting. We take care of updating all of your documentation, ensuring your compliance stays current even as regulations evolve. The Cosmetic Product Safety Assessment will give you everything you need to sell specific products to EU consumers.\",\"email\":\"contact@certifiedcosmetics.com\",\"telephone\":\"+31 36 2036384\",\"legalName\":\"Certified Cosmetics\",\"foundingDate\":\"2010-01-01\",\"vatID\":\"NL854189543B01\",\"numberOfEmployees\":{\"@type\":\"QuantitativeValue\",\"minValue\":\"11\",\"maxValue\":\"50\"}}]}<\/script>\n<meta property=\"product:price:amount\" content=\"294.23\" \/>\n<meta property=\"product:price:currency\" content=\"USD\" \/>\n<meta property=\"og:availability\" content=\"instock\" \/>\n<meta property=\"product:availability\" content=\"instock\" \/>\n<meta property=\"product:condition\" content=\"new\" \/>\n<!-- \/ Yoast SEO Premium plugin. -->","yoast_head_json":{"title":"Rilevamento TPO - Certified Cosmetics","description":"Il test di laboratorio per il rilevamento del TPO nei prodotti per unghie \u00e8 una procedura analitica specializzata utilizzata per identificare e quantificare l'ossido di trimetilbenzoile difenilfosfina (TPO).","robots":{"index":"index","follow":"follow","max-snippet":"max-snippet:-1","max-image-preview":"max-image-preview:large","max-video-preview":"max-video-preview:-1"},"canonical":"https:\/\/www.certifiedcosmetics.com\/it\/product\/verifica-delle-dichiarazioni-e-test-degli-ingredienti\/rilevamento-tpo\/","og_locale":"it_IT","og_type":"article","og_title":"Rilevamento TPO","og_description":"Il test di laboratorio per il rilevamento del TPO nei prodotti per unghie \u00e8 una procedura analitica specializzata utilizzata per identificare e quantificare l'ossido di trimetilbenzoile difenilfosfina (TPO).","og_url":"https:\/\/www.certifiedcosmetics.com\/it\/product\/verifica-delle-dichiarazioni-e-test-degli-ingredienti\/rilevamento-tpo\/","og_site_name":"Certified Cosmetics","twitter_card":"summary_large_image","twitter_misc":{"Prezzo":"&#36;294.23","Disponibilit\u00e0":"In stock"},"schema":{"@context":"https:\/\/schema.org","@graph":[{"@type":"WebPage","@id":"https:\/\/www.certifiedcosmetics.com\/it\/product\/verifica-delle-dichiarazioni-e-test-degli-ingredienti\/rilevamento-tpo\/","url":"https:\/\/www.certifiedcosmetics.com\/it\/product\/verifica-delle-dichiarazioni-e-test-degli-ingredienti\/rilevamento-tpo\/","name":"Rilevamento TPO - Certified Cosmetics","isPartOf":{"@id":"https:\/\/www.certifiedcosmetics.com\/it\/#website"},"primaryImageOfPage":{"@id":"https:\/\/www.certifiedcosmetics.com\/it\/product\/verifica-delle-dichiarazioni-e-test-degli-ingredienti\/rilevamento-tpo\/#primaryimage"},"image":{"@id":"https:\/\/www.certifiedcosmetics.com\/it\/product\/verifica-delle-dichiarazioni-e-test-degli-ingredienti\/rilevamento-tpo\/#primaryimage"},"thumbnailUrl":"https:\/\/www.certifiedcosmetics.com\/wp-content\/uploads\/2025\/10\/tpo-detection.jpg","datePublished":"2025-10-22T11:48:54+00:00","description":"Il test di laboratorio per il rilevamento del TPO nei prodotti per unghie \u00e8 una procedura analitica specializzata utilizzata per identificare e quantificare l'ossido di trimetilbenzoile difenilfosfina (TPO).","breadcrumb":{"@id":"https:\/\/www.certifiedcosmetics.com\/it\/product\/verifica-delle-dichiarazioni-e-test-degli-ingredienti\/rilevamento-tpo\/#breadcrumb"},"inLanguage":"it-IT","potentialAction":[{"@type":"ReadAction","target":["https:\/\/www.certifiedcosmetics.com\/it\/product\/verifica-delle-dichiarazioni-e-test-degli-ingredienti\/rilevamento-tpo\/"]}]},{"@type":"ImageObject","inLanguage":"it-IT","@id":"https:\/\/www.certifiedcosmetics.com\/it\/product\/verifica-delle-dichiarazioni-e-test-degli-ingredienti\/rilevamento-tpo\/#primaryimage","url":"https:\/\/www.certifiedcosmetics.com\/wp-content\/uploads\/2025\/10\/tpo-detection.jpg","contentUrl":"https:\/\/www.certifiedcosmetics.com\/wp-content\/uploads\/2025\/10\/tpo-detection.jpg","width":800,"height":800},{"@type":"BreadcrumbList","@id":"https:\/\/www.certifiedcosmetics.com\/it\/product\/verifica-delle-dichiarazioni-e-test-degli-ingredienti\/rilevamento-tpo\/#breadcrumb","itemListElement":[{"@type":"ListItem","position":1,"name":"Home","item":"https:\/\/www.certifiedcosmetics.com\/it\/"},{"@type":"ListItem","position":2,"name":"Negozio","item":"https:\/\/www.certifiedcosmetics.com\/it\/negozio\/"},{"@type":"ListItem","position":3,"name":"Rilevamento TPO"}]},{"@type":"WebSite","@id":"https:\/\/www.certifiedcosmetics.com\/it\/#website","url":"https:\/\/www.certifiedcosmetics.com\/it\/","name":"Certified Cosmetics","description":"Cosmetic Safety Assessment","publisher":{"@id":"https:\/\/www.certifiedcosmetics.com\/it\/#organization"},"potentialAction":[{"@type":"SearchAction","target":{"@type":"EntryPoint","urlTemplate":"https:\/\/www.certifiedcosmetics.com\/it\/?s={search_term_string}"},"query-input":{"@type":"PropertyValueSpecification","valueRequired":true,"valueName":"search_term_string"}}],"inLanguage":"it-IT"},{"@type":"Organization","@id":"https:\/\/www.certifiedcosmetics.com\/it\/#organization","name":"Certified Cosmetics","url":"https:\/\/www.certifiedcosmetics.com\/it\/","logo":{"@type":"ImageObject","inLanguage":"it-IT","@id":"https:\/\/www.certifiedcosmetics.com\/it\/#\/schema\/logo\/image\/","url":"https:\/\/www.certifiedcosmetics.com\/wp-content\/uploads\/2024\/12\/logo_certified_cosmetics696.jpg","contentUrl":"https:\/\/www.certifiedcosmetics.com\/wp-content\/uploads\/2024\/12\/logo_certified_cosmetics696.jpg","width":696,"height":696,"caption":"Certified Cosmetics"},"image":{"@id":"https:\/\/www.certifiedcosmetics.com\/it\/#\/schema\/logo\/image\/"},"description":"Your trusted partner for cosmetic product safety reporting. We take care of updating all of your documentation, ensuring your compliance stays current even as regulations evolve. The Cosmetic Product Safety Assessment will give you everything you need to sell specific products to EU consumers.","email":"contact@certifiedcosmetics.com","telephone":"+31 36 2036384","legalName":"Certified Cosmetics","foundingDate":"2010-01-01","vatID":"NL854189543B01","numberOfEmployees":{"@type":"QuantitativeValue","minValue":"11","maxValue":"50"}}]},"product_price_amount":"294.23","product_price_currency":"USD","og_availability":"instock","product_availability":"instock","product_condition":"new"},"_links":{"self":[{"href":"https:\/\/www.certifiedcosmetics.com\/it\/wp-json\/wp\/v2\/product\/14193","targetHints":{"allow":["GET"]}}],"collection":[{"href":"https:\/\/www.certifiedcosmetics.com\/it\/wp-json\/wp\/v2\/product"}],"about":[{"href":"https:\/\/www.certifiedcosmetics.com\/it\/wp-json\/wp\/v2\/types\/product"}],"wp:featuredmedia":[{"embeddable":true,"href":"https:\/\/www.certifiedcosmetics.com\/it\/wp-json\/wp\/v2\/media\/14191"}],"wp:attachment":[{"href":"https:\/\/www.certifiedcosmetics.com\/it\/wp-json\/wp\/v2\/media?parent=14193"}],"wp:term":[{"taxonomy":"product_brand","embeddable":true,"href":"https:\/\/www.certifiedcosmetics.com\/it\/wp-json\/wp\/v2\/product_brand?post=14193"},{"taxonomy":"product_cat","embeddable":true,"href":"https:\/\/www.certifiedcosmetics.com\/it\/wp-json\/wp\/v2\/product_cat?post=14193"},{"taxonomy":"product_tag","embeddable":true,"href":"https:\/\/www.certifiedcosmetics.com\/it\/wp-json\/wp\/v2\/product_tag?post=14193"}],"curies":[{"name":"wp","href":"https:\/\/api.w.org\/{rel}","templated":true}]}}