{"id":13659,"date":"2025-10-02T16:45:35","date_gmt":"2025-10-02T15:45:35","guid":{"rendered":"https:\/\/www.certifiedcosmetics.com\/product\/uncategorized\/creazione-della-documentazione-ifra\/"},"modified":"2025-10-02T16:45:35","modified_gmt":"2025-10-02T15:45:35","slug":"creazione-della-documentazione-ifra","status":"publish","type":"product","link":"https:\/\/www.certifiedcosmetics.com\/it\/product\/sds-it\/creazione-della-documentazione-ifra\/","title":{"rendered":"Creazione della documentazione IFRA"},"content":{"rendered":"<h2 data-start=\"309\" data-end=\"366\">Assicurati che i tuoi prodotti di profumeria soddisfino gli standard globali<\/h2>\n<p data-start=\"367\" data-end=\"745\">Ogni prodotto contenente fragranze &#8211; che sia un profumo, una candela, un diffusore, un sapone o un cosmetico &#8211; deve essere conforme agli ultimi <strong data-start=\"494\" data-end=\"512\">standard IFRA<\/strong>. Questi standard stabiliscono i livelli di sicurezza d&#8217;uso dei materiali profumati per i diversi tipi di prodotti. Senza la documentazione corretta, i tuoi prodotti potrebbero essere rifiutati dalle autorit\u00e0, richiamati o bloccati nei mercati internazionali.  <\/p>\n<p data-start=\"747\" data-end=\"902\">Il nostro servizio ti fornisce i <strong data-start=\"777\" data-end=\"845\">certificati ufficiali IFRA e la documentazione di supporto sugli allergeni<\/strong>, creata a partire dai dati di laboratorio o dalle informazioni dei fornitori.<\/p>\n<h2 data-start=\"909\" data-end=\"944\">Perch\u00e9 la documentazione IFRA \u00e8 importante<\/h2>\n<p data-start=\"945\" data-end=\"1115\">L&#8217;<strong data-start=\"949\" data-end=\"995\">International Fragrance Association (IFRA)<\/strong> emette linee guida che sono ampiamente riconosciute dalle autorit\u00e0 di regolamentazione e dagli enti industriali di tutto il mondo. La conformit\u00e0 non \u00e8 facoltativa: <\/p>\n<ul data-start=\"1116\" data-end=\"1419\">\n<li data-start=\"1116\" data-end=\"1208\">\n<p data-start=\"1118\" data-end=\"1208\">I rivenditori e i distributori spesso richiedono i certificati IFRA prima di inserire i tuoi prodotti nell&#8217;elenco.<\/p>\n<\/li>\n<li data-start=\"1209\" data-end=\"1318\">\n<p data-start=\"1211\" data-end=\"1318\">Le persone responsabili ai sensi del Regolamento cosmetico UE 1223\/2009 devono assicurarsi che le fragranze soddisfino le restrizioni IFRA.<\/p>\n<\/li>\n<li data-start=\"1319\" data-end=\"1419\">\n<p data-start=\"1321\" data-end=\"1419\">I mercati di esportazione richiedono sempre pi\u00f9 spesso la documentazione IFRA insieme a SDS, CPSR e schede degli allergeni.<\/p>\n<\/li>\n<\/ul>\n<p data-start=\"1421\" data-end=\"1549\">In breve, la documentazione IFRA protegge la tua attivit\u00e0, i tuoi consumatori e la tua capacit\u00e0 di vendere legalmente in pi\u00f9 regioni.<\/p>\n<h2 data-start=\"1556\" data-end=\"1576\">Cosa forniamo<\/h2>\n<p data-start=\"1577\" data-end=\"1619\">Il nostro servizio di documentazione IFRA comprende:<\/p>\n<ul data-start=\"1620\" data-end=\"1968\">\n<li data-start=\"1620\" data-end=\"1700\">\n<p data-start=\"1622\" data-end=\"1700\"><strong data-start=\"1622\" data-end=\"1655\">Creazione di Certificati IFRA<\/strong> (basati sull&#8217;emendamento IFRA pi\u00f9 recente).<\/p>\n<\/li>\n<li data-start=\"1911\" data-end=\"1968\">\n<p data-start=\"1913\" data-end=\"1968\"><strong data-start=\"1913\" data-end=\"1939\">Opzioni multilingue<\/strong> per i mercati UE e globali. L&#8217;inglese \u00e8 la lingua standard. <\/p>\n<\/li>\n<\/ul>\n<p data-start=\"1970\" data-end=\"2125\">Se non disponi ancora di dati verificati sugli allergeni, possiamo combinare questo servizio con il nostro <a href=\"https:\/\/www.certifiedcosmetics.com\/product\/claim-verification-ingredient-testing\/82-allergen-detection-test-gc-ms-ms\/\"><br \/>\n  <strong data-start=\"2054\" data-end=\"2094\">82 Test di laboratorio GC-MS\/MS sugli allergeni<\/strong><br \/>\n<\/a> per garantire un&#8217;accuratezza completa.<\/p>\n<h2 class=\"wp-block-heading\"><strong>Come funziona il processo?<\/strong><\/h2>\n<ol class=\"wp-block-list\" start=\"1\">\n<li><strong>Scelta del test di laboratorio<\/strong>\n<ul class=\"wp-block-list\">\n<li>Acquista il test di laboratorio attraverso il nostro sito web.<\/li>\n<\/ul>\n<\/li>\n<li><strong>Accesso al portale sicuro<\/strong>\n<ul class=\"wp-block-list\">\n<li>Dopo l&#8217;acquisto, accederai al nostro portale sicuro dove potrai completare l&#8217;iscrizione.<\/li>\n<\/ul>\n<\/li>\n<li><strong>Test di laboratorio di scedule<\/strong>\n<ul class=\"wp-block-list\">\n<li>Completa tutte le informazioni richieste sul tuo prodotto e carica la relativa documentazione.<\/li>\n<\/ul>\n<\/li>\n<li><strong>Invia i campioni<\/strong>\n<ul class=\"wp-block-list\">\n<li>Invia dei campioni fisici del tuo prodotto al nostro laboratorio. Quando prenoti il tuo test di laboratorio nel portale, il valutatore di sicurezza ti chieder\u00e0 il numero di campioni. Dipende dal prodotto e dall&#8217;imballaggio.  <\/li>\n<\/ul>\n<\/li>\n<li><strong>Test di laboratorio<\/strong>\n<ul class=\"wp-block-list\">\n<li>Eseguiamo test di laboratorio.<\/li>\n<\/ul>\n<\/li>\n<li><strong>Risultati<\/strong>\n<ul class=\"wp-block-list\">\n<li>Il nostro responsabile della sicurezza prepara i risultati degli esami di laboratorio, carica il rapporto sul portale e ti avvisa.<\/li>\n<\/ul>\n<\/li>\n<\/ol>\n<h2 data-start=\"2591\" data-end=\"2618\">Chi ha bisogno di questo servizio<\/h2>\n<ul data-start=\"2619\" data-end=\"2956\">\n<li data-start=\"2619\" data-end=\"2689\">\n<p data-start=\"2621\" data-end=\"2689\"><strong data-start=\"2621\" data-end=\"2648\">Fornitori di oli profumati<\/strong> che creano confezioni IFRA per i loro clienti.<\/p>\n<\/li>\n<li data-start=\"2690\" data-end=\"2771\">\n<p data-start=\"2692\" data-end=\"2771\">I <strong data-start=\"2692\" data-end=\"2711\">marchi cosmetici<\/strong> che necessitano di certificati IFRA per i controlli di conformit\u00e0 e CPSR.<\/p>\n<\/li>\n<li data-start=\"2772\" data-end=\"2875\">\n<p data-start=\"2774\" data-end=\"2875\">I <strong data-start=\"2774\" data-end=\"2821\">produttori di candele, diffusori e profumi per la casa<\/strong> devono fornire dichiarazioni IFRA e sugli allergeni.<\/p>\n<\/li>\n<li data-start=\"2876\" data-end=\"2956\">\n<p data-start=\"2878\" data-end=\"2956\"><strong data-start=\"2878\" data-end=\"2908\">Distributori e rivenditori<\/strong> chiedono una documentazione di conformit\u00e0 completa.<\/p>\n<\/li>\n<\/ul>\n<h2 data-start=\"2963\" data-end=\"2994\">Vantaggi per la tua azienda<\/h2>\n<ul data-start=\"2995\" data-end=\"3286\">\n<li data-start=\"2995\" data-end=\"3052\">\n<p data-start=\"2997\" data-end=\"3052\">Rimani pienamente conforme agli <strong data-start=\"3023\" data-end=\"3049\">attuali standard IFRA<\/strong>.<\/p>\n<\/li>\n<li data-start=\"3053\" data-end=\"3128\">\n<p data-start=\"3055\" data-end=\"3128\">Fornire una documentazione affidabile e professionale a clienti e autorit\u00e0.<\/p>\n<\/li>\n<li data-start=\"3129\" data-end=\"3172\">\n<p data-start=\"3131\" data-end=\"3172\">Risparmia tempo ed evita gli errori di calcolo.<\/p>\n<\/li>\n<li data-start=\"3173\" data-end=\"3286\">\n<p data-start=\"3175\" data-end=\"3286\">Combinalo con i nostri servizi di analisi (analisi degli allergeni, SDS, PCN, CPSR) per una <strong data-start=\"3251\" data-end=\"3283\">soluzione unica di conformit\u00e0<\/strong>.<\/p>\n<\/li>\n<\/ul>\n","protected":false},"excerpt":{"rendered":"<p>Assicurati che i tuoi prodotti di profumeria soddisfino gli standard globali Ogni prodotto contenente fragranze &#8211; che sia un profumo, una candela, un diffusore, un sapone o un cosmetico &#8211; deve essere conforme agli ultimi standard IFRA. Questi standard stabiliscono i livelli di sicurezza d&#8217;uso dei materiali profumati per i diversi tipi di prodotti. Senza&#8230;<\/p>\n","protected":false},"featured_media":13500,"template":"","meta":[],"product_brand":[],"product_cat":[388],"product_tag":[],"class_list":{"0":"post-13659","1":"product","2":"type-product","3":"status-publish","4":"has-post-thumbnail","6":"product_cat-sds-it","8":"first","9":"instock","10":"virtual","11":"taxable","12":"purchasable","13":"product-type-simple"},"bundled_by":["13702"],"bundle_stock_status":"instock","bundle_stock_quantity":null,"bundle_virtual":false,"bundle_layout":"","bundle_add_to_cart_form_location":"","bundle_editable_in_cart":false,"bundle_sold_individually_context":"","bundle_item_grouping":"","bundle_min_size":"","bundle_max_size":"","bundle_price":[],"bundled_items":[],"bundle_sell_ids":[],"yoast_head":"<!-- This site is optimized with the Yoast SEO Premium plugin v25.4 (Yoast SEO v25.4) - https:\/\/yoast.com\/wordpress\/plugins\/seo\/ -->\n<title>Creazione della documentazione IFRA - Certified Cosmetics<\/title>\n<meta name=\"description\" content=\"Il nostro servizio ti fornisce i certificati ufficiali IFRA e la documentazione di supporto sugli allergeni, creata a partire dai dati di laboratorio o dalle informazioni dei fornitori.\" \/>\n<meta name=\"robots\" content=\"index, follow, max-snippet:-1, max-image-preview:large, max-video-preview:-1\" \/>\n<link rel=\"canonical\" href=\"https:\/\/www.certifiedcosmetics.com\/it\/product\/sds-it\/creazione-della-documentazione-ifra\/\" \/>\n<meta property=\"og:locale\" content=\"it_IT\" \/>\n<meta property=\"og:type\" content=\"article\" \/>\n<meta property=\"og:title\" content=\"Creazione della documentazione IFRA\" \/>\n<meta property=\"og:description\" content=\"Il nostro servizio ti fornisce i certificati ufficiali IFRA e la documentazione di supporto sugli allergeni, creata a partire dai dati di laboratorio o dalle informazioni dei fornitori.\" \/>\n<meta property=\"og:url\" content=\"https:\/\/www.certifiedcosmetics.com\/it\/product\/sds-it\/creazione-della-documentazione-ifra\/\" \/>\n<meta property=\"og:site_name\" content=\"Certified Cosmetics\" \/>\n<meta property=\"og:image\" content=\"https:\/\/www.certifiedcosmetics.com\/wp-content\/uploads\/2025\/10\/ifra-documentation.jpg\" \/>\n\t<meta property=\"og:image:width\" content=\"800\" \/>\n\t<meta property=\"og:image:height\" content=\"800\" \/>\n\t<meta property=\"og:image:type\" content=\"image\/jpeg\" \/>\n<meta name=\"twitter:card\" content=\"summary_large_image\" \/>\n<meta name=\"twitter:label1\" content=\"Prezzo\" \/>\n\t<meta name=\"twitter:data1\" content=\"&#036;94.15\" \/>\n\t<meta name=\"twitter:label2\" content=\"Disponibilit\u00e0\" \/>\n\t<meta name=\"twitter:data2\" content=\"In stock\" \/>\n<script type=\"application\/ld+json\" class=\"yoast-schema-graph\">{\"@context\":\"https:\/\/schema.org\",\"@graph\":[{\"@type\":\"WebPage\",\"@id\":\"https:\/\/www.certifiedcosmetics.com\/it\/product\/sds-it\/creazione-della-documentazione-ifra\/\",\"url\":\"https:\/\/www.certifiedcosmetics.com\/it\/product\/sds-it\/creazione-della-documentazione-ifra\/\",\"name\":\"Creazione della documentazione IFRA - Certified Cosmetics\",\"isPartOf\":{\"@id\":\"https:\/\/www.certifiedcosmetics.com\/it\/#website\"},\"primaryImageOfPage\":{\"@id\":\"https:\/\/www.certifiedcosmetics.com\/it\/product\/sds-it\/creazione-della-documentazione-ifra\/#primaryimage\"},\"image\":{\"@id\":\"https:\/\/www.certifiedcosmetics.com\/it\/product\/sds-it\/creazione-della-documentazione-ifra\/#primaryimage\"},\"thumbnailUrl\":\"https:\/\/www.certifiedcosmetics.com\/wp-content\/uploads\/2025\/10\/ifra-documentation.jpg\",\"datePublished\":\"2025-10-02T15:45:35+00:00\",\"description\":\"Il nostro servizio ti fornisce i certificati ufficiali IFRA e la documentazione di supporto sugli allergeni, creata a partire dai dati di laboratorio o dalle informazioni dei fornitori.\",\"breadcrumb\":{\"@id\":\"https:\/\/www.certifiedcosmetics.com\/it\/product\/sds-it\/creazione-della-documentazione-ifra\/#breadcrumb\"},\"inLanguage\":\"it-IT\",\"potentialAction\":[{\"@type\":\"ReadAction\",\"target\":[\"https:\/\/www.certifiedcosmetics.com\/it\/product\/sds-it\/creazione-della-documentazione-ifra\/\"]}]},{\"@type\":\"ImageObject\",\"inLanguage\":\"it-IT\",\"@id\":\"https:\/\/www.certifiedcosmetics.com\/it\/product\/sds-it\/creazione-della-documentazione-ifra\/#primaryimage\",\"url\":\"https:\/\/www.certifiedcosmetics.com\/wp-content\/uploads\/2025\/10\/ifra-documentation.jpg\",\"contentUrl\":\"https:\/\/www.certifiedcosmetics.com\/wp-content\/uploads\/2025\/10\/ifra-documentation.jpg\",\"width\":800,\"height\":800},{\"@type\":\"BreadcrumbList\",\"@id\":\"https:\/\/www.certifiedcosmetics.com\/it\/product\/sds-it\/creazione-della-documentazione-ifra\/#breadcrumb\",\"itemListElement\":[{\"@type\":\"ListItem\",\"position\":1,\"name\":\"Home\",\"item\":\"https:\/\/www.certifiedcosmetics.com\/it\/\"},{\"@type\":\"ListItem\",\"position\":2,\"name\":\"Negozio\",\"item\":\"https:\/\/www.certifiedcosmetics.com\/it\/negozio\/\"},{\"@type\":\"ListItem\",\"position\":3,\"name\":\"Creazione della documentazione IFRA\"}]},{\"@type\":\"WebSite\",\"@id\":\"https:\/\/www.certifiedcosmetics.com\/it\/#website\",\"url\":\"https:\/\/www.certifiedcosmetics.com\/it\/\",\"name\":\"Certified Cosmetics\",\"description\":\"Cosmetic Safety Assessment\",\"publisher\":{\"@id\":\"https:\/\/www.certifiedcosmetics.com\/it\/#organization\"},\"potentialAction\":[{\"@type\":\"SearchAction\",\"target\":{\"@type\":\"EntryPoint\",\"urlTemplate\":\"https:\/\/www.certifiedcosmetics.com\/it\/?s={search_term_string}\"},\"query-input\":{\"@type\":\"PropertyValueSpecification\",\"valueRequired\":true,\"valueName\":\"search_term_string\"}}],\"inLanguage\":\"it-IT\"},{\"@type\":\"Organization\",\"@id\":\"https:\/\/www.certifiedcosmetics.com\/it\/#organization\",\"name\":\"Certified Cosmetics\",\"url\":\"https:\/\/www.certifiedcosmetics.com\/it\/\",\"logo\":{\"@type\":\"ImageObject\",\"inLanguage\":\"it-IT\",\"@id\":\"https:\/\/www.certifiedcosmetics.com\/it\/#\/schema\/logo\/image\/\",\"url\":\"https:\/\/www.certifiedcosmetics.com\/wp-content\/uploads\/2024\/12\/logo_certified_cosmetics696.jpg\",\"contentUrl\":\"https:\/\/www.certifiedcosmetics.com\/wp-content\/uploads\/2024\/12\/logo_certified_cosmetics696.jpg\",\"width\":696,\"height\":696,\"caption\":\"Certified Cosmetics\"},\"image\":{\"@id\":\"https:\/\/www.certifiedcosmetics.com\/it\/#\/schema\/logo\/image\/\"},\"description\":\"Your trusted partner for cosmetic product safety reporting. We take care of updating all of your documentation, ensuring your compliance stays current even as regulations evolve. The Cosmetic Product Safety Assessment will give you everything you need to sell specific products to EU consumers.\",\"email\":\"contact@certifiedcosmetics.com\",\"telephone\":\"+31 36 2036384\",\"legalName\":\"Certified Cosmetics\",\"foundingDate\":\"2010-01-01\",\"vatID\":\"NL854189543B01\",\"numberOfEmployees\":{\"@type\":\"QuantitativeValue\",\"minValue\":\"11\",\"maxValue\":\"50\"}}]}<\/script>\n<meta property=\"product:price:amount\" content=\"94.15\" \/>\n<meta property=\"product:price:currency\" content=\"USD\" \/>\n<meta property=\"og:availability\" content=\"instock\" \/>\n<meta property=\"product:availability\" content=\"instock\" \/>\n<meta property=\"product:retailer_item_id\" content=\"CC100079\" \/>\n<meta property=\"product:condition\" content=\"new\" \/>\n<!-- \/ Yoast SEO Premium plugin. -->","yoast_head_json":{"title":"Creazione della documentazione IFRA - Certified Cosmetics","description":"Il nostro servizio ti fornisce i certificati ufficiali IFRA e la documentazione di supporto sugli allergeni, creata a partire dai dati di laboratorio o dalle informazioni dei fornitori.","robots":{"index":"index","follow":"follow","max-snippet":"max-snippet:-1","max-image-preview":"max-image-preview:large","max-video-preview":"max-video-preview:-1"},"canonical":"https:\/\/www.certifiedcosmetics.com\/it\/product\/sds-it\/creazione-della-documentazione-ifra\/","og_locale":"it_IT","og_type":"article","og_title":"Creazione della documentazione IFRA","og_description":"Il nostro servizio ti fornisce i certificati ufficiali IFRA e la documentazione di supporto sugli allergeni, creata a partire dai dati di laboratorio o dalle informazioni dei fornitori.","og_url":"https:\/\/www.certifiedcosmetics.com\/it\/product\/sds-it\/creazione-della-documentazione-ifra\/","og_site_name":"Certified Cosmetics","og_image":[{"width":800,"height":800,"url":"https:\/\/www.certifiedcosmetics.com\/wp-content\/uploads\/2025\/10\/ifra-documentation.jpg","type":"image\/jpeg"}],"twitter_card":"summary_large_image","twitter_misc":{"Prezzo":"&#36;94.15","Disponibilit\u00e0":"In stock"},"schema":{"@context":"https:\/\/schema.org","@graph":[{"@type":"WebPage","@id":"https:\/\/www.certifiedcosmetics.com\/it\/product\/sds-it\/creazione-della-documentazione-ifra\/","url":"https:\/\/www.certifiedcosmetics.com\/it\/product\/sds-it\/creazione-della-documentazione-ifra\/","name":"Creazione della documentazione IFRA - Certified Cosmetics","isPartOf":{"@id":"https:\/\/www.certifiedcosmetics.com\/it\/#website"},"primaryImageOfPage":{"@id":"https:\/\/www.certifiedcosmetics.com\/it\/product\/sds-it\/creazione-della-documentazione-ifra\/#primaryimage"},"image":{"@id":"https:\/\/www.certifiedcosmetics.com\/it\/product\/sds-it\/creazione-della-documentazione-ifra\/#primaryimage"},"thumbnailUrl":"https:\/\/www.certifiedcosmetics.com\/wp-content\/uploads\/2025\/10\/ifra-documentation.jpg","datePublished":"2025-10-02T15:45:35+00:00","description":"Il nostro servizio ti fornisce i certificati ufficiali IFRA e la documentazione di supporto sugli allergeni, creata a partire dai dati di laboratorio o dalle informazioni dei fornitori.","breadcrumb":{"@id":"https:\/\/www.certifiedcosmetics.com\/it\/product\/sds-it\/creazione-della-documentazione-ifra\/#breadcrumb"},"inLanguage":"it-IT","potentialAction":[{"@type":"ReadAction","target":["https:\/\/www.certifiedcosmetics.com\/it\/product\/sds-it\/creazione-della-documentazione-ifra\/"]}]},{"@type":"ImageObject","inLanguage":"it-IT","@id":"https:\/\/www.certifiedcosmetics.com\/it\/product\/sds-it\/creazione-della-documentazione-ifra\/#primaryimage","url":"https:\/\/www.certifiedcosmetics.com\/wp-content\/uploads\/2025\/10\/ifra-documentation.jpg","contentUrl":"https:\/\/www.certifiedcosmetics.com\/wp-content\/uploads\/2025\/10\/ifra-documentation.jpg","width":800,"height":800},{"@type":"BreadcrumbList","@id":"https:\/\/www.certifiedcosmetics.com\/it\/product\/sds-it\/creazione-della-documentazione-ifra\/#breadcrumb","itemListElement":[{"@type":"ListItem","position":1,"name":"Home","item":"https:\/\/www.certifiedcosmetics.com\/it\/"},{"@type":"ListItem","position":2,"name":"Negozio","item":"https:\/\/www.certifiedcosmetics.com\/it\/negozio\/"},{"@type":"ListItem","position":3,"name":"Creazione della documentazione IFRA"}]},{"@type":"WebSite","@id":"https:\/\/www.certifiedcosmetics.com\/it\/#website","url":"https:\/\/www.certifiedcosmetics.com\/it\/","name":"Certified Cosmetics","description":"Cosmetic Safety Assessment","publisher":{"@id":"https:\/\/www.certifiedcosmetics.com\/it\/#organization"},"potentialAction":[{"@type":"SearchAction","target":{"@type":"EntryPoint","urlTemplate":"https:\/\/www.certifiedcosmetics.com\/it\/?s={search_term_string}"},"query-input":{"@type":"PropertyValueSpecification","valueRequired":true,"valueName":"search_term_string"}}],"inLanguage":"it-IT"},{"@type":"Organization","@id":"https:\/\/www.certifiedcosmetics.com\/it\/#organization","name":"Certified Cosmetics","url":"https:\/\/www.certifiedcosmetics.com\/it\/","logo":{"@type":"ImageObject","inLanguage":"it-IT","@id":"https:\/\/www.certifiedcosmetics.com\/it\/#\/schema\/logo\/image\/","url":"https:\/\/www.certifiedcosmetics.com\/wp-content\/uploads\/2024\/12\/logo_certified_cosmetics696.jpg","contentUrl":"https:\/\/www.certifiedcosmetics.com\/wp-content\/uploads\/2024\/12\/logo_certified_cosmetics696.jpg","width":696,"height":696,"caption":"Certified Cosmetics"},"image":{"@id":"https:\/\/www.certifiedcosmetics.com\/it\/#\/schema\/logo\/image\/"},"description":"Your trusted partner for cosmetic product safety reporting. We take care of updating all of your documentation, ensuring your compliance stays current even as regulations evolve. The Cosmetic Product Safety Assessment will give you everything you need to sell specific products to EU consumers.","email":"contact@certifiedcosmetics.com","telephone":"+31 36 2036384","legalName":"Certified Cosmetics","foundingDate":"2010-01-01","vatID":"NL854189543B01","numberOfEmployees":{"@type":"QuantitativeValue","minValue":"11","maxValue":"50"}}]},"product_price_amount":"94.15","product_price_currency":"USD","og_availability":"instock","product_availability":"instock","product_retailer_item_id":"CC100079","product_condition":"new"},"_links":{"self":[{"href":"https:\/\/www.certifiedcosmetics.com\/it\/wp-json\/wp\/v2\/product\/13659","targetHints":{"allow":["GET"]}}],"collection":[{"href":"https:\/\/www.certifiedcosmetics.com\/it\/wp-json\/wp\/v2\/product"}],"about":[{"href":"https:\/\/www.certifiedcosmetics.com\/it\/wp-json\/wp\/v2\/types\/product"}],"wp:featuredmedia":[{"embeddable":true,"href":"https:\/\/www.certifiedcosmetics.com\/it\/wp-json\/wp\/v2\/media\/13500"}],"wp:attachment":[{"href":"https:\/\/www.certifiedcosmetics.com\/it\/wp-json\/wp\/v2\/media?parent=13659"}],"wp:term":[{"taxonomy":"product_brand","embeddable":true,"href":"https:\/\/www.certifiedcosmetics.com\/it\/wp-json\/wp\/v2\/product_brand?post=13659"},{"taxonomy":"product_cat","embeddable":true,"href":"https:\/\/www.certifiedcosmetics.com\/it\/wp-json\/wp\/v2\/product_cat?post=13659"},{"taxonomy":"product_tag","embeddable":true,"href":"https:\/\/www.certifiedcosmetics.com\/it\/wp-json\/wp\/v2\/product_tag?post=13659"}],"curies":[{"name":"wp","href":"https:\/\/api.w.org\/{rel}","templated":true}]}}