{"id":13131,"date":"2025-08-05T16:41:15","date_gmt":"2025-08-05T15:41:15","guid":{"rendered":"https:\/\/www.certifiedcosmetics.com\/product\/uncategorized\/test-del-fattore-di-protezione-uva-uva-pf\/"},"modified":"2025-10-22T09:34:10","modified_gmt":"2025-10-22T08:34:10","slug":"test-del-fattore-di-protezione-uva-uva-pf","status":"publish","type":"product","link":"https:\/\/www.certifiedcosmetics.com\/it\/product\/test-di-efficacia\/test-cutanei\/test-del-fattore-di-protezione-uva-uva-pf\/","title":{"rendered":"Test del fattore di protezione UVA (UVA-PF)"},"content":{"rendered":"<p data-start=\"281\" data-end=\"887\">Forniamo <strong data-start=\"292\" data-end=\"334\">test sul fattore di protezione UVA (UVA-PF)<\/strong> per supportare un&#8217;etichettatura accurata e conforme dei prodotti solari e cosmetici. Il test UVA-PF \u00e8 un passo fondamentale per verificare la capacit\u00e0 di un prodotto di proteggere la pelle dalle <strong data-start=\"511\" data-end=\"528\">radiazioni UVA<\/strong>, che notoriamente causano <strong data-start=\"554\" data-end=\"568\">fotoinvecchiamento<\/strong>, <strong data-start=\"570\" data-end=\"595\">danni a lungo termine alla pelle<\/strong> e contribuiscono al <strong data-start=\"615\" data-end=\"630\">cancro della pelle<\/strong>. A differenza dei raggi UVB, i raggi UVA penetrano pi\u00f9 profondamente nella pelle e sono presenti tutto l&#8217;anno, indipendentemente dal tempo o dalla stagione. La misurazione della protezione UVA \u00e8 una parte necessaria per comprovare le indicazioni di <strong data-start=\"827\" data-end=\"856\">protezione ad ampio spettro<\/strong> in molti mercati globali.  <\/p>\n<h2 data-start=\"894\" data-end=\"935\"><strong data-start=\"898\" data-end=\"935\">I nostri metodi di test UVA-PF disponibili<\/strong><\/h2>\n<p data-start=\"937\" data-end=\"1021\">Offriamo diversi metodi di analisi a seconda delle tue esigenze normative o di sviluppo:<\/p>\n<ul data-start=\"1023\" data-end=\"1694\">\n<li data-start=\"1023\" data-end=\"1169\">\n<p data-start=\"1025\" data-end=\"1169\"><strong data-start=\"1025\" data-end=\"1055\">Metodo interno (in vitro)<\/strong><\/p>\n<\/li>\n<li data-start=\"1170\" data-end=\"1422\">\n<p data-start=\"1172\" data-end=\"1422\"><strong data-start=\"1172\" data-end=\"1190\">ISO 24443:2021<\/strong> &#8211; Un <strong data-start=\"1196\" data-end=\"1242\">metodo in vitro riconosciuto a livello internazionale<\/strong> per determinare la protezione UVA nei prodotti solari. Questo test \u00e8 accettato dagli enti normativi dell&#8217;UE e di altri mercati globali come requisito per l&#8217;etichettatura ad ampio spettro. <\/p>\n<\/li>\n<li data-start=\"1423\" data-end=\"1694\">\n<p data-start=\"1425\" data-end=\"1613\"><strong data-start=\"1425\" data-end=\"1449\">Test di valutazione JCIA PA<\/strong> &#8211; Utilizzato ampiamente in Giappone e in molti paesi asiatici, il <strong data-start=\"1503\" data-end=\"1516\">sistema PA<\/strong> valuta la protezione UVA utilizzando i dati relativi all&#8217;oscuramento persistente del pigmento (PPD). Offriamo tutti e quattro i livelli PA: <\/p>\n<p data-start=\"1617\" data-end=\"1694\">&#8211; <strong data-start=\"1619\" data-end=\"1631\">Test PA+<\/strong><br data-start=\"1631\" data-end=\"1634\">&#8211; <strong data-start=\"1638\" data-end=\"1651\">Test PA++<\/strong><br data-start=\"1651\" data-end=\"1654\">&#8211; <strong data-start=\"1658\" data-end=\"1672\">Test PA+++<\/strong><br data-start=\"1672\" data-end=\"1675\">&#8211; <strong data-start=\"1679\" data-end=\"1694\">Test PA++++<\/strong><\/p>\n<\/li>\n<\/ul>\n<p data-start=\"1696\" data-end=\"1883\">Questi test sono condotti secondo le linee guida della <strong data-start=\"1739\" data-end=\"1785\">Japan Cosmetic Industry Association (JCIA)<\/strong> e sono comunemente utilizzati per la registrazione dei prodotti e l&#8217;etichettatura dei consumatori nei mercati asiatici.<\/p>\n<h2 data-start=\"1890\" data-end=\"1926\"><strong data-start=\"1894\" data-end=\"1926\">Perch\u00e9 i test UVA sono necessari<\/strong><\/h2>\n<p data-start=\"1928\" data-end=\"2320\">I consumatori e le autorit\u00e0 di regolamentazione si aspettano sempre pi\u00f9 un&#8217;etichettatura trasparente e basata su dati scientifici. Affinch\u00e9 i prodotti solari possano essere commercializzati con <g id=\"gid_0\">indicazioni di protezione UVA<\/g> o <g id=\"gid_1\">etichette ad ampio spettro<\/g>, \u00e8 necessario effettuare test di laboratorio per dimostrarne l&#8217;efficacia. I risultati dei test UVA-PF vengono utilizzati anche per supportare le indicazioni di marketing, rispettare le normative nazionali e selezionare la <strong data-start=\"2292\" data-end=\"2305\">classificazione PA<\/strong> appropriata per le confezioni.  <\/p>\n<p data-start=\"2322\" data-end=\"2543\">La mancata verifica della protezione UVA pu\u00f2 portare a dichiarazioni fuorvianti, a una riduzione della fiducia dei consumatori e a potenziali azioni normative. I nostri servizi di analisi aiutano a mitigare questi rischi fornendo dati oggettivi e scientificamente fondati. <\/p>\n<h2 class=\"wp-block-heading\"><strong>Come funziona il processo?<\/strong><\/h2>\n<ol class=\"wp-block-list\" start=\"1\">\n<li><strong>Scelta del test di laboratorio<\/strong>\n<ul class=\"wp-block-list\">\n<li>Acquista il <strong>test di laboratorio<\/strong> attraverso il nostro sito web.<\/li>\n<\/ul>\n<\/li>\n<li><strong>Accesso al portale sicuro<\/strong>\n<ul class=\"wp-block-list\">\n<li>Dopo l&#8217;acquisto, accederai al nostro portale sicuro dove potrai completare l&#8217;iscrizione.<\/li>\n<\/ul>\n<\/li>\n<li><strong>Intake completo<\/strong>\n<ul class=\"wp-block-list\">\n<li>Completa tutte le informazioni richieste sul tuo prodotto e carica la relativa documentazione.<\/li>\n<\/ul>\n<\/li>\n<li><strong>Invia i campioni<\/strong>\n<ul class=\"wp-block-list\">\n<li>Invia dei campioni fisici del tuo prodotto al nostro laboratorio. Quando prenoti il tuo test di laboratorio nel portale, il valutatore di sicurezza ti chieder\u00e0 il numero di campioni. Dipende dal prodotto e dall&#8217;imballaggio.  <\/li>\n<\/ul>\n<\/li>\n<li><strong>Test di laboratorio<\/strong>\n<ul class=\"wp-block-list\">\n<li>Noi eseguiamo gli esami di laboratorio.<\/li>\n<\/ul>\n<\/li>\n<li><strong>Risultati<\/strong>\n<ul class=\"wp-block-list\">\n<li>Nel portale troverai i risultati dei test relativi al tuo prodotto.<\/li>\n<\/ul>\n<\/li>\n<\/ol>\n","protected":false},"excerpt":{"rendered":"<p>Forniamo test sul fattore di protezione UVA (UVA-PF) per supportare un&#8217;etichettatura accurata e conforme dei prodotti solari e cosmetici. Il test UVA-PF \u00e8 un passo fondamentale per verificare la capacit\u00e0 di un prodotto di proteggere la pelle dalle radiazioni UVA, che notoriamente causano fotoinvecchiamento, danni a lungo termine alla pelle e contribuiscono al cancro della&#8230;<\/p>\n","protected":false},"featured_media":12634,"template":"","meta":[],"product_brand":[],"product_cat":[146,130,1446],"product_tag":[],"class_list":{"0":"post-13131","1":"product","2":"type-product","3":"status-publish","4":"has-post-thumbnail","6":"product_cat-test-cutanei","7":"product_cat-test-di-efficacia","8":"product_cat-test-spf","10":"first","11":"instock","12":"taxable","13":"shipping-taxable","14":"purchasable","15":"product-type-variable","16":"has-default-attributes"},"bundled_by":[],"bundle_stock_status":"instock","bundle_stock_quantity":null,"bundle_virtual":false,"bundle_layout":"","bundle_add_to_cart_form_location":"","bundle_editable_in_cart":false,"bundle_sold_individually_context":"","bundle_item_grouping":"","bundle_min_size":"","bundle_max_size":"","bundle_price":[],"bundled_items":[],"bundle_sell_ids":[],"yoast_head":"<!-- This site is optimized with the Yoast SEO Premium plugin v25.4 (Yoast SEO v25.4) - https:\/\/yoast.com\/wordpress\/plugins\/seo\/ -->\n<title>Test del fattore di protezione UVA (UVA-PF) - Certified Cosmetics<\/title>\n<meta name=\"description\" content=\"Forniamo test sul fattore di protezione UVA (UVA-PF) per supportare un&#039;etichettatura accurata e conforme dei prodotti solari e cosmetici.\" \/>\n<meta name=\"robots\" content=\"index, follow, max-snippet:-1, max-image-preview:large, max-video-preview:-1\" \/>\n<link rel=\"canonical\" href=\"https:\/\/www.certifiedcosmetics.com\/it\/product\/test-di-efficacia\/test-cutanei\/test-del-fattore-di-protezione-uva-uva-pf\/\" \/>\n<meta property=\"og:locale\" content=\"it_IT\" \/>\n<meta property=\"og:type\" content=\"article\" \/>\n<meta property=\"og:title\" content=\"Test del fattore di protezione UVA (UVA-PF)\" \/>\n<meta property=\"og:description\" content=\"Forniamo test sul fattore di protezione UVA (UVA-PF) per supportare un&#039;etichettatura accurata e conforme dei prodotti solari e cosmetici.\" \/>\n<meta property=\"og:url\" content=\"https:\/\/www.certifiedcosmetics.com\/it\/product\/test-di-efficacia\/test-cutanei\/test-del-fattore-di-protezione-uva-uva-pf\/\" \/>\n<meta property=\"og:site_name\" content=\"Certified Cosmetics\" \/>\n<meta property=\"article:modified_time\" content=\"2025-10-22T08:34:10+00:00\" \/>\n<meta property=\"og:image\" content=\"https:\/\/www.certifiedcosmetics.com\/wp-content\/uploads\/2025\/08\/uva-laboratory-test.jpg\" \/>\n\t<meta property=\"og:image:width\" content=\"800\" \/>\n\t<meta property=\"og:image:height\" content=\"800\" \/>\n\t<meta property=\"og:image:type\" content=\"image\/jpeg\" \/>\n<meta name=\"twitter:card\" content=\"summary_large_image\" \/>\n<meta name=\"twitter:label1\" content=\"Disponibilit\u00e0\" \/>\n\t<meta name=\"twitter:data1\" content=\"In stock\" \/>\n<script type=\"application\/ld+json\" class=\"yoast-schema-graph\">{\"@context\":\"https:\/\/schema.org\",\"@graph\":[{\"@type\":\"WebPage\",\"@id\":\"https:\/\/www.certifiedcosmetics.com\/it\/product\/test-di-efficacia\/test-cutanei\/test-del-fattore-di-protezione-uva-uva-pf\/\",\"url\":\"https:\/\/www.certifiedcosmetics.com\/it\/product\/test-di-efficacia\/test-cutanei\/test-del-fattore-di-protezione-uva-uva-pf\/\",\"name\":\"Test del fattore di protezione UVA (UVA-PF) - Certified Cosmetics\",\"isPartOf\":{\"@id\":\"https:\/\/www.certifiedcosmetics.com\/it\/#website\"},\"primaryImageOfPage\":{\"@id\":\"https:\/\/www.certifiedcosmetics.com\/it\/product\/test-di-efficacia\/test-cutanei\/test-del-fattore-di-protezione-uva-uva-pf\/#primaryimage\"},\"image\":{\"@id\":\"https:\/\/www.certifiedcosmetics.com\/it\/product\/test-di-efficacia\/test-cutanei\/test-del-fattore-di-protezione-uva-uva-pf\/#primaryimage\"},\"thumbnailUrl\":\"https:\/\/www.certifiedcosmetics.com\/wp-content\/uploads\/2025\/08\/uva-laboratory-test.jpg\",\"datePublished\":\"2025-08-05T15:41:15+00:00\",\"dateModified\":\"2025-10-22T08:34:10+00:00\",\"description\":\"Forniamo test sul fattore di protezione UVA (UVA-PF) per supportare un'etichettatura accurata e conforme dei prodotti solari e cosmetici.\",\"breadcrumb\":{\"@id\":\"https:\/\/www.certifiedcosmetics.com\/it\/product\/test-di-efficacia\/test-cutanei\/test-del-fattore-di-protezione-uva-uva-pf\/#breadcrumb\"},\"inLanguage\":\"it-IT\",\"potentialAction\":[{\"@type\":\"ReadAction\",\"target\":[\"https:\/\/www.certifiedcosmetics.com\/it\/product\/test-di-efficacia\/test-cutanei\/test-del-fattore-di-protezione-uva-uva-pf\/\"]}]},{\"@type\":\"ImageObject\",\"inLanguage\":\"it-IT\",\"@id\":\"https:\/\/www.certifiedcosmetics.com\/it\/product\/test-di-efficacia\/test-cutanei\/test-del-fattore-di-protezione-uva-uva-pf\/#primaryimage\",\"url\":\"https:\/\/www.certifiedcosmetics.com\/wp-content\/uploads\/2025\/08\/uva-laboratory-test.jpg\",\"contentUrl\":\"https:\/\/www.certifiedcosmetics.com\/wp-content\/uploads\/2025\/08\/uva-laboratory-test.jpg\",\"width\":800,\"height\":800},{\"@type\":\"BreadcrumbList\",\"@id\":\"https:\/\/www.certifiedcosmetics.com\/it\/product\/test-di-efficacia\/test-cutanei\/test-del-fattore-di-protezione-uva-uva-pf\/#breadcrumb\",\"itemListElement\":[{\"@type\":\"ListItem\",\"position\":1,\"name\":\"Home\",\"item\":\"https:\/\/www.certifiedcosmetics.com\/it\/\"},{\"@type\":\"ListItem\",\"position\":2,\"name\":\"Negozio\",\"item\":\"https:\/\/www.certifiedcosmetics.com\/it\/negozio\/\"},{\"@type\":\"ListItem\",\"position\":3,\"name\":\"Test del fattore di protezione UVA (UVA-PF)\"}]},{\"@type\":\"WebSite\",\"@id\":\"https:\/\/www.certifiedcosmetics.com\/it\/#website\",\"url\":\"https:\/\/www.certifiedcosmetics.com\/it\/\",\"name\":\"Certified Cosmetics\",\"description\":\"Cosmetic Safety Assessment\",\"publisher\":{\"@id\":\"https:\/\/www.certifiedcosmetics.com\/it\/#organization\"},\"potentialAction\":[{\"@type\":\"SearchAction\",\"target\":{\"@type\":\"EntryPoint\",\"urlTemplate\":\"https:\/\/www.certifiedcosmetics.com\/it\/?s={search_term_string}\"},\"query-input\":{\"@type\":\"PropertyValueSpecification\",\"valueRequired\":true,\"valueName\":\"search_term_string\"}}],\"inLanguage\":\"it-IT\"},{\"@type\":\"Organization\",\"@id\":\"https:\/\/www.certifiedcosmetics.com\/it\/#organization\",\"name\":\"Certified Cosmetics\",\"url\":\"https:\/\/www.certifiedcosmetics.com\/it\/\",\"logo\":{\"@type\":\"ImageObject\",\"inLanguage\":\"it-IT\",\"@id\":\"https:\/\/www.certifiedcosmetics.com\/it\/#\/schema\/logo\/image\/\",\"url\":\"https:\/\/www.certifiedcosmetics.com\/wp-content\/uploads\/2024\/12\/logo_certified_cosmetics696.jpg\",\"contentUrl\":\"https:\/\/www.certifiedcosmetics.com\/wp-content\/uploads\/2024\/12\/logo_certified_cosmetics696.jpg\",\"width\":696,\"height\":696,\"caption\":\"Certified Cosmetics\"},\"image\":{\"@id\":\"https:\/\/www.certifiedcosmetics.com\/it\/#\/schema\/logo\/image\/\"},\"description\":\"Your trusted partner for cosmetic product safety reporting. We take care of updating all of your documentation, ensuring your compliance stays current even as regulations evolve. The Cosmetic Product Safety Assessment will give you everything you need to sell specific products to EU consumers.\",\"email\":\"contact@certifiedcosmetics.com\",\"telephone\":\"+31 36 2036384\",\"legalName\":\"Certified Cosmetics\",\"foundingDate\":\"2010-01-01\",\"vatID\":\"NL854189543B01\",\"numberOfEmployees\":{\"@type\":\"QuantitativeValue\",\"minValue\":\"11\",\"maxValue\":\"50\"}}]}<\/script>\n<meta property=\"og:availability\" content=\"instock\" \/>\n<meta property=\"product:availability\" content=\"instock\" \/>\n<meta property=\"product:condition\" content=\"new\" \/>\n<!-- \/ Yoast SEO Premium plugin. -->","yoast_head_json":{"title":"Test del fattore di protezione UVA (UVA-PF) - Certified Cosmetics","description":"Forniamo test sul fattore di protezione UVA (UVA-PF) per supportare un'etichettatura accurata e conforme dei prodotti solari e cosmetici.","robots":{"index":"index","follow":"follow","max-snippet":"max-snippet:-1","max-image-preview":"max-image-preview:large","max-video-preview":"max-video-preview:-1"},"canonical":"https:\/\/www.certifiedcosmetics.com\/it\/product\/test-di-efficacia\/test-cutanei\/test-del-fattore-di-protezione-uva-uva-pf\/","og_locale":"it_IT","og_type":"article","og_title":"Test del fattore di protezione UVA (UVA-PF)","og_description":"Forniamo test sul fattore di protezione UVA (UVA-PF) per supportare un'etichettatura accurata e conforme dei prodotti solari e cosmetici.","og_url":"https:\/\/www.certifiedcosmetics.com\/it\/product\/test-di-efficacia\/test-cutanei\/test-del-fattore-di-protezione-uva-uva-pf\/","og_site_name":"Certified Cosmetics","article_modified_time":"2025-10-22T08:34:10+00:00","og_image":[{"width":800,"height":800,"url":"https:\/\/www.certifiedcosmetics.com\/wp-content\/uploads\/2025\/08\/uva-laboratory-test.jpg","type":"image\/jpeg"}],"twitter_card":"summary_large_image","twitter_misc":{"Disponibilit\u00e0":"In stock"},"schema":{"@context":"https:\/\/schema.org","@graph":[{"@type":"WebPage","@id":"https:\/\/www.certifiedcosmetics.com\/it\/product\/test-di-efficacia\/test-cutanei\/test-del-fattore-di-protezione-uva-uva-pf\/","url":"https:\/\/www.certifiedcosmetics.com\/it\/product\/test-di-efficacia\/test-cutanei\/test-del-fattore-di-protezione-uva-uva-pf\/","name":"Test del fattore di protezione UVA (UVA-PF) - Certified Cosmetics","isPartOf":{"@id":"https:\/\/www.certifiedcosmetics.com\/it\/#website"},"primaryImageOfPage":{"@id":"https:\/\/www.certifiedcosmetics.com\/it\/product\/test-di-efficacia\/test-cutanei\/test-del-fattore-di-protezione-uva-uva-pf\/#primaryimage"},"image":{"@id":"https:\/\/www.certifiedcosmetics.com\/it\/product\/test-di-efficacia\/test-cutanei\/test-del-fattore-di-protezione-uva-uva-pf\/#primaryimage"},"thumbnailUrl":"https:\/\/www.certifiedcosmetics.com\/wp-content\/uploads\/2025\/08\/uva-laboratory-test.jpg","datePublished":"2025-08-05T15:41:15+00:00","dateModified":"2025-10-22T08:34:10+00:00","description":"Forniamo test sul fattore di protezione UVA (UVA-PF) per supportare un'etichettatura accurata e conforme dei prodotti solari e cosmetici.","breadcrumb":{"@id":"https:\/\/www.certifiedcosmetics.com\/it\/product\/test-di-efficacia\/test-cutanei\/test-del-fattore-di-protezione-uva-uva-pf\/#breadcrumb"},"inLanguage":"it-IT","potentialAction":[{"@type":"ReadAction","target":["https:\/\/www.certifiedcosmetics.com\/it\/product\/test-di-efficacia\/test-cutanei\/test-del-fattore-di-protezione-uva-uva-pf\/"]}]},{"@type":"ImageObject","inLanguage":"it-IT","@id":"https:\/\/www.certifiedcosmetics.com\/it\/product\/test-di-efficacia\/test-cutanei\/test-del-fattore-di-protezione-uva-uva-pf\/#primaryimage","url":"https:\/\/www.certifiedcosmetics.com\/wp-content\/uploads\/2025\/08\/uva-laboratory-test.jpg","contentUrl":"https:\/\/www.certifiedcosmetics.com\/wp-content\/uploads\/2025\/08\/uva-laboratory-test.jpg","width":800,"height":800},{"@type":"BreadcrumbList","@id":"https:\/\/www.certifiedcosmetics.com\/it\/product\/test-di-efficacia\/test-cutanei\/test-del-fattore-di-protezione-uva-uva-pf\/#breadcrumb","itemListElement":[{"@type":"ListItem","position":1,"name":"Home","item":"https:\/\/www.certifiedcosmetics.com\/it\/"},{"@type":"ListItem","position":2,"name":"Negozio","item":"https:\/\/www.certifiedcosmetics.com\/it\/negozio\/"},{"@type":"ListItem","position":3,"name":"Test del fattore di protezione UVA (UVA-PF)"}]},{"@type":"WebSite","@id":"https:\/\/www.certifiedcosmetics.com\/it\/#website","url":"https:\/\/www.certifiedcosmetics.com\/it\/","name":"Certified Cosmetics","description":"Cosmetic Safety Assessment","publisher":{"@id":"https:\/\/www.certifiedcosmetics.com\/it\/#organization"},"potentialAction":[{"@type":"SearchAction","target":{"@type":"EntryPoint","urlTemplate":"https:\/\/www.certifiedcosmetics.com\/it\/?s={search_term_string}"},"query-input":{"@type":"PropertyValueSpecification","valueRequired":true,"valueName":"search_term_string"}}],"inLanguage":"it-IT"},{"@type":"Organization","@id":"https:\/\/www.certifiedcosmetics.com\/it\/#organization","name":"Certified Cosmetics","url":"https:\/\/www.certifiedcosmetics.com\/it\/","logo":{"@type":"ImageObject","inLanguage":"it-IT","@id":"https:\/\/www.certifiedcosmetics.com\/it\/#\/schema\/logo\/image\/","url":"https:\/\/www.certifiedcosmetics.com\/wp-content\/uploads\/2024\/12\/logo_certified_cosmetics696.jpg","contentUrl":"https:\/\/www.certifiedcosmetics.com\/wp-content\/uploads\/2024\/12\/logo_certified_cosmetics696.jpg","width":696,"height":696,"caption":"Certified Cosmetics"},"image":{"@id":"https:\/\/www.certifiedcosmetics.com\/it\/#\/schema\/logo\/image\/"},"description":"Your trusted partner for cosmetic product safety reporting. We take care of updating all of your documentation, ensuring your compliance stays current even as regulations evolve. The Cosmetic Product Safety Assessment will give you everything you need to sell specific products to EU consumers.","email":"contact@certifiedcosmetics.com","telephone":"+31 36 2036384","legalName":"Certified Cosmetics","foundingDate":"2010-01-01","vatID":"NL854189543B01","numberOfEmployees":{"@type":"QuantitativeValue","minValue":"11","maxValue":"50"}}]},"og_availability":"instock","product_availability":"instock","product_condition":"new"},"_links":{"self":[{"href":"https:\/\/www.certifiedcosmetics.com\/it\/wp-json\/wp\/v2\/product\/13131","targetHints":{"allow":["GET"]}}],"collection":[{"href":"https:\/\/www.certifiedcosmetics.com\/it\/wp-json\/wp\/v2\/product"}],"about":[{"href":"https:\/\/www.certifiedcosmetics.com\/it\/wp-json\/wp\/v2\/types\/product"}],"wp:featuredmedia":[{"embeddable":true,"href":"https:\/\/www.certifiedcosmetics.com\/it\/wp-json\/wp\/v2\/media\/12634"}],"wp:attachment":[{"href":"https:\/\/www.certifiedcosmetics.com\/it\/wp-json\/wp\/v2\/media?parent=13131"}],"wp:term":[{"taxonomy":"product_brand","embeddable":true,"href":"https:\/\/www.certifiedcosmetics.com\/it\/wp-json\/wp\/v2\/product_brand?post=13131"},{"taxonomy":"product_cat","embeddable":true,"href":"https:\/\/www.certifiedcosmetics.com\/it\/wp-json\/wp\/v2\/product_cat?post=13131"},{"taxonomy":"product_tag","embeddable":true,"href":"https:\/\/www.certifiedcosmetics.com\/it\/wp-json\/wp\/v2\/product_tag?post=13131"}],"curies":[{"name":"wp","href":"https:\/\/api.w.org\/{rel}","templated":true}]}}