{"id":12346,"date":"2025-07-04T16:07:46","date_gmt":"2025-07-04T15:07:46","guid":{"rendered":"https:\/\/www.certifiedcosmetics.com\/product\/senza-categoria\/rilevamento-degli-ogm-conferma-di-prodotti-privi-di-ogm\/"},"modified":"2025-07-04T16:07:46","modified_gmt":"2025-07-04T15:07:46","slug":"rilevamento-degli-ogm-conferma-di-prodotti-privi-di-ogm","status":"publish","type":"product","link":"https:\/\/www.certifiedcosmetics.com\/it\/product\/verifica-delle-dichiarazioni-e-test-degli-ingredienti\/rilevamento-degli-ogm-conferma-di-prodotti-privi-di-ogm\/","title":{"rendered":"Rilevamento degli OGM &#8211; Conferma di prodotti privi di OGM"},"content":{"rendered":"<h2>Cosa sono gli OGM?<\/h2>\n<p>Gli OGM (Organismi Geneticamente Modificati) sono organismi viventi il cui materiale genetico \u00e8 stato manipolato artificialmente in laboratorio attraverso l&#8217;ingegneria genetica. La preferenza dei consumatori per i prodotti non OGM \u00e8 in aumento e ci\u00f2 spinge la domanda di verifica in diversi settori. <\/p>\n<h2>Perch\u00e9 il rilevamento degli OGM \u00e8 importante?<\/h2>\n<p>In un mercato sempre pi\u00f9 consapevole, i consumatori cercano attivamente prodotti privi di Organismi Geneticamente Modificati. Il nostro servizio ti aiuta a: <\/p>\n<ul>\n<li><strong>Conferma lo stato di assenza di OGM:<\/strong> Utilizza tecniche molecolari avanzate per confermare l&#8217;assenza di materiale geneticamente modificato nelle tue materie prime e nei tuoi prodotti finiti.<\/li>\n<li><strong>Soddisfa i requisiti di certificazione:<\/strong> Supporta l&#8217;ammissibilit\u00e0 a specifiche certificazioni biologiche o naturali che richiedono l&#8217;assenza di OGM.<\/li>\n<li><strong>Crea fiducia e trasparenza:<\/strong> Dimostra il tuo impegno per un approvvigionamento naturale e non OGM.<\/li>\n<\/ul>\n<h2>Rilevamento degli OGM<\/h2>\n<p>Il nostro laboratorio utilizza tecniche molecolari avanzate per confermare l&#8217;assenza di materiale geneticamente modificato nelle materie prime e nei prodotti finiti. Questo test completo fornisce la conferma dell&#8217;assenza di OGM nei prodotti, consentendoti di soddisfare la domanda dei consumatori e di allinearti a specifiche certificazioni biologiche o naturali. <\/p>\n<p>Non esitare a contattarci per assicurarti che i tuoi prodotti soddisfino le richieste del mercato e superino le aspettative di qualit\u00e0.<\/p>\n","protected":false},"excerpt":{"rendered":"<p>Cosa sono gli OGM? Gli OGM (Organismi Geneticamente Modificati) sono organismi viventi il cui materiale genetico \u00e8 stato manipolato artificialmente in laboratorio attraverso l&#8217;ingegneria genetica. La preferenza dei consumatori per i prodotti non OGM \u00e8 in aumento e ci\u00f2 spinge la domanda di verifica in diversi settori. Perch\u00e9 il rilevamento degli OGM \u00e8 importante? In&#8230;<\/p>\n","protected":false},"featured_media":12149,"template":"","meta":[],"product_brand":[],"product_cat":[438],"product_tag":[],"class_list":{"0":"post-12346","1":"product","2":"type-product","3":"status-publish","4":"has-post-thumbnail","6":"product_cat-verifica-delle-dichiarazioni-e-test-degli-ingredienti","8":"first","9":"instock","10":"virtual","11":"taxable","12":"purchasable","13":"product-type-simple"},"bundled_by":[],"bundle_stock_status":"instock","bundle_stock_quantity":null,"bundle_virtual":false,"bundle_layout":"","bundle_add_to_cart_form_location":"","bundle_editable_in_cart":false,"bundle_sold_individually_context":"","bundle_item_grouping":"","bundle_min_size":"","bundle_max_size":"","bundle_price":[],"bundled_items":[],"bundle_sell_ids":[],"yoast_head":"<!-- This site is optimized with the Yoast SEO Premium plugin v25.4 (Yoast SEO v25.4) - https:\/\/yoast.com\/wordpress\/plugins\/seo\/ -->\n<title>Rilevamento degli OGM - Conferma di prodotti privi di OGM<\/title>\n<meta name=\"description\" content=\"Convalida la tua dichiarazione di non OGM con test di laboratorio certificati per gli organismi geneticamente modificati.\" \/>\n<meta name=\"robots\" content=\"index, follow, max-snippet:-1, max-image-preview:large, max-video-preview:-1\" \/>\n<link rel=\"canonical\" href=\"https:\/\/www.certifiedcosmetics.com\/it\/product\/verifica-delle-dichiarazioni-e-test-degli-ingredienti\/rilevamento-degli-ogm-conferma-di-prodotti-privi-di-ogm\/\" \/>\n<meta property=\"og:locale\" content=\"it_IT\" \/>\n<meta property=\"og:type\" content=\"article\" \/>\n<meta property=\"og:title\" content=\"Rilevamento degli OGM - Conferma di prodotti privi di OGM\" \/>\n<meta property=\"og:description\" content=\"Convalida la tua dichiarazione di non OGM con test di laboratorio certificati per gli organismi geneticamente modificati.\" \/>\n<meta property=\"og:url\" content=\"https:\/\/www.certifiedcosmetics.com\/it\/product\/verifica-delle-dichiarazioni-e-test-degli-ingredienti\/rilevamento-degli-ogm-conferma-di-prodotti-privi-di-ogm\/\" \/>\n<meta property=\"og:site_name\" content=\"Certified Cosmetics\" \/>\n<meta property=\"og:image\" content=\"https:\/\/www.certifiedcosmetics.com\/wp-content\/uploads\/2025\/07\/GMO-Detection-GMO-Free-Product-Confirmation.jpg\" \/>\n\t<meta property=\"og:image:width\" content=\"800\" \/>\n\t<meta property=\"og:image:height\" content=\"800\" \/>\n\t<meta property=\"og:image:type\" content=\"image\/jpeg\" \/>\n<meta name=\"twitter:card\" content=\"summary_large_image\" \/>\n<meta name=\"twitter:label1\" content=\"Prezzo\" \/>\n\t<meta name=\"twitter:data1\" content=\"&#036;292.35\" \/>\n\t<meta name=\"twitter:label2\" content=\"Disponibilit\u00e0\" \/>\n\t<meta name=\"twitter:data2\" content=\"In stock\" \/>\n<script type=\"application\/ld+json\" class=\"yoast-schema-graph\">{\"@context\":\"https:\/\/schema.org\",\"@graph\":[{\"@type\":\"WebPage\",\"@id\":\"https:\/\/www.certifiedcosmetics.com\/it\/product\/verifica-delle-dichiarazioni-e-test-degli-ingredienti\/rilevamento-degli-ogm-conferma-di-prodotti-privi-di-ogm\/\",\"url\":\"https:\/\/www.certifiedcosmetics.com\/it\/product\/verifica-delle-dichiarazioni-e-test-degli-ingredienti\/rilevamento-degli-ogm-conferma-di-prodotti-privi-di-ogm\/\",\"name\":\"Rilevamento degli OGM - Conferma di prodotti privi di OGM\",\"isPartOf\":{\"@id\":\"https:\/\/www.certifiedcosmetics.com\/it\/#website\"},\"primaryImageOfPage\":{\"@id\":\"https:\/\/www.certifiedcosmetics.com\/it\/product\/verifica-delle-dichiarazioni-e-test-degli-ingredienti\/rilevamento-degli-ogm-conferma-di-prodotti-privi-di-ogm\/#primaryimage\"},\"image\":{\"@id\":\"https:\/\/www.certifiedcosmetics.com\/it\/product\/verifica-delle-dichiarazioni-e-test-degli-ingredienti\/rilevamento-degli-ogm-conferma-di-prodotti-privi-di-ogm\/#primaryimage\"},\"thumbnailUrl\":\"https:\/\/www.certifiedcosmetics.com\/wp-content\/uploads\/2025\/07\/GMO-Detection-GMO-Free-Product-Confirmation.jpg\",\"datePublished\":\"2025-07-04T15:07:46+00:00\",\"description\":\"Convalida la tua dichiarazione di non OGM con test di laboratorio certificati per gli organismi geneticamente modificati.\",\"breadcrumb\":{\"@id\":\"https:\/\/www.certifiedcosmetics.com\/it\/product\/verifica-delle-dichiarazioni-e-test-degli-ingredienti\/rilevamento-degli-ogm-conferma-di-prodotti-privi-di-ogm\/#breadcrumb\"},\"inLanguage\":\"it-IT\",\"potentialAction\":[{\"@type\":\"ReadAction\",\"target\":[\"https:\/\/www.certifiedcosmetics.com\/it\/product\/verifica-delle-dichiarazioni-e-test-degli-ingredienti\/rilevamento-degli-ogm-conferma-di-prodotti-privi-di-ogm\/\"]}]},{\"@type\":\"ImageObject\",\"inLanguage\":\"it-IT\",\"@id\":\"https:\/\/www.certifiedcosmetics.com\/it\/product\/verifica-delle-dichiarazioni-e-test-degli-ingredienti\/rilevamento-degli-ogm-conferma-di-prodotti-privi-di-ogm\/#primaryimage\",\"url\":\"https:\/\/www.certifiedcosmetics.com\/wp-content\/uploads\/2025\/07\/GMO-Detection-GMO-Free-Product-Confirmation.jpg\",\"contentUrl\":\"https:\/\/www.certifiedcosmetics.com\/wp-content\/uploads\/2025\/07\/GMO-Detection-GMO-Free-Product-Confirmation.jpg\",\"width\":800,\"height\":800},{\"@type\":\"BreadcrumbList\",\"@id\":\"https:\/\/www.certifiedcosmetics.com\/it\/product\/verifica-delle-dichiarazioni-e-test-degli-ingredienti\/rilevamento-degli-ogm-conferma-di-prodotti-privi-di-ogm\/#breadcrumb\",\"itemListElement\":[{\"@type\":\"ListItem\",\"position\":1,\"name\":\"Home\",\"item\":\"https:\/\/www.certifiedcosmetics.com\/it\/\"},{\"@type\":\"ListItem\",\"position\":2,\"name\":\"Negozio\",\"item\":\"https:\/\/www.certifiedcosmetics.com\/it\/negozio\/\"},{\"@type\":\"ListItem\",\"position\":3,\"name\":\"Rilevamento degli OGM &#8211; Conferma di prodotti privi di OGM\"}]},{\"@type\":\"WebSite\",\"@id\":\"https:\/\/www.certifiedcosmetics.com\/it\/#website\",\"url\":\"https:\/\/www.certifiedcosmetics.com\/it\/\",\"name\":\"Certified Cosmetics\",\"description\":\"Cosmetic Safety Assessment\",\"publisher\":{\"@id\":\"https:\/\/www.certifiedcosmetics.com\/it\/#organization\"},\"potentialAction\":[{\"@type\":\"SearchAction\",\"target\":{\"@type\":\"EntryPoint\",\"urlTemplate\":\"https:\/\/www.certifiedcosmetics.com\/it\/?s={search_term_string}\"},\"query-input\":{\"@type\":\"PropertyValueSpecification\",\"valueRequired\":true,\"valueName\":\"search_term_string\"}}],\"inLanguage\":\"it-IT\"},{\"@type\":\"Organization\",\"@id\":\"https:\/\/www.certifiedcosmetics.com\/it\/#organization\",\"name\":\"Certified Cosmetics\",\"url\":\"https:\/\/www.certifiedcosmetics.com\/it\/\",\"logo\":{\"@type\":\"ImageObject\",\"inLanguage\":\"it-IT\",\"@id\":\"https:\/\/www.certifiedcosmetics.com\/it\/#\/schema\/logo\/image\/\",\"url\":\"https:\/\/www.certifiedcosmetics.com\/wp-content\/uploads\/2024\/12\/logo_certified_cosmetics696.jpg\",\"contentUrl\":\"https:\/\/www.certifiedcosmetics.com\/wp-content\/uploads\/2024\/12\/logo_certified_cosmetics696.jpg\",\"width\":696,\"height\":696,\"caption\":\"Certified Cosmetics\"},\"image\":{\"@id\":\"https:\/\/www.certifiedcosmetics.com\/it\/#\/schema\/logo\/image\/\"},\"description\":\"Your trusted partner for cosmetic product safety reporting. We take care of updating all of your documentation, ensuring your compliance stays current even as regulations evolve. The Cosmetic Product Safety Assessment will give you everything you need to sell specific products to EU consumers.\",\"email\":\"contact@certifiedcosmetics.com\",\"telephone\":\"+31 36 2036384\",\"legalName\":\"Certified Cosmetics\",\"foundingDate\":\"2010-01-01\",\"vatID\":\"NL854189543B01\",\"numberOfEmployees\":{\"@type\":\"QuantitativeValue\",\"minValue\":\"11\",\"maxValue\":\"50\"}}]}<\/script>\n<meta property=\"product:price:amount\" content=\"292.35\" \/>\n<meta property=\"product:price:currency\" content=\"USD\" \/>\n<meta property=\"og:availability\" content=\"instock\" \/>\n<meta property=\"product:availability\" content=\"instock\" \/>\n<meta property=\"product:retailer_item_id\" content=\"CC100068\" \/>\n<meta property=\"product:condition\" content=\"new\" \/>\n<!-- \/ Yoast SEO Premium plugin. -->","yoast_head_json":{"title":"Rilevamento degli OGM - Conferma di prodotti privi di OGM","description":"Convalida la tua dichiarazione di non OGM con test di laboratorio certificati per gli organismi geneticamente modificati.","robots":{"index":"index","follow":"follow","max-snippet":"max-snippet:-1","max-image-preview":"max-image-preview:large","max-video-preview":"max-video-preview:-1"},"canonical":"https:\/\/www.certifiedcosmetics.com\/it\/product\/verifica-delle-dichiarazioni-e-test-degli-ingredienti\/rilevamento-degli-ogm-conferma-di-prodotti-privi-di-ogm\/","og_locale":"it_IT","og_type":"article","og_title":"Rilevamento degli OGM - Conferma di prodotti privi di OGM","og_description":"Convalida la tua dichiarazione di non OGM con test di laboratorio certificati per gli organismi geneticamente modificati.","og_url":"https:\/\/www.certifiedcosmetics.com\/it\/product\/verifica-delle-dichiarazioni-e-test-degli-ingredienti\/rilevamento-degli-ogm-conferma-di-prodotti-privi-di-ogm\/","og_site_name":"Certified Cosmetics","og_image":[{"width":800,"height":800,"url":"https:\/\/www.certifiedcosmetics.com\/wp-content\/uploads\/2025\/07\/GMO-Detection-GMO-Free-Product-Confirmation.jpg","type":"image\/jpeg"}],"twitter_card":"summary_large_image","twitter_misc":{"Prezzo":"&#36;292.35","Disponibilit\u00e0":"In stock"},"schema":{"@context":"https:\/\/schema.org","@graph":[{"@type":"WebPage","@id":"https:\/\/www.certifiedcosmetics.com\/it\/product\/verifica-delle-dichiarazioni-e-test-degli-ingredienti\/rilevamento-degli-ogm-conferma-di-prodotti-privi-di-ogm\/","url":"https:\/\/www.certifiedcosmetics.com\/it\/product\/verifica-delle-dichiarazioni-e-test-degli-ingredienti\/rilevamento-degli-ogm-conferma-di-prodotti-privi-di-ogm\/","name":"Rilevamento degli OGM - Conferma di prodotti privi di OGM","isPartOf":{"@id":"https:\/\/www.certifiedcosmetics.com\/it\/#website"},"primaryImageOfPage":{"@id":"https:\/\/www.certifiedcosmetics.com\/it\/product\/verifica-delle-dichiarazioni-e-test-degli-ingredienti\/rilevamento-degli-ogm-conferma-di-prodotti-privi-di-ogm\/#primaryimage"},"image":{"@id":"https:\/\/www.certifiedcosmetics.com\/it\/product\/verifica-delle-dichiarazioni-e-test-degli-ingredienti\/rilevamento-degli-ogm-conferma-di-prodotti-privi-di-ogm\/#primaryimage"},"thumbnailUrl":"https:\/\/www.certifiedcosmetics.com\/wp-content\/uploads\/2025\/07\/GMO-Detection-GMO-Free-Product-Confirmation.jpg","datePublished":"2025-07-04T15:07:46+00:00","description":"Convalida la tua dichiarazione di non OGM con test di laboratorio certificati per gli organismi geneticamente modificati.","breadcrumb":{"@id":"https:\/\/www.certifiedcosmetics.com\/it\/product\/verifica-delle-dichiarazioni-e-test-degli-ingredienti\/rilevamento-degli-ogm-conferma-di-prodotti-privi-di-ogm\/#breadcrumb"},"inLanguage":"it-IT","potentialAction":[{"@type":"ReadAction","target":["https:\/\/www.certifiedcosmetics.com\/it\/product\/verifica-delle-dichiarazioni-e-test-degli-ingredienti\/rilevamento-degli-ogm-conferma-di-prodotti-privi-di-ogm\/"]}]},{"@type":"ImageObject","inLanguage":"it-IT","@id":"https:\/\/www.certifiedcosmetics.com\/it\/product\/verifica-delle-dichiarazioni-e-test-degli-ingredienti\/rilevamento-degli-ogm-conferma-di-prodotti-privi-di-ogm\/#primaryimage","url":"https:\/\/www.certifiedcosmetics.com\/wp-content\/uploads\/2025\/07\/GMO-Detection-GMO-Free-Product-Confirmation.jpg","contentUrl":"https:\/\/www.certifiedcosmetics.com\/wp-content\/uploads\/2025\/07\/GMO-Detection-GMO-Free-Product-Confirmation.jpg","width":800,"height":800},{"@type":"BreadcrumbList","@id":"https:\/\/www.certifiedcosmetics.com\/it\/product\/verifica-delle-dichiarazioni-e-test-degli-ingredienti\/rilevamento-degli-ogm-conferma-di-prodotti-privi-di-ogm\/#breadcrumb","itemListElement":[{"@type":"ListItem","position":1,"name":"Home","item":"https:\/\/www.certifiedcosmetics.com\/it\/"},{"@type":"ListItem","position":2,"name":"Negozio","item":"https:\/\/www.certifiedcosmetics.com\/it\/negozio\/"},{"@type":"ListItem","position":3,"name":"Rilevamento degli OGM &#8211; Conferma di prodotti privi di OGM"}]},{"@type":"WebSite","@id":"https:\/\/www.certifiedcosmetics.com\/it\/#website","url":"https:\/\/www.certifiedcosmetics.com\/it\/","name":"Certified Cosmetics","description":"Cosmetic Safety Assessment","publisher":{"@id":"https:\/\/www.certifiedcosmetics.com\/it\/#organization"},"potentialAction":[{"@type":"SearchAction","target":{"@type":"EntryPoint","urlTemplate":"https:\/\/www.certifiedcosmetics.com\/it\/?s={search_term_string}"},"query-input":{"@type":"PropertyValueSpecification","valueRequired":true,"valueName":"search_term_string"}}],"inLanguage":"it-IT"},{"@type":"Organization","@id":"https:\/\/www.certifiedcosmetics.com\/it\/#organization","name":"Certified Cosmetics","url":"https:\/\/www.certifiedcosmetics.com\/it\/","logo":{"@type":"ImageObject","inLanguage":"it-IT","@id":"https:\/\/www.certifiedcosmetics.com\/it\/#\/schema\/logo\/image\/","url":"https:\/\/www.certifiedcosmetics.com\/wp-content\/uploads\/2024\/12\/logo_certified_cosmetics696.jpg","contentUrl":"https:\/\/www.certifiedcosmetics.com\/wp-content\/uploads\/2024\/12\/logo_certified_cosmetics696.jpg","width":696,"height":696,"caption":"Certified Cosmetics"},"image":{"@id":"https:\/\/www.certifiedcosmetics.com\/it\/#\/schema\/logo\/image\/"},"description":"Your trusted partner for cosmetic product safety reporting. We take care of updating all of your documentation, ensuring your compliance stays current even as regulations evolve. The Cosmetic Product Safety Assessment will give you everything you need to sell specific products to EU consumers.","email":"contact@certifiedcosmetics.com","telephone":"+31 36 2036384","legalName":"Certified Cosmetics","foundingDate":"2010-01-01","vatID":"NL854189543B01","numberOfEmployees":{"@type":"QuantitativeValue","minValue":"11","maxValue":"50"}}]},"product_price_amount":"292.35","product_price_currency":"USD","og_availability":"instock","product_availability":"instock","product_retailer_item_id":"CC100068","product_condition":"new"},"_links":{"self":[{"href":"https:\/\/www.certifiedcosmetics.com\/it\/wp-json\/wp\/v2\/product\/12346","targetHints":{"allow":["GET"]}}],"collection":[{"href":"https:\/\/www.certifiedcosmetics.com\/it\/wp-json\/wp\/v2\/product"}],"about":[{"href":"https:\/\/www.certifiedcosmetics.com\/it\/wp-json\/wp\/v2\/types\/product"}],"wp:featuredmedia":[{"embeddable":true,"href":"https:\/\/www.certifiedcosmetics.com\/it\/wp-json\/wp\/v2\/media\/12149"}],"wp:attachment":[{"href":"https:\/\/www.certifiedcosmetics.com\/it\/wp-json\/wp\/v2\/media?parent=12346"}],"wp:term":[{"taxonomy":"product_brand","embeddable":true,"href":"https:\/\/www.certifiedcosmetics.com\/it\/wp-json\/wp\/v2\/product_brand?post=12346"},{"taxonomy":"product_cat","embeddable":true,"href":"https:\/\/www.certifiedcosmetics.com\/it\/wp-json\/wp\/v2\/product_cat?post=12346"},{"taxonomy":"product_tag","embeddable":true,"href":"https:\/\/www.certifiedcosmetics.com\/it\/wp-json\/wp\/v2\/product_tag?post=12346"}],"curies":[{"name":"wp","href":"https:\/\/api.w.org\/{rel}","templated":true}]}}