{"id":12322,"date":"2025-07-04T16:07:58","date_gmt":"2025-07-04T15:07:58","guid":{"rendered":"https:\/\/www.certifiedcosmetics.com\/product\/senza-categoria\/rilevamento-del-glutine-verifica-delle-dichiarazioni-di-assenza-di-glutine\/"},"modified":"2025-07-04T16:07:58","modified_gmt":"2025-07-04T15:07:58","slug":"rilevamento-del-glutine-verifica-delle-dichiarazioni-di-assenza-di-glutine","status":"publish","type":"product","link":"https:\/\/www.certifiedcosmetics.com\/it\/product\/verifica-delle-dichiarazioni-e-test-degli-ingredienti\/rilevamento-del-glutine-verifica-delle-dichiarazioni-di-assenza-di-glutine\/","title":{"rendered":"Rilevamento del glutine &#8211; Verifica delle dichiarazioni di assenza di glutine"},"content":{"rendered":"<h2>Che cos&#8217;\u00e8 il glutine?<\/h2>\n<p>Il glutine \u00e8 una proteina presente nel grano, nell&#8217;orzo e nella segale. Per le persone affette da celiachia o sensibilit\u00e0 al glutine, l&#8217;esposizione al glutine, anche attraverso i prodotti topici, pu\u00f2 scatenare reazioni avverse. La richiesta di prodotti &#8220;senza glutine&#8221; va oltre gli alimenti e si estende agli articoli per la cura della persona.  <\/p>\n<h2>Perch\u00e9 il rilevamento del glutine \u00e8 importante?<\/h2>\n<p>Per i consumatori celiaci o sensibili al glutine, le indicazioni &#8220;senza glutine&#8221; sono essenziali per la loro salute e il loro benessere. Il nostro servizio ti aiuta a: <\/p>\n<ul>\n<li><strong>Verifica le dichiarazioni &#8220;senza glutine&#8221;:<\/strong> Utilizza metodi altamente sensibili per identificare e quantificare con precisione il glutine nei tuoi prodotti.<\/li>\n<li><strong>Garantire la sicurezza dei consumatori:<\/strong> Garantisci ai consumatori sensibili che i tuoi prodotti sono sicuri per il loro utilizzo.<\/li>\n<li><strong>Espandi il mercato:<\/strong> Rivolgiti a un gruppo demografico in crescita che cerca attivamente alternative senza glutine in tutte le categorie di prodotti.<\/li>\n<\/ul>\n<h2>Rilevamento del glutine<\/h2>\n<p>Il nostro laboratorio utilizza metodi altamente sensibili per identificare e quantificare con precisione il glutine nei tuoi prodotti. Questi test rigorosi consentono ai marchi di verificare con sicurezza le loro indicazioni &#8220;senza glutine&#8221;, garantendo la sicurezza dei consumatori sensibili e ampliando la portata del mercato. <\/p>\n<p>Non esitare a contattarci per assicurarti che i tuoi prodotti soddisfino le richieste del mercato e superino le aspettative di qualit\u00e0.<\/p>\n","protected":false},"excerpt":{"rendered":"<p>Che cos&#8217;\u00e8 il glutine? Il glutine \u00e8 una proteina presente nel grano, nell&#8217;orzo e nella segale. Per le persone affette da celiachia o sensibilit\u00e0 al glutine, l&#8217;esposizione al glutine, anche attraverso i prodotti topici, pu\u00f2 scatenare reazioni avverse. La richiesta di prodotti &#8220;senza glutine&#8221; va oltre gli alimenti e si estende agli articoli per la&#8230;<\/p>\n","protected":false},"featured_media":12143,"template":"","meta":[],"product_brand":[],"product_cat":[438],"product_tag":[],"class_list":{"0":"post-12322","1":"product","2":"type-product","3":"status-publish","4":"has-post-thumbnail","6":"product_cat-verifica-delle-dichiarazioni-e-test-degli-ingredienti","8":"first","9":"instock","10":"virtual","11":"taxable","12":"purchasable","13":"product-type-simple"},"bundled_by":[],"bundle_stock_status":"instock","bundle_stock_quantity":null,"bundle_virtual":false,"bundle_layout":"","bundle_add_to_cart_form_location":"","bundle_editable_in_cart":false,"bundle_sold_individually_context":"","bundle_item_grouping":"","bundle_min_size":"","bundle_max_size":"","bundle_price":[],"bundled_items":[],"bundle_sell_ids":[],"yoast_head":"<!-- This site is optimized with the Yoast SEO Premium plugin v25.4 (Yoast SEO v25.4) - https:\/\/yoast.com\/wordpress\/plugins\/seo\/ -->\n<title>Rilevamento del glutine - Verifica delle dichiarazioni di assenza di glutine<\/title>\n<meta name=\"description\" content=\"Certifica che il tuo prodotto \u00e8 privo di glutine e adatto ai consumatori sensibili grazie a test di laboratorio professionali.\" \/>\n<meta name=\"robots\" content=\"index, follow, max-snippet:-1, max-image-preview:large, max-video-preview:-1\" \/>\n<link rel=\"canonical\" href=\"https:\/\/www.certifiedcosmetics.com\/it\/product\/verifica-delle-dichiarazioni-e-test-degli-ingredienti\/rilevamento-del-glutine-verifica-delle-dichiarazioni-di-assenza-di-glutine\/\" \/>\n<meta property=\"og:locale\" content=\"it_IT\" \/>\n<meta property=\"og:type\" content=\"article\" \/>\n<meta property=\"og:title\" content=\"Rilevamento del glutine - Verifica delle dichiarazioni di assenza di glutine\" \/>\n<meta property=\"og:description\" content=\"Certifica che il tuo prodotto \u00e8 privo di glutine e adatto ai consumatori sensibili grazie a test di laboratorio professionali.\" \/>\n<meta property=\"og:url\" content=\"https:\/\/www.certifiedcosmetics.com\/it\/product\/verifica-delle-dichiarazioni-e-test-degli-ingredienti\/rilevamento-del-glutine-verifica-delle-dichiarazioni-di-assenza-di-glutine\/\" \/>\n<meta property=\"og:site_name\" content=\"Certified Cosmetics\" \/>\n<meta property=\"og:image\" content=\"https:\/\/www.certifiedcosmetics.com\/wp-content\/uploads\/2025\/07\/Gluten-Detection-Gluten-Free-Claim-Verification.jpg\" \/>\n\t<meta property=\"og:image:width\" content=\"800\" \/>\n\t<meta property=\"og:image:height\" content=\"800\" \/>\n\t<meta property=\"og:image:type\" content=\"image\/jpeg\" \/>\n<meta name=\"twitter:card\" content=\"summary_large_image\" \/>\n<meta name=\"twitter:label1\" content=\"Prezzo\" \/>\n\t<meta name=\"twitter:data1\" content=\"&#036;233.88\" \/>\n\t<meta name=\"twitter:label2\" content=\"Disponibilit\u00e0\" \/>\n\t<meta name=\"twitter:data2\" content=\"In stock\" \/>\n<script type=\"application\/ld+json\" class=\"yoast-schema-graph\">{\"@context\":\"https:\/\/schema.org\",\"@graph\":[{\"@type\":\"WebPage\",\"@id\":\"https:\/\/www.certifiedcosmetics.com\/it\/product\/verifica-delle-dichiarazioni-e-test-degli-ingredienti\/rilevamento-del-glutine-verifica-delle-dichiarazioni-di-assenza-di-glutine\/\",\"url\":\"https:\/\/www.certifiedcosmetics.com\/it\/product\/verifica-delle-dichiarazioni-e-test-degli-ingredienti\/rilevamento-del-glutine-verifica-delle-dichiarazioni-di-assenza-di-glutine\/\",\"name\":\"Rilevamento del glutine - Verifica delle dichiarazioni di assenza di glutine\",\"isPartOf\":{\"@id\":\"https:\/\/www.certifiedcosmetics.com\/it\/#website\"},\"primaryImageOfPage\":{\"@id\":\"https:\/\/www.certifiedcosmetics.com\/it\/product\/verifica-delle-dichiarazioni-e-test-degli-ingredienti\/rilevamento-del-glutine-verifica-delle-dichiarazioni-di-assenza-di-glutine\/#primaryimage\"},\"image\":{\"@id\":\"https:\/\/www.certifiedcosmetics.com\/it\/product\/verifica-delle-dichiarazioni-e-test-degli-ingredienti\/rilevamento-del-glutine-verifica-delle-dichiarazioni-di-assenza-di-glutine\/#primaryimage\"},\"thumbnailUrl\":\"https:\/\/www.certifiedcosmetics.com\/wp-content\/uploads\/2025\/07\/Gluten-Detection-Gluten-Free-Claim-Verification.jpg\",\"datePublished\":\"2025-07-04T15:07:58+00:00\",\"description\":\"Certifica che il tuo prodotto \u00e8 privo di glutine e adatto ai consumatori sensibili grazie a test di laboratorio professionali.\",\"breadcrumb\":{\"@id\":\"https:\/\/www.certifiedcosmetics.com\/it\/product\/verifica-delle-dichiarazioni-e-test-degli-ingredienti\/rilevamento-del-glutine-verifica-delle-dichiarazioni-di-assenza-di-glutine\/#breadcrumb\"},\"inLanguage\":\"it-IT\",\"potentialAction\":[{\"@type\":\"ReadAction\",\"target\":[\"https:\/\/www.certifiedcosmetics.com\/it\/product\/verifica-delle-dichiarazioni-e-test-degli-ingredienti\/rilevamento-del-glutine-verifica-delle-dichiarazioni-di-assenza-di-glutine\/\"]}]},{\"@type\":\"ImageObject\",\"inLanguage\":\"it-IT\",\"@id\":\"https:\/\/www.certifiedcosmetics.com\/it\/product\/verifica-delle-dichiarazioni-e-test-degli-ingredienti\/rilevamento-del-glutine-verifica-delle-dichiarazioni-di-assenza-di-glutine\/#primaryimage\",\"url\":\"https:\/\/www.certifiedcosmetics.com\/wp-content\/uploads\/2025\/07\/Gluten-Detection-Gluten-Free-Claim-Verification.jpg\",\"contentUrl\":\"https:\/\/www.certifiedcosmetics.com\/wp-content\/uploads\/2025\/07\/Gluten-Detection-Gluten-Free-Claim-Verification.jpg\",\"width\":800,\"height\":800},{\"@type\":\"BreadcrumbList\",\"@id\":\"https:\/\/www.certifiedcosmetics.com\/it\/product\/verifica-delle-dichiarazioni-e-test-degli-ingredienti\/rilevamento-del-glutine-verifica-delle-dichiarazioni-di-assenza-di-glutine\/#breadcrumb\",\"itemListElement\":[{\"@type\":\"ListItem\",\"position\":1,\"name\":\"Home\",\"item\":\"https:\/\/www.certifiedcosmetics.com\/it\/\"},{\"@type\":\"ListItem\",\"position\":2,\"name\":\"Negozio\",\"item\":\"https:\/\/www.certifiedcosmetics.com\/it\/negozio\/\"},{\"@type\":\"ListItem\",\"position\":3,\"name\":\"Rilevamento del glutine &#8211; Verifica delle dichiarazioni di assenza di glutine\"}]},{\"@type\":\"WebSite\",\"@id\":\"https:\/\/www.certifiedcosmetics.com\/it\/#website\",\"url\":\"https:\/\/www.certifiedcosmetics.com\/it\/\",\"name\":\"Certified Cosmetics\",\"description\":\"Cosmetic Safety Assessment\",\"publisher\":{\"@id\":\"https:\/\/www.certifiedcosmetics.com\/it\/#organization\"},\"potentialAction\":[{\"@type\":\"SearchAction\",\"target\":{\"@type\":\"EntryPoint\",\"urlTemplate\":\"https:\/\/www.certifiedcosmetics.com\/it\/?s={search_term_string}\"},\"query-input\":{\"@type\":\"PropertyValueSpecification\",\"valueRequired\":true,\"valueName\":\"search_term_string\"}}],\"inLanguage\":\"it-IT\"},{\"@type\":\"Organization\",\"@id\":\"https:\/\/www.certifiedcosmetics.com\/it\/#organization\",\"name\":\"Certified Cosmetics\",\"url\":\"https:\/\/www.certifiedcosmetics.com\/it\/\",\"logo\":{\"@type\":\"ImageObject\",\"inLanguage\":\"it-IT\",\"@id\":\"https:\/\/www.certifiedcosmetics.com\/it\/#\/schema\/logo\/image\/\",\"url\":\"https:\/\/www.certifiedcosmetics.com\/wp-content\/uploads\/2024\/12\/logo_certified_cosmetics696.jpg\",\"contentUrl\":\"https:\/\/www.certifiedcosmetics.com\/wp-content\/uploads\/2024\/12\/logo_certified_cosmetics696.jpg\",\"width\":696,\"height\":696,\"caption\":\"Certified Cosmetics\"},\"image\":{\"@id\":\"https:\/\/www.certifiedcosmetics.com\/it\/#\/schema\/logo\/image\/\"},\"description\":\"Your trusted partner for cosmetic product safety reporting. We take care of updating all of your documentation, ensuring your compliance stays current even as regulations evolve. The Cosmetic Product Safety Assessment will give you everything you need to sell specific products to EU consumers.\",\"email\":\"contact@certifiedcosmetics.com\",\"telephone\":\"+31 36 2036384\",\"legalName\":\"Certified Cosmetics\",\"foundingDate\":\"2010-01-01\",\"vatID\":\"NL854189543B01\",\"numberOfEmployees\":{\"@type\":\"QuantitativeValue\",\"minValue\":\"11\",\"maxValue\":\"50\"}}]}<\/script>\n<meta property=\"product:price:amount\" content=\"233.88\" \/>\n<meta property=\"product:price:currency\" content=\"USD\" \/>\n<meta property=\"og:availability\" content=\"instock\" \/>\n<meta property=\"product:availability\" content=\"instock\" \/>\n<meta property=\"product:retailer_item_id\" content=\"CC100067\" \/>\n<meta property=\"product:condition\" content=\"new\" \/>\n<!-- \/ Yoast SEO Premium plugin. -->","yoast_head_json":{"title":"Rilevamento del glutine - Verifica delle dichiarazioni di assenza di glutine","description":"Certifica che il tuo prodotto \u00e8 privo di glutine e adatto ai consumatori sensibili grazie a test di laboratorio professionali.","robots":{"index":"index","follow":"follow","max-snippet":"max-snippet:-1","max-image-preview":"max-image-preview:large","max-video-preview":"max-video-preview:-1"},"canonical":"https:\/\/www.certifiedcosmetics.com\/it\/product\/verifica-delle-dichiarazioni-e-test-degli-ingredienti\/rilevamento-del-glutine-verifica-delle-dichiarazioni-di-assenza-di-glutine\/","og_locale":"it_IT","og_type":"article","og_title":"Rilevamento del glutine - Verifica delle dichiarazioni di assenza di glutine","og_description":"Certifica che il tuo prodotto \u00e8 privo di glutine e adatto ai consumatori sensibili grazie a test di laboratorio professionali.","og_url":"https:\/\/www.certifiedcosmetics.com\/it\/product\/verifica-delle-dichiarazioni-e-test-degli-ingredienti\/rilevamento-del-glutine-verifica-delle-dichiarazioni-di-assenza-di-glutine\/","og_site_name":"Certified Cosmetics","og_image":[{"width":800,"height":800,"url":"https:\/\/www.certifiedcosmetics.com\/wp-content\/uploads\/2025\/07\/Gluten-Detection-Gluten-Free-Claim-Verification.jpg","type":"image\/jpeg"}],"twitter_card":"summary_large_image","twitter_misc":{"Prezzo":"&#36;233.88","Disponibilit\u00e0":"In stock"},"schema":{"@context":"https:\/\/schema.org","@graph":[{"@type":"WebPage","@id":"https:\/\/www.certifiedcosmetics.com\/it\/product\/verifica-delle-dichiarazioni-e-test-degli-ingredienti\/rilevamento-del-glutine-verifica-delle-dichiarazioni-di-assenza-di-glutine\/","url":"https:\/\/www.certifiedcosmetics.com\/it\/product\/verifica-delle-dichiarazioni-e-test-degli-ingredienti\/rilevamento-del-glutine-verifica-delle-dichiarazioni-di-assenza-di-glutine\/","name":"Rilevamento del glutine - Verifica delle dichiarazioni di assenza di glutine","isPartOf":{"@id":"https:\/\/www.certifiedcosmetics.com\/it\/#website"},"primaryImageOfPage":{"@id":"https:\/\/www.certifiedcosmetics.com\/it\/product\/verifica-delle-dichiarazioni-e-test-degli-ingredienti\/rilevamento-del-glutine-verifica-delle-dichiarazioni-di-assenza-di-glutine\/#primaryimage"},"image":{"@id":"https:\/\/www.certifiedcosmetics.com\/it\/product\/verifica-delle-dichiarazioni-e-test-degli-ingredienti\/rilevamento-del-glutine-verifica-delle-dichiarazioni-di-assenza-di-glutine\/#primaryimage"},"thumbnailUrl":"https:\/\/www.certifiedcosmetics.com\/wp-content\/uploads\/2025\/07\/Gluten-Detection-Gluten-Free-Claim-Verification.jpg","datePublished":"2025-07-04T15:07:58+00:00","description":"Certifica che il tuo prodotto \u00e8 privo di glutine e adatto ai consumatori sensibili grazie a test di laboratorio professionali.","breadcrumb":{"@id":"https:\/\/www.certifiedcosmetics.com\/it\/product\/verifica-delle-dichiarazioni-e-test-degli-ingredienti\/rilevamento-del-glutine-verifica-delle-dichiarazioni-di-assenza-di-glutine\/#breadcrumb"},"inLanguage":"it-IT","potentialAction":[{"@type":"ReadAction","target":["https:\/\/www.certifiedcosmetics.com\/it\/product\/verifica-delle-dichiarazioni-e-test-degli-ingredienti\/rilevamento-del-glutine-verifica-delle-dichiarazioni-di-assenza-di-glutine\/"]}]},{"@type":"ImageObject","inLanguage":"it-IT","@id":"https:\/\/www.certifiedcosmetics.com\/it\/product\/verifica-delle-dichiarazioni-e-test-degli-ingredienti\/rilevamento-del-glutine-verifica-delle-dichiarazioni-di-assenza-di-glutine\/#primaryimage","url":"https:\/\/www.certifiedcosmetics.com\/wp-content\/uploads\/2025\/07\/Gluten-Detection-Gluten-Free-Claim-Verification.jpg","contentUrl":"https:\/\/www.certifiedcosmetics.com\/wp-content\/uploads\/2025\/07\/Gluten-Detection-Gluten-Free-Claim-Verification.jpg","width":800,"height":800},{"@type":"BreadcrumbList","@id":"https:\/\/www.certifiedcosmetics.com\/it\/product\/verifica-delle-dichiarazioni-e-test-degli-ingredienti\/rilevamento-del-glutine-verifica-delle-dichiarazioni-di-assenza-di-glutine\/#breadcrumb","itemListElement":[{"@type":"ListItem","position":1,"name":"Home","item":"https:\/\/www.certifiedcosmetics.com\/it\/"},{"@type":"ListItem","position":2,"name":"Negozio","item":"https:\/\/www.certifiedcosmetics.com\/it\/negozio\/"},{"@type":"ListItem","position":3,"name":"Rilevamento del glutine &#8211; Verifica delle dichiarazioni di assenza di glutine"}]},{"@type":"WebSite","@id":"https:\/\/www.certifiedcosmetics.com\/it\/#website","url":"https:\/\/www.certifiedcosmetics.com\/it\/","name":"Certified Cosmetics","description":"Cosmetic Safety Assessment","publisher":{"@id":"https:\/\/www.certifiedcosmetics.com\/it\/#organization"},"potentialAction":[{"@type":"SearchAction","target":{"@type":"EntryPoint","urlTemplate":"https:\/\/www.certifiedcosmetics.com\/it\/?s={search_term_string}"},"query-input":{"@type":"PropertyValueSpecification","valueRequired":true,"valueName":"search_term_string"}}],"inLanguage":"it-IT"},{"@type":"Organization","@id":"https:\/\/www.certifiedcosmetics.com\/it\/#organization","name":"Certified Cosmetics","url":"https:\/\/www.certifiedcosmetics.com\/it\/","logo":{"@type":"ImageObject","inLanguage":"it-IT","@id":"https:\/\/www.certifiedcosmetics.com\/it\/#\/schema\/logo\/image\/","url":"https:\/\/www.certifiedcosmetics.com\/wp-content\/uploads\/2024\/12\/logo_certified_cosmetics696.jpg","contentUrl":"https:\/\/www.certifiedcosmetics.com\/wp-content\/uploads\/2024\/12\/logo_certified_cosmetics696.jpg","width":696,"height":696,"caption":"Certified Cosmetics"},"image":{"@id":"https:\/\/www.certifiedcosmetics.com\/it\/#\/schema\/logo\/image\/"},"description":"Your trusted partner for cosmetic product safety reporting. We take care of updating all of your documentation, ensuring your compliance stays current even as regulations evolve. The Cosmetic Product Safety Assessment will give you everything you need to sell specific products to EU consumers.","email":"contact@certifiedcosmetics.com","telephone":"+31 36 2036384","legalName":"Certified Cosmetics","foundingDate":"2010-01-01","vatID":"NL854189543B01","numberOfEmployees":{"@type":"QuantitativeValue","minValue":"11","maxValue":"50"}}]},"product_price_amount":"233.88","product_price_currency":"USD","og_availability":"instock","product_availability":"instock","product_retailer_item_id":"CC100067","product_condition":"new"},"_links":{"self":[{"href":"https:\/\/www.certifiedcosmetics.com\/it\/wp-json\/wp\/v2\/product\/12322","targetHints":{"allow":["GET"]}}],"collection":[{"href":"https:\/\/www.certifiedcosmetics.com\/it\/wp-json\/wp\/v2\/product"}],"about":[{"href":"https:\/\/www.certifiedcosmetics.com\/it\/wp-json\/wp\/v2\/types\/product"}],"wp:featuredmedia":[{"embeddable":true,"href":"https:\/\/www.certifiedcosmetics.com\/it\/wp-json\/wp\/v2\/media\/12143"}],"wp:attachment":[{"href":"https:\/\/www.certifiedcosmetics.com\/it\/wp-json\/wp\/v2\/media?parent=12322"}],"wp:term":[{"taxonomy":"product_brand","embeddable":true,"href":"https:\/\/www.certifiedcosmetics.com\/it\/wp-json\/wp\/v2\/product_brand?post=12322"},{"taxonomy":"product_cat","embeddable":true,"href":"https:\/\/www.certifiedcosmetics.com\/it\/wp-json\/wp\/v2\/product_cat?post=12322"},{"taxonomy":"product_tag","embeddable":true,"href":"https:\/\/www.certifiedcosmetics.com\/it\/wp-json\/wp\/v2\/product_tag?post=12322"}],"curies":[{"name":"wp","href":"https:\/\/api.w.org\/{rel}","templated":true}]}}