{"id":12301,"date":"2025-07-04T16:07:52","date_gmt":"2025-07-04T15:07:52","guid":{"rendered":"https:\/\/www.certifiedcosmetics.com\/product\/senza-categoria\/rilevamento-di-14-diossano-verifica-della-purezza\/"},"modified":"2025-07-04T16:07:52","modified_gmt":"2025-07-04T15:07:52","slug":"rilevamento-di-14-diossano-verifica-della-purezza","status":"publish","type":"product","link":"https:\/\/www.certifiedcosmetics.com\/it\/product\/verifica-delle-dichiarazioni-e-test-degli-ingredienti\/rilevamento-di-14-diossano-verifica-della-purezza\/","title":{"rendered":"Rilevamento di 1,4 diossano &#8211; Verifica della purezza"},"content":{"rendered":"<h2>Che cos&#8217;\u00e8 l&#8217;1,4-diossano?<\/h2>\n<p>L&#8217;1,4-diossano non \u00e8 un ingrediente che aggiungiamo intenzionalmente ai prodotti; \u00e8 una sostanza che pu\u00f2 emergere involontariamente durante i processi di produzione. Potresti trovarlo in prodotti che creano schiuma, come shampoo, saponi liquidi, detersivi per piatti, bagnoschiuma, gel doccia e persino dentifrici. Oltre ai cosmetici e agli articoli per la cura della persona, a volte bassi livelli possono comparire in alcuni prodotti per la pulizia e persino nelle confezioni degli alimenti.  <\/p>\n<h2>Come si forma l&#8217;1,4-diossano?<\/h2>\n<p>Questa sostanza si forma tipicamente durante il processo di etossilazione, in cui l&#8217;SLS (Sodium Lauryl Sulfate), che pu\u00f2 essere irritante per la pelle, viene convertito in SLES (Sodium Lauryl Ether Sulfate), un&#8217;alternativa pi\u00f9 blanda. Questa conversione \u00e8 un metodo comunemente utilizzato per rendere i prodotti pi\u00f9 delicati e pi\u00f9 efficaci nella formazione di schiuma. Tuttavia, l&#8217;1,4-diossano pu\u00f2 essere un sottoprodotto di questo processo.  <\/p>\n<p>I prodotti che contengono ingredienti come SLES (Sodium Lauryl Ether Sulfate), composti PEG (Polyethylene Glycol, Polyethylene), Ceteareth e Oleth sono a maggior rischio di contenere 1,4-diossano. Questi componenti sono spesso utilizzati in molti prodotti di uso quotidiano come idratanti, emulsionanti o solventi. <\/p>\n<h2>Impatti sulla salute umana<\/h2>\n<p>L&#8217;1,4-diossano viene facilmente assorbito dalla pelle. Questo assorbimento pu\u00f2 aumentare, soprattutto con i prodotti da bagno in cui la pelle \u00e8 riscaldata e i pori sono aperti, come ad esempio durante una doccia o un bagno caldo. <\/p>\n<p>Sia l&#8217;Agenzia per la Protezione Ambientale degli Stati Uniti (EPA) che l&#8217;Agenzia Internazionale per la Ricerca sul Cancro (IARC) classificano l&#8217;1,4-diossano come possibile cancerogeno per l&#8217;uomo (Gruppo 2B). Questa classificazione indica che l&#8217;esposizione alla sostanza comporta rischi potenziali. Le ricerche suggeriscono che l&#8217;1,4-diossano pu\u00f2 provocare effetti negativi su fegato, reni, polmoni e sistema nervoso centrale. Problemi di salute pi\u00f9 gravi potrebbero insorgere in caso di esposizione prolungata o ad alti livelli.   <\/p>\n<h2>Rilevamento di 1,4-diossano<\/h2>\n<p>Determinare con precisione i livelli di 1,4-diossano nei tuoi prodotti \u00e8 fondamentale sia per la sicurezza dei consumatori che per la conformit\u00e0 alle normative. Il nostro laboratorio \u00e8 accreditato per l&#8217;analisi dell&#8217;1,4-diossano. Grazie alle nostre attrezzature all&#8217;avanguardia e al nostro team di esperti, forniamo servizi di analisi meticolosi e affidabili per garantire la sicurezza dei tuoi prodotti.  <\/p>\n<p>Non esitare a contattarci per assicurarti che i tuoi prodotti soddisfino le richieste del mercato e superino le aspettative di qualit\u00e0.<\/p>\n","protected":false},"excerpt":{"rendered":"<p>Che cos&#8217;\u00e8 l&#8217;1,4-diossano? L&#8217;1,4-diossano non \u00e8 un ingrediente che aggiungiamo intenzionalmente ai prodotti; \u00e8 una sostanza che pu\u00f2 emergere involontariamente durante i processi di produzione. Potresti trovarlo in prodotti che creano schiuma, come shampoo, saponi liquidi, detersivi per piatti, bagnoschiuma, gel doccia e persino dentifrici. Oltre ai cosmetici e agli articoli per la cura della&#8230;<\/p>\n","protected":false},"featured_media":12095,"template":"","meta":[],"product_brand":[],"product_cat":[438],"product_tag":[],"class_list":{"0":"post-12301","1":"product","2":"type-product","3":"status-publish","4":"has-post-thumbnail","6":"product_cat-verifica-delle-dichiarazioni-e-test-degli-ingredienti","8":"first","9":"instock","10":"virtual","11":"taxable","12":"purchasable","13":"product-type-simple"},"bundled_by":[],"bundle_stock_status":"instock","bundle_stock_quantity":null,"bundle_virtual":false,"bundle_layout":"","bundle_add_to_cart_form_location":"","bundle_editable_in_cart":false,"bundle_sold_individually_context":"","bundle_item_grouping":"","bundle_min_size":"","bundle_max_size":"","bundle_price":[],"bundled_items":[],"bundle_sell_ids":[],"yoast_head":"<!-- This site is optimized with the Yoast SEO Premium plugin v25.4 (Yoast SEO v25.4) - https:\/\/yoast.com\/wordpress\/plugins\/seo\/ -->\n<title>Rilevamento di 1,4 diossano - Verifica della purezza<\/title>\n<meta name=\"description\" content=\"Verifica che i tuoi prodotti siano privi di 1,4-diossano con i nostri precisi servizi di analisi e rilevamento in laboratorio. Assicura la purezza e la conformit\u00e0 per la sicurezza dei consumatori.\" \/>\n<meta name=\"robots\" content=\"index, follow, max-snippet:-1, max-image-preview:large, max-video-preview:-1\" \/>\n<link rel=\"canonical\" href=\"https:\/\/www.certifiedcosmetics.com\/it\/product\/verifica-delle-dichiarazioni-e-test-degli-ingredienti\/rilevamento-di-14-diossano-verifica-della-purezza\/\" \/>\n<meta property=\"og:locale\" content=\"it_IT\" \/>\n<meta property=\"og:type\" content=\"article\" \/>\n<meta property=\"og:title\" content=\"Rilevamento di 1,4 diossano - Verifica della purezza\" \/>\n<meta property=\"og:description\" content=\"Verifica che i tuoi prodotti siano privi di 1,4-diossano con i nostri precisi servizi di analisi e rilevamento in laboratorio. Assicura la purezza e la conformit\u00e0 per la sicurezza dei consumatori.\" \/>\n<meta property=\"og:url\" content=\"https:\/\/www.certifiedcosmetics.com\/it\/product\/verifica-delle-dichiarazioni-e-test-degli-ingredienti\/rilevamento-di-14-diossano-verifica-della-purezza\/\" \/>\n<meta property=\"og:site_name\" content=\"Certified Cosmetics\" \/>\n<meta property=\"og:image\" content=\"https:\/\/www.certifiedcosmetics.com\/wp-content\/uploads\/2025\/07\/14-Dioxane-Detection-Purity-Verification.jpg\" \/>\n\t<meta property=\"og:image:width\" content=\"800\" \/>\n\t<meta property=\"og:image:height\" content=\"800\" \/>\n\t<meta property=\"og:image:type\" content=\"image\/jpeg\" \/>\n<meta name=\"twitter:card\" content=\"summary_large_image\" \/>\n<meta name=\"twitter:label1\" content=\"Prezzo\" \/>\n\t<meta name=\"twitter:data1\" content=\"&#036;233.88\" \/>\n\t<meta name=\"twitter:label2\" content=\"Disponibilit\u00e0\" \/>\n\t<meta name=\"twitter:data2\" content=\"In stock\" \/>\n<script type=\"application\/ld+json\" class=\"yoast-schema-graph\">{\"@context\":\"https:\/\/schema.org\",\"@graph\":[{\"@type\":\"WebPage\",\"@id\":\"https:\/\/www.certifiedcosmetics.com\/it\/product\/verifica-delle-dichiarazioni-e-test-degli-ingredienti\/rilevamento-di-14-diossano-verifica-della-purezza\/\",\"url\":\"https:\/\/www.certifiedcosmetics.com\/it\/product\/verifica-delle-dichiarazioni-e-test-degli-ingredienti\/rilevamento-di-14-diossano-verifica-della-purezza\/\",\"name\":\"Rilevamento di 1,4 diossano - Verifica della purezza\",\"isPartOf\":{\"@id\":\"https:\/\/www.certifiedcosmetics.com\/it\/#website\"},\"primaryImageOfPage\":{\"@id\":\"https:\/\/www.certifiedcosmetics.com\/it\/product\/verifica-delle-dichiarazioni-e-test-degli-ingredienti\/rilevamento-di-14-diossano-verifica-della-purezza\/#primaryimage\"},\"image\":{\"@id\":\"https:\/\/www.certifiedcosmetics.com\/it\/product\/verifica-delle-dichiarazioni-e-test-degli-ingredienti\/rilevamento-di-14-diossano-verifica-della-purezza\/#primaryimage\"},\"thumbnailUrl\":\"https:\/\/www.certifiedcosmetics.com\/wp-content\/uploads\/2025\/07\/14-Dioxane-Detection-Purity-Verification.jpg\",\"datePublished\":\"2025-07-04T15:07:52+00:00\",\"description\":\"Verifica che i tuoi prodotti siano privi di 1,4-diossano con i nostri precisi servizi di analisi e rilevamento in laboratorio. Assicura la purezza e la conformit\u00e0 per la sicurezza dei consumatori.\",\"breadcrumb\":{\"@id\":\"https:\/\/www.certifiedcosmetics.com\/it\/product\/verifica-delle-dichiarazioni-e-test-degli-ingredienti\/rilevamento-di-14-diossano-verifica-della-purezza\/#breadcrumb\"},\"inLanguage\":\"it-IT\",\"potentialAction\":[{\"@type\":\"ReadAction\",\"target\":[\"https:\/\/www.certifiedcosmetics.com\/it\/product\/verifica-delle-dichiarazioni-e-test-degli-ingredienti\/rilevamento-di-14-diossano-verifica-della-purezza\/\"]}]},{\"@type\":\"ImageObject\",\"inLanguage\":\"it-IT\",\"@id\":\"https:\/\/www.certifiedcosmetics.com\/it\/product\/verifica-delle-dichiarazioni-e-test-degli-ingredienti\/rilevamento-di-14-diossano-verifica-della-purezza\/#primaryimage\",\"url\":\"https:\/\/www.certifiedcosmetics.com\/wp-content\/uploads\/2025\/07\/14-Dioxane-Detection-Purity-Verification.jpg\",\"contentUrl\":\"https:\/\/www.certifiedcosmetics.com\/wp-content\/uploads\/2025\/07\/14-Dioxane-Detection-Purity-Verification.jpg\",\"width\":800,\"height\":800},{\"@type\":\"BreadcrumbList\",\"@id\":\"https:\/\/www.certifiedcosmetics.com\/it\/product\/verifica-delle-dichiarazioni-e-test-degli-ingredienti\/rilevamento-di-14-diossano-verifica-della-purezza\/#breadcrumb\",\"itemListElement\":[{\"@type\":\"ListItem\",\"position\":1,\"name\":\"Home\",\"item\":\"https:\/\/www.certifiedcosmetics.com\/it\/\"},{\"@type\":\"ListItem\",\"position\":2,\"name\":\"Negozio\",\"item\":\"https:\/\/www.certifiedcosmetics.com\/it\/negozio\/\"},{\"@type\":\"ListItem\",\"position\":3,\"name\":\"Rilevamento di 1,4 diossano &#8211; Verifica della purezza\"}]},{\"@type\":\"WebSite\",\"@id\":\"https:\/\/www.certifiedcosmetics.com\/it\/#website\",\"url\":\"https:\/\/www.certifiedcosmetics.com\/it\/\",\"name\":\"Certified Cosmetics\",\"description\":\"Cosmetic Safety Assessment\",\"publisher\":{\"@id\":\"https:\/\/www.certifiedcosmetics.com\/it\/#organization\"},\"potentialAction\":[{\"@type\":\"SearchAction\",\"target\":{\"@type\":\"EntryPoint\",\"urlTemplate\":\"https:\/\/www.certifiedcosmetics.com\/it\/?s={search_term_string}\"},\"query-input\":{\"@type\":\"PropertyValueSpecification\",\"valueRequired\":true,\"valueName\":\"search_term_string\"}}],\"inLanguage\":\"it-IT\"},{\"@type\":\"Organization\",\"@id\":\"https:\/\/www.certifiedcosmetics.com\/it\/#organization\",\"name\":\"Certified Cosmetics\",\"url\":\"https:\/\/www.certifiedcosmetics.com\/it\/\",\"logo\":{\"@type\":\"ImageObject\",\"inLanguage\":\"it-IT\",\"@id\":\"https:\/\/www.certifiedcosmetics.com\/it\/#\/schema\/logo\/image\/\",\"url\":\"https:\/\/www.certifiedcosmetics.com\/wp-content\/uploads\/2024\/12\/logo_certified_cosmetics696.jpg\",\"contentUrl\":\"https:\/\/www.certifiedcosmetics.com\/wp-content\/uploads\/2024\/12\/logo_certified_cosmetics696.jpg\",\"width\":696,\"height\":696,\"caption\":\"Certified Cosmetics\"},\"image\":{\"@id\":\"https:\/\/www.certifiedcosmetics.com\/it\/#\/schema\/logo\/image\/\"},\"description\":\"Your trusted partner for cosmetic product safety reporting. We take care of updating all of your documentation, ensuring your compliance stays current even as regulations evolve. The Cosmetic Product Safety Assessment will give you everything you need to sell specific products to EU consumers.\",\"email\":\"contact@certifiedcosmetics.com\",\"telephone\":\"+31 36 2036384\",\"legalName\":\"Certified Cosmetics\",\"foundingDate\":\"2010-01-01\",\"vatID\":\"NL854189543B01\",\"numberOfEmployees\":{\"@type\":\"QuantitativeValue\",\"minValue\":\"11\",\"maxValue\":\"50\"}}]}<\/script>\n<meta property=\"product:price:amount\" content=\"233.88\" \/>\n<meta property=\"product:price:currency\" content=\"USD\" \/>\n<meta property=\"og:availability\" content=\"instock\" \/>\n<meta property=\"product:availability\" content=\"instock\" \/>\n<meta property=\"product:retailer_item_id\" content=\"CC100007\" \/>\n<meta property=\"product:condition\" content=\"new\" \/>\n<!-- \/ Yoast SEO Premium plugin. -->","yoast_head_json":{"title":"Rilevamento di 1,4 diossano - Verifica della purezza","description":"Verifica che i tuoi prodotti siano privi di 1,4-diossano con i nostri precisi servizi di analisi e rilevamento in laboratorio. Assicura la purezza e la conformit\u00e0 per la sicurezza dei consumatori.","robots":{"index":"index","follow":"follow","max-snippet":"max-snippet:-1","max-image-preview":"max-image-preview:large","max-video-preview":"max-video-preview:-1"},"canonical":"https:\/\/www.certifiedcosmetics.com\/it\/product\/verifica-delle-dichiarazioni-e-test-degli-ingredienti\/rilevamento-di-14-diossano-verifica-della-purezza\/","og_locale":"it_IT","og_type":"article","og_title":"Rilevamento di 1,4 diossano - Verifica della purezza","og_description":"Verifica che i tuoi prodotti siano privi di 1,4-diossano con i nostri precisi servizi di analisi e rilevamento in laboratorio. Assicura la purezza e la conformit\u00e0 per la sicurezza dei consumatori.","og_url":"https:\/\/www.certifiedcosmetics.com\/it\/product\/verifica-delle-dichiarazioni-e-test-degli-ingredienti\/rilevamento-di-14-diossano-verifica-della-purezza\/","og_site_name":"Certified Cosmetics","og_image":[{"width":800,"height":800,"url":"https:\/\/www.certifiedcosmetics.com\/wp-content\/uploads\/2025\/07\/14-Dioxane-Detection-Purity-Verification.jpg","type":"image\/jpeg"}],"twitter_card":"summary_large_image","twitter_misc":{"Prezzo":"&#36;233.88","Disponibilit\u00e0":"In stock"},"schema":{"@context":"https:\/\/schema.org","@graph":[{"@type":"WebPage","@id":"https:\/\/www.certifiedcosmetics.com\/it\/product\/verifica-delle-dichiarazioni-e-test-degli-ingredienti\/rilevamento-di-14-diossano-verifica-della-purezza\/","url":"https:\/\/www.certifiedcosmetics.com\/it\/product\/verifica-delle-dichiarazioni-e-test-degli-ingredienti\/rilevamento-di-14-diossano-verifica-della-purezza\/","name":"Rilevamento di 1,4 diossano - Verifica della purezza","isPartOf":{"@id":"https:\/\/www.certifiedcosmetics.com\/it\/#website"},"primaryImageOfPage":{"@id":"https:\/\/www.certifiedcosmetics.com\/it\/product\/verifica-delle-dichiarazioni-e-test-degli-ingredienti\/rilevamento-di-14-diossano-verifica-della-purezza\/#primaryimage"},"image":{"@id":"https:\/\/www.certifiedcosmetics.com\/it\/product\/verifica-delle-dichiarazioni-e-test-degli-ingredienti\/rilevamento-di-14-diossano-verifica-della-purezza\/#primaryimage"},"thumbnailUrl":"https:\/\/www.certifiedcosmetics.com\/wp-content\/uploads\/2025\/07\/14-Dioxane-Detection-Purity-Verification.jpg","datePublished":"2025-07-04T15:07:52+00:00","description":"Verifica che i tuoi prodotti siano privi di 1,4-diossano con i nostri precisi servizi di analisi e rilevamento in laboratorio. Assicura la purezza e la conformit\u00e0 per la sicurezza dei consumatori.","breadcrumb":{"@id":"https:\/\/www.certifiedcosmetics.com\/it\/product\/verifica-delle-dichiarazioni-e-test-degli-ingredienti\/rilevamento-di-14-diossano-verifica-della-purezza\/#breadcrumb"},"inLanguage":"it-IT","potentialAction":[{"@type":"ReadAction","target":["https:\/\/www.certifiedcosmetics.com\/it\/product\/verifica-delle-dichiarazioni-e-test-degli-ingredienti\/rilevamento-di-14-diossano-verifica-della-purezza\/"]}]},{"@type":"ImageObject","inLanguage":"it-IT","@id":"https:\/\/www.certifiedcosmetics.com\/it\/product\/verifica-delle-dichiarazioni-e-test-degli-ingredienti\/rilevamento-di-14-diossano-verifica-della-purezza\/#primaryimage","url":"https:\/\/www.certifiedcosmetics.com\/wp-content\/uploads\/2025\/07\/14-Dioxane-Detection-Purity-Verification.jpg","contentUrl":"https:\/\/www.certifiedcosmetics.com\/wp-content\/uploads\/2025\/07\/14-Dioxane-Detection-Purity-Verification.jpg","width":800,"height":800},{"@type":"BreadcrumbList","@id":"https:\/\/www.certifiedcosmetics.com\/it\/product\/verifica-delle-dichiarazioni-e-test-degli-ingredienti\/rilevamento-di-14-diossano-verifica-della-purezza\/#breadcrumb","itemListElement":[{"@type":"ListItem","position":1,"name":"Home","item":"https:\/\/www.certifiedcosmetics.com\/it\/"},{"@type":"ListItem","position":2,"name":"Negozio","item":"https:\/\/www.certifiedcosmetics.com\/it\/negozio\/"},{"@type":"ListItem","position":3,"name":"Rilevamento di 1,4 diossano &#8211; Verifica della purezza"}]},{"@type":"WebSite","@id":"https:\/\/www.certifiedcosmetics.com\/it\/#website","url":"https:\/\/www.certifiedcosmetics.com\/it\/","name":"Certified Cosmetics","description":"Cosmetic Safety Assessment","publisher":{"@id":"https:\/\/www.certifiedcosmetics.com\/it\/#organization"},"potentialAction":[{"@type":"SearchAction","target":{"@type":"EntryPoint","urlTemplate":"https:\/\/www.certifiedcosmetics.com\/it\/?s={search_term_string}"},"query-input":{"@type":"PropertyValueSpecification","valueRequired":true,"valueName":"search_term_string"}}],"inLanguage":"it-IT"},{"@type":"Organization","@id":"https:\/\/www.certifiedcosmetics.com\/it\/#organization","name":"Certified Cosmetics","url":"https:\/\/www.certifiedcosmetics.com\/it\/","logo":{"@type":"ImageObject","inLanguage":"it-IT","@id":"https:\/\/www.certifiedcosmetics.com\/it\/#\/schema\/logo\/image\/","url":"https:\/\/www.certifiedcosmetics.com\/wp-content\/uploads\/2024\/12\/logo_certified_cosmetics696.jpg","contentUrl":"https:\/\/www.certifiedcosmetics.com\/wp-content\/uploads\/2024\/12\/logo_certified_cosmetics696.jpg","width":696,"height":696,"caption":"Certified Cosmetics"},"image":{"@id":"https:\/\/www.certifiedcosmetics.com\/it\/#\/schema\/logo\/image\/"},"description":"Your trusted partner for cosmetic product safety reporting. We take care of updating all of your documentation, ensuring your compliance stays current even as regulations evolve. The Cosmetic Product Safety Assessment will give you everything you need to sell specific products to EU consumers.","email":"contact@certifiedcosmetics.com","telephone":"+31 36 2036384","legalName":"Certified Cosmetics","foundingDate":"2010-01-01","vatID":"NL854189543B01","numberOfEmployees":{"@type":"QuantitativeValue","minValue":"11","maxValue":"50"}}]},"product_price_amount":"233.88","product_price_currency":"USD","og_availability":"instock","product_availability":"instock","product_retailer_item_id":"CC100007","product_condition":"new"},"_links":{"self":[{"href":"https:\/\/www.certifiedcosmetics.com\/it\/wp-json\/wp\/v2\/product\/12301","targetHints":{"allow":["GET"]}}],"collection":[{"href":"https:\/\/www.certifiedcosmetics.com\/it\/wp-json\/wp\/v2\/product"}],"about":[{"href":"https:\/\/www.certifiedcosmetics.com\/it\/wp-json\/wp\/v2\/types\/product"}],"wp:featuredmedia":[{"embeddable":true,"href":"https:\/\/www.certifiedcosmetics.com\/it\/wp-json\/wp\/v2\/media\/12095"}],"wp:attachment":[{"href":"https:\/\/www.certifiedcosmetics.com\/it\/wp-json\/wp\/v2\/media?parent=12301"}],"wp:term":[{"taxonomy":"product_brand","embeddable":true,"href":"https:\/\/www.certifiedcosmetics.com\/it\/wp-json\/wp\/v2\/product_brand?post=12301"},{"taxonomy":"product_cat","embeddable":true,"href":"https:\/\/www.certifiedcosmetics.com\/it\/wp-json\/wp\/v2\/product_cat?post=12301"},{"taxonomy":"product_tag","embeddable":true,"href":"https:\/\/www.certifiedcosmetics.com\/it\/wp-json\/wp\/v2\/product_tag?post=12301"}],"curies":[{"name":"wp","href":"https:\/\/api.w.org\/{rel}","templated":true}]}}