{"id":12294,"date":"2025-07-04T16:08:05","date_gmt":"2025-07-04T15:08:05","guid":{"rendered":"https:\/\/www.certifiedcosmetics.com\/product\/senza-categoria\/rilevamento-di-coloranti-sintetici-verifica-gratuita-della-richiesta-di-risarcimento-per-coloranti-sintetici\/"},"modified":"2025-12-12T11:09:22","modified_gmt":"2025-12-12T10:09:22","slug":"rilevamento-di-coloranti-sintetici-verifica-gratuita-della-richiesta-di-risarcimento-per-coloranti-sintetici","status":"publish","type":"product","link":"https:\/\/www.certifiedcosmetics.com\/it\/product\/verifica-delle-dichiarazioni-e-test-degli-ingredienti\/rilevamento-di-coloranti-sintetici-verifica-gratuita-della-richiesta-di-risarcimento-per-coloranti-sintetici\/","title":{"rendered":"Rilevamento di coloranti sintetici &#8211; Verifica gratuita della richiesta di risarcimento per coloranti sintetici"},"content":{"rendered":"<h2>Cosa sono i coloranti sintetici?<\/h2>\n<p>I coloranti sintetici, noti anche come coloranti o pigmenti artificiali, sono composti di origine chimica utilizzati per conferire colori specifici ai prodotti. Sebbene siano ampiamente utilizzati, possono costituire un problema per i consumatori che cercano formulazioni pi\u00f9 &#8220;pulite&#8221; o &#8220;naturali&#8221; o per coloro che hanno sensibilit\u00e0 agli ingredienti artificiali. <\/p>\n<h2>Perch\u00e9 il rilevamento dei coloranti sintetici \u00e8 importante?<\/h2>\n<p>Per i marchi che promuovono la bellezza &#8220;naturale&#8221; o &#8220;pulita&#8221;, evitare i coloranti sintetici \u00e8 spesso un principio fondamentale. Questo servizio ti aiuta: <\/p>\n<ul>\n<li><strong>Verifica le dichiarazioni di &#8220;assenza di coloranti sintetici&#8221;:<\/strong> Utilizza tecniche analitiche avanzate per confermare l&#8217;assenza di coloranti e pigmenti artificiali nelle tue formulazioni.<\/li>\n<li><strong>Allineati alla filosofia del marchio:<\/strong> Rafforza il tuo impegno verso un&#8217;estetica naturale e la trasparenza degli ingredienti.<\/li>\n<li><strong>Rivolgiti ai consumatori consapevoli:<\/strong> Rivolgiti a un segmento crescente di consumatori che privilegia prodotti privi di additivi artificiali.<\/li>\n<\/ul>\n<h2>Rilevamento di coloranti sintetici<\/h2>\n<p>Il nostro laboratorio utilizza tecniche analitiche avanzate per confermare l&#8217;assenza di coloranti e pigmenti artificiali nelle tue formulazioni. Questa verifica consente ai marchi di dichiarare con sicurezza l&#8217;assenza di coloranti sintetici, per attirare i consumatori che cercano un&#8217;estetica pi\u00f9 naturale dei prodotti. <\/p>\n<p>Non esitare a contattarci per assicurarti che i tuoi prodotti soddisfino le richieste del mercato e superino le aspettative di qualit\u00e0.<\/p>\n","protected":false},"excerpt":{"rendered":"<p>Cosa sono i coloranti sintetici? I coloranti sintetici, noti anche come coloranti o pigmenti artificiali, sono composti di origine chimica utilizzati per conferire colori specifici ai prodotti. Sebbene siano ampiamente utilizzati, possono costituire un problema per i consumatori che cercano formulazioni pi\u00f9 &#8220;pulite&#8221; o &#8220;naturali&#8221; o per coloro che hanno sensibilit\u00e0 agli ingredienti artificiali. Perch\u00e9&#8230;<\/p>\n","protected":false},"featured_media":12227,"template":"","meta":[],"product_brand":[],"product_cat":[438],"product_tag":[],"class_list":{"0":"post-12294","1":"product","2":"type-product","3":"status-publish","4":"has-post-thumbnail","6":"product_cat-verifica-delle-dichiarazioni-e-test-degli-ingredienti","8":"first","9":"instock","10":"virtual","11":"taxable","12":"purchasable","13":"product-type-simple"},"bundled_by":[],"bundle_stock_status":"instock","bundle_stock_quantity":null,"bundle_virtual":false,"bundle_layout":"","bundle_add_to_cart_form_location":"","bundle_editable_in_cart":false,"bundle_sold_individually_context":"","bundle_item_grouping":"","bundle_min_size":"","bundle_max_size":"","bundle_price":[],"bundled_items":[],"bundle_sell_ids":[],"yoast_head":"<!-- This site is optimized with the Yoast SEO Premium plugin v25.4 (Yoast SEO v25.4) - https:\/\/yoast.com\/wordpress\/plugins\/seo\/ -->\n<title>Rilevamento di coloranti sintetici - Verifica gratuita della richiesta di risarcimento per coloranti sintetici<\/title>\n<meta name=\"description\" content=\"Verifica la tua formulazione senza coloranti con test e analisi di laboratorio di esperti.\" \/>\n<meta name=\"robots\" content=\"index, follow, max-snippet:-1, max-image-preview:large, max-video-preview:-1\" \/>\n<link rel=\"canonical\" href=\"https:\/\/www.certifiedcosmetics.com\/it\/product\/verifica-delle-dichiarazioni-e-test-degli-ingredienti\/rilevamento-di-coloranti-sintetici-verifica-gratuita-della-richiesta-di-risarcimento-per-coloranti-sintetici\/\" \/>\n<meta property=\"og:locale\" content=\"it_IT\" \/>\n<meta property=\"og:type\" content=\"article\" \/>\n<meta property=\"og:title\" content=\"Rilevamento di coloranti sintetici - Verifica gratuita della richiesta di risarcimento per coloranti sintetici\" \/>\n<meta property=\"og:description\" content=\"Verifica la tua formulazione senza coloranti con test e analisi di laboratorio di esperti.\" \/>\n<meta property=\"og:url\" content=\"https:\/\/www.certifiedcosmetics.com\/it\/product\/verifica-delle-dichiarazioni-e-test-degli-ingredienti\/rilevamento-di-coloranti-sintetici-verifica-gratuita-della-richiesta-di-risarcimento-per-coloranti-sintetici\/\" \/>\n<meta property=\"og:site_name\" content=\"Certified Cosmetics\" \/>\n<meta property=\"article:modified_time\" content=\"2025-12-12T10:09:22+00:00\" \/>\n<meta property=\"og:image\" content=\"https:\/\/www.certifiedcosmetics.com\/wp-content\/uploads\/2025\/07\/Synthetic-Colorant-Detection-Synthetic-Colorant-Free-Claim-Verification.jpg\" \/>\n\t<meta property=\"og:image:width\" content=\"800\" \/>\n\t<meta property=\"og:image:height\" content=\"800\" \/>\n\t<meta property=\"og:image:type\" content=\"image\/jpeg\" \/>\n<meta name=\"twitter:card\" content=\"summary_large_image\" \/>\n<meta name=\"twitter:label1\" content=\"Prezzo\" \/>\n\t<meta name=\"twitter:data1\" content=\"&#036;175.41\" \/>\n\t<meta name=\"twitter:label2\" content=\"Disponibilit\u00e0\" \/>\n\t<meta name=\"twitter:data2\" content=\"In stock\" \/>\n<script type=\"application\/ld+json\" class=\"yoast-schema-graph\">{\"@context\":\"https:\/\/schema.org\",\"@graph\":[{\"@type\":\"WebPage\",\"@id\":\"https:\/\/www.certifiedcosmetics.com\/it\/product\/verifica-delle-dichiarazioni-e-test-degli-ingredienti\/rilevamento-di-coloranti-sintetici-verifica-gratuita-della-richiesta-di-risarcimento-per-coloranti-sintetici\/\",\"url\":\"https:\/\/www.certifiedcosmetics.com\/it\/product\/verifica-delle-dichiarazioni-e-test-degli-ingredienti\/rilevamento-di-coloranti-sintetici-verifica-gratuita-della-richiesta-di-risarcimento-per-coloranti-sintetici\/\",\"name\":\"Rilevamento di coloranti sintetici - Verifica gratuita della richiesta di risarcimento per coloranti sintetici\",\"isPartOf\":{\"@id\":\"https:\/\/www.certifiedcosmetics.com\/it\/#website\"},\"primaryImageOfPage\":{\"@id\":\"https:\/\/www.certifiedcosmetics.com\/it\/product\/verifica-delle-dichiarazioni-e-test-degli-ingredienti\/rilevamento-di-coloranti-sintetici-verifica-gratuita-della-richiesta-di-risarcimento-per-coloranti-sintetici\/#primaryimage\"},\"image\":{\"@id\":\"https:\/\/www.certifiedcosmetics.com\/it\/product\/verifica-delle-dichiarazioni-e-test-degli-ingredienti\/rilevamento-di-coloranti-sintetici-verifica-gratuita-della-richiesta-di-risarcimento-per-coloranti-sintetici\/#primaryimage\"},\"thumbnailUrl\":\"https:\/\/www.certifiedcosmetics.com\/wp-content\/uploads\/2025\/07\/Synthetic-Colorant-Detection-Synthetic-Colorant-Free-Claim-Verification.jpg\",\"datePublished\":\"2025-07-04T15:08:05+00:00\",\"dateModified\":\"2025-12-12T10:09:22+00:00\",\"description\":\"Verifica la tua formulazione senza coloranti con test e analisi di laboratorio di esperti.\",\"breadcrumb\":{\"@id\":\"https:\/\/www.certifiedcosmetics.com\/it\/product\/verifica-delle-dichiarazioni-e-test-degli-ingredienti\/rilevamento-di-coloranti-sintetici-verifica-gratuita-della-richiesta-di-risarcimento-per-coloranti-sintetici\/#breadcrumb\"},\"inLanguage\":\"it-IT\",\"potentialAction\":[{\"@type\":\"ReadAction\",\"target\":[\"https:\/\/www.certifiedcosmetics.com\/it\/product\/verifica-delle-dichiarazioni-e-test-degli-ingredienti\/rilevamento-di-coloranti-sintetici-verifica-gratuita-della-richiesta-di-risarcimento-per-coloranti-sintetici\/\"]}]},{\"@type\":\"ImageObject\",\"inLanguage\":\"it-IT\",\"@id\":\"https:\/\/www.certifiedcosmetics.com\/it\/product\/verifica-delle-dichiarazioni-e-test-degli-ingredienti\/rilevamento-di-coloranti-sintetici-verifica-gratuita-della-richiesta-di-risarcimento-per-coloranti-sintetici\/#primaryimage\",\"url\":\"https:\/\/www.certifiedcosmetics.com\/wp-content\/uploads\/2025\/07\/Synthetic-Colorant-Detection-Synthetic-Colorant-Free-Claim-Verification.jpg\",\"contentUrl\":\"https:\/\/www.certifiedcosmetics.com\/wp-content\/uploads\/2025\/07\/Synthetic-Colorant-Detection-Synthetic-Colorant-Free-Claim-Verification.jpg\",\"width\":800,\"height\":800},{\"@type\":\"BreadcrumbList\",\"@id\":\"https:\/\/www.certifiedcosmetics.com\/it\/product\/verifica-delle-dichiarazioni-e-test-degli-ingredienti\/rilevamento-di-coloranti-sintetici-verifica-gratuita-della-richiesta-di-risarcimento-per-coloranti-sintetici\/#breadcrumb\",\"itemListElement\":[{\"@type\":\"ListItem\",\"position\":1,\"name\":\"Home\",\"item\":\"https:\/\/www.certifiedcosmetics.com\/it\/\"},{\"@type\":\"ListItem\",\"position\":2,\"name\":\"Negozio\",\"item\":\"https:\/\/www.certifiedcosmetics.com\/it\/negozio\/\"},{\"@type\":\"ListItem\",\"position\":3,\"name\":\"Rilevamento di coloranti sintetici &#8211; Verifica gratuita della richiesta di risarcimento per coloranti sintetici\"}]},{\"@type\":\"WebSite\",\"@id\":\"https:\/\/www.certifiedcosmetics.com\/it\/#website\",\"url\":\"https:\/\/www.certifiedcosmetics.com\/it\/\",\"name\":\"Certified Cosmetics\",\"description\":\"Cosmetic Safety Assessment\",\"publisher\":{\"@id\":\"https:\/\/www.certifiedcosmetics.com\/it\/#organization\"},\"potentialAction\":[{\"@type\":\"SearchAction\",\"target\":{\"@type\":\"EntryPoint\",\"urlTemplate\":\"https:\/\/www.certifiedcosmetics.com\/it\/?s={search_term_string}\"},\"query-input\":{\"@type\":\"PropertyValueSpecification\",\"valueRequired\":true,\"valueName\":\"search_term_string\"}}],\"inLanguage\":\"it-IT\"},{\"@type\":\"Organization\",\"@id\":\"https:\/\/www.certifiedcosmetics.com\/it\/#organization\",\"name\":\"Certified Cosmetics\",\"url\":\"https:\/\/www.certifiedcosmetics.com\/it\/\",\"logo\":{\"@type\":\"ImageObject\",\"inLanguage\":\"it-IT\",\"@id\":\"https:\/\/www.certifiedcosmetics.com\/it\/#\/schema\/logo\/image\/\",\"url\":\"https:\/\/www.certifiedcosmetics.com\/wp-content\/uploads\/2024\/12\/logo_certified_cosmetics696.jpg\",\"contentUrl\":\"https:\/\/www.certifiedcosmetics.com\/wp-content\/uploads\/2024\/12\/logo_certified_cosmetics696.jpg\",\"width\":696,\"height\":696,\"caption\":\"Certified Cosmetics\"},\"image\":{\"@id\":\"https:\/\/www.certifiedcosmetics.com\/it\/#\/schema\/logo\/image\/\"},\"description\":\"Your trusted partner for cosmetic product safety reporting. We take care of updating all of your documentation, ensuring your compliance stays current even as regulations evolve. The Cosmetic Product Safety Assessment will give you everything you need to sell specific products to EU consumers.\",\"email\":\"contact@certifiedcosmetics.com\",\"telephone\":\"+31 36 2036384\",\"legalName\":\"Certified Cosmetics\",\"foundingDate\":\"2010-01-01\",\"vatID\":\"NL854189543B01\",\"numberOfEmployees\":{\"@type\":\"QuantitativeValue\",\"minValue\":\"11\",\"maxValue\":\"50\"}}]}<\/script>\n<meta property=\"product:price:amount\" content=\"175.41\" \/>\n<meta property=\"product:price:currency\" content=\"USD\" \/>\n<meta property=\"og:availability\" content=\"instock\" \/>\n<meta property=\"product:availability\" content=\"instock\" \/>\n<meta property=\"product:condition\" content=\"new\" \/>\n<!-- \/ Yoast SEO Premium plugin. -->","yoast_head_json":{"title":"Rilevamento di coloranti sintetici - Verifica gratuita della richiesta di risarcimento per coloranti sintetici","description":"Verifica la tua formulazione senza coloranti con test e analisi di laboratorio di esperti.","robots":{"index":"index","follow":"follow","max-snippet":"max-snippet:-1","max-image-preview":"max-image-preview:large","max-video-preview":"max-video-preview:-1"},"canonical":"https:\/\/www.certifiedcosmetics.com\/it\/product\/verifica-delle-dichiarazioni-e-test-degli-ingredienti\/rilevamento-di-coloranti-sintetici-verifica-gratuita-della-richiesta-di-risarcimento-per-coloranti-sintetici\/","og_locale":"it_IT","og_type":"article","og_title":"Rilevamento di coloranti sintetici - Verifica gratuita della richiesta di risarcimento per coloranti sintetici","og_description":"Verifica la tua formulazione senza coloranti con test e analisi di laboratorio di esperti.","og_url":"https:\/\/www.certifiedcosmetics.com\/it\/product\/verifica-delle-dichiarazioni-e-test-degli-ingredienti\/rilevamento-di-coloranti-sintetici-verifica-gratuita-della-richiesta-di-risarcimento-per-coloranti-sintetici\/","og_site_name":"Certified Cosmetics","article_modified_time":"2025-12-12T10:09:22+00:00","og_image":[{"width":800,"height":800,"url":"https:\/\/www.certifiedcosmetics.com\/wp-content\/uploads\/2025\/07\/Synthetic-Colorant-Detection-Synthetic-Colorant-Free-Claim-Verification.jpg","type":"image\/jpeg"}],"twitter_card":"summary_large_image","twitter_misc":{"Prezzo":"&#36;175.41","Disponibilit\u00e0":"In stock"},"schema":{"@context":"https:\/\/schema.org","@graph":[{"@type":"WebPage","@id":"https:\/\/www.certifiedcosmetics.com\/it\/product\/verifica-delle-dichiarazioni-e-test-degli-ingredienti\/rilevamento-di-coloranti-sintetici-verifica-gratuita-della-richiesta-di-risarcimento-per-coloranti-sintetici\/","url":"https:\/\/www.certifiedcosmetics.com\/it\/product\/verifica-delle-dichiarazioni-e-test-degli-ingredienti\/rilevamento-di-coloranti-sintetici-verifica-gratuita-della-richiesta-di-risarcimento-per-coloranti-sintetici\/","name":"Rilevamento di coloranti sintetici - Verifica gratuita della richiesta di risarcimento per coloranti sintetici","isPartOf":{"@id":"https:\/\/www.certifiedcosmetics.com\/it\/#website"},"primaryImageOfPage":{"@id":"https:\/\/www.certifiedcosmetics.com\/it\/product\/verifica-delle-dichiarazioni-e-test-degli-ingredienti\/rilevamento-di-coloranti-sintetici-verifica-gratuita-della-richiesta-di-risarcimento-per-coloranti-sintetici\/#primaryimage"},"image":{"@id":"https:\/\/www.certifiedcosmetics.com\/it\/product\/verifica-delle-dichiarazioni-e-test-degli-ingredienti\/rilevamento-di-coloranti-sintetici-verifica-gratuita-della-richiesta-di-risarcimento-per-coloranti-sintetici\/#primaryimage"},"thumbnailUrl":"https:\/\/www.certifiedcosmetics.com\/wp-content\/uploads\/2025\/07\/Synthetic-Colorant-Detection-Synthetic-Colorant-Free-Claim-Verification.jpg","datePublished":"2025-07-04T15:08:05+00:00","dateModified":"2025-12-12T10:09:22+00:00","description":"Verifica la tua formulazione senza coloranti con test e analisi di laboratorio di esperti.","breadcrumb":{"@id":"https:\/\/www.certifiedcosmetics.com\/it\/product\/verifica-delle-dichiarazioni-e-test-degli-ingredienti\/rilevamento-di-coloranti-sintetici-verifica-gratuita-della-richiesta-di-risarcimento-per-coloranti-sintetici\/#breadcrumb"},"inLanguage":"it-IT","potentialAction":[{"@type":"ReadAction","target":["https:\/\/www.certifiedcosmetics.com\/it\/product\/verifica-delle-dichiarazioni-e-test-degli-ingredienti\/rilevamento-di-coloranti-sintetici-verifica-gratuita-della-richiesta-di-risarcimento-per-coloranti-sintetici\/"]}]},{"@type":"ImageObject","inLanguage":"it-IT","@id":"https:\/\/www.certifiedcosmetics.com\/it\/product\/verifica-delle-dichiarazioni-e-test-degli-ingredienti\/rilevamento-di-coloranti-sintetici-verifica-gratuita-della-richiesta-di-risarcimento-per-coloranti-sintetici\/#primaryimage","url":"https:\/\/www.certifiedcosmetics.com\/wp-content\/uploads\/2025\/07\/Synthetic-Colorant-Detection-Synthetic-Colorant-Free-Claim-Verification.jpg","contentUrl":"https:\/\/www.certifiedcosmetics.com\/wp-content\/uploads\/2025\/07\/Synthetic-Colorant-Detection-Synthetic-Colorant-Free-Claim-Verification.jpg","width":800,"height":800},{"@type":"BreadcrumbList","@id":"https:\/\/www.certifiedcosmetics.com\/it\/product\/verifica-delle-dichiarazioni-e-test-degli-ingredienti\/rilevamento-di-coloranti-sintetici-verifica-gratuita-della-richiesta-di-risarcimento-per-coloranti-sintetici\/#breadcrumb","itemListElement":[{"@type":"ListItem","position":1,"name":"Home","item":"https:\/\/www.certifiedcosmetics.com\/it\/"},{"@type":"ListItem","position":2,"name":"Negozio","item":"https:\/\/www.certifiedcosmetics.com\/it\/negozio\/"},{"@type":"ListItem","position":3,"name":"Rilevamento di coloranti sintetici &#8211; Verifica gratuita della richiesta di risarcimento per coloranti sintetici"}]},{"@type":"WebSite","@id":"https:\/\/www.certifiedcosmetics.com\/it\/#website","url":"https:\/\/www.certifiedcosmetics.com\/it\/","name":"Certified Cosmetics","description":"Cosmetic Safety Assessment","publisher":{"@id":"https:\/\/www.certifiedcosmetics.com\/it\/#organization"},"potentialAction":[{"@type":"SearchAction","target":{"@type":"EntryPoint","urlTemplate":"https:\/\/www.certifiedcosmetics.com\/it\/?s={search_term_string}"},"query-input":{"@type":"PropertyValueSpecification","valueRequired":true,"valueName":"search_term_string"}}],"inLanguage":"it-IT"},{"@type":"Organization","@id":"https:\/\/www.certifiedcosmetics.com\/it\/#organization","name":"Certified Cosmetics","url":"https:\/\/www.certifiedcosmetics.com\/it\/","logo":{"@type":"ImageObject","inLanguage":"it-IT","@id":"https:\/\/www.certifiedcosmetics.com\/it\/#\/schema\/logo\/image\/","url":"https:\/\/www.certifiedcosmetics.com\/wp-content\/uploads\/2024\/12\/logo_certified_cosmetics696.jpg","contentUrl":"https:\/\/www.certifiedcosmetics.com\/wp-content\/uploads\/2024\/12\/logo_certified_cosmetics696.jpg","width":696,"height":696,"caption":"Certified Cosmetics"},"image":{"@id":"https:\/\/www.certifiedcosmetics.com\/it\/#\/schema\/logo\/image\/"},"description":"Your trusted partner for cosmetic product safety reporting. We take care of updating all of your documentation, ensuring your compliance stays current even as regulations evolve. The Cosmetic Product Safety Assessment will give you everything you need to sell specific products to EU consumers.","email":"contact@certifiedcosmetics.com","telephone":"+31 36 2036384","legalName":"Certified Cosmetics","foundingDate":"2010-01-01","vatID":"NL854189543B01","numberOfEmployees":{"@type":"QuantitativeValue","minValue":"11","maxValue":"50"}}]},"product_price_amount":"175.41","product_price_currency":"USD","og_availability":"instock","product_availability":"instock","product_condition":"new"},"_links":{"self":[{"href":"https:\/\/www.certifiedcosmetics.com\/it\/wp-json\/wp\/v2\/product\/12294","targetHints":{"allow":["GET"]}}],"collection":[{"href":"https:\/\/www.certifiedcosmetics.com\/it\/wp-json\/wp\/v2\/product"}],"about":[{"href":"https:\/\/www.certifiedcosmetics.com\/it\/wp-json\/wp\/v2\/types\/product"}],"wp:featuredmedia":[{"embeddable":true,"href":"https:\/\/www.certifiedcosmetics.com\/it\/wp-json\/wp\/v2\/media\/12227"}],"wp:attachment":[{"href":"https:\/\/www.certifiedcosmetics.com\/it\/wp-json\/wp\/v2\/media?parent=12294"}],"wp:term":[{"taxonomy":"product_brand","embeddable":true,"href":"https:\/\/www.certifiedcosmetics.com\/it\/wp-json\/wp\/v2\/product_brand?post=12294"},{"taxonomy":"product_cat","embeddable":true,"href":"https:\/\/www.certifiedcosmetics.com\/it\/wp-json\/wp\/v2\/product_cat?post=12294"},{"taxonomy":"product_tag","embeddable":true,"href":"https:\/\/www.certifiedcosmetics.com\/it\/wp-json\/wp\/v2\/product_tag?post=12294"}],"curies":[{"name":"wp","href":"https:\/\/api.w.org\/{rel}","templated":true}]}}