{"id":12266,"date":"2025-07-04T16:07:57","date_gmt":"2025-07-04T15:07:57","guid":{"rendered":"https:\/\/www.certifiedcosmetics.com\/product\/senza-categoria\/rilevamento-della-formaldeide-verifica-della-purezza\/"},"modified":"2025-07-04T16:07:57","modified_gmt":"2025-07-04T15:07:57","slug":"rilevamento-della-formaldeide-verifica-della-purezza","status":"publish","type":"product","link":"https:\/\/www.certifiedcosmetics.com\/it\/product\/verifica-delle-dichiarazioni-e-test-degli-ingredienti\/rilevamento-della-formaldeide-verifica-della-purezza\/","title":{"rendered":"Rilevamento della formaldeide &#8211; Verifica della purezza"},"content":{"rendered":"<h2>Che cos&#8217;\u00e8 la formaldeide?<\/h2>\n<p>La formaldeide \u00e8 un composto chimico che pu\u00f2 essere utilizzato come conservante o pu\u00f2 essere presente come impurit\u00e0 nelle materie prime cosmetiche. Sebbene sia altamente limitata o vietata nei cosmetici in base a normative come la 1223\/2009\/CE, verificare la sua assenza o garantire il rispetto dei limiti legali \u00e8 fondamentale per l&#8217;integrit\u00e0 del prodotto. <\/p>\n<h2>Perch\u00e9 il rilevamento della formaldeide \u00e8 importante?<\/h2>\n<p>Anche se le dichiarazioni dirette di <u>&#8220;assenza di formaldeide&#8221; per i prodotti cosmetici<\/u> <u>non sono ammessi nell&#8217;UE<\/u>  Poich\u00e9 la sostanza \u00e8 vietata o altamente regolamentata (il che significa che nessuna azienda dovrebbe usarla), il nostro servizio \u00e8 fondamentale per la verifica della purezza e il controllo della qualit\u00e0. Ti aiuta a: <\/p>\n<ul>\n<li><strong>Garantire la conformit\u00e0 alle normative:<\/strong> Conferma che i tuoi prodotti soddisfano le severe normative mondiali in materia di quantit\u00e0 residue o tracce di formaldeide.<\/li>\n<li><strong>Verifica la qualit\u00e0 delle materie prime:<\/strong> Esamina le materie prime in arrivo per evitare contaminazioni involontarie.<\/li>\n<li><strong>Supportare il controllo qualit\u00e0 interno:<\/strong> Mantenere i pi\u00f9 alti standard di sicurezza e purezza dei prodotti.<\/li>\n<\/ul>\n<h2>Rilevamento della formaldeide<\/h2>\n<p>Il nostro laboratorio offre test analitici precisi per identificare e quantificare qualsiasi quantit\u00e0 residua o traccia di formaldeide. Questo servizio \u00e8 prezioso per verificare la purezza e garantire la conformit\u00e0 ai pi\u00f9 rigorosi standard globali per gli ingredienti cosmetici, soprattutto per quanto riguarda la sua presenza involontaria nelle materie prime. <\/p>\n<p>Non esitare a contattarci per assicurarti che i tuoi prodotti soddisfino le richieste del mercato e superino le aspettative di qualit\u00e0.<\/p>\n","protected":false},"excerpt":{"rendered":"<p>Che cos&#8217;\u00e8 la formaldeide? La formaldeide \u00e8 un composto chimico che pu\u00f2 essere utilizzato come conservante o pu\u00f2 essere presente come impurit\u00e0 nelle materie prime cosmetiche. Sebbene sia altamente limitata o vietata nei cosmetici in base a normative come la 1223\/2009\/CE, verificare la sua assenza o garantire il rispetto dei limiti legali \u00e8 fondamentale per&#8230;<\/p>\n","protected":false},"featured_media":12137,"template":"","meta":[],"product_brand":[],"product_cat":[438],"product_tag":[],"class_list":{"0":"post-12266","1":"product","2":"type-product","3":"status-publish","4":"has-post-thumbnail","6":"product_cat-verifica-delle-dichiarazioni-e-test-degli-ingredienti","8":"first","9":"instock","10":"virtual","11":"taxable","12":"purchasable","13":"product-type-simple"},"bundled_by":[],"bundle_stock_status":"instock","bundle_stock_quantity":null,"bundle_virtual":false,"bundle_layout":"","bundle_add_to_cart_form_location":"","bundle_editable_in_cart":false,"bundle_sold_individually_context":"","bundle_item_grouping":"","bundle_min_size":"","bundle_max_size":"","bundle_price":[],"bundled_items":[],"bundle_sell_ids":[],"yoast_head":"<!-- This site is optimized with the Yoast SEO Premium plugin v25.4 (Yoast SEO v25.4) - https:\/\/yoast.com\/wordpress\/plugins\/seo\/ -->\n<title>Rilevamento della formaldeide - Verifica della richiesta di risarcimento senza formaldeide<\/title>\n<meta name=\"description\" content=\"Assicurati che il tuo prodotto sia privo di formaldeide con test di laboratorio affidabili per la sicurezza dei consumatori e delle normative.\" \/>\n<meta name=\"robots\" content=\"index, follow, max-snippet:-1, max-image-preview:large, max-video-preview:-1\" \/>\n<link rel=\"canonical\" href=\"https:\/\/www.certifiedcosmetics.com\/it\/product\/verifica-delle-dichiarazioni-e-test-degli-ingredienti\/rilevamento-della-formaldeide-verifica-della-purezza\/\" \/>\n<meta property=\"og:locale\" content=\"it_IT\" \/>\n<meta property=\"og:type\" content=\"article\" \/>\n<meta property=\"og:title\" content=\"Rilevamento della formaldeide - Verifica della purezza\" \/>\n<meta property=\"og:description\" content=\"Assicurati che il tuo prodotto sia privo di formaldeide con test di laboratorio affidabili per la sicurezza dei consumatori e delle normative.\" \/>\n<meta property=\"og:url\" content=\"https:\/\/www.certifiedcosmetics.com\/it\/product\/verifica-delle-dichiarazioni-e-test-degli-ingredienti\/rilevamento-della-formaldeide-verifica-della-purezza\/\" \/>\n<meta property=\"og:site_name\" content=\"Certified Cosmetics\" \/>\n<meta property=\"og:image\" content=\"https:\/\/www.certifiedcosmetics.com\/wp-content\/uploads\/2025\/07\/Formaldehyde-Detection-Formaldehyde-Free-Claim-Verification.jpg\" \/>\n\t<meta property=\"og:image:width\" content=\"800\" \/>\n\t<meta property=\"og:image:height\" content=\"800\" \/>\n\t<meta property=\"og:image:type\" content=\"image\/jpeg\" \/>\n<meta name=\"twitter:card\" content=\"summary_large_image\" \/>\n<meta name=\"twitter:label1\" content=\"Prezzo\" \/>\n\t<meta name=\"twitter:data1\" content=\"&#036;175.41\" \/>\n\t<meta name=\"twitter:label2\" content=\"Disponibilit\u00e0\" \/>\n\t<meta name=\"twitter:data2\" content=\"In stock\" \/>\n<script type=\"application\/ld+json\" class=\"yoast-schema-graph\">{\"@context\":\"https:\/\/schema.org\",\"@graph\":[{\"@type\":\"WebPage\",\"@id\":\"https:\/\/www.certifiedcosmetics.com\/it\/product\/verifica-delle-dichiarazioni-e-test-degli-ingredienti\/rilevamento-della-formaldeide-verifica-della-purezza\/\",\"url\":\"https:\/\/www.certifiedcosmetics.com\/it\/product\/verifica-delle-dichiarazioni-e-test-degli-ingredienti\/rilevamento-della-formaldeide-verifica-della-purezza\/\",\"name\":\"Rilevamento della formaldeide - Verifica della richiesta di risarcimento senza formaldeide\",\"isPartOf\":{\"@id\":\"https:\/\/www.certifiedcosmetics.com\/it\/#website\"},\"primaryImageOfPage\":{\"@id\":\"https:\/\/www.certifiedcosmetics.com\/it\/product\/verifica-delle-dichiarazioni-e-test-degli-ingredienti\/rilevamento-della-formaldeide-verifica-della-purezza\/#primaryimage\"},\"image\":{\"@id\":\"https:\/\/www.certifiedcosmetics.com\/it\/product\/verifica-delle-dichiarazioni-e-test-degli-ingredienti\/rilevamento-della-formaldeide-verifica-della-purezza\/#primaryimage\"},\"thumbnailUrl\":\"https:\/\/www.certifiedcosmetics.com\/wp-content\/uploads\/2025\/07\/Formaldehyde-Detection-Formaldehyde-Free-Claim-Verification.jpg\",\"datePublished\":\"2025-07-04T15:07:57+00:00\",\"description\":\"Assicurati che il tuo prodotto sia privo di formaldeide con test di laboratorio affidabili per la sicurezza dei consumatori e delle normative.\",\"breadcrumb\":{\"@id\":\"https:\/\/www.certifiedcosmetics.com\/it\/product\/verifica-delle-dichiarazioni-e-test-degli-ingredienti\/rilevamento-della-formaldeide-verifica-della-purezza\/#breadcrumb\"},\"inLanguage\":\"it-IT\",\"potentialAction\":[{\"@type\":\"ReadAction\",\"target\":[\"https:\/\/www.certifiedcosmetics.com\/it\/product\/verifica-delle-dichiarazioni-e-test-degli-ingredienti\/rilevamento-della-formaldeide-verifica-della-purezza\/\"]}]},{\"@type\":\"ImageObject\",\"inLanguage\":\"it-IT\",\"@id\":\"https:\/\/www.certifiedcosmetics.com\/it\/product\/verifica-delle-dichiarazioni-e-test-degli-ingredienti\/rilevamento-della-formaldeide-verifica-della-purezza\/#primaryimage\",\"url\":\"https:\/\/www.certifiedcosmetics.com\/wp-content\/uploads\/2025\/07\/Formaldehyde-Detection-Formaldehyde-Free-Claim-Verification.jpg\",\"contentUrl\":\"https:\/\/www.certifiedcosmetics.com\/wp-content\/uploads\/2025\/07\/Formaldehyde-Detection-Formaldehyde-Free-Claim-Verification.jpg\",\"width\":800,\"height\":800},{\"@type\":\"BreadcrumbList\",\"@id\":\"https:\/\/www.certifiedcosmetics.com\/it\/product\/verifica-delle-dichiarazioni-e-test-degli-ingredienti\/rilevamento-della-formaldeide-verifica-della-purezza\/#breadcrumb\",\"itemListElement\":[{\"@type\":\"ListItem\",\"position\":1,\"name\":\"Home\",\"item\":\"https:\/\/www.certifiedcosmetics.com\/it\/\"},{\"@type\":\"ListItem\",\"position\":2,\"name\":\"Negozio\",\"item\":\"https:\/\/www.certifiedcosmetics.com\/it\/negozio\/\"},{\"@type\":\"ListItem\",\"position\":3,\"name\":\"Rilevamento della formaldeide &#8211; Verifica della purezza\"}]},{\"@type\":\"WebSite\",\"@id\":\"https:\/\/www.certifiedcosmetics.com\/it\/#website\",\"url\":\"https:\/\/www.certifiedcosmetics.com\/it\/\",\"name\":\"Certified Cosmetics\",\"description\":\"Cosmetic Safety Assessment\",\"publisher\":{\"@id\":\"https:\/\/www.certifiedcosmetics.com\/it\/#organization\"},\"potentialAction\":[{\"@type\":\"SearchAction\",\"target\":{\"@type\":\"EntryPoint\",\"urlTemplate\":\"https:\/\/www.certifiedcosmetics.com\/it\/?s={search_term_string}\"},\"query-input\":{\"@type\":\"PropertyValueSpecification\",\"valueRequired\":true,\"valueName\":\"search_term_string\"}}],\"inLanguage\":\"it-IT\"},{\"@type\":\"Organization\",\"@id\":\"https:\/\/www.certifiedcosmetics.com\/it\/#organization\",\"name\":\"Certified Cosmetics\",\"url\":\"https:\/\/www.certifiedcosmetics.com\/it\/\",\"logo\":{\"@type\":\"ImageObject\",\"inLanguage\":\"it-IT\",\"@id\":\"https:\/\/www.certifiedcosmetics.com\/it\/#\/schema\/logo\/image\/\",\"url\":\"https:\/\/www.certifiedcosmetics.com\/wp-content\/uploads\/2024\/12\/logo_certified_cosmetics696.jpg\",\"contentUrl\":\"https:\/\/www.certifiedcosmetics.com\/wp-content\/uploads\/2024\/12\/logo_certified_cosmetics696.jpg\",\"width\":696,\"height\":696,\"caption\":\"Certified Cosmetics\"},\"image\":{\"@id\":\"https:\/\/www.certifiedcosmetics.com\/it\/#\/schema\/logo\/image\/\"},\"description\":\"Your trusted partner for cosmetic product safety reporting. We take care of updating all of your documentation, ensuring your compliance stays current even as regulations evolve. The Cosmetic Product Safety Assessment will give you everything you need to sell specific products to EU consumers.\",\"email\":\"contact@certifiedcosmetics.com\",\"telephone\":\"+31 36 2036384\",\"legalName\":\"Certified Cosmetics\",\"foundingDate\":\"2010-01-01\",\"vatID\":\"NL854189543B01\",\"numberOfEmployees\":{\"@type\":\"QuantitativeValue\",\"minValue\":\"11\",\"maxValue\":\"50\"}}]}<\/script>\n<meta property=\"product:price:amount\" content=\"175.41\" \/>\n<meta property=\"product:price:currency\" content=\"USD\" \/>\n<meta property=\"og:availability\" content=\"instock\" \/>\n<meta property=\"product:availability\" content=\"instock\" \/>\n<meta property=\"product:retailer_item_id\" content=\"CC100064\" \/>\n<meta property=\"product:condition\" content=\"new\" \/>\n<!-- \/ Yoast SEO Premium plugin. -->","yoast_head_json":{"title":"Rilevamento della formaldeide - Verifica della richiesta di risarcimento senza formaldeide","description":"Assicurati che il tuo prodotto sia privo di formaldeide con test di laboratorio affidabili per la sicurezza dei consumatori e delle normative.","robots":{"index":"index","follow":"follow","max-snippet":"max-snippet:-1","max-image-preview":"max-image-preview:large","max-video-preview":"max-video-preview:-1"},"canonical":"https:\/\/www.certifiedcosmetics.com\/it\/product\/verifica-delle-dichiarazioni-e-test-degli-ingredienti\/rilevamento-della-formaldeide-verifica-della-purezza\/","og_locale":"it_IT","og_type":"article","og_title":"Rilevamento della formaldeide - Verifica della purezza","og_description":"Assicurati che il tuo prodotto sia privo di formaldeide con test di laboratorio affidabili per la sicurezza dei consumatori e delle normative.","og_url":"https:\/\/www.certifiedcosmetics.com\/it\/product\/verifica-delle-dichiarazioni-e-test-degli-ingredienti\/rilevamento-della-formaldeide-verifica-della-purezza\/","og_site_name":"Certified Cosmetics","og_image":[{"width":800,"height":800,"url":"https:\/\/www.certifiedcosmetics.com\/wp-content\/uploads\/2025\/07\/Formaldehyde-Detection-Formaldehyde-Free-Claim-Verification.jpg","type":"image\/jpeg"}],"twitter_card":"summary_large_image","twitter_misc":{"Prezzo":"&#36;175.41","Disponibilit\u00e0":"In stock"},"schema":{"@context":"https:\/\/schema.org","@graph":[{"@type":"WebPage","@id":"https:\/\/www.certifiedcosmetics.com\/it\/product\/verifica-delle-dichiarazioni-e-test-degli-ingredienti\/rilevamento-della-formaldeide-verifica-della-purezza\/","url":"https:\/\/www.certifiedcosmetics.com\/it\/product\/verifica-delle-dichiarazioni-e-test-degli-ingredienti\/rilevamento-della-formaldeide-verifica-della-purezza\/","name":"Rilevamento della formaldeide - Verifica della richiesta di risarcimento senza formaldeide","isPartOf":{"@id":"https:\/\/www.certifiedcosmetics.com\/it\/#website"},"primaryImageOfPage":{"@id":"https:\/\/www.certifiedcosmetics.com\/it\/product\/verifica-delle-dichiarazioni-e-test-degli-ingredienti\/rilevamento-della-formaldeide-verifica-della-purezza\/#primaryimage"},"image":{"@id":"https:\/\/www.certifiedcosmetics.com\/it\/product\/verifica-delle-dichiarazioni-e-test-degli-ingredienti\/rilevamento-della-formaldeide-verifica-della-purezza\/#primaryimage"},"thumbnailUrl":"https:\/\/www.certifiedcosmetics.com\/wp-content\/uploads\/2025\/07\/Formaldehyde-Detection-Formaldehyde-Free-Claim-Verification.jpg","datePublished":"2025-07-04T15:07:57+00:00","description":"Assicurati che il tuo prodotto sia privo di formaldeide con test di laboratorio affidabili per la sicurezza dei consumatori e delle normative.","breadcrumb":{"@id":"https:\/\/www.certifiedcosmetics.com\/it\/product\/verifica-delle-dichiarazioni-e-test-degli-ingredienti\/rilevamento-della-formaldeide-verifica-della-purezza\/#breadcrumb"},"inLanguage":"it-IT","potentialAction":[{"@type":"ReadAction","target":["https:\/\/www.certifiedcosmetics.com\/it\/product\/verifica-delle-dichiarazioni-e-test-degli-ingredienti\/rilevamento-della-formaldeide-verifica-della-purezza\/"]}]},{"@type":"ImageObject","inLanguage":"it-IT","@id":"https:\/\/www.certifiedcosmetics.com\/it\/product\/verifica-delle-dichiarazioni-e-test-degli-ingredienti\/rilevamento-della-formaldeide-verifica-della-purezza\/#primaryimage","url":"https:\/\/www.certifiedcosmetics.com\/wp-content\/uploads\/2025\/07\/Formaldehyde-Detection-Formaldehyde-Free-Claim-Verification.jpg","contentUrl":"https:\/\/www.certifiedcosmetics.com\/wp-content\/uploads\/2025\/07\/Formaldehyde-Detection-Formaldehyde-Free-Claim-Verification.jpg","width":800,"height":800},{"@type":"BreadcrumbList","@id":"https:\/\/www.certifiedcosmetics.com\/it\/product\/verifica-delle-dichiarazioni-e-test-degli-ingredienti\/rilevamento-della-formaldeide-verifica-della-purezza\/#breadcrumb","itemListElement":[{"@type":"ListItem","position":1,"name":"Home","item":"https:\/\/www.certifiedcosmetics.com\/it\/"},{"@type":"ListItem","position":2,"name":"Negozio","item":"https:\/\/www.certifiedcosmetics.com\/it\/negozio\/"},{"@type":"ListItem","position":3,"name":"Rilevamento della formaldeide &#8211; Verifica della purezza"}]},{"@type":"WebSite","@id":"https:\/\/www.certifiedcosmetics.com\/it\/#website","url":"https:\/\/www.certifiedcosmetics.com\/it\/","name":"Certified Cosmetics","description":"Cosmetic Safety Assessment","publisher":{"@id":"https:\/\/www.certifiedcosmetics.com\/it\/#organization"},"potentialAction":[{"@type":"SearchAction","target":{"@type":"EntryPoint","urlTemplate":"https:\/\/www.certifiedcosmetics.com\/it\/?s={search_term_string}"},"query-input":{"@type":"PropertyValueSpecification","valueRequired":true,"valueName":"search_term_string"}}],"inLanguage":"it-IT"},{"@type":"Organization","@id":"https:\/\/www.certifiedcosmetics.com\/it\/#organization","name":"Certified Cosmetics","url":"https:\/\/www.certifiedcosmetics.com\/it\/","logo":{"@type":"ImageObject","inLanguage":"it-IT","@id":"https:\/\/www.certifiedcosmetics.com\/it\/#\/schema\/logo\/image\/","url":"https:\/\/www.certifiedcosmetics.com\/wp-content\/uploads\/2024\/12\/logo_certified_cosmetics696.jpg","contentUrl":"https:\/\/www.certifiedcosmetics.com\/wp-content\/uploads\/2024\/12\/logo_certified_cosmetics696.jpg","width":696,"height":696,"caption":"Certified Cosmetics"},"image":{"@id":"https:\/\/www.certifiedcosmetics.com\/it\/#\/schema\/logo\/image\/"},"description":"Your trusted partner for cosmetic product safety reporting. We take care of updating all of your documentation, ensuring your compliance stays current even as regulations evolve. The Cosmetic Product Safety Assessment will give you everything you need to sell specific products to EU consumers.","email":"contact@certifiedcosmetics.com","telephone":"+31 36 2036384","legalName":"Certified Cosmetics","foundingDate":"2010-01-01","vatID":"NL854189543B01","numberOfEmployees":{"@type":"QuantitativeValue","minValue":"11","maxValue":"50"}}]},"product_price_amount":"175.41","product_price_currency":"USD","og_availability":"instock","product_availability":"instock","product_retailer_item_id":"CC100064","product_condition":"new"},"_links":{"self":[{"href":"https:\/\/www.certifiedcosmetics.com\/it\/wp-json\/wp\/v2\/product\/12266","targetHints":{"allow":["GET"]}}],"collection":[{"href":"https:\/\/www.certifiedcosmetics.com\/it\/wp-json\/wp\/v2\/product"}],"about":[{"href":"https:\/\/www.certifiedcosmetics.com\/it\/wp-json\/wp\/v2\/types\/product"}],"wp:featuredmedia":[{"embeddable":true,"href":"https:\/\/www.certifiedcosmetics.com\/it\/wp-json\/wp\/v2\/media\/12137"}],"wp:attachment":[{"href":"https:\/\/www.certifiedcosmetics.com\/it\/wp-json\/wp\/v2\/media?parent=12266"}],"wp:term":[{"taxonomy":"product_brand","embeddable":true,"href":"https:\/\/www.certifiedcosmetics.com\/it\/wp-json\/wp\/v2\/product_brand?post=12266"},{"taxonomy":"product_cat","embeddable":true,"href":"https:\/\/www.certifiedcosmetics.com\/it\/wp-json\/wp\/v2\/product_cat?post=12266"},{"taxonomy":"product_tag","embeddable":true,"href":"https:\/\/www.certifiedcosmetics.com\/it\/wp-json\/wp\/v2\/product_tag?post=12266"}],"curies":[{"name":"wp","href":"https:\/\/api.w.org\/{rel}","templated":true}]}}