{"id":12254,"date":"2025-07-04T16:07:51","date_gmt":"2025-07-04T15:07:51","guid":{"rendered":"https:\/\/www.certifiedcosmetics.com\/product\/senza-categoria\/rilevamento-del-fenossietanolo-verifica-della-richiesta-di-risarcimento-senza-fenossietanolo\/"},"modified":"2025-07-04T16:07:51","modified_gmt":"2025-07-04T15:07:51","slug":"rilevamento-del-fenossietanolo-verifica-della-richiesta-di-risarcimento-senza-fenossietanolo","status":"publish","type":"product","link":"https:\/\/www.certifiedcosmetics.com\/it\/product\/verifica-delle-dichiarazioni-e-test-degli-ingredienti\/rilevamento-del-fenossietanolo-verifica-della-richiesta-di-risarcimento-senza-fenossietanolo\/","title":{"rendered":"Rilevamento del fenossietanolo &#8211; Verifica della richiesta di risarcimento senza fenossietanolo"},"content":{"rendered":"<h2>Che cos&#8217;\u00e8 il fenossietanolo?<\/h2>\n<p>Il fenossietanolo \u00e8 un conservante molto utilizzato nei cosmetici e nei prodotti per la cura della persona. Per i marchi che si impegnano a soddisfare le preferenze specifiche dei consumatori, individuare la sua presenza \u00e8 fondamentale. Ci\u00f2 \u00e8 particolarmente importante per i prodotti commercializzati per i bambini o per le persone con la pelle sensibile, poich\u00e9 il fenossietanolo pu\u00f2 causare reazioni allergiche in alcuni individui.  <\/p>\n<h2>Perch\u00e9 il rilevamento del fenossietanolo \u00e8 importante?<\/h2>\n<p>Se il tuo marchio vuole offrire alternative &#8220;senza fenossietanolo&#8221;, un test rigoroso \u00e8 l&#8217;unico modo per garantire che i tuoi prodotti soddisfino questo standard fondamentale. Il nostro servizio ti aiuta a: <\/p>\n<ul>\n<li><strong>Verifica le affermazioni &#8220;senza fenossietanolo&#8221;:<\/strong> Ottieni una conferma scientifica indipendente che i tuoi prodotti non contengono livelli rilevabili di fenossietanolo.<\/li>\n<li><strong>Costruisci la fiducia dei consumatori:<\/strong> Fornisci prove tangibili delle tue affermazioni di marketing, aumentando la credibilit\u00e0 e la trasparenza del tuo marchio.<\/li>\n<li><strong>Assicura l&#8217;allineamento al mercato:<\/strong> Soddisfa le richieste specifiche del mercato e salvaguarda il posizionamento del tuo prodotto per i consumatori che cercano opzioni senza fenossietanolo.<\/li>\n<\/ul>\n<h2>Rilevamento del fenossietanolo<\/h2>\n<p>Il nostro laboratorio utilizza tecniche analitiche avanzate per rilevare e quantificare con precisione il fenossietanolo in un&#8217;ampia gamma di matrici di prodotti. Questa determinazione accurata \u00e8 fondamentale per la sicurezza dei consumatori e per una comunicazione chiara dei prodotti. <\/p>\n<p>Non esitare a contattarci per assicurarti che i tuoi prodotti soddisfino le richieste del mercato e superino le aspettative di qualit\u00e0.<\/p>\n","protected":false},"excerpt":{"rendered":"<p>Che cos&#8217;\u00e8 il fenossietanolo? Il fenossietanolo \u00e8 un conservante molto utilizzato nei cosmetici e nei prodotti per la cura della persona. Per i marchi che si impegnano a soddisfare le preferenze specifiche dei consumatori, individuare la sua presenza \u00e8 fondamentale. Ci\u00f2 \u00e8 particolarmente importante per i prodotti commercializzati per i bambini o per le persone&#8230;<\/p>\n","protected":false},"featured_media":12185,"template":"","meta":[],"product_brand":[],"product_cat":[438],"product_tag":[],"class_list":{"0":"post-12254","1":"product","2":"type-product","3":"status-publish","4":"has-post-thumbnail","6":"product_cat-verifica-delle-dichiarazioni-e-test-degli-ingredienti","8":"first","9":"instock","10":"virtual","11":"taxable","12":"purchasable","13":"product-type-simple"},"bundled_by":[],"bundle_stock_status":"instock","bundle_stock_quantity":null,"bundle_virtual":false,"bundle_layout":"","bundle_add_to_cart_form_location":"","bundle_editable_in_cart":false,"bundle_sold_individually_context":"","bundle_item_grouping":"","bundle_min_size":"","bundle_max_size":"","bundle_price":[],"bundled_items":[],"bundle_sell_ids":[],"yoast_head":"<!-- This site is optimized with the Yoast SEO Premium plugin v25.4 (Yoast SEO v25.4) - https:\/\/yoast.com\/wordpress\/plugins\/seo\/ -->\n<title>Rilevamento del fenossietanolo - Verifica della richiesta di risarcimento senza fenossietanolo<\/title>\n<meta name=\"description\" content=\"Verifica l&#039;esclusione di questo conservante nella tua formulazione attraverso test di laboratorio certificati.\" \/>\n<meta name=\"robots\" content=\"index, follow, max-snippet:-1, max-image-preview:large, max-video-preview:-1\" \/>\n<link rel=\"canonical\" href=\"https:\/\/www.certifiedcosmetics.com\/it\/product\/verifica-delle-dichiarazioni-e-test-degli-ingredienti\/rilevamento-del-fenossietanolo-verifica-della-richiesta-di-risarcimento-senza-fenossietanolo\/\" \/>\n<meta property=\"og:locale\" content=\"it_IT\" \/>\n<meta property=\"og:type\" content=\"article\" \/>\n<meta property=\"og:title\" content=\"Rilevamento del fenossietanolo - Verifica della richiesta di risarcimento senza fenossietanolo\" \/>\n<meta property=\"og:description\" content=\"Verifica l&#039;esclusione di questo conservante nella tua formulazione attraverso test di laboratorio certificati.\" \/>\n<meta property=\"og:url\" content=\"https:\/\/www.certifiedcosmetics.com\/it\/product\/verifica-delle-dichiarazioni-e-test-degli-ingredienti\/rilevamento-del-fenossietanolo-verifica-della-richiesta-di-risarcimento-senza-fenossietanolo\/\" \/>\n<meta property=\"og:site_name\" content=\"Certified Cosmetics\" \/>\n<meta property=\"og:image\" content=\"https:\/\/www.certifiedcosmetics.com\/wp-content\/uploads\/2025\/07\/Phenoxyethanol-Detection.jpg\" \/>\n\t<meta property=\"og:image:width\" content=\"800\" \/>\n\t<meta property=\"og:image:height\" content=\"800\" \/>\n\t<meta property=\"og:image:type\" content=\"image\/jpeg\" \/>\n<meta name=\"twitter:card\" content=\"summary_large_image\" \/>\n<meta name=\"twitter:label1\" content=\"Prezzo\" \/>\n\t<meta name=\"twitter:data1\" content=\"&#036;233.88\" \/>\n\t<meta name=\"twitter:label2\" content=\"Disponibilit\u00e0\" \/>\n\t<meta name=\"twitter:data2\" content=\"In stock\" \/>\n<script type=\"application\/ld+json\" class=\"yoast-schema-graph\">{\"@context\":\"https:\/\/schema.org\",\"@graph\":[{\"@type\":\"WebPage\",\"@id\":\"https:\/\/www.certifiedcosmetics.com\/it\/product\/verifica-delle-dichiarazioni-e-test-degli-ingredienti\/rilevamento-del-fenossietanolo-verifica-della-richiesta-di-risarcimento-senza-fenossietanolo\/\",\"url\":\"https:\/\/www.certifiedcosmetics.com\/it\/product\/verifica-delle-dichiarazioni-e-test-degli-ingredienti\/rilevamento-del-fenossietanolo-verifica-della-richiesta-di-risarcimento-senza-fenossietanolo\/\",\"name\":\"Rilevamento del fenossietanolo - Verifica della richiesta di risarcimento senza fenossietanolo\",\"isPartOf\":{\"@id\":\"https:\/\/www.certifiedcosmetics.com\/it\/#website\"},\"primaryImageOfPage\":{\"@id\":\"https:\/\/www.certifiedcosmetics.com\/it\/product\/verifica-delle-dichiarazioni-e-test-degli-ingredienti\/rilevamento-del-fenossietanolo-verifica-della-richiesta-di-risarcimento-senza-fenossietanolo\/#primaryimage\"},\"image\":{\"@id\":\"https:\/\/www.certifiedcosmetics.com\/it\/product\/verifica-delle-dichiarazioni-e-test-degli-ingredienti\/rilevamento-del-fenossietanolo-verifica-della-richiesta-di-risarcimento-senza-fenossietanolo\/#primaryimage\"},\"thumbnailUrl\":\"https:\/\/www.certifiedcosmetics.com\/wp-content\/uploads\/2025\/07\/Phenoxyethanol-Detection.jpg\",\"datePublished\":\"2025-07-04T15:07:51+00:00\",\"description\":\"Verifica l'esclusione di questo conservante nella tua formulazione attraverso test di laboratorio certificati.\",\"breadcrumb\":{\"@id\":\"https:\/\/www.certifiedcosmetics.com\/it\/product\/verifica-delle-dichiarazioni-e-test-degli-ingredienti\/rilevamento-del-fenossietanolo-verifica-della-richiesta-di-risarcimento-senza-fenossietanolo\/#breadcrumb\"},\"inLanguage\":\"it-IT\",\"potentialAction\":[{\"@type\":\"ReadAction\",\"target\":[\"https:\/\/www.certifiedcosmetics.com\/it\/product\/verifica-delle-dichiarazioni-e-test-degli-ingredienti\/rilevamento-del-fenossietanolo-verifica-della-richiesta-di-risarcimento-senza-fenossietanolo\/\"]}]},{\"@type\":\"ImageObject\",\"inLanguage\":\"it-IT\",\"@id\":\"https:\/\/www.certifiedcosmetics.com\/it\/product\/verifica-delle-dichiarazioni-e-test-degli-ingredienti\/rilevamento-del-fenossietanolo-verifica-della-richiesta-di-risarcimento-senza-fenossietanolo\/#primaryimage\",\"url\":\"https:\/\/www.certifiedcosmetics.com\/wp-content\/uploads\/2025\/07\/Phenoxyethanol-Detection.jpg\",\"contentUrl\":\"https:\/\/www.certifiedcosmetics.com\/wp-content\/uploads\/2025\/07\/Phenoxyethanol-Detection.jpg\",\"width\":800,\"height\":800},{\"@type\":\"BreadcrumbList\",\"@id\":\"https:\/\/www.certifiedcosmetics.com\/it\/product\/verifica-delle-dichiarazioni-e-test-degli-ingredienti\/rilevamento-del-fenossietanolo-verifica-della-richiesta-di-risarcimento-senza-fenossietanolo\/#breadcrumb\",\"itemListElement\":[{\"@type\":\"ListItem\",\"position\":1,\"name\":\"Home\",\"item\":\"https:\/\/www.certifiedcosmetics.com\/it\/\"},{\"@type\":\"ListItem\",\"position\":2,\"name\":\"Negozio\",\"item\":\"https:\/\/www.certifiedcosmetics.com\/it\/negozio\/\"},{\"@type\":\"ListItem\",\"position\":3,\"name\":\"Rilevamento del fenossietanolo &#8211; Verifica della richiesta di risarcimento senza fenossietanolo\"}]},{\"@type\":\"WebSite\",\"@id\":\"https:\/\/www.certifiedcosmetics.com\/it\/#website\",\"url\":\"https:\/\/www.certifiedcosmetics.com\/it\/\",\"name\":\"Certified Cosmetics\",\"description\":\"Cosmetic Safety Assessment\",\"publisher\":{\"@id\":\"https:\/\/www.certifiedcosmetics.com\/it\/#organization\"},\"potentialAction\":[{\"@type\":\"SearchAction\",\"target\":{\"@type\":\"EntryPoint\",\"urlTemplate\":\"https:\/\/www.certifiedcosmetics.com\/it\/?s={search_term_string}\"},\"query-input\":{\"@type\":\"PropertyValueSpecification\",\"valueRequired\":true,\"valueName\":\"search_term_string\"}}],\"inLanguage\":\"it-IT\"},{\"@type\":\"Organization\",\"@id\":\"https:\/\/www.certifiedcosmetics.com\/it\/#organization\",\"name\":\"Certified Cosmetics\",\"url\":\"https:\/\/www.certifiedcosmetics.com\/it\/\",\"logo\":{\"@type\":\"ImageObject\",\"inLanguage\":\"it-IT\",\"@id\":\"https:\/\/www.certifiedcosmetics.com\/it\/#\/schema\/logo\/image\/\",\"url\":\"https:\/\/www.certifiedcosmetics.com\/wp-content\/uploads\/2024\/12\/logo_certified_cosmetics696.jpg\",\"contentUrl\":\"https:\/\/www.certifiedcosmetics.com\/wp-content\/uploads\/2024\/12\/logo_certified_cosmetics696.jpg\",\"width\":696,\"height\":696,\"caption\":\"Certified Cosmetics\"},\"image\":{\"@id\":\"https:\/\/www.certifiedcosmetics.com\/it\/#\/schema\/logo\/image\/\"},\"description\":\"Your trusted partner for cosmetic product safety reporting. We take care of updating all of your documentation, ensuring your compliance stays current even as regulations evolve. The Cosmetic Product Safety Assessment will give you everything you need to sell specific products to EU consumers.\",\"email\":\"contact@certifiedcosmetics.com\",\"telephone\":\"+31 36 2036384\",\"legalName\":\"Certified Cosmetics\",\"foundingDate\":\"2010-01-01\",\"vatID\":\"NL854189543B01\",\"numberOfEmployees\":{\"@type\":\"QuantitativeValue\",\"minValue\":\"11\",\"maxValue\":\"50\"}}]}<\/script>\n<meta property=\"product:price:amount\" content=\"233.88\" \/>\n<meta property=\"product:price:currency\" content=\"USD\" \/>\n<meta property=\"og:availability\" content=\"instock\" \/>\n<meta property=\"product:availability\" content=\"instock\" \/>\n<meta property=\"product:retailer_item_id\" content=\"CC100113\" \/>\n<meta property=\"product:condition\" content=\"new\" \/>\n<!-- \/ Yoast SEO Premium plugin. -->","yoast_head_json":{"title":"Rilevamento del fenossietanolo - Verifica della richiesta di risarcimento senza fenossietanolo","description":"Verifica l'esclusione di questo conservante nella tua formulazione attraverso test di laboratorio certificati.","robots":{"index":"index","follow":"follow","max-snippet":"max-snippet:-1","max-image-preview":"max-image-preview:large","max-video-preview":"max-video-preview:-1"},"canonical":"https:\/\/www.certifiedcosmetics.com\/it\/product\/verifica-delle-dichiarazioni-e-test-degli-ingredienti\/rilevamento-del-fenossietanolo-verifica-della-richiesta-di-risarcimento-senza-fenossietanolo\/","og_locale":"it_IT","og_type":"article","og_title":"Rilevamento del fenossietanolo - Verifica della richiesta di risarcimento senza fenossietanolo","og_description":"Verifica l'esclusione di questo conservante nella tua formulazione attraverso test di laboratorio certificati.","og_url":"https:\/\/www.certifiedcosmetics.com\/it\/product\/verifica-delle-dichiarazioni-e-test-degli-ingredienti\/rilevamento-del-fenossietanolo-verifica-della-richiesta-di-risarcimento-senza-fenossietanolo\/","og_site_name":"Certified Cosmetics","og_image":[{"width":800,"height":800,"url":"https:\/\/www.certifiedcosmetics.com\/wp-content\/uploads\/2025\/07\/Phenoxyethanol-Detection.jpg","type":"image\/jpeg"}],"twitter_card":"summary_large_image","twitter_misc":{"Prezzo":"&#36;233.88","Disponibilit\u00e0":"In stock"},"schema":{"@context":"https:\/\/schema.org","@graph":[{"@type":"WebPage","@id":"https:\/\/www.certifiedcosmetics.com\/it\/product\/verifica-delle-dichiarazioni-e-test-degli-ingredienti\/rilevamento-del-fenossietanolo-verifica-della-richiesta-di-risarcimento-senza-fenossietanolo\/","url":"https:\/\/www.certifiedcosmetics.com\/it\/product\/verifica-delle-dichiarazioni-e-test-degli-ingredienti\/rilevamento-del-fenossietanolo-verifica-della-richiesta-di-risarcimento-senza-fenossietanolo\/","name":"Rilevamento del fenossietanolo - Verifica della richiesta di risarcimento senza fenossietanolo","isPartOf":{"@id":"https:\/\/www.certifiedcosmetics.com\/it\/#website"},"primaryImageOfPage":{"@id":"https:\/\/www.certifiedcosmetics.com\/it\/product\/verifica-delle-dichiarazioni-e-test-degli-ingredienti\/rilevamento-del-fenossietanolo-verifica-della-richiesta-di-risarcimento-senza-fenossietanolo\/#primaryimage"},"image":{"@id":"https:\/\/www.certifiedcosmetics.com\/it\/product\/verifica-delle-dichiarazioni-e-test-degli-ingredienti\/rilevamento-del-fenossietanolo-verifica-della-richiesta-di-risarcimento-senza-fenossietanolo\/#primaryimage"},"thumbnailUrl":"https:\/\/www.certifiedcosmetics.com\/wp-content\/uploads\/2025\/07\/Phenoxyethanol-Detection.jpg","datePublished":"2025-07-04T15:07:51+00:00","description":"Verifica l'esclusione di questo conservante nella tua formulazione attraverso test di laboratorio certificati.","breadcrumb":{"@id":"https:\/\/www.certifiedcosmetics.com\/it\/product\/verifica-delle-dichiarazioni-e-test-degli-ingredienti\/rilevamento-del-fenossietanolo-verifica-della-richiesta-di-risarcimento-senza-fenossietanolo\/#breadcrumb"},"inLanguage":"it-IT","potentialAction":[{"@type":"ReadAction","target":["https:\/\/www.certifiedcosmetics.com\/it\/product\/verifica-delle-dichiarazioni-e-test-degli-ingredienti\/rilevamento-del-fenossietanolo-verifica-della-richiesta-di-risarcimento-senza-fenossietanolo\/"]}]},{"@type":"ImageObject","inLanguage":"it-IT","@id":"https:\/\/www.certifiedcosmetics.com\/it\/product\/verifica-delle-dichiarazioni-e-test-degli-ingredienti\/rilevamento-del-fenossietanolo-verifica-della-richiesta-di-risarcimento-senza-fenossietanolo\/#primaryimage","url":"https:\/\/www.certifiedcosmetics.com\/wp-content\/uploads\/2025\/07\/Phenoxyethanol-Detection.jpg","contentUrl":"https:\/\/www.certifiedcosmetics.com\/wp-content\/uploads\/2025\/07\/Phenoxyethanol-Detection.jpg","width":800,"height":800},{"@type":"BreadcrumbList","@id":"https:\/\/www.certifiedcosmetics.com\/it\/product\/verifica-delle-dichiarazioni-e-test-degli-ingredienti\/rilevamento-del-fenossietanolo-verifica-della-richiesta-di-risarcimento-senza-fenossietanolo\/#breadcrumb","itemListElement":[{"@type":"ListItem","position":1,"name":"Home","item":"https:\/\/www.certifiedcosmetics.com\/it\/"},{"@type":"ListItem","position":2,"name":"Negozio","item":"https:\/\/www.certifiedcosmetics.com\/it\/negozio\/"},{"@type":"ListItem","position":3,"name":"Rilevamento del fenossietanolo &#8211; Verifica della richiesta di risarcimento senza fenossietanolo"}]},{"@type":"WebSite","@id":"https:\/\/www.certifiedcosmetics.com\/it\/#website","url":"https:\/\/www.certifiedcosmetics.com\/it\/","name":"Certified Cosmetics","description":"Cosmetic Safety Assessment","publisher":{"@id":"https:\/\/www.certifiedcosmetics.com\/it\/#organization"},"potentialAction":[{"@type":"SearchAction","target":{"@type":"EntryPoint","urlTemplate":"https:\/\/www.certifiedcosmetics.com\/it\/?s={search_term_string}"},"query-input":{"@type":"PropertyValueSpecification","valueRequired":true,"valueName":"search_term_string"}}],"inLanguage":"it-IT"},{"@type":"Organization","@id":"https:\/\/www.certifiedcosmetics.com\/it\/#organization","name":"Certified Cosmetics","url":"https:\/\/www.certifiedcosmetics.com\/it\/","logo":{"@type":"ImageObject","inLanguage":"it-IT","@id":"https:\/\/www.certifiedcosmetics.com\/it\/#\/schema\/logo\/image\/","url":"https:\/\/www.certifiedcosmetics.com\/wp-content\/uploads\/2024\/12\/logo_certified_cosmetics696.jpg","contentUrl":"https:\/\/www.certifiedcosmetics.com\/wp-content\/uploads\/2024\/12\/logo_certified_cosmetics696.jpg","width":696,"height":696,"caption":"Certified Cosmetics"},"image":{"@id":"https:\/\/www.certifiedcosmetics.com\/it\/#\/schema\/logo\/image\/"},"description":"Your trusted partner for cosmetic product safety reporting. We take care of updating all of your documentation, ensuring your compliance stays current even as regulations evolve. The Cosmetic Product Safety Assessment will give you everything you need to sell specific products to EU consumers.","email":"contact@certifiedcosmetics.com","telephone":"+31 36 2036384","legalName":"Certified Cosmetics","foundingDate":"2010-01-01","vatID":"NL854189543B01","numberOfEmployees":{"@type":"QuantitativeValue","minValue":"11","maxValue":"50"}}]},"product_price_amount":"233.88","product_price_currency":"USD","og_availability":"instock","product_availability":"instock","product_retailer_item_id":"CC100113","product_condition":"new"},"_links":{"self":[{"href":"https:\/\/www.certifiedcosmetics.com\/it\/wp-json\/wp\/v2\/product\/12254","targetHints":{"allow":["GET"]}}],"collection":[{"href":"https:\/\/www.certifiedcosmetics.com\/it\/wp-json\/wp\/v2\/product"}],"about":[{"href":"https:\/\/www.certifiedcosmetics.com\/it\/wp-json\/wp\/v2\/types\/product"}],"wp:featuredmedia":[{"embeddable":true,"href":"https:\/\/www.certifiedcosmetics.com\/it\/wp-json\/wp\/v2\/media\/12185"}],"wp:attachment":[{"href":"https:\/\/www.certifiedcosmetics.com\/it\/wp-json\/wp\/v2\/media?parent=12254"}],"wp:term":[{"taxonomy":"product_brand","embeddable":true,"href":"https:\/\/www.certifiedcosmetics.com\/it\/wp-json\/wp\/v2\/product_brand?post=12254"},{"taxonomy":"product_cat","embeddable":true,"href":"https:\/\/www.certifiedcosmetics.com\/it\/wp-json\/wp\/v2\/product_cat?post=12254"},{"taxonomy":"product_tag","embeddable":true,"href":"https:\/\/www.certifiedcosmetics.com\/it\/wp-json\/wp\/v2\/product_tag?post=12254"}],"curies":[{"name":"wp","href":"https:\/\/api.w.org\/{rel}","templated":true}]}}