{"id":11308,"date":"2025-02-14T09:24:22","date_gmt":"2025-02-14T08:24:22","guid":{"rendered":"https:\/\/www.certifiedcosmetics.com\/product\/senza-categoria\/test-sulle-specifiche-del-prodotto\/"},"modified":"2025-05-20T11:32:26","modified_gmt":"2025-05-20T10:32:26","slug":"test-sulle-specifiche-del-prodotto","status":"publish","type":"product","link":"https:\/\/www.certifiedcosmetics.com\/it\/product\/laboratorio\/test-sulle-specifiche-del-prodotto\/","title":{"rendered":"Test sulle specifiche del prodotto"},"content":{"rendered":"<p>I parametri fisico-chimici di un prodotto, come il <strong>pH, la viscosit\u00e0, la densit\u00e0 e il colore<\/strong>, svolgono un ruolo importante nella valutazione della sicurezza di un prodotto.<\/p>\n<p>Per ottenere un rapporto dettagliato sulle specifiche del prodotto per effettuare una valutazione della sicurezza, sono necessari diversi test fisico-chimici di laboratorio. Questi test forniscono informazioni sulle propriet\u00e0 del prodotto e servono a valutarne la stabilit\u00e0, la sicurezza e l&#8217;idoneit\u00e0. <\/p>\n<p>Le analisi effettuate per la relazione sulle specifiche del prodotto, comprese le dimensioni del campione richiesto, sono:<\/p>\n<h3 class=\"wp-block-heading\"><strong>1. Misurazione del pH<\/strong><\/h3>\n<p><strong>Scopo del test:<\/strong><br \/>\nIl valore del pH di un prodotto indica se una formulazione \u00e8 acida, neutra o basica. Si tratta di un parametro essenziale, soprattutto per i prodotti cosmetici e farmaceutici, poich\u00e9 influisce sulla compatibilit\u00e0 e sulla stabilit\u00e0 della pelle. Un pH troppo alto o troppo basso pu\u00f2 causare irritazioni cutanee o compromettere l&#8217;efficacia dei principi attivi.  <\/p>\n<p><strong>Metodo di prova:<\/strong><br \/>\nIl pH viene misurato con un pH-metro calibrato, sciogliendo il campione in una soluzione adeguata o diluendolo se necessario. Il test viene eseguito secondo metodi standardizzati, come la ISO 4316 (per le soluzioni acquose) o la ISO 787-9 (per le sospensioni e le emulsioni). <\/p>\n<p><strong>Perch\u00e9 \u00e8 importante?<\/strong><\/p>\n<ul class=\"wp-block-list\">\n<li>Il pH determina l&#8217;acidit\u00e0 o l&#8217;alcalinit\u00e0 del prodotto e influisce sulla compatibilit\u00e0 cutanea.<\/li>\n<li>Un pH sbagliato pu\u00f2 causare irritazioni cutanee, reazioni allergiche o l&#8217;interruzione della barriera cutanea.<\/li>\n<li>I prodotti per il viso e per le aree sensibili dovrebbero rientrare in un intervallo di pH adatto alla pelle (di solito tra 4,5 e 7,0).<\/li>\n<li>Valori di pH estremi (ad esempio, inferiori a 3,5 o superiori a 8,5) possono richiedere ulteriori valutazioni tossicologiche.<\/li>\n<\/ul>\n<p><strong>Rilevanza per il CPSR:<\/strong><br \/>\nIl revisore della sicurezza verifica che il pH sia appropriato per l&#8217;uso previsto (ad esempio, prodotti per la cura del viso, del corpo o degli occhi) e lo confronta con i dati scientifici sulla tolleranza cutanea.<\/p>\n<p><strong>Quantit\u00e0 di campione richiesta:<\/strong><br \/>\n25 g\/mL<\/p>\n<h3 class=\"wp-block-heading\"><strong>2. Test di viscosit\u00e0<\/strong><\/h3>\n<p><strong>Scopo del test:<\/strong><br \/>\nLa viscosit\u00e0 di un prodotto determina quanto sia denso o sottile. \u00c8 fondamentale per emulsioni, gel, lozioni e prodotti liquidi perch\u00e9 influisce sull&#8217;applicazione, sull&#8217;esperienza d&#8217;uso e sulla stabilit\u00e0 del prodotto. Una viscosit\u00e0 troppo alta pu\u00f2 ridurre la lubrificazione, mentre una viscosit\u00e0 troppo bassa pu\u00f2 portare a una fluidit\u00e0 indesiderata.  <\/p>\n<p><strong>Metodo di prova:<\/strong><br \/>\nLa viscosit\u00e0 viene misurata con un viscosimetro, ad esempio un viscosimetro rotativo (ad esempio il Viscosimetro Brookfield) o un viscosimetro capillare, a seconda della natura del prodotto. La misurazione viene effettuata a una temperatura standardizzata per ridurre al minimo la variabilit\u00e0. <\/p>\n<p><strong>Perch\u00e9 \u00e8 importante?<\/strong><\/p>\n<ul class=\"wp-block-list\">\n<li>La viscosit\u00e0 determina l&#8217;applicazione e la sicurezza del prodotto.<\/li>\n<li>Una viscosit\u00e0 troppo bassa pu\u00f2 portare a un&#8217;applicazione incontrollata, ad esempio nelle creme o lozioni per gli occhi, aumentando il rischio di irritazione.<\/li>\n<li>Una viscosit\u00e0 eccessivamente elevata pu\u00f2 influire sul comportamento di rilascio dei principi attivi, compromettendo cos\u00ec le prestazioni del prodotto.<\/li>\n<li>Alcune formulazioni richiedono una viscosit\u00e0 specifica per garantire stabilit\u00e0 ed efficacia.<\/li>\n<\/ul>\n<p><strong>Rilevanza per il CPSR:<\/strong><br \/>\nIl valutatore della sicurezza valuta se la viscosit\u00e0 corrisponde alla categoria del prodotto e se ci sono rischi nell&#8217;uso normale.<\/p>\n<p><strong>Quantit\u00e0 di campione necessaria:<\/strong><br \/>\n100 g\/mL<\/p>\n<h3 class=\"wp-block-heading\"><strong>3. Misurazione della densit\u00e0<\/strong><\/h3>\n<p><strong>Scopo del test:<\/strong><br \/>\nLa densit\u00e0 di un prodotto \u00e8 definita come la massa per unit\u00e0 di volume ed \u00e8 un parametro importante per il controllo della qualit\u00e0 e il calcolo del dosaggio. Influenza la scelta dell&#8217;imballaggio e la distribuzione del prodotto nel flacone o nel tubo. Il test della densit\u00e0 \u00e8 particolarmente importante per le formulazioni liquide e semiliquide.  <\/p>\n<p><strong>Metodo di analisi:<\/strong><br \/>\nLa densit\u00e0 viene determinata pesando un volume noto di campione a una temperatura controllata. Spesso questa operazione viene eseguita con un picnometro o un densitometro digitale secondo metodi standardizzati come la ISO 2811-1. <\/p>\n<p><strong>Perch\u00e9 \u00e8 importante?<\/strong><\/p>\n<ul class=\"wp-block-list\">\n<li>La densit\u00e0 aiuta a determinare la quantit\u00e0 di dosaggio per applicazione, che \u00e8 importante per il calcolo dell&#8217;esposizione.<\/li>\n<li>Contribuisce alla valutazione della stabilit\u00e0 del prodotto. Le variazioni di densit\u00e0 possono indicare una separazione o segregazione di fase. <\/li>\n<li>Influenza le scelte di imballaggio e pu\u00f2 avere un ruolo nella valutazione del rischio di inalazione di spray o aerosol sottili.<\/li>\n<\/ul>\n<p><strong>Rilevanza per il CPSR:<\/strong><br \/>\nIl valutatore della sicurezza utilizza il valore della densit\u00e0 nel calcolo dell&#8217;esposizione per determinare la quantit\u00e0 di prodotto che finisce sulla pelle o nelle vie respiratorie e se rientra nei limiti di sicurezza.<\/p>\n<p><strong>Quantit\u00e0 di campione necessaria:<\/strong><br \/>\n100 g\/mL<\/p>\n<h3 class=\"wp-block-heading\"><strong>4. Analisi del colore<\/strong><\/h3>\n<p><strong>Scopo del test:<\/strong><br \/>\nIl colore di un prodotto \u00e8 un parametro importante per l&#8217;estetica e la coerenza del marchio. Le analisi del colore vengono eseguite per determinare l&#8217;esatta tonalit\u00e0, l&#8217;intensit\u00e0 e l&#8217;uniformit\u00e0 di un prodotto per garantire la coerenza del lotto. Le deviazioni del colore possono indicare instabilit\u00e0 o problemi di qualit\u00e0.  <\/p>\n<p><strong>Metodo di test:<\/strong><br \/>\nIl colore viene analizzato con uno spettrofotometro o colorimetro, che misura la riflessione o la trasmissione della luce attraverso il campione. Il risultato pu\u00f2 essere confrontato con un riferimento standard per garantire la coerenza. <\/p>\n<p><strong>Perch\u00e9 \u00e8 importante?<\/strong><\/p>\n<ul class=\"wp-block-list\">\n<li>La consistenza del colore \u00e8 un indicatore della stabilit\u00e0 del prodotto. La decolorazione pu\u00f2 indicare l&#8217;ossidazione o la degradazione degli ingredienti. <\/li>\n<li>\u00c8 importante per la valutazione dei pigmenti e dei coloranti, che sono coperti da regolamenti specifici (ad esempio i numeri CI approvati nell&#8217;Allegato IV del regolamento CE 1223\/2009).<\/li>\n<li>Cambiamenti di colore indesiderati possono indicare una crescita microbica o una degradazione chimica.<\/li>\n<\/ul>\n<p><strong>Rilevanza per il CPSR:<\/strong><br \/>\nIl responsabile della sicurezza verifica che i coloranti utilizzati siano sicuri e consentiti e che non si verifichino reazioni inaspettate durante la conservazione del prodotto che potrebbero comprometterne la sicurezza.<\/p>\n<p><strong>Quantit\u00e0 di campione necessaria:<\/strong><br \/>\n50 g\/mL<\/p>\n","protected":false},"excerpt":{"rendered":"<p>I parametri fisico-chimici di un prodotto, come il pH, la viscosit\u00e0, la densit\u00e0 e il colore, svolgono un ruolo importante nella valutazione della sicurezza di un prodotto. Per ottenere un rapporto dettagliato sulle specifiche del prodotto per effettuare una valutazione della sicurezza, sono necessari diversi test fisico-chimici di laboratorio. Questi test forniscono informazioni sulle propriet\u00e0&#8230;<\/p>\n","protected":false},"featured_media":11305,"template":"","meta":[],"product_brand":[],"product_cat":[269,353,438],"product_tag":[],"class_list":{"0":"post-11308","1":"product","2":"type-product","3":"status-publish","4":"has-post-thumbnail","6":"product_cat-laboratorio","7":"product_cat-test-comuni","8":"product_cat-verifica-delle-dichiarazioni-e-test-degli-ingredienti","10":"first","11":"instock","12":"virtual","13":"taxable","14":"purchasable","15":"product-type-simple"},"bundled_by":["6806","11923","14796","15039"],"bundle_stock_status":"instock","bundle_stock_quantity":null,"bundle_virtual":false,"bundle_layout":"","bundle_add_to_cart_form_location":"","bundle_editable_in_cart":false,"bundle_sold_individually_context":"","bundle_item_grouping":"","bundle_min_size":"","bundle_max_size":"","bundle_price":[],"bundled_items":[],"bundle_sell_ids":[],"yoast_head":"<!-- This site is optimized with the Yoast SEO Premium plugin v25.4 (Yoast SEO v25.4) - https:\/\/yoast.com\/wordpress\/plugins\/seo\/ -->\n<title>Test sulle specifiche del prodotto - Certified Cosmetics<\/title>\n<meta name=\"description\" content=\"I parametri fisico-chimici di un prodotto, come il pH, la viscosit\u00e0, la densit\u00e0 e il colore, svolgono un ruolo importante nella valutazione della sicurezza di un prodotto.\" \/>\n<meta name=\"robots\" content=\"index, follow, max-snippet:-1, max-image-preview:large, max-video-preview:-1\" \/>\n<link rel=\"canonical\" href=\"https:\/\/www.certifiedcosmetics.com\/it\/product\/laboratorio\/test-sulle-specifiche-del-prodotto\/\" \/>\n<meta property=\"og:locale\" content=\"it_IT\" \/>\n<meta property=\"og:type\" content=\"article\" \/>\n<meta property=\"og:title\" content=\"Test sulle specifiche del prodotto\" \/>\n<meta property=\"og:description\" content=\"I parametri fisico-chimici di un prodotto, come il pH, la viscosit\u00e0, la densit\u00e0 e il colore, svolgono un ruolo importante nella valutazione della sicurezza di un prodotto.\" \/>\n<meta property=\"og:url\" content=\"https:\/\/www.certifiedcosmetics.com\/it\/product\/laboratorio\/test-sulle-specifiche-del-prodotto\/\" \/>\n<meta property=\"og:site_name\" content=\"Certified Cosmetics\" \/>\n<meta property=\"article:modified_time\" content=\"2025-05-20T10:32:26+00:00\" \/>\n<meta property=\"og:image\" content=\"https:\/\/www.certifiedcosmetics.com\/wp-content\/uploads\/2025\/02\/spec_lab_test.jpg\" \/>\n\t<meta property=\"og:image:width\" content=\"800\" \/>\n\t<meta property=\"og:image:height\" content=\"800\" \/>\n\t<meta property=\"og:image:type\" content=\"image\/jpeg\" \/>\n<meta name=\"twitter:card\" content=\"summary_large_image\" \/>\n<meta name=\"twitter:label1\" content=\"Prezzo\" \/>\n\t<meta name=\"twitter:data1\" content=\"&#036;93.61\" \/>\n\t<meta name=\"twitter:label2\" content=\"Disponibilit\u00e0\" \/>\n\t<meta name=\"twitter:data2\" content=\"In stock\" \/>\n<script type=\"application\/ld+json\" class=\"yoast-schema-graph\">{\"@context\":\"https:\/\/schema.org\",\"@graph\":[{\"@type\":\"WebPage\",\"@id\":\"https:\/\/www.certifiedcosmetics.com\/it\/product\/laboratorio\/test-sulle-specifiche-del-prodotto\/\",\"url\":\"https:\/\/www.certifiedcosmetics.com\/it\/product\/laboratorio\/test-sulle-specifiche-del-prodotto\/\",\"name\":\"Test sulle specifiche del prodotto - Certified Cosmetics\",\"isPartOf\":{\"@id\":\"https:\/\/www.certifiedcosmetics.com\/it\/#website\"},\"primaryImageOfPage\":{\"@id\":\"https:\/\/www.certifiedcosmetics.com\/it\/product\/laboratorio\/test-sulle-specifiche-del-prodotto\/#primaryimage\"},\"image\":{\"@id\":\"https:\/\/www.certifiedcosmetics.com\/it\/product\/laboratorio\/test-sulle-specifiche-del-prodotto\/#primaryimage\"},\"thumbnailUrl\":\"https:\/\/www.certifiedcosmetics.com\/wp-content\/uploads\/2025\/02\/spec_lab_test.jpg\",\"datePublished\":\"2025-02-14T08:24:22+00:00\",\"dateModified\":\"2025-05-20T10:32:26+00:00\",\"description\":\"I parametri fisico-chimici di un prodotto, come il pH, la viscosit\u00e0, la densit\u00e0 e il colore, svolgono un ruolo importante nella valutazione della sicurezza di un prodotto.\",\"breadcrumb\":{\"@id\":\"https:\/\/www.certifiedcosmetics.com\/it\/product\/laboratorio\/test-sulle-specifiche-del-prodotto\/#breadcrumb\"},\"inLanguage\":\"it-IT\",\"potentialAction\":[{\"@type\":\"ReadAction\",\"target\":[\"https:\/\/www.certifiedcosmetics.com\/it\/product\/laboratorio\/test-sulle-specifiche-del-prodotto\/\"]}]},{\"@type\":\"ImageObject\",\"inLanguage\":\"it-IT\",\"@id\":\"https:\/\/www.certifiedcosmetics.com\/it\/product\/laboratorio\/test-sulle-specifiche-del-prodotto\/#primaryimage\",\"url\":\"https:\/\/www.certifiedcosmetics.com\/wp-content\/uploads\/2025\/02\/spec_lab_test.jpg\",\"contentUrl\":\"https:\/\/www.certifiedcosmetics.com\/wp-content\/uploads\/2025\/02\/spec_lab_test.jpg\",\"width\":800,\"height\":800},{\"@type\":\"BreadcrumbList\",\"@id\":\"https:\/\/www.certifiedcosmetics.com\/it\/product\/laboratorio\/test-sulle-specifiche-del-prodotto\/#breadcrumb\",\"itemListElement\":[{\"@type\":\"ListItem\",\"position\":1,\"name\":\"Home\",\"item\":\"https:\/\/www.certifiedcosmetics.com\/it\/\"},{\"@type\":\"ListItem\",\"position\":2,\"name\":\"Negozio\",\"item\":\"https:\/\/www.certifiedcosmetics.com\/it\/negozio\/\"},{\"@type\":\"ListItem\",\"position\":3,\"name\":\"Test sulle specifiche del prodotto\"}]},{\"@type\":\"WebSite\",\"@id\":\"https:\/\/www.certifiedcosmetics.com\/it\/#website\",\"url\":\"https:\/\/www.certifiedcosmetics.com\/it\/\",\"name\":\"Certified Cosmetics\",\"description\":\"Cosmetic Safety Assessment\",\"publisher\":{\"@id\":\"https:\/\/www.certifiedcosmetics.com\/it\/#organization\"},\"potentialAction\":[{\"@type\":\"SearchAction\",\"target\":{\"@type\":\"EntryPoint\",\"urlTemplate\":\"https:\/\/www.certifiedcosmetics.com\/it\/?s={search_term_string}\"},\"query-input\":{\"@type\":\"PropertyValueSpecification\",\"valueRequired\":true,\"valueName\":\"search_term_string\"}}],\"inLanguage\":\"it-IT\"},{\"@type\":\"Organization\",\"@id\":\"https:\/\/www.certifiedcosmetics.com\/it\/#organization\",\"name\":\"Certified Cosmetics\",\"url\":\"https:\/\/www.certifiedcosmetics.com\/it\/\",\"logo\":{\"@type\":\"ImageObject\",\"inLanguage\":\"it-IT\",\"@id\":\"https:\/\/www.certifiedcosmetics.com\/it\/#\/schema\/logo\/image\/\",\"url\":\"https:\/\/www.certifiedcosmetics.com\/wp-content\/uploads\/2024\/12\/logo_certified_cosmetics696.jpg\",\"contentUrl\":\"https:\/\/www.certifiedcosmetics.com\/wp-content\/uploads\/2024\/12\/logo_certified_cosmetics696.jpg\",\"width\":696,\"height\":696,\"caption\":\"Certified Cosmetics\"},\"image\":{\"@id\":\"https:\/\/www.certifiedcosmetics.com\/it\/#\/schema\/logo\/image\/\"},\"description\":\"Your trusted partner for cosmetic product safety reporting. We take care of updating all of your documentation, ensuring your compliance stays current even as regulations evolve. The Cosmetic Product Safety Assessment will give you everything you need to sell specific products to EU consumers.\",\"email\":\"contact@certifiedcosmetics.com\",\"telephone\":\"+31 36 2036384\",\"legalName\":\"Certified Cosmetics\",\"foundingDate\":\"2010-01-01\",\"vatID\":\"NL854189543B01\",\"numberOfEmployees\":{\"@type\":\"QuantitativeValue\",\"minValue\":\"11\",\"maxValue\":\"50\"}}]}<\/script>\n<meta property=\"product:price:amount\" content=\"93.61\" \/>\n<meta property=\"product:price:currency\" content=\"USD\" \/>\n<meta property=\"og:availability\" content=\"instock\" \/>\n<meta property=\"product:availability\" content=\"instock\" \/>\n<meta property=\"product:retailer_item_id\" content=\"CC100025\" \/>\n<meta property=\"product:condition\" content=\"new\" \/>\n<!-- \/ Yoast SEO Premium plugin. -->","yoast_head_json":{"title":"Test sulle specifiche del prodotto - Certified Cosmetics","description":"I parametri fisico-chimici di un prodotto, come il pH, la viscosit\u00e0, la densit\u00e0 e il colore, svolgono un ruolo importante nella valutazione della sicurezza di un prodotto.","robots":{"index":"index","follow":"follow","max-snippet":"max-snippet:-1","max-image-preview":"max-image-preview:large","max-video-preview":"max-video-preview:-1"},"canonical":"https:\/\/www.certifiedcosmetics.com\/it\/product\/laboratorio\/test-sulle-specifiche-del-prodotto\/","og_locale":"it_IT","og_type":"article","og_title":"Test sulle specifiche del prodotto","og_description":"I parametri fisico-chimici di un prodotto, come il pH, la viscosit\u00e0, la densit\u00e0 e il colore, svolgono un ruolo importante nella valutazione della sicurezza di un prodotto.","og_url":"https:\/\/www.certifiedcosmetics.com\/it\/product\/laboratorio\/test-sulle-specifiche-del-prodotto\/","og_site_name":"Certified Cosmetics","article_modified_time":"2025-05-20T10:32:26+00:00","og_image":[{"width":800,"height":800,"url":"https:\/\/www.certifiedcosmetics.com\/wp-content\/uploads\/2025\/02\/spec_lab_test.jpg","type":"image\/jpeg"}],"twitter_card":"summary_large_image","twitter_misc":{"Prezzo":"&#36;93.61","Disponibilit\u00e0":"In stock"},"schema":{"@context":"https:\/\/schema.org","@graph":[{"@type":"WebPage","@id":"https:\/\/www.certifiedcosmetics.com\/it\/product\/laboratorio\/test-sulle-specifiche-del-prodotto\/","url":"https:\/\/www.certifiedcosmetics.com\/it\/product\/laboratorio\/test-sulle-specifiche-del-prodotto\/","name":"Test sulle specifiche del prodotto - Certified Cosmetics","isPartOf":{"@id":"https:\/\/www.certifiedcosmetics.com\/it\/#website"},"primaryImageOfPage":{"@id":"https:\/\/www.certifiedcosmetics.com\/it\/product\/laboratorio\/test-sulle-specifiche-del-prodotto\/#primaryimage"},"image":{"@id":"https:\/\/www.certifiedcosmetics.com\/it\/product\/laboratorio\/test-sulle-specifiche-del-prodotto\/#primaryimage"},"thumbnailUrl":"https:\/\/www.certifiedcosmetics.com\/wp-content\/uploads\/2025\/02\/spec_lab_test.jpg","datePublished":"2025-02-14T08:24:22+00:00","dateModified":"2025-05-20T10:32:26+00:00","description":"I parametri fisico-chimici di un prodotto, come il pH, la viscosit\u00e0, la densit\u00e0 e il colore, svolgono un ruolo importante nella valutazione della sicurezza di un prodotto.","breadcrumb":{"@id":"https:\/\/www.certifiedcosmetics.com\/it\/product\/laboratorio\/test-sulle-specifiche-del-prodotto\/#breadcrumb"},"inLanguage":"it-IT","potentialAction":[{"@type":"ReadAction","target":["https:\/\/www.certifiedcosmetics.com\/it\/product\/laboratorio\/test-sulle-specifiche-del-prodotto\/"]}]},{"@type":"ImageObject","inLanguage":"it-IT","@id":"https:\/\/www.certifiedcosmetics.com\/it\/product\/laboratorio\/test-sulle-specifiche-del-prodotto\/#primaryimage","url":"https:\/\/www.certifiedcosmetics.com\/wp-content\/uploads\/2025\/02\/spec_lab_test.jpg","contentUrl":"https:\/\/www.certifiedcosmetics.com\/wp-content\/uploads\/2025\/02\/spec_lab_test.jpg","width":800,"height":800},{"@type":"BreadcrumbList","@id":"https:\/\/www.certifiedcosmetics.com\/it\/product\/laboratorio\/test-sulle-specifiche-del-prodotto\/#breadcrumb","itemListElement":[{"@type":"ListItem","position":1,"name":"Home","item":"https:\/\/www.certifiedcosmetics.com\/it\/"},{"@type":"ListItem","position":2,"name":"Negozio","item":"https:\/\/www.certifiedcosmetics.com\/it\/negozio\/"},{"@type":"ListItem","position":3,"name":"Test sulle specifiche del prodotto"}]},{"@type":"WebSite","@id":"https:\/\/www.certifiedcosmetics.com\/it\/#website","url":"https:\/\/www.certifiedcosmetics.com\/it\/","name":"Certified Cosmetics","description":"Cosmetic Safety Assessment","publisher":{"@id":"https:\/\/www.certifiedcosmetics.com\/it\/#organization"},"potentialAction":[{"@type":"SearchAction","target":{"@type":"EntryPoint","urlTemplate":"https:\/\/www.certifiedcosmetics.com\/it\/?s={search_term_string}"},"query-input":{"@type":"PropertyValueSpecification","valueRequired":true,"valueName":"search_term_string"}}],"inLanguage":"it-IT"},{"@type":"Organization","@id":"https:\/\/www.certifiedcosmetics.com\/it\/#organization","name":"Certified Cosmetics","url":"https:\/\/www.certifiedcosmetics.com\/it\/","logo":{"@type":"ImageObject","inLanguage":"it-IT","@id":"https:\/\/www.certifiedcosmetics.com\/it\/#\/schema\/logo\/image\/","url":"https:\/\/www.certifiedcosmetics.com\/wp-content\/uploads\/2024\/12\/logo_certified_cosmetics696.jpg","contentUrl":"https:\/\/www.certifiedcosmetics.com\/wp-content\/uploads\/2024\/12\/logo_certified_cosmetics696.jpg","width":696,"height":696,"caption":"Certified Cosmetics"},"image":{"@id":"https:\/\/www.certifiedcosmetics.com\/it\/#\/schema\/logo\/image\/"},"description":"Your trusted partner for cosmetic product safety reporting. We take care of updating all of your documentation, ensuring your compliance stays current even as regulations evolve. The Cosmetic Product Safety Assessment will give you everything you need to sell specific products to EU consumers.","email":"contact@certifiedcosmetics.com","telephone":"+31 36 2036384","legalName":"Certified Cosmetics","foundingDate":"2010-01-01","vatID":"NL854189543B01","numberOfEmployees":{"@type":"QuantitativeValue","minValue":"11","maxValue":"50"}}]},"product_price_amount":"93.61","product_price_currency":"USD","og_availability":"instock","product_availability":"instock","product_retailer_item_id":"CC100025","product_condition":"new"},"_links":{"self":[{"href":"https:\/\/www.certifiedcosmetics.com\/it\/wp-json\/wp\/v2\/product\/11308","targetHints":{"allow":["GET"]}}],"collection":[{"href":"https:\/\/www.certifiedcosmetics.com\/it\/wp-json\/wp\/v2\/product"}],"about":[{"href":"https:\/\/www.certifiedcosmetics.com\/it\/wp-json\/wp\/v2\/types\/product"}],"wp:featuredmedia":[{"embeddable":true,"href":"https:\/\/www.certifiedcosmetics.com\/it\/wp-json\/wp\/v2\/media\/11305"}],"wp:attachment":[{"href":"https:\/\/www.certifiedcosmetics.com\/it\/wp-json\/wp\/v2\/media?parent=11308"}],"wp:term":[{"taxonomy":"product_brand","embeddable":true,"href":"https:\/\/www.certifiedcosmetics.com\/it\/wp-json\/wp\/v2\/product_brand?post=11308"},{"taxonomy":"product_cat","embeddable":true,"href":"https:\/\/www.certifiedcosmetics.com\/it\/wp-json\/wp\/v2\/product_cat?post=11308"},{"taxonomy":"product_tag","embeddable":true,"href":"https:\/\/www.certifiedcosmetics.com\/it\/wp-json\/wp\/v2\/product_tag?post=11308"}],"curies":[{"name":"wp","href":"https:\/\/api.w.org\/{rel}","templated":true}]}}