{"id":7237,"date":"2023-11-08T10:11:17","date_gmt":"2023-11-08T10:11:17","guid":{"rendered":"https:\/\/www.certifiedcosmetics.com\/product\/test-de-depistage\/"},"modified":"2026-03-24T10:08:29","modified_gmt":"2026-03-24T09:08:29","slug":"test-de-depistage","status":"publish","type":"product","link":"https:\/\/www.certifiedcosmetics.com\/fr\/product\/test-defficacite\/test-cutane\/test-de-depistage\/","title":{"rendered":"Test cutan\u00e9 dermatologique"},"content":{"rendered":"<p>Les tests dermatologiques \u00e9valuent la s\u00e9curit\u00e9 et l&#8217;efficacit\u00e9 des produits cosm\u00e9tiques sur la peau humaine, en veillant \u00e0 ce qu&#8217;aucune r\u00e9action ind\u00e9sirable ne se produise. Si tu veux utiliser la mention &#8220;Test\u00e9 dermatologiquement&#8221;. Et \/ ou &#8220;Convient \u00e0 tous les types de peau&#8221; pour tes produits, le test \u00e9picutan\u00e9 te permet d&#8217;utiliser ces all\u00e9gations. Les tests \u00e9picutan\u00e9s sont effectu\u00e9s sur 10 \u00e0 30 volontaires ayant une peau normale ou sensible.   <\/p>\n<p>Il est n\u00e9cessaire de fournir le r\u00e9sultat du test microbiologique du produit avant que les tests dermatologiques puissent commencer. Nous offrons la possibilit\u00e9 d&#8217;effectuer le test microbiologique. <\/p>\n<h2><strong>Exigences r\u00e9glementaires<\/strong><\/h2>\n<p>Bien qu&#8217;ils ne soient pas toujours obligatoires, les tests dermatologiques sont essentiels pour la s\u00e9curit\u00e9 des consommateurs et sont encourag\u00e9s par diverses directives internationales.<\/p>\n<h2><strong>Normes et m\u00e9thodes d&#8217;essai<\/strong><\/h2>\n<p>Les tests adh\u00e8rent souvent aux r\u00e9glementations ISO 10993 en mati\u00e8re de biocompatibilit\u00e9, en employant des essais cliniques ou des tests \u00e9picutan\u00e9s pour observer toute r\u00e9action dermatologique.<\/p>\n","protected":false},"excerpt":{"rendered":"<p>Les tests dermatologiques \u00e9valuent la s\u00e9curit\u00e9 et l&#8217;efficacit\u00e9 des produits cosm\u00e9tiques sur la peau humaine, en veillant \u00e0 ce qu&#8217;aucune r\u00e9action ind\u00e9sirable ne se produise. Si tu veux utiliser la mention &#8220;Test\u00e9 dermatologiquement&#8221;. Et \/ ou &#8220;Convient \u00e0 tous les types de peau&#8221; pour tes produits, le test \u00e9picutan\u00e9 te permet d&#8217;utiliser ces all\u00e9gations. Les&#8230;<\/p>\n","protected":false},"featured_media":6522,"template":"","meta":[],"product_brand":[],"product_cat":[267,144,123],"product_tag":[],"class_list":{"0":"post-7237","1":"product","2":"type-product","3":"status-publish","4":"has-post-thumbnail","6":"product_cat-laboratoire","7":"product_cat-test-cutane","8":"product_cat-test-defficacite","10":"first","11":"instock","12":"taxable","13":"shipping-taxable","14":"purchasable","15":"product-type-variable","16":"has-default-attributes"},"bundled_by":[],"bundle_stock_status":"instock","bundle_stock_quantity":null,"bundle_virtual":false,"bundle_layout":"","bundle_add_to_cart_form_location":"","bundle_editable_in_cart":false,"bundle_sold_individually_context":"","bundle_item_grouping":"","bundle_min_size":"","bundle_max_size":"","bundle_price":[],"bundled_items":[],"bundle_sell_ids":[],"yoast_head":"<!-- This site is optimized with the Yoast SEO Premium plugin v25.4 (Yoast SEO v25.4) - https:\/\/yoast.com\/wordpress\/plugins\/seo\/ -->\n<title>Test cutan\u00e9 dermatologique - Certified Cosmetics<\/title>\n<meta name=\"robots\" content=\"index, follow, max-snippet:-1, max-image-preview:large, max-video-preview:-1\" \/>\n<link rel=\"canonical\" href=\"https:\/\/www.certifiedcosmetics.com\/fr\/product\/test-defficacite\/test-cutane\/test-de-depistage\/\" \/>\n<meta property=\"og:locale\" content=\"fr_FR\" \/>\n<meta property=\"og:type\" content=\"article\" \/>\n<meta property=\"og:title\" content=\"Test cutan\u00e9 dermatologique\" \/>\n<meta property=\"og:description\" content=\"Les tests dermatologiques \u00e9valuent la s\u00e9curit\u00e9 et l&#8217;efficacit\u00e9 des produits cosm\u00e9tiques sur la peau humaine, en veillant \u00e0 ce qu&#8217;aucune r\u00e9action ind\u00e9sirable ne se produise. Si tu veux utiliser la mention &#8220;Test\u00e9 dermatologiquement&#8221;. Et \/ ou &#8220;Convient \u00e0 tous les types de peau&#8221; pour tes produits, le test \u00e9picutan\u00e9 te permet d&#8217;utiliser ces all\u00e9gations. Les...\" \/>\n<meta property=\"og:url\" content=\"https:\/\/www.certifiedcosmetics.com\/fr\/product\/test-defficacite\/test-cutane\/test-de-depistage\/\" \/>\n<meta property=\"og:site_name\" content=\"Certified Cosmetics\" \/>\n<meta property=\"article:modified_time\" content=\"2026-03-24T09:08:29+00:00\" \/>\n<meta property=\"og:image\" content=\"https:\/\/www.certifiedcosmetics.com\/wp-content\/uploads\/2023\/11\/patch-test.jpg\" \/>\n\t<meta property=\"og:image:width\" content=\"1024\" \/>\n\t<meta property=\"og:image:height\" content=\"682\" \/>\n\t<meta property=\"og:image:type\" content=\"image\/jpeg\" \/>\n<meta name=\"twitter:card\" content=\"summary_large_image\" \/>\n<meta name=\"twitter:label1\" content=\"Disponibilit\u00e9\" \/>\n\t<meta name=\"twitter:data1\" content=\"En stock\" \/>\n<script type=\"application\/ld+json\" class=\"yoast-schema-graph\">{\"@context\":\"https:\/\/schema.org\",\"@graph\":[{\"@type\":\"WebPage\",\"@id\":\"https:\/\/www.certifiedcosmetics.com\/fr\/product\/test-defficacite\/test-cutane\/test-de-depistage\/\",\"url\":\"https:\/\/www.certifiedcosmetics.com\/fr\/product\/test-defficacite\/test-cutane\/test-de-depistage\/\",\"name\":\"Test cutan\u00e9 dermatologique - Certified Cosmetics\",\"isPartOf\":{\"@id\":\"https:\/\/www.certifiedcosmetics.com\/fr\/#website\"},\"primaryImageOfPage\":{\"@id\":\"https:\/\/www.certifiedcosmetics.com\/fr\/product\/test-defficacite\/test-cutane\/test-de-depistage\/#primaryimage\"},\"image\":{\"@id\":\"https:\/\/www.certifiedcosmetics.com\/fr\/product\/test-defficacite\/test-cutane\/test-de-depistage\/#primaryimage\"},\"thumbnailUrl\":\"https:\/\/www.certifiedcosmetics.com\/wp-content\/uploads\/2023\/11\/patch-test.jpg\",\"datePublished\":\"2023-11-08T10:11:17+00:00\",\"dateModified\":\"2026-03-24T09:08:29+00:00\",\"breadcrumb\":{\"@id\":\"https:\/\/www.certifiedcosmetics.com\/fr\/product\/test-defficacite\/test-cutane\/test-de-depistage\/#breadcrumb\"},\"inLanguage\":\"fr-FR\",\"potentialAction\":[{\"@type\":\"ReadAction\",\"target\":[\"https:\/\/www.certifiedcosmetics.com\/fr\/product\/test-defficacite\/test-cutane\/test-de-depistage\/\"]}]},{\"@type\":\"ImageObject\",\"inLanguage\":\"fr-FR\",\"@id\":\"https:\/\/www.certifiedcosmetics.com\/fr\/product\/test-defficacite\/test-cutane\/test-de-depistage\/#primaryimage\",\"url\":\"https:\/\/www.certifiedcosmetics.com\/wp-content\/uploads\/2023\/11\/patch-test.jpg\",\"contentUrl\":\"https:\/\/www.certifiedcosmetics.com\/wp-content\/uploads\/2023\/11\/patch-test.jpg\",\"width\":1024,\"height\":682,\"caption\":\"V\u00e9ritable test \u00e9picutan\u00e9 sur l'\u00e9paule et le dos nus d'une jeune fille aux cheveux blonds. Le test \u00e9picutan\u00e9 d'allergie est utilis\u00e9 pour passer au crible des substances afin de d\u00e9terminer la cause d'une r\u00e9action allergique de la peau\"},{\"@type\":\"BreadcrumbList\",\"@id\":\"https:\/\/www.certifiedcosmetics.com\/fr\/product\/test-defficacite\/test-cutane\/test-de-depistage\/#breadcrumb\",\"itemListElement\":[{\"@type\":\"ListItem\",\"position\":1,\"name\":\"Home\",\"item\":\"https:\/\/www.certifiedcosmetics.com\/fr\/\"},{\"@type\":\"ListItem\",\"position\":2,\"name\":\"Boutique\",\"item\":\"https:\/\/www.certifiedcosmetics.com\/fr\/boutique\/\"},{\"@type\":\"ListItem\",\"position\":3,\"name\":\"Test cutan\u00e9 dermatologique\"}]},{\"@type\":\"WebSite\",\"@id\":\"https:\/\/www.certifiedcosmetics.com\/fr\/#website\",\"url\":\"https:\/\/www.certifiedcosmetics.com\/fr\/\",\"name\":\"Certified Cosmetics\",\"description\":\"Cosmetic Safety Assessment\",\"publisher\":{\"@id\":\"https:\/\/www.certifiedcosmetics.com\/fr\/#organization\"},\"potentialAction\":[{\"@type\":\"SearchAction\",\"target\":{\"@type\":\"EntryPoint\",\"urlTemplate\":\"https:\/\/www.certifiedcosmetics.com\/fr\/?s={search_term_string}\"},\"query-input\":{\"@type\":\"PropertyValueSpecification\",\"valueRequired\":true,\"valueName\":\"search_term_string\"}}],\"inLanguage\":\"fr-FR\"},{\"@type\":\"Organization\",\"@id\":\"https:\/\/www.certifiedcosmetics.com\/fr\/#organization\",\"name\":\"Certified Cosmetics\",\"url\":\"https:\/\/www.certifiedcosmetics.com\/fr\/\",\"logo\":{\"@type\":\"ImageObject\",\"inLanguage\":\"fr-FR\",\"@id\":\"https:\/\/www.certifiedcosmetics.com\/fr\/#\/schema\/logo\/image\/\",\"url\":\"https:\/\/www.certifiedcosmetics.com\/wp-content\/uploads\/2024\/12\/logo_certified_cosmetics696.jpg\",\"contentUrl\":\"https:\/\/www.certifiedcosmetics.com\/wp-content\/uploads\/2024\/12\/logo_certified_cosmetics696.jpg\",\"width\":696,\"height\":696,\"caption\":\"Certified Cosmetics\"},\"image\":{\"@id\":\"https:\/\/www.certifiedcosmetics.com\/fr\/#\/schema\/logo\/image\/\"},\"description\":\"Your trusted partner for cosmetic product safety reporting. We take care of updating all of your documentation, ensuring your compliance stays current even as regulations evolve. The Cosmetic Product Safety Assessment will give you everything you need to sell specific products to EU consumers.\",\"email\":\"contact@certifiedcosmetics.com\",\"telephone\":\"+31 36 2036384\",\"legalName\":\"Certified Cosmetics\",\"foundingDate\":\"2010-01-01\",\"vatID\":\"NL854189543B01\",\"numberOfEmployees\":{\"@type\":\"QuantitativeValue\",\"minValue\":\"11\",\"maxValue\":\"50\"}}]}<\/script>\n<meta property=\"og:availability\" content=\"instock\" \/>\n<meta property=\"product:availability\" content=\"instock\" \/>\n<meta property=\"product:condition\" content=\"new\" \/>\n<!-- \/ Yoast SEO Premium plugin. -->","yoast_head_json":{"title":"Test cutan\u00e9 dermatologique - Certified Cosmetics","robots":{"index":"index","follow":"follow","max-snippet":"max-snippet:-1","max-image-preview":"max-image-preview:large","max-video-preview":"max-video-preview:-1"},"canonical":"https:\/\/www.certifiedcosmetics.com\/fr\/product\/test-defficacite\/test-cutane\/test-de-depistage\/","og_locale":"fr_FR","og_type":"article","og_title":"Test cutan\u00e9 dermatologique","og_description":"Les tests dermatologiques \u00e9valuent la s\u00e9curit\u00e9 et l&#8217;efficacit\u00e9 des produits cosm\u00e9tiques sur la peau humaine, en veillant \u00e0 ce qu&#8217;aucune r\u00e9action ind\u00e9sirable ne se produise. Si tu veux utiliser la mention &#8220;Test\u00e9 dermatologiquement&#8221;. Et \/ ou &#8220;Convient \u00e0 tous les types de peau&#8221; pour tes produits, le test \u00e9picutan\u00e9 te permet d&#8217;utiliser ces all\u00e9gations. Les...","og_url":"https:\/\/www.certifiedcosmetics.com\/fr\/product\/test-defficacite\/test-cutane\/test-de-depistage\/","og_site_name":"Certified Cosmetics","article_modified_time":"2026-03-24T09:08:29+00:00","og_image":[{"width":1024,"height":682,"url":"https:\/\/www.certifiedcosmetics.com\/wp-content\/uploads\/2023\/11\/patch-test.jpg","type":"image\/jpeg"}],"twitter_card":"summary_large_image","twitter_misc":{"Disponibilit\u00e9":"En stock"},"schema":{"@context":"https:\/\/schema.org","@graph":[{"@type":"WebPage","@id":"https:\/\/www.certifiedcosmetics.com\/fr\/product\/test-defficacite\/test-cutane\/test-de-depistage\/","url":"https:\/\/www.certifiedcosmetics.com\/fr\/product\/test-defficacite\/test-cutane\/test-de-depistage\/","name":"Test cutan\u00e9 dermatologique - Certified Cosmetics","isPartOf":{"@id":"https:\/\/www.certifiedcosmetics.com\/fr\/#website"},"primaryImageOfPage":{"@id":"https:\/\/www.certifiedcosmetics.com\/fr\/product\/test-defficacite\/test-cutane\/test-de-depistage\/#primaryimage"},"image":{"@id":"https:\/\/www.certifiedcosmetics.com\/fr\/product\/test-defficacite\/test-cutane\/test-de-depistage\/#primaryimage"},"thumbnailUrl":"https:\/\/www.certifiedcosmetics.com\/wp-content\/uploads\/2023\/11\/patch-test.jpg","datePublished":"2023-11-08T10:11:17+00:00","dateModified":"2026-03-24T09:08:29+00:00","breadcrumb":{"@id":"https:\/\/www.certifiedcosmetics.com\/fr\/product\/test-defficacite\/test-cutane\/test-de-depistage\/#breadcrumb"},"inLanguage":"fr-FR","potentialAction":[{"@type":"ReadAction","target":["https:\/\/www.certifiedcosmetics.com\/fr\/product\/test-defficacite\/test-cutane\/test-de-depistage\/"]}]},{"@type":"ImageObject","inLanguage":"fr-FR","@id":"https:\/\/www.certifiedcosmetics.com\/fr\/product\/test-defficacite\/test-cutane\/test-de-depistage\/#primaryimage","url":"https:\/\/www.certifiedcosmetics.com\/wp-content\/uploads\/2023\/11\/patch-test.jpg","contentUrl":"https:\/\/www.certifiedcosmetics.com\/wp-content\/uploads\/2023\/11\/patch-test.jpg","width":1024,"height":682,"caption":"V\u00e9ritable test \u00e9picutan\u00e9 sur l'\u00e9paule et le dos nus d'une jeune fille aux cheveux blonds. Le test \u00e9picutan\u00e9 d'allergie est utilis\u00e9 pour passer au crible des substances afin de d\u00e9terminer la cause d'une r\u00e9action allergique de la peau"},{"@type":"BreadcrumbList","@id":"https:\/\/www.certifiedcosmetics.com\/fr\/product\/test-defficacite\/test-cutane\/test-de-depistage\/#breadcrumb","itemListElement":[{"@type":"ListItem","position":1,"name":"Home","item":"https:\/\/www.certifiedcosmetics.com\/fr\/"},{"@type":"ListItem","position":2,"name":"Boutique","item":"https:\/\/www.certifiedcosmetics.com\/fr\/boutique\/"},{"@type":"ListItem","position":3,"name":"Test cutan\u00e9 dermatologique"}]},{"@type":"WebSite","@id":"https:\/\/www.certifiedcosmetics.com\/fr\/#website","url":"https:\/\/www.certifiedcosmetics.com\/fr\/","name":"Certified Cosmetics","description":"Cosmetic Safety Assessment","publisher":{"@id":"https:\/\/www.certifiedcosmetics.com\/fr\/#organization"},"potentialAction":[{"@type":"SearchAction","target":{"@type":"EntryPoint","urlTemplate":"https:\/\/www.certifiedcosmetics.com\/fr\/?s={search_term_string}"},"query-input":{"@type":"PropertyValueSpecification","valueRequired":true,"valueName":"search_term_string"}}],"inLanguage":"fr-FR"},{"@type":"Organization","@id":"https:\/\/www.certifiedcosmetics.com\/fr\/#organization","name":"Certified Cosmetics","url":"https:\/\/www.certifiedcosmetics.com\/fr\/","logo":{"@type":"ImageObject","inLanguage":"fr-FR","@id":"https:\/\/www.certifiedcosmetics.com\/fr\/#\/schema\/logo\/image\/","url":"https:\/\/www.certifiedcosmetics.com\/wp-content\/uploads\/2024\/12\/logo_certified_cosmetics696.jpg","contentUrl":"https:\/\/www.certifiedcosmetics.com\/wp-content\/uploads\/2024\/12\/logo_certified_cosmetics696.jpg","width":696,"height":696,"caption":"Certified Cosmetics"},"image":{"@id":"https:\/\/www.certifiedcosmetics.com\/fr\/#\/schema\/logo\/image\/"},"description":"Your trusted partner for cosmetic product safety reporting. We take care of updating all of your documentation, ensuring your compliance stays current even as regulations evolve. The Cosmetic Product Safety Assessment will give you everything you need to sell specific products to EU consumers.","email":"contact@certifiedcosmetics.com","telephone":"+31 36 2036384","legalName":"Certified Cosmetics","foundingDate":"2010-01-01","vatID":"NL854189543B01","numberOfEmployees":{"@type":"QuantitativeValue","minValue":"11","maxValue":"50"}}]},"og_availability":"instock","product_availability":"instock","product_condition":"new"},"_links":{"self":[{"href":"https:\/\/www.certifiedcosmetics.com\/fr\/wp-json\/wp\/v2\/product\/7237","targetHints":{"allow":["GET"]}}],"collection":[{"href":"https:\/\/www.certifiedcosmetics.com\/fr\/wp-json\/wp\/v2\/product"}],"about":[{"href":"https:\/\/www.certifiedcosmetics.com\/fr\/wp-json\/wp\/v2\/types\/product"}],"wp:featuredmedia":[{"embeddable":true,"href":"https:\/\/www.certifiedcosmetics.com\/fr\/wp-json\/wp\/v2\/media\/6522"}],"wp:attachment":[{"href":"https:\/\/www.certifiedcosmetics.com\/fr\/wp-json\/wp\/v2\/media?parent=7237"}],"wp:term":[{"taxonomy":"product_brand","embeddable":true,"href":"https:\/\/www.certifiedcosmetics.com\/fr\/wp-json\/wp\/v2\/product_brand?post=7237"},{"taxonomy":"product_cat","embeddable":true,"href":"https:\/\/www.certifiedcosmetics.com\/fr\/wp-json\/wp\/v2\/product_cat?post=7237"},{"taxonomy":"product_tag","embeddable":true,"href":"https:\/\/www.certifiedcosmetics.com\/fr\/wp-json\/wp\/v2\/product_tag?post=7237"}],"curies":[{"name":"wp","href":"https:\/\/api.w.org\/{rel}","templated":true}]}}