{"id":7231,"date":"2023-11-08T12:10:15","date_gmt":"2023-11-08T11:10:15","guid":{"rendered":"https:\/\/www.certifiedcosmetics.com\/product\/test-de-microbiologie\/"},"modified":"2024-11-26T09:44:08","modified_gmt":"2024-11-26T08:44:08","slug":"test-de-microbiologie","status":"publish","type":"product","link":"https:\/\/www.certifiedcosmetics.com\/fr\/product\/laboratoire\/test-de-microbiologie\/","title":{"rendered":"Test de microbiologie"},"content":{"rendered":"<p>Les tests microbiologiques sont un aspect essentiel de l&#8217;industrie cosm\u00e9tique, qui se concentre sur la s\u00e9curit\u00e9 et la qualit\u00e9 des produits en surveillant et en contr\u00f4lant la contamination microbienne. Elle aide les fabricants \u00e0 produire des produits cosm\u00e9tiques et de soins personnels s\u00fbrs et efficaces pour les consommateurs<\/p>\n<h2><strong>Exigences r\u00e9glementaires<\/strong><\/h2>\n<p>Les organismes de r\u00e9glementation, tels que la FDA aux \u00c9tats-Unis et le r\u00e8glement europ\u00e9en sur les cosm\u00e9tiques, imposent la s\u00e9curit\u00e9 microbiologique pour pr\u00e9venir les infections et les r\u00e9actions.<\/p>\n<h2><strong>Normes et m\u00e9thodes d&#8217;essai<\/strong><\/h2>\n<p>Les normes courantes comprennent la norme ISO 17516 et la norme USP 61. Les m\u00e9thodes impliquent g\u00e9n\u00e9ralement l&#8217;utilisation de techniques de culture microbienne pour identifier et quantifier les micro-organismes. <\/p>\n<table>\n<tbody>\n<tr>\n<td width=\"200\"><strong>Param\u00e8tre d&#8217;\u00e9valuation<\/strong><\/td>\n<td width=\"200\"><strong>M\u00e9thode d&#8217;\u00e9valuation<\/strong><\/td>\n<td width=\"200\"><strong>Valeur limite<\/strong><\/td>\n<\/tr>\n<tr>\n<td width=\"200\">Nombre total de bact\u00e9ries a\u00e9robies-m\u00e9sophiles<\/td>\n<td width=\"200\">ISO 21149<\/td>\n<td rowspan=\"2\" width=\"200\">Produits destin\u00e9s aux enfants de moins de 3 ans, produits appliqu\u00e9s sur le contour des yeux, produits appliqu\u00e9s sur les muqueuses : &lt;100 cfu\/g<\/p>\n<p>Autres produits : &lt;1000 ufc\/g<\/td>\n<\/tr>\n<tr>\n<td width=\"200\">D\u00e9nombrement total des moisissures et des levures<\/td>\n<td width=\"200\">ISO 16212<\/td>\n<\/tr>\n<tr>\n<td width=\"200\">Pseudomonas aeruginosa<\/td>\n<td width=\"200\">ISO 22717<\/td>\n<td rowspan=\"4\" width=\"200\">Ne devrait pas \u00eatre trouv\u00e9<\/td>\n<\/tr>\n<tr>\n<td width=\"200\">Staphylocoque dor\u00e9<\/td>\n<td width=\"200\">ISO 22718<\/td>\n<\/tr>\n<tr>\n<td width=\"200\">E.coli<\/td>\n<td width=\"200\">ISO 21150<\/td>\n<\/tr>\n<tr>\n<td width=\"200\">Candida albicans<\/td>\n<td width=\"200\">ISO 18416<\/td>\n<\/tr>\n<\/tbody>\n<\/table>\n","protected":false},"excerpt":{"rendered":"<p>Les tests microbiologiques sont un aspect essentiel de l&#8217;industrie cosm\u00e9tique, qui se concentre sur la s\u00e9curit\u00e9 et la qualit\u00e9 des produits en surveillant et en contr\u00f4lant la contamination microbienne. Elle aide les fabricants \u00e0 produire des produits cosm\u00e9tiques et de soins personnels s\u00fbrs et efficaces pour les consommateurs Exigences r\u00e9glementaires Les organismes de r\u00e9glementation, tels&#8230;<\/p>\n","protected":false},"featured_media":6517,"template":"","meta":[],"product_brand":[],"product_cat":[267,166],"product_tag":[],"class_list":{"0":"post-7231","1":"product","2":"type-product","3":"status-publish","4":"has-post-thumbnail","6":"product_cat-laboratoire","7":"product_cat-tests-microbiologiques","9":"first","10":"instock","11":"virtual","12":"taxable","13":"purchasable","14":"product-type-simple"},"bundled_by":["6852","6852","6852","6852","6852","6797","11922","14799","15046","6852","6852","6852","6852","6852"],"bundle_stock_status":"instock","bundle_stock_quantity":null,"bundle_virtual":false,"bundle_layout":"","bundle_add_to_cart_form_location":"","bundle_editable_in_cart":false,"bundle_sold_individually_context":"","bundle_item_grouping":"","bundle_min_size":"","bundle_max_size":"","bundle_price":[],"bundled_items":[],"bundle_sell_ids":[],"yoast_head":"<!-- This site is optimized with the Yoast SEO Premium plugin v25.4 (Yoast SEO v25.4) - https:\/\/yoast.com\/wordpress\/plugins\/seo\/ -->\n<title>Test de microbiologie - Certified Cosmetics<\/title>\n<meta name=\"robots\" content=\"index, follow, max-snippet:-1, max-image-preview:large, max-video-preview:-1\" \/>\n<link rel=\"canonical\" href=\"https:\/\/www.certifiedcosmetics.com\/fr\/product\/laboratoire\/test-de-microbiologie\/\" \/>\n<meta property=\"og:locale\" content=\"fr_FR\" \/>\n<meta property=\"og:type\" content=\"article\" \/>\n<meta property=\"og:title\" content=\"Test de microbiologie\" \/>\n<meta property=\"og:description\" content=\"Les tests microbiologiques sont un aspect essentiel de l&#8217;industrie cosm\u00e9tique, qui se concentre sur la s\u00e9curit\u00e9 et la qualit\u00e9 des produits en surveillant et en contr\u00f4lant la contamination microbienne. Elle aide les fabricants \u00e0 produire des produits cosm\u00e9tiques et de soins personnels s\u00fbrs et efficaces pour les consommateurs Exigences r\u00e9glementaires Les organismes de r\u00e9glementation, tels...\" \/>\n<meta property=\"og:url\" content=\"https:\/\/www.certifiedcosmetics.com\/fr\/product\/laboratoire\/test-de-microbiologie\/\" \/>\n<meta property=\"og:site_name\" content=\"Certified Cosmetics\" \/>\n<meta property=\"article:modified_time\" content=\"2024-11-26T08:44:08+00:00\" \/>\n<meta property=\"og:image\" content=\"https:\/\/www.certifiedcosmetics.com\/wp-content\/uploads\/2023\/11\/Microbiology-1.jpg\" \/>\n\t<meta property=\"og:image:width\" content=\"1024\" \/>\n\t<meta property=\"og:image:height\" content=\"682\" \/>\n\t<meta property=\"og:image:type\" content=\"image\/jpeg\" \/>\n<meta name=\"twitter:card\" content=\"summary_large_image\" \/>\n<meta name=\"twitter:label1\" content=\"Prix\" \/>\n\t<meta name=\"twitter:data1\" content=\"&#036;81.21\" \/>\n\t<meta name=\"twitter:label2\" content=\"Disponibilit\u00e9\" \/>\n\t<meta name=\"twitter:data2\" content=\"En stock\" \/>\n<script type=\"application\/ld+json\" class=\"yoast-schema-graph\">{\"@context\":\"https:\/\/schema.org\",\"@graph\":[{\"@type\":\"WebPage\",\"@id\":\"https:\/\/www.certifiedcosmetics.com\/fr\/product\/laboratoire\/test-de-microbiologie\/\",\"url\":\"https:\/\/www.certifiedcosmetics.com\/fr\/product\/laboratoire\/test-de-microbiologie\/\",\"name\":\"Test de microbiologie - Certified Cosmetics\",\"isPartOf\":{\"@id\":\"https:\/\/www.certifiedcosmetics.com\/fr\/#website\"},\"primaryImageOfPage\":{\"@id\":\"https:\/\/www.certifiedcosmetics.com\/fr\/product\/laboratoire\/test-de-microbiologie\/#primaryimage\"},\"image\":{\"@id\":\"https:\/\/www.certifiedcosmetics.com\/fr\/product\/laboratoire\/test-de-microbiologie\/#primaryimage\"},\"thumbnailUrl\":\"https:\/\/www.certifiedcosmetics.com\/wp-content\/uploads\/2023\/11\/Microbiology-1.jpg\",\"datePublished\":\"2023-11-08T11:10:15+00:00\",\"dateModified\":\"2024-11-26T08:44:08+00:00\",\"breadcrumb\":{\"@id\":\"https:\/\/www.certifiedcosmetics.com\/fr\/product\/laboratoire\/test-de-microbiologie\/#breadcrumb\"},\"inLanguage\":\"fr-FR\",\"potentialAction\":[{\"@type\":\"ReadAction\",\"target\":[\"https:\/\/www.certifiedcosmetics.com\/fr\/product\/laboratoire\/test-de-microbiologie\/\"]}]},{\"@type\":\"ImageObject\",\"inLanguage\":\"fr-FR\",\"@id\":\"https:\/\/www.certifiedcosmetics.com\/fr\/product\/laboratoire\/test-de-microbiologie\/#primaryimage\",\"url\":\"https:\/\/www.certifiedcosmetics.com\/wp-content\/uploads\/2023\/11\/Microbiology-1.jpg\",\"contentUrl\":\"https:\/\/www.certifiedcosmetics.com\/wp-content\/uploads\/2023\/11\/Microbiology-1.jpg\",\"width\":1024,\"height\":682,\"caption\":\"Recherche biologique. Femme intelligente et r\u00e9fl\u00e9chie qui \u00e9tudie le d\u00e9veloppement des bact\u00e9ries tout en menant des recherches biologiques.\"},{\"@type\":\"BreadcrumbList\",\"@id\":\"https:\/\/www.certifiedcosmetics.com\/fr\/product\/laboratoire\/test-de-microbiologie\/#breadcrumb\",\"itemListElement\":[{\"@type\":\"ListItem\",\"position\":1,\"name\":\"Home\",\"item\":\"https:\/\/www.certifiedcosmetics.com\/fr\/\"},{\"@type\":\"ListItem\",\"position\":2,\"name\":\"Boutique\",\"item\":\"https:\/\/www.certifiedcosmetics.com\/fr\/boutique\/\"},{\"@type\":\"ListItem\",\"position\":3,\"name\":\"Test de microbiologie\"}]},{\"@type\":\"WebSite\",\"@id\":\"https:\/\/www.certifiedcosmetics.com\/fr\/#website\",\"url\":\"https:\/\/www.certifiedcosmetics.com\/fr\/\",\"name\":\"Certified Cosmetics\",\"description\":\"Cosmetic Safety Assessment\",\"publisher\":{\"@id\":\"https:\/\/www.certifiedcosmetics.com\/fr\/#organization\"},\"potentialAction\":[{\"@type\":\"SearchAction\",\"target\":{\"@type\":\"EntryPoint\",\"urlTemplate\":\"https:\/\/www.certifiedcosmetics.com\/fr\/?s={search_term_string}\"},\"query-input\":{\"@type\":\"PropertyValueSpecification\",\"valueRequired\":true,\"valueName\":\"search_term_string\"}}],\"inLanguage\":\"fr-FR\"},{\"@type\":\"Organization\",\"@id\":\"https:\/\/www.certifiedcosmetics.com\/fr\/#organization\",\"name\":\"Certified Cosmetics\",\"url\":\"https:\/\/www.certifiedcosmetics.com\/fr\/\",\"logo\":{\"@type\":\"ImageObject\",\"inLanguage\":\"fr-FR\",\"@id\":\"https:\/\/www.certifiedcosmetics.com\/fr\/#\/schema\/logo\/image\/\",\"url\":\"https:\/\/www.certifiedcosmetics.com\/wp-content\/uploads\/2024\/12\/logo_certified_cosmetics696.jpg\",\"contentUrl\":\"https:\/\/www.certifiedcosmetics.com\/wp-content\/uploads\/2024\/12\/logo_certified_cosmetics696.jpg\",\"width\":696,\"height\":696,\"caption\":\"Certified Cosmetics\"},\"image\":{\"@id\":\"https:\/\/www.certifiedcosmetics.com\/fr\/#\/schema\/logo\/image\/\"},\"description\":\"Your trusted partner for cosmetic product safety reporting. We take care of updating all of your documentation, ensuring your compliance stays current even as regulations evolve. The Cosmetic Product Safety Assessment will give you everything you need to sell specific products to EU consumers.\",\"email\":\"contact@certifiedcosmetics.com\",\"telephone\":\"+31 36 2036384\",\"legalName\":\"Certified Cosmetics\",\"foundingDate\":\"2010-01-01\",\"vatID\":\"NL854189543B01\",\"numberOfEmployees\":{\"@type\":\"QuantitativeValue\",\"minValue\":\"11\",\"maxValue\":\"50\"}}]}<\/script>\n<meta property=\"product:price:amount\" content=\"81.21\" \/>\n<meta property=\"product:price:currency\" content=\"USD\" \/>\n<meta property=\"og:availability\" content=\"instock\" \/>\n<meta property=\"product:availability\" content=\"instock\" \/>\n<meta property=\"product:retailer_item_id\" content=\"CC100090\" \/>\n<meta property=\"product:condition\" content=\"new\" \/>\n<!-- \/ Yoast SEO Premium plugin. -->","yoast_head_json":{"title":"Test de microbiologie - Certified Cosmetics","robots":{"index":"index","follow":"follow","max-snippet":"max-snippet:-1","max-image-preview":"max-image-preview:large","max-video-preview":"max-video-preview:-1"},"canonical":"https:\/\/www.certifiedcosmetics.com\/fr\/product\/laboratoire\/test-de-microbiologie\/","og_locale":"fr_FR","og_type":"article","og_title":"Test de microbiologie","og_description":"Les tests microbiologiques sont un aspect essentiel de l&#8217;industrie cosm\u00e9tique, qui se concentre sur la s\u00e9curit\u00e9 et la qualit\u00e9 des produits en surveillant et en contr\u00f4lant la contamination microbienne. Elle aide les fabricants \u00e0 produire des produits cosm\u00e9tiques et de soins personnels s\u00fbrs et efficaces pour les consommateurs Exigences r\u00e9glementaires Les organismes de r\u00e9glementation, tels...","og_url":"https:\/\/www.certifiedcosmetics.com\/fr\/product\/laboratoire\/test-de-microbiologie\/","og_site_name":"Certified Cosmetics","article_modified_time":"2024-11-26T08:44:08+00:00","og_image":[{"width":1024,"height":682,"url":"https:\/\/www.certifiedcosmetics.com\/wp-content\/uploads\/2023\/11\/Microbiology-1.jpg","type":"image\/jpeg"}],"twitter_card":"summary_large_image","twitter_misc":{"Prix":"&#36;81.21","Disponibilit\u00e9":"En stock"},"schema":{"@context":"https:\/\/schema.org","@graph":[{"@type":"WebPage","@id":"https:\/\/www.certifiedcosmetics.com\/fr\/product\/laboratoire\/test-de-microbiologie\/","url":"https:\/\/www.certifiedcosmetics.com\/fr\/product\/laboratoire\/test-de-microbiologie\/","name":"Test de microbiologie - Certified Cosmetics","isPartOf":{"@id":"https:\/\/www.certifiedcosmetics.com\/fr\/#website"},"primaryImageOfPage":{"@id":"https:\/\/www.certifiedcosmetics.com\/fr\/product\/laboratoire\/test-de-microbiologie\/#primaryimage"},"image":{"@id":"https:\/\/www.certifiedcosmetics.com\/fr\/product\/laboratoire\/test-de-microbiologie\/#primaryimage"},"thumbnailUrl":"https:\/\/www.certifiedcosmetics.com\/wp-content\/uploads\/2023\/11\/Microbiology-1.jpg","datePublished":"2023-11-08T11:10:15+00:00","dateModified":"2024-11-26T08:44:08+00:00","breadcrumb":{"@id":"https:\/\/www.certifiedcosmetics.com\/fr\/product\/laboratoire\/test-de-microbiologie\/#breadcrumb"},"inLanguage":"fr-FR","potentialAction":[{"@type":"ReadAction","target":["https:\/\/www.certifiedcosmetics.com\/fr\/product\/laboratoire\/test-de-microbiologie\/"]}]},{"@type":"ImageObject","inLanguage":"fr-FR","@id":"https:\/\/www.certifiedcosmetics.com\/fr\/product\/laboratoire\/test-de-microbiologie\/#primaryimage","url":"https:\/\/www.certifiedcosmetics.com\/wp-content\/uploads\/2023\/11\/Microbiology-1.jpg","contentUrl":"https:\/\/www.certifiedcosmetics.com\/wp-content\/uploads\/2023\/11\/Microbiology-1.jpg","width":1024,"height":682,"caption":"Recherche biologique. Femme intelligente et r\u00e9fl\u00e9chie qui \u00e9tudie le d\u00e9veloppement des bact\u00e9ries tout en menant des recherches biologiques."},{"@type":"BreadcrumbList","@id":"https:\/\/www.certifiedcosmetics.com\/fr\/product\/laboratoire\/test-de-microbiologie\/#breadcrumb","itemListElement":[{"@type":"ListItem","position":1,"name":"Home","item":"https:\/\/www.certifiedcosmetics.com\/fr\/"},{"@type":"ListItem","position":2,"name":"Boutique","item":"https:\/\/www.certifiedcosmetics.com\/fr\/boutique\/"},{"@type":"ListItem","position":3,"name":"Test de microbiologie"}]},{"@type":"WebSite","@id":"https:\/\/www.certifiedcosmetics.com\/fr\/#website","url":"https:\/\/www.certifiedcosmetics.com\/fr\/","name":"Certified Cosmetics","description":"Cosmetic Safety Assessment","publisher":{"@id":"https:\/\/www.certifiedcosmetics.com\/fr\/#organization"},"potentialAction":[{"@type":"SearchAction","target":{"@type":"EntryPoint","urlTemplate":"https:\/\/www.certifiedcosmetics.com\/fr\/?s={search_term_string}"},"query-input":{"@type":"PropertyValueSpecification","valueRequired":true,"valueName":"search_term_string"}}],"inLanguage":"fr-FR"},{"@type":"Organization","@id":"https:\/\/www.certifiedcosmetics.com\/fr\/#organization","name":"Certified Cosmetics","url":"https:\/\/www.certifiedcosmetics.com\/fr\/","logo":{"@type":"ImageObject","inLanguage":"fr-FR","@id":"https:\/\/www.certifiedcosmetics.com\/fr\/#\/schema\/logo\/image\/","url":"https:\/\/www.certifiedcosmetics.com\/wp-content\/uploads\/2024\/12\/logo_certified_cosmetics696.jpg","contentUrl":"https:\/\/www.certifiedcosmetics.com\/wp-content\/uploads\/2024\/12\/logo_certified_cosmetics696.jpg","width":696,"height":696,"caption":"Certified Cosmetics"},"image":{"@id":"https:\/\/www.certifiedcosmetics.com\/fr\/#\/schema\/logo\/image\/"},"description":"Your trusted partner for cosmetic product safety reporting. We take care of updating all of your documentation, ensuring your compliance stays current even as regulations evolve. The Cosmetic Product Safety Assessment will give you everything you need to sell specific products to EU consumers.","email":"contact@certifiedcosmetics.com","telephone":"+31 36 2036384","legalName":"Certified Cosmetics","foundingDate":"2010-01-01","vatID":"NL854189543B01","numberOfEmployees":{"@type":"QuantitativeValue","minValue":"11","maxValue":"50"}}]},"product_price_amount":"81.21","product_price_currency":"USD","og_availability":"instock","product_availability":"instock","product_retailer_item_id":"CC100090","product_condition":"new"},"_links":{"self":[{"href":"https:\/\/www.certifiedcosmetics.com\/fr\/wp-json\/wp\/v2\/product\/7231","targetHints":{"allow":["GET"]}}],"collection":[{"href":"https:\/\/www.certifiedcosmetics.com\/fr\/wp-json\/wp\/v2\/product"}],"about":[{"href":"https:\/\/www.certifiedcosmetics.com\/fr\/wp-json\/wp\/v2\/types\/product"}],"wp:featuredmedia":[{"embeddable":true,"href":"https:\/\/www.certifiedcosmetics.com\/fr\/wp-json\/wp\/v2\/media\/6517"}],"wp:attachment":[{"href":"https:\/\/www.certifiedcosmetics.com\/fr\/wp-json\/wp\/v2\/media?parent=7231"}],"wp:term":[{"taxonomy":"product_brand","embeddable":true,"href":"https:\/\/www.certifiedcosmetics.com\/fr\/wp-json\/wp\/v2\/product_brand?post=7231"},{"taxonomy":"product_cat","embeddable":true,"href":"https:\/\/www.certifiedcosmetics.com\/fr\/wp-json\/wp\/v2\/product_cat?post=7231"},{"taxonomy":"product_tag","embeddable":true,"href":"https:\/\/www.certifiedcosmetics.com\/fr\/wp-json\/wp\/v2\/product_tag?post=7231"}],"curies":[{"name":"wp","href":"https:\/\/api.w.org\/{rel}","templated":true}]}}