{"id":7201,"date":"2023-11-15T12:54:28","date_gmt":"2023-11-15T11:54:28","guid":{"rendered":"https:\/\/www.certifiedcosmetics.com\/product\/test-dhumidite-24-heures\/"},"modified":"2024-11-26T09:40:48","modified_gmt":"2024-11-26T08:40:48","slug":"test-dhumidite-24-heures","status":"publish","type":"product","link":"https:\/\/www.certifiedcosmetics.com\/fr\/product\/test-defficacite\/test-cutane\/test-dhumidite-24-heures\/","title":{"rendered":"Test d&#8217;humidit\u00e9 (24 heures)"},"content":{"rendered":"<p>Un test d&#8217;hydratation cosm\u00e9tique est une m\u00e9thode utilis\u00e9e pour \u00e9valuer le niveau d&#8217;hydratation de la peau et l&#8217;efficacit\u00e9 des produits cosm\u00e9tiques hydratants ou hydrat\u00e9s. Le test vise \u00e0 mesurer la quantit\u00e9 d&#8217;humidit\u00e9 pr\u00e9sente dans la peau, ce qui permet de conna\u00eetre l&#8217;\u00e9tat d&#8217;hydratation de la peau. Maintenir une bonne hydratation de la peau est important pour la sant\u00e9 de la peau, car cela peut aider \u00e0 pr\u00e9venir la s\u00e9cheresse, la desquamation et le d\u00e9veloppement des rides et ridules.<\/p>\n<p>Ce test consiste \u00e0 :<\/p>\n<ol>\n<li><strong>Essais cliniques :<\/strong> \u00c9tudes contr\u00f4l\u00e9es avec des participants humains pour \u00e9valuer les effets des produits hydratants. Ces essais peuvent comporter des \u00e9valuations avant et apr\u00e8s la perte d&#8217;eau trans\u00e9pidermique, g\u00e9n\u00e9ralement \u00e0 l&#8217;aide d&#8217;appareils normalis\u00e9s.<\/li>\n<li><strong>Mesures instrumentales :<\/strong> Des outils scientifiques tels que le <strong>corn\u00e9om\u00e8tre<\/strong> peuvent \u00eatre utilis\u00e9s pour mesurer le niveau d&#8217;hydratation de la couche corn\u00e9e, la couche la plus externe de la peau. Le corn\u00e9om\u00e8tre utilise la capacit\u00e9 \u00e9lectrique pour \u00e9valuer la teneur en eau de la peau.<\/li>\n<li><strong>\u00c9valuations des dermatologues :<\/strong> Les dermatologues peuvent \u00e9valuer l&#8217;\u00e9tat de la peau des personnes avant et apr\u00e8s l&#8217;utilisation de produits hydratants afin de fournir une \u00e9valuation professionnelle de l&#8217;efficacit\u00e9 du produit.<\/li>\n<\/ol>\n<p>L&#8217;\u00e9tape suivante peut \u00eatre ajout\u00e9e \u00e0 la demande du client et co\u00fbte plus cher :<\/p>\n<ol>\n<li><strong>Mesures biophysiques :<\/strong> Ces mesures consistent \u00e0 \u00e9valuer diverses propri\u00e9t\u00e9s de la peau, telles que l&#8217;\u00e9lasticit\u00e9 et l&#8217;hydratation, les rides qui contribuent \u00e0 l&#8217;aspect g\u00e9n\u00e9ral de la peau.<\/li>\n<li><strong>\u00c9valuations subjectives :<\/strong> Des enqu\u00eates ou des questionnaires d&#8217;auto-\u00e9valuation peuvent \u00eatre utilis\u00e9s pour recueillir les commentaires des personnes qui utilisent des produits antirides. On peut demander aux participants d&#8217;\u00e9valuer leur perception des changements dans la profondeur des rides, la texture de la peau et l&#8217;apparence g\u00e9n\u00e9rale<\/li>\n<\/ol>\n<p>Il est important de noter que le choix de la m\u00e9thode peut d\u00e9pendre des objectifs sp\u00e9cifiques du produit.<\/p>\n<p>Nous conseillons de consulter pour obtenir des recommandations personnalis\u00e9es en fonction du contenu de la formulation et des caract\u00e9ristiques du produit.<\/p>\n","protected":false},"excerpt":{"rendered":"<div class=\"bt_bb_button bt_bb_color_scheme_6 bt_bb_icon_position_left bt_bb_style_filled bt_bb_width_inline bt_bb_shape_inherit bt_bb_target_self bt_bb_text_transform_inherit bt_bb_fe_edit bt_bb_size_normal bt_bb_align_inherit\" style=\"; --primary-color: #ffffff; --secondary-color: #0bc270;\" data-base=\"bt_bb_button\"><a class=\"bt_bb_link\" title=\"\u00c9VALUATION DE LA S\u00c9CURIT\u00c9 DU SAVON\" href=\"https:\/\/www.certifiedcosmetics.com\/services\/get-quote\/\" target=\"_self\" rel=\"noopener\"><span class=\"bt_bb_button_text\">DEMANDE DE DEVIS<\/span><\/a><\/div>\n","protected":false},"featured_media":6547,"template":"","meta":[],"product_brand":[],"product_cat":[144,123],"product_tag":[],"class_list":{"0":"post-7201","1":"product","2":"type-product","3":"status-publish","4":"has-post-thumbnail","6":"product_cat-test-cutane","7":"product_cat-test-defficacite","9":"first","10":"instock","11":"virtual","12":"taxable","13":"product-type-simple"},"bundled_by":[],"bundle_stock_status":"instock","bundle_stock_quantity":null,"bundle_virtual":false,"bundle_layout":"","bundle_add_to_cart_form_location":"","bundle_editable_in_cart":false,"bundle_sold_individually_context":"","bundle_item_grouping":"","bundle_min_size":"","bundle_max_size":"","bundle_price":[],"bundled_items":[],"bundle_sell_ids":[],"yoast_head":"<!-- This site is optimized with the Yoast SEO Premium plugin v25.4 (Yoast SEO v25.4) - https:\/\/yoast.com\/wordpress\/plugins\/seo\/ -->\n<title>Test d&#039;humidit\u00e9 (24 heures) - Certified Cosmetics<\/title>\n<meta name=\"robots\" content=\"index, follow, max-snippet:-1, max-image-preview:large, max-video-preview:-1\" \/>\n<link rel=\"canonical\" href=\"https:\/\/www.certifiedcosmetics.com\/fr\/product\/test-defficacite\/test-cutane\/test-dhumidite-24-heures\/\" \/>\n<meta property=\"og:locale\" content=\"fr_FR\" \/>\n<meta property=\"og:type\" content=\"article\" \/>\n<meta property=\"og:title\" content=\"Test d&#039;humidit\u00e9 (24 heures)\" \/>\n<meta property=\"og:description\" content=\"DEMANDE DE DEVIS\" \/>\n<meta property=\"og:url\" content=\"https:\/\/www.certifiedcosmetics.com\/fr\/product\/test-defficacite\/test-cutane\/test-dhumidite-24-heures\/\" \/>\n<meta property=\"og:site_name\" content=\"Certified Cosmetics\" \/>\n<meta property=\"article:modified_time\" content=\"2024-11-26T08:40:48+00:00\" \/>\n<meta property=\"og:image\" content=\"https:\/\/www.certifiedcosmetics.com\/wp-content\/uploads\/2023\/11\/moisture.jpg\" \/>\n\t<meta property=\"og:image:width\" content=\"800\" \/>\n\t<meta property=\"og:image:height\" content=\"800\" \/>\n\t<meta property=\"og:image:type\" content=\"image\/jpeg\" \/>\n<meta name=\"twitter:card\" content=\"summary_large_image\" \/>\n<meta name=\"twitter:label1\" content=\"Prix\" \/>\n\t<meta name=\"twitter:data1\" content=\"\" \/>\n\t<meta name=\"twitter:label2\" content=\"Disponibilit\u00e9\" \/>\n\t<meta name=\"twitter:data2\" content=\"En stock\" \/>\n<script type=\"application\/ld+json\" class=\"yoast-schema-graph\">{\"@context\":\"https:\/\/schema.org\",\"@graph\":[{\"@type\":\"WebPage\",\"@id\":\"https:\/\/www.certifiedcosmetics.com\/fr\/product\/test-defficacite\/test-cutane\/test-dhumidite-24-heures\/\",\"url\":\"https:\/\/www.certifiedcosmetics.com\/fr\/product\/test-defficacite\/test-cutane\/test-dhumidite-24-heures\/\",\"name\":\"Test d'humidit\u00e9 (24 heures) - Certified Cosmetics\",\"isPartOf\":{\"@id\":\"https:\/\/www.certifiedcosmetics.com\/fr\/#website\"},\"primaryImageOfPage\":{\"@id\":\"https:\/\/www.certifiedcosmetics.com\/fr\/product\/test-defficacite\/test-cutane\/test-dhumidite-24-heures\/#primaryimage\"},\"image\":{\"@id\":\"https:\/\/www.certifiedcosmetics.com\/fr\/product\/test-defficacite\/test-cutane\/test-dhumidite-24-heures\/#primaryimage\"},\"thumbnailUrl\":\"https:\/\/www.certifiedcosmetics.com\/wp-content\/uploads\/2023\/11\/moisture.jpg\",\"datePublished\":\"2023-11-15T11:54:28+00:00\",\"dateModified\":\"2024-11-26T08:40:48+00:00\",\"breadcrumb\":{\"@id\":\"https:\/\/www.certifiedcosmetics.com\/fr\/product\/test-defficacite\/test-cutane\/test-dhumidite-24-heures\/#breadcrumb\"},\"inLanguage\":\"fr-FR\",\"potentialAction\":[{\"@type\":\"ReadAction\",\"target\":[\"https:\/\/www.certifiedcosmetics.com\/fr\/product\/test-defficacite\/test-cutane\/test-dhumidite-24-heures\/\"]}]},{\"@type\":\"ImageObject\",\"inLanguage\":\"fr-FR\",\"@id\":\"https:\/\/www.certifiedcosmetics.com\/fr\/product\/test-defficacite\/test-cutane\/test-dhumidite-24-heures\/#primaryimage\",\"url\":\"https:\/\/www.certifiedcosmetics.com\/wp-content\/uploads\/2023\/11\/moisture.jpg\",\"contentUrl\":\"https:\/\/www.certifiedcosmetics.com\/wp-content\/uploads\/2023\/11\/moisture.jpg\",\"width\":800,\"height\":800},{\"@type\":\"BreadcrumbList\",\"@id\":\"https:\/\/www.certifiedcosmetics.com\/fr\/product\/test-defficacite\/test-cutane\/test-dhumidite-24-heures\/#breadcrumb\",\"itemListElement\":[{\"@type\":\"ListItem\",\"position\":1,\"name\":\"Home\",\"item\":\"https:\/\/www.certifiedcosmetics.com\/fr\/\"},{\"@type\":\"ListItem\",\"position\":2,\"name\":\"Boutique\",\"item\":\"https:\/\/www.certifiedcosmetics.com\/fr\/boutique\/\"},{\"@type\":\"ListItem\",\"position\":3,\"name\":\"Test d&#8217;humidit\u00e9 (24 heures)\"}]},{\"@type\":\"WebSite\",\"@id\":\"https:\/\/www.certifiedcosmetics.com\/fr\/#website\",\"url\":\"https:\/\/www.certifiedcosmetics.com\/fr\/\",\"name\":\"Certified Cosmetics\",\"description\":\"Cosmetic Safety Assessment\",\"publisher\":{\"@id\":\"https:\/\/www.certifiedcosmetics.com\/fr\/#organization\"},\"potentialAction\":[{\"@type\":\"SearchAction\",\"target\":{\"@type\":\"EntryPoint\",\"urlTemplate\":\"https:\/\/www.certifiedcosmetics.com\/fr\/?s={search_term_string}\"},\"query-input\":{\"@type\":\"PropertyValueSpecification\",\"valueRequired\":true,\"valueName\":\"search_term_string\"}}],\"inLanguage\":\"fr-FR\"},{\"@type\":\"Organization\",\"@id\":\"https:\/\/www.certifiedcosmetics.com\/fr\/#organization\",\"name\":\"Certified Cosmetics\",\"url\":\"https:\/\/www.certifiedcosmetics.com\/fr\/\",\"logo\":{\"@type\":\"ImageObject\",\"inLanguage\":\"fr-FR\",\"@id\":\"https:\/\/www.certifiedcosmetics.com\/fr\/#\/schema\/logo\/image\/\",\"url\":\"https:\/\/www.certifiedcosmetics.com\/wp-content\/uploads\/2024\/12\/logo_certified_cosmetics696.jpg\",\"contentUrl\":\"https:\/\/www.certifiedcosmetics.com\/wp-content\/uploads\/2024\/12\/logo_certified_cosmetics696.jpg\",\"width\":696,\"height\":696,\"caption\":\"Certified Cosmetics\"},\"image\":{\"@id\":\"https:\/\/www.certifiedcosmetics.com\/fr\/#\/schema\/logo\/image\/\"},\"description\":\"Your trusted partner for cosmetic product safety reporting. We take care of updating all of your documentation, ensuring your compliance stays current even as regulations evolve. The Cosmetic Product Safety Assessment will give you everything you need to sell specific products to EU consumers.\",\"email\":\"contact@certifiedcosmetics.com\",\"telephone\":\"+31 36 2036384\",\"legalName\":\"Certified Cosmetics\",\"foundingDate\":\"2010-01-01\",\"vatID\":\"NL854189543B01\",\"numberOfEmployees\":{\"@type\":\"QuantitativeValue\",\"minValue\":\"11\",\"maxValue\":\"50\"}}]}<\/script>\n<meta property=\"product:price:currency\" content=\"USD\" \/>\n<meta property=\"og:availability\" content=\"instock\" \/>\n<meta property=\"product:availability\" content=\"instock\" \/>\n<meta property=\"product:retailer_item_id\" content=\"CC100104\" \/>\n<meta property=\"product:condition\" content=\"new\" \/>\n<!-- \/ Yoast SEO Premium plugin. -->","yoast_head_json":{"title":"Test d'humidit\u00e9 (24 heures) - Certified Cosmetics","robots":{"index":"index","follow":"follow","max-snippet":"max-snippet:-1","max-image-preview":"max-image-preview:large","max-video-preview":"max-video-preview:-1"},"canonical":"https:\/\/www.certifiedcosmetics.com\/fr\/product\/test-defficacite\/test-cutane\/test-dhumidite-24-heures\/","og_locale":"fr_FR","og_type":"article","og_title":"Test d'humidit\u00e9 (24 heures)","og_description":"DEMANDE DE DEVIS","og_url":"https:\/\/www.certifiedcosmetics.com\/fr\/product\/test-defficacite\/test-cutane\/test-dhumidite-24-heures\/","og_site_name":"Certified Cosmetics","article_modified_time":"2024-11-26T08:40:48+00:00","og_image":[{"width":800,"height":800,"url":"https:\/\/www.certifiedcosmetics.com\/wp-content\/uploads\/2023\/11\/moisture.jpg","type":"image\/jpeg"}],"twitter_card":"summary_large_image","twitter_misc":{"Prix":"","Disponibilit\u00e9":"En stock"},"schema":{"@context":"https:\/\/schema.org","@graph":[{"@type":"WebPage","@id":"https:\/\/www.certifiedcosmetics.com\/fr\/product\/test-defficacite\/test-cutane\/test-dhumidite-24-heures\/","url":"https:\/\/www.certifiedcosmetics.com\/fr\/product\/test-defficacite\/test-cutane\/test-dhumidite-24-heures\/","name":"Test d'humidit\u00e9 (24 heures) - Certified Cosmetics","isPartOf":{"@id":"https:\/\/www.certifiedcosmetics.com\/fr\/#website"},"primaryImageOfPage":{"@id":"https:\/\/www.certifiedcosmetics.com\/fr\/product\/test-defficacite\/test-cutane\/test-dhumidite-24-heures\/#primaryimage"},"image":{"@id":"https:\/\/www.certifiedcosmetics.com\/fr\/product\/test-defficacite\/test-cutane\/test-dhumidite-24-heures\/#primaryimage"},"thumbnailUrl":"https:\/\/www.certifiedcosmetics.com\/wp-content\/uploads\/2023\/11\/moisture.jpg","datePublished":"2023-11-15T11:54:28+00:00","dateModified":"2024-11-26T08:40:48+00:00","breadcrumb":{"@id":"https:\/\/www.certifiedcosmetics.com\/fr\/product\/test-defficacite\/test-cutane\/test-dhumidite-24-heures\/#breadcrumb"},"inLanguage":"fr-FR","potentialAction":[{"@type":"ReadAction","target":["https:\/\/www.certifiedcosmetics.com\/fr\/product\/test-defficacite\/test-cutane\/test-dhumidite-24-heures\/"]}]},{"@type":"ImageObject","inLanguage":"fr-FR","@id":"https:\/\/www.certifiedcosmetics.com\/fr\/product\/test-defficacite\/test-cutane\/test-dhumidite-24-heures\/#primaryimage","url":"https:\/\/www.certifiedcosmetics.com\/wp-content\/uploads\/2023\/11\/moisture.jpg","contentUrl":"https:\/\/www.certifiedcosmetics.com\/wp-content\/uploads\/2023\/11\/moisture.jpg","width":800,"height":800},{"@type":"BreadcrumbList","@id":"https:\/\/www.certifiedcosmetics.com\/fr\/product\/test-defficacite\/test-cutane\/test-dhumidite-24-heures\/#breadcrumb","itemListElement":[{"@type":"ListItem","position":1,"name":"Home","item":"https:\/\/www.certifiedcosmetics.com\/fr\/"},{"@type":"ListItem","position":2,"name":"Boutique","item":"https:\/\/www.certifiedcosmetics.com\/fr\/boutique\/"},{"@type":"ListItem","position":3,"name":"Test d&#8217;humidit\u00e9 (24 heures)"}]},{"@type":"WebSite","@id":"https:\/\/www.certifiedcosmetics.com\/fr\/#website","url":"https:\/\/www.certifiedcosmetics.com\/fr\/","name":"Certified Cosmetics","description":"Cosmetic Safety Assessment","publisher":{"@id":"https:\/\/www.certifiedcosmetics.com\/fr\/#organization"},"potentialAction":[{"@type":"SearchAction","target":{"@type":"EntryPoint","urlTemplate":"https:\/\/www.certifiedcosmetics.com\/fr\/?s={search_term_string}"},"query-input":{"@type":"PropertyValueSpecification","valueRequired":true,"valueName":"search_term_string"}}],"inLanguage":"fr-FR"},{"@type":"Organization","@id":"https:\/\/www.certifiedcosmetics.com\/fr\/#organization","name":"Certified Cosmetics","url":"https:\/\/www.certifiedcosmetics.com\/fr\/","logo":{"@type":"ImageObject","inLanguage":"fr-FR","@id":"https:\/\/www.certifiedcosmetics.com\/fr\/#\/schema\/logo\/image\/","url":"https:\/\/www.certifiedcosmetics.com\/wp-content\/uploads\/2024\/12\/logo_certified_cosmetics696.jpg","contentUrl":"https:\/\/www.certifiedcosmetics.com\/wp-content\/uploads\/2024\/12\/logo_certified_cosmetics696.jpg","width":696,"height":696,"caption":"Certified Cosmetics"},"image":{"@id":"https:\/\/www.certifiedcosmetics.com\/fr\/#\/schema\/logo\/image\/"},"description":"Your trusted partner for cosmetic product safety reporting. We take care of updating all of your documentation, ensuring your compliance stays current even as regulations evolve. The Cosmetic Product Safety Assessment will give you everything you need to sell specific products to EU consumers.","email":"contact@certifiedcosmetics.com","telephone":"+31 36 2036384","legalName":"Certified Cosmetics","foundingDate":"2010-01-01","vatID":"NL854189543B01","numberOfEmployees":{"@type":"QuantitativeValue","minValue":"11","maxValue":"50"}}]},"product_price_currency":"USD","og_availability":"instock","product_availability":"instock","product_retailer_item_id":"CC100104","product_condition":"new"},"_links":{"self":[{"href":"https:\/\/www.certifiedcosmetics.com\/fr\/wp-json\/wp\/v2\/product\/7201","targetHints":{"allow":["GET"]}}],"collection":[{"href":"https:\/\/www.certifiedcosmetics.com\/fr\/wp-json\/wp\/v2\/product"}],"about":[{"href":"https:\/\/www.certifiedcosmetics.com\/fr\/wp-json\/wp\/v2\/types\/product"}],"wp:featuredmedia":[{"embeddable":true,"href":"https:\/\/www.certifiedcosmetics.com\/fr\/wp-json\/wp\/v2\/media\/6547"}],"wp:attachment":[{"href":"https:\/\/www.certifiedcosmetics.com\/fr\/wp-json\/wp\/v2\/media?parent=7201"}],"wp:term":[{"taxonomy":"product_brand","embeddable":true,"href":"https:\/\/www.certifiedcosmetics.com\/fr\/wp-json\/wp\/v2\/product_brand?post=7201"},{"taxonomy":"product_cat","embeddable":true,"href":"https:\/\/www.certifiedcosmetics.com\/fr\/wp-json\/wp\/v2\/product_cat?post=7201"},{"taxonomy":"product_tag","embeddable":true,"href":"https:\/\/www.certifiedcosmetics.com\/fr\/wp-json\/wp\/v2\/product_tag?post=7201"}],"curies":[{"name":"wp","href":"https:\/\/api.w.org\/{rel}","templated":true}]}}