{"id":7167,"date":"2023-11-19T11:38:27","date_gmt":"2023-11-19T11:38:27","guid":{"rendered":"https:\/\/www.certifiedcosmetics.com\/product\/evaluation-de-la-securite-des-produits-cosmetiques-cpsr\/"},"modified":"2025-03-21T13:02:14","modified_gmt":"2025-03-21T12:02:14","slug":"evaluation-de-la-securite-des-produits-cosmetiques-cpsr","status":"publish","type":"product","link":"https:\/\/www.certifiedcosmetics.com\/fr\/product\/evaluation-de-la-securite-des-produits-cosmetiques\/evaluation-de-la-securite-des-produits-cosmetiques-cpsr\/","title":{"rendered":"Rapport sur la s\u00e9curit\u00e9 des produits cosm\u00e9tiques &#8211; CPSR"},"content":{"rendered":"<p>Le Rapport sur la S\u00e9curit\u00e9 des Produits Cosm\u00e9tiques (RSPC) est un document complet qui joue un r\u00f4le crucial pour garantir la s\u00e9curit\u00e9 des produits cosm\u00e9tiques mis sur le march\u00e9 de l&#8217;Union europ\u00e9enne (UE). C&#8217;est une exigence du r\u00e8glement cosm\u00e9tique de l&#8217;UE (r\u00e8glement (CE) n\u00b0 1223\/2009), qui d\u00e9finit les r\u00e8gles et r\u00e8glementations applicables aux produits cosm\u00e9tiques.<\/p>\n<p>Les principaux \u00e9l\u00e9ments du rapport sur la s\u00e9curit\u00e9 des produits cosm\u00e9tiques (RSPC) sont les suivants :<\/p>\n<ol>\n<li><strong>Informations sur le produit :<\/strong> Le RCSP contient des informations d\u00e9taill\u00e9es sur le produit cosm\u00e9tique, notamment son nom, sa cat\u00e9gorie et l&#8217;usage auquel il est destin\u00e9. Il pr\u00e9cise \u00e9galement le nom et l&#8217;adresse de la personne responsable &#8211; l&#8217;entit\u00e9 ou la personne responsable de la mise sur le march\u00e9 du produit. <\/li>\n<li><strong>Composition du produit :<\/strong> Une liste d\u00e9taill\u00e9e de tous les ingr\u00e9dients pr\u00e9sents dans le produit cosm\u00e9tique, y compris leurs noms chimiques, leurs niveaux de concentration et leurs fonctions, est fournie. Ces informations sont cruciales pour \u00e9valuer la s\u00e9curit\u00e9 du produit. <\/li>\n<li><strong>\u00c9valuation de l&#8217;exposition :<\/strong> Le rapport comprend une \u00e9valuation de l&#8217;exposition des consommateurs au produit cosm\u00e9tique. Il s&#8217;agit de prendre en compte des facteurs tels que la fr\u00e9quence et la dur\u00e9e d&#8217;utilisation, la population cible et l&#8217;exposition potentielle par diverses voies (contact avec la peau, ingestion, inhalation). <\/li>\n<li><strong>Profil toxicologique :<\/strong> Une \u00e9valuation toxicologique approfondie est men\u00e9e pour chaque ingr\u00e9dient du produit cosm\u00e9tique. Il s&#8217;agit d&#8217;\u00e9valuer les risques potentiels pour la sant\u00e9 associ\u00e9s aux ingr\u00e9dients individuels, ainsi que les effets cumulatifs de la combinaison d&#8217;ingr\u00e9dients. <\/li>\n<li><strong>\u00c9valuation de la s\u00e9curit\u00e9 :<\/strong> Sur la base de l&#8217;\u00e9valuation de l&#8217;exposition et du profil toxicologique, une \u00e9valuation de la s\u00e9curit\u00e9 est effectu\u00e9e pour d\u00e9terminer si le produit cosm\u00e9tique peut \u00eatre utilis\u00e9 en toute s\u00e9curit\u00e9. Cette \u00e9valuation prend en compte les risques potentiels pour la sant\u00e9 humaine et vise \u00e0 garantir que le produit r\u00e9pond aux exigences de s\u00e9curit\u00e9 sp\u00e9cifi\u00e9es dans le r\u00e8glement cosm\u00e9tique de l&#8217;UE. <\/li>\n<li><strong>Informations sur l&#8217;\u00e9tiquetage :<\/strong> Les RCSP comprennent des d\u00e9tails sur l&#8217;\u00e9tiquetage du produit cosm\u00e9tique, en veillant \u00e0 ce qu&#8217;il soit conforme aux exigences pertinentes en mati\u00e8re d&#8217;\u00e9tiquetage d\u00e9crites dans le r\u00e8glement cosm\u00e9tique de l&#8217;UE.<\/li>\n<li><strong>Conclusion et recommandations :<\/strong> Le rapport se termine par un r\u00e9sum\u00e9 de l&#8217;\u00e9valuation de la s\u00e9curit\u00e9 et par d&#8217;\u00e9ventuelles recommandations de mesures suppl\u00e9mentaires pour garantir la s\u00e9curit\u00e9 du produit.<\/li>\n<\/ol>\n<p>Le rapport de s\u00e9curit\u00e9 des produits cosm\u00e9tiques de l&#8217;UE est pr\u00e9par\u00e9 par notre \u00e9valuateur de s\u00e9curit\u00e9 qualifi\u00e9, souvent une personne ayant une formation en toxicologie ou dans un domaine scientifique connexe. Il sert d&#8217;outil essentiel pour d\u00e9montrer la conformit\u00e9 aux exigences r\u00e9glementaires et garantir que les produits cosm\u00e9tiques mis sur le march\u00e9 de l&#8217;UE sont sans danger pour les consommateurs lorsqu&#8217;ils sont utilis\u00e9s comme pr\u00e9vu.<\/p>\n<p>Il est important de noter que le rapport sur la s\u00e9curit\u00e9 des produits cosm\u00e9tiques fait partie du cadre r\u00e9glementaire plus large des cosm\u00e9tiques dans l&#8217;UE, et que sa pr\u00e9paration est une obligation l\u00e9gale pour les entreprises qui mettent des produits cosm\u00e9tiques sur le march\u00e9.<\/p>\n","protected":false},"excerpt":{"rendered":"<p>Le Rapport sur la S\u00e9curit\u00e9 des Produits Cosm\u00e9tiques (RSPC) est un document complet qui joue un r\u00f4le crucial pour garantir la s\u00e9curit\u00e9 des produits cosm\u00e9tiques mis sur le march\u00e9 de l&#8217;Union europ\u00e9enne (UE). C&#8217;est une exigence du r\u00e8glement cosm\u00e9tique de l&#8217;UE (r\u00e8glement (CE) n\u00b0 1223\/2009), qui d\u00e9finit les r\u00e8gles et r\u00e8glementations applicables aux produits cosm\u00e9tiques&#8230;.<\/p>\n","protected":false},"featured_media":6582,"template":"","meta":[],"product_brand":[],"product_cat":[113],"product_tag":[],"class_list":{"0":"post-7167","1":"product","2":"type-product","3":"status-publish","4":"has-post-thumbnail","6":"product_cat-evaluation-de-la-securite-des-produits-cosmetiques","8":"first","9":"instock","10":"taxable","11":"shipping-taxable","12":"purchasable","13":"product-type-variable","14":"has-default-attributes"},"bundled_by":["6852","6852","6852","6852","6852"],"bundle_stock_status":"instock","bundle_stock_quantity":null,"bundle_virtual":false,"bundle_layout":"","bundle_add_to_cart_form_location":"","bundle_editable_in_cart":false,"bundle_sold_individually_context":"","bundle_item_grouping":"","bundle_min_size":"","bundle_max_size":"","bundle_price":[],"bundled_items":[],"bundle_sell_ids":[],"yoast_head":"<!-- This site is optimized with the Yoast SEO Premium plugin v25.4 (Yoast SEO v25.4) - https:\/\/yoast.com\/wordpress\/plugins\/seo\/ -->\n<title>Rapport sur la s\u00e9curit\u00e9 des produits cosm\u00e9tiques - CPSR - Certified Cosmetics<\/title>\n<meta name=\"robots\" content=\"index, follow, max-snippet:-1, max-image-preview:large, max-video-preview:-1\" \/>\n<link rel=\"canonical\" href=\"https:\/\/www.certifiedcosmetics.com\/fr\/product\/evaluation-de-la-securite-des-produits-cosmetiques\/evaluation-de-la-securite-des-produits-cosmetiques-cpsr\/\" \/>\n<meta property=\"og:locale\" content=\"fr_FR\" \/>\n<meta property=\"og:type\" content=\"article\" \/>\n<meta property=\"og:title\" content=\"Rapport sur la s\u00e9curit\u00e9 des produits cosm\u00e9tiques - CPSR\" \/>\n<meta property=\"og:description\" content=\"Le Rapport sur la S\u00e9curit\u00e9 des Produits Cosm\u00e9tiques (RSPC) est un document complet qui joue un r\u00f4le crucial pour garantir la s\u00e9curit\u00e9 des produits cosm\u00e9tiques mis sur le march\u00e9 de l&#8217;Union europ\u00e9enne (UE). C&#8217;est une exigence du r\u00e8glement cosm\u00e9tique de l&#8217;UE (r\u00e8glement (CE) n\u00b0 1223\/2009), qui d\u00e9finit les r\u00e8gles et r\u00e8glementations applicables aux produits cosm\u00e9tiques....\" \/>\n<meta property=\"og:url\" content=\"https:\/\/www.certifiedcosmetics.com\/fr\/product\/evaluation-de-la-securite-des-produits-cosmetiques\/evaluation-de-la-securite-des-produits-cosmetiques-cpsr\/\" \/>\n<meta property=\"og:site_name\" content=\"Certified Cosmetics\" \/>\n<meta property=\"article:modified_time\" content=\"2025-03-21T12:02:14+00:00\" \/>\n<meta property=\"og:image\" content=\"https:\/\/www.certifiedcosmetics.com\/wp-content\/uploads\/2023\/11\/cpsr.jpg\" \/>\n\t<meta property=\"og:image:width\" content=\"800\" \/>\n\t<meta property=\"og:image:height\" content=\"800\" \/>\n\t<meta property=\"og:image:type\" content=\"image\/jpeg\" \/>\n<meta name=\"twitter:card\" content=\"summary_large_image\" \/>\n<meta name=\"twitter:label1\" content=\"Disponibilit\u00e9\" \/>\n\t<meta name=\"twitter:data1\" content=\"En stock\" \/>\n<script type=\"application\/ld+json\" class=\"yoast-schema-graph\">{\"@context\":\"https:\/\/schema.org\",\"@graph\":[{\"@type\":\"WebPage\",\"@id\":\"https:\/\/www.certifiedcosmetics.com\/fr\/product\/evaluation-de-la-securite-des-produits-cosmetiques\/evaluation-de-la-securite-des-produits-cosmetiques-cpsr\/\",\"url\":\"https:\/\/www.certifiedcosmetics.com\/fr\/product\/evaluation-de-la-securite-des-produits-cosmetiques\/evaluation-de-la-securite-des-produits-cosmetiques-cpsr\/\",\"name\":\"Rapport sur la s\u00e9curit\u00e9 des produits cosm\u00e9tiques - CPSR - Certified Cosmetics\",\"isPartOf\":{\"@id\":\"https:\/\/www.certifiedcosmetics.com\/fr\/#website\"},\"primaryImageOfPage\":{\"@id\":\"https:\/\/www.certifiedcosmetics.com\/fr\/product\/evaluation-de-la-securite-des-produits-cosmetiques\/evaluation-de-la-securite-des-produits-cosmetiques-cpsr\/#primaryimage\"},\"image\":{\"@id\":\"https:\/\/www.certifiedcosmetics.com\/fr\/product\/evaluation-de-la-securite-des-produits-cosmetiques\/evaluation-de-la-securite-des-produits-cosmetiques-cpsr\/#primaryimage\"},\"thumbnailUrl\":\"https:\/\/www.certifiedcosmetics.com\/wp-content\/uploads\/2023\/11\/cpsr.jpg\",\"datePublished\":\"2023-11-19T11:38:27+00:00\",\"dateModified\":\"2025-03-21T12:02:14+00:00\",\"breadcrumb\":{\"@id\":\"https:\/\/www.certifiedcosmetics.com\/fr\/product\/evaluation-de-la-securite-des-produits-cosmetiques\/evaluation-de-la-securite-des-produits-cosmetiques-cpsr\/#breadcrumb\"},\"inLanguage\":\"fr-FR\",\"potentialAction\":[{\"@type\":\"ReadAction\",\"target\":[\"https:\/\/www.certifiedcosmetics.com\/fr\/product\/evaluation-de-la-securite-des-produits-cosmetiques\/evaluation-de-la-securite-des-produits-cosmetiques-cpsr\/\"]}]},{\"@type\":\"ImageObject\",\"inLanguage\":\"fr-FR\",\"@id\":\"https:\/\/www.certifiedcosmetics.com\/fr\/product\/evaluation-de-la-securite-des-produits-cosmetiques\/evaluation-de-la-securite-des-produits-cosmetiques-cpsr\/#primaryimage\",\"url\":\"https:\/\/www.certifiedcosmetics.com\/wp-content\/uploads\/2023\/11\/cpsr.jpg\",\"contentUrl\":\"https:\/\/www.certifiedcosmetics.com\/wp-content\/uploads\/2023\/11\/cpsr.jpg\",\"width\":800,\"height\":800},{\"@type\":\"BreadcrumbList\",\"@id\":\"https:\/\/www.certifiedcosmetics.com\/fr\/product\/evaluation-de-la-securite-des-produits-cosmetiques\/evaluation-de-la-securite-des-produits-cosmetiques-cpsr\/#breadcrumb\",\"itemListElement\":[{\"@type\":\"ListItem\",\"position\":1,\"name\":\"Home\",\"item\":\"https:\/\/www.certifiedcosmetics.com\/fr\/\"},{\"@type\":\"ListItem\",\"position\":2,\"name\":\"Boutique\",\"item\":\"https:\/\/www.certifiedcosmetics.com\/fr\/boutique\/\"},{\"@type\":\"ListItem\",\"position\":3,\"name\":\"Rapport sur la s\u00e9curit\u00e9 des produits cosm\u00e9tiques &#8211; CPSR\"}]},{\"@type\":\"WebSite\",\"@id\":\"https:\/\/www.certifiedcosmetics.com\/fr\/#website\",\"url\":\"https:\/\/www.certifiedcosmetics.com\/fr\/\",\"name\":\"Certified Cosmetics\",\"description\":\"Cosmetic Safety Assessment\",\"publisher\":{\"@id\":\"https:\/\/www.certifiedcosmetics.com\/fr\/#organization\"},\"potentialAction\":[{\"@type\":\"SearchAction\",\"target\":{\"@type\":\"EntryPoint\",\"urlTemplate\":\"https:\/\/www.certifiedcosmetics.com\/fr\/?s={search_term_string}\"},\"query-input\":{\"@type\":\"PropertyValueSpecification\",\"valueRequired\":true,\"valueName\":\"search_term_string\"}}],\"inLanguage\":\"fr-FR\"},{\"@type\":\"Organization\",\"@id\":\"https:\/\/www.certifiedcosmetics.com\/fr\/#organization\",\"name\":\"Certified Cosmetics\",\"url\":\"https:\/\/www.certifiedcosmetics.com\/fr\/\",\"logo\":{\"@type\":\"ImageObject\",\"inLanguage\":\"fr-FR\",\"@id\":\"https:\/\/www.certifiedcosmetics.com\/fr\/#\/schema\/logo\/image\/\",\"url\":\"https:\/\/www.certifiedcosmetics.com\/wp-content\/uploads\/2024\/12\/logo_certified_cosmetics696.jpg\",\"contentUrl\":\"https:\/\/www.certifiedcosmetics.com\/wp-content\/uploads\/2024\/12\/logo_certified_cosmetics696.jpg\",\"width\":696,\"height\":696,\"caption\":\"Certified Cosmetics\"},\"image\":{\"@id\":\"https:\/\/www.certifiedcosmetics.com\/fr\/#\/schema\/logo\/image\/\"},\"description\":\"Your trusted partner for cosmetic product safety reporting. We take care of updating all of your documentation, ensuring your compliance stays current even as regulations evolve. The Cosmetic Product Safety Assessment will give you everything you need to sell specific products to EU consumers.\",\"email\":\"contact@certifiedcosmetics.com\",\"telephone\":\"+31 36 2036384\",\"legalName\":\"Certified Cosmetics\",\"foundingDate\":\"2010-01-01\",\"vatID\":\"NL854189543B01\",\"numberOfEmployees\":{\"@type\":\"QuantitativeValue\",\"minValue\":\"11\",\"maxValue\":\"50\"}}]}<\/script>\n<meta property=\"og:availability\" content=\"instock\" \/>\n<meta property=\"product:availability\" content=\"instock\" \/>\n<meta property=\"product:retailer_item_id\" content=\"cpsr\" \/>\n<meta property=\"product:condition\" content=\"new\" \/>\n<!-- \/ Yoast SEO Premium plugin. -->","yoast_head_json":{"title":"Rapport sur la s\u00e9curit\u00e9 des produits cosm\u00e9tiques - CPSR - Certified Cosmetics","robots":{"index":"index","follow":"follow","max-snippet":"max-snippet:-1","max-image-preview":"max-image-preview:large","max-video-preview":"max-video-preview:-1"},"canonical":"https:\/\/www.certifiedcosmetics.com\/fr\/product\/evaluation-de-la-securite-des-produits-cosmetiques\/evaluation-de-la-securite-des-produits-cosmetiques-cpsr\/","og_locale":"fr_FR","og_type":"article","og_title":"Rapport sur la s\u00e9curit\u00e9 des produits cosm\u00e9tiques - CPSR","og_description":"Le Rapport sur la S\u00e9curit\u00e9 des Produits Cosm\u00e9tiques (RSPC) est un document complet qui joue un r\u00f4le crucial pour garantir la s\u00e9curit\u00e9 des produits cosm\u00e9tiques mis sur le march\u00e9 de l&#8217;Union europ\u00e9enne (UE). C&#8217;est une exigence du r\u00e8glement cosm\u00e9tique de l&#8217;UE (r\u00e8glement (CE) n\u00b0 1223\/2009), qui d\u00e9finit les r\u00e8gles et r\u00e8glementations applicables aux produits cosm\u00e9tiques....","og_url":"https:\/\/www.certifiedcosmetics.com\/fr\/product\/evaluation-de-la-securite-des-produits-cosmetiques\/evaluation-de-la-securite-des-produits-cosmetiques-cpsr\/","og_site_name":"Certified Cosmetics","article_modified_time":"2025-03-21T12:02:14+00:00","og_image":[{"width":800,"height":800,"url":"https:\/\/www.certifiedcosmetics.com\/wp-content\/uploads\/2023\/11\/cpsr.jpg","type":"image\/jpeg"}],"twitter_card":"summary_large_image","twitter_misc":{"Disponibilit\u00e9":"En stock"},"schema":{"@context":"https:\/\/schema.org","@graph":[{"@type":"WebPage","@id":"https:\/\/www.certifiedcosmetics.com\/fr\/product\/evaluation-de-la-securite-des-produits-cosmetiques\/evaluation-de-la-securite-des-produits-cosmetiques-cpsr\/","url":"https:\/\/www.certifiedcosmetics.com\/fr\/product\/evaluation-de-la-securite-des-produits-cosmetiques\/evaluation-de-la-securite-des-produits-cosmetiques-cpsr\/","name":"Rapport sur la s\u00e9curit\u00e9 des produits cosm\u00e9tiques - CPSR - Certified Cosmetics","isPartOf":{"@id":"https:\/\/www.certifiedcosmetics.com\/fr\/#website"},"primaryImageOfPage":{"@id":"https:\/\/www.certifiedcosmetics.com\/fr\/product\/evaluation-de-la-securite-des-produits-cosmetiques\/evaluation-de-la-securite-des-produits-cosmetiques-cpsr\/#primaryimage"},"image":{"@id":"https:\/\/www.certifiedcosmetics.com\/fr\/product\/evaluation-de-la-securite-des-produits-cosmetiques\/evaluation-de-la-securite-des-produits-cosmetiques-cpsr\/#primaryimage"},"thumbnailUrl":"https:\/\/www.certifiedcosmetics.com\/wp-content\/uploads\/2023\/11\/cpsr.jpg","datePublished":"2023-11-19T11:38:27+00:00","dateModified":"2025-03-21T12:02:14+00:00","breadcrumb":{"@id":"https:\/\/www.certifiedcosmetics.com\/fr\/product\/evaluation-de-la-securite-des-produits-cosmetiques\/evaluation-de-la-securite-des-produits-cosmetiques-cpsr\/#breadcrumb"},"inLanguage":"fr-FR","potentialAction":[{"@type":"ReadAction","target":["https:\/\/www.certifiedcosmetics.com\/fr\/product\/evaluation-de-la-securite-des-produits-cosmetiques\/evaluation-de-la-securite-des-produits-cosmetiques-cpsr\/"]}]},{"@type":"ImageObject","inLanguage":"fr-FR","@id":"https:\/\/www.certifiedcosmetics.com\/fr\/product\/evaluation-de-la-securite-des-produits-cosmetiques\/evaluation-de-la-securite-des-produits-cosmetiques-cpsr\/#primaryimage","url":"https:\/\/www.certifiedcosmetics.com\/wp-content\/uploads\/2023\/11\/cpsr.jpg","contentUrl":"https:\/\/www.certifiedcosmetics.com\/wp-content\/uploads\/2023\/11\/cpsr.jpg","width":800,"height":800},{"@type":"BreadcrumbList","@id":"https:\/\/www.certifiedcosmetics.com\/fr\/product\/evaluation-de-la-securite-des-produits-cosmetiques\/evaluation-de-la-securite-des-produits-cosmetiques-cpsr\/#breadcrumb","itemListElement":[{"@type":"ListItem","position":1,"name":"Home","item":"https:\/\/www.certifiedcosmetics.com\/fr\/"},{"@type":"ListItem","position":2,"name":"Boutique","item":"https:\/\/www.certifiedcosmetics.com\/fr\/boutique\/"},{"@type":"ListItem","position":3,"name":"Rapport sur la s\u00e9curit\u00e9 des produits cosm\u00e9tiques &#8211; CPSR"}]},{"@type":"WebSite","@id":"https:\/\/www.certifiedcosmetics.com\/fr\/#website","url":"https:\/\/www.certifiedcosmetics.com\/fr\/","name":"Certified Cosmetics","description":"Cosmetic Safety Assessment","publisher":{"@id":"https:\/\/www.certifiedcosmetics.com\/fr\/#organization"},"potentialAction":[{"@type":"SearchAction","target":{"@type":"EntryPoint","urlTemplate":"https:\/\/www.certifiedcosmetics.com\/fr\/?s={search_term_string}"},"query-input":{"@type":"PropertyValueSpecification","valueRequired":true,"valueName":"search_term_string"}}],"inLanguage":"fr-FR"},{"@type":"Organization","@id":"https:\/\/www.certifiedcosmetics.com\/fr\/#organization","name":"Certified Cosmetics","url":"https:\/\/www.certifiedcosmetics.com\/fr\/","logo":{"@type":"ImageObject","inLanguage":"fr-FR","@id":"https:\/\/www.certifiedcosmetics.com\/fr\/#\/schema\/logo\/image\/","url":"https:\/\/www.certifiedcosmetics.com\/wp-content\/uploads\/2024\/12\/logo_certified_cosmetics696.jpg","contentUrl":"https:\/\/www.certifiedcosmetics.com\/wp-content\/uploads\/2024\/12\/logo_certified_cosmetics696.jpg","width":696,"height":696,"caption":"Certified Cosmetics"},"image":{"@id":"https:\/\/www.certifiedcosmetics.com\/fr\/#\/schema\/logo\/image\/"},"description":"Your trusted partner for cosmetic product safety reporting. We take care of updating all of your documentation, ensuring your compliance stays current even as regulations evolve. The Cosmetic Product Safety Assessment will give you everything you need to sell specific products to EU consumers.","email":"contact@certifiedcosmetics.com","telephone":"+31 36 2036384","legalName":"Certified Cosmetics","foundingDate":"2010-01-01","vatID":"NL854189543B01","numberOfEmployees":{"@type":"QuantitativeValue","minValue":"11","maxValue":"50"}}]},"og_availability":"instock","product_availability":"instock","product_retailer_item_id":"cpsr","product_condition":"new"},"_links":{"self":[{"href":"https:\/\/www.certifiedcosmetics.com\/fr\/wp-json\/wp\/v2\/product\/7167","targetHints":{"allow":["GET"]}}],"collection":[{"href":"https:\/\/www.certifiedcosmetics.com\/fr\/wp-json\/wp\/v2\/product"}],"about":[{"href":"https:\/\/www.certifiedcosmetics.com\/fr\/wp-json\/wp\/v2\/types\/product"}],"wp:featuredmedia":[{"embeddable":true,"href":"https:\/\/www.certifiedcosmetics.com\/fr\/wp-json\/wp\/v2\/media\/6582"}],"wp:attachment":[{"href":"https:\/\/www.certifiedcosmetics.com\/fr\/wp-json\/wp\/v2\/media?parent=7167"}],"wp:term":[{"taxonomy":"product_brand","embeddable":true,"href":"https:\/\/www.certifiedcosmetics.com\/fr\/wp-json\/wp\/v2\/product_brand?post=7167"},{"taxonomy":"product_cat","embeddable":true,"href":"https:\/\/www.certifiedcosmetics.com\/fr\/wp-json\/wp\/v2\/product_cat?post=7167"},{"taxonomy":"product_tag","embeddable":true,"href":"https:\/\/www.certifiedcosmetics.com\/fr\/wp-json\/wp\/v2\/product_tag?post=7167"}],"curies":[{"name":"wp","href":"https:\/\/api.w.org\/{rel}","templated":true}]}}