{"id":7163,"date":"2023-11-16T23:16:30","date_gmt":"2023-11-16T22:16:30","guid":{"rendered":"https:\/\/www.certifiedcosmetics.com\/product\/test-de-croissance-des-cheveux\/"},"modified":"2024-11-26T09:40:48","modified_gmt":"2024-11-26T08:40:48","slug":"test-de-croissance-des-cheveux","status":"publish","type":"product","link":"https:\/\/www.certifiedcosmetics.com\/fr\/product\/test-defficacite\/test-de-depistage-capillaire\/test-de-croissance-des-cheveux\/","title":{"rendered":"Test de croissance des cheveux"},"content":{"rendered":"<p>Le test de croissance des cheveux est utilis\u00e9 pour \u00e9valuer l&#8217;efficacit\u00e9 des produits, des traitements ou des interventions con\u00e7us pour favoriser la croissance des cheveux ou pr\u00e9venir leur chute. Des \u00e9tudes contr\u00f4l\u00e9es avec des participants humains peuvent \u00eatre men\u00e9es pour \u00e9valuer les effets de traitements ou de produits sp\u00e9cifiques pour la croissance des cheveux. Les essais comprennent des \u00e9valuations avant et apr\u00e8s de la croissance et de l&#8217;\u00e9paisseur des cheveux, ainsi que de la sant\u00e9 g\u00e9n\u00e9rale du cuir chevelu ; ils visent \u00e0 mesurer et \u00e0 \u00e9valuer l&#8217;impact de divers facteurs sur les taux de croissance des cheveux, la densit\u00e9 des cheveux et la sant\u00e9 g\u00e9n\u00e9rale du cuir chevelu et des follicules pileux.<\/p>\n<p>Ce test consiste \u00e0 :<\/p>\n<ol>\n<li><strong>Essais cliniques :<\/strong> \u00c0 l&#8217;aide d&#8217;un appareil grossissant sp\u00e9cialis\u00e9 appel\u00e9 trichoscope, le cuir chevelu et les follicules pileux sont examin\u00e9s. Il permet une analyse d\u00e9taill\u00e9e de la densit\u00e9 des cheveux, de la sant\u00e9 des follicules et de la pr\u00e9sence de follicules miniaturis\u00e9s ou inactifs.<\/li>\n<li><strong>Mesures instrumentales :<\/strong> Prise d&#8217;images haute r\u00e9solution d&#8217;une zone sp\u00e9cifique du cuir chevelu et analyse du nombre, de l&#8217;\u00e9paisseur et de la phase de croissance de chaque cheveu. Cette mesure fournit des donn\u00e9es quantitatives sur la croissance des cheveux au fil du temps.<\/li>\n<li><strong>\u00c9valuations des dermatologues :<\/strong> Les dermatologues peuvent \u00e9valuer l&#8217;\u00e9tat du cuir chevelu et des cheveux des personnes avant et apr\u00e8s l&#8217;utilisation de produits de promotion des cheveux afin de fournir une \u00e9valuation professionnelle de l&#8217;efficacit\u00e9 du produit.<\/li>\n<\/ol>\n<p>L&#8217;\u00e9tape suivante peut \u00eatre ajout\u00e9e \u00e0 la demande du client et co\u00fbte plus cher :<\/p>\n<ol>\n<li><strong>\u00c9valuations subjectives :<\/strong> Les participants qui utilisent des produits de croissance capillaire ou qui subissent des traitements peuvent fournir des commentaires subjectifs sur les changements dans la qualit\u00e9, l&#8217;\u00e9paisseur et la force des cheveux, ainsi que sur la sant\u00e9 g\u00e9n\u00e9rale du cuir chevelu. Il peut s&#8217;agir de questionnaires d&#8217;auto-\u00e9valuation ou d&#8217;enqu\u00eates.<\/li>\n<\/ol>\n<p>Il est important de noter que l&#8217;efficacit\u00e9 des produits antirides peut varier, et que les r\u00e9actions individuelles peuvent diff\u00e9rer en fonction de facteurs tels que le type de peau, l&#8217;\u00e2ge et la gravit\u00e9 de la perte de cheveux.<\/p>\n<p>Nous conseillons de consulter pour obtenir des recommandations personnalis\u00e9es en fonction du contenu de la formulation et des caract\u00e9ristiques du produit.<\/p>\n","protected":false},"excerpt":{"rendered":"<div class=\"bt_bb_button bt_bb_color_scheme_6 bt_bb_icon_position_left bt_bb_style_filled bt_bb_width_inline bt_bb_shape_inherit bt_bb_target_self bt_bb_text_transform_inherit bt_bb_fe_edit bt_bb_size_normal bt_bb_align_inherit\" style=\"; --primary-color: #ffffff; --secondary-color: #0bc270;\" data-base=\"bt_bb_button\"><a class=\"bt_bb_link\" title=\"\u00c9VALUATION DE LA S\u00c9CURIT\u00c9 DU SAVON\" href=\"https:\/\/www.certifiedcosmetics.com\/services\/get-quote\/\" target=\"_self\" rel=\"noopener\"><span class=\"bt_bb_button_text\">DEMANDE DE DEVIS<\/span><\/a><\/div>\n","protected":false},"featured_media":6537,"template":"","meta":[],"product_brand":[],"product_cat":[123,124],"product_tag":[],"class_list":{"0":"post-7163","1":"product","2":"type-product","3":"status-publish","4":"has-post-thumbnail","6":"product_cat-test-defficacite","7":"product_cat-test-de-depistage-capillaire","9":"first","10":"instock","11":"virtual","12":"taxable","13":"product-type-simple"},"bundled_by":[],"bundle_stock_status":"instock","bundle_stock_quantity":null,"bundle_virtual":false,"bundle_layout":"","bundle_add_to_cart_form_location":"","bundle_editable_in_cart":false,"bundle_sold_individually_context":"","bundle_item_grouping":"","bundle_min_size":"","bundle_max_size":"","bundle_price":[],"bundled_items":[],"bundle_sell_ids":[],"yoast_head":"<!-- This site is optimized with the Yoast SEO Premium plugin v25.4 (Yoast SEO v25.4) - https:\/\/yoast.com\/wordpress\/plugins\/seo\/ -->\n<title>Test de croissance des cheveux - Certified Cosmetics<\/title>\n<meta name=\"robots\" content=\"index, follow, max-snippet:-1, max-image-preview:large, max-video-preview:-1\" \/>\n<link rel=\"canonical\" href=\"https:\/\/www.certifiedcosmetics.com\/fr\/product\/test-defficacite\/test-de-depistage-capillaire\/test-de-croissance-des-cheveux\/\" \/>\n<meta property=\"og:locale\" content=\"fr_FR\" \/>\n<meta property=\"og:type\" content=\"article\" \/>\n<meta property=\"og:title\" content=\"Test de croissance des cheveux\" \/>\n<meta property=\"og:description\" content=\"DEMANDE DE DEVIS\" \/>\n<meta property=\"og:url\" content=\"https:\/\/www.certifiedcosmetics.com\/fr\/product\/test-defficacite\/test-de-depistage-capillaire\/test-de-croissance-des-cheveux\/\" \/>\n<meta property=\"og:site_name\" content=\"Certified Cosmetics\" \/>\n<meta property=\"article:modified_time\" content=\"2024-11-26T08:40:48+00:00\" \/>\n<meta property=\"og:image\" content=\"https:\/\/www.certifiedcosmetics.com\/wp-content\/uploads\/2023\/11\/hairfrowth.jpg\" \/>\n\t<meta property=\"og:image:width\" content=\"800\" \/>\n\t<meta property=\"og:image:height\" content=\"800\" \/>\n\t<meta property=\"og:image:type\" content=\"image\/jpeg\" \/>\n<meta name=\"twitter:card\" content=\"summary_large_image\" \/>\n<meta name=\"twitter:label1\" content=\"Prix\" \/>\n\t<meta name=\"twitter:data1\" content=\"\" \/>\n\t<meta name=\"twitter:label2\" content=\"Disponibilit\u00e9\" \/>\n\t<meta name=\"twitter:data2\" content=\"En stock\" \/>\n<script type=\"application\/ld+json\" class=\"yoast-schema-graph\">{\"@context\":\"https:\/\/schema.org\",\"@graph\":[{\"@type\":\"WebPage\",\"@id\":\"https:\/\/www.certifiedcosmetics.com\/fr\/product\/test-defficacite\/test-de-depistage-capillaire\/test-de-croissance-des-cheveux\/\",\"url\":\"https:\/\/www.certifiedcosmetics.com\/fr\/product\/test-defficacite\/test-de-depistage-capillaire\/test-de-croissance-des-cheveux\/\",\"name\":\"Test de croissance des cheveux - Certified Cosmetics\",\"isPartOf\":{\"@id\":\"https:\/\/www.certifiedcosmetics.com\/fr\/#website\"},\"primaryImageOfPage\":{\"@id\":\"https:\/\/www.certifiedcosmetics.com\/fr\/product\/test-defficacite\/test-de-depistage-capillaire\/test-de-croissance-des-cheveux\/#primaryimage\"},\"image\":{\"@id\":\"https:\/\/www.certifiedcosmetics.com\/fr\/product\/test-defficacite\/test-de-depistage-capillaire\/test-de-croissance-des-cheveux\/#primaryimage\"},\"thumbnailUrl\":\"https:\/\/www.certifiedcosmetics.com\/wp-content\/uploads\/2023\/11\/hairfrowth.jpg\",\"datePublished\":\"2023-11-16T22:16:30+00:00\",\"dateModified\":\"2024-11-26T08:40:48+00:00\",\"breadcrumb\":{\"@id\":\"https:\/\/www.certifiedcosmetics.com\/fr\/product\/test-defficacite\/test-de-depistage-capillaire\/test-de-croissance-des-cheveux\/#breadcrumb\"},\"inLanguage\":\"fr-FR\",\"potentialAction\":[{\"@type\":\"ReadAction\",\"target\":[\"https:\/\/www.certifiedcosmetics.com\/fr\/product\/test-defficacite\/test-de-depistage-capillaire\/test-de-croissance-des-cheveux\/\"]}]},{\"@type\":\"ImageObject\",\"inLanguage\":\"fr-FR\",\"@id\":\"https:\/\/www.certifiedcosmetics.com\/fr\/product\/test-defficacite\/test-de-depistage-capillaire\/test-de-croissance-des-cheveux\/#primaryimage\",\"url\":\"https:\/\/www.certifiedcosmetics.com\/wp-content\/uploads\/2023\/11\/hairfrowth.jpg\",\"contentUrl\":\"https:\/\/www.certifiedcosmetics.com\/wp-content\/uploads\/2023\/11\/hairfrowth.jpg\",\"width\":800,\"height\":800},{\"@type\":\"BreadcrumbList\",\"@id\":\"https:\/\/www.certifiedcosmetics.com\/fr\/product\/test-defficacite\/test-de-depistage-capillaire\/test-de-croissance-des-cheveux\/#breadcrumb\",\"itemListElement\":[{\"@type\":\"ListItem\",\"position\":1,\"name\":\"Home\",\"item\":\"https:\/\/www.certifiedcosmetics.com\/fr\/\"},{\"@type\":\"ListItem\",\"position\":2,\"name\":\"Boutique\",\"item\":\"https:\/\/www.certifiedcosmetics.com\/fr\/boutique\/\"},{\"@type\":\"ListItem\",\"position\":3,\"name\":\"Test de croissance des cheveux\"}]},{\"@type\":\"WebSite\",\"@id\":\"https:\/\/www.certifiedcosmetics.com\/fr\/#website\",\"url\":\"https:\/\/www.certifiedcosmetics.com\/fr\/\",\"name\":\"Certified Cosmetics\",\"description\":\"Cosmetic Safety Assessment\",\"publisher\":{\"@id\":\"https:\/\/www.certifiedcosmetics.com\/fr\/#organization\"},\"potentialAction\":[{\"@type\":\"SearchAction\",\"target\":{\"@type\":\"EntryPoint\",\"urlTemplate\":\"https:\/\/www.certifiedcosmetics.com\/fr\/?s={search_term_string}\"},\"query-input\":{\"@type\":\"PropertyValueSpecification\",\"valueRequired\":true,\"valueName\":\"search_term_string\"}}],\"inLanguage\":\"fr-FR\"},{\"@type\":\"Organization\",\"@id\":\"https:\/\/www.certifiedcosmetics.com\/fr\/#organization\",\"name\":\"Certified Cosmetics\",\"url\":\"https:\/\/www.certifiedcosmetics.com\/fr\/\",\"logo\":{\"@type\":\"ImageObject\",\"inLanguage\":\"fr-FR\",\"@id\":\"https:\/\/www.certifiedcosmetics.com\/fr\/#\/schema\/logo\/image\/\",\"url\":\"https:\/\/www.certifiedcosmetics.com\/wp-content\/uploads\/2024\/12\/logo_certified_cosmetics696.jpg\",\"contentUrl\":\"https:\/\/www.certifiedcosmetics.com\/wp-content\/uploads\/2024\/12\/logo_certified_cosmetics696.jpg\",\"width\":696,\"height\":696,\"caption\":\"Certified Cosmetics\"},\"image\":{\"@id\":\"https:\/\/www.certifiedcosmetics.com\/fr\/#\/schema\/logo\/image\/\"},\"description\":\"Your trusted partner for cosmetic product safety reporting. We take care of updating all of your documentation, ensuring your compliance stays current even as regulations evolve. The Cosmetic Product Safety Assessment will give you everything you need to sell specific products to EU consumers.\",\"email\":\"contact@certifiedcosmetics.com\",\"telephone\":\"+31 36 2036384\",\"legalName\":\"Certified Cosmetics\",\"foundingDate\":\"2010-01-01\",\"vatID\":\"NL854189543B01\",\"numberOfEmployees\":{\"@type\":\"QuantitativeValue\",\"minValue\":\"11\",\"maxValue\":\"50\"}}]}<\/script>\n<meta property=\"product:price:currency\" content=\"USD\" \/>\n<meta property=\"og:availability\" content=\"instock\" \/>\n<meta property=\"product:availability\" content=\"instock\" \/>\n<meta property=\"product:retailer_item_id\" content=\"CC100071\" \/>\n<meta property=\"product:condition\" content=\"new\" \/>\n<!-- \/ Yoast SEO Premium plugin. -->","yoast_head_json":{"title":"Test de croissance des cheveux - Certified Cosmetics","robots":{"index":"index","follow":"follow","max-snippet":"max-snippet:-1","max-image-preview":"max-image-preview:large","max-video-preview":"max-video-preview:-1"},"canonical":"https:\/\/www.certifiedcosmetics.com\/fr\/product\/test-defficacite\/test-de-depistage-capillaire\/test-de-croissance-des-cheveux\/","og_locale":"fr_FR","og_type":"article","og_title":"Test de croissance des cheveux","og_description":"DEMANDE DE DEVIS","og_url":"https:\/\/www.certifiedcosmetics.com\/fr\/product\/test-defficacite\/test-de-depistage-capillaire\/test-de-croissance-des-cheveux\/","og_site_name":"Certified Cosmetics","article_modified_time":"2024-11-26T08:40:48+00:00","og_image":[{"width":800,"height":800,"url":"https:\/\/www.certifiedcosmetics.com\/wp-content\/uploads\/2023\/11\/hairfrowth.jpg","type":"image\/jpeg"}],"twitter_card":"summary_large_image","twitter_misc":{"Prix":"","Disponibilit\u00e9":"En stock"},"schema":{"@context":"https:\/\/schema.org","@graph":[{"@type":"WebPage","@id":"https:\/\/www.certifiedcosmetics.com\/fr\/product\/test-defficacite\/test-de-depistage-capillaire\/test-de-croissance-des-cheveux\/","url":"https:\/\/www.certifiedcosmetics.com\/fr\/product\/test-defficacite\/test-de-depistage-capillaire\/test-de-croissance-des-cheveux\/","name":"Test de croissance des cheveux - Certified Cosmetics","isPartOf":{"@id":"https:\/\/www.certifiedcosmetics.com\/fr\/#website"},"primaryImageOfPage":{"@id":"https:\/\/www.certifiedcosmetics.com\/fr\/product\/test-defficacite\/test-de-depistage-capillaire\/test-de-croissance-des-cheveux\/#primaryimage"},"image":{"@id":"https:\/\/www.certifiedcosmetics.com\/fr\/product\/test-defficacite\/test-de-depistage-capillaire\/test-de-croissance-des-cheveux\/#primaryimage"},"thumbnailUrl":"https:\/\/www.certifiedcosmetics.com\/wp-content\/uploads\/2023\/11\/hairfrowth.jpg","datePublished":"2023-11-16T22:16:30+00:00","dateModified":"2024-11-26T08:40:48+00:00","breadcrumb":{"@id":"https:\/\/www.certifiedcosmetics.com\/fr\/product\/test-defficacite\/test-de-depistage-capillaire\/test-de-croissance-des-cheveux\/#breadcrumb"},"inLanguage":"fr-FR","potentialAction":[{"@type":"ReadAction","target":["https:\/\/www.certifiedcosmetics.com\/fr\/product\/test-defficacite\/test-de-depistage-capillaire\/test-de-croissance-des-cheveux\/"]}]},{"@type":"ImageObject","inLanguage":"fr-FR","@id":"https:\/\/www.certifiedcosmetics.com\/fr\/product\/test-defficacite\/test-de-depistage-capillaire\/test-de-croissance-des-cheveux\/#primaryimage","url":"https:\/\/www.certifiedcosmetics.com\/wp-content\/uploads\/2023\/11\/hairfrowth.jpg","contentUrl":"https:\/\/www.certifiedcosmetics.com\/wp-content\/uploads\/2023\/11\/hairfrowth.jpg","width":800,"height":800},{"@type":"BreadcrumbList","@id":"https:\/\/www.certifiedcosmetics.com\/fr\/product\/test-defficacite\/test-de-depistage-capillaire\/test-de-croissance-des-cheveux\/#breadcrumb","itemListElement":[{"@type":"ListItem","position":1,"name":"Home","item":"https:\/\/www.certifiedcosmetics.com\/fr\/"},{"@type":"ListItem","position":2,"name":"Boutique","item":"https:\/\/www.certifiedcosmetics.com\/fr\/boutique\/"},{"@type":"ListItem","position":3,"name":"Test de croissance des cheveux"}]},{"@type":"WebSite","@id":"https:\/\/www.certifiedcosmetics.com\/fr\/#website","url":"https:\/\/www.certifiedcosmetics.com\/fr\/","name":"Certified Cosmetics","description":"Cosmetic Safety Assessment","publisher":{"@id":"https:\/\/www.certifiedcosmetics.com\/fr\/#organization"},"potentialAction":[{"@type":"SearchAction","target":{"@type":"EntryPoint","urlTemplate":"https:\/\/www.certifiedcosmetics.com\/fr\/?s={search_term_string}"},"query-input":{"@type":"PropertyValueSpecification","valueRequired":true,"valueName":"search_term_string"}}],"inLanguage":"fr-FR"},{"@type":"Organization","@id":"https:\/\/www.certifiedcosmetics.com\/fr\/#organization","name":"Certified Cosmetics","url":"https:\/\/www.certifiedcosmetics.com\/fr\/","logo":{"@type":"ImageObject","inLanguage":"fr-FR","@id":"https:\/\/www.certifiedcosmetics.com\/fr\/#\/schema\/logo\/image\/","url":"https:\/\/www.certifiedcosmetics.com\/wp-content\/uploads\/2024\/12\/logo_certified_cosmetics696.jpg","contentUrl":"https:\/\/www.certifiedcosmetics.com\/wp-content\/uploads\/2024\/12\/logo_certified_cosmetics696.jpg","width":696,"height":696,"caption":"Certified Cosmetics"},"image":{"@id":"https:\/\/www.certifiedcosmetics.com\/fr\/#\/schema\/logo\/image\/"},"description":"Your trusted partner for cosmetic product safety reporting. We take care of updating all of your documentation, ensuring your compliance stays current even as regulations evolve. The Cosmetic Product Safety Assessment will give you everything you need to sell specific products to EU consumers.","email":"contact@certifiedcosmetics.com","telephone":"+31 36 2036384","legalName":"Certified Cosmetics","foundingDate":"2010-01-01","vatID":"NL854189543B01","numberOfEmployees":{"@type":"QuantitativeValue","minValue":"11","maxValue":"50"}}]},"product_price_currency":"USD","og_availability":"instock","product_availability":"instock","product_retailer_item_id":"CC100071","product_condition":"new"},"_links":{"self":[{"href":"https:\/\/www.certifiedcosmetics.com\/fr\/wp-json\/wp\/v2\/product\/7163","targetHints":{"allow":["GET"]}}],"collection":[{"href":"https:\/\/www.certifiedcosmetics.com\/fr\/wp-json\/wp\/v2\/product"}],"about":[{"href":"https:\/\/www.certifiedcosmetics.com\/fr\/wp-json\/wp\/v2\/types\/product"}],"wp:featuredmedia":[{"embeddable":true,"href":"https:\/\/www.certifiedcosmetics.com\/fr\/wp-json\/wp\/v2\/media\/6537"}],"wp:attachment":[{"href":"https:\/\/www.certifiedcosmetics.com\/fr\/wp-json\/wp\/v2\/media?parent=7163"}],"wp:term":[{"taxonomy":"product_brand","embeddable":true,"href":"https:\/\/www.certifiedcosmetics.com\/fr\/wp-json\/wp\/v2\/product_brand?post=7163"},{"taxonomy":"product_cat","embeddable":true,"href":"https:\/\/www.certifiedcosmetics.com\/fr\/wp-json\/wp\/v2\/product_cat?post=7163"},{"taxonomy":"product_tag","embeddable":true,"href":"https:\/\/www.certifiedcosmetics.com\/fr\/wp-json\/wp\/v2\/product_tag?post=7163"}],"curies":[{"name":"wp","href":"https:\/\/api.w.org\/{rel}","templated":true}]}}