{"id":7162,"date":"2023-11-19T12:37:49","date_gmt":"2023-11-19T11:37:49","guid":{"rendered":"https:\/\/www.certifiedcosmetics.com\/product\/fichier-dinformation-sur-le-produit-pif\/"},"modified":"2024-11-26T15:50:15","modified_gmt":"2024-11-26T14:50:15","slug":"fichier-dinformation-sur-le-produit-pif","status":"publish","type":"product","link":"https:\/\/www.certifiedcosmetics.com\/fr\/product\/evaluation-de-la-securite-des-produits-cosmetiques\/fichier-dinformation-sur-le-produit-pif\/","title":{"rendered":"Fichier d&#8217;information sur le produit PIF"},"content":{"rendered":"<p>Le fichier d&#8217;information sur les produits peut \u00eatre cr\u00e9\u00e9 par nos soins lorsque toutes les informations n\u00e9cessaires \u00e0 la cr\u00e9ation du PIF sont disponibles. Nous structurerons tes informations dans le bon format. Si des informations sont manquantes, nous t&#8217;indiquerons la marche \u00e0 suivre pour les compl\u00e9ter.  <\/p>\n<h2>Qu&#8217;est-ce qu&#8217;un fichier d&#8217;information sur les produits cosm\u00e9tiques (PIF) ?<\/h2>\n<p>Le fichier d&#8217;information sur les produits cosm\u00e9tiques (PIF) est un document complet qui sert de r\u00e9pertoire central des informations relatives \u00e0 un produit cosm\u00e9tique. Il s&#8217;agit d&#8217;une exigence obligatoire en vertu du r\u00e8glement sur les cosm\u00e9tiques de l&#8217;Union europ\u00e9enne (UE) (r\u00e8glement (CE) n\u00b0 1223\/2009). Le PIF est destin\u00e9 \u00e0 permettre aux autorit\u00e9s comp\u00e9tentes d&#8217;acc\u00e9der \u00e0 des d\u00e9tails cl\u00e9s concernant un produit cosm\u00e9tique et son \u00e9valuation de la s\u00e9curit\u00e9.<\/p>\n<p>Voici les \u00e9l\u00e9ments cl\u00e9s que l&#8217;on trouve g\u00e9n\u00e9ralement dans un dossier d&#8217;information sur les produits cosm\u00e9tiques (PIF) :<\/p>\n<ol>\n<li><strong>Informations sur le produit :<\/strong> Cette section comprend des d\u00e9tails tels que le nom du produit, sa cat\u00e9gorie et l&#8217;utilisation pr\u00e9vue. Il pr\u00e9cise \u00e9galement le nom et l&#8217;adresse de la personne responsable &#8211; l&#8217;entit\u00e9 ou la personne responsable de la mise sur le march\u00e9 du produit cosm\u00e9tique.<\/li>\n<li><strong>Rapport sur la s\u00e9curit\u00e9 des produits cosm\u00e9tiques (CPSR) :<\/strong> Le FIP contient le rapport complet sur la s\u00e9curit\u00e9 des produits cosm\u00e9tiques, qui est une \u00e9valuation compl\u00e8te de la s\u00e9curit\u00e9 du produit cosm\u00e9tique. Le CPSR comprend des informations sur la composition du produit, l&#8217;\u00e9valuation de l&#8217;exposition, le profil toxicologique, l&#8217;\u00e9valuation de la s\u00e9curit\u00e9 et d&#8217;autres d\u00e9tails pertinents.<\/li>\n<li><strong>M\u00e9thode de fabrication :<\/strong> Les informations sur le processus de fabrication, y compris les d\u00e9tails sur les installations, l&#8217;\u00e9quipement et les mesures de contr\u00f4le de la qualit\u00e9, sont fournies dans cette section.<\/li>\n<li><strong>Conformit\u00e9 aux bonnes pratiques de fabrication (BPF) :<\/strong> Le FRP comprend des documents d\u00e9montrant que le produit cosm\u00e9tique est fabriqu\u00e9 conform\u00e9ment aux bonnes pratiques de fabrication afin d&#8217;en assurer la s\u00e9curit\u00e9 et la qualit\u00e9.<\/li>\n<li><strong>Donn\u00e9es sur les tests sur les animaux :<\/strong> Les d\u00e9tails concernant toute exp\u00e9rimentation animale men\u00e9e sur le produit cosm\u00e9tique ou ses ingr\u00e9dients, y compris les justifications de ces tests, sont inclus dans le FIP. Cependant, il est essentiel de noter que l&#8217;exp\u00e9rimentation animale pour les cosm\u00e9tiques est interdite dans l&#8217;UE, et que les m\u00e9thodes d&#8217;exp\u00e9rimentation alternatives sont encourag\u00e9es.<\/li>\n<li><strong>Donn\u00e9es sur la stabilit\u00e9 :<\/strong> Des informations sur la stabilit\u00e9 du produit cosm\u00e9tique dans diverses conditions (par exemple, temp\u00e9rature, lumi\u00e8re) sont incluses pour s&#8217;assurer que le produit reste s\u00fbr et efficace tout au long de sa dur\u00e9e de conservation.<\/li>\n<li><strong>Informations sur l&#8217;\u00e9tiquetage :<\/strong> Le PIF comprend des d\u00e9tails sur l&#8217;\u00e9tiquetage du produit cosm\u00e9tique, en veillant \u00e0 ce qu&#8217;il soit conforme aux exigences pertinentes en mati\u00e8re d&#8217;\u00e9tiquetage d\u00e9crites dans le r\u00e8glement cosm\u00e9tique de l&#8217;UE.<\/li>\n<\/ol>\n<p>Le FRP est un document confidentiel, et sa disponibilit\u00e9 est essentielle pour le respect de la r\u00e9glementation et la surveillance du march\u00e9. La personne responsable doit conserver le FIP \u00e0 jour et accessible aux autorit\u00e9s comp\u00e9tentes pendant une p\u00e9riode de 10 ans apr\u00e8s la mise sur le march\u00e9 du dernier lot du produit cosm\u00e9tique. Le FRA fournit un aper\u00e7u complet de la s\u00e9curit\u00e9 du produit cosm\u00e9tique et de sa conformit\u00e9 aux exigences r\u00e9glementaires.<\/p>\n","protected":false},"excerpt":{"rendered":"<p>Le fichier d&#8217;information sur les produits peut \u00eatre cr\u00e9\u00e9 par nos soins lorsque toutes les informations n\u00e9cessaires \u00e0 la cr\u00e9ation du PIF sont disponibles. Nous structurerons tes informations dans le bon format. Si des informations sont manquantes, nous t&#8217;indiquerons la marche \u00e0 suivre pour les compl\u00e9ter. Qu&#8217;est-ce qu&#8217;un fichier d&#8217;information sur les produits cosm\u00e9tiques (PIF)&#8230;<\/p>\n","protected":false},"featured_media":6577,"template":"","meta":[],"product_brand":[],"product_cat":[113],"product_tag":[],"class_list":{"0":"post-7162","1":"product","2":"type-product","3":"status-publish","4":"has-post-thumbnail","6":"product_cat-evaluation-de-la-securite-des-produits-cosmetiques","8":"first","9":"instock","10":"virtual","11":"taxable","12":"purchasable","13":"product-type-simple"},"bundled_by":["6852","6852","6852","6852","6852","6797","11922","14682","14799","6852","6852","6852","6852"],"bundle_stock_status":"instock","bundle_stock_quantity":null,"bundle_virtual":false,"bundle_layout":"","bundle_add_to_cart_form_location":"","bundle_editable_in_cart":false,"bundle_sold_individually_context":"","bundle_item_grouping":"","bundle_min_size":"","bundle_max_size":"","bundle_price":[],"bundled_items":[],"bundle_sell_ids":[],"yoast_head":"<!-- This site is optimized with the Yoast SEO Premium plugin v25.4 (Yoast SEO v25.4) - https:\/\/yoast.com\/wordpress\/plugins\/seo\/ -->\n<title>Fichier d&#039;information sur le produit PIF - Certified Cosmetics<\/title>\n<meta name=\"robots\" content=\"index, follow, max-snippet:-1, max-image-preview:large, max-video-preview:-1\" \/>\n<link rel=\"canonical\" href=\"https:\/\/www.certifiedcosmetics.com\/fr\/product\/evaluation-de-la-securite-des-produits-cosmetiques\/fichier-dinformation-sur-le-produit-pif\/\" \/>\n<meta property=\"og:locale\" content=\"fr_FR\" \/>\n<meta property=\"og:type\" content=\"article\" \/>\n<meta property=\"og:title\" content=\"Fichier d&#039;information sur le produit PIF\" \/>\n<meta property=\"og:description\" content=\"Le fichier d&#8217;information sur les produits peut \u00eatre cr\u00e9\u00e9 par nos soins lorsque toutes les informations n\u00e9cessaires \u00e0 la cr\u00e9ation du PIF sont disponibles. Nous structurerons tes informations dans le bon format. Si des informations sont manquantes, nous t&#8217;indiquerons la marche \u00e0 suivre pour les compl\u00e9ter. Qu&#8217;est-ce qu&#8217;un fichier d&#8217;information sur les produits cosm\u00e9tiques (PIF)...\" \/>\n<meta property=\"og:url\" content=\"https:\/\/www.certifiedcosmetics.com\/fr\/product\/evaluation-de-la-securite-des-produits-cosmetiques\/fichier-dinformation-sur-le-produit-pif\/\" \/>\n<meta property=\"og:site_name\" content=\"Certified Cosmetics\" \/>\n<meta property=\"article:modified_time\" content=\"2024-11-26T14:50:15+00:00\" \/>\n<meta property=\"og:image\" content=\"https:\/\/www.certifiedcosmetics.com\/wp-content\/uploads\/2023\/11\/pif.jpg\" \/>\n\t<meta property=\"og:image:width\" content=\"800\" \/>\n\t<meta property=\"og:image:height\" content=\"800\" \/>\n\t<meta property=\"og:image:type\" content=\"image\/jpeg\" \/>\n<meta name=\"twitter:card\" content=\"summary_large_image\" \/>\n<meta name=\"twitter:label1\" content=\"Prix\" \/>\n\t<meta name=\"twitter:data1\" content=\"&#036;58.47\" \/>\n\t<meta name=\"twitter:label2\" content=\"Disponibilit\u00e9\" \/>\n\t<meta name=\"twitter:data2\" content=\"En stock\" \/>\n<script type=\"application\/ld+json\" class=\"yoast-schema-graph\">{\"@context\":\"https:\/\/schema.org\",\"@graph\":[{\"@type\":\"WebPage\",\"@id\":\"https:\/\/www.certifiedcosmetics.com\/fr\/product\/evaluation-de-la-securite-des-produits-cosmetiques\/fichier-dinformation-sur-le-produit-pif\/\",\"url\":\"https:\/\/www.certifiedcosmetics.com\/fr\/product\/evaluation-de-la-securite-des-produits-cosmetiques\/fichier-dinformation-sur-le-produit-pif\/\",\"name\":\"Fichier d'information sur le produit PIF - Certified Cosmetics\",\"isPartOf\":{\"@id\":\"https:\/\/www.certifiedcosmetics.com\/fr\/#website\"},\"primaryImageOfPage\":{\"@id\":\"https:\/\/www.certifiedcosmetics.com\/fr\/product\/evaluation-de-la-securite-des-produits-cosmetiques\/fichier-dinformation-sur-le-produit-pif\/#primaryimage\"},\"image\":{\"@id\":\"https:\/\/www.certifiedcosmetics.com\/fr\/product\/evaluation-de-la-securite-des-produits-cosmetiques\/fichier-dinformation-sur-le-produit-pif\/#primaryimage\"},\"thumbnailUrl\":\"https:\/\/www.certifiedcosmetics.com\/wp-content\/uploads\/2023\/11\/pif.jpg\",\"datePublished\":\"2023-11-19T11:37:49+00:00\",\"dateModified\":\"2024-11-26T14:50:15+00:00\",\"breadcrumb\":{\"@id\":\"https:\/\/www.certifiedcosmetics.com\/fr\/product\/evaluation-de-la-securite-des-produits-cosmetiques\/fichier-dinformation-sur-le-produit-pif\/#breadcrumb\"},\"inLanguage\":\"fr-FR\",\"potentialAction\":[{\"@type\":\"ReadAction\",\"target\":[\"https:\/\/www.certifiedcosmetics.com\/fr\/product\/evaluation-de-la-securite-des-produits-cosmetiques\/fichier-dinformation-sur-le-produit-pif\/\"]}]},{\"@type\":\"ImageObject\",\"inLanguage\":\"fr-FR\",\"@id\":\"https:\/\/www.certifiedcosmetics.com\/fr\/product\/evaluation-de-la-securite-des-produits-cosmetiques\/fichier-dinformation-sur-le-produit-pif\/#primaryimage\",\"url\":\"https:\/\/www.certifiedcosmetics.com\/wp-content\/uploads\/2023\/11\/pif.jpg\",\"contentUrl\":\"https:\/\/www.certifiedcosmetics.com\/wp-content\/uploads\/2023\/11\/pif.jpg\",\"width\":800,\"height\":800},{\"@type\":\"BreadcrumbList\",\"@id\":\"https:\/\/www.certifiedcosmetics.com\/fr\/product\/evaluation-de-la-securite-des-produits-cosmetiques\/fichier-dinformation-sur-le-produit-pif\/#breadcrumb\",\"itemListElement\":[{\"@type\":\"ListItem\",\"position\":1,\"name\":\"Home\",\"item\":\"https:\/\/www.certifiedcosmetics.com\/fr\/\"},{\"@type\":\"ListItem\",\"position\":2,\"name\":\"Boutique\",\"item\":\"https:\/\/www.certifiedcosmetics.com\/fr\/boutique\/\"},{\"@type\":\"ListItem\",\"position\":3,\"name\":\"Fichier d&#8217;information sur le produit PIF\"}]},{\"@type\":\"WebSite\",\"@id\":\"https:\/\/www.certifiedcosmetics.com\/fr\/#website\",\"url\":\"https:\/\/www.certifiedcosmetics.com\/fr\/\",\"name\":\"Certified Cosmetics\",\"description\":\"Cosmetic Safety Assessment\",\"publisher\":{\"@id\":\"https:\/\/www.certifiedcosmetics.com\/fr\/#organization\"},\"potentialAction\":[{\"@type\":\"SearchAction\",\"target\":{\"@type\":\"EntryPoint\",\"urlTemplate\":\"https:\/\/www.certifiedcosmetics.com\/fr\/?s={search_term_string}\"},\"query-input\":{\"@type\":\"PropertyValueSpecification\",\"valueRequired\":true,\"valueName\":\"search_term_string\"}}],\"inLanguage\":\"fr-FR\"},{\"@type\":\"Organization\",\"@id\":\"https:\/\/www.certifiedcosmetics.com\/fr\/#organization\",\"name\":\"Certified Cosmetics\",\"url\":\"https:\/\/www.certifiedcosmetics.com\/fr\/\",\"logo\":{\"@type\":\"ImageObject\",\"inLanguage\":\"fr-FR\",\"@id\":\"https:\/\/www.certifiedcosmetics.com\/fr\/#\/schema\/logo\/image\/\",\"url\":\"https:\/\/www.certifiedcosmetics.com\/wp-content\/uploads\/2024\/12\/logo_certified_cosmetics696.jpg\",\"contentUrl\":\"https:\/\/www.certifiedcosmetics.com\/wp-content\/uploads\/2024\/12\/logo_certified_cosmetics696.jpg\",\"width\":696,\"height\":696,\"caption\":\"Certified Cosmetics\"},\"image\":{\"@id\":\"https:\/\/www.certifiedcosmetics.com\/fr\/#\/schema\/logo\/image\/\"},\"description\":\"Your trusted partner for cosmetic product safety reporting. We take care of updating all of your documentation, ensuring your compliance stays current even as regulations evolve. The Cosmetic Product Safety Assessment will give you everything you need to sell specific products to EU consumers.\",\"email\":\"contact@certifiedcosmetics.com\",\"telephone\":\"+31 36 2036384\",\"legalName\":\"Certified Cosmetics\",\"foundingDate\":\"2010-01-01\",\"vatID\":\"NL854189543B01\",\"numberOfEmployees\":{\"@type\":\"QuantitativeValue\",\"minValue\":\"11\",\"maxValue\":\"50\"}}]}<\/script>\n<meta property=\"product:price:amount\" content=\"58.47\" \/>\n<meta property=\"product:price:currency\" content=\"USD\" \/>\n<meta property=\"og:availability\" content=\"instock\" \/>\n<meta property=\"product:availability\" content=\"instock\" \/>\n<meta property=\"product:retailer_item_id\" content=\"CC100120\" \/>\n<meta property=\"product:condition\" content=\"new\" \/>\n<!-- \/ Yoast SEO Premium plugin. -->","yoast_head_json":{"title":"Fichier d'information sur le produit PIF - Certified Cosmetics","robots":{"index":"index","follow":"follow","max-snippet":"max-snippet:-1","max-image-preview":"max-image-preview:large","max-video-preview":"max-video-preview:-1"},"canonical":"https:\/\/www.certifiedcosmetics.com\/fr\/product\/evaluation-de-la-securite-des-produits-cosmetiques\/fichier-dinformation-sur-le-produit-pif\/","og_locale":"fr_FR","og_type":"article","og_title":"Fichier d'information sur le produit PIF","og_description":"Le fichier d&#8217;information sur les produits peut \u00eatre cr\u00e9\u00e9 par nos soins lorsque toutes les informations n\u00e9cessaires \u00e0 la cr\u00e9ation du PIF sont disponibles. Nous structurerons tes informations dans le bon format. Si des informations sont manquantes, nous t&#8217;indiquerons la marche \u00e0 suivre pour les compl\u00e9ter. Qu&#8217;est-ce qu&#8217;un fichier d&#8217;information sur les produits cosm\u00e9tiques (PIF)...","og_url":"https:\/\/www.certifiedcosmetics.com\/fr\/product\/evaluation-de-la-securite-des-produits-cosmetiques\/fichier-dinformation-sur-le-produit-pif\/","og_site_name":"Certified Cosmetics","article_modified_time":"2024-11-26T14:50:15+00:00","og_image":[{"width":800,"height":800,"url":"https:\/\/www.certifiedcosmetics.com\/wp-content\/uploads\/2023\/11\/pif.jpg","type":"image\/jpeg"}],"twitter_card":"summary_large_image","twitter_misc":{"Prix":"&#36;58.47","Disponibilit\u00e9":"En stock"},"schema":{"@context":"https:\/\/schema.org","@graph":[{"@type":"WebPage","@id":"https:\/\/www.certifiedcosmetics.com\/fr\/product\/evaluation-de-la-securite-des-produits-cosmetiques\/fichier-dinformation-sur-le-produit-pif\/","url":"https:\/\/www.certifiedcosmetics.com\/fr\/product\/evaluation-de-la-securite-des-produits-cosmetiques\/fichier-dinformation-sur-le-produit-pif\/","name":"Fichier d'information sur le produit PIF - Certified Cosmetics","isPartOf":{"@id":"https:\/\/www.certifiedcosmetics.com\/fr\/#website"},"primaryImageOfPage":{"@id":"https:\/\/www.certifiedcosmetics.com\/fr\/product\/evaluation-de-la-securite-des-produits-cosmetiques\/fichier-dinformation-sur-le-produit-pif\/#primaryimage"},"image":{"@id":"https:\/\/www.certifiedcosmetics.com\/fr\/product\/evaluation-de-la-securite-des-produits-cosmetiques\/fichier-dinformation-sur-le-produit-pif\/#primaryimage"},"thumbnailUrl":"https:\/\/www.certifiedcosmetics.com\/wp-content\/uploads\/2023\/11\/pif.jpg","datePublished":"2023-11-19T11:37:49+00:00","dateModified":"2024-11-26T14:50:15+00:00","breadcrumb":{"@id":"https:\/\/www.certifiedcosmetics.com\/fr\/product\/evaluation-de-la-securite-des-produits-cosmetiques\/fichier-dinformation-sur-le-produit-pif\/#breadcrumb"},"inLanguage":"fr-FR","potentialAction":[{"@type":"ReadAction","target":["https:\/\/www.certifiedcosmetics.com\/fr\/product\/evaluation-de-la-securite-des-produits-cosmetiques\/fichier-dinformation-sur-le-produit-pif\/"]}]},{"@type":"ImageObject","inLanguage":"fr-FR","@id":"https:\/\/www.certifiedcosmetics.com\/fr\/product\/evaluation-de-la-securite-des-produits-cosmetiques\/fichier-dinformation-sur-le-produit-pif\/#primaryimage","url":"https:\/\/www.certifiedcosmetics.com\/wp-content\/uploads\/2023\/11\/pif.jpg","contentUrl":"https:\/\/www.certifiedcosmetics.com\/wp-content\/uploads\/2023\/11\/pif.jpg","width":800,"height":800},{"@type":"BreadcrumbList","@id":"https:\/\/www.certifiedcosmetics.com\/fr\/product\/evaluation-de-la-securite-des-produits-cosmetiques\/fichier-dinformation-sur-le-produit-pif\/#breadcrumb","itemListElement":[{"@type":"ListItem","position":1,"name":"Home","item":"https:\/\/www.certifiedcosmetics.com\/fr\/"},{"@type":"ListItem","position":2,"name":"Boutique","item":"https:\/\/www.certifiedcosmetics.com\/fr\/boutique\/"},{"@type":"ListItem","position":3,"name":"Fichier d&#8217;information sur le produit PIF"}]},{"@type":"WebSite","@id":"https:\/\/www.certifiedcosmetics.com\/fr\/#website","url":"https:\/\/www.certifiedcosmetics.com\/fr\/","name":"Certified Cosmetics","description":"Cosmetic Safety Assessment","publisher":{"@id":"https:\/\/www.certifiedcosmetics.com\/fr\/#organization"},"potentialAction":[{"@type":"SearchAction","target":{"@type":"EntryPoint","urlTemplate":"https:\/\/www.certifiedcosmetics.com\/fr\/?s={search_term_string}"},"query-input":{"@type":"PropertyValueSpecification","valueRequired":true,"valueName":"search_term_string"}}],"inLanguage":"fr-FR"},{"@type":"Organization","@id":"https:\/\/www.certifiedcosmetics.com\/fr\/#organization","name":"Certified Cosmetics","url":"https:\/\/www.certifiedcosmetics.com\/fr\/","logo":{"@type":"ImageObject","inLanguage":"fr-FR","@id":"https:\/\/www.certifiedcosmetics.com\/fr\/#\/schema\/logo\/image\/","url":"https:\/\/www.certifiedcosmetics.com\/wp-content\/uploads\/2024\/12\/logo_certified_cosmetics696.jpg","contentUrl":"https:\/\/www.certifiedcosmetics.com\/wp-content\/uploads\/2024\/12\/logo_certified_cosmetics696.jpg","width":696,"height":696,"caption":"Certified Cosmetics"},"image":{"@id":"https:\/\/www.certifiedcosmetics.com\/fr\/#\/schema\/logo\/image\/"},"description":"Your trusted partner for cosmetic product safety reporting. We take care of updating all of your documentation, ensuring your compliance stays current even as regulations evolve. The Cosmetic Product Safety Assessment will give you everything you need to sell specific products to EU consumers.","email":"contact@certifiedcosmetics.com","telephone":"+31 36 2036384","legalName":"Certified Cosmetics","foundingDate":"2010-01-01","vatID":"NL854189543B01","numberOfEmployees":{"@type":"QuantitativeValue","minValue":"11","maxValue":"50"}}]},"product_price_amount":"58.47","product_price_currency":"USD","og_availability":"instock","product_availability":"instock","product_retailer_item_id":"CC100120","product_condition":"new"},"_links":{"self":[{"href":"https:\/\/www.certifiedcosmetics.com\/fr\/wp-json\/wp\/v2\/product\/7162","targetHints":{"allow":["GET"]}}],"collection":[{"href":"https:\/\/www.certifiedcosmetics.com\/fr\/wp-json\/wp\/v2\/product"}],"about":[{"href":"https:\/\/www.certifiedcosmetics.com\/fr\/wp-json\/wp\/v2\/types\/product"}],"wp:featuredmedia":[{"embeddable":true,"href":"https:\/\/www.certifiedcosmetics.com\/fr\/wp-json\/wp\/v2\/media\/6577"}],"wp:attachment":[{"href":"https:\/\/www.certifiedcosmetics.com\/fr\/wp-json\/wp\/v2\/media?parent=7162"}],"wp:term":[{"taxonomy":"product_brand","embeddable":true,"href":"https:\/\/www.certifiedcosmetics.com\/fr\/wp-json\/wp\/v2\/product_brand?post=7162"},{"taxonomy":"product_cat","embeddable":true,"href":"https:\/\/www.certifiedcosmetics.com\/fr\/wp-json\/wp\/v2\/product_cat?post=7162"},{"taxonomy":"product_tag","embeddable":true,"href":"https:\/\/www.certifiedcosmetics.com\/fr\/wp-json\/wp\/v2\/product_tag?post=7162"}],"curies":[{"name":"wp","href":"https:\/\/api.w.org\/{rel}","templated":true}]}}