{"id":7160,"date":"2023-11-16T23:44:45","date_gmt":"2023-11-16T22:44:45","guid":{"rendered":"https:\/\/www.certifiedcosmetics.com\/product\/test-antipelliculaire\/"},"modified":"2025-07-08T18:36:11","modified_gmt":"2025-07-08T17:36:11","slug":"test-antipelliculaire","status":"publish","type":"product","link":"https:\/\/www.certifiedcosmetics.com\/fr\/product\/test-defficacite\/test-de-depistage-capillaire\/test-antipelliculaire\/","title":{"rendered":"Test antipelliculaire"},"content":{"rendered":"<p>Un test antipelliculaire d\u00e9signe une m\u00e9thode utilis\u00e9e pour \u00e9valuer l&#8217;efficacit\u00e9 des produits ou des traitements con\u00e7us pour att\u00e9nuer ou \u00e9liminer les pellicules, une affection courante du cuir chevelu caract\u00e9ris\u00e9e par la chute des cellules mortes du cuir chevelu. Ces tests visent \u00e0 \u00e9valuer l&#8217;efficacit\u00e9 des produits antipelliculaires \u00e0 r\u00e9duire la desquamation, les d\u00e9mangeaisons et les autres sympt\u00f4mes associ\u00e9s aux pellicules.<\/p>\n<p><strong>Ce test consiste \u00e0 :<\/strong><\/p>\n<ol>\n<li><strong>\u00c9tudes cliniques :<\/strong> Des essais contr\u00f4l\u00e9s impliquant des personnes atteintes de pellicules peuvent \u00eatre men\u00e9s pour \u00e9valuer les effets des produits antipelliculaires. Ces \u00e9tudes comportent g\u00e9n\u00e9ralement des \u00e9valuations avant et apr\u00e8s de la gravit\u00e9 des pellicules, y compris des mesures de la desquamation, des rougeurs, des d\u00e9mangeaisons et de la sant\u00e9 g\u00e9n\u00e9rale du cuir chevelu.<\/li>\n<li><strong>\u00c9valuations du cuir chevelu :<\/strong> Les dermatologues ou les chercheurs inspectent visuellement le cuir chevelu avant et apr\u00e8s l&#8217;utilisation de produits antipelliculaires pour \u00e9valuer les changements dans l&#8217;apparence des pellicules, de la desquamation et de l&#8217;irritation.<\/li>\n<li><strong>Mesures objectives :<\/strong> Des instruments tels que des cam\u00e9ras de cuir chevelu ou des microscopes peuvent \u00eatre utilis\u00e9s pour capturer et analyser visuellement l&#8217;\u00e9tat du cuir chevelu, y compris la pr\u00e9sence et la quantit\u00e9 de pellicules, la sant\u00e9 du cuir chevelu et tout signe d&#8217;inflammation.<\/li>\n<\/ol>\n<p>L&#8217;objectif de ces tests est de d\u00e9terminer l&#8217;efficacit\u00e9 et la s\u00e9curit\u00e9 des produits antipelliculaires, d&#8217;identifier les m\u00e9canismes d&#8217;action potentiels (tels que les propri\u00e9t\u00e9s antifongiques ou anti-inflammatoires) et d&#8217;\u00e9valuer leur impact global sur la sant\u00e9 du cuir chevelu.<\/p>\n<div class=\"product-description\">\n<div class=\"bt_bb_tabs bt_bb_style_simple bt_bb_shape_square\">\n<div class=\"bt_bb_tabs_tabs\">\n<div id=\"tab-description\" class=\"bt_bb_tab_item on\">\n<div class=\"bt_bb_tab_content\">\n<div class=\"bt_bb_wrapper\">\n<div class=\"group w-full text-token-text-primary border-b border-black\/10 gizmo:border-0 dark:border-gray-900\/50 gizmo:dark:border-0 bg-gray-50 gizmo:bg-transparent dark:bg-[#444654] gizmo:dark:bg-transparent\" data-testid=\"conversation-turn-5\">\n<div class=\"p-4 gizmo:py-2 justify-center text-base md:gap-6 md:py-6 m-auto\">\n<div class=\"flex flex-1 gap-4 text-base mx-auto md:gap-6 gizmo:gap-3 gizmo:md:px-5 gizmo:lg:px-1 gizmo:xl:px-5 md:max-w-2xl lg:max-w-[38rem] gizmo:md:max-w-3xl gizmo:lg:max-w-[40rem] gizmo:xl:max-w-[48rem] xl:max-w-3xl }\">\n<div class=\"relative flex w-[calc(100%-50px)] flex-col gizmo:w-full lg:w-[calc(100%-115px)] agent-turn\">\n<div class=\"flex-col gap-1 md:gap-3\">\n<div class=\"flex flex-grow flex-col max-w-full gap-3 gizmo:gap-0\">\n<div class=\"min-h-[20px] text-message peer flex flex-col items-start gap-3 whitespace-pre-wrap break-words peer-[.text-message]:mt-5 overflow-x-auto\" data-message-author-role=\"assistant\" data-message-id=\"74cc1428-0a1b-40d3-b6c5-ba8cdb3b5c46\">\n<div class=\"markdown prose w-full break-words dark:prose-invert light\">\n<p>Il est important de noter que l&#8217;efficacit\u00e9 des produits antipelliculaires peut varier et que les r\u00e9ponses individuelles peuvent diff\u00e9rer en fonction de facteurs tels que le type de cuir chevelu, l&#8217;\u00e2ge et la gravit\u00e9 des pellicules.<\/p>\n<p>Nous conseillons de consulter pour obtenir des recommandations personnalis\u00e9es bas\u00e9es sur le contenu de la formulation et les caract\u00e9ristiques du produit.<\/p>\n<\/div>\n<\/div>\n<\/div>\n<\/div>\n<\/div>\n<\/div>\n<\/div>\n<\/div>\n<\/div>\n<\/div>\n<\/div>\n<\/div>\n<\/div>\n<\/div>\n<div class=\"product-meta\">\n<div class=\"btArticleShareEtc\">\n<div class=\"btTagsColumn\">\n<div class=\"btTags\"><\/div>\n<\/div>\n<div class=\"btShareColumn\">\n<div class=\"bt_bb_icon btIcoFacebook bt_bb_style_filled bt_bb_size_xsmall bt_bb_shape_circle bt_bb_text_empty\"><\/div>\n<div class=\"bt_bb_icon btIcoTwitter bt_bb_style_filled bt_bb_size_xsmall bt_bb_shape_circle bt_bb_text_empty\"><\/div>\n<div class=\"bt_bb_icon btIcoWhatsApp bt_bb_style_filled bt_bb_size_xsmall bt_bb_shape_circle bt_bb_text_empty\"><\/div>\n<\/div>\n<\/div>\n<\/div>\n","protected":false},"excerpt":{"rendered":"<div class=\"bt_bb_button bt_bb_color_scheme_6 bt_bb_icon_position_left bt_bb_style_filled bt_bb_width_inline bt_bb_shape_inherit bt_bb_target_self bt_bb_text_transform_inherit bt_bb_fe_edit bt_bb_size_normal bt_bb_align_inherit\" style=\"; --primary-color: #ffffff; --secondary-color: #0bc270;\" data-base=\"bt_bb_button\"><a class=\"bt_bb_link\" title=\"\u00c9VALUATION DE LA S\u00c9CURIT\u00c9 DU SAVON\" href=\"https:\/\/www.certifiedcosmetics.com\/services\/get-quote\/\" target=\"_self\" rel=\"noopener\"><span class=\"bt_bb_button_text\">DEMANDE DE DEVIS<\/span><\/a><\/div>\n","protected":false},"featured_media":6527,"template":"","meta":[],"product_cat":[123,124],"product_tag":[],"class_list":{"0":"post-7160","1":"product","2":"type-product","3":"status-publish","4":"has-post-thumbnail","6":"product_cat-test-defficacite","7":"product_cat-test-de-depistage-capillaire","9":"first","10":"instock","11":"virtual","12":"taxable","13":"purchasable","14":"product-type-simple"},"bundled_by":[],"bundle_stock_status":"instock","bundle_stock_quantity":null,"bundle_virtual":false,"bundle_layout":"","bundle_add_to_cart_form_location":"","bundle_editable_in_cart":false,"bundle_sold_individually_context":"","bundle_item_grouping":"","bundle_min_size":"","bundle_max_size":"","bundle_price":[],"bundled_items":[],"bundle_sell_ids":[],"yoast_head":"<!-- This site is optimized with the Yoast SEO Premium plugin v25.4 (Yoast SEO v25.4) - https:\/\/yoast.com\/wordpress\/plugins\/seo\/ -->\n<title>Test antipelliculaire - Certified Cosmetics<\/title>\n<meta name=\"robots\" content=\"index, follow, max-snippet:-1, max-image-preview:large, max-video-preview:-1\" \/>\n<link rel=\"canonical\" href=\"https:\/\/www.certifiedcosmetics.com\/fr\/product\/test-defficacite\/test-de-depistage-capillaire\/test-antipelliculaire\/\" \/>\n<meta property=\"og:locale\" content=\"fr_FR\" \/>\n<meta property=\"og:type\" content=\"article\" \/>\n<meta property=\"og:title\" content=\"Test antipelliculaire\" \/>\n<meta property=\"og:description\" content=\"DEMANDE DE DEVIS\" \/>\n<meta property=\"og:url\" content=\"https:\/\/www.certifiedcosmetics.com\/fr\/product\/test-defficacite\/test-de-depistage-capillaire\/test-antipelliculaire\/\" \/>\n<meta property=\"og:site_name\" content=\"Certified Cosmetics\" \/>\n<meta property=\"article:modified_time\" content=\"2025-07-08T17:36:11+00:00\" \/>\n<meta property=\"og:image\" content=\"https:\/\/www.certifiedcosmetics.com\/wp-content\/uploads\/2023\/11\/antidandruf.jpg\" \/>\n\t<meta property=\"og:image:width\" content=\"800\" \/>\n\t<meta property=\"og:image:height\" content=\"800\" \/>\n\t<meta property=\"og:image:type\" content=\"image\/jpeg\" \/>\n<meta name=\"twitter:card\" content=\"summary_large_image\" \/>\n<meta name=\"twitter:label1\" content=\"Prix\" \/>\n\t<meta name=\"twitter:data1\" content=\"&#036;519.54\" \/>\n\t<meta name=\"twitter:label2\" content=\"Disponibilit\u00e9\" \/>\n\t<meta name=\"twitter:data2\" content=\"En stock\" \/>\n<script type=\"application\/ld+json\" class=\"yoast-schema-graph\">{\"@context\":\"https:\/\/schema.org\",\"@graph\":[{\"@type\":\"WebPage\",\"@id\":\"https:\/\/www.certifiedcosmetics.com\/fr\/product\/test-defficacite\/test-de-depistage-capillaire\/test-antipelliculaire\/\",\"url\":\"https:\/\/www.certifiedcosmetics.com\/fr\/product\/test-defficacite\/test-de-depistage-capillaire\/test-antipelliculaire\/\",\"name\":\"Test antipelliculaire - Certified Cosmetics\",\"isPartOf\":{\"@id\":\"https:\/\/www.certifiedcosmetics.com\/fr\/#website\"},\"primaryImageOfPage\":{\"@id\":\"https:\/\/www.certifiedcosmetics.com\/fr\/product\/test-defficacite\/test-de-depistage-capillaire\/test-antipelliculaire\/#primaryimage\"},\"image\":{\"@id\":\"https:\/\/www.certifiedcosmetics.com\/fr\/product\/test-defficacite\/test-de-depistage-capillaire\/test-antipelliculaire\/#primaryimage\"},\"thumbnailUrl\":\"https:\/\/www.certifiedcosmetics.com\/wp-content\/uploads\/2023\/11\/antidandruf.jpg\",\"datePublished\":\"2023-11-16T22:44:45+00:00\",\"dateModified\":\"2025-07-08T17:36:11+00:00\",\"breadcrumb\":{\"@id\":\"https:\/\/www.certifiedcosmetics.com\/fr\/product\/test-defficacite\/test-de-depistage-capillaire\/test-antipelliculaire\/#breadcrumb\"},\"inLanguage\":\"fr-FR\",\"potentialAction\":[{\"@type\":\"ReadAction\",\"target\":[\"https:\/\/www.certifiedcosmetics.com\/fr\/product\/test-defficacite\/test-de-depistage-capillaire\/test-antipelliculaire\/\"]}]},{\"@type\":\"ImageObject\",\"inLanguage\":\"fr-FR\",\"@id\":\"https:\/\/www.certifiedcosmetics.com\/fr\/product\/test-defficacite\/test-de-depistage-capillaire\/test-antipelliculaire\/#primaryimage\",\"url\":\"https:\/\/www.certifiedcosmetics.com\/wp-content\/uploads\/2023\/11\/antidandruf.jpg\",\"contentUrl\":\"https:\/\/www.certifiedcosmetics.com\/wp-content\/uploads\/2023\/11\/antidandruf.jpg\",\"width\":800,\"height\":800},{\"@type\":\"BreadcrumbList\",\"@id\":\"https:\/\/www.certifiedcosmetics.com\/fr\/product\/test-defficacite\/test-de-depistage-capillaire\/test-antipelliculaire\/#breadcrumb\",\"itemListElement\":[{\"@type\":\"ListItem\",\"position\":1,\"name\":\"Home\",\"item\":\"https:\/\/www.certifiedcosmetics.com\/fr\/\"},{\"@type\":\"ListItem\",\"position\":2,\"name\":\"Boutique\",\"item\":\"https:\/\/www.certifiedcosmetics.com\/fr\/boutique\/\"},{\"@type\":\"ListItem\",\"position\":3,\"name\":\"Test antipelliculaire\"}]},{\"@type\":\"WebSite\",\"@id\":\"https:\/\/www.certifiedcosmetics.com\/fr\/#website\",\"url\":\"https:\/\/www.certifiedcosmetics.com\/fr\/\",\"name\":\"Certified Cosmetics\",\"description\":\"Cosmetic Safety Assessment\",\"publisher\":{\"@id\":\"https:\/\/www.certifiedcosmetics.com\/fr\/#organization\"},\"potentialAction\":[{\"@type\":\"SearchAction\",\"target\":{\"@type\":\"EntryPoint\",\"urlTemplate\":\"https:\/\/www.certifiedcosmetics.com\/fr\/?s={search_term_string}\"},\"query-input\":{\"@type\":\"PropertyValueSpecification\",\"valueRequired\":true,\"valueName\":\"search_term_string\"}}],\"inLanguage\":\"fr-FR\"},{\"@type\":\"Organization\",\"@id\":\"https:\/\/www.certifiedcosmetics.com\/fr\/#organization\",\"name\":\"Certified Cosmetics\",\"url\":\"https:\/\/www.certifiedcosmetics.com\/fr\/\",\"logo\":{\"@type\":\"ImageObject\",\"inLanguage\":\"fr-FR\",\"@id\":\"https:\/\/www.certifiedcosmetics.com\/fr\/#\/schema\/logo\/image\/\",\"url\":\"https:\/\/www.certifiedcosmetics.com\/wp-content\/uploads\/2024\/12\/logo_certified_cosmetics696.jpg\",\"contentUrl\":\"https:\/\/www.certifiedcosmetics.com\/wp-content\/uploads\/2024\/12\/logo_certified_cosmetics696.jpg\",\"width\":696,\"height\":696,\"caption\":\"Certified Cosmetics\"},\"image\":{\"@id\":\"https:\/\/www.certifiedcosmetics.com\/fr\/#\/schema\/logo\/image\/\"},\"description\":\"Your trusted partner for cosmetic product safety reporting. We take care of updating all of your documentation, ensuring your compliance stays current even as regulations evolve. The Cosmetic Product Safety Assessment will give you everything you need to sell specific products to EU consumers.\",\"email\":\"contact@certifiedcosmetics.com\",\"telephone\":\"+31 36 2036384\",\"legalName\":\"Certified Cosmetics\",\"foundingDate\":\"2010-01-01\",\"vatID\":\"NL854189543B01\",\"numberOfEmployees\":{\"@type\":\"QuantitativeValue\",\"minValue\":\"11\",\"maxValue\":\"50\"}}]}<\/script>\n<meta property=\"product:price:amount\" content=\"519.54\" \/>\n<meta property=\"product:price:currency\" content=\"USD\" \/>\n<meta property=\"og:availability\" content=\"instock\" \/>\n<meta property=\"product:availability\" content=\"instock\" \/>\n<meta property=\"product:retailer_item_id\" content=\"CC100022\" \/>\n<meta property=\"product:condition\" content=\"new\" \/>\n<!-- \/ Yoast SEO Premium plugin. -->","yoast_head_json":{"title":"Test antipelliculaire - Certified Cosmetics","robots":{"index":"index","follow":"follow","max-snippet":"max-snippet:-1","max-image-preview":"max-image-preview:large","max-video-preview":"max-video-preview:-1"},"canonical":"https:\/\/www.certifiedcosmetics.com\/fr\/product\/test-defficacite\/test-de-depistage-capillaire\/test-antipelliculaire\/","og_locale":"fr_FR","og_type":"article","og_title":"Test antipelliculaire","og_description":"DEMANDE DE DEVIS","og_url":"https:\/\/www.certifiedcosmetics.com\/fr\/product\/test-defficacite\/test-de-depistage-capillaire\/test-antipelliculaire\/","og_site_name":"Certified Cosmetics","article_modified_time":"2025-07-08T17:36:11+00:00","og_image":[{"width":800,"height":800,"url":"https:\/\/www.certifiedcosmetics.com\/wp-content\/uploads\/2023\/11\/antidandruf.jpg","type":"image\/jpeg"}],"twitter_card":"summary_large_image","twitter_misc":{"Prix":"&#36;519.54","Disponibilit\u00e9":"En stock"},"schema":{"@context":"https:\/\/schema.org","@graph":[{"@type":"WebPage","@id":"https:\/\/www.certifiedcosmetics.com\/fr\/product\/test-defficacite\/test-de-depistage-capillaire\/test-antipelliculaire\/","url":"https:\/\/www.certifiedcosmetics.com\/fr\/product\/test-defficacite\/test-de-depistage-capillaire\/test-antipelliculaire\/","name":"Test antipelliculaire - Certified Cosmetics","isPartOf":{"@id":"https:\/\/www.certifiedcosmetics.com\/fr\/#website"},"primaryImageOfPage":{"@id":"https:\/\/www.certifiedcosmetics.com\/fr\/product\/test-defficacite\/test-de-depistage-capillaire\/test-antipelliculaire\/#primaryimage"},"image":{"@id":"https:\/\/www.certifiedcosmetics.com\/fr\/product\/test-defficacite\/test-de-depistage-capillaire\/test-antipelliculaire\/#primaryimage"},"thumbnailUrl":"https:\/\/www.certifiedcosmetics.com\/wp-content\/uploads\/2023\/11\/antidandruf.jpg","datePublished":"2023-11-16T22:44:45+00:00","dateModified":"2025-07-08T17:36:11+00:00","breadcrumb":{"@id":"https:\/\/www.certifiedcosmetics.com\/fr\/product\/test-defficacite\/test-de-depistage-capillaire\/test-antipelliculaire\/#breadcrumb"},"inLanguage":"fr-FR","potentialAction":[{"@type":"ReadAction","target":["https:\/\/www.certifiedcosmetics.com\/fr\/product\/test-defficacite\/test-de-depistage-capillaire\/test-antipelliculaire\/"]}]},{"@type":"ImageObject","inLanguage":"fr-FR","@id":"https:\/\/www.certifiedcosmetics.com\/fr\/product\/test-defficacite\/test-de-depistage-capillaire\/test-antipelliculaire\/#primaryimage","url":"https:\/\/www.certifiedcosmetics.com\/wp-content\/uploads\/2023\/11\/antidandruf.jpg","contentUrl":"https:\/\/www.certifiedcosmetics.com\/wp-content\/uploads\/2023\/11\/antidandruf.jpg","width":800,"height":800},{"@type":"BreadcrumbList","@id":"https:\/\/www.certifiedcosmetics.com\/fr\/product\/test-defficacite\/test-de-depistage-capillaire\/test-antipelliculaire\/#breadcrumb","itemListElement":[{"@type":"ListItem","position":1,"name":"Home","item":"https:\/\/www.certifiedcosmetics.com\/fr\/"},{"@type":"ListItem","position":2,"name":"Boutique","item":"https:\/\/www.certifiedcosmetics.com\/fr\/boutique\/"},{"@type":"ListItem","position":3,"name":"Test antipelliculaire"}]},{"@type":"WebSite","@id":"https:\/\/www.certifiedcosmetics.com\/fr\/#website","url":"https:\/\/www.certifiedcosmetics.com\/fr\/","name":"Certified Cosmetics","description":"Cosmetic Safety Assessment","publisher":{"@id":"https:\/\/www.certifiedcosmetics.com\/fr\/#organization"},"potentialAction":[{"@type":"SearchAction","target":{"@type":"EntryPoint","urlTemplate":"https:\/\/www.certifiedcosmetics.com\/fr\/?s={search_term_string}"},"query-input":{"@type":"PropertyValueSpecification","valueRequired":true,"valueName":"search_term_string"}}],"inLanguage":"fr-FR"},{"@type":"Organization","@id":"https:\/\/www.certifiedcosmetics.com\/fr\/#organization","name":"Certified Cosmetics","url":"https:\/\/www.certifiedcosmetics.com\/fr\/","logo":{"@type":"ImageObject","inLanguage":"fr-FR","@id":"https:\/\/www.certifiedcosmetics.com\/fr\/#\/schema\/logo\/image\/","url":"https:\/\/www.certifiedcosmetics.com\/wp-content\/uploads\/2024\/12\/logo_certified_cosmetics696.jpg","contentUrl":"https:\/\/www.certifiedcosmetics.com\/wp-content\/uploads\/2024\/12\/logo_certified_cosmetics696.jpg","width":696,"height":696,"caption":"Certified Cosmetics"},"image":{"@id":"https:\/\/www.certifiedcosmetics.com\/fr\/#\/schema\/logo\/image\/"},"description":"Your trusted partner for cosmetic product safety reporting. We take care of updating all of your documentation, ensuring your compliance stays current even as regulations evolve. The Cosmetic Product Safety Assessment will give you everything you need to sell specific products to EU consumers.","email":"contact@certifiedcosmetics.com","telephone":"+31 36 2036384","legalName":"Certified Cosmetics","foundingDate":"2010-01-01","vatID":"NL854189543B01","numberOfEmployees":{"@type":"QuantitativeValue","minValue":"11","maxValue":"50"}}]},"product_price_amount":"519.54","product_price_currency":"USD","og_availability":"instock","product_availability":"instock","product_retailer_item_id":"CC100022","product_condition":"new"},"_links":{"self":[{"href":"https:\/\/www.certifiedcosmetics.com\/fr\/wp-json\/wp\/v2\/product\/7160","targetHints":{"allow":["GET"]}}],"collection":[{"href":"https:\/\/www.certifiedcosmetics.com\/fr\/wp-json\/wp\/v2\/product"}],"about":[{"href":"https:\/\/www.certifiedcosmetics.com\/fr\/wp-json\/wp\/v2\/types\/product"}],"wp:featuredmedia":[{"embeddable":true,"href":"https:\/\/www.certifiedcosmetics.com\/fr\/wp-json\/wp\/v2\/media\/6527"}],"wp:attachment":[{"href":"https:\/\/www.certifiedcosmetics.com\/fr\/wp-json\/wp\/v2\/media?parent=7160"}],"wp:term":[{"taxonomy":"product_cat","embeddable":true,"href":"https:\/\/www.certifiedcosmetics.com\/fr\/wp-json\/wp\/v2\/product_cat?post=7160"},{"taxonomy":"product_tag","embeddable":true,"href":"https:\/\/www.certifiedcosmetics.com\/fr\/wp-json\/wp\/v2\/product_tag?post=7160"}],"curies":[{"name":"wp","href":"https:\/\/api.w.org\/{rel}","templated":true}]}}