{"id":7043,"date":"2023-11-19T12:38:46","date_gmt":"2023-11-19T11:38:46","guid":{"rendered":"https:\/\/www.certifiedcosmetics.com\/product\/notification-du-cpnp\/"},"modified":"2025-03-28T11:51:42","modified_gmt":"2025-03-28T10:51:42","slug":"notification-du-cpnp","status":"publish","type":"product","link":"https:\/\/www.certifiedcosmetics.com\/fr\/product\/evaluation-de-la-securite-des-produits-cosmetiques\/notification-du-cpnp\/","title":{"rendered":"Notification du CPNP"},"content":{"rendered":"<p>La notification CPNP de l&#8217;UE fait r\u00e9f\u00e9rence au processus de notification des produits cosm\u00e9tiques au portail de notification des produits cosm\u00e9tiques (CPNP), qui est un syst\u00e8me de notification en ligne centralis\u00e9 utilis\u00e9 au sein de l&#8217;Union europ\u00e9enne (UE). Le PCNP est \u00e9tabli en vertu du r\u00e8glement cosm\u00e9tique de l&#8217;UE (r\u00e8glement (CE) n\u00b0 1223\/2009), et il sert d&#8217;outil pour l&#8217;\u00e9change d&#8217;informations sur les produits cosm\u00e9tiques entre les autorit\u00e9s r\u00e9glementaires et les personnes responsables qui mettent ces produits sur le march\u00e9.<\/p>\n<p>Voici les points cl\u00e9s li\u00e9s \u00e0 la notification du PCNP de l&#8217;UE :<\/p>\n<ol>\n<li><strong>Personne responsable :<\/strong> L&#8217;entit\u00e9 ou la personne responsable de la mise sur le march\u00e9 europ\u00e9en d&#8217;un produit cosm\u00e9tique est appel\u00e9e personne responsable. C&#8217;est leur obligation l\u00e9gale de notifier les produits cosm\u00e9tiques au PCNP.<\/li>\n<li><strong>Obligation de notification :<\/strong> Avant qu&#8217;un produit cosm\u00e9tique ne soit mis sur le march\u00e9 dans l&#8217;UE, la personne responsable doit soumettre des informations sp\u00e9cifiques sur le produit au PCNP. Cette notification est obligatoire pour tous les produits cosm\u00e9tiques.<\/li>\n<li><strong>Informations \u00e0 notifier :<\/strong> Les informations soumises lors de la notification au PCNP comprennent des d\u00e9tails tels que le nom du produit, sa cat\u00e9gorie, ses ingr\u00e9dients, son \u00e9tiquetage, les coordonn\u00e9es de la personne responsable et le rapport sur la s\u00e9curit\u00e9 des produits cosm\u00e9tiques (CPSR). Le RCSP est un \u00e9l\u00e9ment cl\u00e9 de la notification et contient une \u00e9valuation compl\u00e8te de la s\u00e9curit\u00e9 du produit cosm\u00e9tique.<\/li>\n<li><strong>Confidentialit\u00e9 :<\/strong> Les informations soumises au PCNP sont consid\u00e9r\u00e9es comme confidentielles. Il n&#8217;est accessible qu&#8217;aux autorit\u00e9s comp\u00e9tentes des \u00c9tats membres de l&#8217;UE et \u00e0 la Commission europ\u00e9enne \u00e0 des fins de surveillance du march\u00e9, de contr\u00f4le et d&#8217;activit\u00e9s r\u00e9glementaires.<\/li>\n<li><strong>Point d&#8217;entr\u00e9e unique :<\/strong> Le PCNP sert de point d&#8217;entr\u00e9e unique pour les informations sur les produits cosm\u00e9tiques mis sur le march\u00e9 dans l&#8217;UE. Ce syst\u00e8me centralis\u00e9 rationalise la communication et l&#8217;\u00e9change de donn\u00e9es entre les \u00c9tats membres.<\/li>\n<li><strong>Mises \u00e0 jour de la notification :<\/strong> La personne responsable est charg\u00e9e de mettre \u00e0 jour les informations contenues dans le PCNP en cas de changements, tels que des modifications de la formulation du produit, de l&#8217;\u00e9tiquetage ou des informations relatives \u00e0 la s\u00e9curit\u00e9. Cela permet de s&#8217;assurer que les informations contenues dans le PCNP restent exactes et \u00e0 jour.<\/li>\n<\/ol>\n<p>En soumettant une notification du PCNP, la personne responsable se conforme aux exigences r\u00e9glementaires du r\u00e8glement cosm\u00e9tique de l&#8217;UE. Il permet aux autorit\u00e9s comp\u00e9tentes d&#8217;acc\u00e9der \u00e0 des informations essentielles sur les produits cosm\u00e9tiques pr\u00e9sents sur le march\u00e9, contribuant ainsi \u00e0 la s\u00e9curit\u00e9 globale et au suivi des produits cosm\u00e9tiques au sein de l&#8217;UE. Le non-respect des exigences de la notification du PCNP peut entra\u00eener des mesures r\u00e9glementaires, y compris le retrait des produits du march\u00e9.<\/p>\n","protected":false},"excerpt":{"rendered":"<p>La notification CPNP de l&#8217;UE fait r\u00e9f\u00e9rence au processus de notification des produits cosm\u00e9tiques au portail de notification des produits cosm\u00e9tiques (CPNP), qui est un syst\u00e8me de notification en ligne centralis\u00e9 utilis\u00e9 au sein de l&#8217;Union europ\u00e9enne (UE). Le PCNP est \u00e9tabli en vertu du r\u00e8glement cosm\u00e9tique de l&#8217;UE (r\u00e8glement (CE) n\u00b0 1223\/2009), et il&#8230;<\/p>\n","protected":false},"featured_media":6572,"template":"","meta":[],"product_brand":[],"product_cat":[113],"product_tag":[],"class_list":{"0":"post-7043","1":"product","2":"type-product","3":"status-publish","4":"has-post-thumbnail","6":"product_cat-evaluation-de-la-securite-des-produits-cosmetiques","8":"first","9":"instock","10":"virtual","11":"taxable","12":"purchasable","13":"product-type-simple"},"bundled_by":["6852","6852","6852","6852","6852","6797","11922","14682","14799","6852","6852","6852","6852","6852"],"bundle_stock_status":"instock","bundle_stock_quantity":null,"bundle_virtual":false,"bundle_layout":"","bundle_add_to_cart_form_location":"","bundle_editable_in_cart":false,"bundle_sold_individually_context":"","bundle_item_grouping":"","bundle_min_size":"","bundle_max_size":"","bundle_price":[],"bundled_items":[],"bundle_sell_ids":[],"yoast_head":"<!-- This site is optimized with the Yoast SEO Premium plugin v25.4 (Yoast SEO v25.4) - https:\/\/yoast.com\/wordpress\/plugins\/seo\/ -->\n<title>Notification du CPNP - Certified Cosmetics<\/title>\n<meta name=\"robots\" content=\"index, follow, max-snippet:-1, max-image-preview:large, max-video-preview:-1\" \/>\n<link rel=\"canonical\" href=\"https:\/\/www.certifiedcosmetics.com\/fr\/product\/evaluation-de-la-securite-des-produits-cosmetiques\/notification-du-cpnp\/\" \/>\n<meta property=\"og:locale\" content=\"fr_FR\" \/>\n<meta property=\"og:type\" content=\"article\" \/>\n<meta property=\"og:title\" content=\"Notification du CPNP\" \/>\n<meta property=\"og:description\" content=\"La notification CPNP de l&#8217;UE fait r\u00e9f\u00e9rence au processus de notification des produits cosm\u00e9tiques au portail de notification des produits cosm\u00e9tiques (CPNP), qui est un syst\u00e8me de notification en ligne centralis\u00e9 utilis\u00e9 au sein de l&#8217;Union europ\u00e9enne (UE). Le PCNP est \u00e9tabli en vertu du r\u00e8glement cosm\u00e9tique de l&#8217;UE (r\u00e8glement (CE) n\u00b0 1223\/2009), et il...\" \/>\n<meta property=\"og:url\" content=\"https:\/\/www.certifiedcosmetics.com\/fr\/product\/evaluation-de-la-securite-des-produits-cosmetiques\/notification-du-cpnp\/\" \/>\n<meta property=\"og:site_name\" content=\"Certified Cosmetics\" \/>\n<meta property=\"article:modified_time\" content=\"2025-03-28T10:51:42+00:00\" \/>\n<meta property=\"og:image\" content=\"https:\/\/www.certifiedcosmetics.com\/wp-content\/uploads\/2023\/11\/cnp.jpg\" \/>\n\t<meta property=\"og:image:width\" content=\"800\" \/>\n\t<meta property=\"og:image:height\" content=\"800\" \/>\n\t<meta property=\"og:image:type\" content=\"image\/jpeg\" \/>\n<meta name=\"twitter:card\" content=\"summary_large_image\" \/>\n<meta name=\"twitter:label1\" content=\"Prix\" \/>\n\t<meta name=\"twitter:data1\" content=\"&#036;29.42\" \/>\n\t<meta name=\"twitter:label2\" content=\"Disponibilit\u00e9\" \/>\n\t<meta name=\"twitter:data2\" content=\"En stock\" \/>\n<script type=\"application\/ld+json\" class=\"yoast-schema-graph\">{\"@context\":\"https:\/\/schema.org\",\"@graph\":[{\"@type\":\"WebPage\",\"@id\":\"https:\/\/www.certifiedcosmetics.com\/fr\/product\/evaluation-de-la-securite-des-produits-cosmetiques\/notification-du-cpnp\/\",\"url\":\"https:\/\/www.certifiedcosmetics.com\/fr\/product\/evaluation-de-la-securite-des-produits-cosmetiques\/notification-du-cpnp\/\",\"name\":\"Notification du CPNP - Certified Cosmetics\",\"isPartOf\":{\"@id\":\"https:\/\/www.certifiedcosmetics.com\/fr\/#website\"},\"primaryImageOfPage\":{\"@id\":\"https:\/\/www.certifiedcosmetics.com\/fr\/product\/evaluation-de-la-securite-des-produits-cosmetiques\/notification-du-cpnp\/#primaryimage\"},\"image\":{\"@id\":\"https:\/\/www.certifiedcosmetics.com\/fr\/product\/evaluation-de-la-securite-des-produits-cosmetiques\/notification-du-cpnp\/#primaryimage\"},\"thumbnailUrl\":\"https:\/\/www.certifiedcosmetics.com\/wp-content\/uploads\/2023\/11\/cnp.jpg\",\"datePublished\":\"2023-11-19T11:38:46+00:00\",\"dateModified\":\"2025-03-28T10:51:42+00:00\",\"breadcrumb\":{\"@id\":\"https:\/\/www.certifiedcosmetics.com\/fr\/product\/evaluation-de-la-securite-des-produits-cosmetiques\/notification-du-cpnp\/#breadcrumb\"},\"inLanguage\":\"fr-FR\",\"potentialAction\":[{\"@type\":\"ReadAction\",\"target\":[\"https:\/\/www.certifiedcosmetics.com\/fr\/product\/evaluation-de-la-securite-des-produits-cosmetiques\/notification-du-cpnp\/\"]}]},{\"@type\":\"ImageObject\",\"inLanguage\":\"fr-FR\",\"@id\":\"https:\/\/www.certifiedcosmetics.com\/fr\/product\/evaluation-de-la-securite-des-produits-cosmetiques\/notification-du-cpnp\/#primaryimage\",\"url\":\"https:\/\/www.certifiedcosmetics.com\/wp-content\/uploads\/2023\/11\/cnp.jpg\",\"contentUrl\":\"https:\/\/www.certifiedcosmetics.com\/wp-content\/uploads\/2023\/11\/cnp.jpg\",\"width\":800,\"height\":800},{\"@type\":\"BreadcrumbList\",\"@id\":\"https:\/\/www.certifiedcosmetics.com\/fr\/product\/evaluation-de-la-securite-des-produits-cosmetiques\/notification-du-cpnp\/#breadcrumb\",\"itemListElement\":[{\"@type\":\"ListItem\",\"position\":1,\"name\":\"Home\",\"item\":\"https:\/\/www.certifiedcosmetics.com\/fr\/\"},{\"@type\":\"ListItem\",\"position\":2,\"name\":\"Boutique\",\"item\":\"https:\/\/www.certifiedcosmetics.com\/fr\/boutique\/\"},{\"@type\":\"ListItem\",\"position\":3,\"name\":\"Notification du CPNP\"}]},{\"@type\":\"WebSite\",\"@id\":\"https:\/\/www.certifiedcosmetics.com\/fr\/#website\",\"url\":\"https:\/\/www.certifiedcosmetics.com\/fr\/\",\"name\":\"Certified Cosmetics\",\"description\":\"Cosmetic Safety Assessment\",\"publisher\":{\"@id\":\"https:\/\/www.certifiedcosmetics.com\/fr\/#organization\"},\"potentialAction\":[{\"@type\":\"SearchAction\",\"target\":{\"@type\":\"EntryPoint\",\"urlTemplate\":\"https:\/\/www.certifiedcosmetics.com\/fr\/?s={search_term_string}\"},\"query-input\":{\"@type\":\"PropertyValueSpecification\",\"valueRequired\":true,\"valueName\":\"search_term_string\"}}],\"inLanguage\":\"fr-FR\"},{\"@type\":\"Organization\",\"@id\":\"https:\/\/www.certifiedcosmetics.com\/fr\/#organization\",\"name\":\"Certified Cosmetics\",\"url\":\"https:\/\/www.certifiedcosmetics.com\/fr\/\",\"logo\":{\"@type\":\"ImageObject\",\"inLanguage\":\"fr-FR\",\"@id\":\"https:\/\/www.certifiedcosmetics.com\/fr\/#\/schema\/logo\/image\/\",\"url\":\"https:\/\/www.certifiedcosmetics.com\/wp-content\/uploads\/2024\/12\/logo_certified_cosmetics696.jpg\",\"contentUrl\":\"https:\/\/www.certifiedcosmetics.com\/wp-content\/uploads\/2024\/12\/logo_certified_cosmetics696.jpg\",\"width\":696,\"height\":696,\"caption\":\"Certified Cosmetics\"},\"image\":{\"@id\":\"https:\/\/www.certifiedcosmetics.com\/fr\/#\/schema\/logo\/image\/\"},\"description\":\"Your trusted partner for cosmetic product safety reporting. We take care of updating all of your documentation, ensuring your compliance stays current even as regulations evolve. The Cosmetic Product Safety Assessment will give you everything you need to sell specific products to EU consumers.\",\"email\":\"contact@certifiedcosmetics.com\",\"telephone\":\"+31 36 2036384\",\"legalName\":\"Certified Cosmetics\",\"foundingDate\":\"2010-01-01\",\"vatID\":\"NL854189543B01\",\"numberOfEmployees\":{\"@type\":\"QuantitativeValue\",\"minValue\":\"11\",\"maxValue\":\"50\"}}]}<\/script>\n<meta property=\"product:price:amount\" content=\"29.42\" \/>\n<meta property=\"product:price:currency\" content=\"USD\" \/>\n<meta property=\"og:availability\" content=\"instock\" \/>\n<meta property=\"product:availability\" content=\"instock\" \/>\n<meta property=\"product:retailer_item_id\" content=\"CC100043\" \/>\n<meta property=\"product:condition\" content=\"new\" \/>\n<!-- \/ Yoast SEO Premium plugin. -->","yoast_head_json":{"title":"Notification du CPNP - Certified Cosmetics","robots":{"index":"index","follow":"follow","max-snippet":"max-snippet:-1","max-image-preview":"max-image-preview:large","max-video-preview":"max-video-preview:-1"},"canonical":"https:\/\/www.certifiedcosmetics.com\/fr\/product\/evaluation-de-la-securite-des-produits-cosmetiques\/notification-du-cpnp\/","og_locale":"fr_FR","og_type":"article","og_title":"Notification du CPNP","og_description":"La notification CPNP de l&#8217;UE fait r\u00e9f\u00e9rence au processus de notification des produits cosm\u00e9tiques au portail de notification des produits cosm\u00e9tiques (CPNP), qui est un syst\u00e8me de notification en ligne centralis\u00e9 utilis\u00e9 au sein de l&#8217;Union europ\u00e9enne (UE). Le PCNP est \u00e9tabli en vertu du r\u00e8glement cosm\u00e9tique de l&#8217;UE (r\u00e8glement (CE) n\u00b0 1223\/2009), et il...","og_url":"https:\/\/www.certifiedcosmetics.com\/fr\/product\/evaluation-de-la-securite-des-produits-cosmetiques\/notification-du-cpnp\/","og_site_name":"Certified Cosmetics","article_modified_time":"2025-03-28T10:51:42+00:00","og_image":[{"width":800,"height":800,"url":"https:\/\/www.certifiedcosmetics.com\/wp-content\/uploads\/2023\/11\/cnp.jpg","type":"image\/jpeg"}],"twitter_card":"summary_large_image","twitter_misc":{"Prix":"&#36;29.42","Disponibilit\u00e9":"En stock"},"schema":{"@context":"https:\/\/schema.org","@graph":[{"@type":"WebPage","@id":"https:\/\/www.certifiedcosmetics.com\/fr\/product\/evaluation-de-la-securite-des-produits-cosmetiques\/notification-du-cpnp\/","url":"https:\/\/www.certifiedcosmetics.com\/fr\/product\/evaluation-de-la-securite-des-produits-cosmetiques\/notification-du-cpnp\/","name":"Notification du CPNP - Certified Cosmetics","isPartOf":{"@id":"https:\/\/www.certifiedcosmetics.com\/fr\/#website"},"primaryImageOfPage":{"@id":"https:\/\/www.certifiedcosmetics.com\/fr\/product\/evaluation-de-la-securite-des-produits-cosmetiques\/notification-du-cpnp\/#primaryimage"},"image":{"@id":"https:\/\/www.certifiedcosmetics.com\/fr\/product\/evaluation-de-la-securite-des-produits-cosmetiques\/notification-du-cpnp\/#primaryimage"},"thumbnailUrl":"https:\/\/www.certifiedcosmetics.com\/wp-content\/uploads\/2023\/11\/cnp.jpg","datePublished":"2023-11-19T11:38:46+00:00","dateModified":"2025-03-28T10:51:42+00:00","breadcrumb":{"@id":"https:\/\/www.certifiedcosmetics.com\/fr\/product\/evaluation-de-la-securite-des-produits-cosmetiques\/notification-du-cpnp\/#breadcrumb"},"inLanguage":"fr-FR","potentialAction":[{"@type":"ReadAction","target":["https:\/\/www.certifiedcosmetics.com\/fr\/product\/evaluation-de-la-securite-des-produits-cosmetiques\/notification-du-cpnp\/"]}]},{"@type":"ImageObject","inLanguage":"fr-FR","@id":"https:\/\/www.certifiedcosmetics.com\/fr\/product\/evaluation-de-la-securite-des-produits-cosmetiques\/notification-du-cpnp\/#primaryimage","url":"https:\/\/www.certifiedcosmetics.com\/wp-content\/uploads\/2023\/11\/cnp.jpg","contentUrl":"https:\/\/www.certifiedcosmetics.com\/wp-content\/uploads\/2023\/11\/cnp.jpg","width":800,"height":800},{"@type":"BreadcrumbList","@id":"https:\/\/www.certifiedcosmetics.com\/fr\/product\/evaluation-de-la-securite-des-produits-cosmetiques\/notification-du-cpnp\/#breadcrumb","itemListElement":[{"@type":"ListItem","position":1,"name":"Home","item":"https:\/\/www.certifiedcosmetics.com\/fr\/"},{"@type":"ListItem","position":2,"name":"Boutique","item":"https:\/\/www.certifiedcosmetics.com\/fr\/boutique\/"},{"@type":"ListItem","position":3,"name":"Notification du CPNP"}]},{"@type":"WebSite","@id":"https:\/\/www.certifiedcosmetics.com\/fr\/#website","url":"https:\/\/www.certifiedcosmetics.com\/fr\/","name":"Certified Cosmetics","description":"Cosmetic Safety Assessment","publisher":{"@id":"https:\/\/www.certifiedcosmetics.com\/fr\/#organization"},"potentialAction":[{"@type":"SearchAction","target":{"@type":"EntryPoint","urlTemplate":"https:\/\/www.certifiedcosmetics.com\/fr\/?s={search_term_string}"},"query-input":{"@type":"PropertyValueSpecification","valueRequired":true,"valueName":"search_term_string"}}],"inLanguage":"fr-FR"},{"@type":"Organization","@id":"https:\/\/www.certifiedcosmetics.com\/fr\/#organization","name":"Certified Cosmetics","url":"https:\/\/www.certifiedcosmetics.com\/fr\/","logo":{"@type":"ImageObject","inLanguage":"fr-FR","@id":"https:\/\/www.certifiedcosmetics.com\/fr\/#\/schema\/logo\/image\/","url":"https:\/\/www.certifiedcosmetics.com\/wp-content\/uploads\/2024\/12\/logo_certified_cosmetics696.jpg","contentUrl":"https:\/\/www.certifiedcosmetics.com\/wp-content\/uploads\/2024\/12\/logo_certified_cosmetics696.jpg","width":696,"height":696,"caption":"Certified Cosmetics"},"image":{"@id":"https:\/\/www.certifiedcosmetics.com\/fr\/#\/schema\/logo\/image\/"},"description":"Your trusted partner for cosmetic product safety reporting. We take care of updating all of your documentation, ensuring your compliance stays current even as regulations evolve. The Cosmetic Product Safety Assessment will give you everything you need to sell specific products to EU consumers.","email":"contact@certifiedcosmetics.com","telephone":"+31 36 2036384","legalName":"Certified Cosmetics","foundingDate":"2010-01-01","vatID":"NL854189543B01","numberOfEmployees":{"@type":"QuantitativeValue","minValue":"11","maxValue":"50"}}]},"product_price_amount":"29.42","product_price_currency":"USD","og_availability":"instock","product_availability":"instock","product_retailer_item_id":"CC100043","product_condition":"new"},"_links":{"self":[{"href":"https:\/\/www.certifiedcosmetics.com\/fr\/wp-json\/wp\/v2\/product\/7043","targetHints":{"allow":["GET"]}}],"collection":[{"href":"https:\/\/www.certifiedcosmetics.com\/fr\/wp-json\/wp\/v2\/product"}],"about":[{"href":"https:\/\/www.certifiedcosmetics.com\/fr\/wp-json\/wp\/v2\/types\/product"}],"wp:featuredmedia":[{"embeddable":true,"href":"https:\/\/www.certifiedcosmetics.com\/fr\/wp-json\/wp\/v2\/media\/6572"}],"wp:attachment":[{"href":"https:\/\/www.certifiedcosmetics.com\/fr\/wp-json\/wp\/v2\/media?parent=7043"}],"wp:term":[{"taxonomy":"product_brand","embeddable":true,"href":"https:\/\/www.certifiedcosmetics.com\/fr\/wp-json\/wp\/v2\/product_brand?post=7043"},{"taxonomy":"product_cat","embeddable":true,"href":"https:\/\/www.certifiedcosmetics.com\/fr\/wp-json\/wp\/v2\/product_cat?post=7043"},{"taxonomy":"product_tag","embeddable":true,"href":"https:\/\/www.certifiedcosmetics.com\/fr\/wp-json\/wp\/v2\/product_tag?post=7043"}],"curies":[{"name":"wp","href":"https:\/\/api.w.org\/{rel}","templated":true}]}}