{"id":6852,"date":"2023-12-23T13:16:29","date_gmt":"2023-12-23T12:16:29","guid":{"rendered":"https:\/\/www.certifiedcosmetics.com\/product\/offre-groupee-devaluation-de-la-securite-des-produits-cosmetiques\/"},"modified":"2025-05-20T11:32:28","modified_gmt":"2025-05-20T10:32:28","slug":"offre-groupee-devaluation-de-la-securite-des-produits-cosmetiques","status":"publish","type":"product","link":"https:\/\/www.certifiedcosmetics.com\/fr\/product\/evaluation-de-la-securite-des-produits-cosmetiques\/offre-groupee-devaluation-de-la-securite-des-produits-cosmetiques\/","title":{"rendered":"\u00c9valuation compl\u00e8te de la s\u00e9curit\u00e9 des produits cosm\u00e9tiques"},"content":{"rendered":"<p>L&#8217;\u00e9valuation compl\u00e8te de la s\u00e9curit\u00e9 des produits cosm\u00e9tiques te donnera tout ce dont tu as besoin pour vendre tes produits aux consommateurs de l&#8217;UE. Il se compose des \u00e9l\u00e9ments suivants :<\/p>\n<ul>\n<li>Fichier d&#8217;information sur les produits cosm\u00e9tiques (PIF)\n<ul>\n<li><strong>Partie A :<\/strong> Renseignements sur la s\u00e9curit\u00e9 des produits cosm\u00e9tiques &#8211; Comprend des donn\u00e9es sur les ingr\u00e9dients du produit, sa stabilit\u00e9, sa qualit\u00e9 microbiologique, ses impuret\u00e9s et son emballage.<\/li>\n<li><strong>Partie B :<\/strong> Rapport sur la s\u00e9curit\u00e9 des produits cosm\u00e9tiques (CPSR) &#8211; Contient les conclusions, les avertissements et les justifications de l&#8217;\u00e9valuateur de la s\u00e9curit\u00e9, garantissant que le produit est s\u00fbr dans le cadre d&#8217;une utilisation normale.<\/li>\n<\/ul>\n<\/li>\n<li>Tests de laboratoire et r\u00e9sultats<\/li>\n<li>Notification du PCNP de l&#8217;UE<\/li>\n<\/ul>\n<h2>Rapport sur la s\u00e9curit\u00e9 des produits cosm\u00e9tiques (CPSR)<\/h2>\n<p>Le rapport de l&#8217;UE sur la s\u00e9curit\u00e9 des produits cosm\u00e9tiques (CPSR) est un document qui joue un r\u00f4le crucial pour garantir la s\u00e9curit\u00e9 des produits cosm\u00e9tiques mis sur le march\u00e9 de l&#8217;Union europ\u00e9enne (UE). C&#8217;est une exigence du r\u00e8glement cosm\u00e9tique de l&#8217;UE (r\u00e8glement (CE) n\u00b0 1223\/2009), qui d\u00e9finit les r\u00e8gles et r\u00e8glementations applicables aux produits cosm\u00e9tiques.<\/p>\n<h2>Fichier d&#8217;information sur les produits cosm\u00e9tiques (PIF)<\/h2>\n<p>Le fichier d&#8217;information sur les produits cosm\u00e9tiques (PIF) est un document complet qui sert de r\u00e9pertoire central des informations relatives \u00e0 un produit cosm\u00e9tique. Il s&#8217;agit d&#8217;une exigence obligatoire en vertu du r\u00e8glement sur les cosm\u00e9tiques de l&#8217;Union europ\u00e9enne (UE) (r\u00e8glement (CE) n\u00b0 1223\/2009). Le PIF est destin\u00e9 \u00e0 permettre aux autorit\u00e9s comp\u00e9tentes d&#8217;acc\u00e9der \u00e0 des d\u00e9tails cl\u00e9s concernant un produit cosm\u00e9tique et son \u00e9valuation de la s\u00e9curit\u00e9.<\/p>\n<h2>Test de provocation cosm\u00e9tique<\/h2>\n<p>Un test de provocation cosm\u00e9tique, souvent appel\u00e9 test d&#8217;efficacit\u00e9 des conservateurs ou test de provocation, est une proc\u00e9dure de laboratoire men\u00e9e pour \u00e9valuer l&#8217;efficacit\u00e9 des conservateurs dans les produits cosm\u00e9tiques. Le but de ce test est de s&#8217;assurer que la formulation est correctement prot\u00e9g\u00e9e contre la contamination microbienne tout au long de sa dur\u00e9e de conservation et de son utilisation par les consommateurs.<\/p>\n<h2>Test de microbiologie<\/h2>\n<p>Les tests microbiologiques sont un aspect essentiel de l&#8217;industrie cosm\u00e9tique, qui se concentre sur la s\u00e9curit\u00e9 et la qualit\u00e9 des produits en surveillant et en contr\u00f4lant la contamination microbienne. Elle aide les fabricants \u00e0 produire des produits cosm\u00e9tiques et de soins personnels s\u00fbrs et efficaces pour les consommateurs.<\/p>\n<h2>Test de stabilit\u00e9 des cosm\u00e9tiques<\/h2>\n<p>Les tests de stabilit\u00e9 des cosm\u00e9tiques sont une s\u00e9rie d&#8217;\u00e9valuations men\u00e9es pour d\u00e9terminer comment les propri\u00e9t\u00e9s physiques, chimiques et microbiologiques d&#8217;un produit cosm\u00e9tique sont affect\u00e9es au fil du temps lorsqu&#8217;il est stock\u00e9 dans diverses conditions. Le but de ces tests est de s&#8217;assurer que le produit reste s\u00fbr, efficace et conserve la qualit\u00e9 pr\u00e9vue tout au long de sa dur\u00e9e de conservation.<\/p>\n<h2>Notification du PCNP de l&#8217;UE<\/h2>\n<p>La notification CPNP de l&#8217;UE fait r\u00e9f\u00e9rence au processus de notification des produits cosm\u00e9tiques au portail de notification des produits cosm\u00e9tiques (CPNP), qui est un syst\u00e8me de notification en ligne centralis\u00e9 utilis\u00e9 au sein de l&#8217;Union europ\u00e9enne (UE). Le PCNP est \u00e9tabli en vertu du r\u00e8glement cosm\u00e9tique de l&#8217;UE (r\u00e8glement (CE) n\u00b0 1223\/2009), et il sert d&#8217;outil pour l&#8217;\u00e9change d&#8217;informations sur les produits cosm\u00e9tiques entre les autorit\u00e9s r\u00e9glementaires et les personnes responsables qui mettent ces produits sur le march\u00e9.<\/p>\n<h2 class=\"wp-block-heading\">Comment fonctionne le processus ?<\/h2>\n<ol class=\"wp-block-list\" start=\"1\">\n<li><strong>Choisir l&#8217;\u00e9valuation<\/strong>\n<ul class=\"wp-block-list\">\n<li>Tu ach\u00e8tes l&#8217;\u00e9valuation sur notre site Internet.<\/li>\n<\/ul>\n<\/li>\n<li><strong>Acc\u00e8s au portail s\u00e9curis\u00e9<\/strong>\n<ul class=\"wp-block-list\">\n<li>Apr\u00e8s l&#8217;achat, tu auras acc\u00e8s \u00e0 notre portail s\u00e9curis\u00e9 o\u00f9 tu pourras compl\u00e9ter l&#8217;admission.<\/li>\n<\/ul>\n<\/li>\n<li><strong>Compl\u00e9ter l&#8217;admission<\/strong>\n<ul class=\"wp-block-list\">\n<li>Compl\u00e8te toutes les informations demand\u00e9es sur ton produit et t\u00e9l\u00e9charge la documentation pertinente.<\/li>\n<\/ul>\n<\/li>\n<li><strong>Envoyer des \u00e9chantillons<\/strong>\n<ul class=\"wp-block-list\">\n<li>Envoie des \u00e9chantillons physiques de ton produit \u00e0 notre laboratoire. Lorsque tu planifies ton test de laboratoire sur le portail, l&#8217;\u00e9valuateur de s\u00e9curit\u00e9 te demandera le nombre d&#8217;\u00e9chantillons. Cela d\u00e9pend de ton produit et de son emballage.  <\/li>\n<\/ul>\n<\/li>\n<li><strong>Tests de laboratoire<\/strong>\n<ul class=\"wp-block-list\">\n<li>Nous effectuons des tests en laboratoire.<\/li>\n<\/ul>\n<\/li>\n<li><strong>\u00c9valuation de la s\u00e9curit\u00e9<\/strong>\n<ul class=\"wp-block-list\">\n<li>Notre contr\u00f4leur de s\u00e9curit\u00e9 pr\u00e9pare les parties I, II et III du FRP.<\/li>\n<\/ul>\n<\/li>\n<li><strong>Notification du PCNP de l&#8217;UE et remise de la documentation<\/strong>\n<ul class=\"wp-block-list\">\n<li>Nous nous occuperons de l&#8217;enregistrement de ton produit dans le portail de notification des produits cosm\u00e9tiques (CPNP) et tu recevras de notre part la documentation compl\u00e8te du FRA.<\/li>\n<\/ul>\n<\/li>\n<\/ol>\n<h2 class=\"wp-block-heading\">De quoi as-tu besoin pour faire une demande de CPSR ?<\/h2>\n<p>Pour que le processus se d\u00e9roule bien, nous avons besoin des informations suivantes de ta part :<\/p>\n<ol class=\"wp-block-list\" start=\"1\">\n<li><strong>Formulation du produit :<\/strong> Une liste compl\u00e8te des ingr\u00e9dients, y compris les concentrations et les noms INCI.<\/li>\n<li><strong>Emballage des produits :<\/strong> Informations sur l&#8217;emballage et les \u00e9tiquettes.<\/li>\n<li><strong>Mode d&#8217;emploi :<\/strong> Comment le produit est utilis\u00e9 par les consommateurs.<\/li>\n<li><strong>\u00c9chantillon :<\/strong> Un \u00e9chantillon physique de ton produit pour l&#8217;analyse en laboratoire.<\/li>\n<li><strong>Documentation :<\/strong> Certificats de mati\u00e8res premi\u00e8res (par exemple, MSDS et COA). Tu trouveras plus d&#8217;informations sur notre page concernant la <a href=\"https:\/\/www.certifiedcosmetics.com\/blog\/pif-documentation\/documentation-overview-for-a-safety-assessment\/\" target=\"_blank\" rel=\"noopener\">documentation n\u00e9cessaire \u00e0 une \u00e9valuation de la s\u00e9curit\u00e9<\/a>. <\/li>\n<\/ol>\n<h2>Qu&#8217;est-ce qu&#8217;une variation ?<\/h2>\n<p>Tu peux souvent r\u00e9aliser plusieurs variations de produits en ne changeant que le parfum ou la couleur d&#8217;une formulation de base. En choisissant l&#8217;option de variation dans ces cas pr\u00e9cis, tu b\u00e9n\u00e9ficies de co\u00fbts r\u00e9duits et tu t&#8217;assures en m\u00eame temps que tes variations de produits continuent \u00e0 \u00eatre conformes \u00e0 la r\u00e9glementation en mati\u00e8re de s\u00e9curit\u00e9 cosm\u00e9tique. Pour chaque variation, nous cr\u00e9ons le PIF avec CPSR et effectuons un test en laboratoire. Pour 2 variations, 2 PIF avec CPSR sont cr\u00e9\u00e9s et tous les tests de laboratoire sont effectu\u00e9s.   <\/p>\n<h3>Quand choisis-tu l&#8217;option variante ?<\/h3>\n<ol>\n<li><b>Changement de parfum<\/b>: Si le seul changement apport\u00e9 \u00e0 la composition de base est un changement de parfum, tu peux choisir l&#8217;option variante. En effet, la formulation de base reste la m\u00eame et seul le parfum est modifi\u00e9. <\/li>\n<li><b>Changement de couleur<\/b>: de m\u00eame, si tu choisis de changer la couleur du produit sans introduire de nouveaux ingr\u00e9dients ou de nouvelles mati\u00e8res premi\u00e8res, cela donne \u00e9galement droit au prix de la variante.<\/li>\n<\/ol>\n<p><b>Rappel important<\/b>: Si des mati\u00e8res premi\u00e8res suppl\u00e9mentaires sont ajout\u00e9es (comme un nouveau principe actif, un extrait de plante, des conservateurs ou tout autre ingr\u00e9dient qui modifie la formulation), <b><u>cela n&#8217;est pas consid\u00e9r\u00e9 comme une variante<\/u><\/b>, en raison du changement important que repr\u00e9sente la nouvelle formulation.<\/p>\n","protected":false},"excerpt":{"rendered":"<p>L&#8217;\u00e9valuation compl\u00e8te de la s\u00e9curit\u00e9 des produits cosm\u00e9tiques te donnera tout ce dont tu as besoin pour vendre tes produits aux consommateurs de l&#8217;UE. Il se compose des \u00e9l\u00e9ments suivants : Fichier d&#8217;information sur les produits cosm\u00e9tiques (PIF) Partie A : Renseignements sur la s\u00e9curit\u00e9 des produits cosm\u00e9tiques &#8211; Comprend des donn\u00e9es sur les ingr\u00e9dients&#8230;<\/p>\n","protected":false},"featured_media":6572,"template":"","meta":[],"product_brand":[],"product_cat":[113],"product_tag":[],"class_list":{"0":"post-6852","1":"product","2":"type-product","3":"status-publish","4":"has-post-thumbnail","6":"product_cat-evaluation-de-la-securite-des-produits-cosmetiques","8":"first","9":"instock","10":"virtual","11":"taxable","12":"purchasable","13":"product-type-woosb"},"bundled_by":[],"bundle_stock_status":"instock","bundle_stock_quantity":null,"bundle_virtual":false,"bundle_layout":"","bundle_add_to_cart_form_location":"","bundle_editable_in_cart":false,"bundle_sold_individually_context":"","bundle_item_grouping":"","bundle_min_size":"","bundle_max_size":"","bundle_price":[],"bundled_items":[],"bundle_sell_ids":[],"yoast_head":"<!-- This site is optimized with the Yoast SEO Premium plugin v25.4 (Yoast SEO v25.4) - https:\/\/yoast.com\/wordpress\/plugins\/seo\/ -->\n<title>\u00c9valuation compl\u00e8te de la s\u00e9curit\u00e9 des produits cosm\u00e9tiques - Certified Cosmetics<\/title>\n<meta name=\"robots\" content=\"index, follow, max-snippet:-1, max-image-preview:large, max-video-preview:-1\" \/>\n<link rel=\"canonical\" href=\"https:\/\/www.certifiedcosmetics.com\/fr\/product\/evaluation-de-la-securite-des-produits-cosmetiques\/offre-groupee-devaluation-de-la-securite-des-produits-cosmetiques\/\" \/>\n<meta property=\"og:locale\" content=\"fr_FR\" \/>\n<meta property=\"og:type\" content=\"article\" \/>\n<meta property=\"og:title\" content=\"\u00c9valuation compl\u00e8te de la s\u00e9curit\u00e9 des produits cosm\u00e9tiques\" \/>\n<meta property=\"og:description\" content=\"L&#8217;\u00e9valuation compl\u00e8te de la s\u00e9curit\u00e9 des produits cosm\u00e9tiques te donnera tout ce dont tu as besoin pour vendre tes produits aux consommateurs de l&#8217;UE. Il se compose des \u00e9l\u00e9ments suivants : Fichier d&#8217;information sur les produits cosm\u00e9tiques (PIF) Partie A : Renseignements sur la s\u00e9curit\u00e9 des produits cosm\u00e9tiques &#8211; Comprend des donn\u00e9es sur les ingr\u00e9dients...\" \/>\n<meta property=\"og:url\" content=\"https:\/\/www.certifiedcosmetics.com\/fr\/product\/evaluation-de-la-securite-des-produits-cosmetiques\/offre-groupee-devaluation-de-la-securite-des-produits-cosmetiques\/\" \/>\n<meta property=\"og:site_name\" content=\"Certified Cosmetics\" \/>\n<meta property=\"article:modified_time\" content=\"2025-05-20T10:32:28+00:00\" \/>\n<meta property=\"og:image\" content=\"https:\/\/www.certifiedcosmetics.com\/wp-content\/uploads\/2023\/11\/cnp.jpg\" \/>\n\t<meta property=\"og:image:width\" content=\"800\" \/>\n\t<meta property=\"og:image:height\" content=\"800\" \/>\n\t<meta property=\"og:image:type\" content=\"image\/jpeg\" \/>\n<meta name=\"twitter:card\" content=\"summary_large_image\" \/>\n<meta name=\"twitter:label1\" content=\"Prix\" \/>\n\t<meta name=\"twitter:data1\" content=\"&#036;816.79\" \/>\n\t<meta name=\"twitter:label2\" content=\"Disponibilit\u00e9\" \/>\n\t<meta name=\"twitter:data2\" content=\"En stock\" \/>\n<script type=\"application\/ld+json\" class=\"yoast-schema-graph\">{\"@context\":\"https:\/\/schema.org\",\"@graph\":[{\"@type\":\"WebPage\",\"@id\":\"https:\/\/www.certifiedcosmetics.com\/fr\/product\/evaluation-de-la-securite-des-produits-cosmetiques\/offre-groupee-devaluation-de-la-securite-des-produits-cosmetiques\/\",\"url\":\"https:\/\/www.certifiedcosmetics.com\/fr\/product\/evaluation-de-la-securite-des-produits-cosmetiques\/offre-groupee-devaluation-de-la-securite-des-produits-cosmetiques\/\",\"name\":\"\u00c9valuation compl\u00e8te de la s\u00e9curit\u00e9 des produits cosm\u00e9tiques - Certified Cosmetics\",\"isPartOf\":{\"@id\":\"https:\/\/www.certifiedcosmetics.com\/fr\/#website\"},\"primaryImageOfPage\":{\"@id\":\"https:\/\/www.certifiedcosmetics.com\/fr\/product\/evaluation-de-la-securite-des-produits-cosmetiques\/offre-groupee-devaluation-de-la-securite-des-produits-cosmetiques\/#primaryimage\"},\"image\":{\"@id\":\"https:\/\/www.certifiedcosmetics.com\/fr\/product\/evaluation-de-la-securite-des-produits-cosmetiques\/offre-groupee-devaluation-de-la-securite-des-produits-cosmetiques\/#primaryimage\"},\"thumbnailUrl\":\"https:\/\/www.certifiedcosmetics.com\/wp-content\/uploads\/2023\/11\/cnp.jpg\",\"datePublished\":\"2023-12-23T12:16:29+00:00\",\"dateModified\":\"2025-05-20T10:32:28+00:00\",\"breadcrumb\":{\"@id\":\"https:\/\/www.certifiedcosmetics.com\/fr\/product\/evaluation-de-la-securite-des-produits-cosmetiques\/offre-groupee-devaluation-de-la-securite-des-produits-cosmetiques\/#breadcrumb\"},\"inLanguage\":\"fr-FR\",\"potentialAction\":[{\"@type\":\"ReadAction\",\"target\":[\"https:\/\/www.certifiedcosmetics.com\/fr\/product\/evaluation-de-la-securite-des-produits-cosmetiques\/offre-groupee-devaluation-de-la-securite-des-produits-cosmetiques\/\"]}]},{\"@type\":\"ImageObject\",\"inLanguage\":\"fr-FR\",\"@id\":\"https:\/\/www.certifiedcosmetics.com\/fr\/product\/evaluation-de-la-securite-des-produits-cosmetiques\/offre-groupee-devaluation-de-la-securite-des-produits-cosmetiques\/#primaryimage\",\"url\":\"https:\/\/www.certifiedcosmetics.com\/wp-content\/uploads\/2023\/11\/cnp.jpg\",\"contentUrl\":\"https:\/\/www.certifiedcosmetics.com\/wp-content\/uploads\/2023\/11\/cnp.jpg\",\"width\":800,\"height\":800},{\"@type\":\"BreadcrumbList\",\"@id\":\"https:\/\/www.certifiedcosmetics.com\/fr\/product\/evaluation-de-la-securite-des-produits-cosmetiques\/offre-groupee-devaluation-de-la-securite-des-produits-cosmetiques\/#breadcrumb\",\"itemListElement\":[{\"@type\":\"ListItem\",\"position\":1,\"name\":\"Home\",\"item\":\"https:\/\/www.certifiedcosmetics.com\/fr\/\"},{\"@type\":\"ListItem\",\"position\":2,\"name\":\"Boutique\",\"item\":\"https:\/\/www.certifiedcosmetics.com\/fr\/boutique\/\"},{\"@type\":\"ListItem\",\"position\":3,\"name\":\"\u00c9valuation compl\u00e8te de la s\u00e9curit\u00e9 des produits cosm\u00e9tiques\"}]},{\"@type\":\"WebSite\",\"@id\":\"https:\/\/www.certifiedcosmetics.com\/fr\/#website\",\"url\":\"https:\/\/www.certifiedcosmetics.com\/fr\/\",\"name\":\"Certified Cosmetics\",\"description\":\"Cosmetic Safety Assessment\",\"publisher\":{\"@id\":\"https:\/\/www.certifiedcosmetics.com\/fr\/#organization\"},\"potentialAction\":[{\"@type\":\"SearchAction\",\"target\":{\"@type\":\"EntryPoint\",\"urlTemplate\":\"https:\/\/www.certifiedcosmetics.com\/fr\/?s={search_term_string}\"},\"query-input\":{\"@type\":\"PropertyValueSpecification\",\"valueRequired\":true,\"valueName\":\"search_term_string\"}}],\"inLanguage\":\"fr-FR\"},{\"@type\":\"Organization\",\"@id\":\"https:\/\/www.certifiedcosmetics.com\/fr\/#organization\",\"name\":\"Certified Cosmetics\",\"url\":\"https:\/\/www.certifiedcosmetics.com\/fr\/\",\"logo\":{\"@type\":\"ImageObject\",\"inLanguage\":\"fr-FR\",\"@id\":\"https:\/\/www.certifiedcosmetics.com\/fr\/#\/schema\/logo\/image\/\",\"url\":\"https:\/\/www.certifiedcosmetics.com\/wp-content\/uploads\/2024\/12\/logo_certified_cosmetics696.jpg\",\"contentUrl\":\"https:\/\/www.certifiedcosmetics.com\/wp-content\/uploads\/2024\/12\/logo_certified_cosmetics696.jpg\",\"width\":696,\"height\":696,\"caption\":\"Certified Cosmetics\"},\"image\":{\"@id\":\"https:\/\/www.certifiedcosmetics.com\/fr\/#\/schema\/logo\/image\/\"},\"description\":\"Your trusted partner for cosmetic product safety reporting. We take care of updating all of your documentation, ensuring your compliance stays current even as regulations evolve. The Cosmetic Product Safety Assessment will give you everything you need to sell specific products to EU consumers.\",\"email\":\"contact@certifiedcosmetics.com\",\"telephone\":\"+31 36 2036384\",\"legalName\":\"Certified Cosmetics\",\"foundingDate\":\"2010-01-01\",\"vatID\":\"NL854189543B01\",\"numberOfEmployees\":{\"@type\":\"QuantitativeValue\",\"minValue\":\"11\",\"maxValue\":\"50\"}}]}<\/script>\n<meta property=\"product:price:amount\" content=\"816.79\" \/>\n<meta property=\"product:price:currency\" content=\"USD\" \/>\n<meta property=\"og:availability\" content=\"instock\" \/>\n<meta property=\"product:availability\" content=\"instock\" \/>\n<meta property=\"product:retailer_item_id\" content=\"CC100066\" \/>\n<meta property=\"product:condition\" content=\"new\" \/>\n<!-- \/ Yoast SEO Premium plugin. -->","yoast_head_json":{"title":"\u00c9valuation compl\u00e8te de la s\u00e9curit\u00e9 des produits cosm\u00e9tiques - Certified Cosmetics","robots":{"index":"index","follow":"follow","max-snippet":"max-snippet:-1","max-image-preview":"max-image-preview:large","max-video-preview":"max-video-preview:-1"},"canonical":"https:\/\/www.certifiedcosmetics.com\/fr\/product\/evaluation-de-la-securite-des-produits-cosmetiques\/offre-groupee-devaluation-de-la-securite-des-produits-cosmetiques\/","og_locale":"fr_FR","og_type":"article","og_title":"\u00c9valuation compl\u00e8te de la s\u00e9curit\u00e9 des produits cosm\u00e9tiques","og_description":"L&#8217;\u00e9valuation compl\u00e8te de la s\u00e9curit\u00e9 des produits cosm\u00e9tiques te donnera tout ce dont tu as besoin pour vendre tes produits aux consommateurs de l&#8217;UE. Il se compose des \u00e9l\u00e9ments suivants : Fichier d&#8217;information sur les produits cosm\u00e9tiques (PIF) Partie A : Renseignements sur la s\u00e9curit\u00e9 des produits cosm\u00e9tiques &#8211; Comprend des donn\u00e9es sur les ingr\u00e9dients...","og_url":"https:\/\/www.certifiedcosmetics.com\/fr\/product\/evaluation-de-la-securite-des-produits-cosmetiques\/offre-groupee-devaluation-de-la-securite-des-produits-cosmetiques\/","og_site_name":"Certified Cosmetics","article_modified_time":"2025-05-20T10:32:28+00:00","og_image":[{"width":800,"height":800,"url":"https:\/\/www.certifiedcosmetics.com\/wp-content\/uploads\/2023\/11\/cnp.jpg","type":"image\/jpeg"}],"twitter_card":"summary_large_image","twitter_misc":{"Prix":"&#36;816.79","Disponibilit\u00e9":"En stock"},"schema":{"@context":"https:\/\/schema.org","@graph":[{"@type":"WebPage","@id":"https:\/\/www.certifiedcosmetics.com\/fr\/product\/evaluation-de-la-securite-des-produits-cosmetiques\/offre-groupee-devaluation-de-la-securite-des-produits-cosmetiques\/","url":"https:\/\/www.certifiedcosmetics.com\/fr\/product\/evaluation-de-la-securite-des-produits-cosmetiques\/offre-groupee-devaluation-de-la-securite-des-produits-cosmetiques\/","name":"\u00c9valuation compl\u00e8te de la s\u00e9curit\u00e9 des produits cosm\u00e9tiques - Certified Cosmetics","isPartOf":{"@id":"https:\/\/www.certifiedcosmetics.com\/fr\/#website"},"primaryImageOfPage":{"@id":"https:\/\/www.certifiedcosmetics.com\/fr\/product\/evaluation-de-la-securite-des-produits-cosmetiques\/offre-groupee-devaluation-de-la-securite-des-produits-cosmetiques\/#primaryimage"},"image":{"@id":"https:\/\/www.certifiedcosmetics.com\/fr\/product\/evaluation-de-la-securite-des-produits-cosmetiques\/offre-groupee-devaluation-de-la-securite-des-produits-cosmetiques\/#primaryimage"},"thumbnailUrl":"https:\/\/www.certifiedcosmetics.com\/wp-content\/uploads\/2023\/11\/cnp.jpg","datePublished":"2023-12-23T12:16:29+00:00","dateModified":"2025-05-20T10:32:28+00:00","breadcrumb":{"@id":"https:\/\/www.certifiedcosmetics.com\/fr\/product\/evaluation-de-la-securite-des-produits-cosmetiques\/offre-groupee-devaluation-de-la-securite-des-produits-cosmetiques\/#breadcrumb"},"inLanguage":"fr-FR","potentialAction":[{"@type":"ReadAction","target":["https:\/\/www.certifiedcosmetics.com\/fr\/product\/evaluation-de-la-securite-des-produits-cosmetiques\/offre-groupee-devaluation-de-la-securite-des-produits-cosmetiques\/"]}]},{"@type":"ImageObject","inLanguage":"fr-FR","@id":"https:\/\/www.certifiedcosmetics.com\/fr\/product\/evaluation-de-la-securite-des-produits-cosmetiques\/offre-groupee-devaluation-de-la-securite-des-produits-cosmetiques\/#primaryimage","url":"https:\/\/www.certifiedcosmetics.com\/wp-content\/uploads\/2023\/11\/cnp.jpg","contentUrl":"https:\/\/www.certifiedcosmetics.com\/wp-content\/uploads\/2023\/11\/cnp.jpg","width":800,"height":800},{"@type":"BreadcrumbList","@id":"https:\/\/www.certifiedcosmetics.com\/fr\/product\/evaluation-de-la-securite-des-produits-cosmetiques\/offre-groupee-devaluation-de-la-securite-des-produits-cosmetiques\/#breadcrumb","itemListElement":[{"@type":"ListItem","position":1,"name":"Home","item":"https:\/\/www.certifiedcosmetics.com\/fr\/"},{"@type":"ListItem","position":2,"name":"Boutique","item":"https:\/\/www.certifiedcosmetics.com\/fr\/boutique\/"},{"@type":"ListItem","position":3,"name":"\u00c9valuation compl\u00e8te de la s\u00e9curit\u00e9 des produits cosm\u00e9tiques"}]},{"@type":"WebSite","@id":"https:\/\/www.certifiedcosmetics.com\/fr\/#website","url":"https:\/\/www.certifiedcosmetics.com\/fr\/","name":"Certified Cosmetics","description":"Cosmetic Safety Assessment","publisher":{"@id":"https:\/\/www.certifiedcosmetics.com\/fr\/#organization"},"potentialAction":[{"@type":"SearchAction","target":{"@type":"EntryPoint","urlTemplate":"https:\/\/www.certifiedcosmetics.com\/fr\/?s={search_term_string}"},"query-input":{"@type":"PropertyValueSpecification","valueRequired":true,"valueName":"search_term_string"}}],"inLanguage":"fr-FR"},{"@type":"Organization","@id":"https:\/\/www.certifiedcosmetics.com\/fr\/#organization","name":"Certified Cosmetics","url":"https:\/\/www.certifiedcosmetics.com\/fr\/","logo":{"@type":"ImageObject","inLanguage":"fr-FR","@id":"https:\/\/www.certifiedcosmetics.com\/fr\/#\/schema\/logo\/image\/","url":"https:\/\/www.certifiedcosmetics.com\/wp-content\/uploads\/2024\/12\/logo_certified_cosmetics696.jpg","contentUrl":"https:\/\/www.certifiedcosmetics.com\/wp-content\/uploads\/2024\/12\/logo_certified_cosmetics696.jpg","width":696,"height":696,"caption":"Certified Cosmetics"},"image":{"@id":"https:\/\/www.certifiedcosmetics.com\/fr\/#\/schema\/logo\/image\/"},"description":"Your trusted partner for cosmetic product safety reporting. We take care of updating all of your documentation, ensuring your compliance stays current even as regulations evolve. The Cosmetic Product Safety Assessment will give you everything you need to sell specific products to EU consumers.","email":"contact@certifiedcosmetics.com","telephone":"+31 36 2036384","legalName":"Certified Cosmetics","foundingDate":"2010-01-01","vatID":"NL854189543B01","numberOfEmployees":{"@type":"QuantitativeValue","minValue":"11","maxValue":"50"}}]},"product_price_amount":"816.79","product_price_currency":"USD","og_availability":"instock","product_availability":"instock","product_retailer_item_id":"CC100066","product_condition":"new"},"_links":{"self":[{"href":"https:\/\/www.certifiedcosmetics.com\/fr\/wp-json\/wp\/v2\/product\/6852","targetHints":{"allow":["GET"]}}],"collection":[{"href":"https:\/\/www.certifiedcosmetics.com\/fr\/wp-json\/wp\/v2\/product"}],"about":[{"href":"https:\/\/www.certifiedcosmetics.com\/fr\/wp-json\/wp\/v2\/types\/product"}],"wp:featuredmedia":[{"embeddable":true,"href":"https:\/\/www.certifiedcosmetics.com\/fr\/wp-json\/wp\/v2\/media\/6572"}],"wp:attachment":[{"href":"https:\/\/www.certifiedcosmetics.com\/fr\/wp-json\/wp\/v2\/media?parent=6852"}],"wp:term":[{"taxonomy":"product_brand","embeddable":true,"href":"https:\/\/www.certifiedcosmetics.com\/fr\/wp-json\/wp\/v2\/product_brand?post=6852"},{"taxonomy":"product_cat","embeddable":true,"href":"https:\/\/www.certifiedcosmetics.com\/fr\/wp-json\/wp\/v2\/product_cat?post=6852"},{"taxonomy":"product_tag","embeddable":true,"href":"https:\/\/www.certifiedcosmetics.com\/fr\/wp-json\/wp\/v2\/product_tag?post=6852"}],"curies":[{"name":"wp","href":"https:\/\/api.w.org\/{rel}","templated":true}]}}