{"id":6846,"date":"2023-12-03T15:56:05","date_gmt":"2023-12-03T14:56:05","guid":{"rendered":"https:\/\/www.certifiedcosmetics.com\/product\/evaluation-prealable-de-la-securite\/"},"modified":"2023-12-03T14:56:05","modified_gmt":"2023-12-03T13:56:05","slug":"evaluation-prealable-de-la-securite","status":"publish","type":"product","link":"https:\/\/www.certifiedcosmetics.com\/fr\/product\/evaluation-de-la-securite-des-produits-cosmetiques\/evaluation-prealable-de-la-securite\/","title":{"rendered":"\u00c9valuation pr\u00e9alable de la s\u00e9curit\u00e9"},"content":{"rendered":"<header class=\"bt_bb_headline bt_bb_subheadline_text_transform_default bt_bb_dash_none bt_bb_superheadline bt_bb_subheadline bt_bb_fe_edit bt_bb_size_normal bt_bb_align_inherit bt_bb_fe_edit_box\" data-base=\"bt_bb_headline\" data-bt-bb-fe-atts=\"{\"font_subset\":\"latin,latin-ext\",\"superheadline\":\"SAFETY ASSESMENT\",\"headline\":\"Pre Screeing Safety Assesments\",\"subheadline\":\"By conducting a thorough pre-screening of cosmetic safety, formulators can identify and address potential safety concerns early in the development process before proceeding with extensive testing.\",\"html_tag\":\"h3\",\"align\":\"inherit,;,,;,,;,,;,,;,\",\"dash\":\"none\",\"color_scheme\":\"\",\"color\":\"\",\"supertitle_position\":\"\",\"font\":\"inherit\",\"font_size\":\"\",\"url\":\"\",\"target\":\"_self\",\"responsive\":\"\",\"publish_datetime\":\"\",\"expiry_datetime\":\"\",\"el_id\":\"\",\"el_class\":\"\",\"el_style\":\"\",\"size\":\"normal,;,,;,,;,,;,,;,\",\"font_weight\":\"\",\"supertitle_font_weight\":\"\",\"subtitle_font_weight\":\"\",\"text_transform\":\"\",\"superheadline_text_transform\":\"\",\"subheadline_text_transform\":\"default\",\"animation\":\"no_animation\",\"bb_version\":\"4.6.1\"}\" data-fe-id=\"5\" data-bb-version=\"4.6.1\" data-bt-override-class=\"{\"bt_bb_size_\":{\"current_class\":\"bt_bb_size_normal\",\"xxl\":\"normal\"},\"bt_bb_align_\":{\"current_class\":\"bt_bb_align_inherit\",\"xxl\":\"inherit\"}}\">\n<div class=\"bt_bb_headline_subheadline\">En effectuant une pr\u00e9s\u00e9lection approfondie de la s\u00e9curit\u00e9 des cosm\u00e9tiques, nos formulateurs peuvent identifier et traiter les probl\u00e8mes de s\u00e9curit\u00e9 potentiels d\u00e8s le d\u00e9but du processus de d\u00e9veloppement avant de proc\u00e9der \u00e0 des tests approfondis.<\/div>\n<\/header>\n<div class=\"bt_bb_separator bt_bb_border_style_none bt_bb_bottom_spacing_normal bt_bb_fe_edit\" data-base=\"bt_bb_separator\" data-bt-bb-fe-atts=\"{\"top_spacing\":\"\",\"bottom_spacing\":\"normal\",\"border_style\":\"none\",\"border_width\":\"\",\"responsive\":\"\",\"publish_datetime\":\"\",\"expiry_datetime\":\"\",\"el_id\":\"\",\"el_class\":\"\",\"el_style\":\"\"}\" data-fe-id=\"6\" data-bt-override-class=\"null\"><\/div>\n<div class=\"bt_bb_text bt_bb_fe_edit\" data-base=\"bt_bb_text\" data-bt-bb-fe-atts=\"\"\"\" data-fe-id=\"7\" data-content=\"  This proactive approach not only enhances consumer safety but also streamlines the overall cosmetic product development lifecycle by minimizing the risk of setbacks during regulatory assessments.  \">\n<p>Cette approche proactive permet non seulement d&#8217;am\u00e9liorer la s\u00e9curit\u00e9 des consommateurs, mais aussi de rationaliser le cycle de vie global du d\u00e9veloppement des produits cosm\u00e9tiques en minimisant le risque de revers lors des \u00e9valuations r\u00e9glementaires.<\/p>\n<\/div>\n","protected":false},"excerpt":{"rendered":"<p>En effectuant une pr\u00e9s\u00e9lection approfondie de la s\u00e9curit\u00e9 des cosm\u00e9tiques, nos formulateurs peuvent identifier et traiter les probl\u00e8mes de s\u00e9curit\u00e9 potentiels d\u00e8s le d\u00e9but du processus de d\u00e9veloppement avant de proc\u00e9der \u00e0 des tests approfondis. Cette approche proactive permet non seulement d&#8217;am\u00e9liorer la s\u00e9curit\u00e9 des consommateurs, mais aussi de rationaliser le cycle de vie global&#8230;<\/p>\n","protected":false},"featured_media":6577,"template":"","meta":[],"product_brand":[],"product_cat":[113],"product_tag":[],"class_list":{"0":"post-6846","1":"product","2":"type-product","3":"status-publish","4":"has-post-thumbnail","6":"product_cat-evaluation-de-la-securite-des-produits-cosmetiques","8":"first","9":"instock","10":"virtual","11":"taxable","12":"purchasable","13":"product-type-simple"},"bundled_by":[],"bundle_stock_status":"instock","bundle_stock_quantity":null,"bundle_virtual":false,"bundle_layout":"","bundle_add_to_cart_form_location":"","bundle_editable_in_cart":false,"bundle_sold_individually_context":"","bundle_item_grouping":"","bundle_min_size":"","bundle_max_size":"","bundle_price":[],"bundled_items":[],"bundle_sell_ids":[],"yoast_head":"<!-- This site is optimized with the Yoast SEO Premium plugin v25.4 (Yoast SEO v25.4) - https:\/\/yoast.com\/wordpress\/plugins\/seo\/ -->\n<title>\u00c9valuation pr\u00e9alable de la s\u00e9curit\u00e9 - Certified Cosmetics<\/title>\n<meta name=\"robots\" content=\"index, follow, max-snippet:-1, max-image-preview:large, max-video-preview:-1\" \/>\n<link rel=\"canonical\" href=\"https:\/\/www.certifiedcosmetics.com\/fr\/product\/evaluation-de-la-securite-des-produits-cosmetiques\/evaluation-prealable-de-la-securite\/\" \/>\n<meta property=\"og:locale\" content=\"fr_FR\" \/>\n<meta property=\"og:type\" content=\"article\" \/>\n<meta property=\"og:title\" content=\"\u00c9valuation pr\u00e9alable de la s\u00e9curit\u00e9\" \/>\n<meta property=\"og:description\" content=\"En effectuant une pr\u00e9s\u00e9lection approfondie de la s\u00e9curit\u00e9 des cosm\u00e9tiques, nos formulateurs peuvent identifier et traiter les probl\u00e8mes de s\u00e9curit\u00e9 potentiels d\u00e8s le d\u00e9but du processus de d\u00e9veloppement avant de proc\u00e9der \u00e0 des tests approfondis. Cette approche proactive permet non seulement d&#8217;am\u00e9liorer la s\u00e9curit\u00e9 des consommateurs, mais aussi de rationaliser le cycle de vie global...\" \/>\n<meta property=\"og:url\" content=\"https:\/\/www.certifiedcosmetics.com\/fr\/product\/evaluation-de-la-securite-des-produits-cosmetiques\/evaluation-prealable-de-la-securite\/\" \/>\n<meta property=\"og:site_name\" content=\"Certified Cosmetics\" \/>\n<meta property=\"og:image\" content=\"https:\/\/www.certifiedcosmetics.com\/wp-content\/uploads\/2023\/11\/pif.jpg\" \/>\n\t<meta property=\"og:image:width\" content=\"800\" \/>\n\t<meta property=\"og:image:height\" content=\"800\" \/>\n\t<meta property=\"og:image:type\" content=\"image\/jpeg\" \/>\n<meta name=\"twitter:card\" content=\"summary_large_image\" \/>\n<meta name=\"twitter:label1\" content=\"Prix\" \/>\n\t<meta name=\"twitter:data1\" content=\"&#036;87.71\" \/>\n\t<meta name=\"twitter:label2\" content=\"Disponibilit\u00e9\" \/>\n\t<meta name=\"twitter:data2\" content=\"En stock\" \/>\n<script type=\"application\/ld+json\" class=\"yoast-schema-graph\">{\"@context\":\"https:\/\/schema.org\",\"@graph\":[{\"@type\":\"WebPage\",\"@id\":\"https:\/\/www.certifiedcosmetics.com\/fr\/product\/evaluation-de-la-securite-des-produits-cosmetiques\/evaluation-prealable-de-la-securite\/\",\"url\":\"https:\/\/www.certifiedcosmetics.com\/fr\/product\/evaluation-de-la-securite-des-produits-cosmetiques\/evaluation-prealable-de-la-securite\/\",\"name\":\"\u00c9valuation pr\u00e9alable de la s\u00e9curit\u00e9 - Certified Cosmetics\",\"isPartOf\":{\"@id\":\"https:\/\/www.certifiedcosmetics.com\/fr\/#website\"},\"primaryImageOfPage\":{\"@id\":\"https:\/\/www.certifiedcosmetics.com\/fr\/product\/evaluation-de-la-securite-des-produits-cosmetiques\/evaluation-prealable-de-la-securite\/#primaryimage\"},\"image\":{\"@id\":\"https:\/\/www.certifiedcosmetics.com\/fr\/product\/evaluation-de-la-securite-des-produits-cosmetiques\/evaluation-prealable-de-la-securite\/#primaryimage\"},\"thumbnailUrl\":\"https:\/\/www.certifiedcosmetics.com\/wp-content\/uploads\/2023\/11\/pif.jpg\",\"datePublished\":\"2023-12-03T14:56:05+00:00\",\"breadcrumb\":{\"@id\":\"https:\/\/www.certifiedcosmetics.com\/fr\/product\/evaluation-de-la-securite-des-produits-cosmetiques\/evaluation-prealable-de-la-securite\/#breadcrumb\"},\"inLanguage\":\"fr-FR\",\"potentialAction\":[{\"@type\":\"ReadAction\",\"target\":[\"https:\/\/www.certifiedcosmetics.com\/fr\/product\/evaluation-de-la-securite-des-produits-cosmetiques\/evaluation-prealable-de-la-securite\/\"]}]},{\"@type\":\"ImageObject\",\"inLanguage\":\"fr-FR\",\"@id\":\"https:\/\/www.certifiedcosmetics.com\/fr\/product\/evaluation-de-la-securite-des-produits-cosmetiques\/evaluation-prealable-de-la-securite\/#primaryimage\",\"url\":\"https:\/\/www.certifiedcosmetics.com\/wp-content\/uploads\/2023\/11\/pif.jpg\",\"contentUrl\":\"https:\/\/www.certifiedcosmetics.com\/wp-content\/uploads\/2023\/11\/pif.jpg\",\"width\":800,\"height\":800},{\"@type\":\"BreadcrumbList\",\"@id\":\"https:\/\/www.certifiedcosmetics.com\/fr\/product\/evaluation-de-la-securite-des-produits-cosmetiques\/evaluation-prealable-de-la-securite\/#breadcrumb\",\"itemListElement\":[{\"@type\":\"ListItem\",\"position\":1,\"name\":\"Home\",\"item\":\"https:\/\/www.certifiedcosmetics.com\/fr\/\"},{\"@type\":\"ListItem\",\"position\":2,\"name\":\"Boutique\",\"item\":\"https:\/\/www.certifiedcosmetics.com\/fr\/boutique\/\"},{\"@type\":\"ListItem\",\"position\":3,\"name\":\"\u00c9valuation pr\u00e9alable de la s\u00e9curit\u00e9\"}]},{\"@type\":\"WebSite\",\"@id\":\"https:\/\/www.certifiedcosmetics.com\/fr\/#website\",\"url\":\"https:\/\/www.certifiedcosmetics.com\/fr\/\",\"name\":\"Certified Cosmetics\",\"description\":\"Cosmetic Safety Assessment\",\"publisher\":{\"@id\":\"https:\/\/www.certifiedcosmetics.com\/fr\/#organization\"},\"potentialAction\":[{\"@type\":\"SearchAction\",\"target\":{\"@type\":\"EntryPoint\",\"urlTemplate\":\"https:\/\/www.certifiedcosmetics.com\/fr\/?s={search_term_string}\"},\"query-input\":{\"@type\":\"PropertyValueSpecification\",\"valueRequired\":true,\"valueName\":\"search_term_string\"}}],\"inLanguage\":\"fr-FR\"},{\"@type\":\"Organization\",\"@id\":\"https:\/\/www.certifiedcosmetics.com\/fr\/#organization\",\"name\":\"Certified Cosmetics\",\"url\":\"https:\/\/www.certifiedcosmetics.com\/fr\/\",\"logo\":{\"@type\":\"ImageObject\",\"inLanguage\":\"fr-FR\",\"@id\":\"https:\/\/www.certifiedcosmetics.com\/fr\/#\/schema\/logo\/image\/\",\"url\":\"https:\/\/www.certifiedcosmetics.com\/wp-content\/uploads\/2024\/12\/logo_certified_cosmetics696.jpg\",\"contentUrl\":\"https:\/\/www.certifiedcosmetics.com\/wp-content\/uploads\/2024\/12\/logo_certified_cosmetics696.jpg\",\"width\":696,\"height\":696,\"caption\":\"Certified Cosmetics\"},\"image\":{\"@id\":\"https:\/\/www.certifiedcosmetics.com\/fr\/#\/schema\/logo\/image\/\"},\"description\":\"Your trusted partner for cosmetic product safety reporting. We take care of updating all of your documentation, ensuring your compliance stays current even as regulations evolve. The Cosmetic Product Safety Assessment will give you everything you need to sell specific products to EU consumers.\",\"email\":\"contact@certifiedcosmetics.com\",\"telephone\":\"+31 36 2036384\",\"legalName\":\"Certified Cosmetics\",\"foundingDate\":\"2010-01-01\",\"vatID\":\"NL854189543B01\",\"numberOfEmployees\":{\"@type\":\"QuantitativeValue\",\"minValue\":\"11\",\"maxValue\":\"50\"}}]}<\/script>\n<meta property=\"product:price:amount\" content=\"87.71\" \/>\n<meta property=\"product:price:currency\" content=\"USD\" \/>\n<meta property=\"og:availability\" content=\"instock\" \/>\n<meta property=\"product:availability\" content=\"instock\" \/>\n<meta property=\"product:retailer_item_id\" content=\"CC100117\" \/>\n<meta property=\"product:condition\" content=\"new\" \/>\n<!-- \/ Yoast SEO Premium plugin. -->","yoast_head_json":{"title":"\u00c9valuation pr\u00e9alable de la s\u00e9curit\u00e9 - Certified Cosmetics","robots":{"index":"index","follow":"follow","max-snippet":"max-snippet:-1","max-image-preview":"max-image-preview:large","max-video-preview":"max-video-preview:-1"},"canonical":"https:\/\/www.certifiedcosmetics.com\/fr\/product\/evaluation-de-la-securite-des-produits-cosmetiques\/evaluation-prealable-de-la-securite\/","og_locale":"fr_FR","og_type":"article","og_title":"\u00c9valuation pr\u00e9alable de la s\u00e9curit\u00e9","og_description":"En effectuant une pr\u00e9s\u00e9lection approfondie de la s\u00e9curit\u00e9 des cosm\u00e9tiques, nos formulateurs peuvent identifier et traiter les probl\u00e8mes de s\u00e9curit\u00e9 potentiels d\u00e8s le d\u00e9but du processus de d\u00e9veloppement avant de proc\u00e9der \u00e0 des tests approfondis. Cette approche proactive permet non seulement d&#8217;am\u00e9liorer la s\u00e9curit\u00e9 des consommateurs, mais aussi de rationaliser le cycle de vie global...","og_url":"https:\/\/www.certifiedcosmetics.com\/fr\/product\/evaluation-de-la-securite-des-produits-cosmetiques\/evaluation-prealable-de-la-securite\/","og_site_name":"Certified Cosmetics","og_image":[{"width":800,"height":800,"url":"https:\/\/www.certifiedcosmetics.com\/wp-content\/uploads\/2023\/11\/pif.jpg","type":"image\/jpeg"}],"twitter_card":"summary_large_image","twitter_misc":{"Prix":"&#36;87.71","Disponibilit\u00e9":"En stock"},"schema":{"@context":"https:\/\/schema.org","@graph":[{"@type":"WebPage","@id":"https:\/\/www.certifiedcosmetics.com\/fr\/product\/evaluation-de-la-securite-des-produits-cosmetiques\/evaluation-prealable-de-la-securite\/","url":"https:\/\/www.certifiedcosmetics.com\/fr\/product\/evaluation-de-la-securite-des-produits-cosmetiques\/evaluation-prealable-de-la-securite\/","name":"\u00c9valuation pr\u00e9alable de la s\u00e9curit\u00e9 - Certified Cosmetics","isPartOf":{"@id":"https:\/\/www.certifiedcosmetics.com\/fr\/#website"},"primaryImageOfPage":{"@id":"https:\/\/www.certifiedcosmetics.com\/fr\/product\/evaluation-de-la-securite-des-produits-cosmetiques\/evaluation-prealable-de-la-securite\/#primaryimage"},"image":{"@id":"https:\/\/www.certifiedcosmetics.com\/fr\/product\/evaluation-de-la-securite-des-produits-cosmetiques\/evaluation-prealable-de-la-securite\/#primaryimage"},"thumbnailUrl":"https:\/\/www.certifiedcosmetics.com\/wp-content\/uploads\/2023\/11\/pif.jpg","datePublished":"2023-12-03T14:56:05+00:00","breadcrumb":{"@id":"https:\/\/www.certifiedcosmetics.com\/fr\/product\/evaluation-de-la-securite-des-produits-cosmetiques\/evaluation-prealable-de-la-securite\/#breadcrumb"},"inLanguage":"fr-FR","potentialAction":[{"@type":"ReadAction","target":["https:\/\/www.certifiedcosmetics.com\/fr\/product\/evaluation-de-la-securite-des-produits-cosmetiques\/evaluation-prealable-de-la-securite\/"]}]},{"@type":"ImageObject","inLanguage":"fr-FR","@id":"https:\/\/www.certifiedcosmetics.com\/fr\/product\/evaluation-de-la-securite-des-produits-cosmetiques\/evaluation-prealable-de-la-securite\/#primaryimage","url":"https:\/\/www.certifiedcosmetics.com\/wp-content\/uploads\/2023\/11\/pif.jpg","contentUrl":"https:\/\/www.certifiedcosmetics.com\/wp-content\/uploads\/2023\/11\/pif.jpg","width":800,"height":800},{"@type":"BreadcrumbList","@id":"https:\/\/www.certifiedcosmetics.com\/fr\/product\/evaluation-de-la-securite-des-produits-cosmetiques\/evaluation-prealable-de-la-securite\/#breadcrumb","itemListElement":[{"@type":"ListItem","position":1,"name":"Home","item":"https:\/\/www.certifiedcosmetics.com\/fr\/"},{"@type":"ListItem","position":2,"name":"Boutique","item":"https:\/\/www.certifiedcosmetics.com\/fr\/boutique\/"},{"@type":"ListItem","position":3,"name":"\u00c9valuation pr\u00e9alable de la s\u00e9curit\u00e9"}]},{"@type":"WebSite","@id":"https:\/\/www.certifiedcosmetics.com\/fr\/#website","url":"https:\/\/www.certifiedcosmetics.com\/fr\/","name":"Certified Cosmetics","description":"Cosmetic Safety Assessment","publisher":{"@id":"https:\/\/www.certifiedcosmetics.com\/fr\/#organization"},"potentialAction":[{"@type":"SearchAction","target":{"@type":"EntryPoint","urlTemplate":"https:\/\/www.certifiedcosmetics.com\/fr\/?s={search_term_string}"},"query-input":{"@type":"PropertyValueSpecification","valueRequired":true,"valueName":"search_term_string"}}],"inLanguage":"fr-FR"},{"@type":"Organization","@id":"https:\/\/www.certifiedcosmetics.com\/fr\/#organization","name":"Certified Cosmetics","url":"https:\/\/www.certifiedcosmetics.com\/fr\/","logo":{"@type":"ImageObject","inLanguage":"fr-FR","@id":"https:\/\/www.certifiedcosmetics.com\/fr\/#\/schema\/logo\/image\/","url":"https:\/\/www.certifiedcosmetics.com\/wp-content\/uploads\/2024\/12\/logo_certified_cosmetics696.jpg","contentUrl":"https:\/\/www.certifiedcosmetics.com\/wp-content\/uploads\/2024\/12\/logo_certified_cosmetics696.jpg","width":696,"height":696,"caption":"Certified Cosmetics"},"image":{"@id":"https:\/\/www.certifiedcosmetics.com\/fr\/#\/schema\/logo\/image\/"},"description":"Your trusted partner for cosmetic product safety reporting. We take care of updating all of your documentation, ensuring your compliance stays current even as regulations evolve. The Cosmetic Product Safety Assessment will give you everything you need to sell specific products to EU consumers.","email":"contact@certifiedcosmetics.com","telephone":"+31 36 2036384","legalName":"Certified Cosmetics","foundingDate":"2010-01-01","vatID":"NL854189543B01","numberOfEmployees":{"@type":"QuantitativeValue","minValue":"11","maxValue":"50"}}]},"product_price_amount":"87.71","product_price_currency":"USD","og_availability":"instock","product_availability":"instock","product_retailer_item_id":"CC100117","product_condition":"new"},"_links":{"self":[{"href":"https:\/\/www.certifiedcosmetics.com\/fr\/wp-json\/wp\/v2\/product\/6846","targetHints":{"allow":["GET"]}}],"collection":[{"href":"https:\/\/www.certifiedcosmetics.com\/fr\/wp-json\/wp\/v2\/product"}],"about":[{"href":"https:\/\/www.certifiedcosmetics.com\/fr\/wp-json\/wp\/v2\/types\/product"}],"wp:featuredmedia":[{"embeddable":true,"href":"https:\/\/www.certifiedcosmetics.com\/fr\/wp-json\/wp\/v2\/media\/6577"}],"wp:attachment":[{"href":"https:\/\/www.certifiedcosmetics.com\/fr\/wp-json\/wp\/v2\/media?parent=6846"}],"wp:term":[{"taxonomy":"product_brand","embeddable":true,"href":"https:\/\/www.certifiedcosmetics.com\/fr\/wp-json\/wp\/v2\/product_brand?post=6846"},{"taxonomy":"product_cat","embeddable":true,"href":"https:\/\/www.certifiedcosmetics.com\/fr\/wp-json\/wp\/v2\/product_cat?post=6846"},{"taxonomy":"product_tag","embeddable":true,"href":"https:\/\/www.certifiedcosmetics.com\/fr\/wp-json\/wp\/v2\/product_tag?post=6846"}],"curies":[{"name":"wp","href":"https:\/\/api.w.org\/{rel}","templated":true}]}}