{"id":17025,"date":"2026-04-24T09:28:19","date_gmt":"2026-04-24T08:28:19","guid":{"rendered":"https:\/\/www.certifiedcosmetics.com\/product\/non class\u00e9\/efficacite-des-antisudorifiques-tewameter\/"},"modified":"2026-04-24T09:28:19","modified_gmt":"2026-04-24T08:28:19","slug":"efficacite-des-antisudorifiques-tewameter","status":"publish","type":"product","link":"https:\/\/www.certifiedcosmetics.com\/fr\/product\/test-defficacite\/efficacite-des-antisudorifiques-tewameter\/","title":{"rendered":"Efficacit\u00e9 des antisudorifiques &#8211; Tewameter"},"content":{"rendered":"<p data-start=\"171\" data-end=\"334\">Le test <strong data-start=\"175\" data-end=\"214\">Antiperspirant Efficacy &#8211; Tewameter<\/strong> est une \u00e9valuation instrumentale con\u00e7ue pour mesurer la r\u00e9duction de la transpiration en \u00e9valuant la perte d&#8217;eau trans\u00e9pidermique (TEWL).<\/p>\n<p data-start=\"336\" data-end=\"493\">Ce test fournit des preuves objectives et quantitatives pour des all\u00e9gations telles que <strong data-start=\"407\" data-end=\"458\">&#8220;r\u00e9duit la transpiration&#8221;, &#8220;s\u00e9cheresse durable&#8221;<\/strong> et <strong data-start=\"463\" data-end=\"493\">&#8220;efficacit\u00e9 anti-transpirante&#8221;.<\/strong><\/p>\n<h2 data-section-id=\"13b9l1a\" data-start=\"500\" data-end=\"527\">Objectif du test<\/h2>\n<p data-start=\"528\" data-end=\"690\">L&#8217;objectif de ce test est de d\u00e9terminer si un produit r\u00e9duit efficacement la production de sueur au fil du temps en mesurant les changements dans la perte d&#8217;eau \u00e0 la surface de la peau.<\/p>\n<p data-start=\"692\" data-end=\"827\">Elle est particuli\u00e8rement pertinente pour les <strong data-start=\"724\" data-end=\"826\">produits anti-transpirants et les formulations con\u00e7ues pour contr\u00f4ler la transpiration et am\u00e9liorer le confort de la peau<\/strong>.<\/p>\n<h2 data-section-id=\"ccdmmj\" data-start=\"834\" data-end=\"853\">M\u00e9thodologie<\/h2>\n<p data-start=\"854\" data-end=\"1010\">L&#8217;\u00e9tude est r\u00e9alis\u00e9e sous forme de <strong data-start=\"883\" data-end=\"904\">test instrumental<\/strong> \u00e0 l&#8217;aide d&#8217;un <strong data-start=\"913\" data-end=\"926\">Tewameter<\/strong>, qui mesure la perte d&#8217;eau trans\u00e9pidermique (TEWL) comme indicateur de la production de sueur.<\/p>\n<ul data-start=\"1012\" data-end=\"1327\">\n<li data-section-id=\"1bczuo2\" data-start=\"1012\" data-end=\"1044\"><strong data-start=\"1014\" data-end=\"1039\">Nombre de b\u00e9n\u00e9voles : 5 ou<\/strong> 10<\/li>\n<li data-section-id=\"118vjuh\" data-start=\"1045\" data-end=\"1141\"><strong data-start=\"1047\" data-end=\"1070\">Points de mesure :<\/strong> Ligne de base (T0) et points de temps apr\u00e8s l&#8217;application (par exemple, 12h, 24h, 48h).<\/li>\n<li data-section-id=\"1ylw8yb\" data-start=\"1142\" data-end=\"1193\"><strong data-start=\"1196\" data-end=\"1225\">Conditions environnementales :<\/strong> Temp\u00e9rature et humidit\u00e9 contr\u00f4l\u00e9es<\/li>\n<li data-section-id=\"1o3spd4\" data-start=\"1264\" data-end=\"1327\"><strong data-start=\"1266\" data-end=\"1297\">Nombre d&#8217;\u00e9chantillons requis :<\/strong> 11 \u00e9chantillons de produits finis<\/li>\n<\/ul>\n<h2 data-section-id=\"b3jcpp\" data-start=\"1334\" data-end=\"1356\">Proc\u00e9dure de test<\/h2>\n<ol data-start=\"1357\" data-end=\"1896\">\n<li data-section-id=\"1ih1d4p\" data-start=\"1357\" data-end=\"1460\"><strong data-start=\"1360\" data-end=\"1384\">S\u00e9lection des volontaires :<\/strong><br data-start=\"1384\" data-end=\"1387\">Dix participants repr\u00e9sentatifs de la population cible sont s\u00e9lectionn\u00e9s.<\/li>\n<li data-section-id=\"lzkq28\" data-start=\"1462\" data-end=\"1567\"><strong data-start=\"1465\" data-end=\"1495\">Mesure de base (T0) :<\/strong><br data-start=\"1495\" data-end=\"1498\">La TEWL est mesur\u00e9e avant l&#8217;application du produit \u00e0 l&#8217;aide du Tewameter.<\/li>\n<li data-section-id=\"1e0fv6n\" data-start=\"1569\" data-end=\"1660\"><strong data-start=\"1572\" data-end=\"1596\">Application du produit :<\/strong><br data-start=\"1596\" data-end=\"1599\">Le produit test\u00e9 est appliqu\u00e9 conform\u00e9ment \u00e0 l&#8217;usage auquel il est destin\u00e9.<\/li>\n<li data-section-id=\"82o7oc\" data-start=\"1662\" data-end=\"1790\"><strong data-start=\"1665\" data-end=\"1699\">Mesures apr\u00e8s l&#8217;application :<\/strong><br data-start=\"1699\" data-end=\"1702\">TEWL est mesur\u00e9 \u00e0 certains moments (12h, 24h, 48h) pour \u00e9valuer les changements au fil du temps.<\/li>\n<li data-section-id=\"iyrn0b\" data-start=\"1792\" data-end=\"1896\"><strong data-start=\"1795\" data-end=\"1815\">Comparaison des donn\u00e9es :<\/strong><br data-start=\"1815\" data-end=\"1818\">Les r\u00e9sultats sont compar\u00e9s aux donn\u00e9es de base pour d\u00e9terminer le niveau de r\u00e9duction de la sueur.<\/li>\n<\/ol>\n<h2 data-section-id=\"88tffn\" data-start=\"1903\" data-end=\"1931\">Param\u00e8tres \u00e9valu\u00e9s<\/h2>\n<ul data-start=\"1932\" data-end=\"2171\">\n<li data-section-id=\"2gl33n\" data-start=\"1932\" data-end=\"1999\"><strong data-start=\"1934\" data-end=\"1970\">Perte d&#8217;eau trans\u00e9pidermique (TEWL)<\/strong> &#8211; mesure quantitative<\/li>\n<li data-section-id=\"q0wgxq\" data-start=\"2000\" data-end=\"2033\"><strong data-start=\"2002\" data-end=\"2031\">R\u00e9duction de la sueur au fil du temps<\/strong><\/li>\n<li data-section-id=\"rm15pm\" data-start=\"2034\" data-end=\"2083\"><strong data-start=\"2036\" data-end=\"2081\">Pourcentage de r\u00e9duction par rapport au niveau de r\u00e9f\u00e9rence<\/strong><\/li>\n<li data-section-id=\"1gvleps\" data-start=\"2084\" data-end=\"2120\"><strong data-start=\"2086\" data-end=\"2118\">Dur\u00e9e de l&#8217;efficacit\u00e9 du produit<\/strong><\/li>\n<li data-section-id=\"m2kojk\" data-start=\"2121\" data-end=\"2171\"><strong data-start=\"2123\" data-end=\"2169\">Confirmation de la performance anti-transpirante<\/strong><\/li>\n<\/ul>\n<h2 data-section-id=\"1ab56ek\" data-start=\"2178\" data-end=\"2205\">Exemples d&#8217;exigences<\/h2>\n<ul data-start=\"2206\" data-end=\"2383\">\n<li data-section-id=\"6paz2d\" data-start=\"2206\" data-end=\"2251\"><strong data-start=\"2208\" data-end=\"2221\">Quantit\u00e9 :<\/strong> 11 \u00e9chantillons de produits finis<\/li>\n<li data-section-id=\"16ntwl6\" data-start=\"2252\" data-end=\"2305\"><strong data-start=\"2254\" data-end=\"2268\">Condition :<\/strong> Non ouvert, stable et pr\u00eat \u00e0 l&#8217;emploi<\/li>\n<li data-section-id=\"vh4z0o\" data-start=\"2306\" data-end=\"2383\"><strong data-start=\"2308\" data-end=\"2326\">Types de produits :<\/strong> Formulations anti-transpirantes et produits de contr\u00f4le de la transpiration.<\/li>\n<\/ul>\n<h2 data-section-id=\"fwrj78\" data-start=\"2390\" data-end=\"2417\">R\u00e9sultats et rapports<\/h2>\n<p data-start=\"2418\" data-end=\"2449\">Le rapport de laboratoire comprend :<\/p>\n<ul data-start=\"2451\" data-end=\"2705\">\n<li data-section-id=\"znm32q\" data-start=\"2451\" data-end=\"2521\">Calcul du pourcentage de r\u00e9duction par rapport au niveau de r\u00e9f\u00e9rence<\/li>\n<li data-section-id=\"1f0l6jw\" data-start=\"2624\" data-end=\"2658\">Analyse comparative dans le temps<\/li>\n<li data-section-id=\"auy6bz\" data-start=\"2659\" data-end=\"2705\">Interpr\u00e9tation confirmant l&#8217;efficacit\u00e9 du produit<\/li>\n<\/ul>\n<h2 data-section-id=\"f5xhug\" data-start=\"2712\" data-end=\"2741\">Pourquoi ce test est important<\/h2>\n<p data-start=\"2742\" data-end=\"2897\">Le test <strong data-start=\"2746\" data-end=\"2785\">Antiperspirant Efficacy &#8211; Tewameter<\/strong> fournit des donn\u00e9es quantitatives fiables d\u00e9montrant la capacit\u00e9 d&#8217;un produit \u00e0 r\u00e9duire la transpiration au fil du temps.<\/p>\n<p data-start=\"2899\" data-end=\"2926\">Il soutient des affirmations telles que :<\/p>\n<ul data-start=\"2927\" data-end=\"3036\">\n<li data-section-id=\"65aryw\" data-start=\"2927\" data-end=\"2957\">&#8220;<strong data-start=\"2930\" data-end=\"2954\">R\u00e9duit la transpiration<\/strong>&#8220;<\/li>\n<li data-section-id=\"17rnqio\" data-start=\"2958\" data-end=\"2988\">&#8220;<strong data-start=\"2961\" data-end=\"2985\">S\u00e9cheresse de longue dur\u00e9e<\/strong>&#8220;<\/li>\n<li data-section-id=\"1m2nx42\" data-start=\"2989\" data-end=\"3036\">&#8220;<strong data-start=\"2992\" data-end=\"3033\">Contr\u00f4le efficace de la transpiration jusqu&#8217;\u00e0 X heures<\/strong>&#8220;<\/li>\n<\/ul>\n<p data-start=\"3038\" data-end=\"3223\">Ce test est essentiel pour la <strong data-start=\"3065\" data-end=\"3140\">justification des produits, la validation des performances et la confiance des consommateurs<\/strong>, car il garantit que les formulations produisent des effets anti-transpirants mesurables et durables.<\/p>\n<h2 data-section-id=\"6cxf9g\" data-start=\"3230\" data-end=\"3257\">Comment fonctionne le processus<\/h2>\n<p data-start=\"3259\" data-end=\"3361\"><strong data-start=\"3259\" data-end=\"3285\">1. Commande ton test de laboratoire<\/strong><br data-start=\"3285\" data-end=\"3288\">Choisis la formule appropri\u00e9e et compl\u00e8te ton achat sur notre site Internet.<\/p>\n<p data-start=\"3363\" data-end=\"3460\"><strong data-start=\"3363\" data-end=\"3391\">2. Re\u00e7ois un acc\u00e8s s\u00e9curis\u00e9<\/strong><br data-start=\"3391\" data-end=\"3394\">Apr\u00e8s l&#8217;achat, tu recevras les d\u00e9tails de connexion \u00e0 notre portail s\u00e9curis\u00e9.<\/p>\n<p data-start=\"3462\" data-end=\"3560\"><strong data-start=\"3462\" data-end=\"3493\">3. Compl\u00e8te le formulaire d&#8217;inscription<\/strong><br data-start=\"3493\" data-end=\"3496\">Fournis les d\u00e9tails de ton produit et t\u00e9l\u00e9charge la documentation disponible.<\/p>\n<p data-start=\"3562\" data-end=\"3765\"><strong data-start=\"3562\" data-end=\"3589\">4. Envoie-nous tes \u00e9chantillons<\/strong><br data-start=\"3589\" data-end=\"3592\">Nous te guiderons pour savoir exactement ce que tu dois envoyer \u00e0 notre laboratoire. La quantit\u00e9 et le nombre d&#8217;\u00e9chantillons d\u00e9pendent de plusieurs facteurs. Le nombre exact d&#8217;\u00e9chantillons sera communiqu\u00e9 via le portail.  <\/p>\n<p data-start=\"3767\" data-end=\"3810\"><strong data-start=\"3767\" data-end=\"3785\">5. Test en laboratoire<\/strong><br data-start=\"3785\" data-end=\"3788\">Nous commen\u00e7ons le test en laboratoire.<\/p>\n<p data-start=\"3812\" data-end=\"3925\"><strong data-start=\"3812\" data-end=\"3839\">6. Re\u00e7ois tes r\u00e9sultats<\/strong><br data-start=\"3839\" data-end=\"3842\">Notre \u00e9valuateur de s\u00e9curit\u00e9 pr\u00e9pare les r\u00e9sultats des tests de laboratoire et les fournit via le portail.<\/p>\n","protected":false},"excerpt":{"rendered":"<p>Le test Antiperspirant Efficacy &#8211; Tewameter est une \u00e9valuation instrumentale con\u00e7ue pour mesurer la r\u00e9duction de la transpiration en \u00e9valuant la perte d&#8217;eau trans\u00e9pidermique (TEWL). Ce test fournit des preuves objectives et quantitatives pour des all\u00e9gations telles que &#8220;r\u00e9duit la transpiration&#8221;, &#8220;s\u00e9cheresse durable&#8221; et &#8220;efficacit\u00e9 anti-transpirante&#8221;. Objectif du test L&#8217;objectif de ce test est de&#8230;<\/p>\n","protected":false},"featured_media":16186,"template":"","meta":[],"product_brand":[],"product_cat":[144,123],"product_tag":[],"class_list":{"0":"post-17025","1":"product","2":"type-product","3":"status-publish","4":"has-post-thumbnail","6":"product_cat-test-cutane","7":"product_cat-test-defficacite","9":"first","10":"instock","11":"taxable","12":"shipping-taxable","13":"purchasable","14":"product-type-variable","15":"has-default-attributes"},"bundled_by":[],"bundle_stock_status":"instock","bundle_stock_quantity":null,"bundle_virtual":false,"bundle_layout":"","bundle_add_to_cart_form_location":"","bundle_editable_in_cart":false,"bundle_sold_individually_context":"","bundle_item_grouping":"","bundle_min_size":"","bundle_max_size":"","bundle_price":[],"bundled_items":[],"bundle_sell_ids":[],"yoast_head":"<!-- This site is optimized with the Yoast SEO Premium plugin v25.4 (Yoast SEO v25.4) - https:\/\/yoast.com\/wordpress\/plugins\/seo\/ -->\n<title>Efficacit\u00e9 des antisudorifiques - Tewameter - Certified Cosmetics<\/title>\n<meta name=\"description\" content=\"Test instrumental Tewameter mesurant la r\u00e9duction de la transpiration par l&#039;analyse TEWL pour confirmer l&#039;efficacit\u00e9 de l&#039;antisudorifique et quantifier la performance au fil du temps.\" \/>\n<meta name=\"robots\" content=\"index, follow, max-snippet:-1, max-image-preview:large, max-video-preview:-1\" \/>\n<link rel=\"canonical\" href=\"https:\/\/www.certifiedcosmetics.com\/fr\/product\/test-defficacite\/efficacite-des-antisudorifiques-tewameter\/\" \/>\n<meta property=\"og:locale\" content=\"fr_FR\" \/>\n<meta property=\"og:type\" content=\"article\" \/>\n<meta property=\"og:title\" content=\"Efficacit\u00e9 des antisudorifiques - Tewameter\" \/>\n<meta property=\"og:description\" content=\"Test instrumental Tewameter mesurant la r\u00e9duction de la transpiration par l&#039;analyse TEWL pour confirmer l&#039;efficacit\u00e9 de l&#039;antisudorifique et quantifier la performance au fil du temps.\" \/>\n<meta property=\"og:url\" content=\"https:\/\/www.certifiedcosmetics.com\/fr\/product\/test-defficacite\/efficacite-des-antisudorifiques-tewameter\/\" \/>\n<meta property=\"og:site_name\" content=\"Certified Cosmetics\" \/>\n<meta property=\"og:image\" content=\"https:\/\/www.certifiedcosmetics.com\/wp-content\/uploads\/2026\/04\/antiperspirant.jpg\" \/>\n\t<meta property=\"og:image:width\" content=\"614\" \/>\n\t<meta property=\"og:image:height\" content=\"613\" \/>\n\t<meta property=\"og:image:type\" content=\"image\/jpeg\" \/>\n<meta name=\"twitter:card\" content=\"summary_large_image\" \/>\n<meta name=\"twitter:label1\" content=\"Disponibilit\u00e9\" \/>\n\t<meta name=\"twitter:data1\" content=\"En stock\" \/>\n<script type=\"application\/ld+json\" class=\"yoast-schema-graph\">{\"@context\":\"https:\/\/schema.org\",\"@graph\":[{\"@type\":\"WebPage\",\"@id\":\"https:\/\/www.certifiedcosmetics.com\/fr\/product\/test-defficacite\/efficacite-des-antisudorifiques-tewameter\/\",\"url\":\"https:\/\/www.certifiedcosmetics.com\/fr\/product\/test-defficacite\/efficacite-des-antisudorifiques-tewameter\/\",\"name\":\"Efficacit\u00e9 des antisudorifiques - Tewameter - Certified Cosmetics\",\"isPartOf\":{\"@id\":\"https:\/\/www.certifiedcosmetics.com\/fr\/#website\"},\"primaryImageOfPage\":{\"@id\":\"https:\/\/www.certifiedcosmetics.com\/fr\/product\/test-defficacite\/efficacite-des-antisudorifiques-tewameter\/#primaryimage\"},\"image\":{\"@id\":\"https:\/\/www.certifiedcosmetics.com\/fr\/product\/test-defficacite\/efficacite-des-antisudorifiques-tewameter\/#primaryimage\"},\"thumbnailUrl\":\"https:\/\/www.certifiedcosmetics.com\/wp-content\/uploads\/2026\/04\/antiperspirant.jpg\",\"datePublished\":\"2026-04-24T08:28:19+00:00\",\"description\":\"Test instrumental Tewameter mesurant la r\u00e9duction de la transpiration par l'analyse TEWL pour confirmer l'efficacit\u00e9 de l'antisudorifique et quantifier la performance au fil du temps.\",\"breadcrumb\":{\"@id\":\"https:\/\/www.certifiedcosmetics.com\/fr\/product\/test-defficacite\/efficacite-des-antisudorifiques-tewameter\/#breadcrumb\"},\"inLanguage\":\"fr-FR\",\"potentialAction\":[{\"@type\":\"ReadAction\",\"target\":[\"https:\/\/www.certifiedcosmetics.com\/fr\/product\/test-defficacite\/efficacite-des-antisudorifiques-tewameter\/\"]}]},{\"@type\":\"ImageObject\",\"inLanguage\":\"fr-FR\",\"@id\":\"https:\/\/www.certifiedcosmetics.com\/fr\/product\/test-defficacite\/efficacite-des-antisudorifiques-tewameter\/#primaryimage\",\"url\":\"https:\/\/www.certifiedcosmetics.com\/wp-content\/uploads\/2026\/04\/antiperspirant.jpg\",\"contentUrl\":\"https:\/\/www.certifiedcosmetics.com\/wp-content\/uploads\/2026\/04\/antiperspirant.jpg\",\"width\":614,\"height\":613},{\"@type\":\"BreadcrumbList\",\"@id\":\"https:\/\/www.certifiedcosmetics.com\/fr\/product\/test-defficacite\/efficacite-des-antisudorifiques-tewameter\/#breadcrumb\",\"itemListElement\":[{\"@type\":\"ListItem\",\"position\":1,\"name\":\"Home\",\"item\":\"https:\/\/www.certifiedcosmetics.com\/fr\/\"},{\"@type\":\"ListItem\",\"position\":2,\"name\":\"Boutique\",\"item\":\"https:\/\/www.certifiedcosmetics.com\/fr\/boutique\/\"},{\"@type\":\"ListItem\",\"position\":3,\"name\":\"Efficacit\u00e9 des antisudorifiques &#8211; Tewameter\"}]},{\"@type\":\"WebSite\",\"@id\":\"https:\/\/www.certifiedcosmetics.com\/fr\/#website\",\"url\":\"https:\/\/www.certifiedcosmetics.com\/fr\/\",\"name\":\"Certified Cosmetics\",\"description\":\"Cosmetic Safety Assessment\",\"publisher\":{\"@id\":\"https:\/\/www.certifiedcosmetics.com\/fr\/#organization\"},\"potentialAction\":[{\"@type\":\"SearchAction\",\"target\":{\"@type\":\"EntryPoint\",\"urlTemplate\":\"https:\/\/www.certifiedcosmetics.com\/fr\/?s={search_term_string}\"},\"query-input\":{\"@type\":\"PropertyValueSpecification\",\"valueRequired\":true,\"valueName\":\"search_term_string\"}}],\"inLanguage\":\"fr-FR\"},{\"@type\":\"Organization\",\"@id\":\"https:\/\/www.certifiedcosmetics.com\/fr\/#organization\",\"name\":\"Certified Cosmetics\",\"url\":\"https:\/\/www.certifiedcosmetics.com\/fr\/\",\"logo\":{\"@type\":\"ImageObject\",\"inLanguage\":\"fr-FR\",\"@id\":\"https:\/\/www.certifiedcosmetics.com\/fr\/#\/schema\/logo\/image\/\",\"url\":\"https:\/\/www.certifiedcosmetics.com\/wp-content\/uploads\/2024\/12\/logo_certified_cosmetics696.jpg\",\"contentUrl\":\"https:\/\/www.certifiedcosmetics.com\/wp-content\/uploads\/2024\/12\/logo_certified_cosmetics696.jpg\",\"width\":696,\"height\":696,\"caption\":\"Certified Cosmetics\"},\"image\":{\"@id\":\"https:\/\/www.certifiedcosmetics.com\/fr\/#\/schema\/logo\/image\/\"},\"description\":\"Your trusted partner for cosmetic product safety reporting. We take care of updating all of your documentation, ensuring your compliance stays current even as regulations evolve. The Cosmetic Product Safety Assessment will give you everything you need to sell specific products to EU consumers.\",\"email\":\"contact@certifiedcosmetics.com\",\"telephone\":\"+31 36 2036384\",\"legalName\":\"Certified Cosmetics\",\"foundingDate\":\"2010-01-01\",\"vatID\":\"NL854189543B01\",\"numberOfEmployees\":{\"@type\":\"QuantitativeValue\",\"minValue\":\"11\",\"maxValue\":\"50\"}}]}<\/script>\n<meta property=\"og:availability\" content=\"instock\" \/>\n<meta property=\"product:availability\" content=\"instock\" \/>\n<meta property=\"product:condition\" content=\"new\" \/>\n<!-- \/ Yoast SEO Premium plugin. -->","yoast_head_json":{"title":"Efficacit\u00e9 des antisudorifiques - Tewameter - Certified Cosmetics","description":"Test instrumental Tewameter mesurant la r\u00e9duction de la transpiration par l'analyse TEWL pour confirmer l'efficacit\u00e9 de l'antisudorifique et quantifier la performance au fil du temps.","robots":{"index":"index","follow":"follow","max-snippet":"max-snippet:-1","max-image-preview":"max-image-preview:large","max-video-preview":"max-video-preview:-1"},"canonical":"https:\/\/www.certifiedcosmetics.com\/fr\/product\/test-defficacite\/efficacite-des-antisudorifiques-tewameter\/","og_locale":"fr_FR","og_type":"article","og_title":"Efficacit\u00e9 des antisudorifiques - Tewameter","og_description":"Test instrumental Tewameter mesurant la r\u00e9duction de la transpiration par l'analyse TEWL pour confirmer l'efficacit\u00e9 de l'antisudorifique et quantifier la performance au fil du temps.","og_url":"https:\/\/www.certifiedcosmetics.com\/fr\/product\/test-defficacite\/efficacite-des-antisudorifiques-tewameter\/","og_site_name":"Certified Cosmetics","og_image":[{"width":614,"height":613,"url":"https:\/\/www.certifiedcosmetics.com\/wp-content\/uploads\/2026\/04\/antiperspirant.jpg","type":"image\/jpeg"}],"twitter_card":"summary_large_image","twitter_misc":{"Disponibilit\u00e9":"En stock"},"schema":{"@context":"https:\/\/schema.org","@graph":[{"@type":"WebPage","@id":"https:\/\/www.certifiedcosmetics.com\/fr\/product\/test-defficacite\/efficacite-des-antisudorifiques-tewameter\/","url":"https:\/\/www.certifiedcosmetics.com\/fr\/product\/test-defficacite\/efficacite-des-antisudorifiques-tewameter\/","name":"Efficacit\u00e9 des antisudorifiques - Tewameter - Certified Cosmetics","isPartOf":{"@id":"https:\/\/www.certifiedcosmetics.com\/fr\/#website"},"primaryImageOfPage":{"@id":"https:\/\/www.certifiedcosmetics.com\/fr\/product\/test-defficacite\/efficacite-des-antisudorifiques-tewameter\/#primaryimage"},"image":{"@id":"https:\/\/www.certifiedcosmetics.com\/fr\/product\/test-defficacite\/efficacite-des-antisudorifiques-tewameter\/#primaryimage"},"thumbnailUrl":"https:\/\/www.certifiedcosmetics.com\/wp-content\/uploads\/2026\/04\/antiperspirant.jpg","datePublished":"2026-04-24T08:28:19+00:00","description":"Test instrumental Tewameter mesurant la r\u00e9duction de la transpiration par l'analyse TEWL pour confirmer l'efficacit\u00e9 de l'antisudorifique et quantifier la performance au fil du temps.","breadcrumb":{"@id":"https:\/\/www.certifiedcosmetics.com\/fr\/product\/test-defficacite\/efficacite-des-antisudorifiques-tewameter\/#breadcrumb"},"inLanguage":"fr-FR","potentialAction":[{"@type":"ReadAction","target":["https:\/\/www.certifiedcosmetics.com\/fr\/product\/test-defficacite\/efficacite-des-antisudorifiques-tewameter\/"]}]},{"@type":"ImageObject","inLanguage":"fr-FR","@id":"https:\/\/www.certifiedcosmetics.com\/fr\/product\/test-defficacite\/efficacite-des-antisudorifiques-tewameter\/#primaryimage","url":"https:\/\/www.certifiedcosmetics.com\/wp-content\/uploads\/2026\/04\/antiperspirant.jpg","contentUrl":"https:\/\/www.certifiedcosmetics.com\/wp-content\/uploads\/2026\/04\/antiperspirant.jpg","width":614,"height":613},{"@type":"BreadcrumbList","@id":"https:\/\/www.certifiedcosmetics.com\/fr\/product\/test-defficacite\/efficacite-des-antisudorifiques-tewameter\/#breadcrumb","itemListElement":[{"@type":"ListItem","position":1,"name":"Home","item":"https:\/\/www.certifiedcosmetics.com\/fr\/"},{"@type":"ListItem","position":2,"name":"Boutique","item":"https:\/\/www.certifiedcosmetics.com\/fr\/boutique\/"},{"@type":"ListItem","position":3,"name":"Efficacit\u00e9 des antisudorifiques &#8211; Tewameter"}]},{"@type":"WebSite","@id":"https:\/\/www.certifiedcosmetics.com\/fr\/#website","url":"https:\/\/www.certifiedcosmetics.com\/fr\/","name":"Certified Cosmetics","description":"Cosmetic Safety Assessment","publisher":{"@id":"https:\/\/www.certifiedcosmetics.com\/fr\/#organization"},"potentialAction":[{"@type":"SearchAction","target":{"@type":"EntryPoint","urlTemplate":"https:\/\/www.certifiedcosmetics.com\/fr\/?s={search_term_string}"},"query-input":{"@type":"PropertyValueSpecification","valueRequired":true,"valueName":"search_term_string"}}],"inLanguage":"fr-FR"},{"@type":"Organization","@id":"https:\/\/www.certifiedcosmetics.com\/fr\/#organization","name":"Certified Cosmetics","url":"https:\/\/www.certifiedcosmetics.com\/fr\/","logo":{"@type":"ImageObject","inLanguage":"fr-FR","@id":"https:\/\/www.certifiedcosmetics.com\/fr\/#\/schema\/logo\/image\/","url":"https:\/\/www.certifiedcosmetics.com\/wp-content\/uploads\/2024\/12\/logo_certified_cosmetics696.jpg","contentUrl":"https:\/\/www.certifiedcosmetics.com\/wp-content\/uploads\/2024\/12\/logo_certified_cosmetics696.jpg","width":696,"height":696,"caption":"Certified Cosmetics"},"image":{"@id":"https:\/\/www.certifiedcosmetics.com\/fr\/#\/schema\/logo\/image\/"},"description":"Your trusted partner for cosmetic product safety reporting. We take care of updating all of your documentation, ensuring your compliance stays current even as regulations evolve. The Cosmetic Product Safety Assessment will give you everything you need to sell specific products to EU consumers.","email":"contact@certifiedcosmetics.com","telephone":"+31 36 2036384","legalName":"Certified Cosmetics","foundingDate":"2010-01-01","vatID":"NL854189543B01","numberOfEmployees":{"@type":"QuantitativeValue","minValue":"11","maxValue":"50"}}]},"og_availability":"instock","product_availability":"instock","product_condition":"new"},"_links":{"self":[{"href":"https:\/\/www.certifiedcosmetics.com\/fr\/wp-json\/wp\/v2\/product\/17025","targetHints":{"allow":["GET"]}}],"collection":[{"href":"https:\/\/www.certifiedcosmetics.com\/fr\/wp-json\/wp\/v2\/product"}],"about":[{"href":"https:\/\/www.certifiedcosmetics.com\/fr\/wp-json\/wp\/v2\/types\/product"}],"wp:featuredmedia":[{"embeddable":true,"href":"https:\/\/www.certifiedcosmetics.com\/fr\/wp-json\/wp\/v2\/media\/16186"}],"wp:attachment":[{"href":"https:\/\/www.certifiedcosmetics.com\/fr\/wp-json\/wp\/v2\/media?parent=17025"}],"wp:term":[{"taxonomy":"product_brand","embeddable":true,"href":"https:\/\/www.certifiedcosmetics.com\/fr\/wp-json\/wp\/v2\/product_brand?post=17025"},{"taxonomy":"product_cat","embeddable":true,"href":"https:\/\/www.certifiedcosmetics.com\/fr\/wp-json\/wp\/v2\/product_cat?post=17025"},{"taxonomy":"product_tag","embeddable":true,"href":"https:\/\/www.certifiedcosmetics.com\/fr\/wp-json\/wp\/v2\/product_tag?post=17025"}],"curies":[{"name":"wp","href":"https:\/\/api.w.org\/{rel}","templated":true}]}}