{"id":16049,"date":"2026-03-31T17:47:40","date_gmt":"2026-03-31T16:47:40","guid":{"rendered":"https:\/\/www.certifiedcosmetics.com\/product\/non class\u00e9\/test-de-cosmetique-en-usage-enfants-de-moins-de-3-ans\/"},"modified":"2026-03-31T17:47:40","modified_gmt":"2026-03-31T16:47:40","slug":"test-de-cosmetique-en-usage-enfants-de-moins-de-3-ans","status":"publish","type":"product","link":"https:\/\/www.certifiedcosmetics.com\/fr\/product\/test-defficacite\/test-cutane\/test-de-cosmetique-en-usage-enfants-de-moins-de-3-ans\/","title":{"rendered":"Test de cosm\u00e9tique en usage Enfants de moins de 3 ans"},"content":{"rendered":"<p data-start=\"54\" data-end=\"381\">Garantir la s\u00e9curit\u00e9 des produits cosm\u00e9tiques destin\u00e9s aux nourrissons et aux tout-petits exige un niveau plus \u00e9lev\u00e9 de soin, de pr\u00e9cision et de sensibilisation \u00e0 la r\u00e9glementation. Notre <strong data-start=\"194\" data-end=\"249\">test de cosm\u00e9tique en usage pour les enfants de moins de 3 ans<\/strong> est sp\u00e9cialement con\u00e7u pour \u00e9valuer les performances de ton produit dans des conditions r\u00e9elles lorsqu&#8217;il est utilis\u00e9 par ce groupe cible sensible. <\/p>\n<h2 data-section-id=\"jhddl6\" data-start=\"388\" data-end=\"420\">\u00c9valuation de produits en situation r\u00e9elle<\/h2>\n<p data-start=\"422\" data-end=\"782\">Ce test d&#8217;utilisation prolong\u00e9e fournit des indications pr\u00e9cieuses sur le comportement de ton produit lors d&#8217;une utilisation r\u00e9guli\u00e8re et r\u00e9p\u00e9t\u00e9e sur une p\u00e9riode de temps d\u00e9finie. Plut\u00f4t que de s&#8217;appuyer uniquement sur des \u00e9valuations th\u00e9oriques ou en laboratoire, cette \u00e9tude se concentre sur l&#8217;<strong data-start=\"662\" data-end=\"692\">exp\u00e9rience r\u00e9elle des consommateurs<\/strong>, ce qui permet d&#8217;identifier tout probl\u00e8me potentiel li\u00e9 \u00e0 la tol\u00e9rance, \u00e0 l&#8217;irritation ou \u00e0 la facilit\u00e9 d&#8217;utilisation. <\/p>\n<h2 data-start=\"541\" data-end=\"568\">Qu&#8217;est-ce que le test d&#8217;utilisation ?<\/h2>\n<p data-start=\"570\" data-end=\"796\">Les tests d&#8217;utilisation impliquent qu&#8217;un groupe de volontaires utilise ton produit cosm\u00e9tique pendant une p\u00e9riode d\u00e9finie &#8211; g\u00e9n\u00e9ralement entre 7 et 28 jours &#8211; dans le cadre de leur routine quotidienne normale. Les participants fournissent des commentaires structur\u00e9s sur divers aspects tels que : <\/p>\n<ul data-start=\"798\" data-end=\"1056\">\n<li data-start=\"798\" data-end=\"820\">\n<p data-start=\"800\" data-end=\"820\">Compatibilit\u00e9 avec la peau<\/p>\n<\/li>\n<li data-start=\"821\" data-end=\"849\">\n<p data-start=\"823\" data-end=\"849\">Texture et sensation sensorielle<\/p>\n<\/li>\n<li data-start=\"850\" data-end=\"873\">\n<p data-start=\"852\" data-end=\"873\">Facilit\u00e9 d&#8217;application<\/p>\n<\/li>\n<li data-start=\"874\" data-end=\"911\">\n<p data-start=\"876\" data-end=\"911\">L&#8217;odeur et l&#8217;exp\u00e9rience globale de l&#8217;utilisateur<\/p>\n<\/li>\n<li data-start=\"912\" data-end=\"945\">\n<p data-start=\"914\" data-end=\"945\">Hydratation ou effets apaisants<\/p>\n<\/li>\n<li data-start=\"946\" data-end=\"1003\">\n<p data-start=\"948\" data-end=\"1003\">Am\u00e9liorations per\u00e7ues (par exemple, peau plus douce ou plus lisse)<\/p>\n<\/li>\n<\/ul>\n<h2 data-section-id=\"1jm8nb6\" data-start=\"789\" data-end=\"804\">Conception du test<\/h2>\n<ul data-start=\"806\" data-end=\"1161\">\n<li data-section-id=\"jyl2it\" data-start=\"806\" data-end=\"952\"><strong data-start=\"808\" data-end=\"825\">15 volontaires<\/strong> participent \u00e0 l&#8217;\u00e9tude\n<ul data-start=\"855\" data-end=\"952\">\n<li data-section-id=\"1c0xicx\" data-start=\"855\" data-end=\"888\">Enfants de moins de 3 ans***<\/li>\n<li data-section-id=\"ugbeh2\" data-start=\"891\" data-end=\"952\">Adultes \u00e0 la peau sensible (\u00e9valuation de la s\u00e9curit\u00e9 \u00e0 l&#8217;appui)<\/li>\n<\/ul>\n<\/li>\n<li data-section-id=\"imznkf\" data-start=\"953\" data-end=\"1022\"><strong data-start=\"955\" data-end=\"986\">Application r\u00e9guli\u00e8re du produit<\/strong> sur un nombre pr\u00e9d\u00e9fini de semaines.<\/li>\n<li data-section-id=\"1h8clin\" data-start=\"1023\" data-end=\"1080\"><strong data-start=\"1025\" data-end=\"1050\">Surveillance continue<\/strong> pendant toute la dur\u00e9e de l&#8217;\u00e9tude<\/li>\n<li data-section-id=\"1bgl6x\" data-start=\"1081\" data-end=\"1161\"><strong data-start=\"1083\" data-end=\"1117\">Collecte structur\u00e9e de commentaires<\/strong> sur la tol\u00e9rance de la peau et la performance du produit.<\/li>\n<\/ul>\n<h2 data-section-id=\"1dt6g20\" data-start=\"1168\" data-end=\"1191\">Supervision<\/h2>\n<p data-start=\"1193\" data-end=\"1338\">La s\u00e9curit\u00e9 est notre priorit\u00e9 absolue, en particulier pour les produits destin\u00e9s aux tr\u00e8s jeunes enfants. Ce test est r\u00e9alis\u00e9 sous une stricte surveillance professionnelle : <\/p>\n<ul data-start=\"1340\" data-end=\"1570\">\n<li data-section-id=\"9jpbdx\" data-start=\"1340\" data-end=\"1458\">La <strong>supervision p\u00e9diatrique<\/strong> permet de s&#8217;assurer que toutes les observations li\u00e9es \u00e0 la peau des nourrissons et des tout-petits font l&#8217;objet d&#8217;une \u00e9valuation m\u00e9dicale.<\/li>\n<li data-section-id=\"7ut2rf\" data-start=\"1459\" data-end=\"1570\">La <strong data-start=\"1461\" data-end=\"1491\">supervision dermatologique<\/strong> garantit une \u00e9valuation experte des r\u00e9actions cutan\u00e9es, de la compatibilit\u00e9 et de la tol\u00e9rance.<\/li>\n<\/ul>\n<h2 data-section-id=\"ycgkk5\" data-start=\"1577\" data-end=\"1593\">Principaux avantages<\/h2>\n<ul data-start=\"1595\" data-end=\"1927\">\n<li data-section-id=\"18m2i5t\" data-start=\"1595\" data-end=\"1657\">Valider la s\u00e9curit\u00e9 du produit pour les <strong data-start=\"1625\" data-end=\"1655\">enfants de moins de 3 ans<\/strong>.<\/li>\n<li data-section-id=\"1wz7tq5\" data-start=\"1658\" data-end=\"1723\">Soutenir le <strong data-start=\"1668\" data-end=\"1702\">CPSR et la conformit\u00e9 r\u00e9glementaire avec<\/strong> les donn\u00e9es d&#8217;utilisation r\u00e9elle.<\/li>\n<li data-section-id=\"13a542\" data-start=\"1724\" data-end=\"1793\">Justifie la <strong data-start=\"1739\" data-end=\"1772\">mention &#8220;convient aux peaux sensibles&#8221;<\/strong> et les all\u00e9gations similaires.<\/li>\n<li data-section-id=\"1506kux\" data-start=\"1794\" data-end=\"1862\">Identifier les risques d&#8217;irritation potentiels d\u00e8s le d\u00e9but du d\u00e9veloppement du produit<\/li>\n<li data-section-id=\"1ufycmm\" data-start=\"1863\" data-end=\"1927\">Renforcer la confiance des consommateurs gr\u00e2ce \u00e0 des tests supervis\u00e9s cliniquement<\/li>\n<\/ul>\n<h2 data-start=\"1203\" data-end=\"1241\">Les tests d&#8217;utilisation peuvent-ils appuyer les revendications ?<\/h2>\n<p data-start=\"1243\" data-end=\"1335\">Oui, les tests d&#8217;utilisation sont largement utilis\u00e9s pour <strong data-start=\"1281\" data-end=\"1325\">appuyer les all\u00e9gations bas\u00e9es sur la perception des consommateurs. <\/strong>Parce qu&#8217;ils refl\u00e8tent l&#8217;<strong data-start=\"214\" data-end=\"247\">exp\u00e9rience r\u00e9elle des consommateurs<\/strong>, les tests d&#8217;utilisation sont id\u00e9aux pour justifier les all\u00e9gations :<\/p>\n<h3 data-start=\"193\" data-end=\"291\">1. All\u00e9gations relatives \u00e0 la performance et \u00e0 la perception<\/h3>\n<p>Voici quelques exemples :<\/p>\n<ul data-start=\"332\" data-end=\"429\">\n<li data-section-id=\"1sy8a61\" data-start=\"332\" data-end=\"363\">&#8220;Laisse la peau douce et lisse&#8221;<\/li>\n<li data-section-id=\"n0fj9\" data-start=\"364\" data-end=\"391\">&#8220;Am\u00e9liore l&#8217;hydratation de la peau&#8221;<\/li>\n<li data-section-id=\"uk6z0h\" data-start=\"392\" data-end=\"411\">&#8220;Agr\u00e9able \u00e0 utiliser&#8221;<\/li>\n<li data-section-id=\"mu99e0\" data-start=\"412\" data-end=\"429\">&#8220;Facile \u00e0 appliquer&#8221;<\/li>\n<\/ul>\n<h3 data-section-id=\"4x8iqq\" data-start=\"500\" data-end=\"539\">2. Tol\u00e9rance et compatibilit\u00e9<\/h3>\n<p>Voici quelques exemples :<\/p>\n<ul data-start=\"540\" data-end=\"637\">\n<li data-section-id=\"130hcz3\" data-start=\"540\" data-end=\"558\">&#8220;Bien tol\u00e9r\u00e9&#8221;<\/li>\n<li data-section-id=\"w0qdqo\" data-start=\"559\" data-end=\"590\">&#8220;Convient aux peaux sensibles&#8221;<\/li>\n<li data-section-id=\"1cgxxfq\" data-start=\"591\" data-end=\"609\">&#8220;Doux pour la peau&#8221;<\/li>\n<li data-section-id=\"14jyeb0\" data-start=\"610\" data-end=\"637\">&#8220;Test\u00e9 dermatologiquement&#8221;<\/li>\n<\/ul>\n<h3 data-section-id=\"w0hu2i\" data-start=\"717\" data-end=\"773\">3. R\u00e9clamations du groupe cible<\/h3>\n<p>Voici quelques exemples :<\/p>\n<ul data-start=\"774\" data-end=\"868\">\n<li data-section-id=\"10olouv\" data-start=\"774\" data-end=\"813\">&#8220;Convient aux enfants de moins de 3 ans&#8221;<\/li>\n<li data-section-id=\"vkcpgs\" data-start=\"814\" data-end=\"842\">&#8220;Test\u00e9 sur les peaux sensibles&#8221;<\/li>\n<li data-section-id=\"1a15a3d\" data-start=\"843\" data-end=\"868\">&#8220;Encadrement p\u00e9diatrique&#8221;<\/li>\n<\/ul>\n<h3 data-section-id=\"7okltn\" data-start=\"965\" data-end=\"994\">4. Les demandes d&#8217;utilisation au fil du temps<\/h3>\n<p>Voici quelques exemples :<\/p>\n<ul data-start=\"995\" data-end=\"1074\">\n<li data-section-id=\"8nor0d\" data-start=\"995\" data-end=\"1029\">&#8220;Efficace apr\u00e8s X semaines d&#8217;utilisation&#8221;<\/li>\n<li data-section-id=\"5u7yhj\" data-start=\"1030\" data-end=\"1074\">&#8220;Am\u00e9liore l&#8217;\u00e9tat de la peau avec une utilisation r\u00e9guli\u00e8re&#8221;<\/li>\n<\/ul>\n<h2 data-section-id=\"1qmgibc\" data-start=\"1934\" data-end=\"1947\">Id\u00e9al pour<\/h2>\n<ul data-start=\"1949\" data-end=\"2157\">\n<li data-section-id=\"1k8a8k6\" data-start=\"1949\" data-end=\"2002\">Produits de soins pour b\u00e9b\u00e9s (cr\u00e8mes, lotions, lingettes, huiles)<\/li>\n<li data-section-id=\"1d16gax\" data-start=\"2003\" data-end=\"2034\">Nettoyants et shampooings doux<\/li>\n<li data-section-id=\"1nmmq9b\" data-start=\"2035\" data-end=\"2098\">Produits commercialis\u00e9s comme <strong data-start=\"2058\" data-end=\"2076\">hypoallerg\u00e9niques<\/strong> ou <strong data-start=\"2080\" data-end=\"2096\">extra doux.<\/strong><\/li>\n<li data-section-id=\"1affwom\" data-start=\"2099\" data-end=\"2157\">Formulations destin\u00e9es aux <strong data-start=\"2127\" data-end=\"2157\">peaux sensibles ou d\u00e9licates.<\/strong><\/li>\n<\/ul>\n<h2 data-section-id=\"1gk3f77\" data-start=\"2164\" data-end=\"2208\">Des donn\u00e9es fiables pour p\u00e9n\u00e9trer le march\u00e9 en toute confiance<\/h2>\n<p data-start=\"2210\" data-end=\"2493\">En combinant des conditions d&#8217;utilisation r\u00e9elles avec une supervision m\u00e9dicale professionnelle, ce test d&#8217;utilisation fournit des donn\u00e9es robustes et cr\u00e9dibles. Il permet de s&#8217;assurer que ton produit est non seulement conforme aux r\u00e9glementations cosm\u00e9tiques de l&#8217;UE, mais aussi v\u00e9ritablement s\u00fbr et bien tol\u00e9r\u00e9 par ses utilisateurs les plus vuln\u00e9rables. <\/p>\n","protected":false},"excerpt":{"rendered":"<p>Garantir la s\u00e9curit\u00e9 des produits cosm\u00e9tiques destin\u00e9s aux nourrissons et aux tout-petits exige un niveau plus \u00e9lev\u00e9 de soin, de pr\u00e9cision et de sensibilisation \u00e0 la r\u00e9glementation. Notre test de cosm\u00e9tique en usage pour les enfants de moins de 3 ans est sp\u00e9cialement con\u00e7u pour \u00e9valuer les performances de ton produit dans des conditions r\u00e9elles&#8230;<\/p>\n","protected":false},"featured_media":15892,"template":"","meta":[],"product_brand":[],"product_cat":[144,123],"product_tag":[],"class_list":{"0":"post-16049","1":"product","2":"type-product","3":"status-publish","4":"has-post-thumbnail","6":"product_cat-test-cutane","7":"product_cat-test-defficacite","9":"first","10":"instock","11":"taxable","12":"shipping-taxable","13":"purchasable","14":"product-type-simple"},"bundled_by":[],"bundle_stock_status":"instock","bundle_stock_quantity":null,"bundle_virtual":false,"bundle_layout":"","bundle_add_to_cart_form_location":"","bundle_editable_in_cart":false,"bundle_sold_individually_context":"","bundle_item_grouping":"","bundle_min_size":"","bundle_max_size":"","bundle_price":[],"bundled_items":[],"bundle_sell_ids":[],"yoast_head":"<!-- This site is optimized with the Yoast SEO Premium plugin v25.4 (Yoast SEO v25.4) - https:\/\/yoast.com\/wordpress\/plugins\/seo\/ -->\n<title>Test de cosm\u00e9tique en usage Enfants de moins de 3 ans - Certified Cosmetics<\/title>\n<meta name=\"description\" content=\"Notre test de cosm\u00e9tiques en usage pour les enfants de moins de 3 ans est sp\u00e9cialement con\u00e7u pour \u00e9valuer les performances de ton produit dans des conditions r\u00e9elles lorsqu&#039;il est utilis\u00e9 par ce groupe cible sensible.\" \/>\n<meta name=\"robots\" content=\"index, follow, max-snippet:-1, max-image-preview:large, max-video-preview:-1\" \/>\n<link rel=\"canonical\" href=\"https:\/\/www.certifiedcosmetics.com\/fr\/product\/test-defficacite\/test-cutane\/test-de-cosmetique-en-usage-enfants-de-moins-de-3-ans\/\" \/>\n<meta property=\"og:locale\" content=\"fr_FR\" \/>\n<meta property=\"og:type\" content=\"article\" \/>\n<meta property=\"og:title\" content=\"Test de cosm\u00e9tique en usage Enfants de moins de 3 ans\" \/>\n<meta property=\"og:description\" content=\"Notre test de cosm\u00e9tiques en usage pour les enfants de moins de 3 ans est sp\u00e9cialement con\u00e7u pour \u00e9valuer les performances de ton produit dans des conditions r\u00e9elles lorsqu&#039;il est utilis\u00e9 par ce groupe cible sensible.\" \/>\n<meta property=\"og:url\" content=\"https:\/\/www.certifiedcosmetics.com\/fr\/product\/test-defficacite\/test-cutane\/test-de-cosmetique-en-usage-enfants-de-moins-de-3-ans\/\" \/>\n<meta property=\"og:site_name\" content=\"Certified Cosmetics\" \/>\n<meta property=\"og:image\" content=\"https:\/\/www.certifiedcosmetics.com\/wp-content\/uploads\/2026\/03\/in-use-test-children.jpg\" \/>\n\t<meta property=\"og:image:width\" content=\"800\" \/>\n\t<meta property=\"og:image:height\" content=\"800\" \/>\n\t<meta property=\"og:image:type\" content=\"image\/jpeg\" \/>\n<meta name=\"twitter:card\" content=\"summary_large_image\" \/>\n<meta name=\"twitter:label1\" content=\"Prix\" \/>\n\t<meta name=\"twitter:data1\" content=\"&#036;1 313.72\" \/>\n\t<meta name=\"twitter:label2\" content=\"Disponibilit\u00e9\" \/>\n\t<meta name=\"twitter:data2\" content=\"En stock\" \/>\n<script type=\"application\/ld+json\" class=\"yoast-schema-graph\">{\"@context\":\"https:\/\/schema.org\",\"@graph\":[{\"@type\":\"WebPage\",\"@id\":\"https:\/\/www.certifiedcosmetics.com\/fr\/product\/test-defficacite\/test-cutane\/test-de-cosmetique-en-usage-enfants-de-moins-de-3-ans\/\",\"url\":\"https:\/\/www.certifiedcosmetics.com\/fr\/product\/test-defficacite\/test-cutane\/test-de-cosmetique-en-usage-enfants-de-moins-de-3-ans\/\",\"name\":\"Test de cosm\u00e9tique en usage Enfants de moins de 3 ans - Certified Cosmetics\",\"isPartOf\":{\"@id\":\"https:\/\/www.certifiedcosmetics.com\/fr\/#website\"},\"primaryImageOfPage\":{\"@id\":\"https:\/\/www.certifiedcosmetics.com\/fr\/product\/test-defficacite\/test-cutane\/test-de-cosmetique-en-usage-enfants-de-moins-de-3-ans\/#primaryimage\"},\"image\":{\"@id\":\"https:\/\/www.certifiedcosmetics.com\/fr\/product\/test-defficacite\/test-cutane\/test-de-cosmetique-en-usage-enfants-de-moins-de-3-ans\/#primaryimage\"},\"thumbnailUrl\":\"https:\/\/www.certifiedcosmetics.com\/wp-content\/uploads\/2026\/03\/in-use-test-children.jpg\",\"datePublished\":\"2026-03-31T16:47:40+00:00\",\"description\":\"Notre test de cosm\u00e9tiques en usage pour les enfants de moins de 3 ans est sp\u00e9cialement con\u00e7u pour \u00e9valuer les performances de ton produit dans des conditions r\u00e9elles lorsqu'il est utilis\u00e9 par ce groupe cible sensible.\",\"breadcrumb\":{\"@id\":\"https:\/\/www.certifiedcosmetics.com\/fr\/product\/test-defficacite\/test-cutane\/test-de-cosmetique-en-usage-enfants-de-moins-de-3-ans\/#breadcrumb\"},\"inLanguage\":\"fr-FR\",\"potentialAction\":[{\"@type\":\"ReadAction\",\"target\":[\"https:\/\/www.certifiedcosmetics.com\/fr\/product\/test-defficacite\/test-cutane\/test-de-cosmetique-en-usage-enfants-de-moins-de-3-ans\/\"]}]},{\"@type\":\"ImageObject\",\"inLanguage\":\"fr-FR\",\"@id\":\"https:\/\/www.certifiedcosmetics.com\/fr\/product\/test-defficacite\/test-cutane\/test-de-cosmetique-en-usage-enfants-de-moins-de-3-ans\/#primaryimage\",\"url\":\"https:\/\/www.certifiedcosmetics.com\/wp-content\/uploads\/2026\/03\/in-use-test-children.jpg\",\"contentUrl\":\"https:\/\/www.certifiedcosmetics.com\/wp-content\/uploads\/2026\/03\/in-use-test-children.jpg\",\"width\":800,\"height\":800},{\"@type\":\"BreadcrumbList\",\"@id\":\"https:\/\/www.certifiedcosmetics.com\/fr\/product\/test-defficacite\/test-cutane\/test-de-cosmetique-en-usage-enfants-de-moins-de-3-ans\/#breadcrumb\",\"itemListElement\":[{\"@type\":\"ListItem\",\"position\":1,\"name\":\"Home\",\"item\":\"https:\/\/www.certifiedcosmetics.com\/fr\/\"},{\"@type\":\"ListItem\",\"position\":2,\"name\":\"Boutique\",\"item\":\"https:\/\/www.certifiedcosmetics.com\/fr\/boutique\/\"},{\"@type\":\"ListItem\",\"position\":3,\"name\":\"Test de cosm\u00e9tique en usage Enfants de moins de 3 ans\"}]},{\"@type\":\"WebSite\",\"@id\":\"https:\/\/www.certifiedcosmetics.com\/fr\/#website\",\"url\":\"https:\/\/www.certifiedcosmetics.com\/fr\/\",\"name\":\"Certified Cosmetics\",\"description\":\"Cosmetic Safety Assessment\",\"publisher\":{\"@id\":\"https:\/\/www.certifiedcosmetics.com\/fr\/#organization\"},\"potentialAction\":[{\"@type\":\"SearchAction\",\"target\":{\"@type\":\"EntryPoint\",\"urlTemplate\":\"https:\/\/www.certifiedcosmetics.com\/fr\/?s={search_term_string}\"},\"query-input\":{\"@type\":\"PropertyValueSpecification\",\"valueRequired\":true,\"valueName\":\"search_term_string\"}}],\"inLanguage\":\"fr-FR\"},{\"@type\":\"Organization\",\"@id\":\"https:\/\/www.certifiedcosmetics.com\/fr\/#organization\",\"name\":\"Certified Cosmetics\",\"url\":\"https:\/\/www.certifiedcosmetics.com\/fr\/\",\"logo\":{\"@type\":\"ImageObject\",\"inLanguage\":\"fr-FR\",\"@id\":\"https:\/\/www.certifiedcosmetics.com\/fr\/#\/schema\/logo\/image\/\",\"url\":\"https:\/\/www.certifiedcosmetics.com\/wp-content\/uploads\/2024\/12\/logo_certified_cosmetics696.jpg\",\"contentUrl\":\"https:\/\/www.certifiedcosmetics.com\/wp-content\/uploads\/2024\/12\/logo_certified_cosmetics696.jpg\",\"width\":696,\"height\":696,\"caption\":\"Certified Cosmetics\"},\"image\":{\"@id\":\"https:\/\/www.certifiedcosmetics.com\/fr\/#\/schema\/logo\/image\/\"},\"description\":\"Your trusted partner for cosmetic product safety reporting. We take care of updating all of your documentation, ensuring your compliance stays current even as regulations evolve. The Cosmetic Product Safety Assessment will give you everything you need to sell specific products to EU consumers.\",\"email\":\"contact@certifiedcosmetics.com\",\"telephone\":\"+31 36 2036384\",\"legalName\":\"Certified Cosmetics\",\"foundingDate\":\"2010-01-01\",\"vatID\":\"NL854189543B01\",\"numberOfEmployees\":{\"@type\":\"QuantitativeValue\",\"minValue\":\"11\",\"maxValue\":\"50\"}}]}<\/script>\n<meta property=\"product:price:amount\" content=\"1313.72\" \/>\n<meta property=\"product:price:currency\" content=\"USD\" \/>\n<meta property=\"og:availability\" content=\"instock\" \/>\n<meta property=\"product:availability\" content=\"instock\" \/>\n<meta property=\"product:condition\" content=\"new\" \/>\n<!-- \/ Yoast SEO Premium plugin. -->","yoast_head_json":{"title":"Test de cosm\u00e9tique en usage Enfants de moins de 3 ans - Certified Cosmetics","description":"Notre test de cosm\u00e9tiques en usage pour les enfants de moins de 3 ans est sp\u00e9cialement con\u00e7u pour \u00e9valuer les performances de ton produit dans des conditions r\u00e9elles lorsqu'il est utilis\u00e9 par ce groupe cible sensible.","robots":{"index":"index","follow":"follow","max-snippet":"max-snippet:-1","max-image-preview":"max-image-preview:large","max-video-preview":"max-video-preview:-1"},"canonical":"https:\/\/www.certifiedcosmetics.com\/fr\/product\/test-defficacite\/test-cutane\/test-de-cosmetique-en-usage-enfants-de-moins-de-3-ans\/","og_locale":"fr_FR","og_type":"article","og_title":"Test de cosm\u00e9tique en usage Enfants de moins de 3 ans","og_description":"Notre test de cosm\u00e9tiques en usage pour les enfants de moins de 3 ans est sp\u00e9cialement con\u00e7u pour \u00e9valuer les performances de ton produit dans des conditions r\u00e9elles lorsqu'il est utilis\u00e9 par ce groupe cible sensible.","og_url":"https:\/\/www.certifiedcosmetics.com\/fr\/product\/test-defficacite\/test-cutane\/test-de-cosmetique-en-usage-enfants-de-moins-de-3-ans\/","og_site_name":"Certified Cosmetics","og_image":[{"width":800,"height":800,"url":"https:\/\/www.certifiedcosmetics.com\/wp-content\/uploads\/2026\/03\/in-use-test-children.jpg","type":"image\/jpeg"}],"twitter_card":"summary_large_image","twitter_misc":{"Prix":"&#36;1 313.72","Disponibilit\u00e9":"En stock"},"schema":{"@context":"https:\/\/schema.org","@graph":[{"@type":"WebPage","@id":"https:\/\/www.certifiedcosmetics.com\/fr\/product\/test-defficacite\/test-cutane\/test-de-cosmetique-en-usage-enfants-de-moins-de-3-ans\/","url":"https:\/\/www.certifiedcosmetics.com\/fr\/product\/test-defficacite\/test-cutane\/test-de-cosmetique-en-usage-enfants-de-moins-de-3-ans\/","name":"Test de cosm\u00e9tique en usage Enfants de moins de 3 ans - Certified Cosmetics","isPartOf":{"@id":"https:\/\/www.certifiedcosmetics.com\/fr\/#website"},"primaryImageOfPage":{"@id":"https:\/\/www.certifiedcosmetics.com\/fr\/product\/test-defficacite\/test-cutane\/test-de-cosmetique-en-usage-enfants-de-moins-de-3-ans\/#primaryimage"},"image":{"@id":"https:\/\/www.certifiedcosmetics.com\/fr\/product\/test-defficacite\/test-cutane\/test-de-cosmetique-en-usage-enfants-de-moins-de-3-ans\/#primaryimage"},"thumbnailUrl":"https:\/\/www.certifiedcosmetics.com\/wp-content\/uploads\/2026\/03\/in-use-test-children.jpg","datePublished":"2026-03-31T16:47:40+00:00","description":"Notre test de cosm\u00e9tiques en usage pour les enfants de moins de 3 ans est sp\u00e9cialement con\u00e7u pour \u00e9valuer les performances de ton produit dans des conditions r\u00e9elles lorsqu'il est utilis\u00e9 par ce groupe cible sensible.","breadcrumb":{"@id":"https:\/\/www.certifiedcosmetics.com\/fr\/product\/test-defficacite\/test-cutane\/test-de-cosmetique-en-usage-enfants-de-moins-de-3-ans\/#breadcrumb"},"inLanguage":"fr-FR","potentialAction":[{"@type":"ReadAction","target":["https:\/\/www.certifiedcosmetics.com\/fr\/product\/test-defficacite\/test-cutane\/test-de-cosmetique-en-usage-enfants-de-moins-de-3-ans\/"]}]},{"@type":"ImageObject","inLanguage":"fr-FR","@id":"https:\/\/www.certifiedcosmetics.com\/fr\/product\/test-defficacite\/test-cutane\/test-de-cosmetique-en-usage-enfants-de-moins-de-3-ans\/#primaryimage","url":"https:\/\/www.certifiedcosmetics.com\/wp-content\/uploads\/2026\/03\/in-use-test-children.jpg","contentUrl":"https:\/\/www.certifiedcosmetics.com\/wp-content\/uploads\/2026\/03\/in-use-test-children.jpg","width":800,"height":800},{"@type":"BreadcrumbList","@id":"https:\/\/www.certifiedcosmetics.com\/fr\/product\/test-defficacite\/test-cutane\/test-de-cosmetique-en-usage-enfants-de-moins-de-3-ans\/#breadcrumb","itemListElement":[{"@type":"ListItem","position":1,"name":"Home","item":"https:\/\/www.certifiedcosmetics.com\/fr\/"},{"@type":"ListItem","position":2,"name":"Boutique","item":"https:\/\/www.certifiedcosmetics.com\/fr\/boutique\/"},{"@type":"ListItem","position":3,"name":"Test de cosm\u00e9tique en usage Enfants de moins de 3 ans"}]},{"@type":"WebSite","@id":"https:\/\/www.certifiedcosmetics.com\/fr\/#website","url":"https:\/\/www.certifiedcosmetics.com\/fr\/","name":"Certified Cosmetics","description":"Cosmetic Safety Assessment","publisher":{"@id":"https:\/\/www.certifiedcosmetics.com\/fr\/#organization"},"potentialAction":[{"@type":"SearchAction","target":{"@type":"EntryPoint","urlTemplate":"https:\/\/www.certifiedcosmetics.com\/fr\/?s={search_term_string}"},"query-input":{"@type":"PropertyValueSpecification","valueRequired":true,"valueName":"search_term_string"}}],"inLanguage":"fr-FR"},{"@type":"Organization","@id":"https:\/\/www.certifiedcosmetics.com\/fr\/#organization","name":"Certified Cosmetics","url":"https:\/\/www.certifiedcosmetics.com\/fr\/","logo":{"@type":"ImageObject","inLanguage":"fr-FR","@id":"https:\/\/www.certifiedcosmetics.com\/fr\/#\/schema\/logo\/image\/","url":"https:\/\/www.certifiedcosmetics.com\/wp-content\/uploads\/2024\/12\/logo_certified_cosmetics696.jpg","contentUrl":"https:\/\/www.certifiedcosmetics.com\/wp-content\/uploads\/2024\/12\/logo_certified_cosmetics696.jpg","width":696,"height":696,"caption":"Certified Cosmetics"},"image":{"@id":"https:\/\/www.certifiedcosmetics.com\/fr\/#\/schema\/logo\/image\/"},"description":"Your trusted partner for cosmetic product safety reporting. We take care of updating all of your documentation, ensuring your compliance stays current even as regulations evolve. The Cosmetic Product Safety Assessment will give you everything you need to sell specific products to EU consumers.","email":"contact@certifiedcosmetics.com","telephone":"+31 36 2036384","legalName":"Certified Cosmetics","foundingDate":"2010-01-01","vatID":"NL854189543B01","numberOfEmployees":{"@type":"QuantitativeValue","minValue":"11","maxValue":"50"}}]},"product_price_amount":"1313.72","product_price_currency":"USD","og_availability":"instock","product_availability":"instock","product_condition":"new"},"_links":{"self":[{"href":"https:\/\/www.certifiedcosmetics.com\/fr\/wp-json\/wp\/v2\/product\/16049","targetHints":{"allow":["GET"]}}],"collection":[{"href":"https:\/\/www.certifiedcosmetics.com\/fr\/wp-json\/wp\/v2\/product"}],"about":[{"href":"https:\/\/www.certifiedcosmetics.com\/fr\/wp-json\/wp\/v2\/types\/product"}],"wp:featuredmedia":[{"embeddable":true,"href":"https:\/\/www.certifiedcosmetics.com\/fr\/wp-json\/wp\/v2\/media\/15892"}],"wp:attachment":[{"href":"https:\/\/www.certifiedcosmetics.com\/fr\/wp-json\/wp\/v2\/media?parent=16049"}],"wp:term":[{"taxonomy":"product_brand","embeddable":true,"href":"https:\/\/www.certifiedcosmetics.com\/fr\/wp-json\/wp\/v2\/product_brand?post=16049"},{"taxonomy":"product_cat","embeddable":true,"href":"https:\/\/www.certifiedcosmetics.com\/fr\/wp-json\/wp\/v2\/product_cat?post=16049"},{"taxonomy":"product_tag","embeddable":true,"href":"https:\/\/www.certifiedcosmetics.com\/fr\/wp-json\/wp\/v2\/product_tag?post=16049"}],"curies":[{"name":"wp","href":"https:\/\/api.w.org\/{rel}","templated":true}]}}