{"id":15310,"date":"2026-03-03T15:05:13","date_gmt":"2026-03-03T14:05:13","guid":{"rendered":"https:\/\/www.certifiedcosmetics.com\/product\/non class\u00e9\/rapport-sur-la-securite-des-pif-et-des-produits-cosmetiques-whitelabel\/"},"modified":"2026-03-03T15:05:13","modified_gmt":"2026-03-03T14:05:13","slug":"rapport-sur-la-securite-des-pif-et-des-produits-cosmetiques-whitelabel","status":"publish","type":"product","link":"https:\/\/www.certifiedcosmetics.com\/fr\/product\/evaluation-de-la-securite-des-produits-cosmetiques\/rapport-sur-la-securite-des-pif-et-des-produits-cosmetiques-whitelabel\/","title":{"rendered":"Rapport sur la s\u00e9curit\u00e9 des PIF et des produits cosm\u00e9tiques &#8211; Whitelabel"},"content":{"rendered":"<p data-start=\"143\" data-end=\"432\">Les cosm\u00e9tiques en marque blanche cr\u00e9ent de pr\u00e9cieuses opportunit\u00e9s commerciales pour les fabricants qui souhaitent \u00e9tendre leur distribution et pour les distributeurs qui veulent lancer des produits sous leur propre marque. Cependant, la structure r\u00e9glementaire derri\u00e8re un produit en marque blanche doit \u00eatre soigneusement d\u00e9finie d\u00e8s le d\u00e9part. <\/p>\n<p data-start=\"434\" data-end=\"664\">Pour les fabricants, maintenir le contr\u00f4le sur la formulation, le fichier d&#8217;information sur le produit (FIP) et la responsabilit\u00e9 r\u00e9glementaire peut \u00eatre essentiel pour prot\u00e9ger la propri\u00e9t\u00e9 intellectuelle et assurer une conformit\u00e9 coh\u00e9rente entre plusieurs clients.<\/p>\n<p data-start=\"666\" data-end=\"892\">Pour les distributeurs, s&#8217;approprier la marque signifie souvent devenir la personne responsable et g\u00e9rer un FRP totalement ind\u00e9pendant en leur nom propre. Cela n\u00e9cessite un transfert clair de la documentation et de la responsabilit\u00e9 r\u00e9glementaire. <\/p>\n<p data-start=\"894\" data-end=\"1173\" data-is-last-node=\"\" data-is-only-node=\"\">Ce service CPSR en marque blanche est con\u00e7u pour prendre en charge les deux mod\u00e8les. Que tu restes la personne responsable ou que tu transf\u00e8res la responsabilit\u00e9 au distributeur, nous nous assurons que le cadre r\u00e9glementaire est correctement structur\u00e9, document\u00e9 et conforme au r\u00e8glement (CE) n\u00b0 1223\/2009. <\/p>\n<h2 data-start=\"894\" data-end=\"1173\">Comment fonctionnent le PIF et le CPSR \u00e0 \u00e9tiquette blanche ?<\/h2>\n<p data-start=\"152\" data-end=\"319\">Ce service de rapport de s\u00e9curit\u00e9 des produits cosm\u00e9tiques (CPSR) est exclusivement disponible pour les produits whitelabel pour lesquels nous avons d\u00e9j\u00e0 pr\u00e9par\u00e9 le PIF et\/ou le CPSR d&#8217;origine. Si un PIF et un CPSR whitelabel sont n\u00e9cessaires pour un produit existant qui n&#8217;a pas \u00e9t\u00e9 cr\u00e9\u00e9 par Certified Cosmetics, nous devrons d&#8217;abord le recr\u00e9er. Ce service sera requis en premier lieu : <a href=\"https:\/\/www.certifiedcosmetics.com\/fr\/product\/evaluation-de-la-securite-des-produits-cosmetiques\/evaluation-de-la-securite-des-produits-cosmetiques-cpsr\/\">Rapport sur la s\u00e9curit\u00e9 des produits cosm\u00e9tiques &#8211; CPSR<\/a>  <\/p>\n<p data-start=\"321\" data-end=\"389\">Il existe deux sc\u00e9narios r\u00e9glementaires possibles pour les produits \u00e0 marque blanche :<\/p>\n<ol data-start=\"391\" data-end=\"516\">\n<li data-start=\"391\" data-end=\"459\">\n<p data-start=\"394\" data-end=\"459\">Le fabricant du label blanc reste la personne responsable (PR).<\/p>\n<\/li>\n<li data-start=\"460\" data-end=\"516\">\n<p data-start=\"463\" data-end=\"516\">Le distributeur devient la personne responsable (PR)<\/p>\n<\/li>\n<\/ol>\n<p data-start=\"518\" data-end=\"582\">Chaque sc\u00e9nario comporte des exigences l\u00e9gales et des livrables diff\u00e9rents.<\/p>\n<h2>Le fabricant du label blanc reste la personne responsable<\/h2>\n<p data-start=\"664\" data-end=\"787\">Dans cette situation, le fabricant d&#8217;origine continue d&#8217;agir en tant que personne responsable en vertu du r\u00e8glement (CE) n\u00b0 1223\/2009.<\/p>\n<p data-start=\"789\" data-end=\"802\"><strong>Exigences :<\/strong><\/p>\n<ul data-start=\"803\" data-end=\"1038\">\n<li data-start=\"803\" data-end=\"874\">\n<p data-start=\"805\" data-end=\"874\">Le nom et l&#8217;adresse du fabricant doivent figurer sur l&#8217;\u00e9tiquette du produit.<\/p>\n<\/li>\n<li data-start=\"875\" data-end=\"966\">\n<p data-start=\"877\" data-end=\"966\">Le fichier d&#8217;information sur le produit (PIF) et les CPSR restent sous le contr\u00f4le du fabricant.<\/p>\n<\/li>\n<li data-start=\"967\" data-end=\"1038\">\n<p data-start=\"969\" data-end=\"1038\">La formulation reste confidentielle et g\u00e9r\u00e9e par le fabricant.<\/p>\n<\/li>\n<\/ul>\n<p data-start=\"1040\" data-end=\"1146\">Cette structure garantit que le fabricant conserve le contr\u00f4le de la recette et de la documentation r\u00e9glementaire.<\/p>\n<p data-start=\"1148\" data-end=\"1165\"><strong>Produits livrables :<\/strong><\/p>\n<ul data-start=\"1166\" data-end=\"1276\">\n<li data-start=\"1166\" data-end=\"1210\">\n<p data-start=\"1168\" data-end=\"1210\">Contr\u00f4le de conformit\u00e9 de l&#8217;\u00e9tiquette (r\u00e9vision de l&#8217;article 19)<\/p>\n<\/li>\n<li data-start=\"1211\" data-end=\"1276\">\n<p data-start=\"1213\" data-end=\"1276\">Annexe au FIP existant refl\u00e9tant l&#8217;arrangement de la marque blanche.<\/p>\n<\/li>\n<\/ul>\n<h2>Le distributeur deviendra la personne responsable<\/h2>\n<p data-start=\"1346\" data-end=\"1511\">Si le distributeur souhaite mettre le produit sur le march\u00e9 sous son propre nom et assumer l&#8217;enti\u00e8re responsabilit\u00e9 r\u00e9glementaire, il doit agir en tant que personne responsable.<\/p>\n<p data-start=\"1513\" data-end=\"1526\"><strong>Exigences :<\/strong><\/p>\n<ul data-start=\"1527\" data-end=\"1672\">\n<li data-start=\"1527\" data-end=\"1614\">\n<p data-start=\"1529\" data-end=\"1614\">Le distributeur doit \u00e9tablir et tenir \u00e0 jour son propre fichier d&#8217;informations sur les produits (PIF).<\/p>\n<\/li>\n<li data-start=\"1615\" data-end=\"1672\">\n<p data-start=\"1617\" data-end=\"1672\">La responsabilit\u00e9 r\u00e9glementaire est transf\u00e9r\u00e9e au distributeur.<\/p>\n<\/li>\n<\/ul>\n<p data-start=\"1674\" data-end=\"1691\"><strong>Produits livrables :<\/strong><\/p>\n<ul data-start=\"1692\" data-end=\"1784\">\n<li data-start=\"1692\" data-end=\"1736\">\n<p data-start=\"1694\" data-end=\"1736\">Contr\u00f4le de conformit\u00e9 de l&#8217;\u00e9tiquette (r\u00e9vision de l&#8217;article 19)<\/p>\n<\/li>\n<li data-start=\"1737\" data-end=\"1784\">\n<p data-start=\"1739\" data-end=\"1784\">Nouveau FIP \u00e9mis au nom du distributeur<\/p>\n<\/li>\n<li data-start=\"1737\" data-end=\"1784\">Nous pouvons \u00e9galement soumettre ces informations au CPNP gr\u00e2ce \u00e0 ce service : <a href=\"https:\/\/www.certifiedcosmetics.com\/fr\/product\/evaluation-de-la-securite-des-produits-cosmetiques\/notification-du-cpnp\/\">Service de notification du PCNP<\/a><\/li>\n<\/ul>\n","protected":false},"excerpt":{"rendered":"<p>Les cosm\u00e9tiques en marque blanche cr\u00e9ent de pr\u00e9cieuses opportunit\u00e9s commerciales pour les fabricants qui souhaitent \u00e9tendre leur distribution et pour les distributeurs qui veulent lancer des produits sous leur propre marque. Cependant, la structure r\u00e9glementaire derri\u00e8re un produit en marque blanche doit \u00eatre soigneusement d\u00e9finie d\u00e8s le d\u00e9part. Pour les fabricants, maintenir le contr\u00f4le sur&#8230;<\/p>\n","protected":false},"featured_media":12494,"template":"","meta":[],"product_brand":[],"product_cat":[113],"product_tag":[],"class_list":{"0":"post-15310","1":"product","2":"type-product","3":"status-publish","4":"has-post-thumbnail","6":"product_cat-evaluation-de-la-securite-des-produits-cosmetiques","8":"first","9":"instock","10":"virtual","11":"taxable","12":"purchasable","13":"product-type-simple"},"bundled_by":[],"bundle_stock_status":"instock","bundle_stock_quantity":null,"bundle_virtual":false,"bundle_layout":"","bundle_add_to_cart_form_location":"","bundle_editable_in_cart":false,"bundle_sold_individually_context":"","bundle_item_grouping":"","bundle_min_size":"","bundle_max_size":"","bundle_price":[],"bundled_items":[],"bundle_sell_ids":[],"yoast_head":"<!-- This site is optimized with the Yoast SEO Premium plugin v25.4 (Yoast SEO v25.4) - https:\/\/yoast.com\/wordpress\/plugins\/seo\/ -->\n<title>Rapport sur la s\u00e9curit\u00e9 des PIF et des produits cosm\u00e9tiques - Whitelabel - Certified Cosmetics<\/title>\n<meta name=\"description\" content=\"Les PIF et CPSR en marque blanche dans les cosm\u00e9tiques cr\u00e9ent des opportunit\u00e9s commerciales pr\u00e9cieuses pour les fabricants qui veulent \u00e9tendre leur distribution et pour les distributeurs qui veulent lancer des produits sous leur propre marque.\" \/>\n<meta name=\"robots\" content=\"index, follow, max-snippet:-1, max-image-preview:large, max-video-preview:-1\" \/>\n<link rel=\"canonical\" href=\"https:\/\/www.certifiedcosmetics.com\/fr\/product\/evaluation-de-la-securite-des-produits-cosmetiques\/rapport-sur-la-securite-des-pif-et-des-produits-cosmetiques-whitelabel\/\" \/>\n<meta property=\"og:locale\" content=\"fr_FR\" \/>\n<meta property=\"og:type\" content=\"article\" \/>\n<meta property=\"og:title\" content=\"Rapport sur la s\u00e9curit\u00e9 des PIF et des produits cosm\u00e9tiques - Whitelabel\" \/>\n<meta property=\"og:description\" content=\"Les PIF et CPSR en marque blanche dans les cosm\u00e9tiques cr\u00e9ent des opportunit\u00e9s commerciales pr\u00e9cieuses pour les fabricants qui veulent \u00e9tendre leur distribution et pour les distributeurs qui veulent lancer des produits sous leur propre marque.\" \/>\n<meta property=\"og:url\" content=\"https:\/\/www.certifiedcosmetics.com\/fr\/product\/evaluation-de-la-securite-des-produits-cosmetiques\/rapport-sur-la-securite-des-pif-et-des-produits-cosmetiques-whitelabel\/\" \/>\n<meta property=\"og:site_name\" content=\"Certified Cosmetics\" \/>\n<meta property=\"og:image\" content=\"https:\/\/www.certifiedcosmetics.com\/wp-content\/uploads\/2025\/07\/CPSR-Cosmetics.jpg\" \/>\n\t<meta property=\"og:image:width\" content=\"800\" \/>\n\t<meta property=\"og:image:height\" content=\"800\" \/>\n\t<meta property=\"og:image:type\" content=\"image\/jpeg\" \/>\n<meta name=\"twitter:card\" content=\"summary_large_image\" \/>\n<meta name=\"twitter:label1\" content=\"Prix\" \/>\n\t<meta name=\"twitter:data1\" content=\"&#036;88.30\" \/>\n\t<meta name=\"twitter:label2\" content=\"Disponibilit\u00e9\" \/>\n\t<meta name=\"twitter:data2\" content=\"En stock\" \/>\n<script type=\"application\/ld+json\" class=\"yoast-schema-graph\">{\"@context\":\"https:\/\/schema.org\",\"@graph\":[{\"@type\":\"WebPage\",\"@id\":\"https:\/\/www.certifiedcosmetics.com\/fr\/product\/evaluation-de-la-securite-des-produits-cosmetiques\/rapport-sur-la-securite-des-pif-et-des-produits-cosmetiques-whitelabel\/\",\"url\":\"https:\/\/www.certifiedcosmetics.com\/fr\/product\/evaluation-de-la-securite-des-produits-cosmetiques\/rapport-sur-la-securite-des-pif-et-des-produits-cosmetiques-whitelabel\/\",\"name\":\"Rapport sur la s\u00e9curit\u00e9 des PIF et des produits cosm\u00e9tiques - Whitelabel - Certified Cosmetics\",\"isPartOf\":{\"@id\":\"https:\/\/www.certifiedcosmetics.com\/fr\/#website\"},\"primaryImageOfPage\":{\"@id\":\"https:\/\/www.certifiedcosmetics.com\/fr\/product\/evaluation-de-la-securite-des-produits-cosmetiques\/rapport-sur-la-securite-des-pif-et-des-produits-cosmetiques-whitelabel\/#primaryimage\"},\"image\":{\"@id\":\"https:\/\/www.certifiedcosmetics.com\/fr\/product\/evaluation-de-la-securite-des-produits-cosmetiques\/rapport-sur-la-securite-des-pif-et-des-produits-cosmetiques-whitelabel\/#primaryimage\"},\"thumbnailUrl\":\"https:\/\/www.certifiedcosmetics.com\/wp-content\/uploads\/2025\/07\/CPSR-Cosmetics.jpg\",\"datePublished\":\"2026-03-03T14:05:13+00:00\",\"description\":\"Les PIF et CPSR en marque blanche dans les cosm\u00e9tiques cr\u00e9ent des opportunit\u00e9s commerciales pr\u00e9cieuses pour les fabricants qui veulent \u00e9tendre leur distribution et pour les distributeurs qui veulent lancer des produits sous leur propre marque.\",\"breadcrumb\":{\"@id\":\"https:\/\/www.certifiedcosmetics.com\/fr\/product\/evaluation-de-la-securite-des-produits-cosmetiques\/rapport-sur-la-securite-des-pif-et-des-produits-cosmetiques-whitelabel\/#breadcrumb\"},\"inLanguage\":\"fr-FR\",\"potentialAction\":[{\"@type\":\"ReadAction\",\"target\":[\"https:\/\/www.certifiedcosmetics.com\/fr\/product\/evaluation-de-la-securite-des-produits-cosmetiques\/rapport-sur-la-securite-des-pif-et-des-produits-cosmetiques-whitelabel\/\"]}]},{\"@type\":\"ImageObject\",\"inLanguage\":\"fr-FR\",\"@id\":\"https:\/\/www.certifiedcosmetics.com\/fr\/product\/evaluation-de-la-securite-des-produits-cosmetiques\/rapport-sur-la-securite-des-pif-et-des-produits-cosmetiques-whitelabel\/#primaryimage\",\"url\":\"https:\/\/www.certifiedcosmetics.com\/wp-content\/uploads\/2025\/07\/CPSR-Cosmetics.jpg\",\"contentUrl\":\"https:\/\/www.certifiedcosmetics.com\/wp-content\/uploads\/2025\/07\/CPSR-Cosmetics.jpg\",\"width\":800,\"height\":800,\"caption\":\"CPSR Cosmetics\"},{\"@type\":\"BreadcrumbList\",\"@id\":\"https:\/\/www.certifiedcosmetics.com\/fr\/product\/evaluation-de-la-securite-des-produits-cosmetiques\/rapport-sur-la-securite-des-pif-et-des-produits-cosmetiques-whitelabel\/#breadcrumb\",\"itemListElement\":[{\"@type\":\"ListItem\",\"position\":1,\"name\":\"Home\",\"item\":\"https:\/\/www.certifiedcosmetics.com\/fr\/\"},{\"@type\":\"ListItem\",\"position\":2,\"name\":\"Boutique\",\"item\":\"https:\/\/www.certifiedcosmetics.com\/fr\/boutique\/\"},{\"@type\":\"ListItem\",\"position\":3,\"name\":\"Rapport sur la s\u00e9curit\u00e9 des PIF et des produits cosm\u00e9tiques &#8211; Whitelabel\"}]},{\"@type\":\"WebSite\",\"@id\":\"https:\/\/www.certifiedcosmetics.com\/fr\/#website\",\"url\":\"https:\/\/www.certifiedcosmetics.com\/fr\/\",\"name\":\"Certified Cosmetics\",\"description\":\"Cosmetic Safety Assessment\",\"publisher\":{\"@id\":\"https:\/\/www.certifiedcosmetics.com\/fr\/#organization\"},\"potentialAction\":[{\"@type\":\"SearchAction\",\"target\":{\"@type\":\"EntryPoint\",\"urlTemplate\":\"https:\/\/www.certifiedcosmetics.com\/fr\/?s={search_term_string}\"},\"query-input\":{\"@type\":\"PropertyValueSpecification\",\"valueRequired\":true,\"valueName\":\"search_term_string\"}}],\"inLanguage\":\"fr-FR\"},{\"@type\":\"Organization\",\"@id\":\"https:\/\/www.certifiedcosmetics.com\/fr\/#organization\",\"name\":\"Certified Cosmetics\",\"url\":\"https:\/\/www.certifiedcosmetics.com\/fr\/\",\"logo\":{\"@type\":\"ImageObject\",\"inLanguage\":\"fr-FR\",\"@id\":\"https:\/\/www.certifiedcosmetics.com\/fr\/#\/schema\/logo\/image\/\",\"url\":\"https:\/\/www.certifiedcosmetics.com\/wp-content\/uploads\/2024\/12\/logo_certified_cosmetics696.jpg\",\"contentUrl\":\"https:\/\/www.certifiedcosmetics.com\/wp-content\/uploads\/2024\/12\/logo_certified_cosmetics696.jpg\",\"width\":696,\"height\":696,\"caption\":\"Certified Cosmetics\"},\"image\":{\"@id\":\"https:\/\/www.certifiedcosmetics.com\/fr\/#\/schema\/logo\/image\/\"},\"description\":\"Your trusted partner for cosmetic product safety reporting. We take care of updating all of your documentation, ensuring your compliance stays current even as regulations evolve. The Cosmetic Product Safety Assessment will give you everything you need to sell specific products to EU consumers.\",\"email\":\"contact@certifiedcosmetics.com\",\"telephone\":\"+31 36 2036384\",\"legalName\":\"Certified Cosmetics\",\"foundingDate\":\"2010-01-01\",\"vatID\":\"NL854189543B01\",\"numberOfEmployees\":{\"@type\":\"QuantitativeValue\",\"minValue\":\"11\",\"maxValue\":\"50\"}}]}<\/script>\n<meta property=\"product:price:amount\" content=\"88.30\" \/>\n<meta property=\"product:price:currency\" content=\"USD\" \/>\n<meta property=\"og:availability\" content=\"instock\" \/>\n<meta property=\"product:availability\" content=\"instock\" \/>\n<meta property=\"product:retailer_item_id\" content=\"CC100004\" \/>\n<meta property=\"product:condition\" content=\"new\" \/>\n<!-- \/ Yoast SEO Premium plugin. -->","yoast_head_json":{"title":"Rapport sur la s\u00e9curit\u00e9 des PIF et des produits cosm\u00e9tiques - Whitelabel - Certified Cosmetics","description":"Les PIF et CPSR en marque blanche dans les cosm\u00e9tiques cr\u00e9ent des opportunit\u00e9s commerciales pr\u00e9cieuses pour les fabricants qui veulent \u00e9tendre leur distribution et pour les distributeurs qui veulent lancer des produits sous leur propre marque.","robots":{"index":"index","follow":"follow","max-snippet":"max-snippet:-1","max-image-preview":"max-image-preview:large","max-video-preview":"max-video-preview:-1"},"canonical":"https:\/\/www.certifiedcosmetics.com\/fr\/product\/evaluation-de-la-securite-des-produits-cosmetiques\/rapport-sur-la-securite-des-pif-et-des-produits-cosmetiques-whitelabel\/","og_locale":"fr_FR","og_type":"article","og_title":"Rapport sur la s\u00e9curit\u00e9 des PIF et des produits cosm\u00e9tiques - Whitelabel","og_description":"Les PIF et CPSR en marque blanche dans les cosm\u00e9tiques cr\u00e9ent des opportunit\u00e9s commerciales pr\u00e9cieuses pour les fabricants qui veulent \u00e9tendre leur distribution et pour les distributeurs qui veulent lancer des produits sous leur propre marque.","og_url":"https:\/\/www.certifiedcosmetics.com\/fr\/product\/evaluation-de-la-securite-des-produits-cosmetiques\/rapport-sur-la-securite-des-pif-et-des-produits-cosmetiques-whitelabel\/","og_site_name":"Certified Cosmetics","og_image":[{"width":800,"height":800,"url":"https:\/\/www.certifiedcosmetics.com\/wp-content\/uploads\/2025\/07\/CPSR-Cosmetics.jpg","type":"image\/jpeg"}],"twitter_card":"summary_large_image","twitter_misc":{"Prix":"&#36;88.30","Disponibilit\u00e9":"En stock"},"schema":{"@context":"https:\/\/schema.org","@graph":[{"@type":"WebPage","@id":"https:\/\/www.certifiedcosmetics.com\/fr\/product\/evaluation-de-la-securite-des-produits-cosmetiques\/rapport-sur-la-securite-des-pif-et-des-produits-cosmetiques-whitelabel\/","url":"https:\/\/www.certifiedcosmetics.com\/fr\/product\/evaluation-de-la-securite-des-produits-cosmetiques\/rapport-sur-la-securite-des-pif-et-des-produits-cosmetiques-whitelabel\/","name":"Rapport sur la s\u00e9curit\u00e9 des PIF et des produits cosm\u00e9tiques - Whitelabel - Certified Cosmetics","isPartOf":{"@id":"https:\/\/www.certifiedcosmetics.com\/fr\/#website"},"primaryImageOfPage":{"@id":"https:\/\/www.certifiedcosmetics.com\/fr\/product\/evaluation-de-la-securite-des-produits-cosmetiques\/rapport-sur-la-securite-des-pif-et-des-produits-cosmetiques-whitelabel\/#primaryimage"},"image":{"@id":"https:\/\/www.certifiedcosmetics.com\/fr\/product\/evaluation-de-la-securite-des-produits-cosmetiques\/rapport-sur-la-securite-des-pif-et-des-produits-cosmetiques-whitelabel\/#primaryimage"},"thumbnailUrl":"https:\/\/www.certifiedcosmetics.com\/wp-content\/uploads\/2025\/07\/CPSR-Cosmetics.jpg","datePublished":"2026-03-03T14:05:13+00:00","description":"Les PIF et CPSR en marque blanche dans les cosm\u00e9tiques cr\u00e9ent des opportunit\u00e9s commerciales pr\u00e9cieuses pour les fabricants qui veulent \u00e9tendre leur distribution et pour les distributeurs qui veulent lancer des produits sous leur propre marque.","breadcrumb":{"@id":"https:\/\/www.certifiedcosmetics.com\/fr\/product\/evaluation-de-la-securite-des-produits-cosmetiques\/rapport-sur-la-securite-des-pif-et-des-produits-cosmetiques-whitelabel\/#breadcrumb"},"inLanguage":"fr-FR","potentialAction":[{"@type":"ReadAction","target":["https:\/\/www.certifiedcosmetics.com\/fr\/product\/evaluation-de-la-securite-des-produits-cosmetiques\/rapport-sur-la-securite-des-pif-et-des-produits-cosmetiques-whitelabel\/"]}]},{"@type":"ImageObject","inLanguage":"fr-FR","@id":"https:\/\/www.certifiedcosmetics.com\/fr\/product\/evaluation-de-la-securite-des-produits-cosmetiques\/rapport-sur-la-securite-des-pif-et-des-produits-cosmetiques-whitelabel\/#primaryimage","url":"https:\/\/www.certifiedcosmetics.com\/wp-content\/uploads\/2025\/07\/CPSR-Cosmetics.jpg","contentUrl":"https:\/\/www.certifiedcosmetics.com\/wp-content\/uploads\/2025\/07\/CPSR-Cosmetics.jpg","width":800,"height":800,"caption":"CPSR Cosmetics"},{"@type":"BreadcrumbList","@id":"https:\/\/www.certifiedcosmetics.com\/fr\/product\/evaluation-de-la-securite-des-produits-cosmetiques\/rapport-sur-la-securite-des-pif-et-des-produits-cosmetiques-whitelabel\/#breadcrumb","itemListElement":[{"@type":"ListItem","position":1,"name":"Home","item":"https:\/\/www.certifiedcosmetics.com\/fr\/"},{"@type":"ListItem","position":2,"name":"Boutique","item":"https:\/\/www.certifiedcosmetics.com\/fr\/boutique\/"},{"@type":"ListItem","position":3,"name":"Rapport sur la s\u00e9curit\u00e9 des PIF et des produits cosm\u00e9tiques &#8211; Whitelabel"}]},{"@type":"WebSite","@id":"https:\/\/www.certifiedcosmetics.com\/fr\/#website","url":"https:\/\/www.certifiedcosmetics.com\/fr\/","name":"Certified Cosmetics","description":"Cosmetic Safety Assessment","publisher":{"@id":"https:\/\/www.certifiedcosmetics.com\/fr\/#organization"},"potentialAction":[{"@type":"SearchAction","target":{"@type":"EntryPoint","urlTemplate":"https:\/\/www.certifiedcosmetics.com\/fr\/?s={search_term_string}"},"query-input":{"@type":"PropertyValueSpecification","valueRequired":true,"valueName":"search_term_string"}}],"inLanguage":"fr-FR"},{"@type":"Organization","@id":"https:\/\/www.certifiedcosmetics.com\/fr\/#organization","name":"Certified Cosmetics","url":"https:\/\/www.certifiedcosmetics.com\/fr\/","logo":{"@type":"ImageObject","inLanguage":"fr-FR","@id":"https:\/\/www.certifiedcosmetics.com\/fr\/#\/schema\/logo\/image\/","url":"https:\/\/www.certifiedcosmetics.com\/wp-content\/uploads\/2024\/12\/logo_certified_cosmetics696.jpg","contentUrl":"https:\/\/www.certifiedcosmetics.com\/wp-content\/uploads\/2024\/12\/logo_certified_cosmetics696.jpg","width":696,"height":696,"caption":"Certified Cosmetics"},"image":{"@id":"https:\/\/www.certifiedcosmetics.com\/fr\/#\/schema\/logo\/image\/"},"description":"Your trusted partner for cosmetic product safety reporting. We take care of updating all of your documentation, ensuring your compliance stays current even as regulations evolve. The Cosmetic Product Safety Assessment will give you everything you need to sell specific products to EU consumers.","email":"contact@certifiedcosmetics.com","telephone":"+31 36 2036384","legalName":"Certified Cosmetics","foundingDate":"2010-01-01","vatID":"NL854189543B01","numberOfEmployees":{"@type":"QuantitativeValue","minValue":"11","maxValue":"50"}}]},"product_price_amount":"88.30","product_price_currency":"USD","og_availability":"instock","product_availability":"instock","product_retailer_item_id":"CC100004","product_condition":"new"},"_links":{"self":[{"href":"https:\/\/www.certifiedcosmetics.com\/fr\/wp-json\/wp\/v2\/product\/15310","targetHints":{"allow":["GET"]}}],"collection":[{"href":"https:\/\/www.certifiedcosmetics.com\/fr\/wp-json\/wp\/v2\/product"}],"about":[{"href":"https:\/\/www.certifiedcosmetics.com\/fr\/wp-json\/wp\/v2\/types\/product"}],"wp:featuredmedia":[{"embeddable":true,"href":"https:\/\/www.certifiedcosmetics.com\/fr\/wp-json\/wp\/v2\/media\/12494"}],"wp:attachment":[{"href":"https:\/\/www.certifiedcosmetics.com\/fr\/wp-json\/wp\/v2\/media?parent=15310"}],"wp:term":[{"taxonomy":"product_brand","embeddable":true,"href":"https:\/\/www.certifiedcosmetics.com\/fr\/wp-json\/wp\/v2\/product_brand?post=15310"},{"taxonomy":"product_cat","embeddable":true,"href":"https:\/\/www.certifiedcosmetics.com\/fr\/wp-json\/wp\/v2\/product_cat?post=15310"},{"taxonomy":"product_tag","embeddable":true,"href":"https:\/\/www.certifiedcosmetics.com\/fr\/wp-json\/wp\/v2\/product_tag?post=15310"}],"curies":[{"name":"wp","href":"https:\/\/api.w.org\/{rel}","templated":true}]}}