{"id":15303,"date":"2026-02-02T13:58:37","date_gmt":"2026-02-02T12:58:37","guid":{"rendered":"https:\/\/www.certifiedcosmetics.com\/product\/non class\u00e9\/traduction-de-la-fiche-de-donnees-de-securite\/"},"modified":"2026-02-02T13:58:37","modified_gmt":"2026-02-02T12:58:37","slug":"traduction-de-la-fiche-de-donnees-de-securite","status":"publish","type":"product","link":"https:\/\/www.certifiedcosmetics.com\/fr\/product\/sds-fr\/traduction-de-la-fiche-de-donnees-de-securite\/","title":{"rendered":"Traduction de la fiche de donn\u00e9es de s\u00e9curit\u00e9"},"content":{"rendered":"<p data-start=\"185\" data-end=\"473\">D\u00e9veloppe ton march\u00e9 en toute s\u00e9curit\u00e9 et en toute l\u00e9galit\u00e9 gr\u00e2ce \u00e0 notre <strong data-start=\"232\" data-end=\"292\">service professionnel de traduction de FDS (fiches de donn\u00e9es de s\u00e9curit\u00e9)<\/strong>. Nous fournissons des <strong data-start=\"305\" data-end=\"342\">traductions conformes \u00e0 la r\u00e9glementation<\/strong> et adapt\u00e9es \u00e0 la langue et au cadre juridique du pays cible &#8211; que tu op\u00e8res dans l&#8217;Union europ\u00e9enne, au Royaume-Uni, en Am\u00e9rique du Nord ou ailleurs. <\/p>\n<h3 data-start=\"480\" data-end=\"520\">Quand as-tu besoin d&#8217;une traduction de FDS ?<\/h3>\n<p data-start=\"522\" data-end=\"553\">Tu as besoin d&#8217;une FDS traduite dans les cas suivants :<\/p>\n<ul data-start=\"554\" data-end=\"989\">\n<li data-start=\"554\" data-end=\"682\">\n<p data-start=\"556\" data-end=\"682\">Tu <strong data-start=\"560\" data-end=\"588\">exporteras des produits chimiques<\/strong> (par exemple, des huiles essentielles, des huiles de parfum, des cosm\u00e9tiques, des produits de nettoyage, etc.) vers d&#8217;autres pays.<\/p>\n<\/li>\n<li data-start=\"683\" data-end=\"757\">\n<p data-start=\"685\" data-end=\"757\">Tu <strong data-start=\"689\" data-end=\"701\">vends en B2B<\/strong> et ton client a besoin de fiches de donn\u00e9es de s\u00e9curit\u00e9 dans sa langue locale.<\/p>\n<\/li>\n<li data-start=\"758\" data-end=\"885\">\n<p data-start=\"760\" data-end=\"885\">Tu soumets des documents pour la <strong data-start=\"792\" data-end=\"828\">notification au centre antipoison (PCN)<\/strong> ou l&#8217;<strong data-start=\"832\" data-end=\"856\">enregistrement du produit<\/strong> dans un autre \u00c9tat membre de l&#8217;UE.<\/p>\n<\/li>\n<li data-start=\"886\" data-end=\"989\">\n<p data-start=\"888\" data-end=\"989\">Tu pr\u00e9pares des <strong data-start=\"905\" data-end=\"928\">documents de transport<\/strong>, de <strong data-start=\"930\" data-end=\"951\">d\u00e9douanement<\/strong> ou des <strong data-start=\"956\" data-end=\"982\">soumissions r\u00e9glementaires<\/strong> \u00e0 l&#8217;\u00e9tranger.<\/p>\n<\/li>\n<\/ul>\n<h3 data-start=\"996\" data-end=\"1035\">Pourquoi la traduction des FDS est-elle importante ?<\/h3>\n<ul data-start=\"1037\" data-end=\"1557\">\n<li data-start=\"1037\" data-end=\"1182\">\n<p data-start=\"1039\" data-end=\"1182\"><strong data-start=\"1039\" data-end=\"1060\">Exigence l\u00e9gale<\/strong>: Les r\u00e9glementations REACH\/CLP et SGH exigent que les FDS soient r\u00e9dig\u00e9es dans la <strong data-start=\"1118\" data-end=\"1154\">langue officielle du pays<\/strong> o\u00f9 le produit est vendu<\/p>\n<\/li>\n<li data-start=\"1183\" data-end=\"1310\">\n<p data-start=\"1185\" data-end=\"1310\"><strong data-start=\"1185\" data-end=\"1213\">\u00c9vite les amendes ou les rejets<\/strong>: Les traductions incorrectes ou manquantes peuvent entra\u00eener des retards, des exp\u00e9ditions bloqu\u00e9es ou des p\u00e9nalit\u00e9s de conformit\u00e9<\/p>\n<\/li>\n<li data-start=\"1311\" data-end=\"1432\">\n<p data-start=\"1313\" data-end=\"1432\"><strong data-start=\"1313\" data-end=\"1335\">Image professionnelle<\/strong>: Les SDD multilingues font preuve de professionnalisme et de respect envers les partenaires et les autorit\u00e9s internationales.<\/p>\n<\/li>\n<li data-start=\"1433\" data-end=\"1557\">\n<p data-start=\"1435\" data-end=\"1557\"><strong data-start=\"1435\" data-end=\"1450\">S\u00e9curit\u00e9 des utilisateurs<\/strong>: Les travailleurs et les clients doivent <strong data-start=\"1482\" data-end=\"1508\">comprendre les dangers<\/strong> et les proc\u00e9dures de manipulation dans leur langue maternelle<\/p>\n<\/li>\n<\/ul>\n<h3 data-start=\"1564\" data-end=\"1586\">Ce que nous livrons<\/h3>\n<ul data-start=\"1588\" data-end=\"2069\">\n<li>Une FDS traduite en 1 langue. Si tu as besoin de plus de langues, tu peux acheter plusieurs traductions en m\u00eame temps. <\/li>\n<li data-start=\"1588\" data-end=\"1685\"><strong data-start=\"1590\" data-end=\"1622\">Traductions<\/strong> effectu\u00e9es par des experts connaissant la terminologie chimique et r\u00e9glementaire<\/li>\n<li>Couverture des <strong data-start=\"1700\" data-end=\"1723\">16 sections de la FDS<\/strong>, y compris les mentions de danger, les phrases de pr\u00e9caution et la classification EU-CLP ou SGH.<\/li>\n<li>Traductions disponibles pour toutes les langues<\/li>\n<li>Livraison en <strong data-start=\"1960\" data-end=\"1992\">PDF <\/strong> <\/li>\n<\/ul>\n","protected":false},"excerpt":{"rendered":"<p>D\u00e9veloppe ton march\u00e9 en toute s\u00e9curit\u00e9 et en toute l\u00e9galit\u00e9 gr\u00e2ce \u00e0 notre service professionnel de traduction de FDS (fiches de donn\u00e9es de s\u00e9curit\u00e9). Nous fournissons des traductions conformes \u00e0 la r\u00e9glementation et adapt\u00e9es \u00e0 la langue et au cadre juridique du pays cible &#8211; que tu op\u00e8res dans l&#8217;Union europ\u00e9enne, au Royaume-Uni, en Am\u00e9rique&#8230;<\/p>\n","protected":false},"featured_media":11457,"template":"","meta":[],"product_brand":[],"product_cat":[386],"product_tag":[],"class_list":{"0":"post-15303","1":"product","2":"type-product","3":"status-publish","4":"has-post-thumbnail","6":"product_cat-sds-fr","8":"first","9":"instock","10":"virtual","11":"taxable","12":"purchasable","13":"product-type-simple"},"bundled_by":[],"bundle_stock_status":"instock","bundle_stock_quantity":null,"bundle_virtual":false,"bundle_layout":"","bundle_add_to_cart_form_location":"","bundle_editable_in_cart":false,"bundle_sold_individually_context":"","bundle_item_grouping":"","bundle_min_size":"","bundle_max_size":"","bundle_price":[],"bundled_items":[],"bundle_sell_ids":[],"yoast_head":"<!-- This site is optimized with the Yoast SEO Premium plugin v25.4 (Yoast SEO v25.4) - https:\/\/yoast.com\/wordpress\/plugins\/seo\/ -->\n<title>Traduction de la fiche de donn\u00e9es de s\u00e9curit\u00e9 - Certified Cosmetics<\/title>\n<meta name=\"description\" content=\"D\u00e9veloppe ton march\u00e9 en toute s\u00e9curit\u00e9 et en toute l\u00e9galit\u00e9 gr\u00e2ce \u00e0 notre service professionnel de traduction de FDS (fiches de donn\u00e9es de s\u00e9curit\u00e9). Nous fournissons des traductions conformes \u00e0 la r\u00e9glementation et adapt\u00e9es \u00e0 la langue et au cadre juridique du pays cible - que tu op\u00e8res dans l&#039;Union europ\u00e9enne, au Royaume-Uni, en Am\u00e9rique du Nord ou ailleurs.\" \/>\n<meta name=\"robots\" content=\"index, follow, max-snippet:-1, max-image-preview:large, max-video-preview:-1\" \/>\n<link rel=\"canonical\" href=\"https:\/\/www.certifiedcosmetics.com\/fr\/product\/sds-fr\/traduction-de-la-fiche-de-donnees-de-securite\/\" \/>\n<meta property=\"og:locale\" content=\"fr_FR\" \/>\n<meta property=\"og:type\" content=\"article\" \/>\n<meta property=\"og:title\" content=\"Traduction de la fiche de donn\u00e9es de s\u00e9curit\u00e9\" \/>\n<meta property=\"og:description\" content=\"D\u00e9veloppe ton march\u00e9 en toute s\u00e9curit\u00e9 et en toute l\u00e9galit\u00e9 gr\u00e2ce \u00e0 notre service professionnel de traduction de FDS (fiches de donn\u00e9es de s\u00e9curit\u00e9). Nous fournissons des traductions conformes \u00e0 la r\u00e9glementation et adapt\u00e9es \u00e0 la langue et au cadre juridique du pays cible - que tu op\u00e8res dans l&#039;Union europ\u00e9enne, au Royaume-Uni, en Am\u00e9rique du Nord ou ailleurs.\" \/>\n<meta property=\"og:url\" content=\"https:\/\/www.certifiedcosmetics.com\/fr\/product\/sds-fr\/traduction-de-la-fiche-de-donnees-de-securite\/\" \/>\n<meta property=\"og:site_name\" content=\"Certified Cosmetics\" \/>\n<meta property=\"og:image\" content=\"https:\/\/www.certifiedcosmetics.com\/wp-content\/uploads\/2025\/04\/msds.jpg\" \/>\n\t<meta property=\"og:image:width\" content=\"800\" \/>\n\t<meta property=\"og:image:height\" content=\"800\" \/>\n\t<meta property=\"og:image:type\" content=\"image\/jpeg\" \/>\n<meta name=\"twitter:card\" content=\"summary_large_image\" \/>\n<meta name=\"twitter:label1\" content=\"Prix\" \/>\n\t<meta name=\"twitter:data1\" content=\"&#036;58.51\" \/>\n\t<meta name=\"twitter:label2\" content=\"Disponibilit\u00e9\" \/>\n\t<meta name=\"twitter:data2\" content=\"En stock\" \/>\n<script type=\"application\/ld+json\" class=\"yoast-schema-graph\">{\"@context\":\"https:\/\/schema.org\",\"@graph\":[{\"@type\":\"WebPage\",\"@id\":\"https:\/\/www.certifiedcosmetics.com\/fr\/product\/sds-fr\/traduction-de-la-fiche-de-donnees-de-securite\/\",\"url\":\"https:\/\/www.certifiedcosmetics.com\/fr\/product\/sds-fr\/traduction-de-la-fiche-de-donnees-de-securite\/\",\"name\":\"Traduction de la fiche de donn\u00e9es de s\u00e9curit\u00e9 - Certified Cosmetics\",\"isPartOf\":{\"@id\":\"https:\/\/www.certifiedcosmetics.com\/fr\/#website\"},\"primaryImageOfPage\":{\"@id\":\"https:\/\/www.certifiedcosmetics.com\/fr\/product\/sds-fr\/traduction-de-la-fiche-de-donnees-de-securite\/#primaryimage\"},\"image\":{\"@id\":\"https:\/\/www.certifiedcosmetics.com\/fr\/product\/sds-fr\/traduction-de-la-fiche-de-donnees-de-securite\/#primaryimage\"},\"thumbnailUrl\":\"https:\/\/www.certifiedcosmetics.com\/wp-content\/uploads\/2025\/04\/msds.jpg\",\"datePublished\":\"2026-02-02T12:58:37+00:00\",\"description\":\"D\u00e9veloppe ton march\u00e9 en toute s\u00e9curit\u00e9 et en toute l\u00e9galit\u00e9 gr\u00e2ce \u00e0 notre service professionnel de traduction de FDS (fiches de donn\u00e9es de s\u00e9curit\u00e9). Nous fournissons des traductions conformes \u00e0 la r\u00e9glementation et adapt\u00e9es \u00e0 la langue et au cadre juridique du pays cible - que tu op\u00e8res dans l'Union europ\u00e9enne, au Royaume-Uni, en Am\u00e9rique du Nord ou ailleurs.\",\"breadcrumb\":{\"@id\":\"https:\/\/www.certifiedcosmetics.com\/fr\/product\/sds-fr\/traduction-de-la-fiche-de-donnees-de-securite\/#breadcrumb\"},\"inLanguage\":\"fr-FR\",\"potentialAction\":[{\"@type\":\"ReadAction\",\"target\":[\"https:\/\/www.certifiedcosmetics.com\/fr\/product\/sds-fr\/traduction-de-la-fiche-de-donnees-de-securite\/\"]}]},{\"@type\":\"ImageObject\",\"inLanguage\":\"fr-FR\",\"@id\":\"https:\/\/www.certifiedcosmetics.com\/fr\/product\/sds-fr\/traduction-de-la-fiche-de-donnees-de-securite\/#primaryimage\",\"url\":\"https:\/\/www.certifiedcosmetics.com\/wp-content\/uploads\/2025\/04\/msds.jpg\",\"contentUrl\":\"https:\/\/www.certifiedcosmetics.com\/wp-content\/uploads\/2025\/04\/msds.jpg\",\"width\":800,\"height\":800},{\"@type\":\"BreadcrumbList\",\"@id\":\"https:\/\/www.certifiedcosmetics.com\/fr\/product\/sds-fr\/traduction-de-la-fiche-de-donnees-de-securite\/#breadcrumb\",\"itemListElement\":[{\"@type\":\"ListItem\",\"position\":1,\"name\":\"Home\",\"item\":\"https:\/\/www.certifiedcosmetics.com\/fr\/\"},{\"@type\":\"ListItem\",\"position\":2,\"name\":\"Boutique\",\"item\":\"https:\/\/www.certifiedcosmetics.com\/fr\/boutique\/\"},{\"@type\":\"ListItem\",\"position\":3,\"name\":\"Traduction de la fiche de donn\u00e9es de s\u00e9curit\u00e9\"}]},{\"@type\":\"WebSite\",\"@id\":\"https:\/\/www.certifiedcosmetics.com\/fr\/#website\",\"url\":\"https:\/\/www.certifiedcosmetics.com\/fr\/\",\"name\":\"Certified Cosmetics\",\"description\":\"Cosmetic Safety Assessment\",\"publisher\":{\"@id\":\"https:\/\/www.certifiedcosmetics.com\/fr\/#organization\"},\"potentialAction\":[{\"@type\":\"SearchAction\",\"target\":{\"@type\":\"EntryPoint\",\"urlTemplate\":\"https:\/\/www.certifiedcosmetics.com\/fr\/?s={search_term_string}\"},\"query-input\":{\"@type\":\"PropertyValueSpecification\",\"valueRequired\":true,\"valueName\":\"search_term_string\"}}],\"inLanguage\":\"fr-FR\"},{\"@type\":\"Organization\",\"@id\":\"https:\/\/www.certifiedcosmetics.com\/fr\/#organization\",\"name\":\"Certified Cosmetics\",\"url\":\"https:\/\/www.certifiedcosmetics.com\/fr\/\",\"logo\":{\"@type\":\"ImageObject\",\"inLanguage\":\"fr-FR\",\"@id\":\"https:\/\/www.certifiedcosmetics.com\/fr\/#\/schema\/logo\/image\/\",\"url\":\"https:\/\/www.certifiedcosmetics.com\/wp-content\/uploads\/2024\/12\/logo_certified_cosmetics696.jpg\",\"contentUrl\":\"https:\/\/www.certifiedcosmetics.com\/wp-content\/uploads\/2024\/12\/logo_certified_cosmetics696.jpg\",\"width\":696,\"height\":696,\"caption\":\"Certified Cosmetics\"},\"image\":{\"@id\":\"https:\/\/www.certifiedcosmetics.com\/fr\/#\/schema\/logo\/image\/\"},\"description\":\"Your trusted partner for cosmetic product safety reporting. We take care of updating all of your documentation, ensuring your compliance stays current even as regulations evolve. The Cosmetic Product Safety Assessment will give you everything you need to sell specific products to EU consumers.\",\"email\":\"contact@certifiedcosmetics.com\",\"telephone\":\"+31 36 2036384\",\"legalName\":\"Certified Cosmetics\",\"foundingDate\":\"2010-01-01\",\"vatID\":\"NL854189543B01\",\"numberOfEmployees\":{\"@type\":\"QuantitativeValue\",\"minValue\":\"11\",\"maxValue\":\"50\"}}]}<\/script>\n<meta property=\"product:price:amount\" content=\"58.51\" \/>\n<meta property=\"product:price:currency\" content=\"USD\" \/>\n<meta property=\"og:availability\" content=\"instock\" \/>\n<meta property=\"product:availability\" content=\"instock\" \/>\n<meta property=\"product:retailer_item_id\" content=\"CC100006\" \/>\n<meta property=\"product:condition\" content=\"new\" \/>\n<!-- \/ Yoast SEO Premium plugin. -->","yoast_head_json":{"title":"Traduction de la fiche de donn\u00e9es de s\u00e9curit\u00e9 - Certified Cosmetics","description":"D\u00e9veloppe ton march\u00e9 en toute s\u00e9curit\u00e9 et en toute l\u00e9galit\u00e9 gr\u00e2ce \u00e0 notre service professionnel de traduction de FDS (fiches de donn\u00e9es de s\u00e9curit\u00e9). Nous fournissons des traductions conformes \u00e0 la r\u00e9glementation et adapt\u00e9es \u00e0 la langue et au cadre juridique du pays cible - que tu op\u00e8res dans l'Union europ\u00e9enne, au Royaume-Uni, en Am\u00e9rique du Nord ou ailleurs.","robots":{"index":"index","follow":"follow","max-snippet":"max-snippet:-1","max-image-preview":"max-image-preview:large","max-video-preview":"max-video-preview:-1"},"canonical":"https:\/\/www.certifiedcosmetics.com\/fr\/product\/sds-fr\/traduction-de-la-fiche-de-donnees-de-securite\/","og_locale":"fr_FR","og_type":"article","og_title":"Traduction de la fiche de donn\u00e9es de s\u00e9curit\u00e9","og_description":"D\u00e9veloppe ton march\u00e9 en toute s\u00e9curit\u00e9 et en toute l\u00e9galit\u00e9 gr\u00e2ce \u00e0 notre service professionnel de traduction de FDS (fiches de donn\u00e9es de s\u00e9curit\u00e9). Nous fournissons des traductions conformes \u00e0 la r\u00e9glementation et adapt\u00e9es \u00e0 la langue et au cadre juridique du pays cible - que tu op\u00e8res dans l'Union europ\u00e9enne, au Royaume-Uni, en Am\u00e9rique du Nord ou ailleurs.","og_url":"https:\/\/www.certifiedcosmetics.com\/fr\/product\/sds-fr\/traduction-de-la-fiche-de-donnees-de-securite\/","og_site_name":"Certified Cosmetics","og_image":[{"width":800,"height":800,"url":"https:\/\/www.certifiedcosmetics.com\/wp-content\/uploads\/2025\/04\/msds.jpg","type":"image\/jpeg"}],"twitter_card":"summary_large_image","twitter_misc":{"Prix":"&#36;58.51","Disponibilit\u00e9":"En stock"},"schema":{"@context":"https:\/\/schema.org","@graph":[{"@type":"WebPage","@id":"https:\/\/www.certifiedcosmetics.com\/fr\/product\/sds-fr\/traduction-de-la-fiche-de-donnees-de-securite\/","url":"https:\/\/www.certifiedcosmetics.com\/fr\/product\/sds-fr\/traduction-de-la-fiche-de-donnees-de-securite\/","name":"Traduction de la fiche de donn\u00e9es de s\u00e9curit\u00e9 - Certified Cosmetics","isPartOf":{"@id":"https:\/\/www.certifiedcosmetics.com\/fr\/#website"},"primaryImageOfPage":{"@id":"https:\/\/www.certifiedcosmetics.com\/fr\/product\/sds-fr\/traduction-de-la-fiche-de-donnees-de-securite\/#primaryimage"},"image":{"@id":"https:\/\/www.certifiedcosmetics.com\/fr\/product\/sds-fr\/traduction-de-la-fiche-de-donnees-de-securite\/#primaryimage"},"thumbnailUrl":"https:\/\/www.certifiedcosmetics.com\/wp-content\/uploads\/2025\/04\/msds.jpg","datePublished":"2026-02-02T12:58:37+00:00","description":"D\u00e9veloppe ton march\u00e9 en toute s\u00e9curit\u00e9 et en toute l\u00e9galit\u00e9 gr\u00e2ce \u00e0 notre service professionnel de traduction de FDS (fiches de donn\u00e9es de s\u00e9curit\u00e9). Nous fournissons des traductions conformes \u00e0 la r\u00e9glementation et adapt\u00e9es \u00e0 la langue et au cadre juridique du pays cible - que tu op\u00e8res dans l'Union europ\u00e9enne, au Royaume-Uni, en Am\u00e9rique du Nord ou ailleurs.","breadcrumb":{"@id":"https:\/\/www.certifiedcosmetics.com\/fr\/product\/sds-fr\/traduction-de-la-fiche-de-donnees-de-securite\/#breadcrumb"},"inLanguage":"fr-FR","potentialAction":[{"@type":"ReadAction","target":["https:\/\/www.certifiedcosmetics.com\/fr\/product\/sds-fr\/traduction-de-la-fiche-de-donnees-de-securite\/"]}]},{"@type":"ImageObject","inLanguage":"fr-FR","@id":"https:\/\/www.certifiedcosmetics.com\/fr\/product\/sds-fr\/traduction-de-la-fiche-de-donnees-de-securite\/#primaryimage","url":"https:\/\/www.certifiedcosmetics.com\/wp-content\/uploads\/2025\/04\/msds.jpg","contentUrl":"https:\/\/www.certifiedcosmetics.com\/wp-content\/uploads\/2025\/04\/msds.jpg","width":800,"height":800},{"@type":"BreadcrumbList","@id":"https:\/\/www.certifiedcosmetics.com\/fr\/product\/sds-fr\/traduction-de-la-fiche-de-donnees-de-securite\/#breadcrumb","itemListElement":[{"@type":"ListItem","position":1,"name":"Home","item":"https:\/\/www.certifiedcosmetics.com\/fr\/"},{"@type":"ListItem","position":2,"name":"Boutique","item":"https:\/\/www.certifiedcosmetics.com\/fr\/boutique\/"},{"@type":"ListItem","position":3,"name":"Traduction de la fiche de donn\u00e9es de s\u00e9curit\u00e9"}]},{"@type":"WebSite","@id":"https:\/\/www.certifiedcosmetics.com\/fr\/#website","url":"https:\/\/www.certifiedcosmetics.com\/fr\/","name":"Certified Cosmetics","description":"Cosmetic Safety Assessment","publisher":{"@id":"https:\/\/www.certifiedcosmetics.com\/fr\/#organization"},"potentialAction":[{"@type":"SearchAction","target":{"@type":"EntryPoint","urlTemplate":"https:\/\/www.certifiedcosmetics.com\/fr\/?s={search_term_string}"},"query-input":{"@type":"PropertyValueSpecification","valueRequired":true,"valueName":"search_term_string"}}],"inLanguage":"fr-FR"},{"@type":"Organization","@id":"https:\/\/www.certifiedcosmetics.com\/fr\/#organization","name":"Certified Cosmetics","url":"https:\/\/www.certifiedcosmetics.com\/fr\/","logo":{"@type":"ImageObject","inLanguage":"fr-FR","@id":"https:\/\/www.certifiedcosmetics.com\/fr\/#\/schema\/logo\/image\/","url":"https:\/\/www.certifiedcosmetics.com\/wp-content\/uploads\/2024\/12\/logo_certified_cosmetics696.jpg","contentUrl":"https:\/\/www.certifiedcosmetics.com\/wp-content\/uploads\/2024\/12\/logo_certified_cosmetics696.jpg","width":696,"height":696,"caption":"Certified Cosmetics"},"image":{"@id":"https:\/\/www.certifiedcosmetics.com\/fr\/#\/schema\/logo\/image\/"},"description":"Your trusted partner for cosmetic product safety reporting. We take care of updating all of your documentation, ensuring your compliance stays current even as regulations evolve. The Cosmetic Product Safety Assessment will give you everything you need to sell specific products to EU consumers.","email":"contact@certifiedcosmetics.com","telephone":"+31 36 2036384","legalName":"Certified Cosmetics","foundingDate":"2010-01-01","vatID":"NL854189543B01","numberOfEmployees":{"@type":"QuantitativeValue","minValue":"11","maxValue":"50"}}]},"product_price_amount":"58.51","product_price_currency":"USD","og_availability":"instock","product_availability":"instock","product_retailer_item_id":"CC100006","product_condition":"new"},"_links":{"self":[{"href":"https:\/\/www.certifiedcosmetics.com\/fr\/wp-json\/wp\/v2\/product\/15303","targetHints":{"allow":["GET"]}}],"collection":[{"href":"https:\/\/www.certifiedcosmetics.com\/fr\/wp-json\/wp\/v2\/product"}],"about":[{"href":"https:\/\/www.certifiedcosmetics.com\/fr\/wp-json\/wp\/v2\/types\/product"}],"wp:featuredmedia":[{"embeddable":true,"href":"https:\/\/www.certifiedcosmetics.com\/fr\/wp-json\/wp\/v2\/media\/11457"}],"wp:attachment":[{"href":"https:\/\/www.certifiedcosmetics.com\/fr\/wp-json\/wp\/v2\/media?parent=15303"}],"wp:term":[{"taxonomy":"product_brand","embeddable":true,"href":"https:\/\/www.certifiedcosmetics.com\/fr\/wp-json\/wp\/v2\/product_brand?post=15303"},{"taxonomy":"product_cat","embeddable":true,"href":"https:\/\/www.certifiedcosmetics.com\/fr\/wp-json\/wp\/v2\/product_cat?post=15303"},{"taxonomy":"product_tag","embeddable":true,"href":"https:\/\/www.certifiedcosmetics.com\/fr\/wp-json\/wp\/v2\/product_tag?post=15303"}],"curies":[{"name":"wp","href":"https:\/\/api.w.org\/{rel}","templated":true}]}}