{"id":14699,"date":"2025-10-11T22:59:34","date_gmt":"2025-10-11T21:59:34","guid":{"rendered":"https:\/\/www.certifiedcosmetics.com\/product\/non class\u00e9\/test-de-letat-du-cuir-chevelu\/"},"modified":"2025-10-11T22:59:34","modified_gmt":"2025-10-11T21:59:34","slug":"test-de-letat-du-cuir-chevelu","status":"publish","type":"product","link":"https:\/\/www.certifiedcosmetics.com\/fr\/product\/test-defficacite\/test-de-depistage-capillaire\/test-de-letat-du-cuir-chevelu\/","title":{"rendered":"Test de l&#8217;\u00e9tat du cuir chevelu"},"content":{"rendered":"<p>Le test de l&#8217;\u00e9tat du cuir chevelu est une \u00e9valuation en laboratoire con\u00e7ue pour analyser l&#8217;\u00e9tat de la surface du cuir chevelu avant et apr\u00e8s l&#8217;utilisation r\u00e9guli\u00e8re d&#8217;un produit cosm\u00e9tique ou dermatologique. \u00c0 l&#8217;aide d&#8217;une imagerie grossissante, le test fournit des donn\u00e9es visuelles et quantitatives claires sur la fa\u00e7on dont un produit am\u00e9liore l&#8217;hydratation, la propret\u00e9, l&#8217;\u00e9quilibre et la sant\u00e9 g\u00e9n\u00e9rale du cuir chevelu. <\/p>\n<h2>Objectif du test<\/h2>\n<p>Le but de ce test est de d\u00e9terminer si un produit cosm\u00e9tique am\u00e9liore l&#8217;\u00e9tat physiologique du cuir chevelu en r\u00e9duisant la s\u00e9cheresse, la desquamation ou l&#8217;exc\u00e8s de s\u00e9bum. Il soutient des all\u00e9gations telles que &#8220;r\u00e9tablit l&#8217;\u00e9quilibre du cuir chevelu&#8221;, &#8220;apaise les irritations&#8221;, &#8220;r\u00e9duit les pellicules&#8221; et &#8220;am\u00e9liore l&#8217;hydratation et la propret\u00e9 du cuir chevelu&#8221;. <\/p>\n<h2>Comment fonctionne le test<\/h2>\n<p>Le test de l&#8217;\u00e9tat du cuir chevelu est effectu\u00e9 \u00e0 l&#8217;aide d&#8217;un <strong>test d&#8217;appareil<\/strong> dot\u00e9 d&#8217;une technologie d&#8217;imagerie du cuir chevelu \u00e0 fort grossissement. Des images normalis\u00e9es sont captur\u00e9es \u00e0 un <g id=\"gid_1\">grossissement de x60<\/g> pour \u00e9valuer la surface du cuir chevelu, l&#8217;\u00e9tat des pores et la visibilit\u00e9 des follicules. Les images sont prises avant et apr\u00e8s une p\u00e9riode de traitement d\u00e9finie pour documenter les am\u00e9liorations de la texture du cuir chevelu, de l&#8217;hydratation et de l&#8217;apparence g\u00e9n\u00e9rale.  <\/p>\n<h2>Applications dans les tests cosm\u00e9tiques<\/h2>\n<ul>\n<li>\u00c9valuation des traitements de soins du cuir chevelu, des toniques et des shampooings.<\/li>\n<li>\u00c9valuation des produits contre les pellicules, les irritations ou l&#8217;exc\u00e8s de s\u00e9bum.<\/li>\n<li>V\u00e9rification des all\u00e9gations de &#8220;soulagement du cuir chevelu&#8221; et de &#8220;r\u00e9\u00e9quilibrage&#8221;.<\/li>\n<li>Test de croissance des cheveux ou de produits de renforcement ciblant l&#8217;\u00e9tat du cuir chevelu.<\/li>\n<li>Soutien aux revendications du cuir chevelu sensible et test\u00e9 dermatologiquement.<\/li>\n<\/ul>\n<h2>Proc\u00e9dure de test<\/h2>\n<ol>\n<li>L&#8217;\u00e9tude comprend <strong>10 volontaires<\/strong> sous surveillance dermatologique.<\/li>\n<li>Les images de r\u00e9f\u00e9rence du cuir chevelu sont captur\u00e9es \u00e0 un <strong>grossissement de x60<\/strong> \u00e0 l&#8217;aide d&#8217;un appareil d&#8217;imagerie calibr\u00e9.<\/li>\n<li>Les participants appliquent le produit test\u00e9 r\u00e9guli\u00e8rement pendant une p\u00e9riode d\u00e9finie (par exemple, 4 \u00e0 8 semaines).<\/li>\n<li>Apr\u00e8s la p\u00e9riode de traitement, de nouvelles images du cuir chevelu sont prises dans des conditions identiques.<\/li>\n<li>Les images avant et apr\u00e8s sont compar\u00e9es pour \u00e9valuer les changements en mati\u00e8re d&#8217;hydratation, de propret\u00e9 et d&#8217;\u00e9tat de surface.<\/li>\n<\/ol>\n<h2>R\u00e9sultats et rapports<\/h2>\n<p>Le rapport final comprend :<\/p>\n<ul>\n<li>Protocole de test d\u00e9taill\u00e9 et param\u00e8tres d&#8217;imagerie<\/li>\n<li>Images du cuir chevelu au d\u00e9part et apr\u00e8s le traitement<\/li>\n<li>Analyse quantitative et visuelle de l&#8217;am\u00e9lioration du cuir chevelu.<\/li>\n<li>Donn\u00e9es statistiques montrant des changements au niveau du s\u00e9bum, de la s\u00e9cheresse ou de l&#8217;irritation.<\/li>\n<li>Interpr\u00e9tation des r\u00e9sultats de l&#8217;efficacit\u00e9 des produits et de la sant\u00e9 du cuir chevelu.<\/li>\n<\/ul>\n<h2>Pourquoi ce test est important<\/h2>\n<p>Le cuir chevelu joue un r\u00f4le essentiel dans la croissance et le confort des cheveux en bonne sant\u00e9. Les d\u00e9s\u00e9quilibres tels que la s\u00e9cheresse, la desquamation ou l&#8217;exc\u00e8s de s\u00e9bum peuvent affecter \u00e0 la fois l&#8217;\u00e9tat des cheveux et la satisfaction des consommateurs. Le test de l&#8217;\u00e9tat du cuir chevelu fournit une preuve objective et visuelle qu&#8217;un produit cosm\u00e9tique r\u00e9tablit l&#8217;\u00e9quilibre et soutient la sant\u00e9 du cuir chevelu, ajoutant ainsi une cr\u00e9dibilit\u00e9 scientifique aux all\u00e9gations de performance et de s\u00e9curit\u00e9.  <\/p>\n<h2>Exemples d&#8217;exigences<\/h2>\n<ul>\n<li>Quantit\u00e9 minimale : 50-100 ml ou g de produit fini<\/li>\n<li>Nombre d&#8217;\u00e9chantillons : 11 produits finis<\/li>\n<li>Type de produit : shampooings, toniques pour le cuir chevelu, apr\u00e8s-shampooings, s\u00e9rums ou traitements.<\/li>\n<li>Stockage : temp\u00e9rature ambiante sauf indication contraire<\/li>\n<\/ul>\n<h2>Param\u00e8tres du test<\/h2>\n<ul>\n<li>Dur\u00e9e : g\u00e9n\u00e9ralement 4 \u00e0 8 semaines d&#8217;utilisation r\u00e9guli\u00e8re<\/li>\n<li>Intervalles de mesure : avant et apr\u00e8s la p\u00e9riode de traitement.<\/li>\n<li>Participants : 10 volontaires<\/li>\n<li>Grossissement de l&#8217;image : <strong>x60<\/strong><\/li>\n<li>M\u00e9thodologie interne : <strong>I06\/PO-08<\/strong><\/li>\n<\/ul>\n<h2>D\u00e9lai d&#8217;ex\u00e9cution<\/h2>\n<p>Le d\u00e9lai d&#8217;ex\u00e9cution typique est de <strong>5 \u00e0 8 semaines<\/strong>, en fonction de la dur\u00e9e du traitement et du calendrier d&#8217;analyse.<\/p>\n<h2>Produits \u00e0 livrer<\/h2>\n<ul>\n<li>Rapport de laboratoire complet au format PDF<\/li>\n<li>Images du cuir chevelu avant et apr\u00e8s \u00e0 un grossissement de x60.<\/li>\n<li>Analyse quantitative de l&#8217;am\u00e9lioration de l&#8217;\u00e9tat du cuir chevelu<\/li>\n<li>R\u00e9sum\u00e9 adapt\u00e9 \u00e0 la documentation marketing et r\u00e9glementaire<\/li>\n<\/ul>\n<h2>Conformit\u00e9 et normes<\/h2>\n<p>Le test de l&#8217;\u00e9tat du cuir chevelu est r\u00e9alis\u00e9 conform\u00e9ment \u00e0 la <strong>m\u00e9thodologie interne I06\/PO-08<\/strong> et aux <strong>bonnes pratiques cliniques (BPC)<\/strong>. Toutes les imageries et \u00e9valuations sont r\u00e9alis\u00e9es dans un environnement contr\u00f4l\u00e9 \u00e0 l&#8217;aide d&#8217;un \u00e9quipement calibr\u00e9 pour garantir la pr\u00e9cision, la reproductibilit\u00e9 et la fiabilit\u00e9 des r\u00e9sultats. <\/p>\n","protected":false},"excerpt":{"rendered":"<p>Le test de l&#8217;\u00e9tat du cuir chevelu est une \u00e9valuation en laboratoire con\u00e7ue pour analyser l&#8217;\u00e9tat de la surface du cuir chevelu avant et apr\u00e8s l&#8217;utilisation r\u00e9guli\u00e8re d&#8217;un produit cosm\u00e9tique ou dermatologique. \u00c0 l&#8217;aide d&#8217;une imagerie grossissante, le test fournit des donn\u00e9es visuelles et quantitatives claires sur la fa\u00e7on dont un produit am\u00e9liore l&#8217;hydratation, la&#8230;<\/p>\n","protected":false},"featured_media":14260,"template":"","meta":[],"product_cat":[124,144],"product_tag":[],"class_list":{"0":"post-14699","1":"product","2":"type-product","3":"status-publish","4":"has-post-thumbnail","6":"product_cat-test-de-depistage-capillaire","7":"product_cat-test-cutane","9":"first","10":"instock","11":"virtual","12":"taxable","13":"purchasable","14":"product-type-simple"},"bundled_by":[],"bundle_stock_status":"instock","bundle_stock_quantity":null,"bundle_virtual":false,"bundle_layout":"","bundle_add_to_cart_form_location":"","bundle_editable_in_cart":false,"bundle_sold_individually_context":"","bundle_item_grouping":"","bundle_min_size":"","bundle_max_size":"","bundle_price":[],"bundled_items":[],"bundle_sell_ids":[],"yoast_head":"<!-- This site is optimized with the Yoast SEO Premium plugin v25.4 (Yoast SEO v25.4) - https:\/\/yoast.com\/wordpress\/plugins\/seo\/ -->\n<title>Test de l&#039;\u00e9tat du cuir chevelu | \u00c9valuer la sant\u00e9 du cuir chevelu et l&#039;efficacit\u00e9 du produit<\/title>\n<meta name=\"description\" content=\"Le test de l&#039;\u00e9tat du cuir chevelu mesure la sant\u00e9 du cuir chevelu avant et apr\u00e8s l&#039;utilisation d&#039;un produit \u00e0 l&#039;aide d&#039;une imagerie \u00e0 grossissement x60. R\u00e9alis\u00e9 avec 10 volontaires selon la m\u00e9thodologie interne I06\/PO-08 \u00e0 l&#039;aide de 11 \u00e9chantillons.\" \/>\n<meta name=\"robots\" content=\"index, follow, max-snippet:-1, max-image-preview:large, max-video-preview:-1\" \/>\n<link rel=\"canonical\" href=\"https:\/\/www.certifiedcosmetics.com\/fr\/product\/test-defficacite\/test-de-depistage-capillaire\/test-de-letat-du-cuir-chevelu\/\" \/>\n<meta property=\"og:locale\" content=\"fr_FR\" \/>\n<meta property=\"og:type\" content=\"article\" \/>\n<meta property=\"og:title\" content=\"Test de l&#039;\u00e9tat du cuir chevelu\" \/>\n<meta property=\"og:description\" content=\"Le test de l&#039;\u00e9tat du cuir chevelu mesure la sant\u00e9 du cuir chevelu avant et apr\u00e8s l&#039;utilisation d&#039;un produit \u00e0 l&#039;aide d&#039;une imagerie \u00e0 grossissement x60. R\u00e9alis\u00e9 avec 10 volontaires selon la m\u00e9thodologie interne I06\/PO-08 \u00e0 l&#039;aide de 11 \u00e9chantillons.\" \/>\n<meta property=\"og:url\" content=\"https:\/\/www.certifiedcosmetics.com\/fr\/product\/test-defficacite\/test-de-depistage-capillaire\/test-de-letat-du-cuir-chevelu\/\" \/>\n<meta property=\"og:site_name\" content=\"Certified Cosmetics\" \/>\n<meta property=\"og:image\" content=\"https:\/\/www.certifiedcosmetics.com\/wp-content\/uploads\/2025\/10\/scalp.jpg\" \/>\n\t<meta property=\"og:image:width\" content=\"800\" \/>\n\t<meta property=\"og:image:height\" content=\"800\" \/>\n\t<meta property=\"og:image:type\" content=\"image\/jpeg\" \/>\n<meta name=\"twitter:card\" content=\"summary_large_image\" \/>\n<meta name=\"twitter:label1\" content=\"Prix\" \/>\n\t<meta name=\"twitter:data1\" content=\"&#036;835.21\" \/>\n\t<meta name=\"twitter:label2\" content=\"Disponibilit\u00e9\" \/>\n\t<meta name=\"twitter:data2\" content=\"En stock\" \/>\n<script type=\"application\/ld+json\" class=\"yoast-schema-graph\">{\"@context\":\"https:\/\/schema.org\",\"@graph\":[{\"@type\":\"WebPage\",\"@id\":\"https:\/\/www.certifiedcosmetics.com\/fr\/product\/test-defficacite\/test-de-depistage-capillaire\/test-de-letat-du-cuir-chevelu\/\",\"url\":\"https:\/\/www.certifiedcosmetics.com\/fr\/product\/test-defficacite\/test-de-depistage-capillaire\/test-de-letat-du-cuir-chevelu\/\",\"name\":\"Test de l'\u00e9tat du cuir chevelu | \u00c9valuer la sant\u00e9 du cuir chevelu et l'efficacit\u00e9 du produit\",\"isPartOf\":{\"@id\":\"https:\/\/www.certifiedcosmetics.com\/fr\/#website\"},\"primaryImageOfPage\":{\"@id\":\"https:\/\/www.certifiedcosmetics.com\/fr\/product\/test-defficacite\/test-de-depistage-capillaire\/test-de-letat-du-cuir-chevelu\/#primaryimage\"},\"image\":{\"@id\":\"https:\/\/www.certifiedcosmetics.com\/fr\/product\/test-defficacite\/test-de-depistage-capillaire\/test-de-letat-du-cuir-chevelu\/#primaryimage\"},\"thumbnailUrl\":\"https:\/\/www.certifiedcosmetics.com\/wp-content\/uploads\/2025\/10\/scalp.jpg\",\"datePublished\":\"2025-10-11T21:59:34+00:00\",\"description\":\"Le test de l'\u00e9tat du cuir chevelu mesure la sant\u00e9 du cuir chevelu avant et apr\u00e8s l'utilisation d'un produit \u00e0 l'aide d'une imagerie \u00e0 grossissement x60. R\u00e9alis\u00e9 avec 10 volontaires selon la m\u00e9thodologie interne I06\/PO-08 \u00e0 l'aide de 11 \u00e9chantillons.\",\"breadcrumb\":{\"@id\":\"https:\/\/www.certifiedcosmetics.com\/fr\/product\/test-defficacite\/test-de-depistage-capillaire\/test-de-letat-du-cuir-chevelu\/#breadcrumb\"},\"inLanguage\":\"fr-FR\",\"potentialAction\":[{\"@type\":\"ReadAction\",\"target\":[\"https:\/\/www.certifiedcosmetics.com\/fr\/product\/test-defficacite\/test-de-depistage-capillaire\/test-de-letat-du-cuir-chevelu\/\"]}]},{\"@type\":\"ImageObject\",\"inLanguage\":\"fr-FR\",\"@id\":\"https:\/\/www.certifiedcosmetics.com\/fr\/product\/test-defficacite\/test-de-depistage-capillaire\/test-de-letat-du-cuir-chevelu\/#primaryimage\",\"url\":\"https:\/\/www.certifiedcosmetics.com\/wp-content\/uploads\/2025\/10\/scalp.jpg\",\"contentUrl\":\"https:\/\/www.certifiedcosmetics.com\/wp-content\/uploads\/2025\/10\/scalp.jpg\",\"width\":800,\"height\":800},{\"@type\":\"BreadcrumbList\",\"@id\":\"https:\/\/www.certifiedcosmetics.com\/fr\/product\/test-defficacite\/test-de-depistage-capillaire\/test-de-letat-du-cuir-chevelu\/#breadcrumb\",\"itemListElement\":[{\"@type\":\"ListItem\",\"position\":1,\"name\":\"Home\",\"item\":\"https:\/\/www.certifiedcosmetics.com\/fr\/\"},{\"@type\":\"ListItem\",\"position\":2,\"name\":\"Boutique\",\"item\":\"https:\/\/www.certifiedcosmetics.com\/fr\/boutique\/\"},{\"@type\":\"ListItem\",\"position\":3,\"name\":\"Test de l&#8217;\u00e9tat du cuir chevelu\"}]},{\"@type\":\"WebSite\",\"@id\":\"https:\/\/www.certifiedcosmetics.com\/fr\/#website\",\"url\":\"https:\/\/www.certifiedcosmetics.com\/fr\/\",\"name\":\"Certified Cosmetics\",\"description\":\"Cosmetic Safety Assessment\",\"publisher\":{\"@id\":\"https:\/\/www.certifiedcosmetics.com\/fr\/#organization\"},\"potentialAction\":[{\"@type\":\"SearchAction\",\"target\":{\"@type\":\"EntryPoint\",\"urlTemplate\":\"https:\/\/www.certifiedcosmetics.com\/fr\/?s={search_term_string}\"},\"query-input\":{\"@type\":\"PropertyValueSpecification\",\"valueRequired\":true,\"valueName\":\"search_term_string\"}}],\"inLanguage\":\"fr-FR\"},{\"@type\":\"Organization\",\"@id\":\"https:\/\/www.certifiedcosmetics.com\/fr\/#organization\",\"name\":\"Certified Cosmetics\",\"url\":\"https:\/\/www.certifiedcosmetics.com\/fr\/\",\"logo\":{\"@type\":\"ImageObject\",\"inLanguage\":\"fr-FR\",\"@id\":\"https:\/\/www.certifiedcosmetics.com\/fr\/#\/schema\/logo\/image\/\",\"url\":\"https:\/\/www.certifiedcosmetics.com\/wp-content\/uploads\/2024\/12\/logo_certified_cosmetics696.jpg\",\"contentUrl\":\"https:\/\/www.certifiedcosmetics.com\/wp-content\/uploads\/2024\/12\/logo_certified_cosmetics696.jpg\",\"width\":696,\"height\":696,\"caption\":\"Certified Cosmetics\"},\"image\":{\"@id\":\"https:\/\/www.certifiedcosmetics.com\/fr\/#\/schema\/logo\/image\/\"},\"description\":\"Your trusted partner for cosmetic product safety reporting. We take care of updating all of your documentation, ensuring your compliance stays current even as regulations evolve. The Cosmetic Product Safety Assessment will give you everything you need to sell specific products to EU consumers.\",\"email\":\"contact@certifiedcosmetics.com\",\"telephone\":\"+31 36 2036384\",\"legalName\":\"Certified Cosmetics\",\"foundingDate\":\"2010-01-01\",\"vatID\":\"NL854189543B01\",\"numberOfEmployees\":{\"@type\":\"QuantitativeValue\",\"minValue\":\"11\",\"maxValue\":\"50\"}}]}<\/script>\n<meta property=\"product:price:amount\" content=\"835.21\" \/>\n<meta property=\"product:price:currency\" content=\"USD\" \/>\n<meta property=\"og:availability\" content=\"instock\" \/>\n<meta property=\"product:availability\" content=\"instock\" \/>\n<meta property=\"product:retailer_item_id\" content=\"CC100029\" \/>\n<meta property=\"product:condition\" content=\"new\" \/>\n<!-- \/ Yoast SEO Premium plugin. -->","yoast_head_json":{"title":"Test de l'\u00e9tat du cuir chevelu | \u00c9valuer la sant\u00e9 du cuir chevelu et l'efficacit\u00e9 du produit","description":"Le test de l'\u00e9tat du cuir chevelu mesure la sant\u00e9 du cuir chevelu avant et apr\u00e8s l'utilisation d'un produit \u00e0 l'aide d'une imagerie \u00e0 grossissement x60. R\u00e9alis\u00e9 avec 10 volontaires selon la m\u00e9thodologie interne I06\/PO-08 \u00e0 l'aide de 11 \u00e9chantillons.","robots":{"index":"index","follow":"follow","max-snippet":"max-snippet:-1","max-image-preview":"max-image-preview:large","max-video-preview":"max-video-preview:-1"},"canonical":"https:\/\/www.certifiedcosmetics.com\/fr\/product\/test-defficacite\/test-de-depistage-capillaire\/test-de-letat-du-cuir-chevelu\/","og_locale":"fr_FR","og_type":"article","og_title":"Test de l'\u00e9tat du cuir chevelu","og_description":"Le test de l'\u00e9tat du cuir chevelu mesure la sant\u00e9 du cuir chevelu avant et apr\u00e8s l'utilisation d'un produit \u00e0 l'aide d'une imagerie \u00e0 grossissement x60. R\u00e9alis\u00e9 avec 10 volontaires selon la m\u00e9thodologie interne I06\/PO-08 \u00e0 l'aide de 11 \u00e9chantillons.","og_url":"https:\/\/www.certifiedcosmetics.com\/fr\/product\/test-defficacite\/test-de-depistage-capillaire\/test-de-letat-du-cuir-chevelu\/","og_site_name":"Certified Cosmetics","og_image":[{"width":800,"height":800,"url":"https:\/\/www.certifiedcosmetics.com\/wp-content\/uploads\/2025\/10\/scalp.jpg","type":"image\/jpeg"}],"twitter_card":"summary_large_image","twitter_misc":{"Prix":"&#36;835.21","Disponibilit\u00e9":"En stock"},"schema":{"@context":"https:\/\/schema.org","@graph":[{"@type":"WebPage","@id":"https:\/\/www.certifiedcosmetics.com\/fr\/product\/test-defficacite\/test-de-depistage-capillaire\/test-de-letat-du-cuir-chevelu\/","url":"https:\/\/www.certifiedcosmetics.com\/fr\/product\/test-defficacite\/test-de-depistage-capillaire\/test-de-letat-du-cuir-chevelu\/","name":"Test de l'\u00e9tat du cuir chevelu | \u00c9valuer la sant\u00e9 du cuir chevelu et l'efficacit\u00e9 du produit","isPartOf":{"@id":"https:\/\/www.certifiedcosmetics.com\/fr\/#website"},"primaryImageOfPage":{"@id":"https:\/\/www.certifiedcosmetics.com\/fr\/product\/test-defficacite\/test-de-depistage-capillaire\/test-de-letat-du-cuir-chevelu\/#primaryimage"},"image":{"@id":"https:\/\/www.certifiedcosmetics.com\/fr\/product\/test-defficacite\/test-de-depistage-capillaire\/test-de-letat-du-cuir-chevelu\/#primaryimage"},"thumbnailUrl":"https:\/\/www.certifiedcosmetics.com\/wp-content\/uploads\/2025\/10\/scalp.jpg","datePublished":"2025-10-11T21:59:34+00:00","description":"Le test de l'\u00e9tat du cuir chevelu mesure la sant\u00e9 du cuir chevelu avant et apr\u00e8s l'utilisation d'un produit \u00e0 l'aide d'une imagerie \u00e0 grossissement x60. R\u00e9alis\u00e9 avec 10 volontaires selon la m\u00e9thodologie interne I06\/PO-08 \u00e0 l'aide de 11 \u00e9chantillons.","breadcrumb":{"@id":"https:\/\/www.certifiedcosmetics.com\/fr\/product\/test-defficacite\/test-de-depistage-capillaire\/test-de-letat-du-cuir-chevelu\/#breadcrumb"},"inLanguage":"fr-FR","potentialAction":[{"@type":"ReadAction","target":["https:\/\/www.certifiedcosmetics.com\/fr\/product\/test-defficacite\/test-de-depistage-capillaire\/test-de-letat-du-cuir-chevelu\/"]}]},{"@type":"ImageObject","inLanguage":"fr-FR","@id":"https:\/\/www.certifiedcosmetics.com\/fr\/product\/test-defficacite\/test-de-depistage-capillaire\/test-de-letat-du-cuir-chevelu\/#primaryimage","url":"https:\/\/www.certifiedcosmetics.com\/wp-content\/uploads\/2025\/10\/scalp.jpg","contentUrl":"https:\/\/www.certifiedcosmetics.com\/wp-content\/uploads\/2025\/10\/scalp.jpg","width":800,"height":800},{"@type":"BreadcrumbList","@id":"https:\/\/www.certifiedcosmetics.com\/fr\/product\/test-defficacite\/test-de-depistage-capillaire\/test-de-letat-du-cuir-chevelu\/#breadcrumb","itemListElement":[{"@type":"ListItem","position":1,"name":"Home","item":"https:\/\/www.certifiedcosmetics.com\/fr\/"},{"@type":"ListItem","position":2,"name":"Boutique","item":"https:\/\/www.certifiedcosmetics.com\/fr\/boutique\/"},{"@type":"ListItem","position":3,"name":"Test de l&#8217;\u00e9tat du cuir chevelu"}]},{"@type":"WebSite","@id":"https:\/\/www.certifiedcosmetics.com\/fr\/#website","url":"https:\/\/www.certifiedcosmetics.com\/fr\/","name":"Certified Cosmetics","description":"Cosmetic Safety Assessment","publisher":{"@id":"https:\/\/www.certifiedcosmetics.com\/fr\/#organization"},"potentialAction":[{"@type":"SearchAction","target":{"@type":"EntryPoint","urlTemplate":"https:\/\/www.certifiedcosmetics.com\/fr\/?s={search_term_string}"},"query-input":{"@type":"PropertyValueSpecification","valueRequired":true,"valueName":"search_term_string"}}],"inLanguage":"fr-FR"},{"@type":"Organization","@id":"https:\/\/www.certifiedcosmetics.com\/fr\/#organization","name":"Certified Cosmetics","url":"https:\/\/www.certifiedcosmetics.com\/fr\/","logo":{"@type":"ImageObject","inLanguage":"fr-FR","@id":"https:\/\/www.certifiedcosmetics.com\/fr\/#\/schema\/logo\/image\/","url":"https:\/\/www.certifiedcosmetics.com\/wp-content\/uploads\/2024\/12\/logo_certified_cosmetics696.jpg","contentUrl":"https:\/\/www.certifiedcosmetics.com\/wp-content\/uploads\/2024\/12\/logo_certified_cosmetics696.jpg","width":696,"height":696,"caption":"Certified Cosmetics"},"image":{"@id":"https:\/\/www.certifiedcosmetics.com\/fr\/#\/schema\/logo\/image\/"},"description":"Your trusted partner for cosmetic product safety reporting. We take care of updating all of your documentation, ensuring your compliance stays current even as regulations evolve. The Cosmetic Product Safety Assessment will give you everything you need to sell specific products to EU consumers.","email":"contact@certifiedcosmetics.com","telephone":"+31 36 2036384","legalName":"Certified Cosmetics","foundingDate":"2010-01-01","vatID":"NL854189543B01","numberOfEmployees":{"@type":"QuantitativeValue","minValue":"11","maxValue":"50"}}]},"product_price_amount":"835.21","product_price_currency":"USD","og_availability":"instock","product_availability":"instock","product_retailer_item_id":"CC100029","product_condition":"new"},"_links":{"self":[{"href":"https:\/\/www.certifiedcosmetics.com\/fr\/wp-json\/wp\/v2\/product\/14699","targetHints":{"allow":["GET"]}}],"collection":[{"href":"https:\/\/www.certifiedcosmetics.com\/fr\/wp-json\/wp\/v2\/product"}],"about":[{"href":"https:\/\/www.certifiedcosmetics.com\/fr\/wp-json\/wp\/v2\/types\/product"}],"wp:featuredmedia":[{"embeddable":true,"href":"https:\/\/www.certifiedcosmetics.com\/fr\/wp-json\/wp\/v2\/media\/14260"}],"wp:attachment":[{"href":"https:\/\/www.certifiedcosmetics.com\/fr\/wp-json\/wp\/v2\/media?parent=14699"}],"wp:term":[{"taxonomy":"product_cat","embeddable":true,"href":"https:\/\/www.certifiedcosmetics.com\/fr\/wp-json\/wp\/v2\/product_cat?post=14699"},{"taxonomy":"product_tag","embeddable":true,"href":"https:\/\/www.certifiedcosmetics.com\/fr\/wp-json\/wp\/v2\/product_tag?post=14699"}],"curies":[{"name":"wp","href":"https:\/\/api.w.org\/{rel}","templated":true}]}}