{"id":14682,"date":"2025-12-09T10:29:52","date_gmt":"2025-12-09T09:29:52","guid":{"rendered":"https:\/\/www.certifiedcosmetics.com\/product\/non class\u00e9\/pif-et-cpsr\/"},"modified":"2025-12-09T10:29:52","modified_gmt":"2025-12-09T09:29:52","slug":"pif-et-cpsr","status":"publish","type":"product","link":"https:\/\/www.certifiedcosmetics.com\/fr\/product\/evaluation-de-la-securite-des-produits-cosmetiques\/pif-et-cpsr\/","title":{"rendered":"PIF et CPSR"},"content":{"rendered":"<p>Le fichier d&#8217;information sur les produits cosm\u00e9tiques (PIF) est un document complet qui sert de r\u00e9pertoire central des informations relatives \u00e0 un produit cosm\u00e9tique. Il s&#8217;agit d&#8217;une exigence obligatoire en vertu du r\u00e8glement cosm\u00e9tique de l&#8217;Union europ\u00e9enne (UE) (r\u00e8glement (CE) n\u00b0 1223\/2009). Le PIF est destin\u00e9 \u00e0 permettre aux autorit\u00e9s comp\u00e9tentes d&#8217;acc\u00e9der \u00e0 des d\u00e9tails cl\u00e9s concernant un produit cosm\u00e9tique et son \u00e9valuation de la s\u00e9curit\u00e9.  <\/p>\n<p>Cette liasse te fournira :<\/p>\n<ul>\n<li>Fichier d&#8217;information sur les produits (PIF)<\/li>\n<li>\u00c9valuation de la s\u00e9curit\u00e9 (CPSR)<\/li>\n<li>R\u00e9vision de l&#8217;\u00e9tiquette des produits cosm\u00e9tiques<\/li>\n<li>CPNP<\/li>\n<\/ul>\n<p>Tous les r\u00e9sultats des tests de laboratoire requis doivent \u00eatre disponibles pour cette offre group\u00e9e. Si aucun test de laboratoire n&#8217;a \u00e9t\u00e9 effectu\u00e9, utilise notre offre group\u00e9e avec tests de laboratoire inclus : <\/p>\n<ul>\n<li><a href=\"https:\/\/www.certifiedcosmetics.com\/fr\/product\/evaluation-de-la-securite-des-produits-cosmetiques\/offre-groupee-devaluation-de-la-securite-des-produits-de-parfumerie-et-de-cosmetique\/\">\u00c9valuation de la s\u00e9curit\u00e9 des produits cosm\u00e9tiques<\/a><\/li>\n<li><a href=\"https:\/\/www.certifiedcosmetics.com\/fr\/product\/evaluation-de-la-securite-des-produits-cosmetiques\/offre-groupee-devaluation-de-la-securite-des-produits-cosmetiques\/\">\u00c9valuation compl\u00e8te de la s\u00e9curit\u00e9 des produits cosm\u00e9tiques<\/a><\/li>\n<\/ul>\n<h2>Comment fonctionne le processus<\/h2>\n<ol>\n<li><strong>Commande ton \u00e9valuation<\/strong><br \/>\nAch\u00e8te ce paquet et compl\u00e8te ton achat sur notre site Internet.<\/li>\n<li><strong>Re\u00e7ois un acc\u00e8s s\u00e9curis\u00e9<\/strong><br \/>\nApr\u00e8s l&#8217;achat, tu recevras les d\u00e9tails de connexion \u00e0 notre portail s\u00e9curis\u00e9.<\/li>\n<li><strong>Compl\u00e8te le formulaire de demande<\/strong><br \/>\n. Donne les d\u00e9tails de ton produit et t\u00e9l\u00e9charge la documentation disponible.<\/li>\n<li><strong>Re\u00e7ois ton PIF<\/strong><br \/>\nNotre \u00e9valuateur de s\u00e9curit\u00e9 pr\u00e9parera ton dossier d&#8217;information sur le produit (PIF), y compris les parties I, II et III.<\/li>\n<li><strong>Notification CPNP<\/strong><br \/>\nNous nous occupons de l&#8217;enregistrement aupr\u00e8s de l&#8217;UE pour toi et te remettons la documentation compl\u00e8te.<\/li>\n<\/ol>\n<div>Voici un aper\u00e7u de la documentation requise sur les ingr\u00e9dients, disponible aupr\u00e8s de tes fournisseurs de mati\u00e8res premi\u00e8res &#8211; <a href=\"https:\/\/www.certifiedcosmetics.com\/fr\/blog\/pif-et-documentation\/apercu-de-la-documentation-pour-une-evaluation-de-la-securite\/\" target=\"_blank\" rel=\"noopener\">documentation sur les ingr\u00e9dients<\/a>.<\/div>\n<div>Voici un aper\u00e7u des informations qui doivent figurer sur l&#8217;\u00e9tiquette du produit &#8211; <a href=\"https:\/\/www.certifiedcosmetics.com\/fr\/blog\/etiquetage-des-produits-cosmetiques\/comment-preparer-letiquette-dun-produit-cosmetique\/\" target=\"_blank\" rel=\"noopener\">exigences relatives \u00e0 l&#8217;\u00e9tiquette des produits cosm\u00e9tiques<\/a>.<\/div>\n<h2>Label revieuw options<\/h2>\n<h4><strong>1. Examen de l&#8217;\u00e9tiquette standard<\/strong><\/h4>\n<p>Cette option est parfaite pour les marques qui recherchent un <strong>examen r\u00e9glementaire rapide<\/strong> pour s&#8217;assurer que leurs \u00e9tiquettes r\u00e9pondent aux normes de conformit\u00e9 de base pour la ou les r\u00e9gions souhait\u00e9es.<\/p>\n<p>Ce qui est inclus :<\/p>\n<ul>\n<li>\u00c9valuation des <strong>informations obligatoires pour les consommateurs<\/strong> sur l&#8217;\u00e9tiquette principale, l&#8217;\u00e9tiquette secondaire et la notice.<\/li>\n<li>Examen de la <strong>communication marketing<\/strong> pour s&#8217;assurer que les revendications s&#8217;alignent sur les exigences r\u00e9glementaires.<\/li>\n<\/ul>\n<h4><strong>2. Examen approfondi de l&#8217;\u00e9tiquette<\/strong><\/h4>\n<p>Notre <strong>examen des \u00e9tiquettes mondiales<\/strong> est une option compl\u00e8te con\u00e7ue pour les marques visant \u00e0 perfectionner leurs \u00e9tiquettes pour les march\u00e9s internationaux.<\/p>\n<p>Ce qui est inclus :<\/p>\n<ul>\n<li>Tout ce qui se trouve dans la <strong>revue standard<\/strong>, en plus :\n<ul>\n<li>Validation des tests utilis\u00e9s pour justifier les revendications.<\/li>\n<li><strong>Recommandations avanc\u00e9es<\/strong> pour mettre \u00e0 jour les revendications probl\u00e9matiques tout en conservant leur intention initiale.<\/li>\n<li>Cr\u00e9ation de la <strong>liste des ingr\u00e9dients<\/strong> dans le format requis pour chaque pays.<\/li>\n<li>V\u00e9rification des <strong>avertissements<\/strong> et du <strong>mode d&#8217;emploi<\/strong> pour s&#8217;aligner sur la r\u00e9glementation.<\/li>\n<\/ul>\n<\/li>\n<\/ul>\n<h2>Qu&#8217;est-ce qu&#8217;un fichier d&#8217;information sur les produits cosm\u00e9tiques (PIF) ?<\/h2>\n<div>Voici les \u00e9l\u00e9ments cl\u00e9s que l&#8217;on trouve g\u00e9n\u00e9ralement dans un dossier d&#8217;information sur les produits cosm\u00e9tiques (PIF) :<\/div>\n<ol>\n<li><strong>Informations sur le produit :<\/strong> Cette section comprend des d\u00e9tails tels que le nom du produit, sa cat\u00e9gorie et l&#8217;utilisation pr\u00e9vue. Il pr\u00e9cise \u00e9galement le nom et l&#8217;adresse de la personne responsable &#8211; l&#8217;entit\u00e9 ou la personne responsable de la mise sur le march\u00e9 du produit cosm\u00e9tique.<\/li>\n<li><strong>Rapport sur la s\u00e9curit\u00e9 des produits cosm\u00e9tiques (CPSR) :<\/strong> Le FIP contient le rapport complet sur la s\u00e9curit\u00e9 des produits cosm\u00e9tiques, qui est une \u00e9valuation compl\u00e8te de la s\u00e9curit\u00e9 du produit cosm\u00e9tique. Le CPSR comprend des informations sur la composition du produit, l&#8217;\u00e9valuation de l&#8217;exposition, le profil toxicologique, l&#8217;\u00e9valuation de la s\u00e9curit\u00e9 et d&#8217;autres d\u00e9tails pertinents.<\/li>\n<li><strong>M\u00e9thode de fabrication :<\/strong> Les informations sur le processus de fabrication, y compris les d\u00e9tails sur les installations, l&#8217;\u00e9quipement et les mesures de contr\u00f4le de la qualit\u00e9, sont fournies dans cette section.<\/li>\n<li><strong>Conformit\u00e9 aux bonnes pratiques de fabrication (BPF) :<\/strong> Le FRP comprend des documents d\u00e9montrant que le produit cosm\u00e9tique est fabriqu\u00e9 conform\u00e9ment aux bonnes pratiques de fabrication afin d&#8217;en assurer la s\u00e9curit\u00e9 et la qualit\u00e9.<\/li>\n<li><strong>Donn\u00e9es sur les tests sur les animaux :<\/strong> Les d\u00e9tails concernant toute exp\u00e9rimentation animale men\u00e9e sur le produit cosm\u00e9tique ou ses ingr\u00e9dients, y compris les justifications de ces tests, sont inclus dans le FIP. Cependant, il est essentiel de noter que l&#8217;exp\u00e9rimentation animale pour les cosm\u00e9tiques est interdite dans l&#8217;UE, et que les m\u00e9thodes d&#8217;exp\u00e9rimentation alternatives sont encourag\u00e9es.<\/li>\n<li><strong>Donn\u00e9es sur la stabilit\u00e9 :<\/strong> Des informations sur la stabilit\u00e9 du produit cosm\u00e9tique dans diverses conditions (par exemple, temp\u00e9rature, lumi\u00e8re) sont incluses pour s&#8217;assurer que le produit reste s\u00fbr et efficace tout au long de sa dur\u00e9e de conservation.<\/li>\n<li><strong>Informations sur l&#8217;\u00e9tiquetage :<\/strong> Le PIF comprend des d\u00e9tails sur l&#8217;\u00e9tiquetage du produit cosm\u00e9tique, en veillant \u00e0 ce qu&#8217;il soit conforme aux exigences pertinentes en mati\u00e8re d&#8217;\u00e9tiquetage d\u00e9crites dans le r\u00e8glement cosm\u00e9tique de l&#8217;UE.<\/li>\n<\/ol>\n<p>Le FRP est un document confidentiel, et sa disponibilit\u00e9 est essentielle pour le respect de la r\u00e9glementation et la surveillance du march\u00e9. La personne responsable doit conserver le FIP \u00e0 jour et accessible aux autorit\u00e9s comp\u00e9tentes pendant une p\u00e9riode de 10 ans apr\u00e8s la mise sur le march\u00e9 du dernier lot du produit cosm\u00e9tique. Le FRA fournit un aper\u00e7u complet de la s\u00e9curit\u00e9 du produit cosm\u00e9tique et de sa conformit\u00e9 aux exigences r\u00e9glementaires.<\/p>\n","protected":false},"excerpt":{"rendered":"<p>Le fichier d&#8217;information sur les produits cosm\u00e9tiques (PIF) est un document complet qui sert de r\u00e9pertoire central des informations relatives \u00e0 un produit cosm\u00e9tique. Il s&#8217;agit d&#8217;une exigence obligatoire en vertu du r\u00e8glement cosm\u00e9tique de l&#8217;Union europ\u00e9enne (UE) (r\u00e8glement (CE) n\u00b0 1223\/2009). Le PIF est destin\u00e9 \u00e0 permettre aux autorit\u00e9s comp\u00e9tentes d&#8217;acc\u00e9der \u00e0 des d\u00e9tails&#8230;<\/p>\n","protected":false},"featured_media":13498,"template":"","meta":[],"product_brand":[],"product_cat":[113],"product_tag":[],"class_list":{"0":"post-14682","1":"product","2":"type-product","3":"status-publish","4":"has-post-thumbnail","6":"product_cat-evaluation-de-la-securite-des-produits-cosmetiques","8":"first","9":"instock","10":"virtual","11":"taxable","12":"purchasable","13":"product-type-bundle"},"bundled_by":[],"bundle_stock_status":"instock","bundle_stock_quantity":"","bundle_virtual":false,"bundle_layout":"default","bundle_add_to_cart_form_location":"default","bundle_editable_in_cart":false,"bundle_sold_individually_context":"product","bundle_item_grouping":"parent","bundle_min_size":"","bundle_max_size":"","bundle_price":{"price":{"min":{"incl_tax":"387.47","excl_tax":"320.22"},"max":{"incl_tax":"446.13","excl_tax":"368.7"}},"regular_price":{"min":{"incl_tax":"387.47","excl_tax":"320.22"},"max":{"incl_tax":"446.13","excl_tax":"368.7"}}},"bundled_items":[{"bundled_item_id":1271,"product_id":11953,"menu_order":0,"quantity_min":1,"quantity_max":1,"quantity_default":1,"priced_individually":true,"shipped_individually":true,"override_title":false,"title":"Rapport sur la s\u00e9curit\u00e9 des produits cosm\u00e9tiques &#8211; CPSR","override_description":false,"description":"Rapport sur la s\u00e9curit\u00e9 des produits cosm\u00e9tiques &#8211; CPSR","optional":false,"hide_thumbnail":false,"discount":"","override_variations":false,"allowed_variations":[""],"override_default_variation_attributes":false,"default_variation_attributes":[],"single_product_visibility":"visible","cart_visibility":"visible","order_visibility":"visible","single_product_price_visibility":"visible","cart_price_visibility":"visible","order_price_visibility":"visible","stock_status":"in_stock"},{"bundled_item_id":1272,"product_id":7162,"menu_order":1,"quantity_min":1,"quantity_max":1,"quantity_default":1,"priced_individually":true,"shipped_individually":true,"override_title":false,"title":"Fichier d&#8217;information sur le produit PIF","override_description":false,"description":"Fichier d&#8217;information sur le produit PIF","optional":false,"hide_thumbnail":false,"discount":"","override_variations":false,"allowed_variations":[""],"override_default_variation_attributes":false,"default_variation_attributes":[],"single_product_visibility":"visible","cart_visibility":"visible","order_visibility":"visible","single_product_price_visibility":"visible","cart_price_visibility":"visible","order_price_visibility":"visible","stock_status":"in_stock"},{"bundled_item_id":1273,"product_id":10799,"menu_order":2,"quantity_min":1,"quantity_max":1,"quantity_default":1,"priced_individually":true,"shipped_individually":false,"override_title":false,"title":"Examen des \u00e9tiquettes de produits cosm\u00e9tiques","override_description":false,"description":"Examen des \u00e9tiquettes de produits cosm\u00e9tiques","optional":false,"hide_thumbnail":false,"discount":"","override_variations":false,"allowed_variations":[""],"override_default_variation_attributes":true,"default_variation_attributes":[{"id":7,"name":"Label Review","option":"prolonge"}],"single_product_visibility":"visible","cart_visibility":"visible","order_visibility":"visible","single_product_price_visibility":"visible","cart_price_visibility":"visible","order_price_visibility":"visible","stock_status":"in_stock"},{"bundled_item_id":1274,"product_id":7043,"menu_order":3,"quantity_min":1,"quantity_max":1,"quantity_default":1,"priced_individually":true,"shipped_individually":true,"override_title":false,"title":"Notification du CPNP","override_description":false,"description":"Notification du CPNP","optional":false,"hide_thumbnail":false,"discount":"","override_variations":false,"allowed_variations":[""],"override_default_variation_attributes":false,"default_variation_attributes":[],"single_product_visibility":"visible","cart_visibility":"visible","order_visibility":"visible","single_product_price_visibility":"visible","cart_price_visibility":"visible","order_price_visibility":"visible","stock_status":"in_stock"}],"bundle_sell_ids":[],"yoast_head":"<!-- This site is optimized with the Yoast SEO Premium plugin v25.4 (Yoast SEO v25.4) - https:\/\/yoast.com\/wordpress\/plugins\/seo\/ -->\n<title>PIF et CPSR - Certified Cosmetics<\/title>\n<meta name=\"description\" content=\"D\u00e9couvre les \u00e9l\u00e9ments essentiels du pif et du cpsr pour les besoins de ton entreprise. Apprends comment ces \u00e9l\u00e9ments peuvent \u00e9lever ton succ\u00e8s d\u00e8s aujourd&#039;hui !\" \/>\n<meta name=\"robots\" content=\"index, follow, max-snippet:-1, max-image-preview:large, max-video-preview:-1\" \/>\n<link rel=\"canonical\" href=\"https:\/\/www.certifiedcosmetics.com\/fr\/product\/evaluation-de-la-securite-des-produits-cosmetiques\/pif-et-cpsr\/\" \/>\n<meta property=\"og:locale\" content=\"fr_FR\" \/>\n<meta property=\"og:type\" content=\"article\" \/>\n<meta property=\"og:title\" content=\"PIF et CPSR\" \/>\n<meta property=\"og:description\" content=\"D\u00e9couvre les \u00e9l\u00e9ments essentiels du pif et du cpsr pour les besoins de ton entreprise. Apprends comment ces \u00e9l\u00e9ments peuvent \u00e9lever ton succ\u00e8s d\u00e8s aujourd&#039;hui !\" \/>\n<meta property=\"og:url\" content=\"https:\/\/www.certifiedcosmetics.com\/fr\/product\/evaluation-de-la-securite-des-produits-cosmetiques\/pif-et-cpsr\/\" \/>\n<meta property=\"og:site_name\" content=\"Certified Cosmetics\" \/>\n<meta property=\"og:image\" content=\"https:\/\/www.certifiedcosmetics.com\/wp-content\/uploads\/2025\/10\/ifra-documentation.jpg\" \/>\n\t<meta property=\"og:image:width\" content=\"800\" \/>\n\t<meta property=\"og:image:height\" content=\"800\" \/>\n\t<meta property=\"og:image:type\" content=\"image\/jpeg\" \/>\n<meta name=\"twitter:card\" content=\"summary_large_image\" \/>\n<meta name=\"twitter:label1\" content=\"Prix\" \/>\n\t<meta name=\"twitter:data1\" content=\"&#036;0.00\" \/>\n\t<meta name=\"twitter:label2\" content=\"Disponibilit\u00e9\" \/>\n\t<meta name=\"twitter:data2\" content=\"En stock\" \/>\n<script type=\"application\/ld+json\" class=\"yoast-schema-graph\">{\"@context\":\"https:\/\/schema.org\",\"@graph\":[{\"@type\":\"WebPage\",\"@id\":\"https:\/\/www.certifiedcosmetics.com\/fr\/product\/evaluation-de-la-securite-des-produits-cosmetiques\/pif-et-cpsr\/\",\"url\":\"https:\/\/www.certifiedcosmetics.com\/fr\/product\/evaluation-de-la-securite-des-produits-cosmetiques\/pif-et-cpsr\/\",\"name\":\"PIF et CPSR - Certified Cosmetics\",\"isPartOf\":{\"@id\":\"https:\/\/www.certifiedcosmetics.com\/fr\/#website\"},\"primaryImageOfPage\":{\"@id\":\"https:\/\/www.certifiedcosmetics.com\/fr\/product\/evaluation-de-la-securite-des-produits-cosmetiques\/pif-et-cpsr\/#primaryimage\"},\"image\":{\"@id\":\"https:\/\/www.certifiedcosmetics.com\/fr\/product\/evaluation-de-la-securite-des-produits-cosmetiques\/pif-et-cpsr\/#primaryimage\"},\"thumbnailUrl\":\"https:\/\/www.certifiedcosmetics.com\/wp-content\/uploads\/2025\/10\/ifra-documentation.jpg\",\"datePublished\":\"2025-12-09T09:29:52+00:00\",\"description\":\"D\u00e9couvre les \u00e9l\u00e9ments essentiels du pif et du cpsr pour les besoins de ton entreprise. Apprends comment ces \u00e9l\u00e9ments peuvent \u00e9lever ton succ\u00e8s d\u00e8s aujourd'hui !\",\"breadcrumb\":{\"@id\":\"https:\/\/www.certifiedcosmetics.com\/fr\/product\/evaluation-de-la-securite-des-produits-cosmetiques\/pif-et-cpsr\/#breadcrumb\"},\"inLanguage\":\"fr-FR\",\"potentialAction\":[{\"@type\":\"ReadAction\",\"target\":[\"https:\/\/www.certifiedcosmetics.com\/fr\/product\/evaluation-de-la-securite-des-produits-cosmetiques\/pif-et-cpsr\/\"]}]},{\"@type\":\"ImageObject\",\"inLanguage\":\"fr-FR\",\"@id\":\"https:\/\/www.certifiedcosmetics.com\/fr\/product\/evaluation-de-la-securite-des-produits-cosmetiques\/pif-et-cpsr\/#primaryimage\",\"url\":\"https:\/\/www.certifiedcosmetics.com\/wp-content\/uploads\/2025\/10\/ifra-documentation.jpg\",\"contentUrl\":\"https:\/\/www.certifiedcosmetics.com\/wp-content\/uploads\/2025\/10\/ifra-documentation.jpg\",\"width\":800,\"height\":800},{\"@type\":\"BreadcrumbList\",\"@id\":\"https:\/\/www.certifiedcosmetics.com\/fr\/product\/evaluation-de-la-securite-des-produits-cosmetiques\/pif-et-cpsr\/#breadcrumb\",\"itemListElement\":[{\"@type\":\"ListItem\",\"position\":1,\"name\":\"Home\",\"item\":\"https:\/\/www.certifiedcosmetics.com\/fr\/\"},{\"@type\":\"ListItem\",\"position\":2,\"name\":\"Boutique\",\"item\":\"https:\/\/www.certifiedcosmetics.com\/fr\/boutique\/\"},{\"@type\":\"ListItem\",\"position\":3,\"name\":\"PIF et CPSR\"}]},{\"@type\":\"WebSite\",\"@id\":\"https:\/\/www.certifiedcosmetics.com\/fr\/#website\",\"url\":\"https:\/\/www.certifiedcosmetics.com\/fr\/\",\"name\":\"Certified Cosmetics\",\"description\":\"Cosmetic Safety Assessment\",\"publisher\":{\"@id\":\"https:\/\/www.certifiedcosmetics.com\/fr\/#organization\"},\"potentialAction\":[{\"@type\":\"SearchAction\",\"target\":{\"@type\":\"EntryPoint\",\"urlTemplate\":\"https:\/\/www.certifiedcosmetics.com\/fr\/?s={search_term_string}\"},\"query-input\":{\"@type\":\"PropertyValueSpecification\",\"valueRequired\":true,\"valueName\":\"search_term_string\"}}],\"inLanguage\":\"fr-FR\"},{\"@type\":\"Organization\",\"@id\":\"https:\/\/www.certifiedcosmetics.com\/fr\/#organization\",\"name\":\"Certified Cosmetics\",\"url\":\"https:\/\/www.certifiedcosmetics.com\/fr\/\",\"logo\":{\"@type\":\"ImageObject\",\"inLanguage\":\"fr-FR\",\"@id\":\"https:\/\/www.certifiedcosmetics.com\/fr\/#\/schema\/logo\/image\/\",\"url\":\"https:\/\/www.certifiedcosmetics.com\/wp-content\/uploads\/2024\/12\/logo_certified_cosmetics696.jpg\",\"contentUrl\":\"https:\/\/www.certifiedcosmetics.com\/wp-content\/uploads\/2024\/12\/logo_certified_cosmetics696.jpg\",\"width\":696,\"height\":696,\"caption\":\"Certified Cosmetics\"},\"image\":{\"@id\":\"https:\/\/www.certifiedcosmetics.com\/fr\/#\/schema\/logo\/image\/\"},\"description\":\"Your trusted partner for cosmetic product safety reporting. We take care of updating all of your documentation, ensuring your compliance stays current even as regulations evolve. The Cosmetic Product Safety Assessment will give you everything you need to sell specific products to EU consumers.\",\"email\":\"contact@certifiedcosmetics.com\",\"telephone\":\"+31 36 2036384\",\"legalName\":\"Certified Cosmetics\",\"foundingDate\":\"2010-01-01\",\"vatID\":\"NL854189543B01\",\"numberOfEmployees\":{\"@type\":\"QuantitativeValue\",\"minValue\":\"11\",\"maxValue\":\"50\"}}]}<\/script>\n<meta property=\"product:price:amount\" content=\"0.00\" \/>\n<meta property=\"product:price:currency\" content=\"USD\" \/>\n<meta property=\"og:availability\" content=\"instock\" \/>\n<meta property=\"product:availability\" content=\"instock\" \/>\n<meta property=\"product:retailer_item_id\" content=\"PC001\" \/>\n<meta property=\"product:condition\" content=\"new\" \/>\n<!-- \/ Yoast SEO Premium plugin. -->","yoast_head_json":{"title":"PIF et CPSR - Certified Cosmetics","description":"D\u00e9couvre les \u00e9l\u00e9ments essentiels du pif et du cpsr pour les besoins de ton entreprise. Apprends comment ces \u00e9l\u00e9ments peuvent \u00e9lever ton succ\u00e8s d\u00e8s aujourd'hui !","robots":{"index":"index","follow":"follow","max-snippet":"max-snippet:-1","max-image-preview":"max-image-preview:large","max-video-preview":"max-video-preview:-1"},"canonical":"https:\/\/www.certifiedcosmetics.com\/fr\/product\/evaluation-de-la-securite-des-produits-cosmetiques\/pif-et-cpsr\/","og_locale":"fr_FR","og_type":"article","og_title":"PIF et CPSR","og_description":"D\u00e9couvre les \u00e9l\u00e9ments essentiels du pif et du cpsr pour les besoins de ton entreprise. Apprends comment ces \u00e9l\u00e9ments peuvent \u00e9lever ton succ\u00e8s d\u00e8s aujourd'hui !","og_url":"https:\/\/www.certifiedcosmetics.com\/fr\/product\/evaluation-de-la-securite-des-produits-cosmetiques\/pif-et-cpsr\/","og_site_name":"Certified Cosmetics","og_image":[{"width":800,"height":800,"url":"https:\/\/www.certifiedcosmetics.com\/wp-content\/uploads\/2025\/10\/ifra-documentation.jpg","type":"image\/jpeg"}],"twitter_card":"summary_large_image","twitter_misc":{"Prix":"&#36;0.00","Disponibilit\u00e9":"En stock"},"schema":{"@context":"https:\/\/schema.org","@graph":[{"@type":"WebPage","@id":"https:\/\/www.certifiedcosmetics.com\/fr\/product\/evaluation-de-la-securite-des-produits-cosmetiques\/pif-et-cpsr\/","url":"https:\/\/www.certifiedcosmetics.com\/fr\/product\/evaluation-de-la-securite-des-produits-cosmetiques\/pif-et-cpsr\/","name":"PIF et CPSR - Certified Cosmetics","isPartOf":{"@id":"https:\/\/www.certifiedcosmetics.com\/fr\/#website"},"primaryImageOfPage":{"@id":"https:\/\/www.certifiedcosmetics.com\/fr\/product\/evaluation-de-la-securite-des-produits-cosmetiques\/pif-et-cpsr\/#primaryimage"},"image":{"@id":"https:\/\/www.certifiedcosmetics.com\/fr\/product\/evaluation-de-la-securite-des-produits-cosmetiques\/pif-et-cpsr\/#primaryimage"},"thumbnailUrl":"https:\/\/www.certifiedcosmetics.com\/wp-content\/uploads\/2025\/10\/ifra-documentation.jpg","datePublished":"2025-12-09T09:29:52+00:00","description":"D\u00e9couvre les \u00e9l\u00e9ments essentiels du pif et du cpsr pour les besoins de ton entreprise. Apprends comment ces \u00e9l\u00e9ments peuvent \u00e9lever ton succ\u00e8s d\u00e8s aujourd'hui !","breadcrumb":{"@id":"https:\/\/www.certifiedcosmetics.com\/fr\/product\/evaluation-de-la-securite-des-produits-cosmetiques\/pif-et-cpsr\/#breadcrumb"},"inLanguage":"fr-FR","potentialAction":[{"@type":"ReadAction","target":["https:\/\/www.certifiedcosmetics.com\/fr\/product\/evaluation-de-la-securite-des-produits-cosmetiques\/pif-et-cpsr\/"]}]},{"@type":"ImageObject","inLanguage":"fr-FR","@id":"https:\/\/www.certifiedcosmetics.com\/fr\/product\/evaluation-de-la-securite-des-produits-cosmetiques\/pif-et-cpsr\/#primaryimage","url":"https:\/\/www.certifiedcosmetics.com\/wp-content\/uploads\/2025\/10\/ifra-documentation.jpg","contentUrl":"https:\/\/www.certifiedcosmetics.com\/wp-content\/uploads\/2025\/10\/ifra-documentation.jpg","width":800,"height":800},{"@type":"BreadcrumbList","@id":"https:\/\/www.certifiedcosmetics.com\/fr\/product\/evaluation-de-la-securite-des-produits-cosmetiques\/pif-et-cpsr\/#breadcrumb","itemListElement":[{"@type":"ListItem","position":1,"name":"Home","item":"https:\/\/www.certifiedcosmetics.com\/fr\/"},{"@type":"ListItem","position":2,"name":"Boutique","item":"https:\/\/www.certifiedcosmetics.com\/fr\/boutique\/"},{"@type":"ListItem","position":3,"name":"PIF et CPSR"}]},{"@type":"WebSite","@id":"https:\/\/www.certifiedcosmetics.com\/fr\/#website","url":"https:\/\/www.certifiedcosmetics.com\/fr\/","name":"Certified Cosmetics","description":"Cosmetic Safety Assessment","publisher":{"@id":"https:\/\/www.certifiedcosmetics.com\/fr\/#organization"},"potentialAction":[{"@type":"SearchAction","target":{"@type":"EntryPoint","urlTemplate":"https:\/\/www.certifiedcosmetics.com\/fr\/?s={search_term_string}"},"query-input":{"@type":"PropertyValueSpecification","valueRequired":true,"valueName":"search_term_string"}}],"inLanguage":"fr-FR"},{"@type":"Organization","@id":"https:\/\/www.certifiedcosmetics.com\/fr\/#organization","name":"Certified Cosmetics","url":"https:\/\/www.certifiedcosmetics.com\/fr\/","logo":{"@type":"ImageObject","inLanguage":"fr-FR","@id":"https:\/\/www.certifiedcosmetics.com\/fr\/#\/schema\/logo\/image\/","url":"https:\/\/www.certifiedcosmetics.com\/wp-content\/uploads\/2024\/12\/logo_certified_cosmetics696.jpg","contentUrl":"https:\/\/www.certifiedcosmetics.com\/wp-content\/uploads\/2024\/12\/logo_certified_cosmetics696.jpg","width":696,"height":696,"caption":"Certified Cosmetics"},"image":{"@id":"https:\/\/www.certifiedcosmetics.com\/fr\/#\/schema\/logo\/image\/"},"description":"Your trusted partner for cosmetic product safety reporting. We take care of updating all of your documentation, ensuring your compliance stays current even as regulations evolve. The Cosmetic Product Safety Assessment will give you everything you need to sell specific products to EU consumers.","email":"contact@certifiedcosmetics.com","telephone":"+31 36 2036384","legalName":"Certified Cosmetics","foundingDate":"2010-01-01","vatID":"NL854189543B01","numberOfEmployees":{"@type":"QuantitativeValue","minValue":"11","maxValue":"50"}}]},"product_price_amount":"0.00","product_price_currency":"USD","og_availability":"instock","product_availability":"instock","product_retailer_item_id":"PC001","product_condition":"new"},"_links":{"self":[{"href":"https:\/\/www.certifiedcosmetics.com\/fr\/wp-json\/wp\/v2\/product\/14682","targetHints":{"allow":["GET"]}}],"collection":[{"href":"https:\/\/www.certifiedcosmetics.com\/fr\/wp-json\/wp\/v2\/product"}],"about":[{"href":"https:\/\/www.certifiedcosmetics.com\/fr\/wp-json\/wp\/v2\/types\/product"}],"wp:featuredmedia":[{"embeddable":true,"href":"https:\/\/www.certifiedcosmetics.com\/fr\/wp-json\/wp\/v2\/media\/13498"}],"wp:attachment":[{"href":"https:\/\/www.certifiedcosmetics.com\/fr\/wp-json\/wp\/v2\/media?parent=14682"}],"wp:term":[{"taxonomy":"product_brand","embeddable":true,"href":"https:\/\/www.certifiedcosmetics.com\/fr\/wp-json\/wp\/v2\/product_brand?post=14682"},{"taxonomy":"product_cat","embeddable":true,"href":"https:\/\/www.certifiedcosmetics.com\/fr\/wp-json\/wp\/v2\/product_cat?post=14682"},{"taxonomy":"product_tag","embeddable":true,"href":"https:\/\/www.certifiedcosmetics.com\/fr\/wp-json\/wp\/v2\/product_tag?post=14682"}],"curies":[{"name":"wp","href":"https:\/\/api.w.org\/{rel}","templated":true}]}}