{"id":14657,"date":"2025-12-12T10:48:39","date_gmt":"2025-12-12T09:48:39","guid":{"rendered":"https:\/\/www.certifiedcosmetics.com\/product\/non class\u00e9\/detection-hema\/"},"modified":"2025-12-12T10:48:39","modified_gmt":"2025-12-12T09:48:39","slug":"detection-hema","status":"publish","type":"product","link":"https:\/\/www.certifiedcosmetics.com\/fr\/product\/verification-des-allegations-et-test-des-ingredients\/detection-hema\/","title":{"rendered":"D\u00e9tection HEMA"},"content":{"rendered":"<p data-start=\"0\" data-end=\"375\">Le <strong data-start=\"4\" data-end=\"27\">test de d\u00e9tection de l&#8217;HEMA<\/strong> est une analyse de laboratoire sp\u00e9cialis\u00e9e utilis\u00e9e pour d\u00e9tecter et quantifier le <strong data-start=\"93\" data-end=\"131\">m\u00e9thacrylate de 2-hydroxy\u00e9thyle (HEMA)<\/strong> dans les produits cosm\u00e9tiques et les produits pour les ongles. L&#8217;HEMA est un monom\u00e8re de m\u00e9thacrylate que l&#8217;on trouve couramment dans les <strong data-start=\"212\" data-end=\"292\">vernis \u00e0 ongles en gel, les gels constructeurs, les couches de base et les syst\u00e8mes d&#8217;ongles durcissant aux UV\/LED<\/strong>, mais c&#8217;est aussi l&#8217;un des <strong data-start=\"336\" data-end=\"356\">sensibilisants cutan\u00e9s<\/strong> les plus connus dans les cosm\u00e9tiques pour les ongles. <\/p>\n<h3 data-start=\"382\" data-end=\"407\">Objectif du test<\/h3>\n<p data-start=\"408\" data-end=\"729\">L&#8217;objectif du test de d\u00e9tection de l&#8217;HEMA est de d\u00e9terminer si un produit contient de l&#8217;HEMA et, le cas \u00e9ch\u00e9ant, de mesurer sa concentration avec pr\u00e9cision. Ce test est essentiel pour la <strong data-start=\"579\" data-end=\"604\">conformit\u00e9 r\u00e9glementaire<\/strong>, la <strong data-start=\"606\" data-end=\"625\">s\u00e9curit\u00e9 des consommateurs<\/strong> et l&#8217;<strong data-start=\"631\" data-end=\"648\">acc\u00e8s au march\u00e9<\/strong>, en particulier dans l&#8217;Union europ\u00e9enne o\u00f9 des restrictions strictes s&#8217;appliquent \u00e0 l&#8217;utilisation de l&#8217;HEMA. <\/p>\n<h3 data-start=\"736\" data-end=\"763\">Contexte r\u00e9glementaire<\/h3>\n<p data-start=\"764\" data-end=\"1123\">En vertu du <strong data-start=\"770\" data-end=\"814\">r\u00e8glement cosm\u00e9tique de l&#8217;UE (CE) n\u00b0 1223\/2009<\/strong>, l&#8217;HEMA est class\u00e9 comme une <strong data-start=\"840\" data-end=\"864\">substance \u00e0 usage restreint<\/strong> et ne peut \u00eatre utilis\u00e9 que dans des conditions sp\u00e9cifiques. Il est <strong data-start=\"919\" data-end=\"983\">interdit dans les produits destin\u00e9s \u00e0 \u00eatre utilis\u00e9s par les consommateurs sur la peau<\/strong>, tels que les cosm\u00e9tiques sans rin\u00e7age, et n&#8217;est autoris\u00e9 dans les <strong data-start=\"1038\" data-end=\"1072\">produits pour les ongles \u00e0 usage professionnel<\/strong> que si des conditions strictes d&#8217;\u00e9tiquetage et d&#8217;utilisation sont respect\u00e9es. <\/p>\n<p data-start=\"1125\" data-end=\"1363\">En raison de son fort potentiel sensibilisant, les autorit\u00e9s de l&#8217;Union europ\u00e9enne surveillent de pr\u00e8s la teneur en HEMA des produits pour les ongles. Les produits dont la teneur en HEMA est non d\u00e9clar\u00e9e ou excessive peuvent faire l&#8217;objet d&#8217;un <strong data-start=\"1313\" data-end=\"1362\">retrait du march\u00e9, d&#8217;un rappel ou d&#8217;un refus d&#8217;importation.<\/strong> <\/p>\n<h3 data-start=\"1370\" data-end=\"1407\">Pourquoi la d\u00e9tection HEMA est-elle importante ?<\/h3>\n<ul data-start=\"1408\" data-end=\"1977\">\n<li data-start=\"1408\" data-end=\"1536\">\n<p data-start=\"1410\" data-end=\"1536\"><strong data-start=\"1410\" data-end=\"1430\">S\u00e9curit\u00e9 des consommateurs :<\/strong> L&#8217;HEMA est l&#8217;une des principales causes de dermatite de contact et de r\u00e9actions allergiques chez les proth\u00e9sistes ongulaires et les consommateurs.<\/p>\n<\/li>\n<li data-start=\"1537\" data-end=\"1667\">\n<p data-start=\"1539\" data-end=\"1667\"><strong data-start=\"1539\" data-end=\"1565\">Conformit\u00e9 r\u00e9glementaire :<\/strong> Confirme si un produit est conforme \u00e0 la l\u00e9gislation europ\u00e9enne sur les cosm\u00e9tiques et aux restrictions d&#8217;usage professionnel.<\/p>\n<\/li>\n<li data-start=\"1668\" data-end=\"1765\">\n<p data-start=\"1670\" data-end=\"1765\"><strong data-start=\"1670\" data-end=\"1693\">V\u00e9rification des \u00e9tiquettes :<\/strong> Veille \u00e0 ce que la d\u00e9claration des ingr\u00e9dients et les avertissements relatifs \u00e0 l&#8217;usage professionnel soient corrects.<\/p>\n<\/li>\n<li data-start=\"1766\" data-end=\"1885\">\n<p data-start=\"1768\" data-end=\"1885\"><strong data-start=\"1768\" data-end=\"1786\">Acc\u00e8s au march\u00e9 :<\/strong> Exig\u00e9 par les distributeurs, les d\u00e9taillants et les autorit\u00e9s pour la mise sur le march\u00e9 europ\u00e9en des produits \u00e0 base d&#8217;ongles.<\/p>\n<\/li>\n<li data-start=\"1886\" data-end=\"1977\">\n<p data-start=\"1888\" data-end=\"1977\"><strong data-start=\"1888\" data-end=\"1908\">Contr\u00f4le de la qualit\u00e9 :<\/strong> D\u00e9tecte la contamination des mati\u00e8res premi\u00e8res ou les incoh\u00e9rences de formulation.<\/p>\n<\/li>\n<\/ul>\n<h3 data-start=\"1984\" data-end=\"2001\">M\u00e9thodologie<\/h3>\n<p data-start=\"2002\" data-end=\"2101\">Le test de d\u00e9tection de l&#8217;HEMA est r\u00e9alis\u00e9 \u00e0 l&#8217;aide de <strong data-start=\"2045\" data-end=\"2087\">techniques analytiques tr\u00e8s sensibles<\/strong>, typiquement :<\/p>\n<ul data-start=\"2102\" data-end=\"2267\">\n<li data-start=\"2102\" data-end=\"2155\">\n<p data-start=\"2104\" data-end=\"2155\"><strong data-start=\"2104\" data-end=\"2153\">Chromatographie liquide haute performance (CLHP)<\/strong><\/p>\n<\/li>\n<li data-start=\"2156\" data-end=\"2208\">\n<p data-start=\"2158\" data-end=\"2208\"><strong data-start=\"2158\" data-end=\"2206\">Chromatographie en phase gazeuse et spectrom\u00e9trie de masse (GC-MS)<\/strong><\/p>\n<\/li>\n<li data-start=\"2209\" data-end=\"2267\">\n<p data-start=\"2211\" data-end=\"2267\"><strong data-start=\"2211\" data-end=\"2265\">Chromatographie liquide-spectrom\u00e9trie de masse (LC-MS\/MS)<\/strong><\/p>\n<\/li>\n<\/ul>\n<p data-start=\"2269\" data-end=\"2408\">Ces m\u00e9thodes permettent d&#8217;identifier et de quantifier avec pr\u00e9cision les HEMA, m\u00eame \u00e0 l&#8217;\u00e9tat <strong data-start=\"2348\" data-end=\"2364\">de traces<\/strong>, ce qui garantit une v\u00e9rification fiable de la conformit\u00e9.<\/p>\n<h3 data-start=\"2415\" data-end=\"2435\">Proc\u00e9dure de test<\/h3>\n<ol data-start=\"2436\" data-end=\"2862\">\n<li data-start=\"2436\" data-end=\"2541\">\n<p data-start=\"2439\" data-end=\"2541\">Un \u00e9chantillon repr\u00e9sentatif du produit pour les ongles (vernis en gel, couche de base, gel constructeur, etc.) est pr\u00e9lev\u00e9.<\/p>\n<\/li>\n<li data-start=\"2542\" data-end=\"2634\">\n<p data-start=\"2545\" data-end=\"2634\">L&#8217;\u00e9chantillon subit une extraction par solvant pour isoler les monom\u00e8res et les compos\u00e9s de m\u00e9thacrylate.<\/p>\n<\/li>\n<li data-start=\"2635\" data-end=\"2704\">\n<p data-start=\"2638\" data-end=\"2704\">L&#8217;extrait est analys\u00e9 \u00e0 l&#8217;aide de m\u00e9thodes chromatographiques valid\u00e9es.<\/p>\n<\/li>\n<li data-start=\"2705\" data-end=\"2778\">\n<p data-start=\"2708\" data-end=\"2778\">La HEMA est identifi\u00e9e par comparaison avec des normes de r\u00e9f\u00e9rence certifi\u00e9es.<\/p>\n<\/li>\n<li data-start=\"2779\" data-end=\"2862\">\n<p data-start=\"2782\" data-end=\"2862\">Les r\u00e9sultats quantitatifs sont calcul\u00e9s et \u00e9valu\u00e9s par rapport aux seuils r\u00e9glementaires.<\/p>\n<\/li>\n<\/ol>\n<h3 data-start=\"2869\" data-end=\"2894\">R\u00e9sultats et rapports<\/h3>\n<p data-start=\"2895\" data-end=\"2938\">Le rapport de laboratoire comprend g\u00e9n\u00e9ralement :<\/p>\n<ul data-start=\"2939\" data-end=\"3230\">\n<li data-start=\"2939\" data-end=\"2986\">\n<p data-start=\"2941\" data-end=\"2986\">Confirmation de la pr\u00e9sence ou de l&#8217;absence de HEMA<\/p>\n<\/li>\n<li data-start=\"2987\" data-end=\"3042\">\n<p data-start=\"2989\" data-end=\"3042\">R\u00e9sultats quantitatifs de la concentration (mg\/kg ou % w\/w)<\/p>\n<\/li>\n<li data-start=\"3043\" data-end=\"3097\">\n<p data-start=\"3045\" data-end=\"3097\">Limites de d\u00e9tection des m\u00e9thodes et incertitude analytique<\/p>\n<\/li>\n<li data-start=\"3098\" data-end=\"3149\">\n<p data-start=\"3100\" data-end=\"3149\">R\u00e9f\u00e9rence aux r\u00e9glementations europ\u00e9ennes applicables en mati\u00e8re de cosm\u00e9tiques<\/p>\n<\/li>\n<li data-start=\"3150\" data-end=\"3230\">\n<p data-start=\"3152\" data-end=\"3230\">D\u00e9claration de conformit\u00e9 indiquant si le produit r\u00e9pond aux exigences l\u00e9gales.<\/p>\n<\/li>\n<\/ul>\n<h3 data-start=\"3237\" data-end=\"3263\">Applications typiques<\/h3>\n<ul data-start=\"3264\" data-end=\"3450\">\n<li data-start=\"3264\" data-end=\"3292\">\n<p data-start=\"3266\" data-end=\"3292\">Vernis \u00e0 ongles en gel UV\/LED<\/p>\n<\/li>\n<li data-start=\"3293\" data-end=\"3323\">\n<p data-start=\"3295\" data-end=\"3323\">Gels de construction et de sculpture<\/p>\n<\/li>\n<li data-start=\"3324\" data-end=\"3358\">\n<p data-start=\"3326\" data-end=\"3358\">Couches de base et syst\u00e8mes de collage<\/p>\n<\/li>\n<li data-start=\"3359\" data-end=\"3389\">\n<p data-start=\"3361\" data-end=\"3389\">Durcisseurs et appr\u00eats pour ongles<\/p>\n<\/li>\n<li data-start=\"3390\" data-end=\"3450\">\n<p data-start=\"3392\" data-end=\"3450\">V\u00e9rification des mati\u00e8res premi\u00e8res pour les fabricants de produits pour les ongles<\/p>\n<\/li>\n<\/ul>\n<h3 data-start=\"3457\" data-end=\"3484\">Pourquoi ce test est important<\/h3>\n<p data-start=\"3485\" data-end=\"3790\">L&#8217;HEMA est l&#8217;un des ingr\u00e9dients les plus scrut\u00e9s dans les cosm\u00e9tiques pour les ongles en raison de son <strong data-start=\"3562\" data-end=\"3589\">risque \u00e9lev\u00e9 de sensibilisation<\/strong>. Le test de d\u00e9tection de l&#8217;HEMA fournit aux fabricants, aux importateurs et aux personnes responsables des <strong data-start=\"3679\" data-end=\"3709\">preuves claires et d\u00e9fendables<\/strong> que leurs produits sont s\u00fbrs, conformes et adapt\u00e9s au march\u00e9 auquel ils sont destin\u00e9s. <\/p>\n<p data-start=\"3792\" data-end=\"4041\" data-is-last-node=\"\" data-is-only-node=\"\">Ce test est souvent inclus dans un <strong data-start=\"3841\" data-end=\"3876\">ensemble<\/strong> plus large <strong data-start=\"3841\" data-end=\"3876\">de conformit\u00e9 des produits pour les ongles<\/strong>, aux c\u00f4t\u00e9s de la <strong data-start=\"3888\" data-end=\"3905\">d\u00e9tection des TPO<\/strong>, du <strong data-start=\"3907\" data-end=\"3929\">d\u00e9pistage des allerg\u00e8nes<\/strong>, de l&#8217;<strong data-start=\"3931\" data-end=\"3959\">\u00e9valuation de la s\u00e9curit\u00e9 (CPSR)<\/strong> et de la <strong data-start=\"3965\" data-end=\"3986\">documentation PIF<\/strong>, ce qui garantit une pr\u00e9paration r\u00e9glementaire compl\u00e8te pour le march\u00e9 de l&#8217;UE.<\/p>\n","protected":false},"excerpt":{"rendered":"<p>Le test de d\u00e9tection de l&#8217;HEMA est une analyse de laboratoire sp\u00e9cialis\u00e9e utilis\u00e9e pour d\u00e9tecter et quantifier le m\u00e9thacrylate de 2-hydroxy\u00e9thyle (HEMA) dans les produits cosm\u00e9tiques et les produits pour les ongles. L&#8217;HEMA est un monom\u00e8re de m\u00e9thacrylate que l&#8217;on trouve couramment dans les vernis \u00e0 ongles en gel, les gels constructeurs, les couches de&#8230;<\/p>\n","protected":false},"featured_media":14650,"template":"","meta":[],"product_brand":[],"product_cat":[440],"product_tag":[],"class_list":{"0":"post-14657","1":"product","2":"type-product","3":"status-publish","4":"has-post-thumbnail","6":"product_cat-verification-des-allegations-et-test-des-ingredients","8":"first","9":"instock","10":"virtual","11":"taxable","12":"purchasable","13":"product-type-simple"},"bundled_by":[],"bundle_stock_status":"instock","bundle_stock_quantity":null,"bundle_virtual":false,"bundle_layout":"","bundle_add_to_cart_form_location":"","bundle_editable_in_cart":false,"bundle_sold_individually_context":"","bundle_item_grouping":"","bundle_min_size":"","bundle_max_size":"","bundle_price":[],"bundled_items":[],"bundle_sell_ids":[],"yoast_head":"<!-- This site is optimized with the Yoast SEO Premium plugin v25.4 (Yoast SEO v25.4) - https:\/\/yoast.com\/wordpress\/plugins\/seo\/ -->\n<title>D\u00e9tection HEMA - Certified Cosmetics<\/title>\n<meta name=\"description\" content=\"Le test de d\u00e9tection des HEMA est une analyse de laboratoire sp\u00e9cialis\u00e9e utilis\u00e9e pour d\u00e9tecter et quantifier le m\u00e9thacrylate de 2-hydroxy\u00e9thyle (HEMA) dans les produits cosm\u00e9tiques et les produits pour les ongles.\" \/>\n<meta name=\"robots\" content=\"index, follow, max-snippet:-1, max-image-preview:large, max-video-preview:-1\" \/>\n<link rel=\"canonical\" href=\"https:\/\/www.certifiedcosmetics.com\/fr\/product\/verification-des-allegations-et-test-des-ingredients\/detection-hema\/\" \/>\n<meta property=\"og:locale\" content=\"fr_FR\" \/>\n<meta property=\"og:type\" content=\"article\" \/>\n<meta property=\"og:title\" content=\"D\u00e9tection HEMA\" \/>\n<meta property=\"og:description\" content=\"Le test de d\u00e9tection des HEMA est une analyse de laboratoire sp\u00e9cialis\u00e9e utilis\u00e9e pour d\u00e9tecter et quantifier le m\u00e9thacrylate de 2-hydroxy\u00e9thyle (HEMA) dans les produits cosm\u00e9tiques et les produits pour les ongles.\" \/>\n<meta property=\"og:url\" content=\"https:\/\/www.certifiedcosmetics.com\/fr\/product\/verification-des-allegations-et-test-des-ingredients\/detection-hema\/\" \/>\n<meta property=\"og:site_name\" content=\"Certified Cosmetics\" \/>\n<meta property=\"og:image\" content=\"https:\/\/www.certifiedcosmetics.com\/wp-content\/uploads\/2025\/12\/hema-detection.jpg\" \/>\n\t<meta property=\"og:image:width\" content=\"683\" \/>\n\t<meta property=\"og:image:height\" content=\"683\" \/>\n\t<meta property=\"og:image:type\" content=\"image\/jpeg\" \/>\n<meta name=\"twitter:card\" content=\"summary_large_image\" \/>\n<meta name=\"twitter:label1\" content=\"Prix\" \/>\n\t<meta name=\"twitter:data1\" content=\"&#036;877.06\" \/>\n\t<meta name=\"twitter:label2\" content=\"Disponibilit\u00e9\" \/>\n\t<meta name=\"twitter:data2\" content=\"En stock\" \/>\n<script type=\"application\/ld+json\" class=\"yoast-schema-graph\">{\"@context\":\"https:\/\/schema.org\",\"@graph\":[{\"@type\":\"WebPage\",\"@id\":\"https:\/\/www.certifiedcosmetics.com\/fr\/product\/verification-des-allegations-et-test-des-ingredients\/detection-hema\/\",\"url\":\"https:\/\/www.certifiedcosmetics.com\/fr\/product\/verification-des-allegations-et-test-des-ingredients\/detection-hema\/\",\"name\":\"D\u00e9tection HEMA - Certified Cosmetics\",\"isPartOf\":{\"@id\":\"https:\/\/www.certifiedcosmetics.com\/fr\/#website\"},\"primaryImageOfPage\":{\"@id\":\"https:\/\/www.certifiedcosmetics.com\/fr\/product\/verification-des-allegations-et-test-des-ingredients\/detection-hema\/#primaryimage\"},\"image\":{\"@id\":\"https:\/\/www.certifiedcosmetics.com\/fr\/product\/verification-des-allegations-et-test-des-ingredients\/detection-hema\/#primaryimage\"},\"thumbnailUrl\":\"https:\/\/www.certifiedcosmetics.com\/wp-content\/uploads\/2025\/12\/hema-detection.jpg\",\"datePublished\":\"2025-12-12T09:48:39+00:00\",\"description\":\"Le test de d\u00e9tection des HEMA est une analyse de laboratoire sp\u00e9cialis\u00e9e utilis\u00e9e pour d\u00e9tecter et quantifier le m\u00e9thacrylate de 2-hydroxy\u00e9thyle (HEMA) dans les produits cosm\u00e9tiques et les produits pour les ongles.\",\"breadcrumb\":{\"@id\":\"https:\/\/www.certifiedcosmetics.com\/fr\/product\/verification-des-allegations-et-test-des-ingredients\/detection-hema\/#breadcrumb\"},\"inLanguage\":\"fr-FR\",\"potentialAction\":[{\"@type\":\"ReadAction\",\"target\":[\"https:\/\/www.certifiedcosmetics.com\/fr\/product\/verification-des-allegations-et-test-des-ingredients\/detection-hema\/\"]}]},{\"@type\":\"ImageObject\",\"inLanguage\":\"fr-FR\",\"@id\":\"https:\/\/www.certifiedcosmetics.com\/fr\/product\/verification-des-allegations-et-test-des-ingredients\/detection-hema\/#primaryimage\",\"url\":\"https:\/\/www.certifiedcosmetics.com\/wp-content\/uploads\/2025\/12\/hema-detection.jpg\",\"contentUrl\":\"https:\/\/www.certifiedcosmetics.com\/wp-content\/uploads\/2025\/12\/hema-detection.jpg\",\"width\":683,\"height\":683},{\"@type\":\"BreadcrumbList\",\"@id\":\"https:\/\/www.certifiedcosmetics.com\/fr\/product\/verification-des-allegations-et-test-des-ingredients\/detection-hema\/#breadcrumb\",\"itemListElement\":[{\"@type\":\"ListItem\",\"position\":1,\"name\":\"Home\",\"item\":\"https:\/\/www.certifiedcosmetics.com\/fr\/\"},{\"@type\":\"ListItem\",\"position\":2,\"name\":\"Boutique\",\"item\":\"https:\/\/www.certifiedcosmetics.com\/fr\/boutique\/\"},{\"@type\":\"ListItem\",\"position\":3,\"name\":\"D\u00e9tection HEMA\"}]},{\"@type\":\"WebSite\",\"@id\":\"https:\/\/www.certifiedcosmetics.com\/fr\/#website\",\"url\":\"https:\/\/www.certifiedcosmetics.com\/fr\/\",\"name\":\"Certified Cosmetics\",\"description\":\"Cosmetic Safety Assessment\",\"publisher\":{\"@id\":\"https:\/\/www.certifiedcosmetics.com\/fr\/#organization\"},\"potentialAction\":[{\"@type\":\"SearchAction\",\"target\":{\"@type\":\"EntryPoint\",\"urlTemplate\":\"https:\/\/www.certifiedcosmetics.com\/fr\/?s={search_term_string}\"},\"query-input\":{\"@type\":\"PropertyValueSpecification\",\"valueRequired\":true,\"valueName\":\"search_term_string\"}}],\"inLanguage\":\"fr-FR\"},{\"@type\":\"Organization\",\"@id\":\"https:\/\/www.certifiedcosmetics.com\/fr\/#organization\",\"name\":\"Certified Cosmetics\",\"url\":\"https:\/\/www.certifiedcosmetics.com\/fr\/\",\"logo\":{\"@type\":\"ImageObject\",\"inLanguage\":\"fr-FR\",\"@id\":\"https:\/\/www.certifiedcosmetics.com\/fr\/#\/schema\/logo\/image\/\",\"url\":\"https:\/\/www.certifiedcosmetics.com\/wp-content\/uploads\/2024\/12\/logo_certified_cosmetics696.jpg\",\"contentUrl\":\"https:\/\/www.certifiedcosmetics.com\/wp-content\/uploads\/2024\/12\/logo_certified_cosmetics696.jpg\",\"width\":696,\"height\":696,\"caption\":\"Certified Cosmetics\"},\"image\":{\"@id\":\"https:\/\/www.certifiedcosmetics.com\/fr\/#\/schema\/logo\/image\/\"},\"description\":\"Your trusted partner for cosmetic product safety reporting. We take care of updating all of your documentation, ensuring your compliance stays current even as regulations evolve. The Cosmetic Product Safety Assessment will give you everything you need to sell specific products to EU consumers.\",\"email\":\"contact@certifiedcosmetics.com\",\"telephone\":\"+31 36 2036384\",\"legalName\":\"Certified Cosmetics\",\"foundingDate\":\"2010-01-01\",\"vatID\":\"NL854189543B01\",\"numberOfEmployees\":{\"@type\":\"QuantitativeValue\",\"minValue\":\"11\",\"maxValue\":\"50\"}}]}<\/script>\n<meta property=\"product:price:amount\" content=\"877.06\" \/>\n<meta property=\"product:price:currency\" content=\"USD\" \/>\n<meta property=\"og:availability\" content=\"instock\" \/>\n<meta property=\"product:availability\" content=\"instock\" \/>\n<meta property=\"product:retailer_item_id\" content=\"CC100075\" \/>\n<meta property=\"product:condition\" content=\"new\" \/>\n<!-- \/ Yoast SEO Premium plugin. -->","yoast_head_json":{"title":"D\u00e9tection HEMA - Certified Cosmetics","description":"Le test de d\u00e9tection des HEMA est une analyse de laboratoire sp\u00e9cialis\u00e9e utilis\u00e9e pour d\u00e9tecter et quantifier le m\u00e9thacrylate de 2-hydroxy\u00e9thyle (HEMA) dans les produits cosm\u00e9tiques et les produits pour les ongles.","robots":{"index":"index","follow":"follow","max-snippet":"max-snippet:-1","max-image-preview":"max-image-preview:large","max-video-preview":"max-video-preview:-1"},"canonical":"https:\/\/www.certifiedcosmetics.com\/fr\/product\/verification-des-allegations-et-test-des-ingredients\/detection-hema\/","og_locale":"fr_FR","og_type":"article","og_title":"D\u00e9tection HEMA","og_description":"Le test de d\u00e9tection des HEMA est une analyse de laboratoire sp\u00e9cialis\u00e9e utilis\u00e9e pour d\u00e9tecter et quantifier le m\u00e9thacrylate de 2-hydroxy\u00e9thyle (HEMA) dans les produits cosm\u00e9tiques et les produits pour les ongles.","og_url":"https:\/\/www.certifiedcosmetics.com\/fr\/product\/verification-des-allegations-et-test-des-ingredients\/detection-hema\/","og_site_name":"Certified Cosmetics","og_image":[{"width":683,"height":683,"url":"https:\/\/www.certifiedcosmetics.com\/wp-content\/uploads\/2025\/12\/hema-detection.jpg","type":"image\/jpeg"}],"twitter_card":"summary_large_image","twitter_misc":{"Prix":"&#36;877.06","Disponibilit\u00e9":"En stock"},"schema":{"@context":"https:\/\/schema.org","@graph":[{"@type":"WebPage","@id":"https:\/\/www.certifiedcosmetics.com\/fr\/product\/verification-des-allegations-et-test-des-ingredients\/detection-hema\/","url":"https:\/\/www.certifiedcosmetics.com\/fr\/product\/verification-des-allegations-et-test-des-ingredients\/detection-hema\/","name":"D\u00e9tection HEMA - Certified Cosmetics","isPartOf":{"@id":"https:\/\/www.certifiedcosmetics.com\/fr\/#website"},"primaryImageOfPage":{"@id":"https:\/\/www.certifiedcosmetics.com\/fr\/product\/verification-des-allegations-et-test-des-ingredients\/detection-hema\/#primaryimage"},"image":{"@id":"https:\/\/www.certifiedcosmetics.com\/fr\/product\/verification-des-allegations-et-test-des-ingredients\/detection-hema\/#primaryimage"},"thumbnailUrl":"https:\/\/www.certifiedcosmetics.com\/wp-content\/uploads\/2025\/12\/hema-detection.jpg","datePublished":"2025-12-12T09:48:39+00:00","description":"Le test de d\u00e9tection des HEMA est une analyse de laboratoire sp\u00e9cialis\u00e9e utilis\u00e9e pour d\u00e9tecter et quantifier le m\u00e9thacrylate de 2-hydroxy\u00e9thyle (HEMA) dans les produits cosm\u00e9tiques et les produits pour les ongles.","breadcrumb":{"@id":"https:\/\/www.certifiedcosmetics.com\/fr\/product\/verification-des-allegations-et-test-des-ingredients\/detection-hema\/#breadcrumb"},"inLanguage":"fr-FR","potentialAction":[{"@type":"ReadAction","target":["https:\/\/www.certifiedcosmetics.com\/fr\/product\/verification-des-allegations-et-test-des-ingredients\/detection-hema\/"]}]},{"@type":"ImageObject","inLanguage":"fr-FR","@id":"https:\/\/www.certifiedcosmetics.com\/fr\/product\/verification-des-allegations-et-test-des-ingredients\/detection-hema\/#primaryimage","url":"https:\/\/www.certifiedcosmetics.com\/wp-content\/uploads\/2025\/12\/hema-detection.jpg","contentUrl":"https:\/\/www.certifiedcosmetics.com\/wp-content\/uploads\/2025\/12\/hema-detection.jpg","width":683,"height":683},{"@type":"BreadcrumbList","@id":"https:\/\/www.certifiedcosmetics.com\/fr\/product\/verification-des-allegations-et-test-des-ingredients\/detection-hema\/#breadcrumb","itemListElement":[{"@type":"ListItem","position":1,"name":"Home","item":"https:\/\/www.certifiedcosmetics.com\/fr\/"},{"@type":"ListItem","position":2,"name":"Boutique","item":"https:\/\/www.certifiedcosmetics.com\/fr\/boutique\/"},{"@type":"ListItem","position":3,"name":"D\u00e9tection HEMA"}]},{"@type":"WebSite","@id":"https:\/\/www.certifiedcosmetics.com\/fr\/#website","url":"https:\/\/www.certifiedcosmetics.com\/fr\/","name":"Certified Cosmetics","description":"Cosmetic Safety Assessment","publisher":{"@id":"https:\/\/www.certifiedcosmetics.com\/fr\/#organization"},"potentialAction":[{"@type":"SearchAction","target":{"@type":"EntryPoint","urlTemplate":"https:\/\/www.certifiedcosmetics.com\/fr\/?s={search_term_string}"},"query-input":{"@type":"PropertyValueSpecification","valueRequired":true,"valueName":"search_term_string"}}],"inLanguage":"fr-FR"},{"@type":"Organization","@id":"https:\/\/www.certifiedcosmetics.com\/fr\/#organization","name":"Certified Cosmetics","url":"https:\/\/www.certifiedcosmetics.com\/fr\/","logo":{"@type":"ImageObject","inLanguage":"fr-FR","@id":"https:\/\/www.certifiedcosmetics.com\/fr\/#\/schema\/logo\/image\/","url":"https:\/\/www.certifiedcosmetics.com\/wp-content\/uploads\/2024\/12\/logo_certified_cosmetics696.jpg","contentUrl":"https:\/\/www.certifiedcosmetics.com\/wp-content\/uploads\/2024\/12\/logo_certified_cosmetics696.jpg","width":696,"height":696,"caption":"Certified Cosmetics"},"image":{"@id":"https:\/\/www.certifiedcosmetics.com\/fr\/#\/schema\/logo\/image\/"},"description":"Your trusted partner for cosmetic product safety reporting. We take care of updating all of your documentation, ensuring your compliance stays current even as regulations evolve. The Cosmetic Product Safety Assessment will give you everything you need to sell specific products to EU consumers.","email":"contact@certifiedcosmetics.com","telephone":"+31 36 2036384","legalName":"Certified Cosmetics","foundingDate":"2010-01-01","vatID":"NL854189543B01","numberOfEmployees":{"@type":"QuantitativeValue","minValue":"11","maxValue":"50"}}]},"product_price_amount":"877.06","product_price_currency":"USD","og_availability":"instock","product_availability":"instock","product_retailer_item_id":"CC100075","product_condition":"new"},"_links":{"self":[{"href":"https:\/\/www.certifiedcosmetics.com\/fr\/wp-json\/wp\/v2\/product\/14657","targetHints":{"allow":["GET"]}}],"collection":[{"href":"https:\/\/www.certifiedcosmetics.com\/fr\/wp-json\/wp\/v2\/product"}],"about":[{"href":"https:\/\/www.certifiedcosmetics.com\/fr\/wp-json\/wp\/v2\/types\/product"}],"wp:featuredmedia":[{"embeddable":true,"href":"https:\/\/www.certifiedcosmetics.com\/fr\/wp-json\/wp\/v2\/media\/14650"}],"wp:attachment":[{"href":"https:\/\/www.certifiedcosmetics.com\/fr\/wp-json\/wp\/v2\/media?parent=14657"}],"wp:term":[{"taxonomy":"product_brand","embeddable":true,"href":"https:\/\/www.certifiedcosmetics.com\/fr\/wp-json\/wp\/v2\/product_brand?post=14657"},{"taxonomy":"product_cat","embeddable":true,"href":"https:\/\/www.certifiedcosmetics.com\/fr\/wp-json\/wp\/v2\/product_cat?post=14657"},{"taxonomy":"product_tag","embeddable":true,"href":"https:\/\/www.certifiedcosmetics.com\/fr\/wp-json\/wp\/v2\/product_tag?post=14657"}],"curies":[{"name":"wp","href":"https:\/\/api.w.org\/{rel}","templated":true}]}}