{"id":14460,"date":"2025-11-03T12:40:57","date_gmt":"2025-11-03T11:40:57","guid":{"rendered":"https:\/\/www.certifiedcosmetics.com\/product\/uncategorized\/test-delasticite-et-de-fermete-de-la-peau\/"},"modified":"2025-11-03T12:40:57","modified_gmt":"2025-11-03T11:40:57","slug":"test-delasticite-et-de-fermete-de-la-peau","status":"publish","type":"product","link":"https:\/\/www.certifiedcosmetics.com\/fr\/product\/test-defficacite\/test-cutane\/test-delasticite-et-de-fermete-de-la-peau\/","title":{"rendered":"Test d&#8217;\u00e9lasticit\u00e9 et de fermet\u00e9 de la peau"},"content":{"rendered":"<p data-start=\"39\" data-end=\"388\">Le <strong data-start=\"43\" data-end=\"78\">test d&#8217;\u00e9lasticit\u00e9 et de fermet\u00e9 de la peau<\/strong> est une \u00e9valuation scientifique utilis\u00e9e pour mesurer les <strong data-start=\"126\" data-end=\"163\">propri\u00e9t\u00e9s m\u00e9caniques de la peau<\/strong>, plus pr\u00e9cis\u00e9ment sa capacit\u00e9 \u00e0 reprendre sa forme initiale apr\u00e8s avoir \u00e9t\u00e9 doucement \u00e9tir\u00e9e. Ce test fournit des preuves objectives pour des all\u00e9gations telles que &#8220;am\u00e9liore la fermet\u00e9 de la peau&#8221;, &#8220;renforce l&#8217;\u00e9lasticit\u00e9&#8221; ou &#8220;r\u00e9duit les signes de vieillissement&#8221;. <\/p>\n<h2 data-start=\"390\" data-end=\"415\">Objectif du test<\/h2>\n<p data-start=\"416\" data-end=\"726\">Le but de ce test est de d\u00e9terminer si un produit cosm\u00e9tique am\u00e9liore la <strong data-start=\"501\" data-end=\"534\">r\u00e9cup\u00e9ration \u00e9lastique et la fermet\u00e9<\/strong> de la peau en renfor\u00e7ant la fonction du collag\u00e8ne et de l&#8217;\u00e9lastine ou en am\u00e9liorant l&#8217;hydratation dans les couches profondes de la peau. Il est particuli\u00e8rement pertinent pour les produits <strong data-start=\"660\" data-end=\"674\">anti-\u00e2ge<\/strong>, de <strong data-start=\"676\" data-end=\"687\">lifting<\/strong> et de <strong data-start=\"693\" data-end=\"714\">rajeunissement de la peau<\/strong>. <\/p>\n<h2 data-start=\"728\" data-end=\"745\">M\u00e9thodologie<\/h2>\n<p data-start=\"746\" data-end=\"1092\">L&#8217;\u00e9tude est r\u00e9alis\u00e9e sous forme de <strong data-start=\"775\" data-end=\"793\">test d&#8217;appareillage<\/strong> \u00e0 l&#8217;aide d&#8217;un <strong data-start=\"802\" data-end=\"815\">cutom\u00e8tre<\/strong> ou d&#8217;un appareil \u00e9quivalent qui mesure la capacit\u00e9 de la peau \u00e0 se d\u00e9former et \u00e0 revenir \u00e0 sa position initiale. L&#8217;instrument applique une l\u00e9g\u00e8re aspiration \u00e0 la surface de la peau et enregistre la fa\u00e7on dont la peau bouge en r\u00e9ponse &#8211; ce qui fournit des donn\u00e9es pr\u00e9cises sur l&#8217;\u00e9lasticit\u00e9, la fermet\u00e9 et la visco\u00e9lasticit\u00e9. <\/p>\n<ul data-start=\"1094\" data-end=\"1388\">\n<li data-start=\"1094\" data-end=\"1126\">\n<p data-start=\"1096\" data-end=\"1126\"><strong data-start=\"1096\" data-end=\"1121\">Nombre de b\u00e9n\u00e9voles :<\/strong> 10<\/p>\n<\/li>\n<li data-start=\"1127\" data-end=\"1324\">\n<p data-start=\"1129\" data-end=\"1324\"><strong data-start=\"1129\" data-end=\"1152\">Points de mesure :<\/strong> Deux mesures sont effectu\u00e9es &#8211; <strong data-start=\"1182\" data-end=\"1217\">T0 (avant l&#8217;application du produit)<\/strong> et <strong data-start=\"1222\" data-end=\"1248\">T1 (apr\u00e8s l&#8217;application)<\/strong> &#8211; dans des conditions environnementales standardis\u00e9es (temp\u00e9rature et humidit\u00e9).<\/p>\n<\/li>\n<li data-start=\"1325\" data-end=\"1388\">\n<p data-start=\"1327\" data-end=\"1388\"><strong data-start=\"1327\" data-end=\"1358\">Nombre d&#8217;\u00e9chantillons requis :<\/strong> 11 \u00e9chantillons de produits finis<\/p>\n<\/li>\n<\/ul>\n<h2 data-start=\"1390\" data-end=\"1410\">Proc\u00e9dure de test<\/h2>\n<ol data-start=\"1411\" data-end=\"2014\">\n<li data-start=\"1411\" data-end=\"1511\">\n<p data-start=\"1414\" data-end=\"1511\"><strong data-start=\"1414\" data-end=\"1438\">S\u00e9lection des volontaires :<\/strong> Dix participants adultes pr\u00e9sentant diff\u00e9rents niveaux de fermet\u00e9 de la peau sont s\u00e9lectionn\u00e9s.<\/p>\n<\/li>\n<li data-start=\"1512\" data-end=\"1628\">\n<p data-start=\"1515\" data-end=\"1628\"><strong data-start=\"1515\" data-end=\"1545\">Mesure de base (T0) :<\/strong> La fermet\u00e9 et l&#8217;\u00e9lasticit\u00e9 de la peau sont mesur\u00e9es sur une peau non trait\u00e9e \u00e0 l&#8217;aide du Cutom\u00e8tre.<\/p>\n<\/li>\n<li data-start=\"1629\" data-end=\"1768\">\n<p data-start=\"1632\" data-end=\"1768\"><strong data-start=\"1632\" data-end=\"1656\">Application du produit :<\/strong> Une quantit\u00e9 d\u00e9finie du produit test\u00e9 est appliqu\u00e9e sur la zone d\u00e9sign\u00e9e (g\u00e9n\u00e9ralement le visage, l&#8217;avant-bras ou le cou).<\/p>\n<\/li>\n<li data-start=\"1769\" data-end=\"1904\">\n<p data-start=\"1772\" data-end=\"1904\"><strong data-start=\"1772\" data-end=\"1810\">Mesure apr\u00e8s l&#8217;application (T1) :<\/strong> Apr\u00e8s une dur\u00e9e d\u00e9termin\u00e9e (g\u00e9n\u00e9ralement de 30 minutes \u00e0 plusieurs heures), les mesures sont r\u00e9p\u00e9t\u00e9es.<\/p>\n<\/li>\n<li data-start=\"1905\" data-end=\"2014\">\n<p data-start=\"1908\" data-end=\"2014\"><strong data-start=\"1908\" data-end=\"1928\">Comparaison des donn\u00e9es :<\/strong> Les r\u00e9sultats T0 et T1 sont analys\u00e9s pour d\u00e9terminer l&#8217;am\u00e9lioration de la fermet\u00e9 et de l&#8217;\u00e9lasticit\u00e9.<\/p>\n<\/li>\n<\/ol>\n<h2 data-start=\"2016\" data-end=\"2042\">Param\u00e8tres \u00e9valu\u00e9s<\/h2>\n<ul data-start=\"2043\" data-end=\"2396\">\n<li data-start=\"2043\" data-end=\"2101\">\n<p data-start=\"2045\" data-end=\"2101\"><strong data-start=\"2045\" data-end=\"2085\">Am\u00e9lioration imm\u00e9diate et \u00e0 court terme<\/strong> de l&#8217;\u00e9lasticit\u00e9.<\/p>\n<\/li>\n<li data-start=\"2102\" data-end=\"2179\">\n<p data-start=\"2104\" data-end=\"2179\"><strong data-start=\"2104\" data-end=\"2127\">Ratio de fermet\u00e9 (R2<\/strong> ) &#8211; capacit\u00e9 de la peau \u00e0 se r\u00e9tablir apr\u00e8s une d\u00e9formation.<\/p>\n<\/li>\n<li data-start=\"2180\" data-end=\"2241\">\n<p data-start=\"2182\" data-end=\"2241\"><strong data-start=\"2182\" data-end=\"2210\">D\u00e9formation maximale (R0<\/strong> ) &#8211; li\u00e9e \u00e0 la souplesse de la peau<\/p>\n<\/li>\n<li data-start=\"2242\" data-end=\"2329\">\n<p data-start=\"2244\" data-end=\"2329\"><strong data-start=\"2244\" data-end=\"2288\">Comportement visco\u00e9lastique (param\u00e8tres R6-R8<\/strong> ) &#8211; indique une r\u00e9silience structurelle profonde.<\/p>\n<\/li>\n<li data-start=\"2330\" data-end=\"2396\">\n<p data-start=\"2332\" data-end=\"2396\"><strong data-start=\"2332\" data-end=\"2360\">Signification statistique<\/strong> des am\u00e9liorations apr\u00e8s l&#8217;application<\/p>\n<\/li>\n<\/ul>\n<h2 data-start=\"2398\" data-end=\"2423\">Exemples d&#8217;exigences<\/h2>\n<ul data-start=\"2424\" data-end=\"2631\">\n<li data-start=\"2424\" data-end=\"2469\">\n<p data-start=\"2426\" data-end=\"2469\"><strong data-start=\"2426\" data-end=\"2439\">Quantit\u00e9 :<\/strong> 11 \u00e9chantillons de produits finis<\/p>\n<\/li>\n<li data-start=\"2470\" data-end=\"2535\">\n<p data-start=\"2472\" data-end=\"2535\"><strong data-start=\"2472\" data-end=\"2486\">Condition :<\/strong> Non ouvert, stable et adapt\u00e9 \u00e0 un usage topique.<\/p>\n<\/li>\n<li data-start=\"2536\" data-end=\"2631\">\n<p data-start=\"2538\" data-end=\"2631\"><strong data-start=\"2538\" data-end=\"2556\">Types de produits :<\/strong> Cr\u00e8mes anti-\u00e2ge, s\u00e9rums raffermissants, gels liftants ou produits de tonification du corps.<\/p>\n<\/li>\n<\/ul>\n<h2 data-start=\"2633\" data-end=\"2658\">R\u00e9sultats et rapports<\/h2>\n<p data-start=\"2659\" data-end=\"2692\">Le rapport de laboratoire comprend :<\/p>\n<ul data-start=\"2693\" data-end=\"2990\">\n<li data-start=\"2693\" data-end=\"2744\">\n<p data-start=\"2695\" data-end=\"2744\">Description des conditions de test et de l&#8217;\u00e9quipement<\/p>\n<\/li>\n<li data-start=\"2745\" data-end=\"2808\">\n<p data-start=\"2747\" data-end=\"2808\">Graphiques et courbes de donn\u00e9es repr\u00e9sentant l&#8217;\u00e9lasticit\u00e9 et la fermet\u00e9.<\/p>\n<\/li>\n<li data-start=\"2809\" data-end=\"2877\">\n<p data-start=\"2811\" data-end=\"2877\">Analyse statistique des param\u00e8tres d&#8217;\u00e9lasticit\u00e9 (R0, R2, R5, etc.)<\/p>\n<\/li>\n<li data-start=\"2878\" data-end=\"2927\">\n<p data-start=\"2880\" data-end=\"2927\">R\u00e9sum\u00e9 comparatif des mesures T0 et T1<\/p>\n<\/li>\n<li data-start=\"2928\" data-end=\"2990\">\n<p data-start=\"2930\" data-end=\"2990\">Interpr\u00e9tation confirmant les effets raffermissants ou anti-\u00e2ge de la peau.<\/p>\n<\/li>\n<\/ul>\n<h2 data-start=\"2992\" data-end=\"3019\">Pourquoi ce test est important<\/h2>\n<p data-start=\"3020\" data-end=\"3225\">Le test d&#8217;\u00e9lasticit\u00e9 et de fermet\u00e9 de la peau fournit des <strong data-start=\"3065\" data-end=\"3098\">donn\u00e9es quantitatives et v\u00e9rifiables<\/strong> qui d\u00e9montrent l&#8217;efficacit\u00e9 des formulations anti-\u00e2ge et raffermissantes. Il soutient les all\u00e9gations de marketing et d&#8217;\u00e9tiquetage telles que : <\/p>\n<ul data-start=\"3226\" data-end=\"3349\">\n<li data-start=\"3226\" data-end=\"3269\">\n<p data-start=\"3228\" data-end=\"3269\">&#8220;Am\u00e9liore la fermet\u00e9 et la r\u00e9silience de la peau&#8221;.<\/p>\n<\/li>\n<li data-start=\"3270\" data-end=\"3310\">\n<p data-start=\"3272\" data-end=\"3310\">&#8220;Redonne de l&#8217;\u00e9lasticit\u00e9 et de la souplesse&#8221;<\/p>\n<\/li>\n<li data-start=\"3311\" data-end=\"3349\">\n<p data-start=\"3313\" data-end=\"3349\">&#8220;Soul\u00e8ve et tonifie visiblement la peau&#8221;<\/p>\n<\/li>\n<\/ul>\n<p data-start=\"3351\" data-end=\"3571\" data-is-last-node=\"\" data-is-only-node=\"\">Ce test est essentiel pour la <strong data-start=\"3378\" data-end=\"3452\">justification des produits, l&#8217;approbation marketing et la documentation clinique<\/strong>, offrant un moyen scientifiquement valid\u00e9 de confirmer les <strong data-start=\"3509\" data-end=\"3545\">effets raffermissants et rajeunissants<\/strong> des formulations cosm\u00e9tiques.<\/p>\n","protected":false},"excerpt":{"rendered":"<p>Le test d&#8217;\u00e9lasticit\u00e9 et de fermet\u00e9 de la peau est une \u00e9valuation scientifique utilis\u00e9e pour mesurer les propri\u00e9t\u00e9s m\u00e9caniques de la peau, plus pr\u00e9cis\u00e9ment sa capacit\u00e9 \u00e0 reprendre sa forme initiale apr\u00e8s avoir \u00e9t\u00e9 doucement \u00e9tir\u00e9e. Ce test fournit des preuves objectives pour des all\u00e9gations telles que &#8220;am\u00e9liore la fermet\u00e9 de la peau&#8221;, &#8220;renforce l&#8217;\u00e9lasticit\u00e9&#8221;&#8230;<\/p>\n","protected":false},"featured_media":14413,"template":"","meta":[],"product_cat":[123,144],"product_tag":[],"class_list":{"0":"post-14460","1":"product","2":"type-product","3":"status-publish","4":"has-post-thumbnail","6":"product_cat-test-defficacite","7":"product_cat-test-cutane","9":"first","10":"instock","11":"virtual","12":"taxable","13":"purchasable","14":"product-type-simple"},"bundled_by":[],"bundle_stock_status":"instock","bundle_stock_quantity":null,"bundle_virtual":false,"bundle_layout":"","bundle_add_to_cart_form_location":"","bundle_editable_in_cart":false,"bundle_sold_individually_context":"","bundle_item_grouping":"","bundle_min_size":"","bundle_max_size":"","bundle_price":[],"bundled_items":[],"bundle_sell_ids":[],"yoast_head":"<!-- This site is optimized with the Yoast SEO Premium plugin v25.4 (Yoast SEO v25.4) - https:\/\/yoast.com\/wordpress\/plugins\/seo\/ -->\n<title>Test d&#039;\u00e9lasticit\u00e9 et de fermet\u00e9 de la peau - Certified Cosmetics<\/title>\n<meta name=\"description\" content=\"Le test d&#039;\u00e9lasticit\u00e9 et de fermet\u00e9 de la peau est une \u00e9valuation scientifique utilis\u00e9e pour mesurer les propri\u00e9t\u00e9s m\u00e9caniques de la peau, plus pr\u00e9cis\u00e9ment sa capacit\u00e9 \u00e0 reprendre sa forme initiale apr\u00e8s avoir \u00e9t\u00e9 doucement \u00e9tir\u00e9e. Ce test fournit des preuves objectives pour des all\u00e9gations telles que &quot;am\u00e9liore la fermet\u00e9 de la peau&quot;, &quot;renforce l&#039;\u00e9lasticit\u00e9&quot; ou &quot;r\u00e9duit les signes de vieillissement&quot;.\" \/>\n<meta name=\"robots\" content=\"index, follow, max-snippet:-1, max-image-preview:large, max-video-preview:-1\" \/>\n<link rel=\"canonical\" href=\"https:\/\/www.certifiedcosmetics.com\/fr\/product\/test-defficacite\/test-cutane\/test-delasticite-et-de-fermete-de-la-peau\/\" \/>\n<meta property=\"og:locale\" content=\"fr_FR\" \/>\n<meta property=\"og:type\" content=\"article\" \/>\n<meta property=\"og:title\" content=\"Test d&#039;\u00e9lasticit\u00e9 et de fermet\u00e9 de la peau\" \/>\n<meta property=\"og:description\" content=\"Le test d&#039;\u00e9lasticit\u00e9 et de fermet\u00e9 de la peau est une \u00e9valuation scientifique utilis\u00e9e pour mesurer les propri\u00e9t\u00e9s m\u00e9caniques de la peau, plus pr\u00e9cis\u00e9ment sa capacit\u00e9 \u00e0 reprendre sa forme initiale apr\u00e8s avoir \u00e9t\u00e9 doucement \u00e9tir\u00e9e. Ce test fournit des preuves objectives pour des all\u00e9gations telles que &quot;am\u00e9liore la fermet\u00e9 de la peau&quot;, &quot;renforce l&#039;\u00e9lasticit\u00e9&quot; ou &quot;r\u00e9duit les signes de vieillissement&quot;.\" \/>\n<meta property=\"og:url\" content=\"https:\/\/www.certifiedcosmetics.com\/fr\/product\/test-defficacite\/test-cutane\/test-delasticite-et-de-fermete-de-la-peau\/\" \/>\n<meta property=\"og:site_name\" content=\"Certified Cosmetics\" \/>\n<meta property=\"og:image\" content=\"https:\/\/www.certifiedcosmetics.com\/wp-content\/uploads\/2025\/11\/firmness-lab-test.jpg\" \/>\n\t<meta property=\"og:image:width\" content=\"800\" \/>\n\t<meta property=\"og:image:height\" content=\"800\" \/>\n\t<meta property=\"og:image:type\" content=\"image\/jpeg\" \/>\n<meta name=\"twitter:card\" content=\"summary_large_image\" \/>\n<meta name=\"twitter:label1\" content=\"Prix\" \/>\n\t<meta name=\"twitter:data1\" content=\"&#036;489.61\" \/>\n\t<meta name=\"twitter:label2\" content=\"Disponibilit\u00e9\" \/>\n\t<meta name=\"twitter:data2\" content=\"En stock\" \/>\n<script type=\"application\/ld+json\" class=\"yoast-schema-graph\">{\"@context\":\"https:\/\/schema.org\",\"@graph\":[{\"@type\":\"WebPage\",\"@id\":\"https:\/\/www.certifiedcosmetics.com\/fr\/product\/test-defficacite\/test-cutane\/test-delasticite-et-de-fermete-de-la-peau\/\",\"url\":\"https:\/\/www.certifiedcosmetics.com\/fr\/product\/test-defficacite\/test-cutane\/test-delasticite-et-de-fermete-de-la-peau\/\",\"name\":\"Test d'\u00e9lasticit\u00e9 et de fermet\u00e9 de la peau - Certified Cosmetics\",\"isPartOf\":{\"@id\":\"https:\/\/www.certifiedcosmetics.com\/fr\/#website\"},\"primaryImageOfPage\":{\"@id\":\"https:\/\/www.certifiedcosmetics.com\/fr\/product\/test-defficacite\/test-cutane\/test-delasticite-et-de-fermete-de-la-peau\/#primaryimage\"},\"image\":{\"@id\":\"https:\/\/www.certifiedcosmetics.com\/fr\/product\/test-defficacite\/test-cutane\/test-delasticite-et-de-fermete-de-la-peau\/#primaryimage\"},\"thumbnailUrl\":\"https:\/\/www.certifiedcosmetics.com\/wp-content\/uploads\/2025\/11\/firmness-lab-test.jpg\",\"datePublished\":\"2025-11-03T11:40:57+00:00\",\"description\":\"Le test d'\u00e9lasticit\u00e9 et de fermet\u00e9 de la peau est une \u00e9valuation scientifique utilis\u00e9e pour mesurer les propri\u00e9t\u00e9s m\u00e9caniques de la peau, plus pr\u00e9cis\u00e9ment sa capacit\u00e9 \u00e0 reprendre sa forme initiale apr\u00e8s avoir \u00e9t\u00e9 doucement \u00e9tir\u00e9e. Ce test fournit des preuves objectives pour des all\u00e9gations telles que \\\"am\u00e9liore la fermet\u00e9 de la peau\\\", \\\"renforce l'\u00e9lasticit\u00e9\\\" ou \\\"r\u00e9duit les signes de vieillissement\\\".\",\"breadcrumb\":{\"@id\":\"https:\/\/www.certifiedcosmetics.com\/fr\/product\/test-defficacite\/test-cutane\/test-delasticite-et-de-fermete-de-la-peau\/#breadcrumb\"},\"inLanguage\":\"fr-FR\",\"potentialAction\":[{\"@type\":\"ReadAction\",\"target\":[\"https:\/\/www.certifiedcosmetics.com\/fr\/product\/test-defficacite\/test-cutane\/test-delasticite-et-de-fermete-de-la-peau\/\"]}]},{\"@type\":\"ImageObject\",\"inLanguage\":\"fr-FR\",\"@id\":\"https:\/\/www.certifiedcosmetics.com\/fr\/product\/test-defficacite\/test-cutane\/test-delasticite-et-de-fermete-de-la-peau\/#primaryimage\",\"url\":\"https:\/\/www.certifiedcosmetics.com\/wp-content\/uploads\/2025\/11\/firmness-lab-test.jpg\",\"contentUrl\":\"https:\/\/www.certifiedcosmetics.com\/wp-content\/uploads\/2025\/11\/firmness-lab-test.jpg\",\"width\":800,\"height\":800},{\"@type\":\"BreadcrumbList\",\"@id\":\"https:\/\/www.certifiedcosmetics.com\/fr\/product\/test-defficacite\/test-cutane\/test-delasticite-et-de-fermete-de-la-peau\/#breadcrumb\",\"itemListElement\":[{\"@type\":\"ListItem\",\"position\":1,\"name\":\"Home\",\"item\":\"https:\/\/www.certifiedcosmetics.com\/fr\/\"},{\"@type\":\"ListItem\",\"position\":2,\"name\":\"Boutique\",\"item\":\"https:\/\/www.certifiedcosmetics.com\/fr\/boutique\/\"},{\"@type\":\"ListItem\",\"position\":3,\"name\":\"Test d&#8217;\u00e9lasticit\u00e9 et de fermet\u00e9 de la peau\"}]},{\"@type\":\"WebSite\",\"@id\":\"https:\/\/www.certifiedcosmetics.com\/fr\/#website\",\"url\":\"https:\/\/www.certifiedcosmetics.com\/fr\/\",\"name\":\"Certified Cosmetics\",\"description\":\"Cosmetic Safety Assessment\",\"publisher\":{\"@id\":\"https:\/\/www.certifiedcosmetics.com\/fr\/#organization\"},\"potentialAction\":[{\"@type\":\"SearchAction\",\"target\":{\"@type\":\"EntryPoint\",\"urlTemplate\":\"https:\/\/www.certifiedcosmetics.com\/fr\/?s={search_term_string}\"},\"query-input\":{\"@type\":\"PropertyValueSpecification\",\"valueRequired\":true,\"valueName\":\"search_term_string\"}}],\"inLanguage\":\"fr-FR\"},{\"@type\":\"Organization\",\"@id\":\"https:\/\/www.certifiedcosmetics.com\/fr\/#organization\",\"name\":\"Certified Cosmetics\",\"url\":\"https:\/\/www.certifiedcosmetics.com\/fr\/\",\"logo\":{\"@type\":\"ImageObject\",\"inLanguage\":\"fr-FR\",\"@id\":\"https:\/\/www.certifiedcosmetics.com\/fr\/#\/schema\/logo\/image\/\",\"url\":\"https:\/\/www.certifiedcosmetics.com\/wp-content\/uploads\/2024\/12\/logo_certified_cosmetics696.jpg\",\"contentUrl\":\"https:\/\/www.certifiedcosmetics.com\/wp-content\/uploads\/2024\/12\/logo_certified_cosmetics696.jpg\",\"width\":696,\"height\":696,\"caption\":\"Certified Cosmetics\"},\"image\":{\"@id\":\"https:\/\/www.certifiedcosmetics.com\/fr\/#\/schema\/logo\/image\/\"},\"description\":\"Your trusted partner for cosmetic product safety reporting. We take care of updating all of your documentation, ensuring your compliance stays current even as regulations evolve. The Cosmetic Product Safety Assessment will give you everything you need to sell specific products to EU consumers.\",\"email\":\"contact@certifiedcosmetics.com\",\"telephone\":\"+31 36 2036384\",\"legalName\":\"Certified Cosmetics\",\"foundingDate\":\"2010-01-01\",\"vatID\":\"NL854189543B01\",\"numberOfEmployees\":{\"@type\":\"QuantitativeValue\",\"minValue\":\"11\",\"maxValue\":\"50\"}}]}<\/script>\n<meta property=\"product:price:amount\" content=\"489.61\" \/>\n<meta property=\"product:price:currency\" content=\"USD\" \/>\n<meta property=\"og:availability\" content=\"instock\" \/>\n<meta property=\"product:availability\" content=\"instock\" \/>\n<meta property=\"product:retailer_item_id\" content=\"CC100131\" \/>\n<meta property=\"product:condition\" content=\"new\" \/>\n<!-- \/ Yoast SEO Premium plugin. -->","yoast_head_json":{"title":"Test d'\u00e9lasticit\u00e9 et de fermet\u00e9 de la peau - Certified Cosmetics","description":"Le test d'\u00e9lasticit\u00e9 et de fermet\u00e9 de la peau est une \u00e9valuation scientifique utilis\u00e9e pour mesurer les propri\u00e9t\u00e9s m\u00e9caniques de la peau, plus pr\u00e9cis\u00e9ment sa capacit\u00e9 \u00e0 reprendre sa forme initiale apr\u00e8s avoir \u00e9t\u00e9 doucement \u00e9tir\u00e9e. Ce test fournit des preuves objectives pour des all\u00e9gations telles que \"am\u00e9liore la fermet\u00e9 de la peau\", \"renforce l'\u00e9lasticit\u00e9\" ou \"r\u00e9duit les signes de vieillissement\".","robots":{"index":"index","follow":"follow","max-snippet":"max-snippet:-1","max-image-preview":"max-image-preview:large","max-video-preview":"max-video-preview:-1"},"canonical":"https:\/\/www.certifiedcosmetics.com\/fr\/product\/test-defficacite\/test-cutane\/test-delasticite-et-de-fermete-de-la-peau\/","og_locale":"fr_FR","og_type":"article","og_title":"Test d'\u00e9lasticit\u00e9 et de fermet\u00e9 de la peau","og_description":"Le test d'\u00e9lasticit\u00e9 et de fermet\u00e9 de la peau est une \u00e9valuation scientifique utilis\u00e9e pour mesurer les propri\u00e9t\u00e9s m\u00e9caniques de la peau, plus pr\u00e9cis\u00e9ment sa capacit\u00e9 \u00e0 reprendre sa forme initiale apr\u00e8s avoir \u00e9t\u00e9 doucement \u00e9tir\u00e9e. Ce test fournit des preuves objectives pour des all\u00e9gations telles que \"am\u00e9liore la fermet\u00e9 de la peau\", \"renforce l'\u00e9lasticit\u00e9\" ou \"r\u00e9duit les signes de vieillissement\".","og_url":"https:\/\/www.certifiedcosmetics.com\/fr\/product\/test-defficacite\/test-cutane\/test-delasticite-et-de-fermete-de-la-peau\/","og_site_name":"Certified Cosmetics","og_image":[{"width":800,"height":800,"url":"https:\/\/www.certifiedcosmetics.com\/wp-content\/uploads\/2025\/11\/firmness-lab-test.jpg","type":"image\/jpeg"}],"twitter_card":"summary_large_image","twitter_misc":{"Prix":"&#36;489.61","Disponibilit\u00e9":"En stock"},"schema":{"@context":"https:\/\/schema.org","@graph":[{"@type":"WebPage","@id":"https:\/\/www.certifiedcosmetics.com\/fr\/product\/test-defficacite\/test-cutane\/test-delasticite-et-de-fermete-de-la-peau\/","url":"https:\/\/www.certifiedcosmetics.com\/fr\/product\/test-defficacite\/test-cutane\/test-delasticite-et-de-fermete-de-la-peau\/","name":"Test d'\u00e9lasticit\u00e9 et de fermet\u00e9 de la peau - Certified Cosmetics","isPartOf":{"@id":"https:\/\/www.certifiedcosmetics.com\/fr\/#website"},"primaryImageOfPage":{"@id":"https:\/\/www.certifiedcosmetics.com\/fr\/product\/test-defficacite\/test-cutane\/test-delasticite-et-de-fermete-de-la-peau\/#primaryimage"},"image":{"@id":"https:\/\/www.certifiedcosmetics.com\/fr\/product\/test-defficacite\/test-cutane\/test-delasticite-et-de-fermete-de-la-peau\/#primaryimage"},"thumbnailUrl":"https:\/\/www.certifiedcosmetics.com\/wp-content\/uploads\/2025\/11\/firmness-lab-test.jpg","datePublished":"2025-11-03T11:40:57+00:00","description":"Le test d'\u00e9lasticit\u00e9 et de fermet\u00e9 de la peau est une \u00e9valuation scientifique utilis\u00e9e pour mesurer les propri\u00e9t\u00e9s m\u00e9caniques de la peau, plus pr\u00e9cis\u00e9ment sa capacit\u00e9 \u00e0 reprendre sa forme initiale apr\u00e8s avoir \u00e9t\u00e9 doucement \u00e9tir\u00e9e. Ce test fournit des preuves objectives pour des all\u00e9gations telles que \"am\u00e9liore la fermet\u00e9 de la peau\", \"renforce l'\u00e9lasticit\u00e9\" ou \"r\u00e9duit les signes de vieillissement\".","breadcrumb":{"@id":"https:\/\/www.certifiedcosmetics.com\/fr\/product\/test-defficacite\/test-cutane\/test-delasticite-et-de-fermete-de-la-peau\/#breadcrumb"},"inLanguage":"fr-FR","potentialAction":[{"@type":"ReadAction","target":["https:\/\/www.certifiedcosmetics.com\/fr\/product\/test-defficacite\/test-cutane\/test-delasticite-et-de-fermete-de-la-peau\/"]}]},{"@type":"ImageObject","inLanguage":"fr-FR","@id":"https:\/\/www.certifiedcosmetics.com\/fr\/product\/test-defficacite\/test-cutane\/test-delasticite-et-de-fermete-de-la-peau\/#primaryimage","url":"https:\/\/www.certifiedcosmetics.com\/wp-content\/uploads\/2025\/11\/firmness-lab-test.jpg","contentUrl":"https:\/\/www.certifiedcosmetics.com\/wp-content\/uploads\/2025\/11\/firmness-lab-test.jpg","width":800,"height":800},{"@type":"BreadcrumbList","@id":"https:\/\/www.certifiedcosmetics.com\/fr\/product\/test-defficacite\/test-cutane\/test-delasticite-et-de-fermete-de-la-peau\/#breadcrumb","itemListElement":[{"@type":"ListItem","position":1,"name":"Home","item":"https:\/\/www.certifiedcosmetics.com\/fr\/"},{"@type":"ListItem","position":2,"name":"Boutique","item":"https:\/\/www.certifiedcosmetics.com\/fr\/boutique\/"},{"@type":"ListItem","position":3,"name":"Test d&#8217;\u00e9lasticit\u00e9 et de fermet\u00e9 de la peau"}]},{"@type":"WebSite","@id":"https:\/\/www.certifiedcosmetics.com\/fr\/#website","url":"https:\/\/www.certifiedcosmetics.com\/fr\/","name":"Certified Cosmetics","description":"Cosmetic Safety Assessment","publisher":{"@id":"https:\/\/www.certifiedcosmetics.com\/fr\/#organization"},"potentialAction":[{"@type":"SearchAction","target":{"@type":"EntryPoint","urlTemplate":"https:\/\/www.certifiedcosmetics.com\/fr\/?s={search_term_string}"},"query-input":{"@type":"PropertyValueSpecification","valueRequired":true,"valueName":"search_term_string"}}],"inLanguage":"fr-FR"},{"@type":"Organization","@id":"https:\/\/www.certifiedcosmetics.com\/fr\/#organization","name":"Certified Cosmetics","url":"https:\/\/www.certifiedcosmetics.com\/fr\/","logo":{"@type":"ImageObject","inLanguage":"fr-FR","@id":"https:\/\/www.certifiedcosmetics.com\/fr\/#\/schema\/logo\/image\/","url":"https:\/\/www.certifiedcosmetics.com\/wp-content\/uploads\/2024\/12\/logo_certified_cosmetics696.jpg","contentUrl":"https:\/\/www.certifiedcosmetics.com\/wp-content\/uploads\/2024\/12\/logo_certified_cosmetics696.jpg","width":696,"height":696,"caption":"Certified Cosmetics"},"image":{"@id":"https:\/\/www.certifiedcosmetics.com\/fr\/#\/schema\/logo\/image\/"},"description":"Your trusted partner for cosmetic product safety reporting. We take care of updating all of your documentation, ensuring your compliance stays current even as regulations evolve. The Cosmetic Product Safety Assessment will give you everything you need to sell specific products to EU consumers.","email":"contact@certifiedcosmetics.com","telephone":"+31 36 2036384","legalName":"Certified Cosmetics","foundingDate":"2010-01-01","vatID":"NL854189543B01","numberOfEmployees":{"@type":"QuantitativeValue","minValue":"11","maxValue":"50"}}]},"product_price_amount":"489.61","product_price_currency":"USD","og_availability":"instock","product_availability":"instock","product_retailer_item_id":"CC100131","product_condition":"new"},"_links":{"self":[{"href":"https:\/\/www.certifiedcosmetics.com\/fr\/wp-json\/wp\/v2\/product\/14460","targetHints":{"allow":["GET"]}}],"collection":[{"href":"https:\/\/www.certifiedcosmetics.com\/fr\/wp-json\/wp\/v2\/product"}],"about":[{"href":"https:\/\/www.certifiedcosmetics.com\/fr\/wp-json\/wp\/v2\/types\/product"}],"wp:featuredmedia":[{"embeddable":true,"href":"https:\/\/www.certifiedcosmetics.com\/fr\/wp-json\/wp\/v2\/media\/14413"}],"wp:attachment":[{"href":"https:\/\/www.certifiedcosmetics.com\/fr\/wp-json\/wp\/v2\/media?parent=14460"}],"wp:term":[{"taxonomy":"product_cat","embeddable":true,"href":"https:\/\/www.certifiedcosmetics.com\/fr\/wp-json\/wp\/v2\/product_cat?post=14460"},{"taxonomy":"product_tag","embeddable":true,"href":"https:\/\/www.certifiedcosmetics.com\/fr\/wp-json\/wp\/v2\/product_tag?post=14460"}],"curies":[{"name":"wp","href":"https:\/\/api.w.org\/{rel}","templated":true}]}}