{"id":14459,"date":"2025-11-03T12:30:09","date_gmt":"2025-11-03T11:30:09","guid":{"rendered":"https:\/\/www.certifiedcosmetics.com\/product\/uncategorized\/test-dhydratation-de-la-peau\/"},"modified":"2025-11-03T12:30:09","modified_gmt":"2025-11-03T11:30:09","slug":"test-dhydratation-de-la-peau","status":"publish","type":"product","link":"https:\/\/www.certifiedcosmetics.com\/fr\/product\/test-defficacite\/test-cutane\/test-dhydratation-de-la-peau\/","title":{"rendered":"Test d&#8217;hydratation de la peau"},"content":{"rendered":"<p data-start=\"27\" data-end=\"377\">Le <strong data-start=\"31\" data-end=\"54\">test d&#8217;hydratation de la peau<\/strong> est une \u00e9valuation en laboratoire con\u00e7ue pour mesurer l&#8217;efficacit\u00e9 avec laquelle un produit cosm\u00e9tique am\u00e9liore ou maintient le niveau d&#8217;hydratation de la peau. Il fournit des donn\u00e9es quantitatives sur l&#8217;<strong data-start=\"233\" data-end=\"258\">efficacit\u00e9 hydratante<\/strong> du produit et est essentiel pour les all\u00e9gations telles que &#8220;hydrate la peau&#8221;, &#8220;am\u00e9liore la r\u00e9tention d&#8217;eau&#8221; ou &#8220;am\u00e9liore la douceur de la peau&#8221;. <\/p>\n<h2 data-start=\"379\" data-end=\"404\">Objectif du test<\/h2>\n<p data-start=\"405\" data-end=\"707\">Le test d&#8217;hydratation de la peau a pour but d&#8217;\u00e9valuer les changements dans la teneur en eau de la couche externe de la peau (le stratum corneum) apr\u00e8s l&#8217;application du produit. Le test d\u00e9termine \u00e0 la fois l&#8217;<strong data-start=\"599\" data-end=\"646\">effet hydratant imm\u00e9diat et durable<\/strong>, ce qui donne une preuve scientifique claire de la performance du produit. <\/p>\n<h2 data-start=\"709\" data-end=\"726\">M\u00e9thodologie<\/h2>\n<p data-start=\"727\" data-end=\"974\">L&#8217;\u00e9tude est r\u00e9alis\u00e9e sous forme de <strong data-start=\"756\" data-end=\"774\">test d&#8217;appareillage<\/strong> \u00e0 l&#8217;aide d&#8217;un <strong data-start=\"783\" data-end=\"798\">corn\u00e9om\u00e8tre<\/strong> ou d&#8217;un appareil de mesure de la capacit\u00e9 de la peau \u00e9quivalent. Cet instrument mesure la capacit\u00e9 \u00e9lectrique de la surface de la peau, qui est en corr\u00e9lation directe avec sa teneur en eau. <\/p>\n<ul data-start=\"976\" data-end=\"1260\">\n<li data-start=\"976\" data-end=\"1008\">\n<p data-start=\"978\" data-end=\"1008\"><strong data-start=\"978\" data-end=\"1003\">Nombre de b\u00e9n\u00e9voles :<\/strong> 10<\/p>\n<\/li>\n<li data-start=\"1009\" data-end=\"1196\">\n<p data-start=\"1011\" data-end=\"1196\"><strong data-start=\"1011\" data-end=\"1034\">Points de mesure :<\/strong> Deux mesures sont effectu\u00e9es &#8211; <strong data-start=\"1064\" data-end=\"1091\">T0 (avant l&#8217;application)<\/strong> et <strong data-start=\"1096\" data-end=\"1122\">T1 (apr\u00e8s l&#8217;application)<\/strong> &#8211; dans des conditions environnementales contr\u00f4l\u00e9es (temp\u00e9rature et humidit\u00e9).<\/p>\n<\/li>\n<li data-start=\"1197\" data-end=\"1260\">\n<p data-start=\"1199\" data-end=\"1260\"><strong data-start=\"1199\" data-end=\"1230\">Nombre d&#8217;\u00e9chantillons requis :<\/strong> 11 \u00e9chantillons de produits finis<\/p>\n<\/li>\n<\/ul>\n<h2 data-start=\"1262\" data-end=\"1282\">Proc\u00e9dure de test<\/h2>\n<ol data-start=\"1283\" data-end=\"1873\">\n<li data-start=\"1283\" data-end=\"1398\">\n<p data-start=\"1286\" data-end=\"1398\"><strong data-start=\"1286\" data-end=\"1310\">S\u00e9lection des volontaires :<\/strong> Dix participants adultes en bonne sant\u00e9 sont s\u00e9lectionn\u00e9s et acclimat\u00e9s \u00e0 l&#8217;environnement du test.<\/p>\n<\/li>\n<li data-start=\"1399\" data-end=\"1510\">\n<p data-start=\"1402\" data-end=\"1510\"><strong data-start=\"1402\" data-end=\"1432\">Mesure de base (T0) :<\/strong> Les niveaux d&#8217;hydratation de la peau sont mesur\u00e9s sur une peau non trait\u00e9e \u00e0 l&#8217;aide du Corn\u00e9om\u00e8tre.<\/p>\n<\/li>\n<li data-start=\"1511\" data-end=\"1614\">\n<p data-start=\"1514\" data-end=\"1614\"><strong data-start=\"1514\" data-end=\"1538\">Application du produit :<\/strong> Une quantit\u00e9 d\u00e9finie du produit \u00e0 tester est appliqu\u00e9e sur la zone d\u00e9sign\u00e9e.<\/p>\n<\/li>\n<li data-start=\"1615\" data-end=\"1752\">\n<p data-start=\"1618\" data-end=\"1752\"><strong data-start=\"1618\" data-end=\"1656\">Mesure apr\u00e8s l&#8217;application (T1) :<\/strong> Apr\u00e8s un intervalle de temps d\u00e9fini (g\u00e9n\u00e9ralement de 30 minutes \u00e0 2 heures), l&#8217;hydratation est \u00e0 nouveau mesur\u00e9e.<\/p>\n<\/li>\n<li data-start=\"1753\" data-end=\"1873\">\n<p data-start=\"1756\" data-end=\"1873\"><strong data-start=\"1756\" data-end=\"1774\">Analyse des donn\u00e9es :<\/strong> Les changements dans les valeurs d&#8217;hydratation sont compar\u00e9s entre T0 et T1 pour d\u00e9terminer l&#8217;effet hydratant.<\/p>\n<\/li>\n<\/ol>\n<h2 data-start=\"1875\" data-end=\"1901\">Param\u00e8tres \u00e9valu\u00e9s<\/h2>\n<ul data-start=\"1902\" data-end=\"2092\">\n<li data-start=\"1902\" data-end=\"1949\">\n<p data-start=\"1904\" data-end=\"1949\">Augmentation imm\u00e9diate et \u00e0 court terme de l&#8217;hydratation<\/p>\n<\/li>\n<li data-start=\"1950\" data-end=\"1988\">\n<p data-start=\"1952\" data-end=\"1988\">Efficacit\u00e9 de la r\u00e9tention de l&#8217;humidit\u00e9 de la peau<\/p>\n<\/li>\n<li data-start=\"1989\" data-end=\"2045\">\n<p data-start=\"1991\" data-end=\"2045\">Comparaison des zones trait\u00e9es par rapport aux zones de contr\u00f4le non trait\u00e9es.<\/p>\n<\/li>\n<li data-start=\"2046\" data-end=\"2092\">\n<p data-start=\"2048\" data-end=\"2092\">Coh\u00e9rence et reproductibilit\u00e9 des r\u00e9sultats<\/p>\n<\/li>\n<\/ul>\n<h2 data-start=\"2094\" data-end=\"2119\">Exemples d&#8217;exigences<\/h2>\n<ul data-start=\"2120\" data-end=\"2317\">\n<li data-start=\"2120\" data-end=\"2165\">\n<p data-start=\"2122\" data-end=\"2165\"><strong data-start=\"2122\" data-end=\"2135\">Quantit\u00e9 :<\/strong> 11 \u00e9chantillons de produits finis<\/p>\n<\/li>\n<li data-start=\"2166\" data-end=\"2234\">\n<p data-start=\"2168\" data-end=\"2234\"><strong data-start=\"2168\" data-end=\"2182\">Condition :<\/strong> Stable, scell\u00e9 et pr\u00eat pour l&#8217;application topique.<\/p>\n<\/li>\n<li data-start=\"2235\" data-end=\"2317\">\n<p data-start=\"2237\" data-end=\"2317\"><strong data-start=\"2237\" data-end=\"2246\">Type :<\/strong> Cr\u00e8mes, lotions, s\u00e9rums, gels ou toute autre formulation hydratante topique.<\/p>\n<\/li>\n<\/ul>\n<h2 data-start=\"2319\" data-end=\"2344\">R\u00e9sultats et rapports<\/h2>\n<p data-start=\"2345\" data-end=\"2378\">Le rapport de laboratoire comprend :<\/p>\n<ul data-start=\"2379\" data-end=\"2638\">\n<li data-start=\"2379\" data-end=\"2422\">\n<p data-start=\"2381\" data-end=\"2422\">Protocole de test et description de l&#8217;appareil<\/p>\n<\/li>\n<li data-start=\"2423\" data-end=\"2475\">\n<p data-start=\"2425\" data-end=\"2475\">Valeurs individuelles et moyennes d&#8217;hydratation (T0 vs. T1)<\/p>\n<\/li>\n<li data-start=\"2476\" data-end=\"2525\">\n<p data-start=\"2478\" data-end=\"2525\">Analyse statistique de l&#8217;am\u00e9lioration de l&#8217;hydratation<\/p>\n<\/li>\n<li data-start=\"2526\" data-end=\"2565\">\n<p data-start=\"2528\" data-end=\"2565\">Repr\u00e9sentation graphique des r\u00e9sultats<\/p>\n<\/li>\n<li data-start=\"2566\" data-end=\"2638\">\n<p data-start=\"2568\" data-end=\"2638\">Interpr\u00e9tation confirmant la performance d&#8217;hydratation et le soutien de l&#8217;all\u00e9gation.<\/p>\n<\/li>\n<\/ul>\n<h2 data-start=\"2640\" data-end=\"2667\">Pourquoi ce test est important<\/h2>\n<p data-start=\"2668\" data-end=\"2833\">Le test d&#8217;hydratation de la peau fournit une <strong data-start=\"2701\" data-end=\"2732\">preuve objective et mesurable<\/strong> de la capacit\u00e9 d&#8217;hydratation d&#8217;un produit. Il est largement utilis\u00e9 pour justifier les all\u00e9gations cosm\u00e9tiques telles que : <\/p>\n<ul data-start=\"2834\" data-end=\"2947\">\n<li data-start=\"2834\" data-end=\"2861\">\n<p data-start=\"2836\" data-end=\"2861\">&#8220;Hydrate instantan\u00e9ment&#8221;<\/p>\n<\/li>\n<li data-start=\"2862\" data-end=\"2897\">\n<p data-start=\"2864\" data-end=\"2897\">&#8220;Am\u00e9liore l&#8217;hydratation de la peau de X%&#8221;<\/p>\n<\/li>\n<li data-start=\"2898\" data-end=\"2947\">\n<p data-start=\"2900\" data-end=\"2947\">&#8220;Favorise l&#8217;\u00e9quilibre de l&#8217;hydratation de la peau \u00e0 long terme&#8221;.<\/p>\n<\/li>\n<\/ul>\n<p data-start=\"2949\" data-end=\"3149\" data-is-last-node=\"\" data-is-only-node=\"\">Ce test est essentiel pour le marketing, le d\u00e9veloppement de produits et la documentation r\u00e9glementaire, car il fournit des preuves cr\u00e9dibles de l&#8217;<strong data-start=\"3069\" data-end=\"3096\">efficacit\u00e9 de l&#8217;hydratation de la peau<\/strong> qui r\u00e9pondent aux normes internationales en mati\u00e8re de tests cosm\u00e9tiques.<\/p>\n","protected":false},"excerpt":{"rendered":"<p>Le test d&#8217;hydratation de la peau est une \u00e9valuation en laboratoire con\u00e7ue pour mesurer l&#8217;efficacit\u00e9 avec laquelle un produit cosm\u00e9tique am\u00e9liore ou maintient le niveau d&#8217;hydratation de la peau. Il fournit des donn\u00e9es quantitatives sur l&#8217;efficacit\u00e9 hydratante du produit et est essentiel pour les all\u00e9gations telles que &#8220;hydrate la peau&#8221;, &#8220;am\u00e9liore la r\u00e9tention d&#8217;eau&#8221; ou&#8230;<\/p>\n","protected":false},"featured_media":14405,"template":"","meta":[],"product_brand":[],"product_cat":[144,123],"product_tag":[],"class_list":{"0":"post-14459","1":"product","2":"type-product","3":"status-publish","4":"has-post-thumbnail","6":"product_cat-test-cutane","7":"product_cat-test-defficacite","9":"first","10":"instock","11":"virtual","12":"taxable","13":"purchasable","14":"product-type-simple"},"bundled_by":[],"bundle_stock_status":"instock","bundle_stock_quantity":null,"bundle_virtual":false,"bundle_layout":"","bundle_add_to_cart_form_location":"","bundle_editable_in_cart":false,"bundle_sold_individually_context":"","bundle_item_grouping":"","bundle_min_size":"","bundle_max_size":"","bundle_price":[],"bundled_items":[],"bundle_sell_ids":[],"yoast_head":"<!-- This site is optimized with the Yoast SEO Premium plugin v25.4 (Yoast SEO v25.4) - https:\/\/yoast.com\/wordpress\/plugins\/seo\/ -->\n<title>Test d&#039;hydratation de la peau - Certified Cosmetics<\/title>\n<meta name=\"description\" content=\"Le test d&#039;hydratation de la peau est une \u00e9valuation en laboratoire con\u00e7ue pour mesurer l&#039;efficacit\u00e9 avec laquelle un produit cosm\u00e9tique am\u00e9liore ou maintient le niveau d&#039;hydratation de la peau. Il fournit des donn\u00e9es quantitatives sur l&#039;efficacit\u00e9 hydratante du produit et est essentiel pour les all\u00e9gations telles que &quot;hydrate la peau&quot;, &quot;am\u00e9liore la r\u00e9tention d&#039;eau&quot; ou &quot;am\u00e9liore la douceur de la peau&quot;.\" \/>\n<meta name=\"robots\" content=\"index, follow, max-snippet:-1, max-image-preview:large, max-video-preview:-1\" \/>\n<link rel=\"canonical\" href=\"https:\/\/www.certifiedcosmetics.com\/fr\/product\/test-defficacite\/test-cutane\/test-dhydratation-de-la-peau\/\" \/>\n<meta property=\"og:locale\" content=\"fr_FR\" \/>\n<meta property=\"og:type\" content=\"article\" \/>\n<meta property=\"og:title\" content=\"Test d&#039;hydratation de la peau\" \/>\n<meta property=\"og:description\" content=\"Le test d&#039;hydratation de la peau est une \u00e9valuation en laboratoire con\u00e7ue pour mesurer l&#039;efficacit\u00e9 avec laquelle un produit cosm\u00e9tique am\u00e9liore ou maintient le niveau d&#039;hydratation de la peau. Il fournit des donn\u00e9es quantitatives sur l&#039;efficacit\u00e9 hydratante du produit et est essentiel pour les all\u00e9gations telles que &quot;hydrate la peau&quot;, &quot;am\u00e9liore la r\u00e9tention d&#039;eau&quot; ou &quot;am\u00e9liore la douceur de la peau&quot;.\" \/>\n<meta property=\"og:url\" content=\"https:\/\/www.certifiedcosmetics.com\/fr\/product\/test-defficacite\/test-cutane\/test-dhydratation-de-la-peau\/\" \/>\n<meta property=\"og:site_name\" content=\"Certified Cosmetics\" \/>\n<meta property=\"og:image\" content=\"https:\/\/www.certifiedcosmetics.com\/wp-content\/uploads\/2025\/11\/hydratation-lab-test.jpg\" \/>\n\t<meta property=\"og:image:width\" content=\"800\" \/>\n\t<meta property=\"og:image:height\" content=\"800\" \/>\n\t<meta property=\"og:image:type\" content=\"image\/jpeg\" \/>\n<meta name=\"twitter:card\" content=\"summary_large_image\" \/>\n<meta name=\"twitter:label1\" content=\"Prix\" \/>\n\t<meta name=\"twitter:data1\" content=\"&#036;497.00\" \/>\n\t<meta name=\"twitter:label2\" content=\"Disponibilit\u00e9\" \/>\n\t<meta name=\"twitter:data2\" content=\"En stock\" \/>\n<script type=\"application\/ld+json\" class=\"yoast-schema-graph\">{\"@context\":\"https:\/\/schema.org\",\"@graph\":[{\"@type\":\"WebPage\",\"@id\":\"https:\/\/www.certifiedcosmetics.com\/fr\/product\/test-defficacite\/test-cutane\/test-dhydratation-de-la-peau\/\",\"url\":\"https:\/\/www.certifiedcosmetics.com\/fr\/product\/test-defficacite\/test-cutane\/test-dhydratation-de-la-peau\/\",\"name\":\"Test d'hydratation de la peau - Certified Cosmetics\",\"isPartOf\":{\"@id\":\"https:\/\/www.certifiedcosmetics.com\/fr\/#website\"},\"primaryImageOfPage\":{\"@id\":\"https:\/\/www.certifiedcosmetics.com\/fr\/product\/test-defficacite\/test-cutane\/test-dhydratation-de-la-peau\/#primaryimage\"},\"image\":{\"@id\":\"https:\/\/www.certifiedcosmetics.com\/fr\/product\/test-defficacite\/test-cutane\/test-dhydratation-de-la-peau\/#primaryimage\"},\"thumbnailUrl\":\"https:\/\/www.certifiedcosmetics.com\/wp-content\/uploads\/2025\/11\/hydratation-lab-test.jpg\",\"datePublished\":\"2025-11-03T11:30:09+00:00\",\"description\":\"Le test d'hydratation de la peau est une \u00e9valuation en laboratoire con\u00e7ue pour mesurer l'efficacit\u00e9 avec laquelle un produit cosm\u00e9tique am\u00e9liore ou maintient le niveau d'hydratation de la peau. Il fournit des donn\u00e9es quantitatives sur l'efficacit\u00e9 hydratante du produit et est essentiel pour les all\u00e9gations telles que \\\"hydrate la peau\\\", \\\"am\u00e9liore la r\u00e9tention d'eau\\\" ou \\\"am\u00e9liore la douceur de la peau\\\".\",\"breadcrumb\":{\"@id\":\"https:\/\/www.certifiedcosmetics.com\/fr\/product\/test-defficacite\/test-cutane\/test-dhydratation-de-la-peau\/#breadcrumb\"},\"inLanguage\":\"fr-FR\",\"potentialAction\":[{\"@type\":\"ReadAction\",\"target\":[\"https:\/\/www.certifiedcosmetics.com\/fr\/product\/test-defficacite\/test-cutane\/test-dhydratation-de-la-peau\/\"]}]},{\"@type\":\"ImageObject\",\"inLanguage\":\"fr-FR\",\"@id\":\"https:\/\/www.certifiedcosmetics.com\/fr\/product\/test-defficacite\/test-cutane\/test-dhydratation-de-la-peau\/#primaryimage\",\"url\":\"https:\/\/www.certifiedcosmetics.com\/wp-content\/uploads\/2025\/11\/hydratation-lab-test.jpg\",\"contentUrl\":\"https:\/\/www.certifiedcosmetics.com\/wp-content\/uploads\/2025\/11\/hydratation-lab-test.jpg\",\"width\":800,\"height\":800},{\"@type\":\"BreadcrumbList\",\"@id\":\"https:\/\/www.certifiedcosmetics.com\/fr\/product\/test-defficacite\/test-cutane\/test-dhydratation-de-la-peau\/#breadcrumb\",\"itemListElement\":[{\"@type\":\"ListItem\",\"position\":1,\"name\":\"Home\",\"item\":\"https:\/\/www.certifiedcosmetics.com\/fr\/\"},{\"@type\":\"ListItem\",\"position\":2,\"name\":\"Boutique\",\"item\":\"https:\/\/www.certifiedcosmetics.com\/fr\/boutique\/\"},{\"@type\":\"ListItem\",\"position\":3,\"name\":\"Test d&#8217;hydratation de la peau\"}]},{\"@type\":\"WebSite\",\"@id\":\"https:\/\/www.certifiedcosmetics.com\/fr\/#website\",\"url\":\"https:\/\/www.certifiedcosmetics.com\/fr\/\",\"name\":\"Certified Cosmetics\",\"description\":\"Cosmetic Safety Assessment\",\"publisher\":{\"@id\":\"https:\/\/www.certifiedcosmetics.com\/fr\/#organization\"},\"potentialAction\":[{\"@type\":\"SearchAction\",\"target\":{\"@type\":\"EntryPoint\",\"urlTemplate\":\"https:\/\/www.certifiedcosmetics.com\/fr\/?s={search_term_string}\"},\"query-input\":{\"@type\":\"PropertyValueSpecification\",\"valueRequired\":true,\"valueName\":\"search_term_string\"}}],\"inLanguage\":\"fr-FR\"},{\"@type\":\"Organization\",\"@id\":\"https:\/\/www.certifiedcosmetics.com\/fr\/#organization\",\"name\":\"Certified Cosmetics\",\"url\":\"https:\/\/www.certifiedcosmetics.com\/fr\/\",\"logo\":{\"@type\":\"ImageObject\",\"inLanguage\":\"fr-FR\",\"@id\":\"https:\/\/www.certifiedcosmetics.com\/fr\/#\/schema\/logo\/image\/\",\"url\":\"https:\/\/www.certifiedcosmetics.com\/wp-content\/uploads\/2024\/12\/logo_certified_cosmetics696.jpg\",\"contentUrl\":\"https:\/\/www.certifiedcosmetics.com\/wp-content\/uploads\/2024\/12\/logo_certified_cosmetics696.jpg\",\"width\":696,\"height\":696,\"caption\":\"Certified Cosmetics\"},\"image\":{\"@id\":\"https:\/\/www.certifiedcosmetics.com\/fr\/#\/schema\/logo\/image\/\"},\"description\":\"Your trusted partner for cosmetic product safety reporting. We take care of updating all of your documentation, ensuring your compliance stays current even as regulations evolve. The Cosmetic Product Safety Assessment will give you everything you need to sell specific products to EU consumers.\",\"email\":\"contact@certifiedcosmetics.com\",\"telephone\":\"+31 36 2036384\",\"legalName\":\"Certified Cosmetics\",\"foundingDate\":\"2010-01-01\",\"vatID\":\"NL854189543B01\",\"numberOfEmployees\":{\"@type\":\"QuantitativeValue\",\"minValue\":\"11\",\"maxValue\":\"50\"}}]}<\/script>\n<meta property=\"product:price:amount\" content=\"497.00\" \/>\n<meta property=\"product:price:currency\" content=\"USD\" \/>\n<meta property=\"og:availability\" content=\"instock\" \/>\n<meta property=\"product:availability\" content=\"instock\" \/>\n<meta property=\"product:retailer_item_id\" content=\"CC100132\" \/>\n<meta property=\"product:condition\" content=\"new\" \/>\n<!-- \/ Yoast SEO Premium plugin. -->","yoast_head_json":{"title":"Test d'hydratation de la peau - Certified Cosmetics","description":"Le test d'hydratation de la peau est une \u00e9valuation en laboratoire con\u00e7ue pour mesurer l'efficacit\u00e9 avec laquelle un produit cosm\u00e9tique am\u00e9liore ou maintient le niveau d'hydratation de la peau. Il fournit des donn\u00e9es quantitatives sur l'efficacit\u00e9 hydratante du produit et est essentiel pour les all\u00e9gations telles que \"hydrate la peau\", \"am\u00e9liore la r\u00e9tention d'eau\" ou \"am\u00e9liore la douceur de la peau\".","robots":{"index":"index","follow":"follow","max-snippet":"max-snippet:-1","max-image-preview":"max-image-preview:large","max-video-preview":"max-video-preview:-1"},"canonical":"https:\/\/www.certifiedcosmetics.com\/fr\/product\/test-defficacite\/test-cutane\/test-dhydratation-de-la-peau\/","og_locale":"fr_FR","og_type":"article","og_title":"Test d'hydratation de la peau","og_description":"Le test d'hydratation de la peau est une \u00e9valuation en laboratoire con\u00e7ue pour mesurer l'efficacit\u00e9 avec laquelle un produit cosm\u00e9tique am\u00e9liore ou maintient le niveau d'hydratation de la peau. Il fournit des donn\u00e9es quantitatives sur l'efficacit\u00e9 hydratante du produit et est essentiel pour les all\u00e9gations telles que \"hydrate la peau\", \"am\u00e9liore la r\u00e9tention d'eau\" ou \"am\u00e9liore la douceur de la peau\".","og_url":"https:\/\/www.certifiedcosmetics.com\/fr\/product\/test-defficacite\/test-cutane\/test-dhydratation-de-la-peau\/","og_site_name":"Certified Cosmetics","og_image":[{"width":800,"height":800,"url":"https:\/\/www.certifiedcosmetics.com\/wp-content\/uploads\/2025\/11\/hydratation-lab-test.jpg","type":"image\/jpeg"}],"twitter_card":"summary_large_image","twitter_misc":{"Prix":"&#36;497.00","Disponibilit\u00e9":"En stock"},"schema":{"@context":"https:\/\/schema.org","@graph":[{"@type":"WebPage","@id":"https:\/\/www.certifiedcosmetics.com\/fr\/product\/test-defficacite\/test-cutane\/test-dhydratation-de-la-peau\/","url":"https:\/\/www.certifiedcosmetics.com\/fr\/product\/test-defficacite\/test-cutane\/test-dhydratation-de-la-peau\/","name":"Test d'hydratation de la peau - Certified Cosmetics","isPartOf":{"@id":"https:\/\/www.certifiedcosmetics.com\/fr\/#website"},"primaryImageOfPage":{"@id":"https:\/\/www.certifiedcosmetics.com\/fr\/product\/test-defficacite\/test-cutane\/test-dhydratation-de-la-peau\/#primaryimage"},"image":{"@id":"https:\/\/www.certifiedcosmetics.com\/fr\/product\/test-defficacite\/test-cutane\/test-dhydratation-de-la-peau\/#primaryimage"},"thumbnailUrl":"https:\/\/www.certifiedcosmetics.com\/wp-content\/uploads\/2025\/11\/hydratation-lab-test.jpg","datePublished":"2025-11-03T11:30:09+00:00","description":"Le test d'hydratation de la peau est une \u00e9valuation en laboratoire con\u00e7ue pour mesurer l'efficacit\u00e9 avec laquelle un produit cosm\u00e9tique am\u00e9liore ou maintient le niveau d'hydratation de la peau. Il fournit des donn\u00e9es quantitatives sur l'efficacit\u00e9 hydratante du produit et est essentiel pour les all\u00e9gations telles que \"hydrate la peau\", \"am\u00e9liore la r\u00e9tention d'eau\" ou \"am\u00e9liore la douceur de la peau\".","breadcrumb":{"@id":"https:\/\/www.certifiedcosmetics.com\/fr\/product\/test-defficacite\/test-cutane\/test-dhydratation-de-la-peau\/#breadcrumb"},"inLanguage":"fr-FR","potentialAction":[{"@type":"ReadAction","target":["https:\/\/www.certifiedcosmetics.com\/fr\/product\/test-defficacite\/test-cutane\/test-dhydratation-de-la-peau\/"]}]},{"@type":"ImageObject","inLanguage":"fr-FR","@id":"https:\/\/www.certifiedcosmetics.com\/fr\/product\/test-defficacite\/test-cutane\/test-dhydratation-de-la-peau\/#primaryimage","url":"https:\/\/www.certifiedcosmetics.com\/wp-content\/uploads\/2025\/11\/hydratation-lab-test.jpg","contentUrl":"https:\/\/www.certifiedcosmetics.com\/wp-content\/uploads\/2025\/11\/hydratation-lab-test.jpg","width":800,"height":800},{"@type":"BreadcrumbList","@id":"https:\/\/www.certifiedcosmetics.com\/fr\/product\/test-defficacite\/test-cutane\/test-dhydratation-de-la-peau\/#breadcrumb","itemListElement":[{"@type":"ListItem","position":1,"name":"Home","item":"https:\/\/www.certifiedcosmetics.com\/fr\/"},{"@type":"ListItem","position":2,"name":"Boutique","item":"https:\/\/www.certifiedcosmetics.com\/fr\/boutique\/"},{"@type":"ListItem","position":3,"name":"Test d&#8217;hydratation de la peau"}]},{"@type":"WebSite","@id":"https:\/\/www.certifiedcosmetics.com\/fr\/#website","url":"https:\/\/www.certifiedcosmetics.com\/fr\/","name":"Certified Cosmetics","description":"Cosmetic Safety Assessment","publisher":{"@id":"https:\/\/www.certifiedcosmetics.com\/fr\/#organization"},"potentialAction":[{"@type":"SearchAction","target":{"@type":"EntryPoint","urlTemplate":"https:\/\/www.certifiedcosmetics.com\/fr\/?s={search_term_string}"},"query-input":{"@type":"PropertyValueSpecification","valueRequired":true,"valueName":"search_term_string"}}],"inLanguage":"fr-FR"},{"@type":"Organization","@id":"https:\/\/www.certifiedcosmetics.com\/fr\/#organization","name":"Certified Cosmetics","url":"https:\/\/www.certifiedcosmetics.com\/fr\/","logo":{"@type":"ImageObject","inLanguage":"fr-FR","@id":"https:\/\/www.certifiedcosmetics.com\/fr\/#\/schema\/logo\/image\/","url":"https:\/\/www.certifiedcosmetics.com\/wp-content\/uploads\/2024\/12\/logo_certified_cosmetics696.jpg","contentUrl":"https:\/\/www.certifiedcosmetics.com\/wp-content\/uploads\/2024\/12\/logo_certified_cosmetics696.jpg","width":696,"height":696,"caption":"Certified Cosmetics"},"image":{"@id":"https:\/\/www.certifiedcosmetics.com\/fr\/#\/schema\/logo\/image\/"},"description":"Your trusted partner for cosmetic product safety reporting. We take care of updating all of your documentation, ensuring your compliance stays current even as regulations evolve. The Cosmetic Product Safety Assessment will give you everything you need to sell specific products to EU consumers.","email":"contact@certifiedcosmetics.com","telephone":"+31 36 2036384","legalName":"Certified Cosmetics","foundingDate":"2010-01-01","vatID":"NL854189543B01","numberOfEmployees":{"@type":"QuantitativeValue","minValue":"11","maxValue":"50"}}]},"product_price_amount":"497.00","product_price_currency":"USD","og_availability":"instock","product_availability":"instock","product_retailer_item_id":"CC100132","product_condition":"new"},"_links":{"self":[{"href":"https:\/\/www.certifiedcosmetics.com\/fr\/wp-json\/wp\/v2\/product\/14459","targetHints":{"allow":["GET"]}}],"collection":[{"href":"https:\/\/www.certifiedcosmetics.com\/fr\/wp-json\/wp\/v2\/product"}],"about":[{"href":"https:\/\/www.certifiedcosmetics.com\/fr\/wp-json\/wp\/v2\/types\/product"}],"wp:featuredmedia":[{"embeddable":true,"href":"https:\/\/www.certifiedcosmetics.com\/fr\/wp-json\/wp\/v2\/media\/14405"}],"wp:attachment":[{"href":"https:\/\/www.certifiedcosmetics.com\/fr\/wp-json\/wp\/v2\/media?parent=14459"}],"wp:term":[{"taxonomy":"product_brand","embeddable":true,"href":"https:\/\/www.certifiedcosmetics.com\/fr\/wp-json\/wp\/v2\/product_brand?post=14459"},{"taxonomy":"product_cat","embeddable":true,"href":"https:\/\/www.certifiedcosmetics.com\/fr\/wp-json\/wp\/v2\/product_cat?post=14459"},{"taxonomy":"product_tag","embeddable":true,"href":"https:\/\/www.certifiedcosmetics.com\/fr\/wp-json\/wp\/v2\/product_tag?post=14459"}],"curies":[{"name":"wp","href":"https:\/\/api.w.org\/{rel}","templated":true}]}}