{"id":14222,"date":"2025-10-16T14:13:35","date_gmt":"2025-10-16T13:13:35","guid":{"rendered":"https:\/\/www.certifiedcosmetics.com\/product\/uncategorized\/mocra-cosmetic-safety-substantiation-en-anglais-seulement\/"},"modified":"2025-10-16T14:13:35","modified_gmt":"2025-10-16T13:13:35","slug":"mocra-cosmetic-safety-substantiation-en-anglais-seulement","status":"publish","type":"product","link":"https:\/\/www.certifiedcosmetics.com\/fr\/product\/securite-des-produits-cosmetiques\/mocra-cosmetic-safety-substantiation-en-anglais-seulement\/","title":{"rendered":"MoCRA Cosmetic Safety Substantiation (en anglais seulement)"},"content":{"rendered":"<p data-start=\"388\" data-end=\"695\">En vertu de la <strong data-start=\"398\" data-end=\"451\">loi sur la modernisation de la r\u00e9glementation des cosm\u00e9tiques (MoCRA)<\/strong>, chaque produit cosm\u00e9tique commercialis\u00e9 aux \u00c9tats-Unis doit faire l&#8217;objet d&#8217;une <em data-start=\"516\" data-end=\"548\">justification de s\u00e9curit\u00e9 ad\u00e9quate<\/em> &#8211; ce qui signifie que le fabricant ou la personne responsable doit tenir des registres et des preuves d\u00e9montrant que le produit est sans danger pour l&#8217;usage auquel il est destin\u00e9.<\/p>\n<p data-start=\"697\" data-end=\"931\">La loi d\u00e9finit une justification ad\u00e9quate comme des tests, des \u00e9tudes, des recherches, des analyses ou d&#8217;autres preuves consid\u00e9r\u00e9es par des experts qualifi\u00e9s comme offrant une <em data-start=\"839\" data-end=\"871\">certitude raisonnable de s\u00e9curit\u00e9<\/em> dans des conditions d&#8217;utilisation normales ou raisonnablement pr\u00e9visibles.<\/p>\n<p data-start=\"933\" data-end=\"1035\">Si un produit n&#8217;est pas suffisamment \u00e9tay\u00e9 sur le plan de la s\u00e9curit\u00e9, il peut \u00eatre consid\u00e9r\u00e9 comme <strong data-start=\"1005\" data-end=\"1020\">adult\u00e9r\u00e9<\/strong> en vertu de la MoCRA.<\/p>\n<h2 data-start=\"1037\" data-end=\"1088\">Ce qui doit \u00eatre couvert dans une justification de la s\u00e9curit\u00e9<\/h2>\n<p data-start=\"1090\" data-end=\"1158\">Pour satisfaire le MoCRA, ton dossier de justification de la s\u00e9curit\u00e9 doit comprendre les \u00e9l\u00e9ments suivants :<\/p>\n<p data-start=\"1160\" data-end=\"1379\"><strong data-start=\"1160\" data-end=\"1192\">Donn\u00e9es de s\u00e9curit\u00e9 au niveau des ingr\u00e9dients<\/strong><br data-start=\"1192\" data-end=\"1195\">Pour chaque ingr\u00e9dient de ta formule, tu as besoin de donn\u00e9es chimiques, toxicologiques et bas\u00e9es sur l&#8217;exposition. Les \u00e9valuations de s\u00e9curit\u00e9 existantes et la litt\u00e9rature \u00e9valu\u00e9e par les pairs peuvent \u00eatre utilis\u00e9es le cas \u00e9ch\u00e9ant. <\/p>\n<p data-start=\"1381\" data-end=\"1687\"><strong data-start=\"1381\" data-end=\"1418\">\u00c9valuation des doses\/expositions et des risques<\/strong><br data-start=\"1418\" data-end=\"1421\">Ta justification doit prendre en compte la quantit\u00e9 de produit qu&#8217;un utilisateur typique applique, la fr\u00e9quence, le niveau d&#8217;absorption par la peau et l&#8217;exposition cumulative potentielle ou les interactions. Les preuves doivent d\u00e9montrer que le produit est s\u00fbr dans les conditions d&#8217;utilisation pr\u00e9vues. <\/p>\n<p data-start=\"1689\" data-end=\"1759\"><strong data-start=\"1689\" data-end=\"1737\">Essais au niveau du produit ou preuves \u00e0 l&#8217;appui<\/strong><br data-start=\"1737\" data-end=\"1740\">Il peut s&#8217;agir des \u00e9l\u00e9ments suivants :<\/p>\n<ul data-start=\"1760\" data-end=\"2057\">\n<li data-start=\"1760\" data-end=\"1839\">\n<p data-start=\"1762\" data-end=\"1839\">Test de stabilit\u00e9 pour confirmer que la formulation reste s\u00fbre pendant la dur\u00e9e de conservation.<\/p>\n<\/li>\n<li data-start=\"1840\" data-end=\"1896\">\n<p data-start=\"1842\" data-end=\"1896\">Efficacit\u00e9 des conservateurs ou tests de provocation microbienne<\/p>\n<\/li>\n<li data-start=\"1897\" data-end=\"1979\">\n<p data-start=\"1899\" data-end=\"1979\">Tests d&#8217;irritation et de sensibilisation tels que les tests \u00e9picutan\u00e9s ou les tests \u00e9picutan\u00e9s d&#8217;insultes r\u00e9p\u00e9t\u00e9es.<\/p>\n<\/li>\n<li data-start=\"1980\" data-end=\"2057\">\n<p data-start=\"1982\" data-end=\"2057\">M\u00e9thodes de test in vitro ou in silico comme alternatives non animales appropri\u00e9es.<\/p>\n<\/li>\n<\/ul>\n<p data-start=\"2059\" data-end=\"2260\"><strong data-start=\"2059\" data-end=\"2090\">Documentation et justification<\/strong><br data-start=\"2090\" data-end=\"2093\">Chaque d\u00e9cision &#8211; telle que la s\u00e9lection des tests, les seuils de s\u00e9curit\u00e9 et les marges de risque &#8211; doit \u00eatre clairement justifi\u00e9e et \u00e9tay\u00e9e par des donn\u00e9es, des protocoles et des analyses tra\u00e7ables.<\/p>\n<p data-start=\"2262\" data-end=\"2422\"><strong data-start=\"2262\" data-end=\"2290\">Tenue d&#8217;archives organis\u00e9e<\/strong><br data-start=\"2290\" data-end=\"2293\">Toutes les donn\u00e9es primaires, les r\u00e9sum\u00e9s, les protocoles et les documents d&#8217;appui doivent \u00eatre correctement catalogu\u00e9s et accessibles en cas d&#8217;inspection de la FDA.<\/p>\n<h2 data-start=\"2424\" data-end=\"2463\">Contexte r\u00e9glementaire et exigences<\/h2>\n<ul data-start=\"2465\" data-end=\"2995\">\n<li data-start=\"2465\" data-end=\"2599\">\n<p data-start=\"2467\" data-end=\"2599\">La <strong data-start=\"2471\" data-end=\"2493\">personne responsable<\/strong> mentionn\u00e9e sur l&#8217;\u00e9tiquette du cosm\u00e9tique est l\u00e9galement tenue de conserver et de mettre \u00e0 jour les dossiers de justification de l&#8217;innocuit\u00e9.<\/p>\n<\/li>\n<li data-start=\"2600\" data-end=\"2698\">\n<p data-start=\"2602\" data-end=\"2698\">La FDA peut demander l&#8217;acc\u00e8s \u00e0 ces registres lors d&#8217;une inspection, et ils doivent \u00eatre facilement accessibles.<\/p>\n<\/li>\n<li data-start=\"2699\" data-end=\"2796\">\n<p data-start=\"2701\" data-end=\"2796\">La MoCRA conf\u00e8re \u00e0 la FDA le pouvoir de proc\u00e9der \u00e0 des rappels si un produit cosm\u00e9tique s&#8217;av\u00e8re dangereux ou falsifi\u00e9.<\/p>\n<\/li>\n<li data-start=\"2797\" data-end=\"2894\">\n<p data-start=\"2799\" data-end=\"2894\">La justification de la s\u00e9curit\u00e9 doit \u00eatre mise \u00e0 jour en cas de nouvelles informations scientifiques ou de modifications du produit.<\/p>\n<\/li>\n<\/ul>\n<h2 data-start=\"3712\" data-end=\"3741\">Ce que notre service offre<\/h2>\n<p data-start=\"3743\" data-end=\"3859\">Nous offrons un service complet pour pr\u00e9parer ton dossier de justification de la s\u00e9curit\u00e9 conforme au MoCRA. Nos prestations comprennent : <\/p>\n<ul data-start=\"3861\" data-end=\"4361\">\n<li data-start=\"3861\" data-end=\"3919\">\n<p data-start=\"3863\" data-end=\"3919\">Un examen d\u00e9taill\u00e9 de ta formulation et de l&#8217;utilisation pr\u00e9vue<\/p>\n<\/li>\n<li data-start=\"3920\" data-end=\"3993\">\n<p data-start=\"3922\" data-end=\"3993\">Collecte et \u00e9valuation des donn\u00e9es sur l&#8217;innocuit\u00e9 et la toxicit\u00e9 des ingr\u00e9dients<\/p>\n<\/li>\n<li data-start=\"3994\" data-end=\"4054\">\n<p data-start=\"3996\" data-end=\"4054\">Mod\u00e9lisation de l&#8217;exposition et des risques adapt\u00e9e \u00e0 ton type de produit.<\/p>\n<\/li>\n<li data-start=\"4055\" data-end=\"4108\">\n<p data-start=\"4057\" data-end=\"4108\">Recommandations pour tout test suppl\u00e9mentaire n\u00e9cessaire<\/p>\n<\/li>\n<li data-start=\"4109\" data-end=\"4225\">\n<p data-start=\"4111\" data-end=\"4225\">Pr\u00e9paration d&#8217;un <strong data-start=\"4142\" data-end=\"4174\">rapport de justification de la<\/strong> s\u00e9curit\u00e9 complet r\u00e9sumant le raisonnement et les conclusions en mati\u00e8re de s\u00e9curit\u00e9.<\/p>\n<\/li>\n<li data-start=\"4226\" data-end=\"4296\">\n<p data-start=\"4228\" data-end=\"4296\">Cr\u00e9ation d&#8217;une documentation pr\u00eate \u00e0 l&#8217;audit et format\u00e9e pour l&#8217;inspection de la FDA.<\/p>\n<\/li>\n<\/ul>\n<h2 data-start=\"4363\" data-end=\"4383\">Pourquoi c&#8217;est important<\/h2>\n<p data-start=\"4385\" data-end=\"4509\">Une solide justification de la s\u00e9curit\u00e9 n&#8217;est pas seulement une exigence l\u00e9gale &#8211; c&#8217;est une pierre angulaire de la cr\u00e9dibilit\u00e9 de la marque et de la confiance des consommateurs.<\/p>\n<p data-start=\"4511\" data-end=\"4534\">Documentation appropri\u00e9e :<\/p>\n<ul data-start=\"4535\" data-end=\"4776\">\n<li data-start=\"4535\" data-end=\"4595\">\n<p data-start=\"4537\" data-end=\"4595\">Confirme ta conformit\u00e9 aux attentes du MoCRA et de la FDA<\/p>\n<\/li>\n<li data-start=\"4596\" data-end=\"4649\">\n<p data-start=\"4598\" data-end=\"4649\">Minimise le risque de mesures r\u00e9glementaires ou de rappel.<\/p>\n<\/li>\n<li data-start=\"4650\" data-end=\"4710\">\n<p data-start=\"4652\" data-end=\"4710\">D\u00e9montre l&#8217;engagement de ton entreprise en mati\u00e8re de s\u00e9curit\u00e9 des produits.<\/p>\n<\/li>\n<li data-start=\"4711\" data-end=\"4776\">\n<p data-start=\"4713\" data-end=\"4776\">Renforce la confiance des distributeurs, des d\u00e9taillants et des clients.<\/p>\n<\/li>\n<\/ul>\n","protected":false},"excerpt":{"rendered":"<p>En vertu de la loi sur la modernisation de la r\u00e9glementation des cosm\u00e9tiques (MoCRA), chaque produit cosm\u00e9tique commercialis\u00e9 aux \u00c9tats-Unis doit faire l&#8217;objet d&#8217;une justification de s\u00e9curit\u00e9 ad\u00e9quate &#8211; ce qui signifie que le fabricant ou la personne responsable doit tenir des registres et des preuves d\u00e9montrant que le produit est sans danger pour l&#8217;usage&#8230;<\/p>\n","protected":false},"featured_media":13855,"template":"","meta":[],"product_brand":[],"product_cat":[1594],"product_tag":[],"class_list":{"0":"post-14222","1":"product","2":"type-product","3":"status-publish","4":"has-post-thumbnail","6":"product_cat-securite-des-produits-cosmetiques","8":"first","9":"instock","10":"taxable","11":"shipping-taxable","12":"purchasable","13":"product-type-variable","14":"has-default-attributes"},"bundled_by":["15046"],"bundle_stock_status":"instock","bundle_stock_quantity":null,"bundle_virtual":false,"bundle_layout":"","bundle_add_to_cart_form_location":"","bundle_editable_in_cart":false,"bundle_sold_individually_context":"","bundle_item_grouping":"","bundle_min_size":"","bundle_max_size":"","bundle_price":[],"bundled_items":[],"bundle_sell_ids":[],"yoast_head":"<!-- This site is optimized with the Yoast SEO Premium plugin v25.4 (Yoast SEO v25.4) - https:\/\/yoast.com\/wordpress\/plugins\/seo\/ -->\n<title>MoCRA Cosmetic Safety Substantiation (en anglais seulement) - Certified Cosmetics<\/title>\n<meta name=\"description\" content=\"En vertu de la loi sur la modernisation de la r\u00e9glementation des cosm\u00e9tiques (MoCRA), chaque produit cosm\u00e9tique commercialis\u00e9 aux \u00c9tats-Unis doit faire l&#039;objet d&#039;une justification de s\u00e9curit\u00e9 ad\u00e9quate - ce qui signifie que le fabricant ou la personne responsable doit tenir des registres et des preuves d\u00e9montrant que le produit est sans danger pour l&#039;usage auquel il est destin\u00e9.\" \/>\n<meta name=\"robots\" content=\"index, follow, max-snippet:-1, max-image-preview:large, max-video-preview:-1\" \/>\n<link rel=\"canonical\" href=\"https:\/\/www.certifiedcosmetics.com\/fr\/product\/securite-des-produits-cosmetiques\/mocra-cosmetic-safety-substantiation-en-anglais-seulement\/\" \/>\n<meta property=\"og:locale\" content=\"fr_FR\" \/>\n<meta property=\"og:type\" content=\"article\" \/>\n<meta property=\"og:title\" content=\"MoCRA Cosmetic Safety Substantiation (en anglais seulement)\" \/>\n<meta property=\"og:description\" content=\"En vertu de la loi sur la modernisation de la r\u00e9glementation des cosm\u00e9tiques (MoCRA), chaque produit cosm\u00e9tique commercialis\u00e9 aux \u00c9tats-Unis doit faire l&#039;objet d&#039;une justification de s\u00e9curit\u00e9 ad\u00e9quate - ce qui signifie que le fabricant ou la personne responsable doit tenir des registres et des preuves d\u00e9montrant que le produit est sans danger pour l&#039;usage auquel il est destin\u00e9.\" \/>\n<meta property=\"og:url\" content=\"https:\/\/www.certifiedcosmetics.com\/fr\/product\/securite-des-produits-cosmetiques\/mocra-cosmetic-safety-substantiation-en-anglais-seulement\/\" \/>\n<meta property=\"og:site_name\" content=\"Certified Cosmetics\" \/>\n<meta property=\"og:image\" content=\"https:\/\/www.certifiedcosmetics.com\/wp-content\/uploads\/2025\/10\/safety.png\" \/>\n\t<meta property=\"og:image:width\" content=\"1024\" \/>\n\t<meta property=\"og:image:height\" content=\"1024\" \/>\n\t<meta property=\"og:image:type\" content=\"image\/png\" \/>\n<meta name=\"twitter:card\" content=\"summary_large_image\" \/>\n<meta name=\"twitter:label1\" content=\"Disponibilit\u00e9\" \/>\n\t<meta name=\"twitter:data1\" content=\"En stock\" \/>\n<script type=\"application\/ld+json\" class=\"yoast-schema-graph\">{\"@context\":\"https:\/\/schema.org\",\"@graph\":[{\"@type\":\"WebPage\",\"@id\":\"https:\/\/www.certifiedcosmetics.com\/fr\/product\/securite-des-produits-cosmetiques\/mocra-cosmetic-safety-substantiation-en-anglais-seulement\/\",\"url\":\"https:\/\/www.certifiedcosmetics.com\/fr\/product\/securite-des-produits-cosmetiques\/mocra-cosmetic-safety-substantiation-en-anglais-seulement\/\",\"name\":\"MoCRA Cosmetic Safety Substantiation (en anglais seulement) - Certified Cosmetics\",\"isPartOf\":{\"@id\":\"https:\/\/www.certifiedcosmetics.com\/fr\/#website\"},\"primaryImageOfPage\":{\"@id\":\"https:\/\/www.certifiedcosmetics.com\/fr\/product\/securite-des-produits-cosmetiques\/mocra-cosmetic-safety-substantiation-en-anglais-seulement\/#primaryimage\"},\"image\":{\"@id\":\"https:\/\/www.certifiedcosmetics.com\/fr\/product\/securite-des-produits-cosmetiques\/mocra-cosmetic-safety-substantiation-en-anglais-seulement\/#primaryimage\"},\"thumbnailUrl\":\"https:\/\/www.certifiedcosmetics.com\/wp-content\/uploads\/2025\/10\/safety.png\",\"datePublished\":\"2025-10-16T13:13:35+00:00\",\"description\":\"En vertu de la loi sur la modernisation de la r\u00e9glementation des cosm\u00e9tiques (MoCRA), chaque produit cosm\u00e9tique commercialis\u00e9 aux \u00c9tats-Unis doit faire l'objet d'une justification de s\u00e9curit\u00e9 ad\u00e9quate - ce qui signifie que le fabricant ou la personne responsable doit tenir des registres et des preuves d\u00e9montrant que le produit est sans danger pour l'usage auquel il est destin\u00e9.\",\"breadcrumb\":{\"@id\":\"https:\/\/www.certifiedcosmetics.com\/fr\/product\/securite-des-produits-cosmetiques\/mocra-cosmetic-safety-substantiation-en-anglais-seulement\/#breadcrumb\"},\"inLanguage\":\"fr-FR\",\"potentialAction\":[{\"@type\":\"ReadAction\",\"target\":[\"https:\/\/www.certifiedcosmetics.com\/fr\/product\/securite-des-produits-cosmetiques\/mocra-cosmetic-safety-substantiation-en-anglais-seulement\/\"]}]},{\"@type\":\"ImageObject\",\"inLanguage\":\"fr-FR\",\"@id\":\"https:\/\/www.certifiedcosmetics.com\/fr\/product\/securite-des-produits-cosmetiques\/mocra-cosmetic-safety-substantiation-en-anglais-seulement\/#primaryimage\",\"url\":\"https:\/\/www.certifiedcosmetics.com\/wp-content\/uploads\/2025\/10\/safety.png\",\"contentUrl\":\"https:\/\/www.certifiedcosmetics.com\/wp-content\/uploads\/2025\/10\/safety.png\",\"width\":1024,\"height\":1024},{\"@type\":\"BreadcrumbList\",\"@id\":\"https:\/\/www.certifiedcosmetics.com\/fr\/product\/securite-des-produits-cosmetiques\/mocra-cosmetic-safety-substantiation-en-anglais-seulement\/#breadcrumb\",\"itemListElement\":[{\"@type\":\"ListItem\",\"position\":1,\"name\":\"Home\",\"item\":\"https:\/\/www.certifiedcosmetics.com\/fr\/\"},{\"@type\":\"ListItem\",\"position\":2,\"name\":\"Boutique\",\"item\":\"https:\/\/www.certifiedcosmetics.com\/fr\/boutique\/\"},{\"@type\":\"ListItem\",\"position\":3,\"name\":\"MoCRA Cosmetic Safety Substantiation (en anglais seulement)\"}]},{\"@type\":\"WebSite\",\"@id\":\"https:\/\/www.certifiedcosmetics.com\/fr\/#website\",\"url\":\"https:\/\/www.certifiedcosmetics.com\/fr\/\",\"name\":\"Certified Cosmetics\",\"description\":\"Cosmetic Safety Assessment\",\"publisher\":{\"@id\":\"https:\/\/www.certifiedcosmetics.com\/fr\/#organization\"},\"potentialAction\":[{\"@type\":\"SearchAction\",\"target\":{\"@type\":\"EntryPoint\",\"urlTemplate\":\"https:\/\/www.certifiedcosmetics.com\/fr\/?s={search_term_string}\"},\"query-input\":{\"@type\":\"PropertyValueSpecification\",\"valueRequired\":true,\"valueName\":\"search_term_string\"}}],\"inLanguage\":\"fr-FR\"},{\"@type\":\"Organization\",\"@id\":\"https:\/\/www.certifiedcosmetics.com\/fr\/#organization\",\"name\":\"Certified Cosmetics\",\"url\":\"https:\/\/www.certifiedcosmetics.com\/fr\/\",\"logo\":{\"@type\":\"ImageObject\",\"inLanguage\":\"fr-FR\",\"@id\":\"https:\/\/www.certifiedcosmetics.com\/fr\/#\/schema\/logo\/image\/\",\"url\":\"https:\/\/www.certifiedcosmetics.com\/wp-content\/uploads\/2024\/12\/logo_certified_cosmetics696.jpg\",\"contentUrl\":\"https:\/\/www.certifiedcosmetics.com\/wp-content\/uploads\/2024\/12\/logo_certified_cosmetics696.jpg\",\"width\":696,\"height\":696,\"caption\":\"Certified Cosmetics\"},\"image\":{\"@id\":\"https:\/\/www.certifiedcosmetics.com\/fr\/#\/schema\/logo\/image\/\"},\"description\":\"Your trusted partner for cosmetic product safety reporting. We take care of updating all of your documentation, ensuring your compliance stays current even as regulations evolve. The Cosmetic Product Safety Assessment will give you everything you need to sell specific products to EU consumers.\",\"email\":\"contact@certifiedcosmetics.com\",\"telephone\":\"+31 36 2036384\",\"legalName\":\"Certified Cosmetics\",\"foundingDate\":\"2010-01-01\",\"vatID\":\"NL854189543B01\",\"numberOfEmployees\":{\"@type\":\"QuantitativeValue\",\"minValue\":\"11\",\"maxValue\":\"50\"}}]}<\/script>\n<meta property=\"og:availability\" content=\"instock\" \/>\n<meta property=\"product:availability\" content=\"instock\" \/>\n<meta property=\"product:condition\" content=\"new\" \/>\n<!-- \/ Yoast SEO Premium plugin. -->","yoast_head_json":{"title":"MoCRA Cosmetic Safety Substantiation (en anglais seulement) - Certified Cosmetics","description":"En vertu de la loi sur la modernisation de la r\u00e9glementation des cosm\u00e9tiques (MoCRA), chaque produit cosm\u00e9tique commercialis\u00e9 aux \u00c9tats-Unis doit faire l'objet d'une justification de s\u00e9curit\u00e9 ad\u00e9quate - ce qui signifie que le fabricant ou la personne responsable doit tenir des registres et des preuves d\u00e9montrant que le produit est sans danger pour l'usage auquel il est destin\u00e9.","robots":{"index":"index","follow":"follow","max-snippet":"max-snippet:-1","max-image-preview":"max-image-preview:large","max-video-preview":"max-video-preview:-1"},"canonical":"https:\/\/www.certifiedcosmetics.com\/fr\/product\/securite-des-produits-cosmetiques\/mocra-cosmetic-safety-substantiation-en-anglais-seulement\/","og_locale":"fr_FR","og_type":"article","og_title":"MoCRA Cosmetic Safety Substantiation (en anglais seulement)","og_description":"En vertu de la loi sur la modernisation de la r\u00e9glementation des cosm\u00e9tiques (MoCRA), chaque produit cosm\u00e9tique commercialis\u00e9 aux \u00c9tats-Unis doit faire l'objet d'une justification de s\u00e9curit\u00e9 ad\u00e9quate - ce qui signifie que le fabricant ou la personne responsable doit tenir des registres et des preuves d\u00e9montrant que le produit est sans danger pour l'usage auquel il est destin\u00e9.","og_url":"https:\/\/www.certifiedcosmetics.com\/fr\/product\/securite-des-produits-cosmetiques\/mocra-cosmetic-safety-substantiation-en-anglais-seulement\/","og_site_name":"Certified Cosmetics","og_image":[{"width":1024,"height":1024,"url":"https:\/\/www.certifiedcosmetics.com\/wp-content\/uploads\/2025\/10\/safety.png","type":"image\/png"}],"twitter_card":"summary_large_image","twitter_misc":{"Disponibilit\u00e9":"En stock"},"schema":{"@context":"https:\/\/schema.org","@graph":[{"@type":"WebPage","@id":"https:\/\/www.certifiedcosmetics.com\/fr\/product\/securite-des-produits-cosmetiques\/mocra-cosmetic-safety-substantiation-en-anglais-seulement\/","url":"https:\/\/www.certifiedcosmetics.com\/fr\/product\/securite-des-produits-cosmetiques\/mocra-cosmetic-safety-substantiation-en-anglais-seulement\/","name":"MoCRA Cosmetic Safety Substantiation (en anglais seulement) - Certified Cosmetics","isPartOf":{"@id":"https:\/\/www.certifiedcosmetics.com\/fr\/#website"},"primaryImageOfPage":{"@id":"https:\/\/www.certifiedcosmetics.com\/fr\/product\/securite-des-produits-cosmetiques\/mocra-cosmetic-safety-substantiation-en-anglais-seulement\/#primaryimage"},"image":{"@id":"https:\/\/www.certifiedcosmetics.com\/fr\/product\/securite-des-produits-cosmetiques\/mocra-cosmetic-safety-substantiation-en-anglais-seulement\/#primaryimage"},"thumbnailUrl":"https:\/\/www.certifiedcosmetics.com\/wp-content\/uploads\/2025\/10\/safety.png","datePublished":"2025-10-16T13:13:35+00:00","description":"En vertu de la loi sur la modernisation de la r\u00e9glementation des cosm\u00e9tiques (MoCRA), chaque produit cosm\u00e9tique commercialis\u00e9 aux \u00c9tats-Unis doit faire l'objet d'une justification de s\u00e9curit\u00e9 ad\u00e9quate - ce qui signifie que le fabricant ou la personne responsable doit tenir des registres et des preuves d\u00e9montrant que le produit est sans danger pour l'usage auquel il est destin\u00e9.","breadcrumb":{"@id":"https:\/\/www.certifiedcosmetics.com\/fr\/product\/securite-des-produits-cosmetiques\/mocra-cosmetic-safety-substantiation-en-anglais-seulement\/#breadcrumb"},"inLanguage":"fr-FR","potentialAction":[{"@type":"ReadAction","target":["https:\/\/www.certifiedcosmetics.com\/fr\/product\/securite-des-produits-cosmetiques\/mocra-cosmetic-safety-substantiation-en-anglais-seulement\/"]}]},{"@type":"ImageObject","inLanguage":"fr-FR","@id":"https:\/\/www.certifiedcosmetics.com\/fr\/product\/securite-des-produits-cosmetiques\/mocra-cosmetic-safety-substantiation-en-anglais-seulement\/#primaryimage","url":"https:\/\/www.certifiedcosmetics.com\/wp-content\/uploads\/2025\/10\/safety.png","contentUrl":"https:\/\/www.certifiedcosmetics.com\/wp-content\/uploads\/2025\/10\/safety.png","width":1024,"height":1024},{"@type":"BreadcrumbList","@id":"https:\/\/www.certifiedcosmetics.com\/fr\/product\/securite-des-produits-cosmetiques\/mocra-cosmetic-safety-substantiation-en-anglais-seulement\/#breadcrumb","itemListElement":[{"@type":"ListItem","position":1,"name":"Home","item":"https:\/\/www.certifiedcosmetics.com\/fr\/"},{"@type":"ListItem","position":2,"name":"Boutique","item":"https:\/\/www.certifiedcosmetics.com\/fr\/boutique\/"},{"@type":"ListItem","position":3,"name":"MoCRA Cosmetic Safety Substantiation (en anglais seulement)"}]},{"@type":"WebSite","@id":"https:\/\/www.certifiedcosmetics.com\/fr\/#website","url":"https:\/\/www.certifiedcosmetics.com\/fr\/","name":"Certified Cosmetics","description":"Cosmetic Safety Assessment","publisher":{"@id":"https:\/\/www.certifiedcosmetics.com\/fr\/#organization"},"potentialAction":[{"@type":"SearchAction","target":{"@type":"EntryPoint","urlTemplate":"https:\/\/www.certifiedcosmetics.com\/fr\/?s={search_term_string}"},"query-input":{"@type":"PropertyValueSpecification","valueRequired":true,"valueName":"search_term_string"}}],"inLanguage":"fr-FR"},{"@type":"Organization","@id":"https:\/\/www.certifiedcosmetics.com\/fr\/#organization","name":"Certified Cosmetics","url":"https:\/\/www.certifiedcosmetics.com\/fr\/","logo":{"@type":"ImageObject","inLanguage":"fr-FR","@id":"https:\/\/www.certifiedcosmetics.com\/fr\/#\/schema\/logo\/image\/","url":"https:\/\/www.certifiedcosmetics.com\/wp-content\/uploads\/2024\/12\/logo_certified_cosmetics696.jpg","contentUrl":"https:\/\/www.certifiedcosmetics.com\/wp-content\/uploads\/2024\/12\/logo_certified_cosmetics696.jpg","width":696,"height":696,"caption":"Certified Cosmetics"},"image":{"@id":"https:\/\/www.certifiedcosmetics.com\/fr\/#\/schema\/logo\/image\/"},"description":"Your trusted partner for cosmetic product safety reporting. We take care of updating all of your documentation, ensuring your compliance stays current even as regulations evolve. The Cosmetic Product Safety Assessment will give you everything you need to sell specific products to EU consumers.","email":"contact@certifiedcosmetics.com","telephone":"+31 36 2036384","legalName":"Certified Cosmetics","foundingDate":"2010-01-01","vatID":"NL854189543B01","numberOfEmployees":{"@type":"QuantitativeValue","minValue":"11","maxValue":"50"}}]},"og_availability":"instock","product_availability":"instock","product_condition":"new"},"_links":{"self":[{"href":"https:\/\/www.certifiedcosmetics.com\/fr\/wp-json\/wp\/v2\/product\/14222","targetHints":{"allow":["GET"]}}],"collection":[{"href":"https:\/\/www.certifiedcosmetics.com\/fr\/wp-json\/wp\/v2\/product"}],"about":[{"href":"https:\/\/www.certifiedcosmetics.com\/fr\/wp-json\/wp\/v2\/types\/product"}],"wp:featuredmedia":[{"embeddable":true,"href":"https:\/\/www.certifiedcosmetics.com\/fr\/wp-json\/wp\/v2\/media\/13855"}],"wp:attachment":[{"href":"https:\/\/www.certifiedcosmetics.com\/fr\/wp-json\/wp\/v2\/media?parent=14222"}],"wp:term":[{"taxonomy":"product_brand","embeddable":true,"href":"https:\/\/www.certifiedcosmetics.com\/fr\/wp-json\/wp\/v2\/product_brand?post=14222"},{"taxonomy":"product_cat","embeddable":true,"href":"https:\/\/www.certifiedcosmetics.com\/fr\/wp-json\/wp\/v2\/product_cat?post=14222"},{"taxonomy":"product_tag","embeddable":true,"href":"https:\/\/www.certifiedcosmetics.com\/fr\/wp-json\/wp\/v2\/product_tag?post=14222"}],"curies":[{"name":"wp","href":"https:\/\/api.w.org\/{rel}","templated":true}]}}