{"id":14195,"date":"2025-10-22T12:48:54","date_gmt":"2025-10-22T11:48:54","guid":{"rendered":"https:\/\/www.certifiedcosmetics.com\/product\/uncategorized\/detection-tpo\/"},"modified":"2025-10-22T12:48:54","modified_gmt":"2025-10-22T11:48:54","slug":"detection-tpo","status":"publish","type":"product","link":"https:\/\/www.certifiedcosmetics.com\/fr\/product\/verification-des-allegations-et-test-des-ingredients\/detection-tpo\/","title":{"rendered":"D\u00e9tection TPO"},"content":{"rendered":"<p data-start=\"0\" data-end=\"294\">Le <strong>test de laboratoire de d\u00e9tection du TPO<\/strong> pour les produits pour les ongles est une proc\u00e9dure analytique sp\u00e9cialis\u00e9e utilis\u00e9e pour identifier et quantifier l&#8217;<strong data-start=\"124\" data-end=\"174\">oxyde de trim\u00e9thylbenzoyl diph\u00e9nylphosphine (TPO<\/strong> ) &#8211; un photo-initiateur qui \u00e9tait largement utilis\u00e9 dans les gels et les vernis pour les ongles durcissant aux UV afin d&#8217;initier le processus de polym\u00e9risation.<\/p>\n<h2 data-start=\"296\" data-end=\"321\">Objectif du test<\/h2>\n<p data-start=\"322\" data-end=\"767\">L&#8217;objectif de ce test est de v\u00e9rifier si les produits pour les ongles contiennent du <strong data-start=\"390\" data-end=\"397\">TPO<\/strong>, dont l <strong data-start=\"408\" data-end=\"483\">&#8216;utilisation est interdite dans les cosm\u00e9tiques et les produits pour les ongles au sein de l&#8217;Union europ\u00e9enne<\/strong> en vertu de l&#8217;<strong data-start=\"490\" data-end=\"546\">annexe II du r\u00e8glement cosm\u00e9tique de l&#8217;UE (CE) n\u00b0 1223\/2009<\/strong>. Malgr\u00e9 sa popularit\u00e9 pass\u00e9e pour son efficacit\u00e9 dans le durcissement aux UV, le TPO a \u00e9t\u00e9 interdit pour des raisons de s\u00e9curit\u00e9, ce qui rend sa d\u00e9tection cruciale pour la conformit\u00e9 r\u00e9glementaire, le filtrage des importations et la validation de la s\u00e9curit\u00e9 des produits. <\/p>\n<h2 data-start=\"769\" data-end=\"805\">Pourquoi la d\u00e9tection des TPO est-elle importante ?<\/h2>\n<ul data-start=\"806\" data-end=\"1457\">\n<li data-start=\"806\" data-end=\"976\">\n<p data-start=\"808\" data-end=\"976\"><strong data-start=\"808\" data-end=\"834\">Conformit\u00e9 r\u00e9glementaire :<\/strong> Le TPO \u00e9tant interdit dans l&#8217;UE, le test confirme que les formulations de cosm\u00e9tiques et d&#8217;ongles ne contiennent aucune trace de cette substance \u00e0 usage restreint.<\/p>\n<\/li>\n<li data-start=\"977\" data-end=\"1193\">\n<p data-start=\"979\" data-end=\"1193\"><strong data-start=\"979\" data-end=\"1000\">Assurance de la s\u00e9curit\u00e9 :<\/strong> Le TPO a \u00e9t\u00e9 associ\u00e9 \u00e0 une <strong data-start=\"1040\" data-end=\"1062\">sensibilisation<\/strong> potentielle <strong data-start=\"1040\" data-end=\"1062\">de la peau<\/strong>, \u00e0 des <strong data-start=\"1064\" data-end=\"1091\">r\u00e9actions photoallergiques<\/strong> et \u00e0 des <strong data-start=\"1097\" data-end=\"1123\">probl\u00e8mes toxicologiques<\/strong>, en particulier en cas d&#8217;exposition r\u00e9p\u00e9t\u00e9e pendant le durcissement aux UV des ongles en gel.<\/p>\n<\/li>\n<li data-start=\"1194\" data-end=\"1313\">\n<p data-start=\"1196\" data-end=\"1313\"><strong data-start=\"1196\" data-end=\"1216\">Approbation du march\u00e9 :<\/strong> Les produits contenant du TPO ne peuvent pas \u00eatre l\u00e9galement vendus ou distribu\u00e9s sur les march\u00e9s de l&#8217;UE et de l&#8217;EEE.<\/p>\n<\/li>\n<li data-start=\"1314\" data-end=\"1457\">\n<p data-start=\"1316\" data-end=\"1457\"><strong data-start=\"1316\" data-end=\"1342\">Qualit\u00e9 et int\u00e9grit\u00e9 :<\/strong> La d\u00e9tection et l&#8217;\u00e9limination des substances interdites comme le TPO garantissent la transparence de la fabrication et la protection des consommateurs.<\/p>\n<\/li>\n<\/ul>\n<h2 data-start=\"1459\" data-end=\"1476\">M\u00e9thodologie<\/h2>\n<p data-start=\"1477\" data-end=\"1630\">Le test de d\u00e9tection du TPO est r\u00e9alis\u00e9 \u00e0 l&#8217;aide de <strong data-start=\"1519\" data-end=\"1553\">techniques analytiques avanc\u00e9es<\/strong> capables d&#8217;identifier m\u00eame des traces de TPO dans les produits finis pour les ongles :<\/p>\n<ul data-start=\"1631\" data-end=\"1803\">\n<li data-start=\"1631\" data-end=\"1684\">\n<p data-start=\"1633\" data-end=\"1684\"><strong data-start=\"1633\" data-end=\"1682\">Chromatographie liquide haute performance (CLHP)<\/strong><\/p>\n<\/li>\n<li data-start=\"1685\" data-end=\"1737\">\n<p data-start=\"1687\" data-end=\"1737\"><strong data-start=\"1687\" data-end=\"1735\">Chromatographie en phase gazeuse et spectrom\u00e9trie de masse (GC-MS)<\/strong><\/p>\n<\/li>\n<li data-start=\"1738\" data-end=\"1803\">\n<p data-start=\"1740\" data-end=\"1803\"><strong data-start=\"1740\" data-end=\"1801\">Chromatographie liquide et spectrom\u00e9trie de masse en tandem (LC-MS\/MS)<\/strong><\/p>\n<\/li>\n<\/ul>\n<p data-start=\"1805\" data-end=\"1942\">Ces m\u00e9thodes permettent aux laboratoires de d\u00e9tecter et de quantifier la TPO avec une grande pr\u00e9cision, ce qui garantit la conformit\u00e9 aux normes de s\u00e9curit\u00e9 cosm\u00e9tique de l&#8217;UE.<\/p>\n<h2 data-start=\"1944\" data-end=\"1964\">Proc\u00e9dure de test<\/h2>\n<ol data-start=\"1965\" data-end=\"2454\">\n<li data-start=\"1965\" data-end=\"2061\">\n<p data-start=\"1968\" data-end=\"2061\">Un \u00e9chantillon repr\u00e9sentatif de produit pour les ongles (vernis en gel, top coat ou gel d&#8217;extension) est pr\u00e9lev\u00e9.<\/p>\n<\/li>\n<li data-start=\"2062\" data-end=\"2148\">\n<p data-start=\"2065\" data-end=\"2148\">L&#8217;\u00e9chantillon subit une extraction par solvant pour isoler tout photo-initiateur potentiel.<\/p>\n<\/li>\n<li data-start=\"2149\" data-end=\"2260\">\n<p data-start=\"2152\" data-end=\"2260\">L&#8217;extrait est analys\u00e9 par chromatographie et spectrom\u00e9trie de masse pour identifier la TPO et les substances apparent\u00e9es.<\/p>\n<\/li>\n<li data-start=\"2261\" data-end=\"2353\">\n<p data-start=\"2264\" data-end=\"2353\">Les compos\u00e9s d\u00e9tect\u00e9s sont compar\u00e9s \u00e0 des \u00e9talons de r\u00e9f\u00e9rence certifi\u00e9s pour confirmation.<\/p>\n<\/li>\n<li data-start=\"2354\" data-end=\"2454\">\n<p data-start=\"2357\" data-end=\"2454\">Le rapport final comprend la concentration mesur\u00e9e (le cas \u00e9ch\u00e9ant) et une d\u00e9claration de conformit\u00e9 claire.<\/p>\n<\/li>\n<\/ol>\n<h2 data-start=\"2456\" data-end=\"2481\">R\u00e9sultats et rapports<\/h2>\n<p data-start=\"2482\" data-end=\"2521\">Les rapports de laboratoire comprennent g\u00e9n\u00e9ralement :<\/p>\n<ul data-start=\"2522\" data-end=\"2847\">\n<li data-start=\"2522\" data-end=\"2606\">\n<p data-start=\"2524\" data-end=\"2606\">D\u00e9tection du TPO et des photo-initiateurs apparent\u00e9s (par exemple, le BAPO, les photo-initiateurs HEMA).<\/p>\n<\/li>\n<li data-start=\"2607\" data-end=\"2658\">\n<p data-start=\"2609\" data-end=\"2658\">Donn\u00e9es de concentration exprim\u00e9es en mg\/kg ou en % w\/w.<\/p>\n<\/li>\n<li data-start=\"2659\" data-end=\"2711\">\n<p data-start=\"2661\" data-end=\"2711\">Limites de d\u00e9tection de la m\u00e9thode et pr\u00e9cision analytique.<\/p>\n<\/li>\n<li data-start=\"2712\" data-end=\"2847\">\n<p data-start=\"2714\" data-end=\"2847\">Statut de conformit\u00e9 selon le r\u00e8glement de l&#8217;UE (CE) n\u00b0 1223\/2009, confirmant que le produit est exempt de photo-initiateurs interdits.<\/p>\n<\/li>\n<\/ul>\n<h2 data-start=\"2849\" data-end=\"2875\">Applications typiques<\/h2>\n<ul data-start=\"2876\" data-end=\"3060\">\n<li data-start=\"2876\" data-end=\"2910\">\n<p data-start=\"2878\" data-end=\"2910\">Gels et vernis UV\/LED pour les ongles<\/p>\n<\/li>\n<li data-start=\"2911\" data-end=\"2934\">\n<p data-start=\"2913\" data-end=\"2934\">Vernis gel hybride<\/p>\n<\/li>\n<li data-start=\"2935\" data-end=\"2970\">\n<p data-start=\"2937\" data-end=\"2970\">Gels de renforcement et d&#8217;extension des ongles<\/p>\n<\/li>\n<li data-start=\"2971\" data-end=\"3005\">\n<p data-start=\"2973\" data-end=\"3005\">Primaire pour ongles et agents de liaison<\/p>\n<\/li>\n<li data-start=\"3006\" data-end=\"3060\">\n<p data-start=\"3008\" data-end=\"3060\">V\u00e9rification des ingr\u00e9dients pour les fournisseurs de mati\u00e8res premi\u00e8res<\/p>\n<\/li>\n<\/ul>\n<h2 data-start=\"3062\" data-end=\"3089\">Pourquoi ce test est important<\/h2>\n<p data-start=\"3090\" data-end=\"3469\">Le <strong data-start=\"3096\" data-end=\"3146\">TPO \u00e9tant explicitement interdit dans l&#8217;Union europ\u00e9enne<\/strong>, les fabricants, les distributeurs et les importateurs doivent s&#8217;assurer que leurs produits pour les ongles sont <strong data-start=\"3227\" data-end=\"3253\">totalement exempts de TPO<\/strong> pour les mettre l\u00e9galement sur le march\u00e9. Le test de laboratoire de d\u00e9tection du TPO fournit une preuve fiable et scientifique de conformit\u00e9 et permet d&#8217;\u00e9viter les rappels de produits co\u00fbteux, les retenues douani\u00e8res et les probl\u00e8mes de s\u00e9curit\u00e9 des consommateurs. <\/p>\n<p data-start=\"3471\" data-end=\"3805\" data-is-last-node=\"\" data-is-only-node=\"\">La recherche de substances interdites telles que le TPO est un \u00e9l\u00e9ment essentiel de l&#8217;<strong data-start=\"3534\" data-end=\"3564\">\u00e9valuation de la s\u00e9curit\u00e9 des cosm\u00e9tiques<\/strong>, de la documentation du <strong data-start=\"3566\" data-end=\"3600\">PIF (Product Information File)<\/strong> et de la <strong data-start=\"3620\" data-end=\"3658\">v\u00e9rification de la conformit\u00e9 r\u00e9glementaire<\/strong> en vertu de la l\u00e9gislation de l&#8217;UE. Elle d\u00e9montre une diligence raisonnable et un engagement en faveur de la s\u00e9curit\u00e9 &#8211; en garantissant que les produits pour les ongles r\u00e9pondent aux normes r\u00e9glementaires europ\u00e9ennes les plus \u00e9lev\u00e9es. <\/p>\n","protected":false},"excerpt":{"rendered":"<p>Le test de laboratoire de d\u00e9tection du TPO pour les produits pour les ongles est une proc\u00e9dure analytique sp\u00e9cialis\u00e9e utilis\u00e9e pour identifier et quantifier l&#8217;oxyde de trim\u00e9thylbenzoyl diph\u00e9nylphosphine (TPO ) &#8211; un photo-initiateur qui \u00e9tait largement utilis\u00e9 dans les gels et les vernis pour les ongles durcissant aux UV afin d&#8217;initier le processus de polym\u00e9risation&#8230;.<\/p>\n","protected":false},"featured_media":14189,"template":"","meta":[],"product_brand":[],"product_cat":[440],"product_tag":[],"class_list":{"0":"post-14195","1":"product","2":"type-product","3":"status-publish","4":"has-post-thumbnail","6":"product_cat-verification-des-allegations-et-test-des-ingredients","8":"first","9":"instock","10":"virtual","11":"taxable","12":"purchasable","13":"product-type-simple"},"bundled_by":[],"bundle_stock_status":"instock","bundle_stock_quantity":null,"bundle_virtual":false,"bundle_layout":"","bundle_add_to_cart_form_location":"","bundle_editable_in_cart":false,"bundle_sold_individually_context":"","bundle_item_grouping":"","bundle_min_size":"","bundle_max_size":"","bundle_price":[],"bundled_items":[],"bundle_sell_ids":[],"yoast_head":"<!-- This site is optimized with the Yoast SEO Premium plugin v25.4 (Yoast SEO v25.4) - https:\/\/yoast.com\/wordpress\/plugins\/seo\/ -->\n<title>D\u00e9tection TPO - Certified Cosmetics<\/title>\n<meta name=\"description\" content=\"Le test de laboratoire de d\u00e9tection du TPO pour les produits pour les ongles est une proc\u00e9dure analytique sp\u00e9cialis\u00e9e utilis\u00e9e pour identifier et quantifier l&#039;oxyde de trim\u00e9thylbenzoyl diph\u00e9nylphosphine (TPO).\" \/>\n<meta name=\"robots\" content=\"index, follow, max-snippet:-1, max-image-preview:large, max-video-preview:-1\" \/>\n<link rel=\"canonical\" href=\"https:\/\/www.certifiedcosmetics.com\/fr\/product\/verification-des-allegations-et-test-des-ingredients\/detection-tpo\/\" \/>\n<meta property=\"og:locale\" content=\"fr_FR\" \/>\n<meta property=\"og:type\" content=\"article\" \/>\n<meta property=\"og:title\" content=\"D\u00e9tection TPO\" \/>\n<meta property=\"og:description\" content=\"Le test de laboratoire de d\u00e9tection du TPO pour les produits pour les ongles est une proc\u00e9dure analytique sp\u00e9cialis\u00e9e utilis\u00e9e pour identifier et quantifier l&#039;oxyde de trim\u00e9thylbenzoyl diph\u00e9nylphosphine (TPO).\" \/>\n<meta property=\"og:url\" content=\"https:\/\/www.certifiedcosmetics.com\/fr\/product\/verification-des-allegations-et-test-des-ingredients\/detection-tpo\/\" \/>\n<meta property=\"og:site_name\" content=\"Certified Cosmetics\" \/>\n<meta name=\"twitter:card\" content=\"summary_large_image\" \/>\n<meta name=\"twitter:label1\" content=\"Prix\" \/>\n\t<meta name=\"twitter:data1\" content=\"&#036;294.23\" \/>\n\t<meta name=\"twitter:label2\" content=\"Disponibilit\u00e9\" \/>\n\t<meta name=\"twitter:data2\" content=\"En stock\" \/>\n<script type=\"application\/ld+json\" class=\"yoast-schema-graph\">{\"@context\":\"https:\/\/schema.org\",\"@graph\":[{\"@type\":\"WebPage\",\"@id\":\"https:\/\/www.certifiedcosmetics.com\/fr\/product\/verification-des-allegations-et-test-des-ingredients\/detection-tpo\/\",\"url\":\"https:\/\/www.certifiedcosmetics.com\/fr\/product\/verification-des-allegations-et-test-des-ingredients\/detection-tpo\/\",\"name\":\"D\u00e9tection TPO - Certified Cosmetics\",\"isPartOf\":{\"@id\":\"https:\/\/www.certifiedcosmetics.com\/fr\/#website\"},\"primaryImageOfPage\":{\"@id\":\"https:\/\/www.certifiedcosmetics.com\/fr\/product\/verification-des-allegations-et-test-des-ingredients\/detection-tpo\/#primaryimage\"},\"image\":{\"@id\":\"https:\/\/www.certifiedcosmetics.com\/fr\/product\/verification-des-allegations-et-test-des-ingredients\/detection-tpo\/#primaryimage\"},\"thumbnailUrl\":\"https:\/\/www.certifiedcosmetics.com\/wp-content\/uploads\/2025\/10\/tpo-detection.jpg\",\"datePublished\":\"2025-10-22T11:48:54+00:00\",\"description\":\"Le test de laboratoire de d\u00e9tection du TPO pour les produits pour les ongles est une proc\u00e9dure analytique sp\u00e9cialis\u00e9e utilis\u00e9e pour identifier et quantifier l'oxyde de trim\u00e9thylbenzoyl diph\u00e9nylphosphine (TPO).\",\"breadcrumb\":{\"@id\":\"https:\/\/www.certifiedcosmetics.com\/fr\/product\/verification-des-allegations-et-test-des-ingredients\/detection-tpo\/#breadcrumb\"},\"inLanguage\":\"fr-FR\",\"potentialAction\":[{\"@type\":\"ReadAction\",\"target\":[\"https:\/\/www.certifiedcosmetics.com\/fr\/product\/verification-des-allegations-et-test-des-ingredients\/detection-tpo\/\"]}]},{\"@type\":\"ImageObject\",\"inLanguage\":\"fr-FR\",\"@id\":\"https:\/\/www.certifiedcosmetics.com\/fr\/product\/verification-des-allegations-et-test-des-ingredients\/detection-tpo\/#primaryimage\",\"url\":\"https:\/\/www.certifiedcosmetics.com\/wp-content\/uploads\/2025\/10\/tpo-detection.jpg\",\"contentUrl\":\"https:\/\/www.certifiedcosmetics.com\/wp-content\/uploads\/2025\/10\/tpo-detection.jpg\",\"width\":800,\"height\":800},{\"@type\":\"BreadcrumbList\",\"@id\":\"https:\/\/www.certifiedcosmetics.com\/fr\/product\/verification-des-allegations-et-test-des-ingredients\/detection-tpo\/#breadcrumb\",\"itemListElement\":[{\"@type\":\"ListItem\",\"position\":1,\"name\":\"Home\",\"item\":\"https:\/\/www.certifiedcosmetics.com\/fr\/\"},{\"@type\":\"ListItem\",\"position\":2,\"name\":\"Boutique\",\"item\":\"https:\/\/www.certifiedcosmetics.com\/fr\/boutique\/\"},{\"@type\":\"ListItem\",\"position\":3,\"name\":\"D\u00e9tection TPO\"}]},{\"@type\":\"WebSite\",\"@id\":\"https:\/\/www.certifiedcosmetics.com\/fr\/#website\",\"url\":\"https:\/\/www.certifiedcosmetics.com\/fr\/\",\"name\":\"Certified Cosmetics\",\"description\":\"Cosmetic Safety Assessment\",\"publisher\":{\"@id\":\"https:\/\/www.certifiedcosmetics.com\/fr\/#organization\"},\"potentialAction\":[{\"@type\":\"SearchAction\",\"target\":{\"@type\":\"EntryPoint\",\"urlTemplate\":\"https:\/\/www.certifiedcosmetics.com\/fr\/?s={search_term_string}\"},\"query-input\":{\"@type\":\"PropertyValueSpecification\",\"valueRequired\":true,\"valueName\":\"search_term_string\"}}],\"inLanguage\":\"fr-FR\"},{\"@type\":\"Organization\",\"@id\":\"https:\/\/www.certifiedcosmetics.com\/fr\/#organization\",\"name\":\"Certified Cosmetics\",\"url\":\"https:\/\/www.certifiedcosmetics.com\/fr\/\",\"logo\":{\"@type\":\"ImageObject\",\"inLanguage\":\"fr-FR\",\"@id\":\"https:\/\/www.certifiedcosmetics.com\/fr\/#\/schema\/logo\/image\/\",\"url\":\"https:\/\/www.certifiedcosmetics.com\/wp-content\/uploads\/2024\/12\/logo_certified_cosmetics696.jpg\",\"contentUrl\":\"https:\/\/www.certifiedcosmetics.com\/wp-content\/uploads\/2024\/12\/logo_certified_cosmetics696.jpg\",\"width\":696,\"height\":696,\"caption\":\"Certified Cosmetics\"},\"image\":{\"@id\":\"https:\/\/www.certifiedcosmetics.com\/fr\/#\/schema\/logo\/image\/\"},\"description\":\"Your trusted partner for cosmetic product safety reporting. We take care of updating all of your documentation, ensuring your compliance stays current even as regulations evolve. The Cosmetic Product Safety Assessment will give you everything you need to sell specific products to EU consumers.\",\"email\":\"contact@certifiedcosmetics.com\",\"telephone\":\"+31 36 2036384\",\"legalName\":\"Certified Cosmetics\",\"foundingDate\":\"2010-01-01\",\"vatID\":\"NL854189543B01\",\"numberOfEmployees\":{\"@type\":\"QuantitativeValue\",\"minValue\":\"11\",\"maxValue\":\"50\"}}]}<\/script>\n<meta property=\"product:price:amount\" content=\"294.23\" \/>\n<meta property=\"product:price:currency\" content=\"USD\" \/>\n<meta property=\"og:availability\" content=\"instock\" \/>\n<meta property=\"product:availability\" content=\"instock\" \/>\n<meta property=\"product:condition\" content=\"new\" \/>\n<!-- \/ Yoast SEO Premium plugin. -->","yoast_head_json":{"title":"D\u00e9tection TPO - Certified Cosmetics","description":"Le test de laboratoire de d\u00e9tection du TPO pour les produits pour les ongles est une proc\u00e9dure analytique sp\u00e9cialis\u00e9e utilis\u00e9e pour identifier et quantifier l'oxyde de trim\u00e9thylbenzoyl diph\u00e9nylphosphine (TPO).","robots":{"index":"index","follow":"follow","max-snippet":"max-snippet:-1","max-image-preview":"max-image-preview:large","max-video-preview":"max-video-preview:-1"},"canonical":"https:\/\/www.certifiedcosmetics.com\/fr\/product\/verification-des-allegations-et-test-des-ingredients\/detection-tpo\/","og_locale":"fr_FR","og_type":"article","og_title":"D\u00e9tection TPO","og_description":"Le test de laboratoire de d\u00e9tection du TPO pour les produits pour les ongles est une proc\u00e9dure analytique sp\u00e9cialis\u00e9e utilis\u00e9e pour identifier et quantifier l'oxyde de trim\u00e9thylbenzoyl diph\u00e9nylphosphine (TPO).","og_url":"https:\/\/www.certifiedcosmetics.com\/fr\/product\/verification-des-allegations-et-test-des-ingredients\/detection-tpo\/","og_site_name":"Certified Cosmetics","twitter_card":"summary_large_image","twitter_misc":{"Prix":"&#36;294.23","Disponibilit\u00e9":"En stock"},"schema":{"@context":"https:\/\/schema.org","@graph":[{"@type":"WebPage","@id":"https:\/\/www.certifiedcosmetics.com\/fr\/product\/verification-des-allegations-et-test-des-ingredients\/detection-tpo\/","url":"https:\/\/www.certifiedcosmetics.com\/fr\/product\/verification-des-allegations-et-test-des-ingredients\/detection-tpo\/","name":"D\u00e9tection TPO - Certified Cosmetics","isPartOf":{"@id":"https:\/\/www.certifiedcosmetics.com\/fr\/#website"},"primaryImageOfPage":{"@id":"https:\/\/www.certifiedcosmetics.com\/fr\/product\/verification-des-allegations-et-test-des-ingredients\/detection-tpo\/#primaryimage"},"image":{"@id":"https:\/\/www.certifiedcosmetics.com\/fr\/product\/verification-des-allegations-et-test-des-ingredients\/detection-tpo\/#primaryimage"},"thumbnailUrl":"https:\/\/www.certifiedcosmetics.com\/wp-content\/uploads\/2025\/10\/tpo-detection.jpg","datePublished":"2025-10-22T11:48:54+00:00","description":"Le test de laboratoire de d\u00e9tection du TPO pour les produits pour les ongles est une proc\u00e9dure analytique sp\u00e9cialis\u00e9e utilis\u00e9e pour identifier et quantifier l'oxyde de trim\u00e9thylbenzoyl diph\u00e9nylphosphine (TPO).","breadcrumb":{"@id":"https:\/\/www.certifiedcosmetics.com\/fr\/product\/verification-des-allegations-et-test-des-ingredients\/detection-tpo\/#breadcrumb"},"inLanguage":"fr-FR","potentialAction":[{"@type":"ReadAction","target":["https:\/\/www.certifiedcosmetics.com\/fr\/product\/verification-des-allegations-et-test-des-ingredients\/detection-tpo\/"]}]},{"@type":"ImageObject","inLanguage":"fr-FR","@id":"https:\/\/www.certifiedcosmetics.com\/fr\/product\/verification-des-allegations-et-test-des-ingredients\/detection-tpo\/#primaryimage","url":"https:\/\/www.certifiedcosmetics.com\/wp-content\/uploads\/2025\/10\/tpo-detection.jpg","contentUrl":"https:\/\/www.certifiedcosmetics.com\/wp-content\/uploads\/2025\/10\/tpo-detection.jpg","width":800,"height":800},{"@type":"BreadcrumbList","@id":"https:\/\/www.certifiedcosmetics.com\/fr\/product\/verification-des-allegations-et-test-des-ingredients\/detection-tpo\/#breadcrumb","itemListElement":[{"@type":"ListItem","position":1,"name":"Home","item":"https:\/\/www.certifiedcosmetics.com\/fr\/"},{"@type":"ListItem","position":2,"name":"Boutique","item":"https:\/\/www.certifiedcosmetics.com\/fr\/boutique\/"},{"@type":"ListItem","position":3,"name":"D\u00e9tection TPO"}]},{"@type":"WebSite","@id":"https:\/\/www.certifiedcosmetics.com\/fr\/#website","url":"https:\/\/www.certifiedcosmetics.com\/fr\/","name":"Certified Cosmetics","description":"Cosmetic Safety Assessment","publisher":{"@id":"https:\/\/www.certifiedcosmetics.com\/fr\/#organization"},"potentialAction":[{"@type":"SearchAction","target":{"@type":"EntryPoint","urlTemplate":"https:\/\/www.certifiedcosmetics.com\/fr\/?s={search_term_string}"},"query-input":{"@type":"PropertyValueSpecification","valueRequired":true,"valueName":"search_term_string"}}],"inLanguage":"fr-FR"},{"@type":"Organization","@id":"https:\/\/www.certifiedcosmetics.com\/fr\/#organization","name":"Certified Cosmetics","url":"https:\/\/www.certifiedcosmetics.com\/fr\/","logo":{"@type":"ImageObject","inLanguage":"fr-FR","@id":"https:\/\/www.certifiedcosmetics.com\/fr\/#\/schema\/logo\/image\/","url":"https:\/\/www.certifiedcosmetics.com\/wp-content\/uploads\/2024\/12\/logo_certified_cosmetics696.jpg","contentUrl":"https:\/\/www.certifiedcosmetics.com\/wp-content\/uploads\/2024\/12\/logo_certified_cosmetics696.jpg","width":696,"height":696,"caption":"Certified Cosmetics"},"image":{"@id":"https:\/\/www.certifiedcosmetics.com\/fr\/#\/schema\/logo\/image\/"},"description":"Your trusted partner for cosmetic product safety reporting. We take care of updating all of your documentation, ensuring your compliance stays current even as regulations evolve. The Cosmetic Product Safety Assessment will give you everything you need to sell specific products to EU consumers.","email":"contact@certifiedcosmetics.com","telephone":"+31 36 2036384","legalName":"Certified Cosmetics","foundingDate":"2010-01-01","vatID":"NL854189543B01","numberOfEmployees":{"@type":"QuantitativeValue","minValue":"11","maxValue":"50"}}]},"product_price_amount":"294.23","product_price_currency":"USD","og_availability":"instock","product_availability":"instock","product_condition":"new"},"_links":{"self":[{"href":"https:\/\/www.certifiedcosmetics.com\/fr\/wp-json\/wp\/v2\/product\/14195","targetHints":{"allow":["GET"]}}],"collection":[{"href":"https:\/\/www.certifiedcosmetics.com\/fr\/wp-json\/wp\/v2\/product"}],"about":[{"href":"https:\/\/www.certifiedcosmetics.com\/fr\/wp-json\/wp\/v2\/types\/product"}],"wp:featuredmedia":[{"embeddable":true,"href":"https:\/\/www.certifiedcosmetics.com\/fr\/wp-json\/wp\/v2\/media\/14189"}],"wp:attachment":[{"href":"https:\/\/www.certifiedcosmetics.com\/fr\/wp-json\/wp\/v2\/media?parent=14195"}],"wp:term":[{"taxonomy":"product_brand","embeddable":true,"href":"https:\/\/www.certifiedcosmetics.com\/fr\/wp-json\/wp\/v2\/product_brand?post=14195"},{"taxonomy":"product_cat","embeddable":true,"href":"https:\/\/www.certifiedcosmetics.com\/fr\/wp-json\/wp\/v2\/product_cat?post=14195"},{"taxonomy":"product_tag","embeddable":true,"href":"https:\/\/www.certifiedcosmetics.com\/fr\/wp-json\/wp\/v2\/product_tag?post=14195"}],"curies":[{"name":"wp","href":"https:\/\/api.w.org\/{rel}","templated":true}]}}