{"id":13145,"date":"2025-08-05T16:41:15","date_gmt":"2025-08-05T15:41:15","guid":{"rendered":"https:\/\/www.certifiedcosmetics.com\/product\/uncategorized\/test-du-facteur-de-protection-uva-uva-pf\/"},"modified":"2025-10-22T09:34:11","modified_gmt":"2025-10-22T08:34:11","slug":"test-du-facteur-de-protection-uva-uva-pf","status":"publish","type":"product","link":"https:\/\/www.certifiedcosmetics.com\/fr\/product\/test-defficacite\/test-cutane\/test-du-facteur-de-protection-uva-uva-pf\/","title":{"rendered":"Test du facteur de protection UVA (UVA-PF)"},"content":{"rendered":"<p data-start=\"281\" data-end=\"887\">Nous fournissons des <strong data-start=\"292\" data-end=\"334\">tests sur le facteur de protection UVA (UVA-PF<\/strong> ) pour soutenir l&#8217;\u00e9tiquetage pr\u00e9cis et conforme des produits solaires et cosm\u00e9tiques. Le test UVA-PF est une \u00e9tape essentielle pour v\u00e9rifier la capacit\u00e9 d&#8217;un produit \u00e0 prot\u00e9ger la peau contre les <strong data-start=\"511\" data-end=\"528\">rayons UVA<\/strong>, dont on sait qu&#8217;ils provoquent le <strong data-start=\"554\" data-end=\"568\">photovieillissement<\/strong>, des <strong data-start=\"570\" data-end=\"595\">dommages cutan\u00e9s \u00e0 long terme<\/strong> et qu&#8217;ils contribuent au <strong data-start=\"615\" data-end=\"630\">cancer de la peau<\/strong>. Contrairement aux rayons UVB, les rayons UVA p\u00e9n\u00e8trent plus profond\u00e9ment dans la peau et sont pr\u00e9sents tout au long de l&#8217;ann\u00e9e, ind\u00e9pendamment du temps ou de la saison. La mesure de la protection contre les UVA est un \u00e9l\u00e9ment n\u00e9cessaire pour justifier les all\u00e9gations de <strong data-start=\"827\" data-end=\"856\">protection \u00e0 large spectre sur de<\/strong> nombreux march\u00e9s mondiaux.  <\/p>\n<h2 data-start=\"894\" data-end=\"935\"><strong data-start=\"898\" data-end=\"935\">Nos m\u00e9thodes de test UVA-PF disponibles<\/strong><\/h2>\n<p data-start=\"937\" data-end=\"1021\">Nous proposons plusieurs m\u00e9thodes de test en fonction de tes besoins en mati\u00e8re de r\u00e9glementation ou de d\u00e9veloppement :<\/p>\n<ul data-start=\"1023\" data-end=\"1694\">\n<li data-start=\"1023\" data-end=\"1169\">\n<p data-start=\"1025\" data-end=\"1169\"><strong data-start=\"1025\" data-end=\"1055\">M\u00e9thode interne (in vitro)<\/strong><\/p>\n<\/li>\n<li data-start=\"1170\" data-end=\"1422\">\n<p data-start=\"1172\" data-end=\"1422\"><strong data-start=\"1172\" data-end=\"1190\">ISO 24443:2021<\/strong> &#8211; Une <strong data-start=\"1196\" data-end=\"1242\">m\u00e9thode in vitro internationalement reconnue<\/strong> pour d\u00e9terminer la protection contre les UVA dans les produits de protection solaire. Ce test est accept\u00e9 par les organismes de r\u00e9glementation de l&#8217;UE et d&#8217;autres march\u00e9s mondiaux comme une exigence pour l&#8217;\u00e9tiquetage \u00e0 large spectre. <\/p>\n<\/li>\n<li data-start=\"1423\" data-end=\"1694\">\n<p data-start=\"1425\" data-end=\"1613\"><strong data-start=\"1425\" data-end=\"1449\">Tests d&#8217;\u00e9valuation JCIA PA<\/strong> &#8211; Largement utilis\u00e9 au Japon et dans de nombreux pays asiatiques, le <strong data-start=\"1503\" data-end=\"1516\">syst\u00e8me PA<\/strong> \u00e9value la protection contre les UVA \u00e0 l&#8217;aide de donn\u00e9es sur l&#8217;assombrissement pigmentaire persistant (PPD). Nous proposons les quatre niveaux PA : <\/p>\n<p data-start=\"1617\" data-end=\"1694\">&#8211; <strong data-start=\"1619\" data-end=\"1631\">Test PA+<\/strong><br data-start=\"1631\" data-end=\"1634\">&#8211; <strong data-start=\"1638\" data-end=\"1651\">Test PA++<\/strong><br data-start=\"1651\" data-end=\"1654\">&#8211; <strong data-start=\"1658\" data-end=\"1672\">Test PA+++<\/strong><br data-start=\"1672\" data-end=\"1675\">&#8211; <strong data-start=\"1679\" data-end=\"1694\">Test PA++++<\/strong><\/p>\n<\/li>\n<\/ul>\n<p data-start=\"1696\" data-end=\"1883\">Ces tests sont effectu\u00e9s conform\u00e9ment aux directives de la <strong data-start=\"1739\" data-end=\"1785\">Japan Cosmetic Industry Association (JCIA)<\/strong> et sont couramment utilis\u00e9s pour l&#8217;enregistrement des produits et l&#8217;\u00e9tiquetage des consommateurs sur les march\u00e9s asiatiques.<\/p>\n<h2 data-start=\"1890\" data-end=\"1926\"><strong data-start=\"1894\" data-end=\"1926\">Pourquoi le test UVA est-il n\u00e9cessaire ?<\/strong><\/h2>\n<p data-start=\"1928\" data-end=\"2320\">Les consommateurs et les organismes de r\u00e9glementation s&#8217;attendent de plus en plus \u00e0 un \u00e9tiquetage transparent et fond\u00e9 sur des donn\u00e9es scientifiques. Pour que les produits solaires soient commercialis\u00e9s avec des <g id=\"gid_0\">all\u00e9gations de protection contre les UVA<\/g> ou des <g id=\"gid_1\">\u00e9tiquettes \u00e0 large spectre<\/g>, des tests en laboratoire sont n\u00e9cessaires pour d\u00e9montrer leur efficacit\u00e9. Les r\u00e9sultats UVA-PF sont \u00e9galement utilis\u00e9s pour \u00e9tayer les all\u00e9gations marketing, se conformer aux r\u00e9glementations nationales et s\u00e9lectionner l&#8217;<strong data-start=\"2292\" data-end=\"2305\">indice PA<\/strong> appropri\u00e9 pour l&#8217;emballage.  <\/p>\n<p data-start=\"2322\" data-end=\"2543\">Ne pas v\u00e9rifier la protection contre les UVA peut conduire \u00e0 des all\u00e9gations trompeuses, \u00e0 une baisse de la confiance des consommateurs et \u00e0 des actions r\u00e9glementaires potentielles. Nos services de test permettent d&#8217;att\u00e9nuer ces risques en fournissant des donn\u00e9es objectives et scientifiquement fond\u00e9es. <\/p>\n<h2 class=\"wp-block-heading\"><strong>Comment fonctionne le processus ?<\/strong><\/h2>\n<ol class=\"wp-block-list\" start=\"1\">\n<li><strong>Choisir un test de laboratoire<\/strong>\n<ul class=\"wp-block-list\">\n<li>Tu ach\u00e8tes le <strong>test de laboratoire<\/strong> sur notre site Internet.<\/li>\n<\/ul>\n<\/li>\n<li><strong>Acc\u00e8s au portail s\u00e9curis\u00e9<\/strong>\n<ul class=\"wp-block-list\">\n<li>Apr\u00e8s l&#8217;achat, tu auras acc\u00e8s \u00e0 notre portail s\u00e9curis\u00e9 o\u00f9 tu pourras compl\u00e9ter l&#8217;admission.<\/li>\n<\/ul>\n<\/li>\n<li><strong>Compl\u00e9ter l&#8217;admission<\/strong>\n<ul class=\"wp-block-list\">\n<li>Compl\u00e8te toutes les informations demand\u00e9es sur ton produit et t\u00e9l\u00e9charge la documentation pertinente.<\/li>\n<\/ul>\n<\/li>\n<li><strong>Envoyer des \u00e9chantillons<\/strong>\n<ul class=\"wp-block-list\">\n<li>Envoie des \u00e9chantillons physiques de ton produit \u00e0 notre laboratoire. Lorsque tu planifies ton test de laboratoire sur le portail, l&#8217;\u00e9valuateur de s\u00e9curit\u00e9 te demandera le nombre d&#8217;\u00e9chantillons. Cela d\u00e9pend de ton produit et de son emballage.  <\/li>\n<\/ul>\n<\/li>\n<li><strong>Tests de laboratoire<\/strong>\n<ul class=\"wp-block-list\">\n<li>Nous effectuons les tests de laboratoire.<\/li>\n<\/ul>\n<\/li>\n<li><strong>R\u00e9sultats<\/strong>\n<ul class=\"wp-block-list\">\n<li>Dans le portail, tu trouveras les r\u00e9sultats des tests pour ton produit.<\/li>\n<\/ul>\n<\/li>\n<\/ol>\n","protected":false},"excerpt":{"rendered":"<p>Nous fournissons des tests sur le facteur de protection UVA (UVA-PF ) pour soutenir l&#8217;\u00e9tiquetage pr\u00e9cis et conforme des produits solaires et cosm\u00e9tiques. Le test UVA-PF est une \u00e9tape essentielle pour v\u00e9rifier la capacit\u00e9 d&#8217;un produit \u00e0 prot\u00e9ger la peau contre les rayons UVA, dont on sait qu&#8217;ils provoquent le photovieillissement, des dommages cutan\u00e9s \u00e0&#8230;<\/p>\n","protected":false},"featured_media":12632,"template":"","meta":[],"product_brand":[],"product_cat":[144,123,1455],"product_tag":[],"class_list":{"0":"post-13145","1":"product","2":"type-product","3":"status-publish","4":"has-post-thumbnail","6":"product_cat-test-cutane","7":"product_cat-test-defficacite","8":"product_cat-test-spf-fr","10":"first","11":"instock","12":"taxable","13":"shipping-taxable","14":"purchasable","15":"product-type-variable","16":"has-default-attributes"},"bundled_by":[],"bundle_stock_status":"instock","bundle_stock_quantity":null,"bundle_virtual":false,"bundle_layout":"","bundle_add_to_cart_form_location":"","bundle_editable_in_cart":false,"bundle_sold_individually_context":"","bundle_item_grouping":"","bundle_min_size":"","bundle_max_size":"","bundle_price":[],"bundled_items":[],"bundle_sell_ids":[],"yoast_head":"<!-- This site is optimized with the Yoast SEO Premium plugin v25.4 (Yoast SEO v25.4) - https:\/\/yoast.com\/wordpress\/plugins\/seo\/ -->\n<title>Test du facteur de protection UVA (UVA-PF) - Certified Cosmetics<\/title>\n<meta name=\"description\" content=\"Nous fournissons des tests sur le facteur de protection UVA (UVA-PF) pour soutenir l&#039;\u00e9tiquetage pr\u00e9cis et conforme des produits solaires et cosm\u00e9tiques.\" \/>\n<meta name=\"robots\" content=\"index, follow, max-snippet:-1, max-image-preview:large, max-video-preview:-1\" \/>\n<link rel=\"canonical\" href=\"https:\/\/www.certifiedcosmetics.com\/fr\/product\/test-defficacite\/test-cutane\/test-du-facteur-de-protection-uva-uva-pf\/\" \/>\n<meta property=\"og:locale\" content=\"fr_FR\" \/>\n<meta property=\"og:type\" content=\"article\" \/>\n<meta property=\"og:title\" content=\"Test du facteur de protection UVA (UVA-PF)\" \/>\n<meta property=\"og:description\" content=\"Nous fournissons des tests sur le facteur de protection UVA (UVA-PF) pour soutenir l&#039;\u00e9tiquetage pr\u00e9cis et conforme des produits solaires et cosm\u00e9tiques.\" \/>\n<meta property=\"og:url\" content=\"https:\/\/www.certifiedcosmetics.com\/fr\/product\/test-defficacite\/test-cutane\/test-du-facteur-de-protection-uva-uva-pf\/\" \/>\n<meta property=\"og:site_name\" content=\"Certified Cosmetics\" \/>\n<meta property=\"article:modified_time\" content=\"2025-10-22T08:34:11+00:00\" \/>\n<meta property=\"og:image\" content=\"https:\/\/www.certifiedcosmetics.com\/wp-content\/uploads\/2025\/08\/uva-laboratory-test.jpg\" \/>\n\t<meta property=\"og:image:width\" content=\"800\" \/>\n\t<meta property=\"og:image:height\" content=\"800\" \/>\n\t<meta property=\"og:image:type\" content=\"image\/jpeg\" \/>\n<meta name=\"twitter:card\" content=\"summary_large_image\" \/>\n<meta name=\"twitter:label1\" content=\"Disponibilit\u00e9\" \/>\n\t<meta name=\"twitter:data1\" content=\"En stock\" \/>\n<script type=\"application\/ld+json\" class=\"yoast-schema-graph\">{\"@context\":\"https:\/\/schema.org\",\"@graph\":[{\"@type\":\"WebPage\",\"@id\":\"https:\/\/www.certifiedcosmetics.com\/fr\/product\/test-defficacite\/test-cutane\/test-du-facteur-de-protection-uva-uva-pf\/\",\"url\":\"https:\/\/www.certifiedcosmetics.com\/fr\/product\/test-defficacite\/test-cutane\/test-du-facteur-de-protection-uva-uva-pf\/\",\"name\":\"Test du facteur de protection UVA (UVA-PF) - Certified Cosmetics\",\"isPartOf\":{\"@id\":\"https:\/\/www.certifiedcosmetics.com\/fr\/#website\"},\"primaryImageOfPage\":{\"@id\":\"https:\/\/www.certifiedcosmetics.com\/fr\/product\/test-defficacite\/test-cutane\/test-du-facteur-de-protection-uva-uva-pf\/#primaryimage\"},\"image\":{\"@id\":\"https:\/\/www.certifiedcosmetics.com\/fr\/product\/test-defficacite\/test-cutane\/test-du-facteur-de-protection-uva-uva-pf\/#primaryimage\"},\"thumbnailUrl\":\"https:\/\/www.certifiedcosmetics.com\/wp-content\/uploads\/2025\/08\/uva-laboratory-test.jpg\",\"datePublished\":\"2025-08-05T15:41:15+00:00\",\"dateModified\":\"2025-10-22T08:34:11+00:00\",\"description\":\"Nous fournissons des tests sur le facteur de protection UVA (UVA-PF) pour soutenir l'\u00e9tiquetage pr\u00e9cis et conforme des produits solaires et cosm\u00e9tiques.\",\"breadcrumb\":{\"@id\":\"https:\/\/www.certifiedcosmetics.com\/fr\/product\/test-defficacite\/test-cutane\/test-du-facteur-de-protection-uva-uva-pf\/#breadcrumb\"},\"inLanguage\":\"fr-FR\",\"potentialAction\":[{\"@type\":\"ReadAction\",\"target\":[\"https:\/\/www.certifiedcosmetics.com\/fr\/product\/test-defficacite\/test-cutane\/test-du-facteur-de-protection-uva-uva-pf\/\"]}]},{\"@type\":\"ImageObject\",\"inLanguage\":\"fr-FR\",\"@id\":\"https:\/\/www.certifiedcosmetics.com\/fr\/product\/test-defficacite\/test-cutane\/test-du-facteur-de-protection-uva-uva-pf\/#primaryimage\",\"url\":\"https:\/\/www.certifiedcosmetics.com\/wp-content\/uploads\/2025\/08\/uva-laboratory-test.jpg\",\"contentUrl\":\"https:\/\/www.certifiedcosmetics.com\/wp-content\/uploads\/2025\/08\/uva-laboratory-test.jpg\",\"width\":800,\"height\":800},{\"@type\":\"BreadcrumbList\",\"@id\":\"https:\/\/www.certifiedcosmetics.com\/fr\/product\/test-defficacite\/test-cutane\/test-du-facteur-de-protection-uva-uva-pf\/#breadcrumb\",\"itemListElement\":[{\"@type\":\"ListItem\",\"position\":1,\"name\":\"Home\",\"item\":\"https:\/\/www.certifiedcosmetics.com\/fr\/\"},{\"@type\":\"ListItem\",\"position\":2,\"name\":\"Boutique\",\"item\":\"https:\/\/www.certifiedcosmetics.com\/fr\/boutique\/\"},{\"@type\":\"ListItem\",\"position\":3,\"name\":\"Test du facteur de protection UVA (UVA-PF)\"}]},{\"@type\":\"WebSite\",\"@id\":\"https:\/\/www.certifiedcosmetics.com\/fr\/#website\",\"url\":\"https:\/\/www.certifiedcosmetics.com\/fr\/\",\"name\":\"Certified Cosmetics\",\"description\":\"Cosmetic Safety Assessment\",\"publisher\":{\"@id\":\"https:\/\/www.certifiedcosmetics.com\/fr\/#organization\"},\"potentialAction\":[{\"@type\":\"SearchAction\",\"target\":{\"@type\":\"EntryPoint\",\"urlTemplate\":\"https:\/\/www.certifiedcosmetics.com\/fr\/?s={search_term_string}\"},\"query-input\":{\"@type\":\"PropertyValueSpecification\",\"valueRequired\":true,\"valueName\":\"search_term_string\"}}],\"inLanguage\":\"fr-FR\"},{\"@type\":\"Organization\",\"@id\":\"https:\/\/www.certifiedcosmetics.com\/fr\/#organization\",\"name\":\"Certified Cosmetics\",\"url\":\"https:\/\/www.certifiedcosmetics.com\/fr\/\",\"logo\":{\"@type\":\"ImageObject\",\"inLanguage\":\"fr-FR\",\"@id\":\"https:\/\/www.certifiedcosmetics.com\/fr\/#\/schema\/logo\/image\/\",\"url\":\"https:\/\/www.certifiedcosmetics.com\/wp-content\/uploads\/2024\/12\/logo_certified_cosmetics696.jpg\",\"contentUrl\":\"https:\/\/www.certifiedcosmetics.com\/wp-content\/uploads\/2024\/12\/logo_certified_cosmetics696.jpg\",\"width\":696,\"height\":696,\"caption\":\"Certified Cosmetics\"},\"image\":{\"@id\":\"https:\/\/www.certifiedcosmetics.com\/fr\/#\/schema\/logo\/image\/\"},\"description\":\"Your trusted partner for cosmetic product safety reporting. We take care of updating all of your documentation, ensuring your compliance stays current even as regulations evolve. The Cosmetic Product Safety Assessment will give you everything you need to sell specific products to EU consumers.\",\"email\":\"contact@certifiedcosmetics.com\",\"telephone\":\"+31 36 2036384\",\"legalName\":\"Certified Cosmetics\",\"foundingDate\":\"2010-01-01\",\"vatID\":\"NL854189543B01\",\"numberOfEmployees\":{\"@type\":\"QuantitativeValue\",\"minValue\":\"11\",\"maxValue\":\"50\"}}]}<\/script>\n<meta property=\"og:availability\" content=\"instock\" \/>\n<meta property=\"product:availability\" content=\"instock\" \/>\n<meta property=\"product:condition\" content=\"new\" \/>\n<!-- \/ Yoast SEO Premium plugin. -->","yoast_head_json":{"title":"Test du facteur de protection UVA (UVA-PF) - Certified Cosmetics","description":"Nous fournissons des tests sur le facteur de protection UVA (UVA-PF) pour soutenir l'\u00e9tiquetage pr\u00e9cis et conforme des produits solaires et cosm\u00e9tiques.","robots":{"index":"index","follow":"follow","max-snippet":"max-snippet:-1","max-image-preview":"max-image-preview:large","max-video-preview":"max-video-preview:-1"},"canonical":"https:\/\/www.certifiedcosmetics.com\/fr\/product\/test-defficacite\/test-cutane\/test-du-facteur-de-protection-uva-uva-pf\/","og_locale":"fr_FR","og_type":"article","og_title":"Test du facteur de protection UVA (UVA-PF)","og_description":"Nous fournissons des tests sur le facteur de protection UVA (UVA-PF) pour soutenir l'\u00e9tiquetage pr\u00e9cis et conforme des produits solaires et cosm\u00e9tiques.","og_url":"https:\/\/www.certifiedcosmetics.com\/fr\/product\/test-defficacite\/test-cutane\/test-du-facteur-de-protection-uva-uva-pf\/","og_site_name":"Certified Cosmetics","article_modified_time":"2025-10-22T08:34:11+00:00","og_image":[{"width":800,"height":800,"url":"https:\/\/www.certifiedcosmetics.com\/wp-content\/uploads\/2025\/08\/uva-laboratory-test.jpg","type":"image\/jpeg"}],"twitter_card":"summary_large_image","twitter_misc":{"Disponibilit\u00e9":"En stock"},"schema":{"@context":"https:\/\/schema.org","@graph":[{"@type":"WebPage","@id":"https:\/\/www.certifiedcosmetics.com\/fr\/product\/test-defficacite\/test-cutane\/test-du-facteur-de-protection-uva-uva-pf\/","url":"https:\/\/www.certifiedcosmetics.com\/fr\/product\/test-defficacite\/test-cutane\/test-du-facteur-de-protection-uva-uva-pf\/","name":"Test du facteur de protection UVA (UVA-PF) - Certified Cosmetics","isPartOf":{"@id":"https:\/\/www.certifiedcosmetics.com\/fr\/#website"},"primaryImageOfPage":{"@id":"https:\/\/www.certifiedcosmetics.com\/fr\/product\/test-defficacite\/test-cutane\/test-du-facteur-de-protection-uva-uva-pf\/#primaryimage"},"image":{"@id":"https:\/\/www.certifiedcosmetics.com\/fr\/product\/test-defficacite\/test-cutane\/test-du-facteur-de-protection-uva-uva-pf\/#primaryimage"},"thumbnailUrl":"https:\/\/www.certifiedcosmetics.com\/wp-content\/uploads\/2025\/08\/uva-laboratory-test.jpg","datePublished":"2025-08-05T15:41:15+00:00","dateModified":"2025-10-22T08:34:11+00:00","description":"Nous fournissons des tests sur le facteur de protection UVA (UVA-PF) pour soutenir l'\u00e9tiquetage pr\u00e9cis et conforme des produits solaires et cosm\u00e9tiques.","breadcrumb":{"@id":"https:\/\/www.certifiedcosmetics.com\/fr\/product\/test-defficacite\/test-cutane\/test-du-facteur-de-protection-uva-uva-pf\/#breadcrumb"},"inLanguage":"fr-FR","potentialAction":[{"@type":"ReadAction","target":["https:\/\/www.certifiedcosmetics.com\/fr\/product\/test-defficacite\/test-cutane\/test-du-facteur-de-protection-uva-uva-pf\/"]}]},{"@type":"ImageObject","inLanguage":"fr-FR","@id":"https:\/\/www.certifiedcosmetics.com\/fr\/product\/test-defficacite\/test-cutane\/test-du-facteur-de-protection-uva-uva-pf\/#primaryimage","url":"https:\/\/www.certifiedcosmetics.com\/wp-content\/uploads\/2025\/08\/uva-laboratory-test.jpg","contentUrl":"https:\/\/www.certifiedcosmetics.com\/wp-content\/uploads\/2025\/08\/uva-laboratory-test.jpg","width":800,"height":800},{"@type":"BreadcrumbList","@id":"https:\/\/www.certifiedcosmetics.com\/fr\/product\/test-defficacite\/test-cutane\/test-du-facteur-de-protection-uva-uva-pf\/#breadcrumb","itemListElement":[{"@type":"ListItem","position":1,"name":"Home","item":"https:\/\/www.certifiedcosmetics.com\/fr\/"},{"@type":"ListItem","position":2,"name":"Boutique","item":"https:\/\/www.certifiedcosmetics.com\/fr\/boutique\/"},{"@type":"ListItem","position":3,"name":"Test du facteur de protection UVA (UVA-PF)"}]},{"@type":"WebSite","@id":"https:\/\/www.certifiedcosmetics.com\/fr\/#website","url":"https:\/\/www.certifiedcosmetics.com\/fr\/","name":"Certified Cosmetics","description":"Cosmetic Safety Assessment","publisher":{"@id":"https:\/\/www.certifiedcosmetics.com\/fr\/#organization"},"potentialAction":[{"@type":"SearchAction","target":{"@type":"EntryPoint","urlTemplate":"https:\/\/www.certifiedcosmetics.com\/fr\/?s={search_term_string}"},"query-input":{"@type":"PropertyValueSpecification","valueRequired":true,"valueName":"search_term_string"}}],"inLanguage":"fr-FR"},{"@type":"Organization","@id":"https:\/\/www.certifiedcosmetics.com\/fr\/#organization","name":"Certified Cosmetics","url":"https:\/\/www.certifiedcosmetics.com\/fr\/","logo":{"@type":"ImageObject","inLanguage":"fr-FR","@id":"https:\/\/www.certifiedcosmetics.com\/fr\/#\/schema\/logo\/image\/","url":"https:\/\/www.certifiedcosmetics.com\/wp-content\/uploads\/2024\/12\/logo_certified_cosmetics696.jpg","contentUrl":"https:\/\/www.certifiedcosmetics.com\/wp-content\/uploads\/2024\/12\/logo_certified_cosmetics696.jpg","width":696,"height":696,"caption":"Certified Cosmetics"},"image":{"@id":"https:\/\/www.certifiedcosmetics.com\/fr\/#\/schema\/logo\/image\/"},"description":"Your trusted partner for cosmetic product safety reporting. We take care of updating all of your documentation, ensuring your compliance stays current even as regulations evolve. The Cosmetic Product Safety Assessment will give you everything you need to sell specific products to EU consumers.","email":"contact@certifiedcosmetics.com","telephone":"+31 36 2036384","legalName":"Certified Cosmetics","foundingDate":"2010-01-01","vatID":"NL854189543B01","numberOfEmployees":{"@type":"QuantitativeValue","minValue":"11","maxValue":"50"}}]},"og_availability":"instock","product_availability":"instock","product_condition":"new"},"_links":{"self":[{"href":"https:\/\/www.certifiedcosmetics.com\/fr\/wp-json\/wp\/v2\/product\/13145","targetHints":{"allow":["GET"]}}],"collection":[{"href":"https:\/\/www.certifiedcosmetics.com\/fr\/wp-json\/wp\/v2\/product"}],"about":[{"href":"https:\/\/www.certifiedcosmetics.com\/fr\/wp-json\/wp\/v2\/types\/product"}],"wp:featuredmedia":[{"embeddable":true,"href":"https:\/\/www.certifiedcosmetics.com\/fr\/wp-json\/wp\/v2\/media\/12632"}],"wp:attachment":[{"href":"https:\/\/www.certifiedcosmetics.com\/fr\/wp-json\/wp\/v2\/media?parent=13145"}],"wp:term":[{"taxonomy":"product_brand","embeddable":true,"href":"https:\/\/www.certifiedcosmetics.com\/fr\/wp-json\/wp\/v2\/product_brand?post=13145"},{"taxonomy":"product_cat","embeddable":true,"href":"https:\/\/www.certifiedcosmetics.com\/fr\/wp-json\/wp\/v2\/product_cat?post=13145"},{"taxonomy":"product_tag","embeddable":true,"href":"https:\/\/www.certifiedcosmetics.com\/fr\/wp-json\/wp\/v2\/product_tag?post=13145"}],"curies":[{"name":"wp","href":"https:\/\/api.w.org\/{rel}","templated":true}]}}