{"id":12599,"date":"2025-08-04T10:08:11","date_gmt":"2025-08-04T09:08:11","guid":{"rendered":"https:\/\/www.certifiedcosmetics.com\/product\/uncategorized\/spf-laboratory-test-in-vitro-facteur-de-protection-solaire\/"},"modified":"2025-10-22T09:03:53","modified_gmt":"2025-10-22T08:03:53","slug":"spf-laboratory-test-in-vitro-facteur-de-protection-solaire","status":"publish","type":"product","link":"https:\/\/www.certifiedcosmetics.com\/fr\/product\/test-defficacite\/test-cutane\/spf-laboratory-test-in-vitro-facteur-de-protection-solaire\/","title":{"rendered":"SPF Laboratory Test In Vitro &#8211; Facteur de protection solaire"},"content":{"rendered":"<p data-start=\"109\" data-end=\"549\">Assure-toi que tes produits de protection solaire r\u00e9pondent aux normes internationales gr\u00e2ce \u00e0 notre service de <strong data-start=\"251\" data-end=\"275\">test SPF in vitro<\/strong>. R\u00e9alis\u00e9s dans des conditions de laboratoire contr\u00f4l\u00e9es, les tests SPF in vivo fournissent des r\u00e9sultats pr\u00e9cis et reproductibles tout en respectant les directives r\u00e9glementaires mondiales. <\/p>\n<p data-start=\"551\" data-end=\"582\">Notre service de test fournit :<\/p>\n<ul data-start=\"583\" data-end=\"901\">\n<li data-start=\"583\" data-end=\"676\">\n<p data-start=\"585\" data-end=\"676\"><strong data-start=\"585\" data-end=\"612\">D\u00e9termination de la valeur SPF<\/strong> \u00e0 l&#8217;aide d&#8217;un rayonnement UV artificiel et d&#8217;une analyse spectrophotom\u00e9trique<\/p>\n<\/li>\n<li data-start=\"827\" data-end=\"901\">\n<p data-start=\"829\" data-end=\"901\">Rapport de laboratoire complet et interpr\u00e9tation des donn\u00e9es par des scientifiques qualifi\u00e9s<\/p>\n<\/li>\n<\/ul>\n<p data-start=\"903\" data-end=\"1196\">Cette m\u00e9thode est id\u00e9ale \u00e0 la fois pour la <strong data-start=\"933\" data-end=\"958\">s\u00e9lection des formulations<\/strong> et la <strong data-start=\"963\" data-end=\"996\">soumission des dossiers r\u00e9glementaires<\/strong>. Nos tests SPF in vitro, auxquels font confiance les marques des industries cosm\u00e9tiques et dermatologiques, garantissent que les produits solaires sont \u00e0 la fois s\u00fbrs et efficaces, pr\u00eats \u00e0 \u00eatre lanc\u00e9s sur le march\u00e9 dans l&#8217;UE et au-del\u00e0. <\/p>\n<p data-start=\"1198\" data-end=\"1293\"><strong data-start=\"1198\" data-end=\"1218\">D\u00e9lai d&#8217;ex\u00e9cution :<\/strong> 10 \u00e0 15 jours ouvrables<br data-start=\"1238\" data-end=\"1241\"><strong data-start=\"1241\" data-end=\"1261\">\u00c9chantillon requis :<\/strong> Minimum 100ml\/gr de chaque formulation<\/p>\n<p data-start=\"1295\" data-end=\"1421\">Prot\u00e8ge tes consommateurs. Valide tes affirmations. Choisis des tests de laboratoire certifi\u00e9s qui r\u00e9pondent aux normes scientifiques et \u00e9thiques modernes.  <\/p>\n<h2 data-start=\"1295\" data-end=\"1421\">Quelle est la diff\u00e9rence entre les tests in vivo et in vitro ?<\/h2>\n<p>Les termes in vivo et in vitro font r\u00e9f\u00e9rence \u00e0 deux types diff\u00e9rents d&#8217;environnements de test utilis\u00e9s dans les tests scientifiques et r\u00e9glementaires, y compris les tests SPF pour les \u00e9crans solaires :<\/p>\n<h3>Test in vitro<\/h3>\n<p><strong>D\u00e9finition :<\/strong><br \/>\n&#8220;In vitro&#8221; signifie &#8220;dans le verre&#8221; en latin. Il s&#8217;agit de tests effectu\u00e9s en dehors d&#8217;un organisme vivant, g\u00e9n\u00e9ralement en laboratoire, \u00e0 l&#8217;aide d&#8217;\u00e9quipements tels que des plaques d&#8217;essai, des spectrophotom\u00e8tres UV et des substrats artificiels. <\/p>\n<p><strong>Caract\u00e9ristiques principales :<\/strong><\/p>\n<ul>\n<li>R\u00e9alis\u00e9 dans un environnement de laboratoire contr\u00f4l\u00e9<\/li>\n<li>Utilise des substrats en peau synth\u00e9tique ou d&#8217;autres mat\u00e9riaux.<\/li>\n<li>Aucun test sur les humains ou les animaux n&#8217;a \u00e9t\u00e9 effectu\u00e9<\/li>\n<\/ul>\n<p>Exemples : Test spectrophotom\u00e9trique de l&#8217;indice de protection solaire, d\u00e9termination de l&#8217;indice de protection UV sur des plaques de PMMA.<\/p>\n<p><strong>Avantages :<\/strong><\/p>\n<ul>\n<li>\u00c9thique et sans animaux<\/li>\n<li>Souvent plus rapide et moins cher<\/li>\n<li>Permet de cribler plusieurs formulations au d\u00e9but du d\u00e9veloppement<\/li>\n<li>Accept\u00e9 \u00e0 des fins r\u00e9glementaires<\/li>\n<\/ul>\n<h3>Test in vivo<\/h3>\n<p><strong>D\u00e9finition :<\/strong><br \/>\n&#8220;In vivo&#8221; signifie &#8220;dans le vivant&#8221; en latin. Il d\u00e9signe les tests effectu\u00e9s sur des organismes vivants, g\u00e9n\u00e9ralement des volontaires humains dans le cas des tests de FPS. <\/p>\n<p><strong>Caract\u00e9ristiques principales :<\/strong><\/p>\n<ul>\n<li>R\u00e9alis\u00e9 sur la peau de sujets humains<\/li>\n<li>L&#8217;application du produit est suivie d&#8217;une exposition aux UV.<\/li>\n<li>Mesur\u00e9 en observant l&#8217;\u00e9ryth\u00e8me (rougeur) caus\u00e9 par les UVB.<\/li>\n<\/ul>\n<p><strong>Avantages :<\/strong><\/p>\n<ul>\n<li>Consid\u00e9r\u00e9 comme l&#8217;\u00e9talon-or pour la validation des FPS dans certains pays.<\/li>\n<li>Permet d&#8217;obtenir des r\u00e9sultats concrets dans des conditions cutan\u00e9es r\u00e9elles.<\/li>\n<li>Possibilit\u00e9s de tester plusieurs options : R\u00e9sistance \u00e0 l&#8217;eau (WR), Tr\u00e8s grande r\u00e9sistance \u00e0 l&#8217;eau (WR), Ultra r\u00e9sistance \u00e0 l&#8217;eau (UWR), R\u00e9sistance \u00e0 la sueur (STR), R\u00e9sistance au sable (STR).<\/li>\n<\/ul>\n<table>\n<thead>\n<tr>\n<th>Caract\u00e9ristiques<\/th>\n<th>In Vitro<\/th>\n<th>In Vivo<\/th>\n<\/tr>\n<\/thead>\n<tbody>\n<tr>\n<td>Lieu de travail<\/td>\n<td>Laboratoire (\u00e0 l&#8217;ext\u00e9rieur du corps)<\/td>\n<td>Sur la peau humaine vivante<\/td>\n<\/tr>\n<tr>\n<td>\u00c9thique<\/td>\n<td>Sans cruaut\u00e9, pas de tests sur les humains<\/td>\n<td>Exposition humaine aux rayons UV<\/td>\n<\/tr>\n<tr>\n<td>La vitesse<\/td>\n<td>Plus rapide<\/td>\n<td>Plus lente<\/td>\n<\/tr>\n<tr>\n<td>Co\u00fbt<\/td>\n<td>Plus bas<\/td>\n<td>Plus \u00e9lev\u00e9<\/td>\n<\/tr>\n<tr>\n<td>Options<\/td>\n<td>Validation SPF<\/td>\n<td>Validation SPF, R\u00e9sistance \u00e0 l&#8217;eau (WR), Tr\u00e8s grande r\u00e9sistance \u00e0 l&#8217;eau (WR), Ultra r\u00e9sistance \u00e0 l&#8217;eau (UWR), R\u00e9sistance \u00e0 la sueur (STR), R\u00e9sistance au sable (STR)<\/td>\n<\/tr>\n<tr>\n<td>Utilisation<\/td>\n<td>Criblage de la formulation, confirmation finale<\/td>\n<td>Validation r\u00e9glementaire, confirmation finale<\/td>\n<\/tr>\n<tr>\n<td>M\u00e9thodes courantes<\/td>\n<td>Colipa, spectrophotom\u00e9trie UV, ISO 24443<\/td>\n<td>Test MED\/MPPD avec des volontaires, ISO 24444<\/td>\n<\/tr>\n<\/tbody>\n<\/table>\n<h2>Pourquoi les tests SPF sont-ils importants ?<\/h2>\n<ol>\n<li><strong>Conformit\u00e9 r\u00e9glementaire :<\/strong><br \/>\nLa plupart des r\u00e9gions, y compris l&#8217;Union europ\u00e9enne, les \u00c9tats-Unis et l&#8217;Asie, exigent que les all\u00e9gations de FPS soient valid\u00e9es pour les produits de protection solaire. En l&#8217;absence de tests appropri\u00e9s, les produits risquent d&#8217;\u00eatre rejet\u00e9s ou retir\u00e9s du march\u00e9. <\/li>\n<li><strong>S\u00e9curit\u00e9 des consommateurs :<\/strong><br \/>\nLes d\u00e9clarations erron\u00e9es sur les FPS peuvent conduire \u00e0 une protection solaire insuffisante, ce qui augmente le risque de l\u00e9sions cutan\u00e9es et les probl\u00e8mes de sant\u00e9 qui en d\u00e9coulent.<\/li>\n<li><strong>Cr\u00e9dibilit\u00e9 et confiance :<\/strong><br \/>\nDes all\u00e9gations transparentes et pr\u00e9cises sur les FPS renforcent la r\u00e9putation de la marque et la confiance des consommateurs dans tes produits.<\/li>\n<li><strong>Diff\u00e9renciation sur le march\u00e9 :<\/strong><br \/>\nLes tests SPF garantissent que ton produit peut \u00eatre comp\u00e9titif en offrant une protection prouv\u00e9e, ce qui en fait un choix privil\u00e9gi\u00e9 pour les consommateurs soucieux de leur s\u00e9curit\u00e9.<\/li>\n<\/ol>\n<h2>Nos services de tests en laboratoire SPF<\/h2>\n<p>Nous proposons des tests FPS complets pour t&#8217;aider \u00e0 justifier les revendications de tes produits et \u00e0 respecter les normes r\u00e9glementaires. Nos services comprennent : <\/p>\n<h3>1. Test in vivo du FPS<\/h3>\n<ul>\n<li>R\u00e9alis\u00e9 sur des volontaires humains dans le cadre de protocoles \u00e9thiques et de s\u00e9curit\u00e9 stricts.<\/li>\n<li>D\u00e9termine la valeur r\u00e9elle du FPS de ton produit en fonction de l&#8217;application r\u00e9elle et de l&#8217;exposition au soleil.<\/li>\n<\/ul>\n<h3>2. Test in vitro du FPS<\/h3>\n<ul>\n<li>Convient pour les \u00e9valuations initiales ou en compl\u00e9ment des tests in vivo.<\/li>\n<li>Fournit une m\u00e9thode rapide et rentable pour analyser la protection contre les UV.<\/li>\n<\/ul>\n<h3>3. Test UV \u00e0 large spectre<\/h3>\n<ul>\n<li>Mesure la protection contre les <strong>rayons<\/strong> <strong>UVA<\/strong> et <strong>UVB<\/strong> pour appuyer les all\u00e9gations de &#8220;large spectre&#8221;.<\/li>\n<\/ul>\n<h3>4. Test de r\u00e9sistance \u00e0 l&#8217;eau<\/h3>\n<ul>\n<li>\u00c9value l&#8217;efficacit\u00e9 du produit apr\u00e8s son exposition \u00e0 l&#8217;eau, ce qui garantit l&#8217;exactitude des all\u00e9gations &#8220;r\u00e9sistant \u00e0 l&#8217;eau&#8221; ou &#8220;tr\u00e8s r\u00e9sistant \u00e0 l&#8217;eau&#8221;.<\/li>\n<\/ul>\n<h3>5. Contr\u00f4les de conformit\u00e9<\/h3>\n<ul>\n<li>V\u00e9rification de la conformit\u00e9 aux exigences r\u00e9gionales en mati\u00e8re d&#8217;\u00e9tiquetage des FPS, telles que celles d\u00e9finies par la FDA (\u00c9tats-Unis), le r\u00e8glement europ\u00e9en sur les cosm\u00e9tiques ou les normes ISO.<\/li>\n<\/ul>\n<h2>Pourquoi nous choisir pour les tests SPF ?<\/h2>\n<ul>\n<li><strong>Installations accr\u00e9dit\u00e9es :<\/strong> Nous exploitons des laboratoires de pointe accr\u00e9dit\u00e9s pour effectuer des tests de FPS conform\u00e9ment aux normes mondiales.<\/li>\n<li><strong>\u00c9quipe d&#8217;experts :<\/strong> Nos scientifiques sont sp\u00e9cialis\u00e9s dans la formulation et les tests des \u00e9crans solaires, ce qui garantit des r\u00e9sultats pr\u00e9cis et fiables.<\/li>\n<li><strong>Expertise en mati\u00e8re de r\u00e9glementation :<\/strong> Nous fournissons des conseils pour r\u00e9pondre aux exigences sp\u00e9cifiques des diff\u00e9rents march\u00e9s, ce qui r\u00e9duit le risque de retards ou de non-conformit\u00e9.<\/li>\n<li><strong>Soutien de bout en bout :<\/strong> Des tests initiaux \u00e0 la validation des revendications et \u00e0 la documentation r\u00e9glementaire, nous soutenons chaque \u00e9tape du d\u00e9veloppement de ton produit.<\/li>\n<\/ul>\n<h3>Comment commencer<\/h3>\n<p>Si ton produit n\u00e9cessite un test ou une v\u00e9rification du FPS, notre \u00e9quipe est pr\u00eate \u00e0 t&#8217;aider. Que tu formules un nouvel \u00e9cran solaire ou que tu mettes \u00e0 jour un produit existant pour qu&#8217;il r\u00e9ponde aux normes internationales, nos services sont adapt\u00e9s \u00e0 tes besoins. <\/p>\n","protected":false},"excerpt":{"rendered":"<p>Assure-toi que tes produits de protection solaire r\u00e9pondent aux normes internationales gr\u00e2ce \u00e0 notre service de test SPF in vitro. R\u00e9alis\u00e9s dans des conditions de laboratoire contr\u00f4l\u00e9es, les tests SPF in vivo fournissent des r\u00e9sultats pr\u00e9cis et reproductibles tout en respectant les directives r\u00e9glementaires mondiales. Notre service de test fournit : D\u00e9termination de la valeur&#8230;<\/p>\n","protected":false},"featured_media":10116,"template":"","meta":[],"product_brand":[],"product_cat":[144,123,1455],"product_tag":[],"class_list":{"0":"post-12599","1":"product","2":"type-product","3":"status-publish","4":"has-post-thumbnail","6":"product_cat-test-cutane","7":"product_cat-test-defficacite","8":"product_cat-test-spf-fr","10":"first","11":"instock","12":"virtual","13":"taxable","14":"purchasable","15":"product-type-simple"},"bundled_by":[],"bundle_stock_status":"instock","bundle_stock_quantity":null,"bundle_virtual":false,"bundle_layout":"","bundle_add_to_cart_form_location":"","bundle_editable_in_cart":false,"bundle_sold_individually_context":"","bundle_item_grouping":"","bundle_min_size":"","bundle_max_size":"","bundle_price":[],"bundled_items":[],"bundle_sell_ids":[],"yoast_head":"<!-- This site is optimized with the Yoast SEO Premium plugin v25.4 (Yoast SEO v25.4) - https:\/\/yoast.com\/wordpress\/plugins\/seo\/ -->\n<title>SPF Laboratory Test In Vitro - Facteur de protection solaire - Certified Cosmetics<\/title>\n<meta name=\"robots\" content=\"index, follow, max-snippet:-1, max-image-preview:large, max-video-preview:-1\" \/>\n<link rel=\"canonical\" href=\"https:\/\/www.certifiedcosmetics.com\/fr\/product\/test-defficacite\/test-cutane\/spf-laboratory-test-in-vitro-facteur-de-protection-solaire\/\" \/>\n<meta property=\"og:locale\" content=\"fr_FR\" \/>\n<meta property=\"og:type\" content=\"article\" \/>\n<meta property=\"og:title\" content=\"SPF Laboratory Test In Vitro - Facteur de protection solaire\" \/>\n<meta property=\"og:description\" content=\"Assure-toi que tes produits de protection solaire r\u00e9pondent aux normes internationales gr\u00e2ce \u00e0 notre service de test SPF in vitro. R\u00e9alis\u00e9s dans des conditions de laboratoire contr\u00f4l\u00e9es, les tests SPF in vivo fournissent des r\u00e9sultats pr\u00e9cis et reproductibles tout en respectant les directives r\u00e9glementaires mondiales. Notre service de test fournit : D\u00e9termination de la valeur...\" \/>\n<meta property=\"og:url\" content=\"https:\/\/www.certifiedcosmetics.com\/fr\/product\/test-defficacite\/test-cutane\/spf-laboratory-test-in-vitro-facteur-de-protection-solaire\/\" \/>\n<meta property=\"og:site_name\" content=\"Certified Cosmetics\" \/>\n<meta property=\"article:modified_time\" content=\"2025-10-22T08:03:53+00:00\" \/>\n<meta property=\"og:image\" content=\"https:\/\/www.certifiedcosmetics.com\/wp-content\/uploads\/2024\/11\/5-2.png\" \/>\n\t<meta property=\"og:image:width\" content=\"400\" \/>\n\t<meta property=\"og:image:height\" content=\"400\" \/>\n\t<meta property=\"og:image:type\" content=\"image\/png\" \/>\n<meta name=\"twitter:card\" content=\"summary_large_image\" \/>\n<meta name=\"twitter:label1\" content=\"Prix\" \/>\n\t<meta name=\"twitter:data1\" content=\"&#036;526.24\" \/>\n\t<meta name=\"twitter:label2\" content=\"Disponibilit\u00e9\" \/>\n\t<meta name=\"twitter:data2\" content=\"En stock\" \/>\n<script type=\"application\/ld+json\" class=\"yoast-schema-graph\">{\"@context\":\"https:\/\/schema.org\",\"@graph\":[{\"@type\":\"WebPage\",\"@id\":\"https:\/\/www.certifiedcosmetics.com\/fr\/product\/test-defficacite\/test-cutane\/spf-laboratory-test-in-vitro-facteur-de-protection-solaire\/\",\"url\":\"https:\/\/www.certifiedcosmetics.com\/fr\/product\/test-defficacite\/test-cutane\/spf-laboratory-test-in-vitro-facteur-de-protection-solaire\/\",\"name\":\"SPF Laboratory Test In Vitro - Facteur de protection solaire - Certified Cosmetics\",\"isPartOf\":{\"@id\":\"https:\/\/www.certifiedcosmetics.com\/fr\/#website\"},\"primaryImageOfPage\":{\"@id\":\"https:\/\/www.certifiedcosmetics.com\/fr\/product\/test-defficacite\/test-cutane\/spf-laboratory-test-in-vitro-facteur-de-protection-solaire\/#primaryimage\"},\"image\":{\"@id\":\"https:\/\/www.certifiedcosmetics.com\/fr\/product\/test-defficacite\/test-cutane\/spf-laboratory-test-in-vitro-facteur-de-protection-solaire\/#primaryimage\"},\"thumbnailUrl\":\"https:\/\/www.certifiedcosmetics.com\/wp-content\/uploads\/2024\/11\/5-2.png\",\"datePublished\":\"2025-08-04T09:08:11+00:00\",\"dateModified\":\"2025-10-22T08:03:53+00:00\",\"breadcrumb\":{\"@id\":\"https:\/\/www.certifiedcosmetics.com\/fr\/product\/test-defficacite\/test-cutane\/spf-laboratory-test-in-vitro-facteur-de-protection-solaire\/#breadcrumb\"},\"inLanguage\":\"fr-FR\",\"potentialAction\":[{\"@type\":\"ReadAction\",\"target\":[\"https:\/\/www.certifiedcosmetics.com\/fr\/product\/test-defficacite\/test-cutane\/spf-laboratory-test-in-vitro-facteur-de-protection-solaire\/\"]}]},{\"@type\":\"ImageObject\",\"inLanguage\":\"fr-FR\",\"@id\":\"https:\/\/www.certifiedcosmetics.com\/fr\/product\/test-defficacite\/test-cutane\/spf-laboratory-test-in-vitro-facteur-de-protection-solaire\/#primaryimage\",\"url\":\"https:\/\/www.certifiedcosmetics.com\/wp-content\/uploads\/2024\/11\/5-2.png\",\"contentUrl\":\"https:\/\/www.certifiedcosmetics.com\/wp-content\/uploads\/2024\/11\/5-2.png\",\"width\":400,\"height\":400},{\"@type\":\"BreadcrumbList\",\"@id\":\"https:\/\/www.certifiedcosmetics.com\/fr\/product\/test-defficacite\/test-cutane\/spf-laboratory-test-in-vitro-facteur-de-protection-solaire\/#breadcrumb\",\"itemListElement\":[{\"@type\":\"ListItem\",\"position\":1,\"name\":\"Home\",\"item\":\"https:\/\/www.certifiedcosmetics.com\/fr\/\"},{\"@type\":\"ListItem\",\"position\":2,\"name\":\"Boutique\",\"item\":\"https:\/\/www.certifiedcosmetics.com\/fr\/boutique\/\"},{\"@type\":\"ListItem\",\"position\":3,\"name\":\"SPF Laboratory Test In Vitro &#8211; Facteur de protection solaire\"}]},{\"@type\":\"WebSite\",\"@id\":\"https:\/\/www.certifiedcosmetics.com\/fr\/#website\",\"url\":\"https:\/\/www.certifiedcosmetics.com\/fr\/\",\"name\":\"Certified Cosmetics\",\"description\":\"Cosmetic Safety Assessment\",\"publisher\":{\"@id\":\"https:\/\/www.certifiedcosmetics.com\/fr\/#organization\"},\"potentialAction\":[{\"@type\":\"SearchAction\",\"target\":{\"@type\":\"EntryPoint\",\"urlTemplate\":\"https:\/\/www.certifiedcosmetics.com\/fr\/?s={search_term_string}\"},\"query-input\":{\"@type\":\"PropertyValueSpecification\",\"valueRequired\":true,\"valueName\":\"search_term_string\"}}],\"inLanguage\":\"fr-FR\"},{\"@type\":\"Organization\",\"@id\":\"https:\/\/www.certifiedcosmetics.com\/fr\/#organization\",\"name\":\"Certified Cosmetics\",\"url\":\"https:\/\/www.certifiedcosmetics.com\/fr\/\",\"logo\":{\"@type\":\"ImageObject\",\"inLanguage\":\"fr-FR\",\"@id\":\"https:\/\/www.certifiedcosmetics.com\/fr\/#\/schema\/logo\/image\/\",\"url\":\"https:\/\/www.certifiedcosmetics.com\/wp-content\/uploads\/2024\/12\/logo_certified_cosmetics696.jpg\",\"contentUrl\":\"https:\/\/www.certifiedcosmetics.com\/wp-content\/uploads\/2024\/12\/logo_certified_cosmetics696.jpg\",\"width\":696,\"height\":696,\"caption\":\"Certified Cosmetics\"},\"image\":{\"@id\":\"https:\/\/www.certifiedcosmetics.com\/fr\/#\/schema\/logo\/image\/\"},\"description\":\"Your trusted partner for cosmetic product safety reporting. We take care of updating all of your documentation, ensuring your compliance stays current even as regulations evolve. The Cosmetic Product Safety Assessment will give you everything you need to sell specific products to EU consumers.\",\"email\":\"contact@certifiedcosmetics.com\",\"telephone\":\"+31 36 2036384\",\"legalName\":\"Certified Cosmetics\",\"foundingDate\":\"2010-01-01\",\"vatID\":\"NL854189543B01\",\"numberOfEmployees\":{\"@type\":\"QuantitativeValue\",\"minValue\":\"11\",\"maxValue\":\"50\"}}]}<\/script>\n<meta property=\"product:price:amount\" content=\"526.24\" \/>\n<meta property=\"product:price:currency\" content=\"USD\" \/>\n<meta property=\"og:availability\" content=\"instock\" \/>\n<meta property=\"product:availability\" content=\"instock\" \/>\n<meta property=\"product:retailer_item_id\" content=\"CC100141\" \/>\n<meta property=\"product:condition\" content=\"new\" \/>\n<!-- \/ Yoast SEO Premium plugin. -->","yoast_head_json":{"title":"SPF Laboratory Test In Vitro - Facteur de protection solaire - Certified Cosmetics","robots":{"index":"index","follow":"follow","max-snippet":"max-snippet:-1","max-image-preview":"max-image-preview:large","max-video-preview":"max-video-preview:-1"},"canonical":"https:\/\/www.certifiedcosmetics.com\/fr\/product\/test-defficacite\/test-cutane\/spf-laboratory-test-in-vitro-facteur-de-protection-solaire\/","og_locale":"fr_FR","og_type":"article","og_title":"SPF Laboratory Test In Vitro - Facteur de protection solaire","og_description":"Assure-toi que tes produits de protection solaire r\u00e9pondent aux normes internationales gr\u00e2ce \u00e0 notre service de test SPF in vitro. R\u00e9alis\u00e9s dans des conditions de laboratoire contr\u00f4l\u00e9es, les tests SPF in vivo fournissent des r\u00e9sultats pr\u00e9cis et reproductibles tout en respectant les directives r\u00e9glementaires mondiales. Notre service de test fournit : D\u00e9termination de la valeur...","og_url":"https:\/\/www.certifiedcosmetics.com\/fr\/product\/test-defficacite\/test-cutane\/spf-laboratory-test-in-vitro-facteur-de-protection-solaire\/","og_site_name":"Certified Cosmetics","article_modified_time":"2025-10-22T08:03:53+00:00","og_image":[{"width":400,"height":400,"url":"https:\/\/www.certifiedcosmetics.com\/wp-content\/uploads\/2024\/11\/5-2.png","type":"image\/png"}],"twitter_card":"summary_large_image","twitter_misc":{"Prix":"&#36;526.24","Disponibilit\u00e9":"En stock"},"schema":{"@context":"https:\/\/schema.org","@graph":[{"@type":"WebPage","@id":"https:\/\/www.certifiedcosmetics.com\/fr\/product\/test-defficacite\/test-cutane\/spf-laboratory-test-in-vitro-facteur-de-protection-solaire\/","url":"https:\/\/www.certifiedcosmetics.com\/fr\/product\/test-defficacite\/test-cutane\/spf-laboratory-test-in-vitro-facteur-de-protection-solaire\/","name":"SPF Laboratory Test In Vitro - Facteur de protection solaire - Certified Cosmetics","isPartOf":{"@id":"https:\/\/www.certifiedcosmetics.com\/fr\/#website"},"primaryImageOfPage":{"@id":"https:\/\/www.certifiedcosmetics.com\/fr\/product\/test-defficacite\/test-cutane\/spf-laboratory-test-in-vitro-facteur-de-protection-solaire\/#primaryimage"},"image":{"@id":"https:\/\/www.certifiedcosmetics.com\/fr\/product\/test-defficacite\/test-cutane\/spf-laboratory-test-in-vitro-facteur-de-protection-solaire\/#primaryimage"},"thumbnailUrl":"https:\/\/www.certifiedcosmetics.com\/wp-content\/uploads\/2024\/11\/5-2.png","datePublished":"2025-08-04T09:08:11+00:00","dateModified":"2025-10-22T08:03:53+00:00","breadcrumb":{"@id":"https:\/\/www.certifiedcosmetics.com\/fr\/product\/test-defficacite\/test-cutane\/spf-laboratory-test-in-vitro-facteur-de-protection-solaire\/#breadcrumb"},"inLanguage":"fr-FR","potentialAction":[{"@type":"ReadAction","target":["https:\/\/www.certifiedcosmetics.com\/fr\/product\/test-defficacite\/test-cutane\/spf-laboratory-test-in-vitro-facteur-de-protection-solaire\/"]}]},{"@type":"ImageObject","inLanguage":"fr-FR","@id":"https:\/\/www.certifiedcosmetics.com\/fr\/product\/test-defficacite\/test-cutane\/spf-laboratory-test-in-vitro-facteur-de-protection-solaire\/#primaryimage","url":"https:\/\/www.certifiedcosmetics.com\/wp-content\/uploads\/2024\/11\/5-2.png","contentUrl":"https:\/\/www.certifiedcosmetics.com\/wp-content\/uploads\/2024\/11\/5-2.png","width":400,"height":400},{"@type":"BreadcrumbList","@id":"https:\/\/www.certifiedcosmetics.com\/fr\/product\/test-defficacite\/test-cutane\/spf-laboratory-test-in-vitro-facteur-de-protection-solaire\/#breadcrumb","itemListElement":[{"@type":"ListItem","position":1,"name":"Home","item":"https:\/\/www.certifiedcosmetics.com\/fr\/"},{"@type":"ListItem","position":2,"name":"Boutique","item":"https:\/\/www.certifiedcosmetics.com\/fr\/boutique\/"},{"@type":"ListItem","position":3,"name":"SPF Laboratory Test In Vitro &#8211; Facteur de protection solaire"}]},{"@type":"WebSite","@id":"https:\/\/www.certifiedcosmetics.com\/fr\/#website","url":"https:\/\/www.certifiedcosmetics.com\/fr\/","name":"Certified Cosmetics","description":"Cosmetic Safety Assessment","publisher":{"@id":"https:\/\/www.certifiedcosmetics.com\/fr\/#organization"},"potentialAction":[{"@type":"SearchAction","target":{"@type":"EntryPoint","urlTemplate":"https:\/\/www.certifiedcosmetics.com\/fr\/?s={search_term_string}"},"query-input":{"@type":"PropertyValueSpecification","valueRequired":true,"valueName":"search_term_string"}}],"inLanguage":"fr-FR"},{"@type":"Organization","@id":"https:\/\/www.certifiedcosmetics.com\/fr\/#organization","name":"Certified Cosmetics","url":"https:\/\/www.certifiedcosmetics.com\/fr\/","logo":{"@type":"ImageObject","inLanguage":"fr-FR","@id":"https:\/\/www.certifiedcosmetics.com\/fr\/#\/schema\/logo\/image\/","url":"https:\/\/www.certifiedcosmetics.com\/wp-content\/uploads\/2024\/12\/logo_certified_cosmetics696.jpg","contentUrl":"https:\/\/www.certifiedcosmetics.com\/wp-content\/uploads\/2024\/12\/logo_certified_cosmetics696.jpg","width":696,"height":696,"caption":"Certified Cosmetics"},"image":{"@id":"https:\/\/www.certifiedcosmetics.com\/fr\/#\/schema\/logo\/image\/"},"description":"Your trusted partner for cosmetic product safety reporting. We take care of updating all of your documentation, ensuring your compliance stays current even as regulations evolve. The Cosmetic Product Safety Assessment will give you everything you need to sell specific products to EU consumers.","email":"contact@certifiedcosmetics.com","telephone":"+31 36 2036384","legalName":"Certified Cosmetics","foundingDate":"2010-01-01","vatID":"NL854189543B01","numberOfEmployees":{"@type":"QuantitativeValue","minValue":"11","maxValue":"50"}}]},"product_price_amount":"526.24","product_price_currency":"USD","og_availability":"instock","product_availability":"instock","product_retailer_item_id":"CC100141","product_condition":"new"},"_links":{"self":[{"href":"https:\/\/www.certifiedcosmetics.com\/fr\/wp-json\/wp\/v2\/product\/12599","targetHints":{"allow":["GET"]}}],"collection":[{"href":"https:\/\/www.certifiedcosmetics.com\/fr\/wp-json\/wp\/v2\/product"}],"about":[{"href":"https:\/\/www.certifiedcosmetics.com\/fr\/wp-json\/wp\/v2\/types\/product"}],"wp:featuredmedia":[{"embeddable":true,"href":"https:\/\/www.certifiedcosmetics.com\/fr\/wp-json\/wp\/v2\/media\/10116"}],"wp:attachment":[{"href":"https:\/\/www.certifiedcosmetics.com\/fr\/wp-json\/wp\/v2\/media?parent=12599"}],"wp:term":[{"taxonomy":"product_brand","embeddable":true,"href":"https:\/\/www.certifiedcosmetics.com\/fr\/wp-json\/wp\/v2\/product_brand?post=12599"},{"taxonomy":"product_cat","embeddable":true,"href":"https:\/\/www.certifiedcosmetics.com\/fr\/wp-json\/wp\/v2\/product_cat?post=12599"},{"taxonomy":"product_tag","embeddable":true,"href":"https:\/\/www.certifiedcosmetics.com\/fr\/wp-json\/wp\/v2\/product_tag?post=12599"}],"curies":[{"name":"wp","href":"https:\/\/api.w.org\/{rel}","templated":true}]}}