{"id":12454,"date":"2025-07-08T18:19:50","date_gmt":"2025-07-08T17:19:50","guid":{"rendered":"https:\/\/www.certifiedcosmetics.com\/product\/uncategorized\/test-de-brillance-des-cheveux\/"},"modified":"2025-07-08T18:19:50","modified_gmt":"2025-07-08T17:19:50","slug":"test-de-brillance-des-cheveux","status":"publish","type":"product","link":"https:\/\/www.certifiedcosmetics.com\/fr\/product\/test-defficacite\/test-de-depistage-capillaire\/test-de-brillance-des-cheveux\/","title":{"rendered":"Test de brillance des cheveux"},"content":{"rendered":"<p data-start=\"66\" data-end=\"436\">La brillance des cheveux est un indicateur important de la sant\u00e9 des cheveux, de la performance des produits et de la satisfaction des consommateurs, en particulier dans les formules telles que les apr\u00e8s-shampooings, les s\u00e9rums et les huiles. Pour \u00e9valuer la brillance de mani\u00e8re scientifique et reproductible, deux types de tests sont g\u00e9n\u00e9ralement effectu\u00e9s : des tests instrumentaux \u00e0 l&#8217;aide d&#8217;un <strong data-start=\"354\" data-end=\"369\">Glossym\u00e8tre<\/strong> et des <strong data-start=\"375\" data-end=\"435\">tests d&#8217;utilisation avec des panels de consommateurs ou des \u00e9valuateurs form\u00e9s<\/strong>. <\/p>\n<h2 data-start=\"443\" data-end=\"498\"><strong data-start=\"448\" data-end=\"498\">Mesure du glossym\u00e8tre (test instrumental)<\/strong><\/h2>\n<p data-start=\"500\" data-end=\"757\">Le <strong data-start=\"504\" data-end=\"519\">Glossym\u00e8tre<\/strong> est un appareil de pr\u00e9cision utilis\u00e9 pour <strong data-start=\"550\" data-end=\"576\">quantifier la brillance de la surface<\/strong> en mesurant la r\u00e9flexion de la lumi\u00e8re sur la surface des cheveux. Le test est effectu\u00e9 dans des conditions de laboratoire contr\u00f4l\u00e9es afin d&#8217;\u00e9liminer les variables externes telles que l&#8217;\u00e9clairage ou l&#8217;humidit\u00e9. <\/p>\n<p data-start=\"759\" data-end=\"776\"><strong data-start=\"759\" data-end=\"776\">Comment cela fonctionne-t-il ?<\/strong><\/p>\n<ul data-start=\"777\" data-end=\"1123\">\n<li data-start=\"777\" data-end=\"878\">\n<p data-start=\"779\" data-end=\"878\">Les tresses de cheveux propres ou trait\u00e9es (faisceaux de cheveux) sont pr\u00e9par\u00e9es et standardis\u00e9es en longueur et en poids.<\/p>\n<\/li>\n<li data-start=\"879\" data-end=\"952\">\n<p data-start=\"881\" data-end=\"952\">Un faisceau de lumi\u00e8re est projet\u00e9 \u00e0 un angle sp\u00e9cifique sur la surface du cheveu.<\/p>\n<\/li>\n<li data-start=\"953\" data-end=\"1028\">\n<p data-start=\"955\" data-end=\"1028\">L&#8217;appareil mesure l&#8217;intensit\u00e9 de la lumi\u00e8re r\u00e9fl\u00e9chie \u00e0 l&#8217;angle du miroir.<\/p>\n<\/li>\n<li data-start=\"1029\" data-end=\"1123\">\n<p data-start=\"1031\" data-end=\"1123\">Le r\u00e9sultat est exprim\u00e9 en <strong data-start=\"1058\" data-end=\"1078\">unit\u00e9s de brillance (UB)<\/strong>, les valeurs les plus \u00e9lev\u00e9es indiquant des cheveux plus brillants.<\/p>\n<\/li>\n<\/ul>\n<p data-start=\"1125\" data-end=\"1142\"><strong data-start=\"1125\" data-end=\"1142\">Applications :<\/strong><\/p>\n<ul data-start=\"1143\" data-end=\"1343\">\n<li data-start=\"1143\" data-end=\"1221\">\n<p data-start=\"1145\" data-end=\"1221\">Comparaison des traitements avant et apr\u00e8s (par exemple, shampoing, apr\u00e8s-shampoing, huile capillaire).<\/p>\n<\/li>\n<li data-start=\"1222\" data-end=\"1285\">\n<p data-start=\"1224\" data-end=\"1285\">\u00c9valuation des effets \u00e0 long terme (par exemple apr\u00e8s plusieurs lavages).<\/p>\n<\/li>\n<li data-start=\"1286\" data-end=\"1343\">\n<p data-start=\"1288\" data-end=\"1343\">Comparer les nouvelles formulations aux normes du march\u00e9.<\/p>\n<\/li>\n<\/ul>\n<h2 data-start=\"1350\" data-end=\"1403\"><strong data-start=\"1355\" data-end=\"1403\">\u00c9valuation de la brillance en cours d&#8217;utilisation (test subjectif)<\/strong><\/h2>\n<p data-start=\"1405\" data-end=\"1556\">Un <strong data-start=\"1408\" data-end=\"1423\">test d&#8217;utilisation<\/strong> est souvent r\u00e9alis\u00e9 avec un <strong data-start=\"1450\" data-end=\"1487\">panel de consommateurs ou des experts form\u00e9s<\/strong>, qui \u00e9valuent la brillance apr\u00e8s avoir utilis\u00e9 le produit dans des conditions normales.<\/p>\n<p data-start=\"1558\" data-end=\"1572\"><strong data-start=\"1558\" data-end=\"1572\">Proc\u00e9dure :<\/strong><\/p>\n<ul data-start=\"1573\" data-end=\"1901\">\n<li data-start=\"1573\" data-end=\"1675\">\n<p data-start=\"1575\" data-end=\"1675\">Les volontaires lavent et traitent leurs cheveux en utilisant un produit sp\u00e9cifique pendant une dur\u00e9e d\u00e9termin\u00e9e (souvent de 1 \u00e0 4 semaines).<\/p>\n<\/li>\n<li data-start=\"1676\" data-end=\"1834\">\n<p data-start=\"1678\" data-end=\"1834\">La brillance est \u00e9valu\u00e9e visuellement sous un \u00e9clairage standardis\u00e9, souvent en comparant avec des images de r\u00e9f\u00e9rence ou en utilisant une \u00e9chelle de Likert (par exemple de &#8220;terne&#8221; \u00e0 &#8220;tr\u00e8s brillant&#8221;).<\/p>\n<\/li>\n<li data-start=\"1835\" data-end=\"1901\">\n<p data-start=\"1837\" data-end=\"1901\">Dans certains tests, les photos sont prises et \u00e9valu\u00e9es par des experts en aveugle.<\/p>\n<\/li>\n<\/ul>\n<p data-start=\"1903\" data-end=\"1916\"><strong data-start=\"1903\" data-end=\"1916\">Avantages :<\/strong><\/p>\n<ul data-start=\"1917\" data-end=\"2105\">\n<li data-start=\"1917\" data-end=\"1958\">\n<p data-start=\"1919\" data-end=\"1958\">Refl\u00e8te les performances r\u00e9elles du produit.<\/p>\n<\/li>\n<li data-start=\"1959\" data-end=\"2042\">\n<p data-start=\"1961\" data-end=\"2042\">Combine l&#8217;impression visuelle et l&#8217;exp\u00e9rience de l&#8217;utilisateur (toucher, douceur, maniabilit\u00e9).<\/p>\n<\/li>\n<li data-start=\"2043\" data-end=\"2105\">\n<p data-start=\"2045\" data-end=\"2105\">Peut \u00eatre associ\u00e9 \u00e0 des tests instrumentaux pour une validation compl\u00e8te.<\/p>\n<\/li>\n<\/ul>\n<h2 data-start=\"2112\" data-end=\"2129\">Tableau r\u00e9capitulatif<\/h2>\n<div class=\"_tableContainer_80l1q_1\">\n<div class=\"_tableWrapper_80l1q_14 group flex w-fit flex-col-reverse\" tabindex=\"-1\">\n<table class=\"w-fit min-w-(--thread-content-width)\" data-start=\"2131\" data-end=\"2589\">\n<thead data-start=\"2131\" data-end=\"2244\">\n<tr data-start=\"2131\" data-end=\"2244\">\n<th data-start=\"2131\" data-end=\"2154\" data-col-size=\"sm\">Type de test<\/th>\n<th data-start=\"2154\" data-end=\"2187\" data-col-size=\"sm\">M\u00e9thode<\/th>\n<th data-start=\"2187\" data-end=\"2203\" data-col-size=\"sm\">Sortie<\/th>\n<th data-start=\"2203\" data-end=\"2244\" data-col-size=\"sm\">Cas d&#8217;utilisation<\/th>\n<\/tr>\n<\/thead>\n<tbody data-start=\"2359\" data-end=\"2589\">\n<tr data-start=\"2359\" data-end=\"2473\">\n<td data-start=\"2359\" data-end=\"2382\" data-col-size=\"sm\"><strong data-start=\"2361\" data-end=\"2381\">Test du Glossym\u00e8tre<\/strong><\/td>\n<td data-col-size=\"sm\" data-start=\"2382\" data-end=\"2415\">Mesure la r\u00e9flexion de la lumi\u00e8re<\/td>\n<td data-col-size=\"sm\" data-start=\"2415\" data-end=\"2431\">Unit\u00e9s de brillance<\/td>\n<td data-col-size=\"sm\" data-start=\"2431\" data-end=\"2473\">Mesure objective de la brillance<\/td>\n<\/tr>\n<tr data-start=\"2474\" data-end=\"2589\">\n<td data-start=\"2474\" data-end=\"2497\" data-col-size=\"sm\"><strong data-start=\"2476\" data-end=\"2497\">Test du panneau d&#8217;utilisation<\/strong><\/td>\n<td data-col-size=\"sm\" data-start=\"2497\" data-end=\"2532\">\u00c9valuation humaine (visuelle\/tactile)<\/td>\n<td data-col-size=\"sm\" data-start=\"2532\" data-end=\"2547\">\u00c9valuation de la brillance<\/td>\n<td data-col-size=\"sm\" data-start=\"2547\" data-end=\"2589\">Brillance et exp\u00e9rience per\u00e7ues par le consommateur<\/td>\n<\/tr>\n<\/tbody>\n<\/table>\n<\/div>\n<\/div>\n","protected":false},"excerpt":{"rendered":"<p>La brillance des cheveux est un indicateur important de la sant\u00e9 des cheveux, de la performance des produits et de la satisfaction des consommateurs, en particulier dans les formules telles que les apr\u00e8s-shampooings, les s\u00e9rums et les huiles. Pour \u00e9valuer la brillance de mani\u00e8re scientifique et reproductible, deux types de tests sont g\u00e9n\u00e9ralement effectu\u00e9s :&#8230;<\/p>\n","protected":false},"featured_media":12447,"template":"","meta":[],"product_brand":[],"product_cat":[123,124],"product_tag":[],"class_list":{"0":"post-12454","1":"product","2":"type-product","3":"status-publish","4":"has-post-thumbnail","6":"product_cat-test-defficacite","7":"product_cat-test-de-depistage-capillaire","9":"first","10":"instock","11":"taxable","12":"shipping-taxable","13":"purchasable","14":"product-type-variable","15":"has-default-attributes"},"bundled_by":[],"bundle_stock_status":"instock","bundle_stock_quantity":null,"bundle_virtual":false,"bundle_layout":"","bundle_add_to_cart_form_location":"","bundle_editable_in_cart":false,"bundle_sold_individually_context":"","bundle_item_grouping":"","bundle_min_size":"","bundle_max_size":"","bundle_price":[],"bundled_items":[],"bundle_sell_ids":[],"yoast_head":"<!-- This site is optimized with the Yoast SEO Premium plugin v25.4 (Yoast SEO v25.4) - https:\/\/yoast.com\/wordpress\/plugins\/seo\/ -->\n<title>Test de brillance des cheveux - Certified Cosmetics<\/title>\n<meta name=\"description\" content=\"Pour \u00e9valuer la brillance de mani\u00e8re scientifique et reproductible, deux types de tests sont g\u00e9n\u00e9ralement effectu\u00e9s : des tests instrumentaux \u00e0 l&#039;aide d&#039;un Glossym\u00e8tre, et des tests d&#039;utilisation avec des panels de consommateurs ou des \u00e9valuateurs form\u00e9s.\" \/>\n<meta name=\"robots\" content=\"index, follow, max-snippet:-1, max-image-preview:large, max-video-preview:-1\" \/>\n<link rel=\"canonical\" href=\"https:\/\/www.certifiedcosmetics.com\/fr\/product\/test-defficacite\/test-de-depistage-capillaire\/test-de-brillance-des-cheveux\/\" \/>\n<meta property=\"og:locale\" content=\"fr_FR\" \/>\n<meta property=\"og:type\" content=\"article\" \/>\n<meta property=\"og:title\" content=\"Test de brillance des cheveux\" \/>\n<meta property=\"og:description\" content=\"Pour \u00e9valuer la brillance de mani\u00e8re scientifique et reproductible, deux types de tests sont g\u00e9n\u00e9ralement effectu\u00e9s : des tests instrumentaux \u00e0 l&#039;aide d&#039;un Glossym\u00e8tre, et des tests d&#039;utilisation avec des panels de consommateurs ou des \u00e9valuateurs form\u00e9s.\" \/>\n<meta property=\"og:url\" content=\"https:\/\/www.certifiedcosmetics.com\/fr\/product\/test-defficacite\/test-de-depistage-capillaire\/test-de-brillance-des-cheveux\/\" \/>\n<meta property=\"og:site_name\" content=\"Certified Cosmetics\" \/>\n<meta property=\"og:image\" content=\"https:\/\/www.certifiedcosmetics.com\/wp-content\/uploads\/2025\/07\/shine.jpg\" \/>\n\t<meta property=\"og:image:width\" content=\"800\" \/>\n\t<meta property=\"og:image:height\" content=\"800\" \/>\n\t<meta property=\"og:image:type\" content=\"image\/jpeg\" \/>\n<meta name=\"twitter:card\" content=\"summary_large_image\" \/>\n<meta name=\"twitter:label1\" content=\"Disponibilit\u00e9\" \/>\n\t<meta name=\"twitter:data1\" content=\"En stock\" \/>\n<script type=\"application\/ld+json\" class=\"yoast-schema-graph\">{\"@context\":\"https:\/\/schema.org\",\"@graph\":[{\"@type\":\"WebPage\",\"@id\":\"https:\/\/www.certifiedcosmetics.com\/fr\/product\/test-defficacite\/test-de-depistage-capillaire\/test-de-brillance-des-cheveux\/\",\"url\":\"https:\/\/www.certifiedcosmetics.com\/fr\/product\/test-defficacite\/test-de-depistage-capillaire\/test-de-brillance-des-cheveux\/\",\"name\":\"Test de brillance des cheveux - Certified Cosmetics\",\"isPartOf\":{\"@id\":\"https:\/\/www.certifiedcosmetics.com\/fr\/#website\"},\"primaryImageOfPage\":{\"@id\":\"https:\/\/www.certifiedcosmetics.com\/fr\/product\/test-defficacite\/test-de-depistage-capillaire\/test-de-brillance-des-cheveux\/#primaryimage\"},\"image\":{\"@id\":\"https:\/\/www.certifiedcosmetics.com\/fr\/product\/test-defficacite\/test-de-depistage-capillaire\/test-de-brillance-des-cheveux\/#primaryimage\"},\"thumbnailUrl\":\"https:\/\/www.certifiedcosmetics.com\/wp-content\/uploads\/2025\/07\/shine.jpg\",\"datePublished\":\"2025-07-08T17:19:50+00:00\",\"description\":\"Pour \u00e9valuer la brillance de mani\u00e8re scientifique et reproductible, deux types de tests sont g\u00e9n\u00e9ralement effectu\u00e9s : des tests instrumentaux \u00e0 l'aide d'un Glossym\u00e8tre, et des tests d'utilisation avec des panels de consommateurs ou des \u00e9valuateurs form\u00e9s.\",\"breadcrumb\":{\"@id\":\"https:\/\/www.certifiedcosmetics.com\/fr\/product\/test-defficacite\/test-de-depistage-capillaire\/test-de-brillance-des-cheveux\/#breadcrumb\"},\"inLanguage\":\"fr-FR\",\"potentialAction\":[{\"@type\":\"ReadAction\",\"target\":[\"https:\/\/www.certifiedcosmetics.com\/fr\/product\/test-defficacite\/test-de-depistage-capillaire\/test-de-brillance-des-cheveux\/\"]}]},{\"@type\":\"ImageObject\",\"inLanguage\":\"fr-FR\",\"@id\":\"https:\/\/www.certifiedcosmetics.com\/fr\/product\/test-defficacite\/test-de-depistage-capillaire\/test-de-brillance-des-cheveux\/#primaryimage\",\"url\":\"https:\/\/www.certifiedcosmetics.com\/wp-content\/uploads\/2025\/07\/shine.jpg\",\"contentUrl\":\"https:\/\/www.certifiedcosmetics.com\/wp-content\/uploads\/2025\/07\/shine.jpg\",\"width\":800,\"height\":800},{\"@type\":\"BreadcrumbList\",\"@id\":\"https:\/\/www.certifiedcosmetics.com\/fr\/product\/test-defficacite\/test-de-depistage-capillaire\/test-de-brillance-des-cheveux\/#breadcrumb\",\"itemListElement\":[{\"@type\":\"ListItem\",\"position\":1,\"name\":\"Home\",\"item\":\"https:\/\/www.certifiedcosmetics.com\/fr\/\"},{\"@type\":\"ListItem\",\"position\":2,\"name\":\"Boutique\",\"item\":\"https:\/\/www.certifiedcosmetics.com\/fr\/boutique\/\"},{\"@type\":\"ListItem\",\"position\":3,\"name\":\"Test de brillance des cheveux\"}]},{\"@type\":\"WebSite\",\"@id\":\"https:\/\/www.certifiedcosmetics.com\/fr\/#website\",\"url\":\"https:\/\/www.certifiedcosmetics.com\/fr\/\",\"name\":\"Certified Cosmetics\",\"description\":\"Cosmetic Safety Assessment\",\"publisher\":{\"@id\":\"https:\/\/www.certifiedcosmetics.com\/fr\/#organization\"},\"potentialAction\":[{\"@type\":\"SearchAction\",\"target\":{\"@type\":\"EntryPoint\",\"urlTemplate\":\"https:\/\/www.certifiedcosmetics.com\/fr\/?s={search_term_string}\"},\"query-input\":{\"@type\":\"PropertyValueSpecification\",\"valueRequired\":true,\"valueName\":\"search_term_string\"}}],\"inLanguage\":\"fr-FR\"},{\"@type\":\"Organization\",\"@id\":\"https:\/\/www.certifiedcosmetics.com\/fr\/#organization\",\"name\":\"Certified Cosmetics\",\"url\":\"https:\/\/www.certifiedcosmetics.com\/fr\/\",\"logo\":{\"@type\":\"ImageObject\",\"inLanguage\":\"fr-FR\",\"@id\":\"https:\/\/www.certifiedcosmetics.com\/fr\/#\/schema\/logo\/image\/\",\"url\":\"https:\/\/www.certifiedcosmetics.com\/wp-content\/uploads\/2024\/12\/logo_certified_cosmetics696.jpg\",\"contentUrl\":\"https:\/\/www.certifiedcosmetics.com\/wp-content\/uploads\/2024\/12\/logo_certified_cosmetics696.jpg\",\"width\":696,\"height\":696,\"caption\":\"Certified Cosmetics\"},\"image\":{\"@id\":\"https:\/\/www.certifiedcosmetics.com\/fr\/#\/schema\/logo\/image\/\"},\"description\":\"Your trusted partner for cosmetic product safety reporting. We take care of updating all of your documentation, ensuring your compliance stays current even as regulations evolve. The Cosmetic Product Safety Assessment will give you everything you need to sell specific products to EU consumers.\",\"email\":\"contact@certifiedcosmetics.com\",\"telephone\":\"+31 36 2036384\",\"legalName\":\"Certified Cosmetics\",\"foundingDate\":\"2010-01-01\",\"vatID\":\"NL854189543B01\",\"numberOfEmployees\":{\"@type\":\"QuantitativeValue\",\"minValue\":\"11\",\"maxValue\":\"50\"}}]}<\/script>\n<meta property=\"og:availability\" content=\"instock\" \/>\n<meta property=\"product:availability\" content=\"instock\" \/>\n<meta property=\"product:condition\" content=\"new\" \/>\n<!-- \/ Yoast SEO Premium plugin. -->","yoast_head_json":{"title":"Test de brillance des cheveux - Certified Cosmetics","description":"Pour \u00e9valuer la brillance de mani\u00e8re scientifique et reproductible, deux types de tests sont g\u00e9n\u00e9ralement effectu\u00e9s : des tests instrumentaux \u00e0 l'aide d'un Glossym\u00e8tre, et des tests d'utilisation avec des panels de consommateurs ou des \u00e9valuateurs form\u00e9s.","robots":{"index":"index","follow":"follow","max-snippet":"max-snippet:-1","max-image-preview":"max-image-preview:large","max-video-preview":"max-video-preview:-1"},"canonical":"https:\/\/www.certifiedcosmetics.com\/fr\/product\/test-defficacite\/test-de-depistage-capillaire\/test-de-brillance-des-cheveux\/","og_locale":"fr_FR","og_type":"article","og_title":"Test de brillance des cheveux","og_description":"Pour \u00e9valuer la brillance de mani\u00e8re scientifique et reproductible, deux types de tests sont g\u00e9n\u00e9ralement effectu\u00e9s : des tests instrumentaux \u00e0 l'aide d'un Glossym\u00e8tre, et des tests d'utilisation avec des panels de consommateurs ou des \u00e9valuateurs form\u00e9s.","og_url":"https:\/\/www.certifiedcosmetics.com\/fr\/product\/test-defficacite\/test-de-depistage-capillaire\/test-de-brillance-des-cheveux\/","og_site_name":"Certified Cosmetics","og_image":[{"width":800,"height":800,"url":"https:\/\/www.certifiedcosmetics.com\/wp-content\/uploads\/2025\/07\/shine.jpg","type":"image\/jpeg"}],"twitter_card":"summary_large_image","twitter_misc":{"Disponibilit\u00e9":"En stock"},"schema":{"@context":"https:\/\/schema.org","@graph":[{"@type":"WebPage","@id":"https:\/\/www.certifiedcosmetics.com\/fr\/product\/test-defficacite\/test-de-depistage-capillaire\/test-de-brillance-des-cheveux\/","url":"https:\/\/www.certifiedcosmetics.com\/fr\/product\/test-defficacite\/test-de-depistage-capillaire\/test-de-brillance-des-cheveux\/","name":"Test de brillance des cheveux - Certified Cosmetics","isPartOf":{"@id":"https:\/\/www.certifiedcosmetics.com\/fr\/#website"},"primaryImageOfPage":{"@id":"https:\/\/www.certifiedcosmetics.com\/fr\/product\/test-defficacite\/test-de-depistage-capillaire\/test-de-brillance-des-cheveux\/#primaryimage"},"image":{"@id":"https:\/\/www.certifiedcosmetics.com\/fr\/product\/test-defficacite\/test-de-depistage-capillaire\/test-de-brillance-des-cheveux\/#primaryimage"},"thumbnailUrl":"https:\/\/www.certifiedcosmetics.com\/wp-content\/uploads\/2025\/07\/shine.jpg","datePublished":"2025-07-08T17:19:50+00:00","description":"Pour \u00e9valuer la brillance de mani\u00e8re scientifique et reproductible, deux types de tests sont g\u00e9n\u00e9ralement effectu\u00e9s : des tests instrumentaux \u00e0 l'aide d'un Glossym\u00e8tre, et des tests d'utilisation avec des panels de consommateurs ou des \u00e9valuateurs form\u00e9s.","breadcrumb":{"@id":"https:\/\/www.certifiedcosmetics.com\/fr\/product\/test-defficacite\/test-de-depistage-capillaire\/test-de-brillance-des-cheveux\/#breadcrumb"},"inLanguage":"fr-FR","potentialAction":[{"@type":"ReadAction","target":["https:\/\/www.certifiedcosmetics.com\/fr\/product\/test-defficacite\/test-de-depistage-capillaire\/test-de-brillance-des-cheveux\/"]}]},{"@type":"ImageObject","inLanguage":"fr-FR","@id":"https:\/\/www.certifiedcosmetics.com\/fr\/product\/test-defficacite\/test-de-depistage-capillaire\/test-de-brillance-des-cheveux\/#primaryimage","url":"https:\/\/www.certifiedcosmetics.com\/wp-content\/uploads\/2025\/07\/shine.jpg","contentUrl":"https:\/\/www.certifiedcosmetics.com\/wp-content\/uploads\/2025\/07\/shine.jpg","width":800,"height":800},{"@type":"BreadcrumbList","@id":"https:\/\/www.certifiedcosmetics.com\/fr\/product\/test-defficacite\/test-de-depistage-capillaire\/test-de-brillance-des-cheveux\/#breadcrumb","itemListElement":[{"@type":"ListItem","position":1,"name":"Home","item":"https:\/\/www.certifiedcosmetics.com\/fr\/"},{"@type":"ListItem","position":2,"name":"Boutique","item":"https:\/\/www.certifiedcosmetics.com\/fr\/boutique\/"},{"@type":"ListItem","position":3,"name":"Test de brillance des cheveux"}]},{"@type":"WebSite","@id":"https:\/\/www.certifiedcosmetics.com\/fr\/#website","url":"https:\/\/www.certifiedcosmetics.com\/fr\/","name":"Certified Cosmetics","description":"Cosmetic Safety Assessment","publisher":{"@id":"https:\/\/www.certifiedcosmetics.com\/fr\/#organization"},"potentialAction":[{"@type":"SearchAction","target":{"@type":"EntryPoint","urlTemplate":"https:\/\/www.certifiedcosmetics.com\/fr\/?s={search_term_string}"},"query-input":{"@type":"PropertyValueSpecification","valueRequired":true,"valueName":"search_term_string"}}],"inLanguage":"fr-FR"},{"@type":"Organization","@id":"https:\/\/www.certifiedcosmetics.com\/fr\/#organization","name":"Certified Cosmetics","url":"https:\/\/www.certifiedcosmetics.com\/fr\/","logo":{"@type":"ImageObject","inLanguage":"fr-FR","@id":"https:\/\/www.certifiedcosmetics.com\/fr\/#\/schema\/logo\/image\/","url":"https:\/\/www.certifiedcosmetics.com\/wp-content\/uploads\/2024\/12\/logo_certified_cosmetics696.jpg","contentUrl":"https:\/\/www.certifiedcosmetics.com\/wp-content\/uploads\/2024\/12\/logo_certified_cosmetics696.jpg","width":696,"height":696,"caption":"Certified Cosmetics"},"image":{"@id":"https:\/\/www.certifiedcosmetics.com\/fr\/#\/schema\/logo\/image\/"},"description":"Your trusted partner for cosmetic product safety reporting. We take care of updating all of your documentation, ensuring your compliance stays current even as regulations evolve. The Cosmetic Product Safety Assessment will give you everything you need to sell specific products to EU consumers.","email":"contact@certifiedcosmetics.com","telephone":"+31 36 2036384","legalName":"Certified Cosmetics","foundingDate":"2010-01-01","vatID":"NL854189543B01","numberOfEmployees":{"@type":"QuantitativeValue","minValue":"11","maxValue":"50"}}]},"og_availability":"instock","product_availability":"instock","product_condition":"new"},"_links":{"self":[{"href":"https:\/\/www.certifiedcosmetics.com\/fr\/wp-json\/wp\/v2\/product\/12454","targetHints":{"allow":["GET"]}}],"collection":[{"href":"https:\/\/www.certifiedcosmetics.com\/fr\/wp-json\/wp\/v2\/product"}],"about":[{"href":"https:\/\/www.certifiedcosmetics.com\/fr\/wp-json\/wp\/v2\/types\/product"}],"wp:featuredmedia":[{"embeddable":true,"href":"https:\/\/www.certifiedcosmetics.com\/fr\/wp-json\/wp\/v2\/media\/12447"}],"wp:attachment":[{"href":"https:\/\/www.certifiedcosmetics.com\/fr\/wp-json\/wp\/v2\/media?parent=12454"}],"wp:term":[{"taxonomy":"product_brand","embeddable":true,"href":"https:\/\/www.certifiedcosmetics.com\/fr\/wp-json\/wp\/v2\/product_brand?post=12454"},{"taxonomy":"product_cat","embeddable":true,"href":"https:\/\/www.certifiedcosmetics.com\/fr\/wp-json\/wp\/v2\/product_cat?post=12454"},{"taxonomy":"product_tag","embeddable":true,"href":"https:\/\/www.certifiedcosmetics.com\/fr\/wp-json\/wp\/v2\/product_tag?post=12454"}],"curies":[{"name":"wp","href":"https:\/\/api.w.org\/{rel}","templated":true}]}}