{"id":12359,"date":"2025-07-04T16:07:49","date_gmt":"2025-07-04T15:07:49","guid":{"rendered":"https:\/\/www.certifiedcosmetics.com\/product\/non class\u00e9\/detection-des-parabenes-confirmation-des-produits-sans-parabene\/"},"modified":"2025-07-04T16:07:49","modified_gmt":"2025-07-04T15:07:49","slug":"detection-des-parabenes-confirmation-des-produits-sans-parabene","status":"publish","type":"product","link":"https:\/\/www.certifiedcosmetics.com\/fr\/product\/verification-des-allegations-et-test-des-ingredients\/detection-des-parabenes-confirmation-des-produits-sans-parabene\/","title":{"rendered":"D\u00e9tection des parab\u00e8nes &#8211; Confirmation des produits sans parab\u00e8ne"},"content":{"rendered":"<h2>Qu&#8217;est-ce que les parab\u00e8nes ?<\/h2>\n<p>Les parab\u00e8nes sont une classe de conservateurs largement utilis\u00e9s dans les cosm\u00e9tiques, les aliments et les produits pharmaceutiques. Bien qu&#8217;efficaces, certains parab\u00e8nes ont fait l&#8217;objet d&#8217;un examen approfondi de la part du public et des scientifiques, ce qui a conduit \u00e0 une pr\u00e9f\u00e9rence croissante des consommateurs pour les produits &#8220;sans parab\u00e8ne&#8221; et \u00e0 des r\u00e9glementations strictes sur leur utilisation. <\/p>\n<h2>Pourquoi la d\u00e9tection des parab\u00e8nes est-elle importante ?<\/h2>\n<p>M\u00eame si les <u> all\u00e9gations &#8220;sans parab\u00e8ne&#8221; pour les produits cosm\u00e9tiques ne sont pas autoris\u00e9es <\/u> par le r\u00e8glement (CE) n\u00b0 1223\/2009 sur les produits cosm\u00e9tiques et le document technique sur les all\u00e9gations cosm\u00e9tiques &#8211; car certains parab\u00e8nes sont s\u00fbrs dans les limites maximales autoris\u00e9es et certaines entreprises peuvent les utiliser dans le cadre de leur syst\u00e8me de conservation, ce qui rend les all\u00e9gations g\u00e9n\u00e9rales &#8220;sans parab\u00e8ne&#8221; potentiellement trompeuses et une cause de commerce d\u00e9loyal &#8211; la d\u00e9tection de parab\u00e8ne reste un service crucial pour la v\u00e9rification de la puret\u00e9 et le contr\u00f4le de la qualit\u00e9. Il t&#8217;aide \u00e0 :  <\/p>\n<ul>\n<li><strong>Assurer la conformit\u00e9 r\u00e9glementaire :<\/strong> Confirme que tes produits respectent les exigences r\u00e9glementaires mondiales concernant les niveaux de parab\u00e8nes autoris\u00e9s ou l&#8217;absence de parab\u00e8nes sp\u00e9cifiques et restreints.<\/li>\n<li><strong>V\u00e9rifier la qualit\u00e9 des mati\u00e8res premi\u00e8res :<\/strong> Examine les mati\u00e8res premi\u00e8res entrantes pour \u00e9viter toute contamination involontaire par les parab\u00e8nes.<\/li>\n<li><strong>Soutenir l&#8217;assurance qualit\u00e9 interne :<\/strong> Respecter les normes les plus strictes en mati\u00e8re de s\u00e9curit\u00e9 des produits et de transparence des ingr\u00e9dients, m\u00eame pour les parab\u00e8nes utilis\u00e9s dans les limites l\u00e9gales.<\/li>\n<li><strong>R\u00e9pondre aux demandes sp\u00e9cifiques du march\u00e9 :<\/strong> R\u00e9pondre aux exigences des march\u00e9s ou des consommateurs qui demandent sp\u00e9cifiquement des informations d\u00e9taill\u00e9es sur les parab\u00e8nes ou qui pr\u00e9f\u00e8rent qu&#8217;il n&#8217;y en ait pas.<\/li>\n<\/ul>\n<h2>D\u00e9tection des parab\u00e8nes<\/h2>\n<p>Notre laboratoire fournit des tests analytiques pr\u00e9cis pour identifier et quantifier les diff\u00e9rents parab\u00e8nes. Ce service est essentiel pour v\u00e9rifier la puret\u00e9 et s&#8217;assurer que les formulations r\u00e9pondent aux exigences r\u00e9glementaires mondiales et aux meilleures pratiques de l&#8217;industrie concernant ces conservateurs largement discut\u00e9s. <\/p>\n<p>N&#8217;h\u00e9site pas \u00e0 nous contacter pour que tes produits r\u00e9pondent aux demandes du march\u00e9 et d\u00e9passent les attentes en mati\u00e8re de qualit\u00e9.<\/p>\n","protected":false},"excerpt":{"rendered":"<p>Qu&#8217;est-ce que les parab\u00e8nes ? Les parab\u00e8nes sont une classe de conservateurs largement utilis\u00e9s dans les cosm\u00e9tiques, les aliments et les produits pharmaceutiques. Bien qu&#8217;efficaces, certains parab\u00e8nes ont fait l&#8217;objet d&#8217;un examen approfondi de la part du public et des scientifiques, ce qui a conduit \u00e0 une pr\u00e9f\u00e9rence croissante des consommateurs pour les produits &#8220;sans&#8230;<\/p>\n","protected":false},"featured_media":12165,"template":"","meta":[],"product_brand":[],"product_cat":[440],"product_tag":[],"class_list":{"0":"post-12359","1":"product","2":"type-product","3":"status-publish","4":"has-post-thumbnail","6":"product_cat-verification-des-allegations-et-test-des-ingredients","8":"first","9":"instock","10":"virtual","11":"taxable","12":"purchasable","13":"product-type-simple"},"bundled_by":[],"bundle_stock_status":"instock","bundle_stock_quantity":null,"bundle_virtual":false,"bundle_layout":"","bundle_add_to_cart_form_location":"","bundle_editable_in_cart":false,"bundle_sold_individually_context":"","bundle_item_grouping":"","bundle_min_size":"","bundle_max_size":"","bundle_price":[],"bundled_items":[],"bundle_sell_ids":[],"yoast_head":"<!-- This site is optimized with the Yoast SEO Premium plugin v25.4 (Yoast SEO v25.4) - https:\/\/yoast.com\/wordpress\/plugins\/seo\/ -->\n<title>D\u00e9tection des parab\u00e8nes - Confirmation des produits sans parab\u00e8ne<\/title>\n<meta name=\"description\" content=\"Confirme l&#039;absence de parab\u00e8nes dans les cosm\u00e9tiques gr\u00e2ce \u00e0 des tests pr\u00e9cis en laboratoire sur les ingr\u00e9dients.\" \/>\n<meta name=\"robots\" content=\"index, follow, max-snippet:-1, max-image-preview:large, max-video-preview:-1\" \/>\n<link rel=\"canonical\" href=\"https:\/\/www.certifiedcosmetics.com\/fr\/product\/verification-des-allegations-et-test-des-ingredients\/detection-des-parabenes-confirmation-des-produits-sans-parabene\/\" \/>\n<meta property=\"og:locale\" content=\"fr_FR\" \/>\n<meta property=\"og:type\" content=\"article\" \/>\n<meta property=\"og:title\" content=\"D\u00e9tection des parab\u00e8nes - Confirmation des produits sans parab\u00e8ne\" \/>\n<meta property=\"og:description\" content=\"Confirme l&#039;absence de parab\u00e8nes dans les cosm\u00e9tiques gr\u00e2ce \u00e0 des tests pr\u00e9cis en laboratoire sur les ingr\u00e9dients.\" \/>\n<meta property=\"og:url\" content=\"https:\/\/www.certifiedcosmetics.com\/fr\/product\/verification-des-allegations-et-test-des-ingredients\/detection-des-parabenes-confirmation-des-produits-sans-parabene\/\" \/>\n<meta property=\"og:site_name\" content=\"Certified Cosmetics\" \/>\n<meta property=\"og:image\" content=\"https:\/\/www.certifiedcosmetics.com\/wp-content\/uploads\/2025\/07\/Paraben-Detection-Paraben-Free-Product-Confirmation.jpg\" \/>\n\t<meta property=\"og:image:width\" content=\"800\" \/>\n\t<meta property=\"og:image:height\" content=\"800\" \/>\n\t<meta property=\"og:image:type\" content=\"image\/jpeg\" \/>\n<meta name=\"twitter:card\" content=\"summary_large_image\" \/>\n<meta name=\"twitter:label1\" content=\"Prix\" \/>\n\t<meta name=\"twitter:data1\" content=\"&#036;235.39\" \/>\n\t<meta name=\"twitter:label2\" content=\"Disponibilit\u00e9\" \/>\n\t<meta name=\"twitter:data2\" content=\"En stock\" \/>\n<script type=\"application\/ld+json\" class=\"yoast-schema-graph\">{\"@context\":\"https:\/\/schema.org\",\"@graph\":[{\"@type\":\"WebPage\",\"@id\":\"https:\/\/www.certifiedcosmetics.com\/fr\/product\/verification-des-allegations-et-test-des-ingredients\/detection-des-parabenes-confirmation-des-produits-sans-parabene\/\",\"url\":\"https:\/\/www.certifiedcosmetics.com\/fr\/product\/verification-des-allegations-et-test-des-ingredients\/detection-des-parabenes-confirmation-des-produits-sans-parabene\/\",\"name\":\"D\u00e9tection des parab\u00e8nes - Confirmation des produits sans parab\u00e8ne\",\"isPartOf\":{\"@id\":\"https:\/\/www.certifiedcosmetics.com\/fr\/#website\"},\"primaryImageOfPage\":{\"@id\":\"https:\/\/www.certifiedcosmetics.com\/fr\/product\/verification-des-allegations-et-test-des-ingredients\/detection-des-parabenes-confirmation-des-produits-sans-parabene\/#primaryimage\"},\"image\":{\"@id\":\"https:\/\/www.certifiedcosmetics.com\/fr\/product\/verification-des-allegations-et-test-des-ingredients\/detection-des-parabenes-confirmation-des-produits-sans-parabene\/#primaryimage\"},\"thumbnailUrl\":\"https:\/\/www.certifiedcosmetics.com\/wp-content\/uploads\/2025\/07\/Paraben-Detection-Paraben-Free-Product-Confirmation.jpg\",\"datePublished\":\"2025-07-04T15:07:49+00:00\",\"description\":\"Confirme l'absence de parab\u00e8nes dans les cosm\u00e9tiques gr\u00e2ce \u00e0 des tests pr\u00e9cis en laboratoire sur les ingr\u00e9dients.\",\"breadcrumb\":{\"@id\":\"https:\/\/www.certifiedcosmetics.com\/fr\/product\/verification-des-allegations-et-test-des-ingredients\/detection-des-parabenes-confirmation-des-produits-sans-parabene\/#breadcrumb\"},\"inLanguage\":\"fr-FR\",\"potentialAction\":[{\"@type\":\"ReadAction\",\"target\":[\"https:\/\/www.certifiedcosmetics.com\/fr\/product\/verification-des-allegations-et-test-des-ingredients\/detection-des-parabenes-confirmation-des-produits-sans-parabene\/\"]}]},{\"@type\":\"ImageObject\",\"inLanguage\":\"fr-FR\",\"@id\":\"https:\/\/www.certifiedcosmetics.com\/fr\/product\/verification-des-allegations-et-test-des-ingredients\/detection-des-parabenes-confirmation-des-produits-sans-parabene\/#primaryimage\",\"url\":\"https:\/\/www.certifiedcosmetics.com\/wp-content\/uploads\/2025\/07\/Paraben-Detection-Paraben-Free-Product-Confirmation.jpg\",\"contentUrl\":\"https:\/\/www.certifiedcosmetics.com\/wp-content\/uploads\/2025\/07\/Paraben-Detection-Paraben-Free-Product-Confirmation.jpg\",\"width\":800,\"height\":800},{\"@type\":\"BreadcrumbList\",\"@id\":\"https:\/\/www.certifiedcosmetics.com\/fr\/product\/verification-des-allegations-et-test-des-ingredients\/detection-des-parabenes-confirmation-des-produits-sans-parabene\/#breadcrumb\",\"itemListElement\":[{\"@type\":\"ListItem\",\"position\":1,\"name\":\"Home\",\"item\":\"https:\/\/www.certifiedcosmetics.com\/fr\/\"},{\"@type\":\"ListItem\",\"position\":2,\"name\":\"Boutique\",\"item\":\"https:\/\/www.certifiedcosmetics.com\/fr\/boutique\/\"},{\"@type\":\"ListItem\",\"position\":3,\"name\":\"D\u00e9tection des parab\u00e8nes &#8211; Confirmation des produits sans parab\u00e8ne\"}]},{\"@type\":\"WebSite\",\"@id\":\"https:\/\/www.certifiedcosmetics.com\/fr\/#website\",\"url\":\"https:\/\/www.certifiedcosmetics.com\/fr\/\",\"name\":\"Certified Cosmetics\",\"description\":\"Cosmetic Safety Assessment\",\"publisher\":{\"@id\":\"https:\/\/www.certifiedcosmetics.com\/fr\/#organization\"},\"potentialAction\":[{\"@type\":\"SearchAction\",\"target\":{\"@type\":\"EntryPoint\",\"urlTemplate\":\"https:\/\/www.certifiedcosmetics.com\/fr\/?s={search_term_string}\"},\"query-input\":{\"@type\":\"PropertyValueSpecification\",\"valueRequired\":true,\"valueName\":\"search_term_string\"}}],\"inLanguage\":\"fr-FR\"},{\"@type\":\"Organization\",\"@id\":\"https:\/\/www.certifiedcosmetics.com\/fr\/#organization\",\"name\":\"Certified Cosmetics\",\"url\":\"https:\/\/www.certifiedcosmetics.com\/fr\/\",\"logo\":{\"@type\":\"ImageObject\",\"inLanguage\":\"fr-FR\",\"@id\":\"https:\/\/www.certifiedcosmetics.com\/fr\/#\/schema\/logo\/image\/\",\"url\":\"https:\/\/www.certifiedcosmetics.com\/wp-content\/uploads\/2024\/12\/logo_certified_cosmetics696.jpg\",\"contentUrl\":\"https:\/\/www.certifiedcosmetics.com\/wp-content\/uploads\/2024\/12\/logo_certified_cosmetics696.jpg\",\"width\":696,\"height\":696,\"caption\":\"Certified Cosmetics\"},\"image\":{\"@id\":\"https:\/\/www.certifiedcosmetics.com\/fr\/#\/schema\/logo\/image\/\"},\"description\":\"Your trusted partner for cosmetic product safety reporting. We take care of updating all of your documentation, ensuring your compliance stays current even as regulations evolve. The Cosmetic Product Safety Assessment will give you everything you need to sell specific products to EU consumers.\",\"email\":\"contact@certifiedcosmetics.com\",\"telephone\":\"+31 36 2036384\",\"legalName\":\"Certified Cosmetics\",\"foundingDate\":\"2010-01-01\",\"vatID\":\"NL854189543B01\",\"numberOfEmployees\":{\"@type\":\"QuantitativeValue\",\"minValue\":\"11\",\"maxValue\":\"50\"}}]}<\/script>\n<meta property=\"product:price:amount\" content=\"235.39\" \/>\n<meta property=\"product:price:currency\" content=\"USD\" \/>\n<meta property=\"og:availability\" content=\"instock\" \/>\n<meta property=\"product:availability\" content=\"instock\" \/>\n<meta property=\"product:retailer_item_id\" content=\"CC100109\" \/>\n<meta property=\"product:condition\" content=\"new\" \/>\n<!-- \/ Yoast SEO Premium plugin. -->","yoast_head_json":{"title":"D\u00e9tection des parab\u00e8nes - Confirmation des produits sans parab\u00e8ne","description":"Confirme l'absence de parab\u00e8nes dans les cosm\u00e9tiques gr\u00e2ce \u00e0 des tests pr\u00e9cis en laboratoire sur les ingr\u00e9dients.","robots":{"index":"index","follow":"follow","max-snippet":"max-snippet:-1","max-image-preview":"max-image-preview:large","max-video-preview":"max-video-preview:-1"},"canonical":"https:\/\/www.certifiedcosmetics.com\/fr\/product\/verification-des-allegations-et-test-des-ingredients\/detection-des-parabenes-confirmation-des-produits-sans-parabene\/","og_locale":"fr_FR","og_type":"article","og_title":"D\u00e9tection des parab\u00e8nes - Confirmation des produits sans parab\u00e8ne","og_description":"Confirme l'absence de parab\u00e8nes dans les cosm\u00e9tiques gr\u00e2ce \u00e0 des tests pr\u00e9cis en laboratoire sur les ingr\u00e9dients.","og_url":"https:\/\/www.certifiedcosmetics.com\/fr\/product\/verification-des-allegations-et-test-des-ingredients\/detection-des-parabenes-confirmation-des-produits-sans-parabene\/","og_site_name":"Certified Cosmetics","og_image":[{"width":800,"height":800,"url":"https:\/\/www.certifiedcosmetics.com\/wp-content\/uploads\/2025\/07\/Paraben-Detection-Paraben-Free-Product-Confirmation.jpg","type":"image\/jpeg"}],"twitter_card":"summary_large_image","twitter_misc":{"Prix":"&#36;235.39","Disponibilit\u00e9":"En stock"},"schema":{"@context":"https:\/\/schema.org","@graph":[{"@type":"WebPage","@id":"https:\/\/www.certifiedcosmetics.com\/fr\/product\/verification-des-allegations-et-test-des-ingredients\/detection-des-parabenes-confirmation-des-produits-sans-parabene\/","url":"https:\/\/www.certifiedcosmetics.com\/fr\/product\/verification-des-allegations-et-test-des-ingredients\/detection-des-parabenes-confirmation-des-produits-sans-parabene\/","name":"D\u00e9tection des parab\u00e8nes - Confirmation des produits sans parab\u00e8ne","isPartOf":{"@id":"https:\/\/www.certifiedcosmetics.com\/fr\/#website"},"primaryImageOfPage":{"@id":"https:\/\/www.certifiedcosmetics.com\/fr\/product\/verification-des-allegations-et-test-des-ingredients\/detection-des-parabenes-confirmation-des-produits-sans-parabene\/#primaryimage"},"image":{"@id":"https:\/\/www.certifiedcosmetics.com\/fr\/product\/verification-des-allegations-et-test-des-ingredients\/detection-des-parabenes-confirmation-des-produits-sans-parabene\/#primaryimage"},"thumbnailUrl":"https:\/\/www.certifiedcosmetics.com\/wp-content\/uploads\/2025\/07\/Paraben-Detection-Paraben-Free-Product-Confirmation.jpg","datePublished":"2025-07-04T15:07:49+00:00","description":"Confirme l'absence de parab\u00e8nes dans les cosm\u00e9tiques gr\u00e2ce \u00e0 des tests pr\u00e9cis en laboratoire sur les ingr\u00e9dients.","breadcrumb":{"@id":"https:\/\/www.certifiedcosmetics.com\/fr\/product\/verification-des-allegations-et-test-des-ingredients\/detection-des-parabenes-confirmation-des-produits-sans-parabene\/#breadcrumb"},"inLanguage":"fr-FR","potentialAction":[{"@type":"ReadAction","target":["https:\/\/www.certifiedcosmetics.com\/fr\/product\/verification-des-allegations-et-test-des-ingredients\/detection-des-parabenes-confirmation-des-produits-sans-parabene\/"]}]},{"@type":"ImageObject","inLanguage":"fr-FR","@id":"https:\/\/www.certifiedcosmetics.com\/fr\/product\/verification-des-allegations-et-test-des-ingredients\/detection-des-parabenes-confirmation-des-produits-sans-parabene\/#primaryimage","url":"https:\/\/www.certifiedcosmetics.com\/wp-content\/uploads\/2025\/07\/Paraben-Detection-Paraben-Free-Product-Confirmation.jpg","contentUrl":"https:\/\/www.certifiedcosmetics.com\/wp-content\/uploads\/2025\/07\/Paraben-Detection-Paraben-Free-Product-Confirmation.jpg","width":800,"height":800},{"@type":"BreadcrumbList","@id":"https:\/\/www.certifiedcosmetics.com\/fr\/product\/verification-des-allegations-et-test-des-ingredients\/detection-des-parabenes-confirmation-des-produits-sans-parabene\/#breadcrumb","itemListElement":[{"@type":"ListItem","position":1,"name":"Home","item":"https:\/\/www.certifiedcosmetics.com\/fr\/"},{"@type":"ListItem","position":2,"name":"Boutique","item":"https:\/\/www.certifiedcosmetics.com\/fr\/boutique\/"},{"@type":"ListItem","position":3,"name":"D\u00e9tection des parab\u00e8nes &#8211; Confirmation des produits sans parab\u00e8ne"}]},{"@type":"WebSite","@id":"https:\/\/www.certifiedcosmetics.com\/fr\/#website","url":"https:\/\/www.certifiedcosmetics.com\/fr\/","name":"Certified Cosmetics","description":"Cosmetic Safety Assessment","publisher":{"@id":"https:\/\/www.certifiedcosmetics.com\/fr\/#organization"},"potentialAction":[{"@type":"SearchAction","target":{"@type":"EntryPoint","urlTemplate":"https:\/\/www.certifiedcosmetics.com\/fr\/?s={search_term_string}"},"query-input":{"@type":"PropertyValueSpecification","valueRequired":true,"valueName":"search_term_string"}}],"inLanguage":"fr-FR"},{"@type":"Organization","@id":"https:\/\/www.certifiedcosmetics.com\/fr\/#organization","name":"Certified Cosmetics","url":"https:\/\/www.certifiedcosmetics.com\/fr\/","logo":{"@type":"ImageObject","inLanguage":"fr-FR","@id":"https:\/\/www.certifiedcosmetics.com\/fr\/#\/schema\/logo\/image\/","url":"https:\/\/www.certifiedcosmetics.com\/wp-content\/uploads\/2024\/12\/logo_certified_cosmetics696.jpg","contentUrl":"https:\/\/www.certifiedcosmetics.com\/wp-content\/uploads\/2024\/12\/logo_certified_cosmetics696.jpg","width":696,"height":696,"caption":"Certified Cosmetics"},"image":{"@id":"https:\/\/www.certifiedcosmetics.com\/fr\/#\/schema\/logo\/image\/"},"description":"Your trusted partner for cosmetic product safety reporting. We take care of updating all of your documentation, ensuring your compliance stays current even as regulations evolve. The Cosmetic Product Safety Assessment will give you everything you need to sell specific products to EU consumers.","email":"contact@certifiedcosmetics.com","telephone":"+31 36 2036384","legalName":"Certified Cosmetics","foundingDate":"2010-01-01","vatID":"NL854189543B01","numberOfEmployees":{"@type":"QuantitativeValue","minValue":"11","maxValue":"50"}}]},"product_price_amount":"235.39","product_price_currency":"USD","og_availability":"instock","product_availability":"instock","product_retailer_item_id":"CC100109","product_condition":"new"},"_links":{"self":[{"href":"https:\/\/www.certifiedcosmetics.com\/fr\/wp-json\/wp\/v2\/product\/12359","targetHints":{"allow":["GET"]}}],"collection":[{"href":"https:\/\/www.certifiedcosmetics.com\/fr\/wp-json\/wp\/v2\/product"}],"about":[{"href":"https:\/\/www.certifiedcosmetics.com\/fr\/wp-json\/wp\/v2\/types\/product"}],"wp:featuredmedia":[{"embeddable":true,"href":"https:\/\/www.certifiedcosmetics.com\/fr\/wp-json\/wp\/v2\/media\/12165"}],"wp:attachment":[{"href":"https:\/\/www.certifiedcosmetics.com\/fr\/wp-json\/wp\/v2\/media?parent=12359"}],"wp:term":[{"taxonomy":"product_brand","embeddable":true,"href":"https:\/\/www.certifiedcosmetics.com\/fr\/wp-json\/wp\/v2\/product_brand?post=12359"},{"taxonomy":"product_cat","embeddable":true,"href":"https:\/\/www.certifiedcosmetics.com\/fr\/wp-json\/wp\/v2\/product_cat?post=12359"},{"taxonomy":"product_tag","embeddable":true,"href":"https:\/\/www.certifiedcosmetics.com\/fr\/wp-json\/wp\/v2\/product_tag?post=12359"}],"curies":[{"name":"wp","href":"https:\/\/api.w.org\/{rel}","templated":true}]}}