{"id":12348,"date":"2025-07-04T16:07:48","date_gmt":"2025-07-04T15:07:48","guid":{"rendered":"https:\/\/www.certifiedcosmetics.com\/product\/non class\u00e9\/detection-des-microplastiques-verification-des-reclamations-sans-microplastiques\/"},"modified":"2025-07-04T16:07:48","modified_gmt":"2025-07-04T15:07:48","slug":"detection-des-microplastiques-verification-des-reclamations-sans-microplastiques","status":"publish","type":"product","link":"https:\/\/www.certifiedcosmetics.com\/fr\/product\/verification-des-allegations-et-test-des-ingredients\/detection-des-microplastiques-verification-des-reclamations-sans-microplastiques\/","title":{"rendered":"D\u00e9tection des microplastiques &#8211; V\u00e9rification des r\u00e9clamations sans microplastiques"},"content":{"rendered":"<h2>Qu&#8217;est-ce que les microplastiques ?<\/h2>\n<p>Les microplastiques sont de minuscules particules de plastique (g\u00e9n\u00e9ralement moins de 5 mm) qui peuvent \u00eatre ajout\u00e9es intentionnellement aux produits (comme les microbilles dans les exfoliants, aujourd&#8217;hui largement interdites) ou se former \u00e0 partir de la d\u00e9composition d&#8217;articles en plastique plus volumineux. Leur pr\u00e9sence g\u00e9n\u00e9ralis\u00e9e suscite de plus en plus d&#8217;inqui\u00e9tudes en mati\u00e8re d&#8217;environnement et de sant\u00e9. <\/p>\n<h2>Pourquoi la d\u00e9tection des microplastiques est-elle importante ?<\/h2>\n<p>Les pr\u00e9occupations concernant l&#8217;impact sur l&#8217;environnement ont entra\u00een\u00e9 une forte demande de produits sans microplastiques. Notre service t&#8217;aide \u00e0 : <\/p>\n<ul>\n<li><strong>V\u00e9rifier les all\u00e9gations &#8220;sans microplastiques&#8221; :<\/strong> Identifie et quantifie avec pr\u00e9cision les particules de microplastiques dans tes formulations.<\/li>\n<li><strong>D\u00e9montre ta responsabilit\u00e9 environnementale :<\/strong> Montre l&#8217;engagement de ta marque en faveur de la durabilit\u00e9 et de la r\u00e9duction de la pollution plastique.<\/li>\n<li><strong>R\u00e9pondre \u00e0 la demande des consommateurs soucieux de l&#8217;environnement :<\/strong> Attire les consommateurs qui accordent la priorit\u00e9 aux produits respectueux de l&#8217;environnement.<\/li>\n<\/ul>\n<h2>D\u00e9tection des microplastiques<\/h2>\n<p>Notre laboratoire identifie et quantifie les particules de microplastiques dans tes formulations. Ce service est crucial pour les marques engag\u00e9es dans le d\u00e9veloppement durable et te permet de v\u00e9rifier scientifiquement tes all\u00e9gations &#8220;sans microplastiques&#8221;, en mettant en avant ta responsabilit\u00e9 environnementale et en r\u00e9pondant aux consommateurs soucieux de l&#8217;environnement. N&#8217;h\u00e9site pas \u00e0 nous contacter pour assurer la qualit\u00e9 et la s\u00e9curit\u00e9 de tes produits.  <\/p>\n<p>N&#8217;h\u00e9site pas \u00e0 nous contacter pour que tes produits r\u00e9pondent aux demandes du march\u00e9 et d\u00e9passent les attentes en mati\u00e8re de qualit\u00e9.<\/p>\n","protected":false},"excerpt":{"rendered":"<p>Qu&#8217;est-ce que les microplastiques ? Les microplastiques sont de minuscules particules de plastique (g\u00e9n\u00e9ralement moins de 5 mm) qui peuvent \u00eatre ajout\u00e9es intentionnellement aux produits (comme les microbilles dans les exfoliants, aujourd&#8217;hui largement interdites) ou se former \u00e0 partir de la d\u00e9composition d&#8217;articles en plastique plus volumineux. Leur pr\u00e9sence g\u00e9n\u00e9ralis\u00e9e suscite de plus en plus&#8230;<\/p>\n","protected":false},"featured_media":12153,"template":"","meta":[],"product_brand":[],"product_cat":[440],"product_tag":[],"class_list":{"0":"post-12348","1":"product","2":"type-product","3":"status-publish","4":"has-post-thumbnail","6":"product_cat-verification-des-allegations-et-test-des-ingredients","8":"first","9":"instock","10":"virtual","11":"taxable","12":"purchasable","13":"product-type-simple"},"bundled_by":[],"bundle_stock_status":"instock","bundle_stock_quantity":null,"bundle_virtual":false,"bundle_layout":"","bundle_add_to_cart_form_location":"","bundle_editable_in_cart":false,"bundle_sold_individually_context":"","bundle_item_grouping":"","bundle_min_size":"","bundle_max_size":"","bundle_price":[],"bundled_items":[],"bundle_sell_ids":[],"yoast_head":"<!-- This site is optimized with the Yoast SEO Premium plugin v25.4 (Yoast SEO v25.4) - https:\/\/yoast.com\/wordpress\/plugins\/seo\/ -->\n<title>D\u00e9tection des microplastiques - V\u00e9rification des r\u00e9clamations sans microplastiques<\/title>\n<meta name=\"description\" content=\"Soutiens ta revendication de produit sans microplastiques avec des tests de laboratoire et des analyses de d\u00e9pistage pr\u00e9cis.\" \/>\n<meta name=\"robots\" content=\"index, follow, max-snippet:-1, max-image-preview:large, max-video-preview:-1\" \/>\n<link rel=\"canonical\" href=\"https:\/\/www.certifiedcosmetics.com\/fr\/product\/verification-des-allegations-et-test-des-ingredients\/detection-des-microplastiques-verification-des-reclamations-sans-microplastiques\/\" \/>\n<meta property=\"og:locale\" content=\"fr_FR\" \/>\n<meta property=\"og:type\" content=\"article\" \/>\n<meta property=\"og:title\" content=\"D\u00e9tection des microplastiques - V\u00e9rification des r\u00e9clamations sans microplastiques\" \/>\n<meta property=\"og:description\" content=\"Soutiens ta revendication de produit sans microplastiques avec des tests de laboratoire et des analyses de d\u00e9pistage pr\u00e9cis.\" \/>\n<meta property=\"og:url\" content=\"https:\/\/www.certifiedcosmetics.com\/fr\/product\/verification-des-allegations-et-test-des-ingredients\/detection-des-microplastiques-verification-des-reclamations-sans-microplastiques\/\" \/>\n<meta property=\"og:site_name\" content=\"Certified Cosmetics\" \/>\n<meta property=\"og:image\" content=\"https:\/\/www.certifiedcosmetics.com\/wp-content\/uploads\/2025\/07\/Microplastic-Detection-Microplastic-Free-Claim-Verification.jpg\" \/>\n\t<meta property=\"og:image:width\" content=\"800\" \/>\n\t<meta property=\"og:image:height\" content=\"800\" \/>\n\t<meta property=\"og:image:type\" content=\"image\/jpeg\" \/>\n<meta name=\"twitter:card\" content=\"summary_large_image\" \/>\n<meta name=\"twitter:label1\" content=\"Prix\" \/>\n\t<meta name=\"twitter:data1\" content=\"&#036;294.23\" \/>\n\t<meta name=\"twitter:label2\" content=\"Disponibilit\u00e9\" \/>\n\t<meta name=\"twitter:data2\" content=\"En stock\" \/>\n<script type=\"application\/ld+json\" class=\"yoast-schema-graph\">{\"@context\":\"https:\/\/schema.org\",\"@graph\":[{\"@type\":\"WebPage\",\"@id\":\"https:\/\/www.certifiedcosmetics.com\/fr\/product\/verification-des-allegations-et-test-des-ingredients\/detection-des-microplastiques-verification-des-reclamations-sans-microplastiques\/\",\"url\":\"https:\/\/www.certifiedcosmetics.com\/fr\/product\/verification-des-allegations-et-test-des-ingredients\/detection-des-microplastiques-verification-des-reclamations-sans-microplastiques\/\",\"name\":\"D\u00e9tection des microplastiques - V\u00e9rification des r\u00e9clamations sans microplastiques\",\"isPartOf\":{\"@id\":\"https:\/\/www.certifiedcosmetics.com\/fr\/#website\"},\"primaryImageOfPage\":{\"@id\":\"https:\/\/www.certifiedcosmetics.com\/fr\/product\/verification-des-allegations-et-test-des-ingredients\/detection-des-microplastiques-verification-des-reclamations-sans-microplastiques\/#primaryimage\"},\"image\":{\"@id\":\"https:\/\/www.certifiedcosmetics.com\/fr\/product\/verification-des-allegations-et-test-des-ingredients\/detection-des-microplastiques-verification-des-reclamations-sans-microplastiques\/#primaryimage\"},\"thumbnailUrl\":\"https:\/\/www.certifiedcosmetics.com\/wp-content\/uploads\/2025\/07\/Microplastic-Detection-Microplastic-Free-Claim-Verification.jpg\",\"datePublished\":\"2025-07-04T15:07:48+00:00\",\"description\":\"Soutiens ta revendication de produit sans microplastiques avec des tests de laboratoire et des analyses de d\u00e9pistage pr\u00e9cis.\",\"breadcrumb\":{\"@id\":\"https:\/\/www.certifiedcosmetics.com\/fr\/product\/verification-des-allegations-et-test-des-ingredients\/detection-des-microplastiques-verification-des-reclamations-sans-microplastiques\/#breadcrumb\"},\"inLanguage\":\"fr-FR\",\"potentialAction\":[{\"@type\":\"ReadAction\",\"target\":[\"https:\/\/www.certifiedcosmetics.com\/fr\/product\/verification-des-allegations-et-test-des-ingredients\/detection-des-microplastiques-verification-des-reclamations-sans-microplastiques\/\"]}]},{\"@type\":\"ImageObject\",\"inLanguage\":\"fr-FR\",\"@id\":\"https:\/\/www.certifiedcosmetics.com\/fr\/product\/verification-des-allegations-et-test-des-ingredients\/detection-des-microplastiques-verification-des-reclamations-sans-microplastiques\/#primaryimage\",\"url\":\"https:\/\/www.certifiedcosmetics.com\/wp-content\/uploads\/2025\/07\/Microplastic-Detection-Microplastic-Free-Claim-Verification.jpg\",\"contentUrl\":\"https:\/\/www.certifiedcosmetics.com\/wp-content\/uploads\/2025\/07\/Microplastic-Detection-Microplastic-Free-Claim-Verification.jpg\",\"width\":800,\"height\":800},{\"@type\":\"BreadcrumbList\",\"@id\":\"https:\/\/www.certifiedcosmetics.com\/fr\/product\/verification-des-allegations-et-test-des-ingredients\/detection-des-microplastiques-verification-des-reclamations-sans-microplastiques\/#breadcrumb\",\"itemListElement\":[{\"@type\":\"ListItem\",\"position\":1,\"name\":\"Home\",\"item\":\"https:\/\/www.certifiedcosmetics.com\/fr\/\"},{\"@type\":\"ListItem\",\"position\":2,\"name\":\"Boutique\",\"item\":\"https:\/\/www.certifiedcosmetics.com\/fr\/boutique\/\"},{\"@type\":\"ListItem\",\"position\":3,\"name\":\"D\u00e9tection des microplastiques &#8211; V\u00e9rification des r\u00e9clamations sans microplastiques\"}]},{\"@type\":\"WebSite\",\"@id\":\"https:\/\/www.certifiedcosmetics.com\/fr\/#website\",\"url\":\"https:\/\/www.certifiedcosmetics.com\/fr\/\",\"name\":\"Certified Cosmetics\",\"description\":\"Cosmetic Safety Assessment\",\"publisher\":{\"@id\":\"https:\/\/www.certifiedcosmetics.com\/fr\/#organization\"},\"potentialAction\":[{\"@type\":\"SearchAction\",\"target\":{\"@type\":\"EntryPoint\",\"urlTemplate\":\"https:\/\/www.certifiedcosmetics.com\/fr\/?s={search_term_string}\"},\"query-input\":{\"@type\":\"PropertyValueSpecification\",\"valueRequired\":true,\"valueName\":\"search_term_string\"}}],\"inLanguage\":\"fr-FR\"},{\"@type\":\"Organization\",\"@id\":\"https:\/\/www.certifiedcosmetics.com\/fr\/#organization\",\"name\":\"Certified Cosmetics\",\"url\":\"https:\/\/www.certifiedcosmetics.com\/fr\/\",\"logo\":{\"@type\":\"ImageObject\",\"inLanguage\":\"fr-FR\",\"@id\":\"https:\/\/www.certifiedcosmetics.com\/fr\/#\/schema\/logo\/image\/\",\"url\":\"https:\/\/www.certifiedcosmetics.com\/wp-content\/uploads\/2024\/12\/logo_certified_cosmetics696.jpg\",\"contentUrl\":\"https:\/\/www.certifiedcosmetics.com\/wp-content\/uploads\/2024\/12\/logo_certified_cosmetics696.jpg\",\"width\":696,\"height\":696,\"caption\":\"Certified Cosmetics\"},\"image\":{\"@id\":\"https:\/\/www.certifiedcosmetics.com\/fr\/#\/schema\/logo\/image\/\"},\"description\":\"Your trusted partner for cosmetic product safety reporting. We take care of updating all of your documentation, ensuring your compliance stays current even as regulations evolve. The Cosmetic Product Safety Assessment will give you everything you need to sell specific products to EU consumers.\",\"email\":\"contact@certifiedcosmetics.com\",\"telephone\":\"+31 36 2036384\",\"legalName\":\"Certified Cosmetics\",\"foundingDate\":\"2010-01-01\",\"vatID\":\"NL854189543B01\",\"numberOfEmployees\":{\"@type\":\"QuantitativeValue\",\"minValue\":\"11\",\"maxValue\":\"50\"}}]}<\/script>\n<meta property=\"product:price:amount\" content=\"294.23\" \/>\n<meta property=\"product:price:currency\" content=\"USD\" \/>\n<meta property=\"og:availability\" content=\"instock\" \/>\n<meta property=\"product:availability\" content=\"instock\" \/>\n<meta property=\"product:retailer_item_id\" content=\"CC100091\" \/>\n<meta property=\"product:condition\" content=\"new\" \/>\n<!-- \/ Yoast SEO Premium plugin. -->","yoast_head_json":{"title":"D\u00e9tection des microplastiques - V\u00e9rification des r\u00e9clamations sans microplastiques","description":"Soutiens ta revendication de produit sans microplastiques avec des tests de laboratoire et des analyses de d\u00e9pistage pr\u00e9cis.","robots":{"index":"index","follow":"follow","max-snippet":"max-snippet:-1","max-image-preview":"max-image-preview:large","max-video-preview":"max-video-preview:-1"},"canonical":"https:\/\/www.certifiedcosmetics.com\/fr\/product\/verification-des-allegations-et-test-des-ingredients\/detection-des-microplastiques-verification-des-reclamations-sans-microplastiques\/","og_locale":"fr_FR","og_type":"article","og_title":"D\u00e9tection des microplastiques - V\u00e9rification des r\u00e9clamations sans microplastiques","og_description":"Soutiens ta revendication de produit sans microplastiques avec des tests de laboratoire et des analyses de d\u00e9pistage pr\u00e9cis.","og_url":"https:\/\/www.certifiedcosmetics.com\/fr\/product\/verification-des-allegations-et-test-des-ingredients\/detection-des-microplastiques-verification-des-reclamations-sans-microplastiques\/","og_site_name":"Certified Cosmetics","og_image":[{"width":800,"height":800,"url":"https:\/\/www.certifiedcosmetics.com\/wp-content\/uploads\/2025\/07\/Microplastic-Detection-Microplastic-Free-Claim-Verification.jpg","type":"image\/jpeg"}],"twitter_card":"summary_large_image","twitter_misc":{"Prix":"&#36;294.23","Disponibilit\u00e9":"En stock"},"schema":{"@context":"https:\/\/schema.org","@graph":[{"@type":"WebPage","@id":"https:\/\/www.certifiedcosmetics.com\/fr\/product\/verification-des-allegations-et-test-des-ingredients\/detection-des-microplastiques-verification-des-reclamations-sans-microplastiques\/","url":"https:\/\/www.certifiedcosmetics.com\/fr\/product\/verification-des-allegations-et-test-des-ingredients\/detection-des-microplastiques-verification-des-reclamations-sans-microplastiques\/","name":"D\u00e9tection des microplastiques - V\u00e9rification des r\u00e9clamations sans microplastiques","isPartOf":{"@id":"https:\/\/www.certifiedcosmetics.com\/fr\/#website"},"primaryImageOfPage":{"@id":"https:\/\/www.certifiedcosmetics.com\/fr\/product\/verification-des-allegations-et-test-des-ingredients\/detection-des-microplastiques-verification-des-reclamations-sans-microplastiques\/#primaryimage"},"image":{"@id":"https:\/\/www.certifiedcosmetics.com\/fr\/product\/verification-des-allegations-et-test-des-ingredients\/detection-des-microplastiques-verification-des-reclamations-sans-microplastiques\/#primaryimage"},"thumbnailUrl":"https:\/\/www.certifiedcosmetics.com\/wp-content\/uploads\/2025\/07\/Microplastic-Detection-Microplastic-Free-Claim-Verification.jpg","datePublished":"2025-07-04T15:07:48+00:00","description":"Soutiens ta revendication de produit sans microplastiques avec des tests de laboratoire et des analyses de d\u00e9pistage pr\u00e9cis.","breadcrumb":{"@id":"https:\/\/www.certifiedcosmetics.com\/fr\/product\/verification-des-allegations-et-test-des-ingredients\/detection-des-microplastiques-verification-des-reclamations-sans-microplastiques\/#breadcrumb"},"inLanguage":"fr-FR","potentialAction":[{"@type":"ReadAction","target":["https:\/\/www.certifiedcosmetics.com\/fr\/product\/verification-des-allegations-et-test-des-ingredients\/detection-des-microplastiques-verification-des-reclamations-sans-microplastiques\/"]}]},{"@type":"ImageObject","inLanguage":"fr-FR","@id":"https:\/\/www.certifiedcosmetics.com\/fr\/product\/verification-des-allegations-et-test-des-ingredients\/detection-des-microplastiques-verification-des-reclamations-sans-microplastiques\/#primaryimage","url":"https:\/\/www.certifiedcosmetics.com\/wp-content\/uploads\/2025\/07\/Microplastic-Detection-Microplastic-Free-Claim-Verification.jpg","contentUrl":"https:\/\/www.certifiedcosmetics.com\/wp-content\/uploads\/2025\/07\/Microplastic-Detection-Microplastic-Free-Claim-Verification.jpg","width":800,"height":800},{"@type":"BreadcrumbList","@id":"https:\/\/www.certifiedcosmetics.com\/fr\/product\/verification-des-allegations-et-test-des-ingredients\/detection-des-microplastiques-verification-des-reclamations-sans-microplastiques\/#breadcrumb","itemListElement":[{"@type":"ListItem","position":1,"name":"Home","item":"https:\/\/www.certifiedcosmetics.com\/fr\/"},{"@type":"ListItem","position":2,"name":"Boutique","item":"https:\/\/www.certifiedcosmetics.com\/fr\/boutique\/"},{"@type":"ListItem","position":3,"name":"D\u00e9tection des microplastiques &#8211; V\u00e9rification des r\u00e9clamations sans microplastiques"}]},{"@type":"WebSite","@id":"https:\/\/www.certifiedcosmetics.com\/fr\/#website","url":"https:\/\/www.certifiedcosmetics.com\/fr\/","name":"Certified Cosmetics","description":"Cosmetic Safety Assessment","publisher":{"@id":"https:\/\/www.certifiedcosmetics.com\/fr\/#organization"},"potentialAction":[{"@type":"SearchAction","target":{"@type":"EntryPoint","urlTemplate":"https:\/\/www.certifiedcosmetics.com\/fr\/?s={search_term_string}"},"query-input":{"@type":"PropertyValueSpecification","valueRequired":true,"valueName":"search_term_string"}}],"inLanguage":"fr-FR"},{"@type":"Organization","@id":"https:\/\/www.certifiedcosmetics.com\/fr\/#organization","name":"Certified Cosmetics","url":"https:\/\/www.certifiedcosmetics.com\/fr\/","logo":{"@type":"ImageObject","inLanguage":"fr-FR","@id":"https:\/\/www.certifiedcosmetics.com\/fr\/#\/schema\/logo\/image\/","url":"https:\/\/www.certifiedcosmetics.com\/wp-content\/uploads\/2024\/12\/logo_certified_cosmetics696.jpg","contentUrl":"https:\/\/www.certifiedcosmetics.com\/wp-content\/uploads\/2024\/12\/logo_certified_cosmetics696.jpg","width":696,"height":696,"caption":"Certified Cosmetics"},"image":{"@id":"https:\/\/www.certifiedcosmetics.com\/fr\/#\/schema\/logo\/image\/"},"description":"Your trusted partner for cosmetic product safety reporting. We take care of updating all of your documentation, ensuring your compliance stays current even as regulations evolve. The Cosmetic Product Safety Assessment will give you everything you need to sell specific products to EU consumers.","email":"contact@certifiedcosmetics.com","telephone":"+31 36 2036384","legalName":"Certified Cosmetics","foundingDate":"2010-01-01","vatID":"NL854189543B01","numberOfEmployees":{"@type":"QuantitativeValue","minValue":"11","maxValue":"50"}}]},"product_price_amount":"294.23","product_price_currency":"USD","og_availability":"instock","product_availability":"instock","product_retailer_item_id":"CC100091","product_condition":"new"},"_links":{"self":[{"href":"https:\/\/www.certifiedcosmetics.com\/fr\/wp-json\/wp\/v2\/product\/12348","targetHints":{"allow":["GET"]}}],"collection":[{"href":"https:\/\/www.certifiedcosmetics.com\/fr\/wp-json\/wp\/v2\/product"}],"about":[{"href":"https:\/\/www.certifiedcosmetics.com\/fr\/wp-json\/wp\/v2\/types\/product"}],"wp:featuredmedia":[{"embeddable":true,"href":"https:\/\/www.certifiedcosmetics.com\/fr\/wp-json\/wp\/v2\/media\/12153"}],"wp:attachment":[{"href":"https:\/\/www.certifiedcosmetics.com\/fr\/wp-json\/wp\/v2\/media?parent=12348"}],"wp:term":[{"taxonomy":"product_brand","embeddable":true,"href":"https:\/\/www.certifiedcosmetics.com\/fr\/wp-json\/wp\/v2\/product_brand?post=12348"},{"taxonomy":"product_cat","embeddable":true,"href":"https:\/\/www.certifiedcosmetics.com\/fr\/wp-json\/wp\/v2\/product_cat?post=12348"},{"taxonomy":"product_tag","embeddable":true,"href":"https:\/\/www.certifiedcosmetics.com\/fr\/wp-json\/wp\/v2\/product_tag?post=12348"}],"curies":[{"name":"wp","href":"https:\/\/api.w.org\/{rel}","templated":true}]}}