{"id":12327,"date":"2025-07-04T16:08:00","date_gmt":"2025-07-04T15:08:00","guid":{"rendered":"https:\/\/www.certifiedcosmetics.com\/product\/non class\u00e9\/detection-des-phtalates-verification-de-la-purete\/"},"modified":"2025-07-04T16:08:00","modified_gmt":"2025-07-04T15:08:00","slug":"detection-des-phtalates-verification-de-la-purete","status":"publish","type":"product","link":"https:\/\/www.certifiedcosmetics.com\/fr\/product\/verification-des-allegations-et-test-des-ingredients\/detection-des-phtalates-verification-de-la-purete\/","title":{"rendered":"D\u00e9tection des phtalates &#8211; V\u00e9rification de la puret\u00e9"},"content":{"rendered":"<h2>Qu&#8217;est-ce que les phtalates ?<\/h2>\n<p>Les phtalates sont un groupe de produits chimiques utilis\u00e9s dans divers produits, y compris les cosm\u00e9tiques, pour rendre les plastiques plus flexibles ou pour aider \u00e0 dissoudre d&#8217;autres mat\u00e9riaux. Ils ont fait l&#8217;objet d&#8217;un examen approfondi de la part des organismes de r\u00e9glementation et des consommateurs en raison des risques potentiels pour la sant\u00e9, ce qui a entra\u00een\u00e9 des restrictions ou des interdictions de certains phtalates dans de nombreuses r\u00e9gions. <\/p>\n<h2>Pourquoi la d\u00e9tection des phtalates est-elle importante ?<\/h2>\n<p>M\u00eame si des phtalates sp\u00e9cifiques sont interdits ou fortement restreints, s&#8217;assurer de l&#8217;absence ou du respect des limites r\u00e9glementaires dans les produits cosm\u00e9tiques est essentiel pour l&#8217;int\u00e9grit\u00e9 de la marque et la s\u00e9curit\u00e9 des consommateurs. Notre service est vital pour la v\u00e9rification de la puret\u00e9 et le contr\u00f4le de la qualit\u00e9. Il t&#8217;aide \u00e0 :  <\/p>\n<ul>\n<li><strong>Assurer la conformit\u00e9 r\u00e9glementaire :<\/strong> Confirme que tes produits respectent les r\u00e9glementations mondiales strictes concernant la teneur en phtalates.<\/li>\n<li><strong>V\u00e9rifier la puret\u00e9 des mati\u00e8res premi\u00e8res :<\/strong> Passer au crible les mati\u00e8res premi\u00e8res entrantes pour \u00e9viter toute contamination involontaire.<\/li>\n<li><strong>R\u00e9pondre aux pr\u00e9occupations des consommateurs :<\/strong> D\u00e9montre ton engagement pour des formulations s\u00fbres et transparentes.<\/li>\n<\/ul>\n<h2>D\u00e9tection des phtalates<\/h2>\n<p>Notre laboratoire fournit des analyses tr\u00e8s sensibles et pr\u00e9cises pour identifier et quantifier les phtalates dans les matrices de tes produits. Ce service est essentiel pour v\u00e9rifier la puret\u00e9, s&#8217;assurer que tes produits r\u00e9pondent \u00e0 des normes de s\u00e9curit\u00e9 strictes et r\u00e9pondre aux pr\u00e9occupations des consommateurs concernant ces compos\u00e9s. <\/p>\n<p>N&#8217;h\u00e9site pas \u00e0 nous contacter pour que tes produits r\u00e9pondent aux demandes du march\u00e9 et d\u00e9passent les attentes en mati\u00e8re de qualit\u00e9.<\/p>\n","protected":false},"excerpt":{"rendered":"<p>Qu&#8217;est-ce que les phtalates ? Les phtalates sont un groupe de produits chimiques utilis\u00e9s dans divers produits, y compris les cosm\u00e9tiques, pour rendre les plastiques plus flexibles ou pour aider \u00e0 dissoudre d&#8217;autres mat\u00e9riaux. Ils ont fait l&#8217;objet d&#8217;un examen approfondi de la part des organismes de r\u00e9glementation et des consommateurs en raison des risques&#8230;<\/p>\n","protected":false},"featured_media":12189,"template":"","meta":[],"product_brand":[],"product_cat":[440],"product_tag":[],"class_list":{"0":"post-12327","1":"product","2":"type-product","3":"status-publish","4":"has-post-thumbnail","6":"product_cat-verification-des-allegations-et-test-des-ingredients","8":"first","9":"instock","10":"virtual","11":"taxable","12":"purchasable","13":"product-type-simple"},"bundled_by":[],"bundle_stock_status":"instock","bundle_stock_quantity":null,"bundle_virtual":false,"bundle_layout":"","bundle_add_to_cart_form_location":"","bundle_editable_in_cart":false,"bundle_sold_individually_context":"","bundle_item_grouping":"","bundle_min_size":"","bundle_max_size":"","bundle_price":[],"bundled_items":[],"bundle_sell_ids":[],"yoast_head":"<!-- This site is optimized with the Yoast SEO Premium plugin v25.4 (Yoast SEO v25.4) - https:\/\/yoast.com\/wordpress\/plugins\/seo\/ -->\n<title>D\u00e9tection des phtalates - V\u00e9rification de la puret\u00e9<\/title>\n<meta name=\"description\" content=\"D\u00e9montre que tes huiles de parfum, tes huiles essentielles et tes cosm\u00e9tiques ne contiennent pas de phtalates interdits gr\u00e2ce \u00e0 des tests en laboratoire certifi\u00e9s.\" \/>\n<meta name=\"robots\" content=\"index, follow, max-snippet:-1, max-image-preview:large, max-video-preview:-1\" \/>\n<link rel=\"canonical\" href=\"https:\/\/www.certifiedcosmetics.com\/fr\/product\/verification-des-allegations-et-test-des-ingredients\/detection-des-phtalates-verification-de-la-purete\/\" \/>\n<meta property=\"og:locale\" content=\"fr_FR\" \/>\n<meta property=\"og:type\" content=\"article\" \/>\n<meta property=\"og:title\" content=\"D\u00e9tection des phtalates - V\u00e9rification de la puret\u00e9\" \/>\n<meta property=\"og:description\" content=\"D\u00e9montre que tes huiles de parfum, tes huiles essentielles et tes cosm\u00e9tiques ne contiennent pas de phtalates interdits gr\u00e2ce \u00e0 des tests en laboratoire certifi\u00e9s.\" \/>\n<meta property=\"og:url\" content=\"https:\/\/www.certifiedcosmetics.com\/fr\/product\/verification-des-allegations-et-test-des-ingredients\/detection-des-phtalates-verification-de-la-purete\/\" \/>\n<meta property=\"og:site_name\" content=\"Certified Cosmetics\" \/>\n<meta property=\"og:image\" content=\"https:\/\/www.certifiedcosmetics.com\/wp-content\/uploads\/2025\/07\/Phthalate-Detection-Purity-Verification.jpg\" \/>\n\t<meta property=\"og:image:width\" content=\"800\" \/>\n\t<meta property=\"og:image:height\" content=\"800\" \/>\n\t<meta property=\"og:image:type\" content=\"image\/jpeg\" \/>\n<meta name=\"twitter:card\" content=\"summary_large_image\" \/>\n<meta name=\"twitter:label1\" content=\"Prix\" \/>\n\t<meta name=\"twitter:data1\" content=\"&#036;235.39\" \/>\n\t<meta name=\"twitter:label2\" content=\"Disponibilit\u00e9\" \/>\n\t<meta name=\"twitter:data2\" content=\"En stock\" \/>\n<script type=\"application\/ld+json\" class=\"yoast-schema-graph\">{\"@context\":\"https:\/\/schema.org\",\"@graph\":[{\"@type\":\"WebPage\",\"@id\":\"https:\/\/www.certifiedcosmetics.com\/fr\/product\/verification-des-allegations-et-test-des-ingredients\/detection-des-phtalates-verification-de-la-purete\/\",\"url\":\"https:\/\/www.certifiedcosmetics.com\/fr\/product\/verification-des-allegations-et-test-des-ingredients\/detection-des-phtalates-verification-de-la-purete\/\",\"name\":\"D\u00e9tection des phtalates - V\u00e9rification de la puret\u00e9\",\"isPartOf\":{\"@id\":\"https:\/\/www.certifiedcosmetics.com\/fr\/#website\"},\"primaryImageOfPage\":{\"@id\":\"https:\/\/www.certifiedcosmetics.com\/fr\/product\/verification-des-allegations-et-test-des-ingredients\/detection-des-phtalates-verification-de-la-purete\/#primaryimage\"},\"image\":{\"@id\":\"https:\/\/www.certifiedcosmetics.com\/fr\/product\/verification-des-allegations-et-test-des-ingredients\/detection-des-phtalates-verification-de-la-purete\/#primaryimage\"},\"thumbnailUrl\":\"https:\/\/www.certifiedcosmetics.com\/wp-content\/uploads\/2025\/07\/Phthalate-Detection-Purity-Verification.jpg\",\"datePublished\":\"2025-07-04T15:08:00+00:00\",\"description\":\"D\u00e9montre que tes huiles de parfum, tes huiles essentielles et tes cosm\u00e9tiques ne contiennent pas de phtalates interdits gr\u00e2ce \u00e0 des tests en laboratoire certifi\u00e9s.\",\"breadcrumb\":{\"@id\":\"https:\/\/www.certifiedcosmetics.com\/fr\/product\/verification-des-allegations-et-test-des-ingredients\/detection-des-phtalates-verification-de-la-purete\/#breadcrumb\"},\"inLanguage\":\"fr-FR\",\"potentialAction\":[{\"@type\":\"ReadAction\",\"target\":[\"https:\/\/www.certifiedcosmetics.com\/fr\/product\/verification-des-allegations-et-test-des-ingredients\/detection-des-phtalates-verification-de-la-purete\/\"]}]},{\"@type\":\"ImageObject\",\"inLanguage\":\"fr-FR\",\"@id\":\"https:\/\/www.certifiedcosmetics.com\/fr\/product\/verification-des-allegations-et-test-des-ingredients\/detection-des-phtalates-verification-de-la-purete\/#primaryimage\",\"url\":\"https:\/\/www.certifiedcosmetics.com\/wp-content\/uploads\/2025\/07\/Phthalate-Detection-Purity-Verification.jpg\",\"contentUrl\":\"https:\/\/www.certifiedcosmetics.com\/wp-content\/uploads\/2025\/07\/Phthalate-Detection-Purity-Verification.jpg\",\"width\":800,\"height\":800},{\"@type\":\"BreadcrumbList\",\"@id\":\"https:\/\/www.certifiedcosmetics.com\/fr\/product\/verification-des-allegations-et-test-des-ingredients\/detection-des-phtalates-verification-de-la-purete\/#breadcrumb\",\"itemListElement\":[{\"@type\":\"ListItem\",\"position\":1,\"name\":\"Home\",\"item\":\"https:\/\/www.certifiedcosmetics.com\/fr\/\"},{\"@type\":\"ListItem\",\"position\":2,\"name\":\"Boutique\",\"item\":\"https:\/\/www.certifiedcosmetics.com\/fr\/boutique\/\"},{\"@type\":\"ListItem\",\"position\":3,\"name\":\"D\u00e9tection des phtalates &#8211; V\u00e9rification de la puret\u00e9\"}]},{\"@type\":\"WebSite\",\"@id\":\"https:\/\/www.certifiedcosmetics.com\/fr\/#website\",\"url\":\"https:\/\/www.certifiedcosmetics.com\/fr\/\",\"name\":\"Certified Cosmetics\",\"description\":\"Cosmetic Safety Assessment\",\"publisher\":{\"@id\":\"https:\/\/www.certifiedcosmetics.com\/fr\/#organization\"},\"potentialAction\":[{\"@type\":\"SearchAction\",\"target\":{\"@type\":\"EntryPoint\",\"urlTemplate\":\"https:\/\/www.certifiedcosmetics.com\/fr\/?s={search_term_string}\"},\"query-input\":{\"@type\":\"PropertyValueSpecification\",\"valueRequired\":true,\"valueName\":\"search_term_string\"}}],\"inLanguage\":\"fr-FR\"},{\"@type\":\"Organization\",\"@id\":\"https:\/\/www.certifiedcosmetics.com\/fr\/#organization\",\"name\":\"Certified Cosmetics\",\"url\":\"https:\/\/www.certifiedcosmetics.com\/fr\/\",\"logo\":{\"@type\":\"ImageObject\",\"inLanguage\":\"fr-FR\",\"@id\":\"https:\/\/www.certifiedcosmetics.com\/fr\/#\/schema\/logo\/image\/\",\"url\":\"https:\/\/www.certifiedcosmetics.com\/wp-content\/uploads\/2024\/12\/logo_certified_cosmetics696.jpg\",\"contentUrl\":\"https:\/\/www.certifiedcosmetics.com\/wp-content\/uploads\/2024\/12\/logo_certified_cosmetics696.jpg\",\"width\":696,\"height\":696,\"caption\":\"Certified Cosmetics\"},\"image\":{\"@id\":\"https:\/\/www.certifiedcosmetics.com\/fr\/#\/schema\/logo\/image\/\"},\"description\":\"Your trusted partner for cosmetic product safety reporting. We take care of updating all of your documentation, ensuring your compliance stays current even as regulations evolve. The Cosmetic Product Safety Assessment will give you everything you need to sell specific products to EU consumers.\",\"email\":\"contact@certifiedcosmetics.com\",\"telephone\":\"+31 36 2036384\",\"legalName\":\"Certified Cosmetics\",\"foundingDate\":\"2010-01-01\",\"vatID\":\"NL854189543B01\",\"numberOfEmployees\":{\"@type\":\"QuantitativeValue\",\"minValue\":\"11\",\"maxValue\":\"50\"}}]}<\/script>\n<meta property=\"product:price:amount\" content=\"235.39\" \/>\n<meta property=\"product:price:currency\" content=\"USD\" \/>\n<meta property=\"og:availability\" content=\"instock\" \/>\n<meta property=\"product:availability\" content=\"instock\" \/>\n<meta property=\"product:retailer_item_id\" content=\"CC100114\" \/>\n<meta property=\"product:condition\" content=\"new\" \/>\n<!-- \/ Yoast SEO Premium plugin. -->","yoast_head_json":{"title":"D\u00e9tection des phtalates - V\u00e9rification de la puret\u00e9","description":"D\u00e9montre que tes huiles de parfum, tes huiles essentielles et tes cosm\u00e9tiques ne contiennent pas de phtalates interdits gr\u00e2ce \u00e0 des tests en laboratoire certifi\u00e9s.","robots":{"index":"index","follow":"follow","max-snippet":"max-snippet:-1","max-image-preview":"max-image-preview:large","max-video-preview":"max-video-preview:-1"},"canonical":"https:\/\/www.certifiedcosmetics.com\/fr\/product\/verification-des-allegations-et-test-des-ingredients\/detection-des-phtalates-verification-de-la-purete\/","og_locale":"fr_FR","og_type":"article","og_title":"D\u00e9tection des phtalates - V\u00e9rification de la puret\u00e9","og_description":"D\u00e9montre que tes huiles de parfum, tes huiles essentielles et tes cosm\u00e9tiques ne contiennent pas de phtalates interdits gr\u00e2ce \u00e0 des tests en laboratoire certifi\u00e9s.","og_url":"https:\/\/www.certifiedcosmetics.com\/fr\/product\/verification-des-allegations-et-test-des-ingredients\/detection-des-phtalates-verification-de-la-purete\/","og_site_name":"Certified Cosmetics","og_image":[{"width":800,"height":800,"url":"https:\/\/www.certifiedcosmetics.com\/wp-content\/uploads\/2025\/07\/Phthalate-Detection-Purity-Verification.jpg","type":"image\/jpeg"}],"twitter_card":"summary_large_image","twitter_misc":{"Prix":"&#36;235.39","Disponibilit\u00e9":"En stock"},"schema":{"@context":"https:\/\/schema.org","@graph":[{"@type":"WebPage","@id":"https:\/\/www.certifiedcosmetics.com\/fr\/product\/verification-des-allegations-et-test-des-ingredients\/detection-des-phtalates-verification-de-la-purete\/","url":"https:\/\/www.certifiedcosmetics.com\/fr\/product\/verification-des-allegations-et-test-des-ingredients\/detection-des-phtalates-verification-de-la-purete\/","name":"D\u00e9tection des phtalates - V\u00e9rification de la puret\u00e9","isPartOf":{"@id":"https:\/\/www.certifiedcosmetics.com\/fr\/#website"},"primaryImageOfPage":{"@id":"https:\/\/www.certifiedcosmetics.com\/fr\/product\/verification-des-allegations-et-test-des-ingredients\/detection-des-phtalates-verification-de-la-purete\/#primaryimage"},"image":{"@id":"https:\/\/www.certifiedcosmetics.com\/fr\/product\/verification-des-allegations-et-test-des-ingredients\/detection-des-phtalates-verification-de-la-purete\/#primaryimage"},"thumbnailUrl":"https:\/\/www.certifiedcosmetics.com\/wp-content\/uploads\/2025\/07\/Phthalate-Detection-Purity-Verification.jpg","datePublished":"2025-07-04T15:08:00+00:00","description":"D\u00e9montre que tes huiles de parfum, tes huiles essentielles et tes cosm\u00e9tiques ne contiennent pas de phtalates interdits gr\u00e2ce \u00e0 des tests en laboratoire certifi\u00e9s.","breadcrumb":{"@id":"https:\/\/www.certifiedcosmetics.com\/fr\/product\/verification-des-allegations-et-test-des-ingredients\/detection-des-phtalates-verification-de-la-purete\/#breadcrumb"},"inLanguage":"fr-FR","potentialAction":[{"@type":"ReadAction","target":["https:\/\/www.certifiedcosmetics.com\/fr\/product\/verification-des-allegations-et-test-des-ingredients\/detection-des-phtalates-verification-de-la-purete\/"]}]},{"@type":"ImageObject","inLanguage":"fr-FR","@id":"https:\/\/www.certifiedcosmetics.com\/fr\/product\/verification-des-allegations-et-test-des-ingredients\/detection-des-phtalates-verification-de-la-purete\/#primaryimage","url":"https:\/\/www.certifiedcosmetics.com\/wp-content\/uploads\/2025\/07\/Phthalate-Detection-Purity-Verification.jpg","contentUrl":"https:\/\/www.certifiedcosmetics.com\/wp-content\/uploads\/2025\/07\/Phthalate-Detection-Purity-Verification.jpg","width":800,"height":800},{"@type":"BreadcrumbList","@id":"https:\/\/www.certifiedcosmetics.com\/fr\/product\/verification-des-allegations-et-test-des-ingredients\/detection-des-phtalates-verification-de-la-purete\/#breadcrumb","itemListElement":[{"@type":"ListItem","position":1,"name":"Home","item":"https:\/\/www.certifiedcosmetics.com\/fr\/"},{"@type":"ListItem","position":2,"name":"Boutique","item":"https:\/\/www.certifiedcosmetics.com\/fr\/boutique\/"},{"@type":"ListItem","position":3,"name":"D\u00e9tection des phtalates &#8211; V\u00e9rification de la puret\u00e9"}]},{"@type":"WebSite","@id":"https:\/\/www.certifiedcosmetics.com\/fr\/#website","url":"https:\/\/www.certifiedcosmetics.com\/fr\/","name":"Certified Cosmetics","description":"Cosmetic Safety Assessment","publisher":{"@id":"https:\/\/www.certifiedcosmetics.com\/fr\/#organization"},"potentialAction":[{"@type":"SearchAction","target":{"@type":"EntryPoint","urlTemplate":"https:\/\/www.certifiedcosmetics.com\/fr\/?s={search_term_string}"},"query-input":{"@type":"PropertyValueSpecification","valueRequired":true,"valueName":"search_term_string"}}],"inLanguage":"fr-FR"},{"@type":"Organization","@id":"https:\/\/www.certifiedcosmetics.com\/fr\/#organization","name":"Certified Cosmetics","url":"https:\/\/www.certifiedcosmetics.com\/fr\/","logo":{"@type":"ImageObject","inLanguage":"fr-FR","@id":"https:\/\/www.certifiedcosmetics.com\/fr\/#\/schema\/logo\/image\/","url":"https:\/\/www.certifiedcosmetics.com\/wp-content\/uploads\/2024\/12\/logo_certified_cosmetics696.jpg","contentUrl":"https:\/\/www.certifiedcosmetics.com\/wp-content\/uploads\/2024\/12\/logo_certified_cosmetics696.jpg","width":696,"height":696,"caption":"Certified Cosmetics"},"image":{"@id":"https:\/\/www.certifiedcosmetics.com\/fr\/#\/schema\/logo\/image\/"},"description":"Your trusted partner for cosmetic product safety reporting. We take care of updating all of your documentation, ensuring your compliance stays current even as regulations evolve. The Cosmetic Product Safety Assessment will give you everything you need to sell specific products to EU consumers.","email":"contact@certifiedcosmetics.com","telephone":"+31 36 2036384","legalName":"Certified Cosmetics","foundingDate":"2010-01-01","vatID":"NL854189543B01","numberOfEmployees":{"@type":"QuantitativeValue","minValue":"11","maxValue":"50"}}]},"product_price_amount":"235.39","product_price_currency":"USD","og_availability":"instock","product_availability":"instock","product_retailer_item_id":"CC100114","product_condition":"new"},"_links":{"self":[{"href":"https:\/\/www.certifiedcosmetics.com\/fr\/wp-json\/wp\/v2\/product\/12327","targetHints":{"allow":["GET"]}}],"collection":[{"href":"https:\/\/www.certifiedcosmetics.com\/fr\/wp-json\/wp\/v2\/product"}],"about":[{"href":"https:\/\/www.certifiedcosmetics.com\/fr\/wp-json\/wp\/v2\/types\/product"}],"wp:featuredmedia":[{"embeddable":true,"href":"https:\/\/www.certifiedcosmetics.com\/fr\/wp-json\/wp\/v2\/media\/12189"}],"wp:attachment":[{"href":"https:\/\/www.certifiedcosmetics.com\/fr\/wp-json\/wp\/v2\/media?parent=12327"}],"wp:term":[{"taxonomy":"product_brand","embeddable":true,"href":"https:\/\/www.certifiedcosmetics.com\/fr\/wp-json\/wp\/v2\/product_brand?post=12327"},{"taxonomy":"product_cat","embeddable":true,"href":"https:\/\/www.certifiedcosmetics.com\/fr\/wp-json\/wp\/v2\/product_cat?post=12327"},{"taxonomy":"product_tag","embeddable":true,"href":"https:\/\/www.certifiedcosmetics.com\/fr\/wp-json\/wp\/v2\/product_tag?post=12327"}],"curies":[{"name":"wp","href":"https:\/\/api.w.org\/{rel}","templated":true}]}}