{"id":12308,"date":"2025-07-04T16:07:53","date_gmt":"2025-07-04T15:07:53","guid":{"rendered":"https:\/\/www.certifiedcosmetics.com\/product\/non class\u00e9\/detection-de-lethanol-verification-des-reclamations-sans-alcool\/"},"modified":"2025-07-04T16:07:53","modified_gmt":"2025-07-04T15:07:53","slug":"detection-de-lethanol-verification-des-reclamations-sans-alcool","status":"publish","type":"product","link":"https:\/\/www.certifiedcosmetics.com\/fr\/product\/verification-des-allegations-et-test-des-ingredients\/detection-de-lethanol-verification-des-reclamations-sans-alcool\/","title":{"rendered":"D\u00e9tection de l&#8217;\u00e9thanol &#8211; V\u00e9rification des r\u00e9clamations sans alcool"},"content":{"rendered":"<h2>Qu&#8217;est-ce que l&#8217;\u00e9thanol ?<\/h2>\n<p>L&#8217;\u00e9thanol, commun\u00e9ment appel\u00e9 alcool, est un solvant largement utilis\u00e9 dans les cosm\u00e9tiques et les produits de soins personnels. Bien qu&#8217;il puisse am\u00e9liorer la texture et la diffusion du produit, de nombreux consommateurs recherchent des formulations &#8220;sans alcool&#8221; en raison de pr\u00e9occupations concernant les effets dess\u00e9chants ou irritants potentiels sur la peau et les cheveux, de la n\u00e9cessit\u00e9 d&#8217;avoir des formulations sans danger pour les enfants ou des exigences des cosm\u00e9tiques halal. <\/p>\n<h2>Pourquoi la d\u00e9tection de l&#8217;\u00e9thanol est-elle importante ?<\/h2>\n<p>Dans le domaine des soins personnels, les all\u00e9gations &#8220;sans alcool&#8221; sont tr\u00e8s appr\u00e9ci\u00e9es des consommateurs. Notre service t&#8217;aide : <\/p>\n<ul>\n<li><strong>V\u00e9rifier les all\u00e9gations &#8220;sans alcool&#8221; :<\/strong> Identifie et quantifie avec pr\u00e9cision la teneur en \u00e9thanol de tes produits pour fournir une validation scientifique.<\/li>\n<li><strong>Renforcer la confiance des consommateurs :<\/strong> Rassure les consommateurs sur la formulation douce de ton produit et renforce l&#8217;engagement de ta marque envers des profils d&#8217;ingr\u00e9dients sp\u00e9cifiques.<\/li>\n<li><strong>R\u00e9pondre aux diverses demandes du march\u00e9 :<\/strong> R\u00e9pond \u00e0 un segment important de consommateurs qui recherchent activement des alternatives sans alcool, y compris ceux qui ont la peau sensible, les parents qui recherchent des produits adapt\u00e9s aux enfants et les consommateurs qui adh\u00e8rent aux principes Halal.<\/li>\n<\/ul>\n<h2>D\u00e9tection de l&#8217;\u00e9thanol<\/h2>\n<p>Notre laboratoire identifie et quantifie avec pr\u00e9cision la teneur en \u00e9thanol (alcool) de tes produits. Cela te permet de v\u00e9rifier scientifiquement tes all\u00e9gations &#8220;sans alcool&#8221;, en assurant les consommateurs de la formulation douce de ton produit et en renfor\u00e7ant l&#8217;engagement de ta marque \u00e0 respecter des profils d&#8217;ingr\u00e9dients sp\u00e9cifiques. N&#8217;h\u00e9site pas \u00e0 nous contacter pour assurer la qualit\u00e9 et la s\u00e9curit\u00e9 de tes produits.  <\/p>\n<p>N&#8217;h\u00e9site pas \u00e0 nous contacter pour que tes produits r\u00e9pondent aux demandes du march\u00e9 et d\u00e9passent les attentes en mati\u00e8re de qualit\u00e9.<\/p>\n","protected":false},"excerpt":{"rendered":"<p>Qu&#8217;est-ce que l&#8217;\u00e9thanol ? L&#8217;\u00e9thanol, commun\u00e9ment appel\u00e9 alcool, est un solvant largement utilis\u00e9 dans les cosm\u00e9tiques et les produits de soins personnels. Bien qu&#8217;il puisse am\u00e9liorer la texture et la diffusion du produit, de nombreux consommateurs recherchent des formulations &#8220;sans alcool&#8221; en raison de pr\u00e9occupations concernant les effets dess\u00e9chants ou irritants potentiels sur la peau&#8230;<\/p>\n","protected":false},"featured_media":12123,"template":"","meta":[],"product_brand":[],"product_cat":[440],"product_tag":[],"class_list":{"0":"post-12308","1":"product","2":"type-product","3":"status-publish","4":"has-post-thumbnail","6":"product_cat-verification-des-allegations-et-test-des-ingredients","8":"first","9":"instock","10":"virtual","11":"taxable","12":"purchasable","13":"product-type-simple"},"bundled_by":[],"bundle_stock_status":"instock","bundle_stock_quantity":null,"bundle_virtual":false,"bundle_layout":"","bundle_add_to_cart_form_location":"","bundle_editable_in_cart":false,"bundle_sold_individually_context":"","bundle_item_grouping":"","bundle_min_size":"","bundle_max_size":"","bundle_price":[],"bundled_items":[],"bundle_sell_ids":[],"yoast_head":"<!-- This site is optimized with the Yoast SEO Premium plugin v25.4 (Yoast SEO v25.4) - https:\/\/yoast.com\/wordpress\/plugins\/seo\/ -->\n<title>D\u00e9tection de l&#039;\u00e9thanol - V\u00e9rification des r\u00e9clamations sans alcool<\/title>\n<meta name=\"description\" content=\"D\u00e9montre ton all\u00e9gation d&#039;absence d&#039;alcool gr\u00e2ce \u00e0 des tests de laboratoire certifi\u00e9s pour les produits de consommation.\" \/>\n<meta name=\"robots\" content=\"index, follow, max-snippet:-1, max-image-preview:large, max-video-preview:-1\" \/>\n<link rel=\"canonical\" href=\"https:\/\/www.certifiedcosmetics.com\/fr\/product\/verification-des-allegations-et-test-des-ingredients\/detection-de-lethanol-verification-des-reclamations-sans-alcool\/\" \/>\n<meta property=\"og:locale\" content=\"fr_FR\" \/>\n<meta property=\"og:type\" content=\"article\" \/>\n<meta property=\"og:title\" content=\"D\u00e9tection de l&#039;\u00e9thanol - V\u00e9rification des r\u00e9clamations sans alcool\" \/>\n<meta property=\"og:description\" content=\"D\u00e9montre ton all\u00e9gation d&#039;absence d&#039;alcool gr\u00e2ce \u00e0 des tests de laboratoire certifi\u00e9s pour les produits de consommation.\" \/>\n<meta property=\"og:url\" content=\"https:\/\/www.certifiedcosmetics.com\/fr\/product\/verification-des-allegations-et-test-des-ingredients\/detection-de-lethanol-verification-des-reclamations-sans-alcool\/\" \/>\n<meta property=\"og:site_name\" content=\"Certified Cosmetics\" \/>\n<meta property=\"og:image\" content=\"https:\/\/www.certifiedcosmetics.com\/wp-content\/uploads\/2025\/07\/Ethanol-Detection-Alcohol-Free-Claim-Verification.jpg\" \/>\n\t<meta property=\"og:image:width\" content=\"800\" \/>\n\t<meta property=\"og:image:height\" content=\"800\" \/>\n\t<meta property=\"og:image:type\" content=\"image\/jpeg\" \/>\n<meta name=\"twitter:card\" content=\"summary_large_image\" \/>\n<meta name=\"twitter:label1\" content=\"Prix\" \/>\n\t<meta name=\"twitter:data1\" content=\"&#036;176.54\" \/>\n\t<meta name=\"twitter:label2\" content=\"Disponibilit\u00e9\" \/>\n\t<meta name=\"twitter:data2\" content=\"En stock\" \/>\n<script type=\"application\/ld+json\" class=\"yoast-schema-graph\">{\"@context\":\"https:\/\/schema.org\",\"@graph\":[{\"@type\":\"WebPage\",\"@id\":\"https:\/\/www.certifiedcosmetics.com\/fr\/product\/verification-des-allegations-et-test-des-ingredients\/detection-de-lethanol-verification-des-reclamations-sans-alcool\/\",\"url\":\"https:\/\/www.certifiedcosmetics.com\/fr\/product\/verification-des-allegations-et-test-des-ingredients\/detection-de-lethanol-verification-des-reclamations-sans-alcool\/\",\"name\":\"D\u00e9tection de l'\u00e9thanol - V\u00e9rification des r\u00e9clamations sans alcool\",\"isPartOf\":{\"@id\":\"https:\/\/www.certifiedcosmetics.com\/fr\/#website\"},\"primaryImageOfPage\":{\"@id\":\"https:\/\/www.certifiedcosmetics.com\/fr\/product\/verification-des-allegations-et-test-des-ingredients\/detection-de-lethanol-verification-des-reclamations-sans-alcool\/#primaryimage\"},\"image\":{\"@id\":\"https:\/\/www.certifiedcosmetics.com\/fr\/product\/verification-des-allegations-et-test-des-ingredients\/detection-de-lethanol-verification-des-reclamations-sans-alcool\/#primaryimage\"},\"thumbnailUrl\":\"https:\/\/www.certifiedcosmetics.com\/wp-content\/uploads\/2025\/07\/Ethanol-Detection-Alcohol-Free-Claim-Verification.jpg\",\"datePublished\":\"2025-07-04T15:07:53+00:00\",\"description\":\"D\u00e9montre ton all\u00e9gation d'absence d'alcool gr\u00e2ce \u00e0 des tests de laboratoire certifi\u00e9s pour les produits de consommation.\",\"breadcrumb\":{\"@id\":\"https:\/\/www.certifiedcosmetics.com\/fr\/product\/verification-des-allegations-et-test-des-ingredients\/detection-de-lethanol-verification-des-reclamations-sans-alcool\/#breadcrumb\"},\"inLanguage\":\"fr-FR\",\"potentialAction\":[{\"@type\":\"ReadAction\",\"target\":[\"https:\/\/www.certifiedcosmetics.com\/fr\/product\/verification-des-allegations-et-test-des-ingredients\/detection-de-lethanol-verification-des-reclamations-sans-alcool\/\"]}]},{\"@type\":\"ImageObject\",\"inLanguage\":\"fr-FR\",\"@id\":\"https:\/\/www.certifiedcosmetics.com\/fr\/product\/verification-des-allegations-et-test-des-ingredients\/detection-de-lethanol-verification-des-reclamations-sans-alcool\/#primaryimage\",\"url\":\"https:\/\/www.certifiedcosmetics.com\/wp-content\/uploads\/2025\/07\/Ethanol-Detection-Alcohol-Free-Claim-Verification.jpg\",\"contentUrl\":\"https:\/\/www.certifiedcosmetics.com\/wp-content\/uploads\/2025\/07\/Ethanol-Detection-Alcohol-Free-Claim-Verification.jpg\",\"width\":800,\"height\":800},{\"@type\":\"BreadcrumbList\",\"@id\":\"https:\/\/www.certifiedcosmetics.com\/fr\/product\/verification-des-allegations-et-test-des-ingredients\/detection-de-lethanol-verification-des-reclamations-sans-alcool\/#breadcrumb\",\"itemListElement\":[{\"@type\":\"ListItem\",\"position\":1,\"name\":\"Home\",\"item\":\"https:\/\/www.certifiedcosmetics.com\/fr\/\"},{\"@type\":\"ListItem\",\"position\":2,\"name\":\"Boutique\",\"item\":\"https:\/\/www.certifiedcosmetics.com\/fr\/boutique\/\"},{\"@type\":\"ListItem\",\"position\":3,\"name\":\"D\u00e9tection de l&#8217;\u00e9thanol &#8211; V\u00e9rification des r\u00e9clamations sans alcool\"}]},{\"@type\":\"WebSite\",\"@id\":\"https:\/\/www.certifiedcosmetics.com\/fr\/#website\",\"url\":\"https:\/\/www.certifiedcosmetics.com\/fr\/\",\"name\":\"Certified Cosmetics\",\"description\":\"Cosmetic Safety Assessment\",\"publisher\":{\"@id\":\"https:\/\/www.certifiedcosmetics.com\/fr\/#organization\"},\"potentialAction\":[{\"@type\":\"SearchAction\",\"target\":{\"@type\":\"EntryPoint\",\"urlTemplate\":\"https:\/\/www.certifiedcosmetics.com\/fr\/?s={search_term_string}\"},\"query-input\":{\"@type\":\"PropertyValueSpecification\",\"valueRequired\":true,\"valueName\":\"search_term_string\"}}],\"inLanguage\":\"fr-FR\"},{\"@type\":\"Organization\",\"@id\":\"https:\/\/www.certifiedcosmetics.com\/fr\/#organization\",\"name\":\"Certified Cosmetics\",\"url\":\"https:\/\/www.certifiedcosmetics.com\/fr\/\",\"logo\":{\"@type\":\"ImageObject\",\"inLanguage\":\"fr-FR\",\"@id\":\"https:\/\/www.certifiedcosmetics.com\/fr\/#\/schema\/logo\/image\/\",\"url\":\"https:\/\/www.certifiedcosmetics.com\/wp-content\/uploads\/2024\/12\/logo_certified_cosmetics696.jpg\",\"contentUrl\":\"https:\/\/www.certifiedcosmetics.com\/wp-content\/uploads\/2024\/12\/logo_certified_cosmetics696.jpg\",\"width\":696,\"height\":696,\"caption\":\"Certified Cosmetics\"},\"image\":{\"@id\":\"https:\/\/www.certifiedcosmetics.com\/fr\/#\/schema\/logo\/image\/\"},\"description\":\"Your trusted partner for cosmetic product safety reporting. We take care of updating all of your documentation, ensuring your compliance stays current even as regulations evolve. The Cosmetic Product Safety Assessment will give you everything you need to sell specific products to EU consumers.\",\"email\":\"contact@certifiedcosmetics.com\",\"telephone\":\"+31 36 2036384\",\"legalName\":\"Certified Cosmetics\",\"foundingDate\":\"2010-01-01\",\"vatID\":\"NL854189543B01\",\"numberOfEmployees\":{\"@type\":\"QuantitativeValue\",\"minValue\":\"11\",\"maxValue\":\"50\"}}]}<\/script>\n<meta property=\"product:price:amount\" content=\"176.54\" \/>\n<meta property=\"product:price:currency\" content=\"USD\" \/>\n<meta property=\"og:availability\" content=\"instock\" \/>\n<meta property=\"product:availability\" content=\"instock\" \/>\n<meta property=\"product:retailer_item_id\" content=\"CC100060\" \/>\n<meta property=\"product:condition\" content=\"new\" \/>\n<!-- \/ Yoast SEO Premium plugin. -->","yoast_head_json":{"title":"D\u00e9tection de l'\u00e9thanol - V\u00e9rification des r\u00e9clamations sans alcool","description":"D\u00e9montre ton all\u00e9gation d'absence d'alcool gr\u00e2ce \u00e0 des tests de laboratoire certifi\u00e9s pour les produits de consommation.","robots":{"index":"index","follow":"follow","max-snippet":"max-snippet:-1","max-image-preview":"max-image-preview:large","max-video-preview":"max-video-preview:-1"},"canonical":"https:\/\/www.certifiedcosmetics.com\/fr\/product\/verification-des-allegations-et-test-des-ingredients\/detection-de-lethanol-verification-des-reclamations-sans-alcool\/","og_locale":"fr_FR","og_type":"article","og_title":"D\u00e9tection de l'\u00e9thanol - V\u00e9rification des r\u00e9clamations sans alcool","og_description":"D\u00e9montre ton all\u00e9gation d'absence d'alcool gr\u00e2ce \u00e0 des tests de laboratoire certifi\u00e9s pour les produits de consommation.","og_url":"https:\/\/www.certifiedcosmetics.com\/fr\/product\/verification-des-allegations-et-test-des-ingredients\/detection-de-lethanol-verification-des-reclamations-sans-alcool\/","og_site_name":"Certified Cosmetics","og_image":[{"width":800,"height":800,"url":"https:\/\/www.certifiedcosmetics.com\/wp-content\/uploads\/2025\/07\/Ethanol-Detection-Alcohol-Free-Claim-Verification.jpg","type":"image\/jpeg"}],"twitter_card":"summary_large_image","twitter_misc":{"Prix":"&#36;176.54","Disponibilit\u00e9":"En stock"},"schema":{"@context":"https:\/\/schema.org","@graph":[{"@type":"WebPage","@id":"https:\/\/www.certifiedcosmetics.com\/fr\/product\/verification-des-allegations-et-test-des-ingredients\/detection-de-lethanol-verification-des-reclamations-sans-alcool\/","url":"https:\/\/www.certifiedcosmetics.com\/fr\/product\/verification-des-allegations-et-test-des-ingredients\/detection-de-lethanol-verification-des-reclamations-sans-alcool\/","name":"D\u00e9tection de l'\u00e9thanol - V\u00e9rification des r\u00e9clamations sans alcool","isPartOf":{"@id":"https:\/\/www.certifiedcosmetics.com\/fr\/#website"},"primaryImageOfPage":{"@id":"https:\/\/www.certifiedcosmetics.com\/fr\/product\/verification-des-allegations-et-test-des-ingredients\/detection-de-lethanol-verification-des-reclamations-sans-alcool\/#primaryimage"},"image":{"@id":"https:\/\/www.certifiedcosmetics.com\/fr\/product\/verification-des-allegations-et-test-des-ingredients\/detection-de-lethanol-verification-des-reclamations-sans-alcool\/#primaryimage"},"thumbnailUrl":"https:\/\/www.certifiedcosmetics.com\/wp-content\/uploads\/2025\/07\/Ethanol-Detection-Alcohol-Free-Claim-Verification.jpg","datePublished":"2025-07-04T15:07:53+00:00","description":"D\u00e9montre ton all\u00e9gation d'absence d'alcool gr\u00e2ce \u00e0 des tests de laboratoire certifi\u00e9s pour les produits de consommation.","breadcrumb":{"@id":"https:\/\/www.certifiedcosmetics.com\/fr\/product\/verification-des-allegations-et-test-des-ingredients\/detection-de-lethanol-verification-des-reclamations-sans-alcool\/#breadcrumb"},"inLanguage":"fr-FR","potentialAction":[{"@type":"ReadAction","target":["https:\/\/www.certifiedcosmetics.com\/fr\/product\/verification-des-allegations-et-test-des-ingredients\/detection-de-lethanol-verification-des-reclamations-sans-alcool\/"]}]},{"@type":"ImageObject","inLanguage":"fr-FR","@id":"https:\/\/www.certifiedcosmetics.com\/fr\/product\/verification-des-allegations-et-test-des-ingredients\/detection-de-lethanol-verification-des-reclamations-sans-alcool\/#primaryimage","url":"https:\/\/www.certifiedcosmetics.com\/wp-content\/uploads\/2025\/07\/Ethanol-Detection-Alcohol-Free-Claim-Verification.jpg","contentUrl":"https:\/\/www.certifiedcosmetics.com\/wp-content\/uploads\/2025\/07\/Ethanol-Detection-Alcohol-Free-Claim-Verification.jpg","width":800,"height":800},{"@type":"BreadcrumbList","@id":"https:\/\/www.certifiedcosmetics.com\/fr\/product\/verification-des-allegations-et-test-des-ingredients\/detection-de-lethanol-verification-des-reclamations-sans-alcool\/#breadcrumb","itemListElement":[{"@type":"ListItem","position":1,"name":"Home","item":"https:\/\/www.certifiedcosmetics.com\/fr\/"},{"@type":"ListItem","position":2,"name":"Boutique","item":"https:\/\/www.certifiedcosmetics.com\/fr\/boutique\/"},{"@type":"ListItem","position":3,"name":"D\u00e9tection de l&#8217;\u00e9thanol &#8211; V\u00e9rification des r\u00e9clamations sans alcool"}]},{"@type":"WebSite","@id":"https:\/\/www.certifiedcosmetics.com\/fr\/#website","url":"https:\/\/www.certifiedcosmetics.com\/fr\/","name":"Certified Cosmetics","description":"Cosmetic Safety Assessment","publisher":{"@id":"https:\/\/www.certifiedcosmetics.com\/fr\/#organization"},"potentialAction":[{"@type":"SearchAction","target":{"@type":"EntryPoint","urlTemplate":"https:\/\/www.certifiedcosmetics.com\/fr\/?s={search_term_string}"},"query-input":{"@type":"PropertyValueSpecification","valueRequired":true,"valueName":"search_term_string"}}],"inLanguage":"fr-FR"},{"@type":"Organization","@id":"https:\/\/www.certifiedcosmetics.com\/fr\/#organization","name":"Certified Cosmetics","url":"https:\/\/www.certifiedcosmetics.com\/fr\/","logo":{"@type":"ImageObject","inLanguage":"fr-FR","@id":"https:\/\/www.certifiedcosmetics.com\/fr\/#\/schema\/logo\/image\/","url":"https:\/\/www.certifiedcosmetics.com\/wp-content\/uploads\/2024\/12\/logo_certified_cosmetics696.jpg","contentUrl":"https:\/\/www.certifiedcosmetics.com\/wp-content\/uploads\/2024\/12\/logo_certified_cosmetics696.jpg","width":696,"height":696,"caption":"Certified Cosmetics"},"image":{"@id":"https:\/\/www.certifiedcosmetics.com\/fr\/#\/schema\/logo\/image\/"},"description":"Your trusted partner for cosmetic product safety reporting. We take care of updating all of your documentation, ensuring your compliance stays current even as regulations evolve. The Cosmetic Product Safety Assessment will give you everything you need to sell specific products to EU consumers.","email":"contact@certifiedcosmetics.com","telephone":"+31 36 2036384","legalName":"Certified Cosmetics","foundingDate":"2010-01-01","vatID":"NL854189543B01","numberOfEmployees":{"@type":"QuantitativeValue","minValue":"11","maxValue":"50"}}]},"product_price_amount":"176.54","product_price_currency":"USD","og_availability":"instock","product_availability":"instock","product_retailer_item_id":"CC100060","product_condition":"new"},"_links":{"self":[{"href":"https:\/\/www.certifiedcosmetics.com\/fr\/wp-json\/wp\/v2\/product\/12308","targetHints":{"allow":["GET"]}}],"collection":[{"href":"https:\/\/www.certifiedcosmetics.com\/fr\/wp-json\/wp\/v2\/product"}],"about":[{"href":"https:\/\/www.certifiedcosmetics.com\/fr\/wp-json\/wp\/v2\/types\/product"}],"wp:featuredmedia":[{"embeddable":true,"href":"https:\/\/www.certifiedcosmetics.com\/fr\/wp-json\/wp\/v2\/media\/12123"}],"wp:attachment":[{"href":"https:\/\/www.certifiedcosmetics.com\/fr\/wp-json\/wp\/v2\/media?parent=12308"}],"wp:term":[{"taxonomy":"product_brand","embeddable":true,"href":"https:\/\/www.certifiedcosmetics.com\/fr\/wp-json\/wp\/v2\/product_brand?post=12308"},{"taxonomy":"product_cat","embeddable":true,"href":"https:\/\/www.certifiedcosmetics.com\/fr\/wp-json\/wp\/v2\/product_cat?post=12308"},{"taxonomy":"product_tag","embeddable":true,"href":"https:\/\/www.certifiedcosmetics.com\/fr\/wp-json\/wp\/v2\/product_tag?post=12308"}],"curies":[{"name":"wp","href":"https:\/\/api.w.org\/{rel}","templated":true}]}}