{"id":12303,"date":"2025-07-04T16:07:52","date_gmt":"2025-07-04T15:07:52","guid":{"rendered":"https:\/\/www.certifiedcosmetics.com\/product\/non class\u00e9\/detection-du-14-dioxane-verification-de-la-purete\/"},"modified":"2025-07-04T16:07:52","modified_gmt":"2025-07-04T15:07:52","slug":"detection-du-14-dioxane-verification-de-la-purete","status":"publish","type":"product","link":"https:\/\/www.certifiedcosmetics.com\/fr\/product\/verification-des-allegations-et-test-des-ingredients\/detection-du-14-dioxane-verification-de-la-purete\/","title":{"rendered":"D\u00e9tection du 1,4 dioxane &#8211; V\u00e9rification de la puret\u00e9"},"content":{"rendered":"<h2>Qu&#8217;est-ce que le 1,4-dioxane ?<\/h2>\n<p>Le 1,4-dioxane n&#8217;est pas un ingr\u00e9dient que nous ajoutons intentionnellement aux produits ; c&#8217;est une substance qui peut appara\u00eetre involontairement au cours des processus de fabrication. Tu peux le trouver dans des produits qui cr\u00e9ent de la mousse, comme les shampooings, les savons liquides, les d\u00e9tergents \u00e0 vaisselle, les bains moussants, les gels douche et m\u00eame les dentifrices. Au-del\u00e0 des cosm\u00e9tiques et des articles de soins personnels, de faibles niveaux peuvent parfois appara\u00eetre dans certains produits de nettoyage et m\u00eame dans les emballages alimentaires.  <\/p>\n<h2>Comment se forme le 1,4-dioxane ?<\/h2>\n<p>Cette substance se forme g\u00e9n\u00e9ralement au cours du processus d&#8217;\u00e9thoxylation, o\u00f9 le SLS (Sodium Lauryl Sulfate), qui peut \u00eatre irritant pour la peau, est converti en SLES (Sodium Lauryl Ether Sulfate), une alternative plus douce. Cette conversion est une m\u00e9thode couramment utilis\u00e9e pour rendre les produits plus doux et plus efficaces pour mousser. Cependant, le 1,4-Dioxane peut \u00eatre un sous-produit de ce processus.  <\/p>\n<p>Les produits contenant des ingr\u00e9dients comme le SLES (Sodium Lauryl Ether Sulfate), les compos\u00e9s PEG (Poly\u00e9thyl\u00e8ne Glycol, Poly\u00e9thyl\u00e8ne), le Ceteareth et l&#8217;Oleth sont plus susceptibles de contenir du 1,4-Dioxane. Ces composants sont fr\u00e9quemment utilis\u00e9s dans de nombreux produits de la vie courante comme hydratants, \u00e9mulsifiants ou solvants. <\/p>\n<h2>Impacts sur la sant\u00e9 humaine<\/h2>\n<p>Le 1,4-dioxane est facilement absorb\u00e9 par la peau. Cette absorption peut augmenter, en particulier avec les produits de bain o\u00f9 la peau est r\u00e9chauff\u00e9e et les pores ouverts, comme lors d&#8217;une douche ou d&#8217;un bain chaud. <\/p>\n<p>L&#8217;Agence am\u00e9ricaine de protection de l&#8217;environnement (EPA) et le Centre international de recherche sur le cancer (CIRC) classent le 1,4-Dioxane comme canc\u00e9rog\u00e8ne possible pour l&#8217;homme (groupe 2B). Cette classification indique que l&#8217;exposition \u00e0 cette substance comporte des risques potentiels. Les recherches sugg\u00e8rent que le 1,4-dioxane peut avoir des effets n\u00e9fastes sur le foie, les reins, les poumons et le syst\u00e8me nerveux central. Des probl\u00e8mes de sant\u00e9 plus graves peuvent survenir en cas d&#8217;exposition prolong\u00e9e ou \u00e0 un niveau \u00e9lev\u00e9.   <\/p>\n<h2>D\u00e9tection du 1,4-dioxane<\/h2>\n<p>D\u00e9terminer avec pr\u00e9cision les niveaux de 1,4-Dioxane dans tes produits est crucial \u00e0 la fois pour la s\u00e9curit\u00e9 des consommateurs et pour le respect des r\u00e9glementations. Notre laboratoire est accr\u00e9dit\u00e9 pour l&#8217;analyse du 1,4-Dioxane. Gr\u00e2ce \u00e0 notre \u00e9quipement de pointe et \u00e0 notre \u00e9quipe d&#8217;experts chevronn\u00e9s, nous fournissons des services d&#8217;analyse m\u00e9ticuleux et fiables pour garantir la s\u00e9curit\u00e9 de tes produits.  <\/p>\n<p>N&#8217;h\u00e9site pas \u00e0 nous contacter pour que tes produits r\u00e9pondent aux demandes du march\u00e9 et d\u00e9passent les attentes en mati\u00e8re de qualit\u00e9.<\/p>\n","protected":false},"excerpt":{"rendered":"<p>Qu&#8217;est-ce que le 1,4-dioxane ? Le 1,4-dioxane n&#8217;est pas un ingr\u00e9dient que nous ajoutons intentionnellement aux produits ; c&#8217;est une substance qui peut appara\u00eetre involontairement au cours des processus de fabrication. Tu peux le trouver dans des produits qui cr\u00e9ent de la mousse, comme les shampooings, les savons liquides, les d\u00e9tergents \u00e0 vaisselle, les bains&#8230;<\/p>\n","protected":false},"featured_media":12093,"template":"","meta":[],"product_cat":[440],"product_tag":[],"class_list":{"0":"post-12303","1":"product","2":"type-product","3":"status-publish","4":"has-post-thumbnail","6":"product_cat-verification-des-allegations-et-test-des-ingredients","8":"first","9":"instock","10":"virtual","11":"taxable","12":"purchasable","13":"product-type-simple"},"bundled_by":[],"bundle_stock_status":"instock","bundle_stock_quantity":null,"bundle_virtual":false,"bundle_layout":"","bundle_add_to_cart_form_location":"","bundle_editable_in_cart":false,"bundle_sold_individually_context":"","bundle_item_grouping":"","bundle_min_size":"","bundle_max_size":"","bundle_price":[],"bundled_items":[],"bundle_sell_ids":[],"yoast_head":"<!-- This site is optimized with the Yoast SEO Premium plugin v25.4 (Yoast SEO v25.4) - https:\/\/yoast.com\/wordpress\/plugins\/seo\/ -->\n<title>D\u00e9tection du 1,4 dioxane - V\u00e9rification de la puret\u00e9<\/title>\n<meta name=\"description\" content=\"V\u00e9rifie que tes produits ne contiennent pas de 1,4-dioxane gr\u00e2ce \u00e0 nos services pr\u00e9cis d&#039;analyse et de d\u00e9tection en laboratoire. Assure-toi de la puret\u00e9 et de la conformit\u00e9 pour la s\u00e9curit\u00e9 des consommateurs.\" \/>\n<meta name=\"robots\" content=\"index, follow, max-snippet:-1, max-image-preview:large, max-video-preview:-1\" \/>\n<link rel=\"canonical\" href=\"https:\/\/www.certifiedcosmetics.com\/fr\/product\/verification-des-allegations-et-test-des-ingredients\/detection-du-14-dioxane-verification-de-la-purete\/\" \/>\n<meta property=\"og:locale\" content=\"fr_FR\" \/>\n<meta property=\"og:type\" content=\"article\" \/>\n<meta property=\"og:title\" content=\"D\u00e9tection du 1,4 dioxane - V\u00e9rification de la puret\u00e9\" \/>\n<meta property=\"og:description\" content=\"V\u00e9rifie que tes produits ne contiennent pas de 1,4-dioxane gr\u00e2ce \u00e0 nos services pr\u00e9cis d&#039;analyse et de d\u00e9tection en laboratoire. Assure-toi de la puret\u00e9 et de la conformit\u00e9 pour la s\u00e9curit\u00e9 des consommateurs.\" \/>\n<meta property=\"og:url\" content=\"https:\/\/www.certifiedcosmetics.com\/fr\/product\/verification-des-allegations-et-test-des-ingredients\/detection-du-14-dioxane-verification-de-la-purete\/\" \/>\n<meta property=\"og:site_name\" content=\"Certified Cosmetics\" \/>\n<meta property=\"og:image\" content=\"https:\/\/www.certifiedcosmetics.com\/wp-content\/uploads\/2025\/07\/14-Dioxane-Detection-Purity-Verification.jpg\" \/>\n\t<meta property=\"og:image:width\" content=\"800\" \/>\n\t<meta property=\"og:image:height\" content=\"800\" \/>\n\t<meta property=\"og:image:type\" content=\"image\/jpeg\" \/>\n<meta name=\"twitter:card\" content=\"summary_large_image\" \/>\n<meta name=\"twitter:label1\" content=\"Prix\" \/>\n\t<meta name=\"twitter:data1\" content=\"&#036;230.40\" \/>\n\t<meta name=\"twitter:label2\" content=\"Disponibilit\u00e9\" \/>\n\t<meta name=\"twitter:data2\" content=\"En stock\" \/>\n<script type=\"application\/ld+json\" class=\"yoast-schema-graph\">{\"@context\":\"https:\/\/schema.org\",\"@graph\":[{\"@type\":\"WebPage\",\"@id\":\"https:\/\/www.certifiedcosmetics.com\/fr\/product\/verification-des-allegations-et-test-des-ingredients\/detection-du-14-dioxane-verification-de-la-purete\/\",\"url\":\"https:\/\/www.certifiedcosmetics.com\/fr\/product\/verification-des-allegations-et-test-des-ingredients\/detection-du-14-dioxane-verification-de-la-purete\/\",\"name\":\"D\u00e9tection du 1,4 dioxane - V\u00e9rification de la puret\u00e9\",\"isPartOf\":{\"@id\":\"https:\/\/www.certifiedcosmetics.com\/fr\/#website\"},\"primaryImageOfPage\":{\"@id\":\"https:\/\/www.certifiedcosmetics.com\/fr\/product\/verification-des-allegations-et-test-des-ingredients\/detection-du-14-dioxane-verification-de-la-purete\/#primaryimage\"},\"image\":{\"@id\":\"https:\/\/www.certifiedcosmetics.com\/fr\/product\/verification-des-allegations-et-test-des-ingredients\/detection-du-14-dioxane-verification-de-la-purete\/#primaryimage\"},\"thumbnailUrl\":\"https:\/\/www.certifiedcosmetics.com\/wp-content\/uploads\/2025\/07\/14-Dioxane-Detection-Purity-Verification.jpg\",\"datePublished\":\"2025-07-04T15:07:52+00:00\",\"description\":\"V\u00e9rifie que tes produits ne contiennent pas de 1,4-dioxane gr\u00e2ce \u00e0 nos services pr\u00e9cis d'analyse et de d\u00e9tection en laboratoire. Assure-toi de la puret\u00e9 et de la conformit\u00e9 pour la s\u00e9curit\u00e9 des consommateurs.\",\"breadcrumb\":{\"@id\":\"https:\/\/www.certifiedcosmetics.com\/fr\/product\/verification-des-allegations-et-test-des-ingredients\/detection-du-14-dioxane-verification-de-la-purete\/#breadcrumb\"},\"inLanguage\":\"fr-FR\",\"potentialAction\":[{\"@type\":\"ReadAction\",\"target\":[\"https:\/\/www.certifiedcosmetics.com\/fr\/product\/verification-des-allegations-et-test-des-ingredients\/detection-du-14-dioxane-verification-de-la-purete\/\"]}]},{\"@type\":\"ImageObject\",\"inLanguage\":\"fr-FR\",\"@id\":\"https:\/\/www.certifiedcosmetics.com\/fr\/product\/verification-des-allegations-et-test-des-ingredients\/detection-du-14-dioxane-verification-de-la-purete\/#primaryimage\",\"url\":\"https:\/\/www.certifiedcosmetics.com\/wp-content\/uploads\/2025\/07\/14-Dioxane-Detection-Purity-Verification.jpg\",\"contentUrl\":\"https:\/\/www.certifiedcosmetics.com\/wp-content\/uploads\/2025\/07\/14-Dioxane-Detection-Purity-Verification.jpg\",\"width\":800,\"height\":800},{\"@type\":\"BreadcrumbList\",\"@id\":\"https:\/\/www.certifiedcosmetics.com\/fr\/product\/verification-des-allegations-et-test-des-ingredients\/detection-du-14-dioxane-verification-de-la-purete\/#breadcrumb\",\"itemListElement\":[{\"@type\":\"ListItem\",\"position\":1,\"name\":\"Home\",\"item\":\"https:\/\/www.certifiedcosmetics.com\/fr\/\"},{\"@type\":\"ListItem\",\"position\":2,\"name\":\"Boutique\",\"item\":\"https:\/\/www.certifiedcosmetics.com\/fr\/boutique\/\"},{\"@type\":\"ListItem\",\"position\":3,\"name\":\"D\u00e9tection du 1,4 dioxane &#8211; V\u00e9rification de la puret\u00e9\"}]},{\"@type\":\"WebSite\",\"@id\":\"https:\/\/www.certifiedcosmetics.com\/fr\/#website\",\"url\":\"https:\/\/www.certifiedcosmetics.com\/fr\/\",\"name\":\"Certified Cosmetics\",\"description\":\"Cosmetic Safety Assessment\",\"publisher\":{\"@id\":\"https:\/\/www.certifiedcosmetics.com\/fr\/#organization\"},\"potentialAction\":[{\"@type\":\"SearchAction\",\"target\":{\"@type\":\"EntryPoint\",\"urlTemplate\":\"https:\/\/www.certifiedcosmetics.com\/fr\/?s={search_term_string}\"},\"query-input\":{\"@type\":\"PropertyValueSpecification\",\"valueRequired\":true,\"valueName\":\"search_term_string\"}}],\"inLanguage\":\"fr-FR\"},{\"@type\":\"Organization\",\"@id\":\"https:\/\/www.certifiedcosmetics.com\/fr\/#organization\",\"name\":\"Certified Cosmetics\",\"url\":\"https:\/\/www.certifiedcosmetics.com\/fr\/\",\"logo\":{\"@type\":\"ImageObject\",\"inLanguage\":\"fr-FR\",\"@id\":\"https:\/\/www.certifiedcosmetics.com\/fr\/#\/schema\/logo\/image\/\",\"url\":\"https:\/\/www.certifiedcosmetics.com\/wp-content\/uploads\/2024\/12\/logo_certified_cosmetics696.jpg\",\"contentUrl\":\"https:\/\/www.certifiedcosmetics.com\/wp-content\/uploads\/2024\/12\/logo_certified_cosmetics696.jpg\",\"width\":696,\"height\":696,\"caption\":\"Certified Cosmetics\"},\"image\":{\"@id\":\"https:\/\/www.certifiedcosmetics.com\/fr\/#\/schema\/logo\/image\/\"},\"description\":\"Your trusted partner for cosmetic product safety reporting. We take care of updating all of your documentation, ensuring your compliance stays current even as regulations evolve. The Cosmetic Product Safety Assessment will give you everything you need to sell specific products to EU consumers.\",\"email\":\"contact@certifiedcosmetics.com\",\"telephone\":\"+31 36 2036384\",\"legalName\":\"Certified Cosmetics\",\"foundingDate\":\"2010-01-01\",\"vatID\":\"NL854189543B01\",\"numberOfEmployees\":{\"@type\":\"QuantitativeValue\",\"minValue\":\"11\",\"maxValue\":\"50\"}}]}<\/script>\n<meta property=\"product:price:amount\" content=\"230.40\" \/>\n<meta property=\"product:price:currency\" content=\"USD\" \/>\n<meta property=\"og:availability\" content=\"instock\" \/>\n<meta property=\"product:availability\" content=\"instock\" \/>\n<meta property=\"product:retailer_item_id\" content=\"CC100007\" \/>\n<meta property=\"product:condition\" content=\"new\" \/>\n<!-- \/ Yoast SEO Premium plugin. -->","yoast_head_json":{"title":"D\u00e9tection du 1,4 dioxane - V\u00e9rification de la puret\u00e9","description":"V\u00e9rifie que tes produits ne contiennent pas de 1,4-dioxane gr\u00e2ce \u00e0 nos services pr\u00e9cis d'analyse et de d\u00e9tection en laboratoire. Assure-toi de la puret\u00e9 et de la conformit\u00e9 pour la s\u00e9curit\u00e9 des consommateurs.","robots":{"index":"index","follow":"follow","max-snippet":"max-snippet:-1","max-image-preview":"max-image-preview:large","max-video-preview":"max-video-preview:-1"},"canonical":"https:\/\/www.certifiedcosmetics.com\/fr\/product\/verification-des-allegations-et-test-des-ingredients\/detection-du-14-dioxane-verification-de-la-purete\/","og_locale":"fr_FR","og_type":"article","og_title":"D\u00e9tection du 1,4 dioxane - V\u00e9rification de la puret\u00e9","og_description":"V\u00e9rifie que tes produits ne contiennent pas de 1,4-dioxane gr\u00e2ce \u00e0 nos services pr\u00e9cis d'analyse et de d\u00e9tection en laboratoire. Assure-toi de la puret\u00e9 et de la conformit\u00e9 pour la s\u00e9curit\u00e9 des consommateurs.","og_url":"https:\/\/www.certifiedcosmetics.com\/fr\/product\/verification-des-allegations-et-test-des-ingredients\/detection-du-14-dioxane-verification-de-la-purete\/","og_site_name":"Certified Cosmetics","og_image":[{"width":800,"height":800,"url":"https:\/\/www.certifiedcosmetics.com\/wp-content\/uploads\/2025\/07\/14-Dioxane-Detection-Purity-Verification.jpg","type":"image\/jpeg"}],"twitter_card":"summary_large_image","twitter_misc":{"Prix":"&#36;230.40","Disponibilit\u00e9":"En stock"},"schema":{"@context":"https:\/\/schema.org","@graph":[{"@type":"WebPage","@id":"https:\/\/www.certifiedcosmetics.com\/fr\/product\/verification-des-allegations-et-test-des-ingredients\/detection-du-14-dioxane-verification-de-la-purete\/","url":"https:\/\/www.certifiedcosmetics.com\/fr\/product\/verification-des-allegations-et-test-des-ingredients\/detection-du-14-dioxane-verification-de-la-purete\/","name":"D\u00e9tection du 1,4 dioxane - V\u00e9rification de la puret\u00e9","isPartOf":{"@id":"https:\/\/www.certifiedcosmetics.com\/fr\/#website"},"primaryImageOfPage":{"@id":"https:\/\/www.certifiedcosmetics.com\/fr\/product\/verification-des-allegations-et-test-des-ingredients\/detection-du-14-dioxane-verification-de-la-purete\/#primaryimage"},"image":{"@id":"https:\/\/www.certifiedcosmetics.com\/fr\/product\/verification-des-allegations-et-test-des-ingredients\/detection-du-14-dioxane-verification-de-la-purete\/#primaryimage"},"thumbnailUrl":"https:\/\/www.certifiedcosmetics.com\/wp-content\/uploads\/2025\/07\/14-Dioxane-Detection-Purity-Verification.jpg","datePublished":"2025-07-04T15:07:52+00:00","description":"V\u00e9rifie que tes produits ne contiennent pas de 1,4-dioxane gr\u00e2ce \u00e0 nos services pr\u00e9cis d'analyse et de d\u00e9tection en laboratoire. Assure-toi de la puret\u00e9 et de la conformit\u00e9 pour la s\u00e9curit\u00e9 des consommateurs.","breadcrumb":{"@id":"https:\/\/www.certifiedcosmetics.com\/fr\/product\/verification-des-allegations-et-test-des-ingredients\/detection-du-14-dioxane-verification-de-la-purete\/#breadcrumb"},"inLanguage":"fr-FR","potentialAction":[{"@type":"ReadAction","target":["https:\/\/www.certifiedcosmetics.com\/fr\/product\/verification-des-allegations-et-test-des-ingredients\/detection-du-14-dioxane-verification-de-la-purete\/"]}]},{"@type":"ImageObject","inLanguage":"fr-FR","@id":"https:\/\/www.certifiedcosmetics.com\/fr\/product\/verification-des-allegations-et-test-des-ingredients\/detection-du-14-dioxane-verification-de-la-purete\/#primaryimage","url":"https:\/\/www.certifiedcosmetics.com\/wp-content\/uploads\/2025\/07\/14-Dioxane-Detection-Purity-Verification.jpg","contentUrl":"https:\/\/www.certifiedcosmetics.com\/wp-content\/uploads\/2025\/07\/14-Dioxane-Detection-Purity-Verification.jpg","width":800,"height":800},{"@type":"BreadcrumbList","@id":"https:\/\/www.certifiedcosmetics.com\/fr\/product\/verification-des-allegations-et-test-des-ingredients\/detection-du-14-dioxane-verification-de-la-purete\/#breadcrumb","itemListElement":[{"@type":"ListItem","position":1,"name":"Home","item":"https:\/\/www.certifiedcosmetics.com\/fr\/"},{"@type":"ListItem","position":2,"name":"Boutique","item":"https:\/\/www.certifiedcosmetics.com\/fr\/boutique\/"},{"@type":"ListItem","position":3,"name":"D\u00e9tection du 1,4 dioxane &#8211; V\u00e9rification de la puret\u00e9"}]},{"@type":"WebSite","@id":"https:\/\/www.certifiedcosmetics.com\/fr\/#website","url":"https:\/\/www.certifiedcosmetics.com\/fr\/","name":"Certified Cosmetics","description":"Cosmetic Safety Assessment","publisher":{"@id":"https:\/\/www.certifiedcosmetics.com\/fr\/#organization"},"potentialAction":[{"@type":"SearchAction","target":{"@type":"EntryPoint","urlTemplate":"https:\/\/www.certifiedcosmetics.com\/fr\/?s={search_term_string}"},"query-input":{"@type":"PropertyValueSpecification","valueRequired":true,"valueName":"search_term_string"}}],"inLanguage":"fr-FR"},{"@type":"Organization","@id":"https:\/\/www.certifiedcosmetics.com\/fr\/#organization","name":"Certified Cosmetics","url":"https:\/\/www.certifiedcosmetics.com\/fr\/","logo":{"@type":"ImageObject","inLanguage":"fr-FR","@id":"https:\/\/www.certifiedcosmetics.com\/fr\/#\/schema\/logo\/image\/","url":"https:\/\/www.certifiedcosmetics.com\/wp-content\/uploads\/2024\/12\/logo_certified_cosmetics696.jpg","contentUrl":"https:\/\/www.certifiedcosmetics.com\/wp-content\/uploads\/2024\/12\/logo_certified_cosmetics696.jpg","width":696,"height":696,"caption":"Certified Cosmetics"},"image":{"@id":"https:\/\/www.certifiedcosmetics.com\/fr\/#\/schema\/logo\/image\/"},"description":"Your trusted partner for cosmetic product safety reporting. We take care of updating all of your documentation, ensuring your compliance stays current even as regulations evolve. The Cosmetic Product Safety Assessment will give you everything you need to sell specific products to EU consumers.","email":"contact@certifiedcosmetics.com","telephone":"+31 36 2036384","legalName":"Certified Cosmetics","foundingDate":"2010-01-01","vatID":"NL854189543B01","numberOfEmployees":{"@type":"QuantitativeValue","minValue":"11","maxValue":"50"}}]},"product_price_amount":"230.40","product_price_currency":"USD","og_availability":"instock","product_availability":"instock","product_retailer_item_id":"CC100007","product_condition":"new"},"_links":{"self":[{"href":"https:\/\/www.certifiedcosmetics.com\/fr\/wp-json\/wp\/v2\/product\/12303","targetHints":{"allow":["GET"]}}],"collection":[{"href":"https:\/\/www.certifiedcosmetics.com\/fr\/wp-json\/wp\/v2\/product"}],"about":[{"href":"https:\/\/www.certifiedcosmetics.com\/fr\/wp-json\/wp\/v2\/types\/product"}],"wp:featuredmedia":[{"embeddable":true,"href":"https:\/\/www.certifiedcosmetics.com\/fr\/wp-json\/wp\/v2\/media\/12093"}],"wp:attachment":[{"href":"https:\/\/www.certifiedcosmetics.com\/fr\/wp-json\/wp\/v2\/media?parent=12303"}],"wp:term":[{"taxonomy":"product_cat","embeddable":true,"href":"https:\/\/www.certifiedcosmetics.com\/fr\/wp-json\/wp\/v2\/product_cat?post=12303"},{"taxonomy":"product_tag","embeddable":true,"href":"https:\/\/www.certifiedcosmetics.com\/fr\/wp-json\/wp\/v2\/product_tag?post=12303"}],"curies":[{"name":"wp","href":"https:\/\/api.w.org\/{rel}","templated":true}]}}