{"id":12295,"date":"2025-07-04T16:08:05","date_gmt":"2025-07-04T15:08:05","guid":{"rendered":"https:\/\/www.certifiedcosmetics.com\/product\/non%20class\u00e9\/detection-des-colorants-synthetiques-verification-des-reclamations-sans-colorants-synthetiques\/"},"modified":"2025-12-12T11:09:23","modified_gmt":"2025-12-12T10:09:23","slug":"detection-des-colorants-synthetiques-verification-des-reclamations-sans-colorants-synthetiques","status":"publish","type":"product","link":"https:\/\/www.certifiedcosmetics.com\/fr\/product\/verification-des-allegations-et-test-des-ingredients\/detection-des-colorants-synthetiques-verification-des-reclamations-sans-colorants-synthetiques\/","title":{"rendered":"D\u00e9tection des colorants synth\u00e9tiques &#8211; V\u00e9rification des r\u00e9clamations sans colorants synth\u00e9tiques"},"content":{"rendered":"<h2>Que sont les colorants synth\u00e9tiques ?<\/h2>\n<p>Les colorants synth\u00e9tiques, \u00e9galement connus sous le nom de colorants ou de pigments artificiels, sont des compos\u00e9s chimiques utilis\u00e9s pour donner des couleurs sp\u00e9cifiques aux produits. Bien qu&#8217;ils soient largement utilis\u00e9s, ils peuvent poser probl\u00e8me aux consommateurs qui recherchent des formules plus &#8220;propres&#8221; ou plus &#8220;naturelles&#8221;, ou \u00e0 ceux qui sont sensibles aux ingr\u00e9dients artificiels. <\/p>\n<h2>Pourquoi la d\u00e9tection des colorants synth\u00e9tiques est-elle importante ?<\/h2>\n<p>Pour les marques qui font la promotion d&#8217;une beaut\u00e9 &#8220;naturelle&#8221; ou &#8220;propre&#8221;, \u00e9viter les colorants synth\u00e9tiques est souvent un principe de base. Ce service t&#8217;aide : <\/p>\n<ul>\n<li><strong>V\u00e9rifier les all\u00e9gations &#8220;sans colorants synth\u00e9tiques&#8221; :<\/strong> Employer des techniques analytiques avanc\u00e9es pour confirmer l&#8217;absence de colorants et de pigments artificiels dans tes formulations.<\/li>\n<li><strong>S&#8217;aligner sur la philosophie de la marque :<\/strong> Renforce ton engagement en faveur de l&#8217;esth\u00e9tique naturelle et de la transparence des ingr\u00e9dients.<\/li>\n<li><strong>R\u00e9pondre aux besoins des consommateurs conscients :<\/strong> Fais appel \u00e0 un segment croissant de consommateurs qui privil\u00e9gient les produits exempts d&#8217;additifs artificiels.<\/li>\n<\/ul>\n<h2>D\u00e9tection des colorants synth\u00e9tiques<\/h2>\n<p>Notre laboratoire emploie des techniques analytiques avanc\u00e9es pour confirmer l&#8217;absence de colorants et de pigments artificiels dans tes formulations. Cette v\u00e9rification permet aux marques d&#8217;affirmer en toute confiance qu&#8217;elles ne contiennent pas de colorants synth\u00e9tiques, ce qui attire les consommateurs \u00e0 la recherche d&#8217;une esth\u00e9tique de produit plus naturelle. <\/p>\n<p>N&#8217;h\u00e9site pas \u00e0 nous contacter pour que tes produits r\u00e9pondent aux demandes du march\u00e9 et d\u00e9passent les attentes en mati\u00e8re de qualit\u00e9.<\/p>\n","protected":false},"excerpt":{"rendered":"<p>Que sont les colorants synth\u00e9tiques ? Les colorants synth\u00e9tiques, \u00e9galement connus sous le nom de colorants ou de pigments artificiels, sont des compos\u00e9s chimiques utilis\u00e9s pour donner des couleurs sp\u00e9cifiques aux produits. Bien qu&#8217;ils soient largement utilis\u00e9s, ils peuvent poser probl\u00e8me aux consommateurs qui recherchent des formules plus &#8220;propres&#8221; ou plus &#8220;naturelles&#8221;, ou \u00e0 ceux&#8230;<\/p>\n","protected":false},"featured_media":12225,"template":"","meta":[],"product_brand":[],"product_cat":[440],"product_tag":[],"class_list":{"0":"post-12295","1":"product","2":"type-product","3":"status-publish","4":"has-post-thumbnail","6":"product_cat-verification-des-allegations-et-test-des-ingredients","8":"first","9":"instock","10":"virtual","11":"taxable","12":"purchasable","13":"product-type-simple"},"bundled_by":[],"bundle_stock_status":"instock","bundle_stock_quantity":null,"bundle_virtual":false,"bundle_layout":"","bundle_add_to_cart_form_location":"","bundle_editable_in_cart":false,"bundle_sold_individually_context":"","bundle_item_grouping":"","bundle_min_size":"","bundle_max_size":"","bundle_price":[],"bundled_items":[],"bundle_sell_ids":[],"yoast_head":"<!-- This site is optimized with the Yoast SEO Premium plugin v25.4 (Yoast SEO v25.4) - https:\/\/yoast.com\/wordpress\/plugins\/seo\/ -->\n<title>D\u00e9tection des colorants synth\u00e9tiques - V\u00e9rification des r\u00e9clamations sans colorants synth\u00e9tiques<\/title>\n<meta name=\"description\" content=\"V\u00e9rifie ta formulation sans colorant \u00e0 l&#039;aide de tests et d&#039;analyses en laboratoire effectu\u00e9s par des experts.\" \/>\n<meta name=\"robots\" content=\"index, follow, max-snippet:-1, max-image-preview:large, max-video-preview:-1\" \/>\n<link rel=\"canonical\" href=\"https:\/\/www.certifiedcosmetics.com\/fr\/product\/verification-des-allegations-et-test-des-ingredients\/detection-des-colorants-synthetiques-verification-des-reclamations-sans-colorants-synthetiques\/\" \/>\n<meta property=\"og:locale\" content=\"fr_FR\" \/>\n<meta property=\"og:type\" content=\"article\" \/>\n<meta property=\"og:title\" content=\"D\u00e9tection des colorants synth\u00e9tiques - V\u00e9rification des r\u00e9clamations sans colorants synth\u00e9tiques\" \/>\n<meta property=\"og:description\" content=\"V\u00e9rifie ta formulation sans colorant \u00e0 l&#039;aide de tests et d&#039;analyses en laboratoire effectu\u00e9s par des experts.\" \/>\n<meta property=\"og:url\" content=\"https:\/\/www.certifiedcosmetics.com\/fr\/product\/verification-des-allegations-et-test-des-ingredients\/detection-des-colorants-synthetiques-verification-des-reclamations-sans-colorants-synthetiques\/\" \/>\n<meta property=\"og:site_name\" content=\"Certified Cosmetics\" \/>\n<meta property=\"article:modified_time\" content=\"2025-12-12T10:09:23+00:00\" \/>\n<meta property=\"og:image\" content=\"https:\/\/www.certifiedcosmetics.com\/wp-content\/uploads\/2025\/07\/Synthetic-Colorant-Detection-Synthetic-Colorant-Free-Claim-Verification.jpg\" \/>\n\t<meta property=\"og:image:width\" content=\"800\" \/>\n\t<meta property=\"og:image:height\" content=\"800\" \/>\n\t<meta property=\"og:image:type\" content=\"image\/jpeg\" \/>\n<meta name=\"twitter:card\" content=\"summary_large_image\" \/>\n<meta name=\"twitter:label1\" content=\"Prix\" \/>\n\t<meta name=\"twitter:data1\" content=\"&#036;175.41\" \/>\n\t<meta name=\"twitter:label2\" content=\"Disponibilit\u00e9\" \/>\n\t<meta name=\"twitter:data2\" content=\"En stock\" \/>\n<script type=\"application\/ld+json\" class=\"yoast-schema-graph\">{\"@context\":\"https:\/\/schema.org\",\"@graph\":[{\"@type\":\"WebPage\",\"@id\":\"https:\/\/www.certifiedcosmetics.com\/fr\/product\/verification-des-allegations-et-test-des-ingredients\/detection-des-colorants-synthetiques-verification-des-reclamations-sans-colorants-synthetiques\/\",\"url\":\"https:\/\/www.certifiedcosmetics.com\/fr\/product\/verification-des-allegations-et-test-des-ingredients\/detection-des-colorants-synthetiques-verification-des-reclamations-sans-colorants-synthetiques\/\",\"name\":\"D\u00e9tection des colorants synth\u00e9tiques - V\u00e9rification des r\u00e9clamations sans colorants synth\u00e9tiques\",\"isPartOf\":{\"@id\":\"https:\/\/www.certifiedcosmetics.com\/fr\/#website\"},\"primaryImageOfPage\":{\"@id\":\"https:\/\/www.certifiedcosmetics.com\/fr\/product\/verification-des-allegations-et-test-des-ingredients\/detection-des-colorants-synthetiques-verification-des-reclamations-sans-colorants-synthetiques\/#primaryimage\"},\"image\":{\"@id\":\"https:\/\/www.certifiedcosmetics.com\/fr\/product\/verification-des-allegations-et-test-des-ingredients\/detection-des-colorants-synthetiques-verification-des-reclamations-sans-colorants-synthetiques\/#primaryimage\"},\"thumbnailUrl\":\"https:\/\/www.certifiedcosmetics.com\/wp-content\/uploads\/2025\/07\/Synthetic-Colorant-Detection-Synthetic-Colorant-Free-Claim-Verification.jpg\",\"datePublished\":\"2025-07-04T15:08:05+00:00\",\"dateModified\":\"2025-12-12T10:09:23+00:00\",\"description\":\"V\u00e9rifie ta formulation sans colorant \u00e0 l'aide de tests et d'analyses en laboratoire effectu\u00e9s par des experts.\",\"breadcrumb\":{\"@id\":\"https:\/\/www.certifiedcosmetics.com\/fr\/product\/verification-des-allegations-et-test-des-ingredients\/detection-des-colorants-synthetiques-verification-des-reclamations-sans-colorants-synthetiques\/#breadcrumb\"},\"inLanguage\":\"fr-FR\",\"potentialAction\":[{\"@type\":\"ReadAction\",\"target\":[\"https:\/\/www.certifiedcosmetics.com\/fr\/product\/verification-des-allegations-et-test-des-ingredients\/detection-des-colorants-synthetiques-verification-des-reclamations-sans-colorants-synthetiques\/\"]}]},{\"@type\":\"ImageObject\",\"inLanguage\":\"fr-FR\",\"@id\":\"https:\/\/www.certifiedcosmetics.com\/fr\/product\/verification-des-allegations-et-test-des-ingredients\/detection-des-colorants-synthetiques-verification-des-reclamations-sans-colorants-synthetiques\/#primaryimage\",\"url\":\"https:\/\/www.certifiedcosmetics.com\/wp-content\/uploads\/2025\/07\/Synthetic-Colorant-Detection-Synthetic-Colorant-Free-Claim-Verification.jpg\",\"contentUrl\":\"https:\/\/www.certifiedcosmetics.com\/wp-content\/uploads\/2025\/07\/Synthetic-Colorant-Detection-Synthetic-Colorant-Free-Claim-Verification.jpg\",\"width\":800,\"height\":800},{\"@type\":\"BreadcrumbList\",\"@id\":\"https:\/\/www.certifiedcosmetics.com\/fr\/product\/verification-des-allegations-et-test-des-ingredients\/detection-des-colorants-synthetiques-verification-des-reclamations-sans-colorants-synthetiques\/#breadcrumb\",\"itemListElement\":[{\"@type\":\"ListItem\",\"position\":1,\"name\":\"Home\",\"item\":\"https:\/\/www.certifiedcosmetics.com\/fr\/\"},{\"@type\":\"ListItem\",\"position\":2,\"name\":\"Boutique\",\"item\":\"https:\/\/www.certifiedcosmetics.com\/fr\/boutique\/\"},{\"@type\":\"ListItem\",\"position\":3,\"name\":\"D\u00e9tection des colorants synth\u00e9tiques &#8211; V\u00e9rification des r\u00e9clamations sans colorants synth\u00e9tiques\"}]},{\"@type\":\"WebSite\",\"@id\":\"https:\/\/www.certifiedcosmetics.com\/fr\/#website\",\"url\":\"https:\/\/www.certifiedcosmetics.com\/fr\/\",\"name\":\"Certified Cosmetics\",\"description\":\"Cosmetic Safety Assessment\",\"publisher\":{\"@id\":\"https:\/\/www.certifiedcosmetics.com\/fr\/#organization\"},\"potentialAction\":[{\"@type\":\"SearchAction\",\"target\":{\"@type\":\"EntryPoint\",\"urlTemplate\":\"https:\/\/www.certifiedcosmetics.com\/fr\/?s={search_term_string}\"},\"query-input\":{\"@type\":\"PropertyValueSpecification\",\"valueRequired\":true,\"valueName\":\"search_term_string\"}}],\"inLanguage\":\"fr-FR\"},{\"@type\":\"Organization\",\"@id\":\"https:\/\/www.certifiedcosmetics.com\/fr\/#organization\",\"name\":\"Certified Cosmetics\",\"url\":\"https:\/\/www.certifiedcosmetics.com\/fr\/\",\"logo\":{\"@type\":\"ImageObject\",\"inLanguage\":\"fr-FR\",\"@id\":\"https:\/\/www.certifiedcosmetics.com\/fr\/#\/schema\/logo\/image\/\",\"url\":\"https:\/\/www.certifiedcosmetics.com\/wp-content\/uploads\/2024\/12\/logo_certified_cosmetics696.jpg\",\"contentUrl\":\"https:\/\/www.certifiedcosmetics.com\/wp-content\/uploads\/2024\/12\/logo_certified_cosmetics696.jpg\",\"width\":696,\"height\":696,\"caption\":\"Certified Cosmetics\"},\"image\":{\"@id\":\"https:\/\/www.certifiedcosmetics.com\/fr\/#\/schema\/logo\/image\/\"},\"description\":\"Your trusted partner for cosmetic product safety reporting. We take care of updating all of your documentation, ensuring your compliance stays current even as regulations evolve. The Cosmetic Product Safety Assessment will give you everything you need to sell specific products to EU consumers.\",\"email\":\"contact@certifiedcosmetics.com\",\"telephone\":\"+31 36 2036384\",\"legalName\":\"Certified Cosmetics\",\"foundingDate\":\"2010-01-01\",\"vatID\":\"NL854189543B01\",\"numberOfEmployees\":{\"@type\":\"QuantitativeValue\",\"minValue\":\"11\",\"maxValue\":\"50\"}}]}<\/script>\n<meta property=\"product:price:amount\" content=\"175.41\" \/>\n<meta property=\"product:price:currency\" content=\"USD\" \/>\n<meta property=\"og:availability\" content=\"instock\" \/>\n<meta property=\"product:availability\" content=\"instock\" \/>\n<meta property=\"product:condition\" content=\"new\" \/>\n<!-- \/ Yoast SEO Premium plugin. -->","yoast_head_json":{"title":"D\u00e9tection des colorants synth\u00e9tiques - V\u00e9rification des r\u00e9clamations sans colorants synth\u00e9tiques","description":"V\u00e9rifie ta formulation sans colorant \u00e0 l'aide de tests et d'analyses en laboratoire effectu\u00e9s par des experts.","robots":{"index":"index","follow":"follow","max-snippet":"max-snippet:-1","max-image-preview":"max-image-preview:large","max-video-preview":"max-video-preview:-1"},"canonical":"https:\/\/www.certifiedcosmetics.com\/fr\/product\/verification-des-allegations-et-test-des-ingredients\/detection-des-colorants-synthetiques-verification-des-reclamations-sans-colorants-synthetiques\/","og_locale":"fr_FR","og_type":"article","og_title":"D\u00e9tection des colorants synth\u00e9tiques - V\u00e9rification des r\u00e9clamations sans colorants synth\u00e9tiques","og_description":"V\u00e9rifie ta formulation sans colorant \u00e0 l'aide de tests et d'analyses en laboratoire effectu\u00e9s par des experts.","og_url":"https:\/\/www.certifiedcosmetics.com\/fr\/product\/verification-des-allegations-et-test-des-ingredients\/detection-des-colorants-synthetiques-verification-des-reclamations-sans-colorants-synthetiques\/","og_site_name":"Certified Cosmetics","article_modified_time":"2025-12-12T10:09:23+00:00","og_image":[{"width":800,"height":800,"url":"https:\/\/www.certifiedcosmetics.com\/wp-content\/uploads\/2025\/07\/Synthetic-Colorant-Detection-Synthetic-Colorant-Free-Claim-Verification.jpg","type":"image\/jpeg"}],"twitter_card":"summary_large_image","twitter_misc":{"Prix":"&#36;175.41","Disponibilit\u00e9":"En stock"},"schema":{"@context":"https:\/\/schema.org","@graph":[{"@type":"WebPage","@id":"https:\/\/www.certifiedcosmetics.com\/fr\/product\/verification-des-allegations-et-test-des-ingredients\/detection-des-colorants-synthetiques-verification-des-reclamations-sans-colorants-synthetiques\/","url":"https:\/\/www.certifiedcosmetics.com\/fr\/product\/verification-des-allegations-et-test-des-ingredients\/detection-des-colorants-synthetiques-verification-des-reclamations-sans-colorants-synthetiques\/","name":"D\u00e9tection des colorants synth\u00e9tiques - V\u00e9rification des r\u00e9clamations sans colorants synth\u00e9tiques","isPartOf":{"@id":"https:\/\/www.certifiedcosmetics.com\/fr\/#website"},"primaryImageOfPage":{"@id":"https:\/\/www.certifiedcosmetics.com\/fr\/product\/verification-des-allegations-et-test-des-ingredients\/detection-des-colorants-synthetiques-verification-des-reclamations-sans-colorants-synthetiques\/#primaryimage"},"image":{"@id":"https:\/\/www.certifiedcosmetics.com\/fr\/product\/verification-des-allegations-et-test-des-ingredients\/detection-des-colorants-synthetiques-verification-des-reclamations-sans-colorants-synthetiques\/#primaryimage"},"thumbnailUrl":"https:\/\/www.certifiedcosmetics.com\/wp-content\/uploads\/2025\/07\/Synthetic-Colorant-Detection-Synthetic-Colorant-Free-Claim-Verification.jpg","datePublished":"2025-07-04T15:08:05+00:00","dateModified":"2025-12-12T10:09:23+00:00","description":"V\u00e9rifie ta formulation sans colorant \u00e0 l'aide de tests et d'analyses en laboratoire effectu\u00e9s par des experts.","breadcrumb":{"@id":"https:\/\/www.certifiedcosmetics.com\/fr\/product\/verification-des-allegations-et-test-des-ingredients\/detection-des-colorants-synthetiques-verification-des-reclamations-sans-colorants-synthetiques\/#breadcrumb"},"inLanguage":"fr-FR","potentialAction":[{"@type":"ReadAction","target":["https:\/\/www.certifiedcosmetics.com\/fr\/product\/verification-des-allegations-et-test-des-ingredients\/detection-des-colorants-synthetiques-verification-des-reclamations-sans-colorants-synthetiques\/"]}]},{"@type":"ImageObject","inLanguage":"fr-FR","@id":"https:\/\/www.certifiedcosmetics.com\/fr\/product\/verification-des-allegations-et-test-des-ingredients\/detection-des-colorants-synthetiques-verification-des-reclamations-sans-colorants-synthetiques\/#primaryimage","url":"https:\/\/www.certifiedcosmetics.com\/wp-content\/uploads\/2025\/07\/Synthetic-Colorant-Detection-Synthetic-Colorant-Free-Claim-Verification.jpg","contentUrl":"https:\/\/www.certifiedcosmetics.com\/wp-content\/uploads\/2025\/07\/Synthetic-Colorant-Detection-Synthetic-Colorant-Free-Claim-Verification.jpg","width":800,"height":800},{"@type":"BreadcrumbList","@id":"https:\/\/www.certifiedcosmetics.com\/fr\/product\/verification-des-allegations-et-test-des-ingredients\/detection-des-colorants-synthetiques-verification-des-reclamations-sans-colorants-synthetiques\/#breadcrumb","itemListElement":[{"@type":"ListItem","position":1,"name":"Home","item":"https:\/\/www.certifiedcosmetics.com\/fr\/"},{"@type":"ListItem","position":2,"name":"Boutique","item":"https:\/\/www.certifiedcosmetics.com\/fr\/boutique\/"},{"@type":"ListItem","position":3,"name":"D\u00e9tection des colorants synth\u00e9tiques &#8211; V\u00e9rification des r\u00e9clamations sans colorants synth\u00e9tiques"}]},{"@type":"WebSite","@id":"https:\/\/www.certifiedcosmetics.com\/fr\/#website","url":"https:\/\/www.certifiedcosmetics.com\/fr\/","name":"Certified Cosmetics","description":"Cosmetic Safety Assessment","publisher":{"@id":"https:\/\/www.certifiedcosmetics.com\/fr\/#organization"},"potentialAction":[{"@type":"SearchAction","target":{"@type":"EntryPoint","urlTemplate":"https:\/\/www.certifiedcosmetics.com\/fr\/?s={search_term_string}"},"query-input":{"@type":"PropertyValueSpecification","valueRequired":true,"valueName":"search_term_string"}}],"inLanguage":"fr-FR"},{"@type":"Organization","@id":"https:\/\/www.certifiedcosmetics.com\/fr\/#organization","name":"Certified Cosmetics","url":"https:\/\/www.certifiedcosmetics.com\/fr\/","logo":{"@type":"ImageObject","inLanguage":"fr-FR","@id":"https:\/\/www.certifiedcosmetics.com\/fr\/#\/schema\/logo\/image\/","url":"https:\/\/www.certifiedcosmetics.com\/wp-content\/uploads\/2024\/12\/logo_certified_cosmetics696.jpg","contentUrl":"https:\/\/www.certifiedcosmetics.com\/wp-content\/uploads\/2024\/12\/logo_certified_cosmetics696.jpg","width":696,"height":696,"caption":"Certified Cosmetics"},"image":{"@id":"https:\/\/www.certifiedcosmetics.com\/fr\/#\/schema\/logo\/image\/"},"description":"Your trusted partner for cosmetic product safety reporting. We take care of updating all of your documentation, ensuring your compliance stays current even as regulations evolve. The Cosmetic Product Safety Assessment will give you everything you need to sell specific products to EU consumers.","email":"contact@certifiedcosmetics.com","telephone":"+31 36 2036384","legalName":"Certified Cosmetics","foundingDate":"2010-01-01","vatID":"NL854189543B01","numberOfEmployees":{"@type":"QuantitativeValue","minValue":"11","maxValue":"50"}}]},"product_price_amount":"175.41","product_price_currency":"USD","og_availability":"instock","product_availability":"instock","product_condition":"new"},"_links":{"self":[{"href":"https:\/\/www.certifiedcosmetics.com\/fr\/wp-json\/wp\/v2\/product\/12295","targetHints":{"allow":["GET"]}}],"collection":[{"href":"https:\/\/www.certifiedcosmetics.com\/fr\/wp-json\/wp\/v2\/product"}],"about":[{"href":"https:\/\/www.certifiedcosmetics.com\/fr\/wp-json\/wp\/v2\/types\/product"}],"wp:featuredmedia":[{"embeddable":true,"href":"https:\/\/www.certifiedcosmetics.com\/fr\/wp-json\/wp\/v2\/media\/12225"}],"wp:attachment":[{"href":"https:\/\/www.certifiedcosmetics.com\/fr\/wp-json\/wp\/v2\/media?parent=12295"}],"wp:term":[{"taxonomy":"product_brand","embeddable":true,"href":"https:\/\/www.certifiedcosmetics.com\/fr\/wp-json\/wp\/v2\/product_brand?post=12295"},{"taxonomy":"product_cat","embeddable":true,"href":"https:\/\/www.certifiedcosmetics.com\/fr\/wp-json\/wp\/v2\/product_cat?post=12295"},{"taxonomy":"product_tag","embeddable":true,"href":"https:\/\/www.certifiedcosmetics.com\/fr\/wp-json\/wp\/v2\/product_tag?post=12295"}],"curies":[{"name":"wp","href":"https:\/\/api.w.org\/{rel}","templated":true}]}}