{"id":12288,"date":"2025-07-04T16:08:04","date_gmt":"2025-07-04T15:08:04","guid":{"rendered":"https:\/\/www.certifiedcosmetics.com\/product\/non class\u00e9\/detection-des-sulfates-verification-des-reclamations-sans-sulfate\/"},"modified":"2025-07-04T16:08:04","modified_gmt":"2025-07-04T15:08:04","slug":"detection-des-sulfates-verification-des-reclamations-sans-sulfate","status":"publish","type":"product","link":"https:\/\/www.certifiedcosmetics.com\/fr\/product\/verification-des-allegations-et-test-des-ingredients\/detection-des-sulfates-verification-des-reclamations-sans-sulfate\/","title":{"rendered":"D\u00e9tection des sulfates &#8211; V\u00e9rification des r\u00e9clamations sans sulfate"},"content":{"rendered":"<h2>Qu&#8217;est-ce que les sulfates ?<\/h2>\n<p>Les sulfates, en particulier le SLS et le SLES, sont une classe de tensioactifs largement utilis\u00e9s dans les produits de nettoyage, connus pour leurs fortes capacit\u00e9s moussantes et nettoyantes. Cependant, ils sont devenus une pr\u00e9occupation majeure pour les consommateurs qui recherchent des produits &#8220;sans sulfates&#8221; en raison de leur duret\u00e9 per\u00e7ue ou de leur potentiel d&#8217;irritation. <\/p>\n<h2>Pourquoi la d\u00e9tection des sulfates est-elle importante ?<\/h2>\n<p>Les all\u00e9gations &#8220;sans sulfate&#8221; sont devenues une tendance importante dans les soins personnels, en particulier dans les soins capillaires. Ce service t&#8217;aide \u00e0 : <\/p>\n<ul>\n<li><strong>V\u00e9rifier les all\u00e9gations &#8220;sans sulfate&#8221; :<\/strong> Identifie et quantifie avec pr\u00e9cision les compos\u00e9s sulfat\u00e9s (y compris SLS, SLES et autres) dans tes produits.<\/li>\n<li><strong>R\u00e9ponds aux grandes tendances de consommation :<\/strong> Aligne ta marque sur la forte pr\u00e9f\u00e9rence des consommateurs pour les formules sans sulfate.<\/li>\n<li><strong>Assurer l&#8217;int\u00e9grit\u00e9 du produit :<\/strong> Apporte un soutien scientifique \u00e0 tes affirmations concernant un produit plus doux.<\/li>\n<\/ul>\n<h2>D\u00e9tection des sulfates<\/h2>\n<p>Notre laboratoire identifie et quantifie avec pr\u00e9cision les compos\u00e9s sulfat\u00e9s (y compris le SLS et le SLES, entre autres) dans tes produits. Cela permet aux marques de v\u00e9rifier en toute confiance leurs all\u00e9gations &#8220;sans sulfate&#8221;, en r\u00e9pondant \u00e0 une pr\u00e9f\u00e9rence majeure des consommateurs et en soutenant un positionnement de produit doux. <\/p>\n<p>N&#8217;h\u00e9site pas \u00e0 nous contacter pour que tes produits r\u00e9pondent aux demandes du march\u00e9 et d\u00e9passent les attentes en mati\u00e8re de qualit\u00e9.<\/p>\n","protected":false},"excerpt":{"rendered":"<p>Qu&#8217;est-ce que les sulfates ? Les sulfates, en particulier le SLS et le SLES, sont une classe de tensioactifs largement utilis\u00e9s dans les produits de nettoyage, connus pour leurs fortes capacit\u00e9s moussantes et nettoyantes. Cependant, ils sont devenus une pr\u00e9occupation majeure pour les consommateurs qui recherchent des produits &#8220;sans sulfates&#8221; en raison de leur duret\u00e9&#8230;<\/p>\n","protected":false},"featured_media":12219,"template":"","meta":[],"product_brand":[],"product_cat":[440],"product_tag":[],"class_list":{"0":"post-12288","1":"product","2":"type-product","3":"status-publish","4":"has-post-thumbnail","6":"product_cat-verification-des-allegations-et-test-des-ingredients","8":"first","9":"instock","10":"virtual","11":"taxable","12":"purchasable","13":"product-type-simple"},"bundled_by":[],"bundle_stock_status":"instock","bundle_stock_quantity":null,"bundle_virtual":false,"bundle_layout":"","bundle_add_to_cart_form_location":"","bundle_editable_in_cart":false,"bundle_sold_individually_context":"","bundle_item_grouping":"","bundle_min_size":"","bundle_max_size":"","bundle_price":[],"bundled_items":[],"bundle_sell_ids":[],"yoast_head":"<!-- This site is optimized with the Yoast SEO Premium plugin v25.4 (Yoast SEO v25.4) - https:\/\/yoast.com\/wordpress\/plugins\/seo\/ -->\n<title>D\u00e9tection des sulfates - V\u00e9rification des r\u00e9clamations sans sulfate<\/title>\n<meta name=\"description\" content=\"Test de d\u00e9tection des sulfates v\u00e9rifi\u00e9 en laboratoire pour valider l&#039;all\u00e9gation &quot;sans sulfate&quot;.\" \/>\n<meta name=\"robots\" content=\"index, follow, max-snippet:-1, max-image-preview:large, max-video-preview:-1\" \/>\n<link rel=\"canonical\" href=\"https:\/\/www.certifiedcosmetics.com\/fr\/product\/verification-des-allegations-et-test-des-ingredients\/detection-des-sulfates-verification-des-reclamations-sans-sulfate\/\" \/>\n<meta property=\"og:locale\" content=\"fr_FR\" \/>\n<meta property=\"og:type\" content=\"article\" \/>\n<meta property=\"og:title\" content=\"D\u00e9tection des sulfates - V\u00e9rification des r\u00e9clamations sans sulfate\" \/>\n<meta property=\"og:description\" content=\"Test de d\u00e9tection des sulfates v\u00e9rifi\u00e9 en laboratoire pour valider l&#039;all\u00e9gation &quot;sans sulfate&quot;.\" \/>\n<meta property=\"og:url\" content=\"https:\/\/www.certifiedcosmetics.com\/fr\/product\/verification-des-allegations-et-test-des-ingredients\/detection-des-sulfates-verification-des-reclamations-sans-sulfate\/\" \/>\n<meta property=\"og:site_name\" content=\"Certified Cosmetics\" \/>\n<meta property=\"og:image\" content=\"https:\/\/www.certifiedcosmetics.com\/wp-content\/uploads\/2025\/07\/Sulphate-Detection-Sulphate-Free-Claim-Verification.jpg\" \/>\n\t<meta property=\"og:image:width\" content=\"800\" \/>\n\t<meta property=\"og:image:height\" content=\"800\" \/>\n\t<meta property=\"og:image:type\" content=\"image\/jpeg\" \/>\n<meta name=\"twitter:card\" content=\"summary_large_image\" \/>\n<meta name=\"twitter:label1\" content=\"Prix\" \/>\n\t<meta name=\"twitter:data1\" content=\"&#036;175.41\" \/>\n\t<meta name=\"twitter:label2\" content=\"Disponibilit\u00e9\" \/>\n\t<meta name=\"twitter:data2\" content=\"En stock\" \/>\n<script type=\"application\/ld+json\" class=\"yoast-schema-graph\">{\"@context\":\"https:\/\/schema.org\",\"@graph\":[{\"@type\":\"WebPage\",\"@id\":\"https:\/\/www.certifiedcosmetics.com\/fr\/product\/verification-des-allegations-et-test-des-ingredients\/detection-des-sulfates-verification-des-reclamations-sans-sulfate\/\",\"url\":\"https:\/\/www.certifiedcosmetics.com\/fr\/product\/verification-des-allegations-et-test-des-ingredients\/detection-des-sulfates-verification-des-reclamations-sans-sulfate\/\",\"name\":\"D\u00e9tection des sulfates - V\u00e9rification des r\u00e9clamations sans sulfate\",\"isPartOf\":{\"@id\":\"https:\/\/www.certifiedcosmetics.com\/fr\/#website\"},\"primaryImageOfPage\":{\"@id\":\"https:\/\/www.certifiedcosmetics.com\/fr\/product\/verification-des-allegations-et-test-des-ingredients\/detection-des-sulfates-verification-des-reclamations-sans-sulfate\/#primaryimage\"},\"image\":{\"@id\":\"https:\/\/www.certifiedcosmetics.com\/fr\/product\/verification-des-allegations-et-test-des-ingredients\/detection-des-sulfates-verification-des-reclamations-sans-sulfate\/#primaryimage\"},\"thumbnailUrl\":\"https:\/\/www.certifiedcosmetics.com\/wp-content\/uploads\/2025\/07\/Sulphate-Detection-Sulphate-Free-Claim-Verification.jpg\",\"datePublished\":\"2025-07-04T15:08:04+00:00\",\"description\":\"Test de d\u00e9tection des sulfates v\u00e9rifi\u00e9 en laboratoire pour valider l'all\u00e9gation \\\"sans sulfate\\\".\",\"breadcrumb\":{\"@id\":\"https:\/\/www.certifiedcosmetics.com\/fr\/product\/verification-des-allegations-et-test-des-ingredients\/detection-des-sulfates-verification-des-reclamations-sans-sulfate\/#breadcrumb\"},\"inLanguage\":\"fr-FR\",\"potentialAction\":[{\"@type\":\"ReadAction\",\"target\":[\"https:\/\/www.certifiedcosmetics.com\/fr\/product\/verification-des-allegations-et-test-des-ingredients\/detection-des-sulfates-verification-des-reclamations-sans-sulfate\/\"]}]},{\"@type\":\"ImageObject\",\"inLanguage\":\"fr-FR\",\"@id\":\"https:\/\/www.certifiedcosmetics.com\/fr\/product\/verification-des-allegations-et-test-des-ingredients\/detection-des-sulfates-verification-des-reclamations-sans-sulfate\/#primaryimage\",\"url\":\"https:\/\/www.certifiedcosmetics.com\/wp-content\/uploads\/2025\/07\/Sulphate-Detection-Sulphate-Free-Claim-Verification.jpg\",\"contentUrl\":\"https:\/\/www.certifiedcosmetics.com\/wp-content\/uploads\/2025\/07\/Sulphate-Detection-Sulphate-Free-Claim-Verification.jpg\",\"width\":800,\"height\":800},{\"@type\":\"BreadcrumbList\",\"@id\":\"https:\/\/www.certifiedcosmetics.com\/fr\/product\/verification-des-allegations-et-test-des-ingredients\/detection-des-sulfates-verification-des-reclamations-sans-sulfate\/#breadcrumb\",\"itemListElement\":[{\"@type\":\"ListItem\",\"position\":1,\"name\":\"Home\",\"item\":\"https:\/\/www.certifiedcosmetics.com\/fr\/\"},{\"@type\":\"ListItem\",\"position\":2,\"name\":\"Boutique\",\"item\":\"https:\/\/www.certifiedcosmetics.com\/fr\/boutique\/\"},{\"@type\":\"ListItem\",\"position\":3,\"name\":\"D\u00e9tection des sulfates &#8211; V\u00e9rification des r\u00e9clamations sans sulfate\"}]},{\"@type\":\"WebSite\",\"@id\":\"https:\/\/www.certifiedcosmetics.com\/fr\/#website\",\"url\":\"https:\/\/www.certifiedcosmetics.com\/fr\/\",\"name\":\"Certified Cosmetics\",\"description\":\"Cosmetic Safety Assessment\",\"publisher\":{\"@id\":\"https:\/\/www.certifiedcosmetics.com\/fr\/#organization\"},\"potentialAction\":[{\"@type\":\"SearchAction\",\"target\":{\"@type\":\"EntryPoint\",\"urlTemplate\":\"https:\/\/www.certifiedcosmetics.com\/fr\/?s={search_term_string}\"},\"query-input\":{\"@type\":\"PropertyValueSpecification\",\"valueRequired\":true,\"valueName\":\"search_term_string\"}}],\"inLanguage\":\"fr-FR\"},{\"@type\":\"Organization\",\"@id\":\"https:\/\/www.certifiedcosmetics.com\/fr\/#organization\",\"name\":\"Certified Cosmetics\",\"url\":\"https:\/\/www.certifiedcosmetics.com\/fr\/\",\"logo\":{\"@type\":\"ImageObject\",\"inLanguage\":\"fr-FR\",\"@id\":\"https:\/\/www.certifiedcosmetics.com\/fr\/#\/schema\/logo\/image\/\",\"url\":\"https:\/\/www.certifiedcosmetics.com\/wp-content\/uploads\/2024\/12\/logo_certified_cosmetics696.jpg\",\"contentUrl\":\"https:\/\/www.certifiedcosmetics.com\/wp-content\/uploads\/2024\/12\/logo_certified_cosmetics696.jpg\",\"width\":696,\"height\":696,\"caption\":\"Certified Cosmetics\"},\"image\":{\"@id\":\"https:\/\/www.certifiedcosmetics.com\/fr\/#\/schema\/logo\/image\/\"},\"description\":\"Your trusted partner for cosmetic product safety reporting. We take care of updating all of your documentation, ensuring your compliance stays current even as regulations evolve. The Cosmetic Product Safety Assessment will give you everything you need to sell specific products to EU consumers.\",\"email\":\"contact@certifiedcosmetics.com\",\"telephone\":\"+31 36 2036384\",\"legalName\":\"Certified Cosmetics\",\"foundingDate\":\"2010-01-01\",\"vatID\":\"NL854189543B01\",\"numberOfEmployees\":{\"@type\":\"QuantitativeValue\",\"minValue\":\"11\",\"maxValue\":\"50\"}}]}<\/script>\n<meta property=\"product:price:amount\" content=\"175.41\" \/>\n<meta property=\"product:price:currency\" content=\"USD\" \/>\n<meta property=\"og:availability\" content=\"instock\" \/>\n<meta property=\"product:availability\" content=\"instock\" \/>\n<meta property=\"product:condition\" content=\"new\" \/>\n<!-- \/ Yoast SEO Premium plugin. -->","yoast_head_json":{"title":"D\u00e9tection des sulfates - V\u00e9rification des r\u00e9clamations sans sulfate","description":"Test de d\u00e9tection des sulfates v\u00e9rifi\u00e9 en laboratoire pour valider l'all\u00e9gation \"sans sulfate\".","robots":{"index":"index","follow":"follow","max-snippet":"max-snippet:-1","max-image-preview":"max-image-preview:large","max-video-preview":"max-video-preview:-1"},"canonical":"https:\/\/www.certifiedcosmetics.com\/fr\/product\/verification-des-allegations-et-test-des-ingredients\/detection-des-sulfates-verification-des-reclamations-sans-sulfate\/","og_locale":"fr_FR","og_type":"article","og_title":"D\u00e9tection des sulfates - V\u00e9rification des r\u00e9clamations sans sulfate","og_description":"Test de d\u00e9tection des sulfates v\u00e9rifi\u00e9 en laboratoire pour valider l'all\u00e9gation \"sans sulfate\".","og_url":"https:\/\/www.certifiedcosmetics.com\/fr\/product\/verification-des-allegations-et-test-des-ingredients\/detection-des-sulfates-verification-des-reclamations-sans-sulfate\/","og_site_name":"Certified Cosmetics","og_image":[{"width":800,"height":800,"url":"https:\/\/www.certifiedcosmetics.com\/wp-content\/uploads\/2025\/07\/Sulphate-Detection-Sulphate-Free-Claim-Verification.jpg","type":"image\/jpeg"}],"twitter_card":"summary_large_image","twitter_misc":{"Prix":"&#36;175.41","Disponibilit\u00e9":"En stock"},"schema":{"@context":"https:\/\/schema.org","@graph":[{"@type":"WebPage","@id":"https:\/\/www.certifiedcosmetics.com\/fr\/product\/verification-des-allegations-et-test-des-ingredients\/detection-des-sulfates-verification-des-reclamations-sans-sulfate\/","url":"https:\/\/www.certifiedcosmetics.com\/fr\/product\/verification-des-allegations-et-test-des-ingredients\/detection-des-sulfates-verification-des-reclamations-sans-sulfate\/","name":"D\u00e9tection des sulfates - V\u00e9rification des r\u00e9clamations sans sulfate","isPartOf":{"@id":"https:\/\/www.certifiedcosmetics.com\/fr\/#website"},"primaryImageOfPage":{"@id":"https:\/\/www.certifiedcosmetics.com\/fr\/product\/verification-des-allegations-et-test-des-ingredients\/detection-des-sulfates-verification-des-reclamations-sans-sulfate\/#primaryimage"},"image":{"@id":"https:\/\/www.certifiedcosmetics.com\/fr\/product\/verification-des-allegations-et-test-des-ingredients\/detection-des-sulfates-verification-des-reclamations-sans-sulfate\/#primaryimage"},"thumbnailUrl":"https:\/\/www.certifiedcosmetics.com\/wp-content\/uploads\/2025\/07\/Sulphate-Detection-Sulphate-Free-Claim-Verification.jpg","datePublished":"2025-07-04T15:08:04+00:00","description":"Test de d\u00e9tection des sulfates v\u00e9rifi\u00e9 en laboratoire pour valider l'all\u00e9gation \"sans sulfate\".","breadcrumb":{"@id":"https:\/\/www.certifiedcosmetics.com\/fr\/product\/verification-des-allegations-et-test-des-ingredients\/detection-des-sulfates-verification-des-reclamations-sans-sulfate\/#breadcrumb"},"inLanguage":"fr-FR","potentialAction":[{"@type":"ReadAction","target":["https:\/\/www.certifiedcosmetics.com\/fr\/product\/verification-des-allegations-et-test-des-ingredients\/detection-des-sulfates-verification-des-reclamations-sans-sulfate\/"]}]},{"@type":"ImageObject","inLanguage":"fr-FR","@id":"https:\/\/www.certifiedcosmetics.com\/fr\/product\/verification-des-allegations-et-test-des-ingredients\/detection-des-sulfates-verification-des-reclamations-sans-sulfate\/#primaryimage","url":"https:\/\/www.certifiedcosmetics.com\/wp-content\/uploads\/2025\/07\/Sulphate-Detection-Sulphate-Free-Claim-Verification.jpg","contentUrl":"https:\/\/www.certifiedcosmetics.com\/wp-content\/uploads\/2025\/07\/Sulphate-Detection-Sulphate-Free-Claim-Verification.jpg","width":800,"height":800},{"@type":"BreadcrumbList","@id":"https:\/\/www.certifiedcosmetics.com\/fr\/product\/verification-des-allegations-et-test-des-ingredients\/detection-des-sulfates-verification-des-reclamations-sans-sulfate\/#breadcrumb","itemListElement":[{"@type":"ListItem","position":1,"name":"Home","item":"https:\/\/www.certifiedcosmetics.com\/fr\/"},{"@type":"ListItem","position":2,"name":"Boutique","item":"https:\/\/www.certifiedcosmetics.com\/fr\/boutique\/"},{"@type":"ListItem","position":3,"name":"D\u00e9tection des sulfates &#8211; V\u00e9rification des r\u00e9clamations sans sulfate"}]},{"@type":"WebSite","@id":"https:\/\/www.certifiedcosmetics.com\/fr\/#website","url":"https:\/\/www.certifiedcosmetics.com\/fr\/","name":"Certified Cosmetics","description":"Cosmetic Safety Assessment","publisher":{"@id":"https:\/\/www.certifiedcosmetics.com\/fr\/#organization"},"potentialAction":[{"@type":"SearchAction","target":{"@type":"EntryPoint","urlTemplate":"https:\/\/www.certifiedcosmetics.com\/fr\/?s={search_term_string}"},"query-input":{"@type":"PropertyValueSpecification","valueRequired":true,"valueName":"search_term_string"}}],"inLanguage":"fr-FR"},{"@type":"Organization","@id":"https:\/\/www.certifiedcosmetics.com\/fr\/#organization","name":"Certified Cosmetics","url":"https:\/\/www.certifiedcosmetics.com\/fr\/","logo":{"@type":"ImageObject","inLanguage":"fr-FR","@id":"https:\/\/www.certifiedcosmetics.com\/fr\/#\/schema\/logo\/image\/","url":"https:\/\/www.certifiedcosmetics.com\/wp-content\/uploads\/2024\/12\/logo_certified_cosmetics696.jpg","contentUrl":"https:\/\/www.certifiedcosmetics.com\/wp-content\/uploads\/2024\/12\/logo_certified_cosmetics696.jpg","width":696,"height":696,"caption":"Certified Cosmetics"},"image":{"@id":"https:\/\/www.certifiedcosmetics.com\/fr\/#\/schema\/logo\/image\/"},"description":"Your trusted partner for cosmetic product safety reporting. We take care of updating all of your documentation, ensuring your compliance stays current even as regulations evolve. The Cosmetic Product Safety Assessment will give you everything you need to sell specific products to EU consumers.","email":"contact@certifiedcosmetics.com","telephone":"+31 36 2036384","legalName":"Certified Cosmetics","foundingDate":"2010-01-01","vatID":"NL854189543B01","numberOfEmployees":{"@type":"QuantitativeValue","minValue":"11","maxValue":"50"}}]},"product_price_amount":"175.41","product_price_currency":"USD","og_availability":"instock","product_availability":"instock","product_condition":"new"},"_links":{"self":[{"href":"https:\/\/www.certifiedcosmetics.com\/fr\/wp-json\/wp\/v2\/product\/12288","targetHints":{"allow":["GET"]}}],"collection":[{"href":"https:\/\/www.certifiedcosmetics.com\/fr\/wp-json\/wp\/v2\/product"}],"about":[{"href":"https:\/\/www.certifiedcosmetics.com\/fr\/wp-json\/wp\/v2\/types\/product"}],"wp:featuredmedia":[{"embeddable":true,"href":"https:\/\/www.certifiedcosmetics.com\/fr\/wp-json\/wp\/v2\/media\/12219"}],"wp:attachment":[{"href":"https:\/\/www.certifiedcosmetics.com\/fr\/wp-json\/wp\/v2\/media?parent=12288"}],"wp:term":[{"taxonomy":"product_brand","embeddable":true,"href":"https:\/\/www.certifiedcosmetics.com\/fr\/wp-json\/wp\/v2\/product_brand?post=12288"},{"taxonomy":"product_cat","embeddable":true,"href":"https:\/\/www.certifiedcosmetics.com\/fr\/wp-json\/wp\/v2\/product_cat?post=12288"},{"taxonomy":"product_tag","embeddable":true,"href":"https:\/\/www.certifiedcosmetics.com\/fr\/wp-json\/wp\/v2\/product_tag?post=12288"}],"curies":[{"name":"wp","href":"https:\/\/api.w.org\/{rel}","templated":true}]}}