{"id":12278,"date":"2025-07-04T16:07:59","date_gmt":"2025-07-04T15:07:59","guid":{"rendered":"https:\/\/www.certifiedcosmetics.com\/product\/non class\u00e9\/detection-des-parfums-synthetiques-verification-des-reclamations-sans-parfum-synthetique\/"},"modified":"2025-07-04T16:07:59","modified_gmt":"2025-07-04T15:07:59","slug":"detection-des-parfums-synthetiques-verification-des-reclamations-sans-parfum-synthetique","status":"publish","type":"product","link":"https:\/\/www.certifiedcosmetics.com\/fr\/product\/verification-des-allegations-et-test-des-ingredients\/detection-des-parfums-synthetiques-verification-des-reclamations-sans-parfum-synthetique\/","title":{"rendered":"D\u00e9tection des parfums synth\u00e9tiques &#8211; V\u00e9rification des r\u00e9clamations sans parfum synth\u00e9tique"},"content":{"rendered":"<h2>Que sont les parfums synth\u00e9tiques ?<\/h2>\n<p>Les parfums synth\u00e9tiques sont des compos\u00e9s chimiques con\u00e7us pour donner une odeur. Bien qu&#8217;ils soient largement utilis\u00e9s, ils peuvent poser probl\u00e8me aux personnes sensibles, allergiques ou \u00e0 celles qui pr\u00e9f\u00e8rent les produits naturels et non parfum\u00e9s. <\/p>\n<h2>Pourquoi la d\u00e9tection des parfums synth\u00e9tiques est-elle importante ?<\/h2>\n<p>Pour les marques qui font la promotion d&#8217;une beaut\u00e9 &#8220;naturelle&#8221; ou &#8220;propre&#8221;, \u00e9viter les colorants synth\u00e9tiques est souvent un principe de base. Ce service t&#8217;aide : <\/p>\n<ul>\n<li><strong>V\u00e9rifier les all\u00e9gations &#8220;sans parfum synth\u00e9tique&#8221; :<\/strong> Utilise des m\u00e9thodes d&#8217;analyse avanc\u00e9es pour confirmer l&#8217;absence de compos\u00e9s parfum\u00e9s synth\u00e9tiques dans tes produits.<\/li>\n<li><strong>R\u00e9pondre aux besoins des consommateurs sensibles :<\/strong> Offre une tranquillit\u00e9 d&#8217;esprit aux personnes sensibles aux parfums ou souffrant d&#8217;allergies.<\/li>\n<li><strong>S&#8217;aligner sur le positionnement naturel :<\/strong> Renforce l&#8217;engagement de ta marque en faveur de formules propres et naturelles.<\/li>\n<\/ul>\n<h2>D\u00e9tection des parfums synth\u00e9tiques<\/h2>\n<p>Notre laboratoire utilise des m\u00e9thodes analytiques avanc\u00e9es pour confirmer l&#8217;absence de compos\u00e9s parfum\u00e9s synth\u00e9tiques dans tes produits. Cette v\u00e9rification permet aux marques de commercialiser en toute confiance leurs produits aupr\u00e8s d&#8217;un segment croissant de consommateurs qui privil\u00e9gient les options naturelles ou non parfum\u00e9es. <\/p>\n<p>N&#8217;h\u00e9site pas \u00e0 nous contacter pour que tes produits r\u00e9pondent aux demandes du march\u00e9 et d\u00e9passent les attentes en mati\u00e8re de qualit\u00e9.<\/p>\n","protected":false},"excerpt":{"rendered":"<p>Que sont les parfums synth\u00e9tiques ? Les parfums synth\u00e9tiques sont des compos\u00e9s chimiques con\u00e7us pour donner une odeur. Bien qu&#8217;ils soient largement utilis\u00e9s, ils peuvent poser probl\u00e8me aux personnes sensibles, allergiques ou \u00e0 celles qui pr\u00e9f\u00e8rent les produits naturels et non parfum\u00e9s. Pourquoi la d\u00e9tection des parfums synth\u00e9tiques est-elle importante ? Pour les marques qui&#8230;<\/p>\n","protected":false},"featured_media":12231,"template":"","meta":[],"product_brand":[],"product_cat":[440],"product_tag":[],"class_list":{"0":"post-12278","1":"product","2":"type-product","3":"status-publish","4":"has-post-thumbnail","6":"product_cat-verification-des-allegations-et-test-des-ingredients","8":"first","9":"instock","10":"virtual","11":"taxable","12":"purchasable","13":"product-type-simple"},"bundled_by":[],"bundle_stock_status":"instock","bundle_stock_quantity":null,"bundle_virtual":false,"bundle_layout":"","bundle_add_to_cart_form_location":"","bundle_editable_in_cart":false,"bundle_sold_individually_context":"","bundle_item_grouping":"","bundle_min_size":"","bundle_max_size":"","bundle_price":[],"bundled_items":[],"bundle_sell_ids":[],"yoast_head":"<!-- This site is optimized with the Yoast SEO Premium plugin v25.4 (Yoast SEO v25.4) - https:\/\/yoast.com\/wordpress\/plugins\/seo\/ -->\n<title>D\u00e9tection des parfums synth\u00e9tiques - V\u00e9rification des r\u00e9clamations sans parfum synth\u00e9tique<\/title>\n<meta name=\"description\" content=\"Certifie que ton produit est sans parfum de synth\u00e8se gr\u00e2ce \u00e0 des tests professionnels en laboratoire.\" \/>\n<meta name=\"robots\" content=\"index, follow, max-snippet:-1, max-image-preview:large, max-video-preview:-1\" \/>\n<link rel=\"canonical\" href=\"https:\/\/www.certifiedcosmetics.com\/fr\/product\/verification-des-allegations-et-test-des-ingredients\/detection-des-parfums-synthetiques-verification-des-reclamations-sans-parfum-synthetique\/\" \/>\n<meta property=\"og:locale\" content=\"fr_FR\" \/>\n<meta property=\"og:type\" content=\"article\" \/>\n<meta property=\"og:title\" content=\"D\u00e9tection des parfums synth\u00e9tiques - V\u00e9rification des r\u00e9clamations sans parfum synth\u00e9tique\" \/>\n<meta property=\"og:description\" content=\"Certifie que ton produit est sans parfum de synth\u00e8se gr\u00e2ce \u00e0 des tests professionnels en laboratoire.\" \/>\n<meta property=\"og:url\" content=\"https:\/\/www.certifiedcosmetics.com\/fr\/product\/verification-des-allegations-et-test-des-ingredients\/detection-des-parfums-synthetiques-verification-des-reclamations-sans-parfum-synthetique\/\" \/>\n<meta property=\"og:site_name\" content=\"Certified Cosmetics\" \/>\n<meta property=\"og:image\" content=\"https:\/\/www.certifiedcosmetics.com\/wp-content\/uploads\/2025\/07\/Synthetic-Fragrance-Detection-Synthetic-Fragrance-Free-Claim-Verification.jpg\" \/>\n\t<meta property=\"og:image:width\" content=\"800\" \/>\n\t<meta property=\"og:image:height\" content=\"800\" \/>\n\t<meta property=\"og:image:type\" content=\"image\/jpeg\" \/>\n<meta name=\"twitter:card\" content=\"summary_large_image\" \/>\n<meta name=\"twitter:label1\" content=\"Prix\" \/>\n\t<meta name=\"twitter:data1\" content=\"&#036;175.41\" \/>\n\t<meta name=\"twitter:label2\" content=\"Disponibilit\u00e9\" \/>\n\t<meta name=\"twitter:data2\" content=\"En stock\" \/>\n<script type=\"application\/ld+json\" class=\"yoast-schema-graph\">{\"@context\":\"https:\/\/schema.org\",\"@graph\":[{\"@type\":\"WebPage\",\"@id\":\"https:\/\/www.certifiedcosmetics.com\/fr\/product\/verification-des-allegations-et-test-des-ingredients\/detection-des-parfums-synthetiques-verification-des-reclamations-sans-parfum-synthetique\/\",\"url\":\"https:\/\/www.certifiedcosmetics.com\/fr\/product\/verification-des-allegations-et-test-des-ingredients\/detection-des-parfums-synthetiques-verification-des-reclamations-sans-parfum-synthetique\/\",\"name\":\"D\u00e9tection des parfums synth\u00e9tiques - V\u00e9rification des r\u00e9clamations sans parfum synth\u00e9tique\",\"isPartOf\":{\"@id\":\"https:\/\/www.certifiedcosmetics.com\/fr\/#website\"},\"primaryImageOfPage\":{\"@id\":\"https:\/\/www.certifiedcosmetics.com\/fr\/product\/verification-des-allegations-et-test-des-ingredients\/detection-des-parfums-synthetiques-verification-des-reclamations-sans-parfum-synthetique\/#primaryimage\"},\"image\":{\"@id\":\"https:\/\/www.certifiedcosmetics.com\/fr\/product\/verification-des-allegations-et-test-des-ingredients\/detection-des-parfums-synthetiques-verification-des-reclamations-sans-parfum-synthetique\/#primaryimage\"},\"thumbnailUrl\":\"https:\/\/www.certifiedcosmetics.com\/wp-content\/uploads\/2025\/07\/Synthetic-Fragrance-Detection-Synthetic-Fragrance-Free-Claim-Verification.jpg\",\"datePublished\":\"2025-07-04T15:07:59+00:00\",\"description\":\"Certifie que ton produit est sans parfum de synth\u00e8se gr\u00e2ce \u00e0 des tests professionnels en laboratoire.\",\"breadcrumb\":{\"@id\":\"https:\/\/www.certifiedcosmetics.com\/fr\/product\/verification-des-allegations-et-test-des-ingredients\/detection-des-parfums-synthetiques-verification-des-reclamations-sans-parfum-synthetique\/#breadcrumb\"},\"inLanguage\":\"fr-FR\",\"potentialAction\":[{\"@type\":\"ReadAction\",\"target\":[\"https:\/\/www.certifiedcosmetics.com\/fr\/product\/verification-des-allegations-et-test-des-ingredients\/detection-des-parfums-synthetiques-verification-des-reclamations-sans-parfum-synthetique\/\"]}]},{\"@type\":\"ImageObject\",\"inLanguage\":\"fr-FR\",\"@id\":\"https:\/\/www.certifiedcosmetics.com\/fr\/product\/verification-des-allegations-et-test-des-ingredients\/detection-des-parfums-synthetiques-verification-des-reclamations-sans-parfum-synthetique\/#primaryimage\",\"url\":\"https:\/\/www.certifiedcosmetics.com\/wp-content\/uploads\/2025\/07\/Synthetic-Fragrance-Detection-Synthetic-Fragrance-Free-Claim-Verification.jpg\",\"contentUrl\":\"https:\/\/www.certifiedcosmetics.com\/wp-content\/uploads\/2025\/07\/Synthetic-Fragrance-Detection-Synthetic-Fragrance-Free-Claim-Verification.jpg\",\"width\":800,\"height\":800},{\"@type\":\"BreadcrumbList\",\"@id\":\"https:\/\/www.certifiedcosmetics.com\/fr\/product\/verification-des-allegations-et-test-des-ingredients\/detection-des-parfums-synthetiques-verification-des-reclamations-sans-parfum-synthetique\/#breadcrumb\",\"itemListElement\":[{\"@type\":\"ListItem\",\"position\":1,\"name\":\"Home\",\"item\":\"https:\/\/www.certifiedcosmetics.com\/fr\/\"},{\"@type\":\"ListItem\",\"position\":2,\"name\":\"Boutique\",\"item\":\"https:\/\/www.certifiedcosmetics.com\/fr\/boutique\/\"},{\"@type\":\"ListItem\",\"position\":3,\"name\":\"D\u00e9tection des parfums synth\u00e9tiques &#8211; V\u00e9rification des r\u00e9clamations sans parfum synth\u00e9tique\"}]},{\"@type\":\"WebSite\",\"@id\":\"https:\/\/www.certifiedcosmetics.com\/fr\/#website\",\"url\":\"https:\/\/www.certifiedcosmetics.com\/fr\/\",\"name\":\"Certified Cosmetics\",\"description\":\"Cosmetic Safety Assessment\",\"publisher\":{\"@id\":\"https:\/\/www.certifiedcosmetics.com\/fr\/#organization\"},\"potentialAction\":[{\"@type\":\"SearchAction\",\"target\":{\"@type\":\"EntryPoint\",\"urlTemplate\":\"https:\/\/www.certifiedcosmetics.com\/fr\/?s={search_term_string}\"},\"query-input\":{\"@type\":\"PropertyValueSpecification\",\"valueRequired\":true,\"valueName\":\"search_term_string\"}}],\"inLanguage\":\"fr-FR\"},{\"@type\":\"Organization\",\"@id\":\"https:\/\/www.certifiedcosmetics.com\/fr\/#organization\",\"name\":\"Certified Cosmetics\",\"url\":\"https:\/\/www.certifiedcosmetics.com\/fr\/\",\"logo\":{\"@type\":\"ImageObject\",\"inLanguage\":\"fr-FR\",\"@id\":\"https:\/\/www.certifiedcosmetics.com\/fr\/#\/schema\/logo\/image\/\",\"url\":\"https:\/\/www.certifiedcosmetics.com\/wp-content\/uploads\/2024\/12\/logo_certified_cosmetics696.jpg\",\"contentUrl\":\"https:\/\/www.certifiedcosmetics.com\/wp-content\/uploads\/2024\/12\/logo_certified_cosmetics696.jpg\",\"width\":696,\"height\":696,\"caption\":\"Certified Cosmetics\"},\"image\":{\"@id\":\"https:\/\/www.certifiedcosmetics.com\/fr\/#\/schema\/logo\/image\/\"},\"description\":\"Your trusted partner for cosmetic product safety reporting. We take care of updating all of your documentation, ensuring your compliance stays current even as regulations evolve. The Cosmetic Product Safety Assessment will give you everything you need to sell specific products to EU consumers.\",\"email\":\"contact@certifiedcosmetics.com\",\"telephone\":\"+31 36 2036384\",\"legalName\":\"Certified Cosmetics\",\"foundingDate\":\"2010-01-01\",\"vatID\":\"NL854189543B01\",\"numberOfEmployees\":{\"@type\":\"QuantitativeValue\",\"minValue\":\"11\",\"maxValue\":\"50\"}}]}<\/script>\n<meta property=\"product:price:amount\" content=\"175.41\" \/>\n<meta property=\"product:price:currency\" content=\"USD\" \/>\n<meta property=\"og:availability\" content=\"instock\" \/>\n<meta property=\"product:availability\" content=\"instock\" \/>\n<meta property=\"product:condition\" content=\"new\" \/>\n<!-- \/ Yoast SEO Premium plugin. -->","yoast_head_json":{"title":"D\u00e9tection des parfums synth\u00e9tiques - V\u00e9rification des r\u00e9clamations sans parfum synth\u00e9tique","description":"Certifie que ton produit est sans parfum de synth\u00e8se gr\u00e2ce \u00e0 des tests professionnels en laboratoire.","robots":{"index":"index","follow":"follow","max-snippet":"max-snippet:-1","max-image-preview":"max-image-preview:large","max-video-preview":"max-video-preview:-1"},"canonical":"https:\/\/www.certifiedcosmetics.com\/fr\/product\/verification-des-allegations-et-test-des-ingredients\/detection-des-parfums-synthetiques-verification-des-reclamations-sans-parfum-synthetique\/","og_locale":"fr_FR","og_type":"article","og_title":"D\u00e9tection des parfums synth\u00e9tiques - V\u00e9rification des r\u00e9clamations sans parfum synth\u00e9tique","og_description":"Certifie que ton produit est sans parfum de synth\u00e8se gr\u00e2ce \u00e0 des tests professionnels en laboratoire.","og_url":"https:\/\/www.certifiedcosmetics.com\/fr\/product\/verification-des-allegations-et-test-des-ingredients\/detection-des-parfums-synthetiques-verification-des-reclamations-sans-parfum-synthetique\/","og_site_name":"Certified Cosmetics","og_image":[{"width":800,"height":800,"url":"https:\/\/www.certifiedcosmetics.com\/wp-content\/uploads\/2025\/07\/Synthetic-Fragrance-Detection-Synthetic-Fragrance-Free-Claim-Verification.jpg","type":"image\/jpeg"}],"twitter_card":"summary_large_image","twitter_misc":{"Prix":"&#36;175.41","Disponibilit\u00e9":"En stock"},"schema":{"@context":"https:\/\/schema.org","@graph":[{"@type":"WebPage","@id":"https:\/\/www.certifiedcosmetics.com\/fr\/product\/verification-des-allegations-et-test-des-ingredients\/detection-des-parfums-synthetiques-verification-des-reclamations-sans-parfum-synthetique\/","url":"https:\/\/www.certifiedcosmetics.com\/fr\/product\/verification-des-allegations-et-test-des-ingredients\/detection-des-parfums-synthetiques-verification-des-reclamations-sans-parfum-synthetique\/","name":"D\u00e9tection des parfums synth\u00e9tiques - V\u00e9rification des r\u00e9clamations sans parfum synth\u00e9tique","isPartOf":{"@id":"https:\/\/www.certifiedcosmetics.com\/fr\/#website"},"primaryImageOfPage":{"@id":"https:\/\/www.certifiedcosmetics.com\/fr\/product\/verification-des-allegations-et-test-des-ingredients\/detection-des-parfums-synthetiques-verification-des-reclamations-sans-parfum-synthetique\/#primaryimage"},"image":{"@id":"https:\/\/www.certifiedcosmetics.com\/fr\/product\/verification-des-allegations-et-test-des-ingredients\/detection-des-parfums-synthetiques-verification-des-reclamations-sans-parfum-synthetique\/#primaryimage"},"thumbnailUrl":"https:\/\/www.certifiedcosmetics.com\/wp-content\/uploads\/2025\/07\/Synthetic-Fragrance-Detection-Synthetic-Fragrance-Free-Claim-Verification.jpg","datePublished":"2025-07-04T15:07:59+00:00","description":"Certifie que ton produit est sans parfum de synth\u00e8se gr\u00e2ce \u00e0 des tests professionnels en laboratoire.","breadcrumb":{"@id":"https:\/\/www.certifiedcosmetics.com\/fr\/product\/verification-des-allegations-et-test-des-ingredients\/detection-des-parfums-synthetiques-verification-des-reclamations-sans-parfum-synthetique\/#breadcrumb"},"inLanguage":"fr-FR","potentialAction":[{"@type":"ReadAction","target":["https:\/\/www.certifiedcosmetics.com\/fr\/product\/verification-des-allegations-et-test-des-ingredients\/detection-des-parfums-synthetiques-verification-des-reclamations-sans-parfum-synthetique\/"]}]},{"@type":"ImageObject","inLanguage":"fr-FR","@id":"https:\/\/www.certifiedcosmetics.com\/fr\/product\/verification-des-allegations-et-test-des-ingredients\/detection-des-parfums-synthetiques-verification-des-reclamations-sans-parfum-synthetique\/#primaryimage","url":"https:\/\/www.certifiedcosmetics.com\/wp-content\/uploads\/2025\/07\/Synthetic-Fragrance-Detection-Synthetic-Fragrance-Free-Claim-Verification.jpg","contentUrl":"https:\/\/www.certifiedcosmetics.com\/wp-content\/uploads\/2025\/07\/Synthetic-Fragrance-Detection-Synthetic-Fragrance-Free-Claim-Verification.jpg","width":800,"height":800},{"@type":"BreadcrumbList","@id":"https:\/\/www.certifiedcosmetics.com\/fr\/product\/verification-des-allegations-et-test-des-ingredients\/detection-des-parfums-synthetiques-verification-des-reclamations-sans-parfum-synthetique\/#breadcrumb","itemListElement":[{"@type":"ListItem","position":1,"name":"Home","item":"https:\/\/www.certifiedcosmetics.com\/fr\/"},{"@type":"ListItem","position":2,"name":"Boutique","item":"https:\/\/www.certifiedcosmetics.com\/fr\/boutique\/"},{"@type":"ListItem","position":3,"name":"D\u00e9tection des parfums synth\u00e9tiques &#8211; V\u00e9rification des r\u00e9clamations sans parfum synth\u00e9tique"}]},{"@type":"WebSite","@id":"https:\/\/www.certifiedcosmetics.com\/fr\/#website","url":"https:\/\/www.certifiedcosmetics.com\/fr\/","name":"Certified Cosmetics","description":"Cosmetic Safety Assessment","publisher":{"@id":"https:\/\/www.certifiedcosmetics.com\/fr\/#organization"},"potentialAction":[{"@type":"SearchAction","target":{"@type":"EntryPoint","urlTemplate":"https:\/\/www.certifiedcosmetics.com\/fr\/?s={search_term_string}"},"query-input":{"@type":"PropertyValueSpecification","valueRequired":true,"valueName":"search_term_string"}}],"inLanguage":"fr-FR"},{"@type":"Organization","@id":"https:\/\/www.certifiedcosmetics.com\/fr\/#organization","name":"Certified Cosmetics","url":"https:\/\/www.certifiedcosmetics.com\/fr\/","logo":{"@type":"ImageObject","inLanguage":"fr-FR","@id":"https:\/\/www.certifiedcosmetics.com\/fr\/#\/schema\/logo\/image\/","url":"https:\/\/www.certifiedcosmetics.com\/wp-content\/uploads\/2024\/12\/logo_certified_cosmetics696.jpg","contentUrl":"https:\/\/www.certifiedcosmetics.com\/wp-content\/uploads\/2024\/12\/logo_certified_cosmetics696.jpg","width":696,"height":696,"caption":"Certified Cosmetics"},"image":{"@id":"https:\/\/www.certifiedcosmetics.com\/fr\/#\/schema\/logo\/image\/"},"description":"Your trusted partner for cosmetic product safety reporting. We take care of updating all of your documentation, ensuring your compliance stays current even as regulations evolve. The Cosmetic Product Safety Assessment will give you everything you need to sell specific products to EU consumers.","email":"contact@certifiedcosmetics.com","telephone":"+31 36 2036384","legalName":"Certified Cosmetics","foundingDate":"2010-01-01","vatID":"NL854189543B01","numberOfEmployees":{"@type":"QuantitativeValue","minValue":"11","maxValue":"50"}}]},"product_price_amount":"175.41","product_price_currency":"USD","og_availability":"instock","product_availability":"instock","product_condition":"new"},"_links":{"self":[{"href":"https:\/\/www.certifiedcosmetics.com\/fr\/wp-json\/wp\/v2\/product\/12278","targetHints":{"allow":["GET"]}}],"collection":[{"href":"https:\/\/www.certifiedcosmetics.com\/fr\/wp-json\/wp\/v2\/product"}],"about":[{"href":"https:\/\/www.certifiedcosmetics.com\/fr\/wp-json\/wp\/v2\/types\/product"}],"wp:featuredmedia":[{"embeddable":true,"href":"https:\/\/www.certifiedcosmetics.com\/fr\/wp-json\/wp\/v2\/media\/12231"}],"wp:attachment":[{"href":"https:\/\/www.certifiedcosmetics.com\/fr\/wp-json\/wp\/v2\/media?parent=12278"}],"wp:term":[{"taxonomy":"product_brand","embeddable":true,"href":"https:\/\/www.certifiedcosmetics.com\/fr\/wp-json\/wp\/v2\/product_brand?post=12278"},{"taxonomy":"product_cat","embeddable":true,"href":"https:\/\/www.certifiedcosmetics.com\/fr\/wp-json\/wp\/v2\/product_cat?post=12278"},{"taxonomy":"product_tag","embeddable":true,"href":"https:\/\/www.certifiedcosmetics.com\/fr\/wp-json\/wp\/v2\/product_tag?post=12278"}],"curies":[{"name":"wp","href":"https:\/\/api.w.org\/{rel}","templated":true}]}}