{"id":12273,"date":"2025-07-04T16:07:56","date_gmt":"2025-07-04T15:07:56","guid":{"rendered":"https:\/\/www.certifiedcosmetics.com\/product\/unkategorisiert\/detection-de-ladn-des-animaux-verification-gratuite-de-ladn-des-animaux\/"},"modified":"2025-07-04T16:07:56","modified_gmt":"2025-07-04T15:07:56","slug":"detection-de-ladn-des-animaux-verification-gratuite-de-ladn-des-animaux","status":"publish","type":"product","link":"https:\/\/www.certifiedcosmetics.com\/fr\/product\/verification-des-allegations-et-test-des-ingredients\/detection-de-ladn-des-animaux-verification-gratuite-de-ladn-des-animaux\/","title":{"rendered":"D\u00e9tection de l&#8217;ADN des animaux &#8211; V\u00e9rification gratuite de l&#8217;ADN des animaux"},"content":{"rendered":"<h2>Qu&#8217;est-ce que l&#8217;ADN animal ?<\/h2>\n<p>L&#8217;ADN animal fait r\u00e9f\u00e9rence au mat\u00e9riel g\u00e9n\u00e9tique provenant des animaux. Dans un march\u00e9 de plus en plus conscient, les consommateurs recherchent activement des produits exempts d&#8217;ingr\u00e9dients d&#8217;origine animale, pouss\u00e9s par des choix \u00e9thiques, di\u00e9t\u00e9tiques ou de mode de vie tels que le v\u00e9g\u00e9talisme ou le v\u00e9g\u00e9tarisme. <\/p>\n<h2>Pourquoi la d\u00e9tection de l&#8217;ADN des animaux est-elle importante ?<\/h2>\n<p>La demande de produits v\u00e9g\u00e9taliens et sans cruaut\u00e9 ne cessant de cro\u00eetre, il est primordial de v\u00e9rifier l&#8217;absence d&#8217;ingr\u00e9dients d&#8217;origine animale. Notre service t&#8217;aide \u00e0 : <\/p>\n<ul>\n<li><strong>V\u00e9rifier les all\u00e9gations &#8220;sans ADN animal&#8221; :<\/strong> Utilise des techniques mol\u00e9culaires avanc\u00e9es pour confirmer d\u00e9finitivement l&#8217;absence de mat\u00e9riel g\u00e9n\u00e9tique animal dans tes produits.<\/li>\n<li><strong>Renforce la confiance des consommateurs :<\/strong> Fournis des preuves irr\u00e9futables de tes affirmations &#8220;sans ADN animal&#8221; ou v\u00e9g\u00e9taliennes.<\/li>\n<li><strong>Respecter les normes \u00e9thiques :<\/strong> Aligne ta marque sur les valeurs des consommateurs soucieux de l&#8217;\u00e9thique.<\/li>\n<\/ul>\n<h2>D\u00e9tection de l&#8217;ADN des animaux<\/h2>\n<p>Notre laboratoire emploie des techniques mol\u00e9culaires avanc\u00e9es pour confirmer d\u00e9finitivement l&#8217;absence de mat\u00e9riel g\u00e9n\u00e9tique animal dans tes produits. Cette v\u00e9rification est cruciale pour les marques qui font des all\u00e9gations &#8220;sans ADN animal&#8221; ou v\u00e9g\u00e9taliennes, car elle fournit une preuve irr\u00e9futable et renforce la confiance des consommateurs. <\/p>\n<p>N&#8217;h\u00e9site pas \u00e0 nous contacter pour que tes produits r\u00e9pondent aux demandes du march\u00e9 et d\u00e9passent les attentes en mati\u00e8re de qualit\u00e9.<\/p>\n","protected":false},"excerpt":{"rendered":"<p>Qu&#8217;est-ce que l&#8217;ADN animal ? L&#8217;ADN animal fait r\u00e9f\u00e9rence au mat\u00e9riel g\u00e9n\u00e9tique provenant des animaux. Dans un march\u00e9 de plus en plus conscient, les consommateurs recherchent activement des produits exempts d&#8217;ingr\u00e9dients d&#8217;origine animale, pouss\u00e9s par des choix \u00e9thiques, di\u00e9t\u00e9tiques ou de mode de vie tels que le v\u00e9g\u00e9talisme ou le v\u00e9g\u00e9tarisme. Pourquoi la d\u00e9tection de&#8230;<\/p>\n","protected":false},"featured_media":12111,"template":"","meta":[],"product_brand":[],"product_cat":[440],"product_tag":[],"class_list":{"0":"post-12273","1":"product","2":"type-product","3":"status-publish","4":"has-post-thumbnail","6":"product_cat-verification-des-allegations-et-test-des-ingredients","8":"first","9":"instock","10":"virtual","11":"taxable","12":"purchasable","13":"product-type-simple"},"bundled_by":[],"bundle_stock_status":"instock","bundle_stock_quantity":null,"bundle_virtual":false,"bundle_layout":"","bundle_add_to_cart_form_location":"","bundle_editable_in_cart":false,"bundle_sold_individually_context":"","bundle_item_grouping":"","bundle_min_size":"","bundle_max_size":"","bundle_price":[],"bundled_items":[],"bundle_sell_ids":[],"yoast_head":"<!-- This site is optimized with the Yoast SEO Premium plugin v25.4 (Yoast SEO v25.4) - https:\/\/yoast.com\/wordpress\/plugins\/seo\/ -->\n<title>D\u00e9tection de l&#039;ADN des animaux - V\u00e9rification gratuite de l&#039;ADN des animaux<\/title>\n<meta name=\"description\" content=\"Confirme ton label &quot;Sans ADN animal&quot; et appuie ta revendication v\u00e9gane avec des tests de laboratoire pour l&#039;ADN animal dans les cosm\u00e9tiques ou les produits alimentaires.\" \/>\n<meta name=\"robots\" content=\"index, follow, max-snippet:-1, max-image-preview:large, max-video-preview:-1\" \/>\n<link rel=\"canonical\" href=\"https:\/\/www.certifiedcosmetics.com\/fr\/product\/verification-des-allegations-et-test-des-ingredients\/detection-de-ladn-des-animaux-verification-gratuite-de-ladn-des-animaux\/\" \/>\n<meta property=\"og:locale\" content=\"fr_FR\" \/>\n<meta property=\"og:type\" content=\"article\" \/>\n<meta property=\"og:title\" content=\"D\u00e9tection de l&#039;ADN des animaux - V\u00e9rification gratuite de l&#039;ADN des animaux\" \/>\n<meta property=\"og:description\" content=\"Confirme ton label &quot;Sans ADN animal&quot; et appuie ta revendication v\u00e9gane avec des tests de laboratoire pour l&#039;ADN animal dans les cosm\u00e9tiques ou les produits alimentaires.\" \/>\n<meta property=\"og:url\" content=\"https:\/\/www.certifiedcosmetics.com\/fr\/product\/verification-des-allegations-et-test-des-ingredients\/detection-de-ladn-des-animaux-verification-gratuite-de-ladn-des-animaux\/\" \/>\n<meta property=\"og:site_name\" content=\"Certified Cosmetics\" \/>\n<meta property=\"og:image\" content=\"https:\/\/www.certifiedcosmetics.com\/wp-content\/uploads\/2025\/07\/Animal-DNA-Detection-Animal-DNA-Free-Claim-Verification.jpg\" \/>\n\t<meta property=\"og:image:width\" content=\"800\" \/>\n\t<meta property=\"og:image:height\" content=\"800\" \/>\n\t<meta property=\"og:image:type\" content=\"image\/jpeg\" \/>\n<meta name=\"twitter:card\" content=\"summary_large_image\" \/>\n<meta name=\"twitter:label1\" content=\"Prix\" \/>\n\t<meta name=\"twitter:data1\" content=\"&#036;175.41\" \/>\n\t<meta name=\"twitter:label2\" content=\"Disponibilit\u00e9\" \/>\n\t<meta name=\"twitter:data2\" content=\"En stock\" \/>\n<script type=\"application\/ld+json\" class=\"yoast-schema-graph\">{\"@context\":\"https:\/\/schema.org\",\"@graph\":[{\"@type\":\"WebPage\",\"@id\":\"https:\/\/www.certifiedcosmetics.com\/fr\/product\/verification-des-allegations-et-test-des-ingredients\/detection-de-ladn-des-animaux-verification-gratuite-de-ladn-des-animaux\/\",\"url\":\"https:\/\/www.certifiedcosmetics.com\/fr\/product\/verification-des-allegations-et-test-des-ingredients\/detection-de-ladn-des-animaux-verification-gratuite-de-ladn-des-animaux\/\",\"name\":\"D\u00e9tection de l'ADN des animaux - V\u00e9rification gratuite de l'ADN des animaux\",\"isPartOf\":{\"@id\":\"https:\/\/www.certifiedcosmetics.com\/fr\/#website\"},\"primaryImageOfPage\":{\"@id\":\"https:\/\/www.certifiedcosmetics.com\/fr\/product\/verification-des-allegations-et-test-des-ingredients\/detection-de-ladn-des-animaux-verification-gratuite-de-ladn-des-animaux\/#primaryimage\"},\"image\":{\"@id\":\"https:\/\/www.certifiedcosmetics.com\/fr\/product\/verification-des-allegations-et-test-des-ingredients\/detection-de-ladn-des-animaux-verification-gratuite-de-ladn-des-animaux\/#primaryimage\"},\"thumbnailUrl\":\"https:\/\/www.certifiedcosmetics.com\/wp-content\/uploads\/2025\/07\/Animal-DNA-Detection-Animal-DNA-Free-Claim-Verification.jpg\",\"datePublished\":\"2025-07-04T15:07:56+00:00\",\"description\":\"Confirme ton label \\\"Sans ADN animal\\\" et appuie ta revendication v\u00e9gane avec des tests de laboratoire pour l'ADN animal dans les cosm\u00e9tiques ou les produits alimentaires.\",\"breadcrumb\":{\"@id\":\"https:\/\/www.certifiedcosmetics.com\/fr\/product\/verification-des-allegations-et-test-des-ingredients\/detection-de-ladn-des-animaux-verification-gratuite-de-ladn-des-animaux\/#breadcrumb\"},\"inLanguage\":\"fr-FR\",\"potentialAction\":[{\"@type\":\"ReadAction\",\"target\":[\"https:\/\/www.certifiedcosmetics.com\/fr\/product\/verification-des-allegations-et-test-des-ingredients\/detection-de-ladn-des-animaux-verification-gratuite-de-ladn-des-animaux\/\"]}]},{\"@type\":\"ImageObject\",\"inLanguage\":\"fr-FR\",\"@id\":\"https:\/\/www.certifiedcosmetics.com\/fr\/product\/verification-des-allegations-et-test-des-ingredients\/detection-de-ladn-des-animaux-verification-gratuite-de-ladn-des-animaux\/#primaryimage\",\"url\":\"https:\/\/www.certifiedcosmetics.com\/wp-content\/uploads\/2025\/07\/Animal-DNA-Detection-Animal-DNA-Free-Claim-Verification.jpg\",\"contentUrl\":\"https:\/\/www.certifiedcosmetics.com\/wp-content\/uploads\/2025\/07\/Animal-DNA-Detection-Animal-DNA-Free-Claim-Verification.jpg\",\"width\":800,\"height\":800},{\"@type\":\"BreadcrumbList\",\"@id\":\"https:\/\/www.certifiedcosmetics.com\/fr\/product\/verification-des-allegations-et-test-des-ingredients\/detection-de-ladn-des-animaux-verification-gratuite-de-ladn-des-animaux\/#breadcrumb\",\"itemListElement\":[{\"@type\":\"ListItem\",\"position\":1,\"name\":\"Home\",\"item\":\"https:\/\/www.certifiedcosmetics.com\/fr\/\"},{\"@type\":\"ListItem\",\"position\":2,\"name\":\"Boutique\",\"item\":\"https:\/\/www.certifiedcosmetics.com\/fr\/boutique\/\"},{\"@type\":\"ListItem\",\"position\":3,\"name\":\"D\u00e9tection de l&#8217;ADN des animaux &#8211; V\u00e9rification gratuite de l&#8217;ADN des animaux\"}]},{\"@type\":\"WebSite\",\"@id\":\"https:\/\/www.certifiedcosmetics.com\/fr\/#website\",\"url\":\"https:\/\/www.certifiedcosmetics.com\/fr\/\",\"name\":\"Certified Cosmetics\",\"description\":\"Cosmetic Safety Assessment\",\"publisher\":{\"@id\":\"https:\/\/www.certifiedcosmetics.com\/fr\/#organization\"},\"potentialAction\":[{\"@type\":\"SearchAction\",\"target\":{\"@type\":\"EntryPoint\",\"urlTemplate\":\"https:\/\/www.certifiedcosmetics.com\/fr\/?s={search_term_string}\"},\"query-input\":{\"@type\":\"PropertyValueSpecification\",\"valueRequired\":true,\"valueName\":\"search_term_string\"}}],\"inLanguage\":\"fr-FR\"},{\"@type\":\"Organization\",\"@id\":\"https:\/\/www.certifiedcosmetics.com\/fr\/#organization\",\"name\":\"Certified Cosmetics\",\"url\":\"https:\/\/www.certifiedcosmetics.com\/fr\/\",\"logo\":{\"@type\":\"ImageObject\",\"inLanguage\":\"fr-FR\",\"@id\":\"https:\/\/www.certifiedcosmetics.com\/fr\/#\/schema\/logo\/image\/\",\"url\":\"https:\/\/www.certifiedcosmetics.com\/wp-content\/uploads\/2024\/12\/logo_certified_cosmetics696.jpg\",\"contentUrl\":\"https:\/\/www.certifiedcosmetics.com\/wp-content\/uploads\/2024\/12\/logo_certified_cosmetics696.jpg\",\"width\":696,\"height\":696,\"caption\":\"Certified Cosmetics\"},\"image\":{\"@id\":\"https:\/\/www.certifiedcosmetics.com\/fr\/#\/schema\/logo\/image\/\"},\"description\":\"Your trusted partner for cosmetic product safety reporting. We take care of updating all of your documentation, ensuring your compliance stays current even as regulations evolve. The Cosmetic Product Safety Assessment will give you everything you need to sell specific products to EU consumers.\",\"email\":\"contact@certifiedcosmetics.com\",\"telephone\":\"+31 36 2036384\",\"legalName\":\"Certified Cosmetics\",\"foundingDate\":\"2010-01-01\",\"vatID\":\"NL854189543B01\",\"numberOfEmployees\":{\"@type\":\"QuantitativeValue\",\"minValue\":\"11\",\"maxValue\":\"50\"}}]}<\/script>\n<meta property=\"product:price:amount\" content=\"175.41\" \/>\n<meta property=\"product:price:currency\" content=\"USD\" \/>\n<meta property=\"og:availability\" content=\"instock\" \/>\n<meta property=\"product:availability\" content=\"instock\" \/>\n<meta property=\"product:retailer_item_id\" content=\"CC100019\" \/>\n<meta property=\"product:condition\" content=\"new\" \/>\n<!-- \/ Yoast SEO Premium plugin. -->","yoast_head_json":{"title":"D\u00e9tection de l'ADN des animaux - V\u00e9rification gratuite de l'ADN des animaux","description":"Confirme ton label \"Sans ADN animal\" et appuie ta revendication v\u00e9gane avec des tests de laboratoire pour l'ADN animal dans les cosm\u00e9tiques ou les produits alimentaires.","robots":{"index":"index","follow":"follow","max-snippet":"max-snippet:-1","max-image-preview":"max-image-preview:large","max-video-preview":"max-video-preview:-1"},"canonical":"https:\/\/www.certifiedcosmetics.com\/fr\/product\/verification-des-allegations-et-test-des-ingredients\/detection-de-ladn-des-animaux-verification-gratuite-de-ladn-des-animaux\/","og_locale":"fr_FR","og_type":"article","og_title":"D\u00e9tection de l'ADN des animaux - V\u00e9rification gratuite de l'ADN des animaux","og_description":"Confirme ton label \"Sans ADN animal\" et appuie ta revendication v\u00e9gane avec des tests de laboratoire pour l'ADN animal dans les cosm\u00e9tiques ou les produits alimentaires.","og_url":"https:\/\/www.certifiedcosmetics.com\/fr\/product\/verification-des-allegations-et-test-des-ingredients\/detection-de-ladn-des-animaux-verification-gratuite-de-ladn-des-animaux\/","og_site_name":"Certified Cosmetics","og_image":[{"width":800,"height":800,"url":"https:\/\/www.certifiedcosmetics.com\/wp-content\/uploads\/2025\/07\/Animal-DNA-Detection-Animal-DNA-Free-Claim-Verification.jpg","type":"image\/jpeg"}],"twitter_card":"summary_large_image","twitter_misc":{"Prix":"&#36;175.41","Disponibilit\u00e9":"En stock"},"schema":{"@context":"https:\/\/schema.org","@graph":[{"@type":"WebPage","@id":"https:\/\/www.certifiedcosmetics.com\/fr\/product\/verification-des-allegations-et-test-des-ingredients\/detection-de-ladn-des-animaux-verification-gratuite-de-ladn-des-animaux\/","url":"https:\/\/www.certifiedcosmetics.com\/fr\/product\/verification-des-allegations-et-test-des-ingredients\/detection-de-ladn-des-animaux-verification-gratuite-de-ladn-des-animaux\/","name":"D\u00e9tection de l'ADN des animaux - V\u00e9rification gratuite de l'ADN des animaux","isPartOf":{"@id":"https:\/\/www.certifiedcosmetics.com\/fr\/#website"},"primaryImageOfPage":{"@id":"https:\/\/www.certifiedcosmetics.com\/fr\/product\/verification-des-allegations-et-test-des-ingredients\/detection-de-ladn-des-animaux-verification-gratuite-de-ladn-des-animaux\/#primaryimage"},"image":{"@id":"https:\/\/www.certifiedcosmetics.com\/fr\/product\/verification-des-allegations-et-test-des-ingredients\/detection-de-ladn-des-animaux-verification-gratuite-de-ladn-des-animaux\/#primaryimage"},"thumbnailUrl":"https:\/\/www.certifiedcosmetics.com\/wp-content\/uploads\/2025\/07\/Animal-DNA-Detection-Animal-DNA-Free-Claim-Verification.jpg","datePublished":"2025-07-04T15:07:56+00:00","description":"Confirme ton label \"Sans ADN animal\" et appuie ta revendication v\u00e9gane avec des tests de laboratoire pour l'ADN animal dans les cosm\u00e9tiques ou les produits alimentaires.","breadcrumb":{"@id":"https:\/\/www.certifiedcosmetics.com\/fr\/product\/verification-des-allegations-et-test-des-ingredients\/detection-de-ladn-des-animaux-verification-gratuite-de-ladn-des-animaux\/#breadcrumb"},"inLanguage":"fr-FR","potentialAction":[{"@type":"ReadAction","target":["https:\/\/www.certifiedcosmetics.com\/fr\/product\/verification-des-allegations-et-test-des-ingredients\/detection-de-ladn-des-animaux-verification-gratuite-de-ladn-des-animaux\/"]}]},{"@type":"ImageObject","inLanguage":"fr-FR","@id":"https:\/\/www.certifiedcosmetics.com\/fr\/product\/verification-des-allegations-et-test-des-ingredients\/detection-de-ladn-des-animaux-verification-gratuite-de-ladn-des-animaux\/#primaryimage","url":"https:\/\/www.certifiedcosmetics.com\/wp-content\/uploads\/2025\/07\/Animal-DNA-Detection-Animal-DNA-Free-Claim-Verification.jpg","contentUrl":"https:\/\/www.certifiedcosmetics.com\/wp-content\/uploads\/2025\/07\/Animal-DNA-Detection-Animal-DNA-Free-Claim-Verification.jpg","width":800,"height":800},{"@type":"BreadcrumbList","@id":"https:\/\/www.certifiedcosmetics.com\/fr\/product\/verification-des-allegations-et-test-des-ingredients\/detection-de-ladn-des-animaux-verification-gratuite-de-ladn-des-animaux\/#breadcrumb","itemListElement":[{"@type":"ListItem","position":1,"name":"Home","item":"https:\/\/www.certifiedcosmetics.com\/fr\/"},{"@type":"ListItem","position":2,"name":"Boutique","item":"https:\/\/www.certifiedcosmetics.com\/fr\/boutique\/"},{"@type":"ListItem","position":3,"name":"D\u00e9tection de l&#8217;ADN des animaux &#8211; V\u00e9rification gratuite de l&#8217;ADN des animaux"}]},{"@type":"WebSite","@id":"https:\/\/www.certifiedcosmetics.com\/fr\/#website","url":"https:\/\/www.certifiedcosmetics.com\/fr\/","name":"Certified Cosmetics","description":"Cosmetic Safety Assessment","publisher":{"@id":"https:\/\/www.certifiedcosmetics.com\/fr\/#organization"},"potentialAction":[{"@type":"SearchAction","target":{"@type":"EntryPoint","urlTemplate":"https:\/\/www.certifiedcosmetics.com\/fr\/?s={search_term_string}"},"query-input":{"@type":"PropertyValueSpecification","valueRequired":true,"valueName":"search_term_string"}}],"inLanguage":"fr-FR"},{"@type":"Organization","@id":"https:\/\/www.certifiedcosmetics.com\/fr\/#organization","name":"Certified Cosmetics","url":"https:\/\/www.certifiedcosmetics.com\/fr\/","logo":{"@type":"ImageObject","inLanguage":"fr-FR","@id":"https:\/\/www.certifiedcosmetics.com\/fr\/#\/schema\/logo\/image\/","url":"https:\/\/www.certifiedcosmetics.com\/wp-content\/uploads\/2024\/12\/logo_certified_cosmetics696.jpg","contentUrl":"https:\/\/www.certifiedcosmetics.com\/wp-content\/uploads\/2024\/12\/logo_certified_cosmetics696.jpg","width":696,"height":696,"caption":"Certified Cosmetics"},"image":{"@id":"https:\/\/www.certifiedcosmetics.com\/fr\/#\/schema\/logo\/image\/"},"description":"Your trusted partner for cosmetic product safety reporting. We take care of updating all of your documentation, ensuring your compliance stays current even as regulations evolve. The Cosmetic Product Safety Assessment will give you everything you need to sell specific products to EU consumers.","email":"contact@certifiedcosmetics.com","telephone":"+31 36 2036384","legalName":"Certified Cosmetics","foundingDate":"2010-01-01","vatID":"NL854189543B01","numberOfEmployees":{"@type":"QuantitativeValue","minValue":"11","maxValue":"50"}}]},"product_price_amount":"175.41","product_price_currency":"USD","og_availability":"instock","product_availability":"instock","product_retailer_item_id":"CC100019","product_condition":"new"},"_links":{"self":[{"href":"https:\/\/www.certifiedcosmetics.com\/fr\/wp-json\/wp\/v2\/product\/12273","targetHints":{"allow":["GET"]}}],"collection":[{"href":"https:\/\/www.certifiedcosmetics.com\/fr\/wp-json\/wp\/v2\/product"}],"about":[{"href":"https:\/\/www.certifiedcosmetics.com\/fr\/wp-json\/wp\/v2\/types\/product"}],"wp:featuredmedia":[{"embeddable":true,"href":"https:\/\/www.certifiedcosmetics.com\/fr\/wp-json\/wp\/v2\/media\/12111"}],"wp:attachment":[{"href":"https:\/\/www.certifiedcosmetics.com\/fr\/wp-json\/wp\/v2\/media?parent=12273"}],"wp:term":[{"taxonomy":"product_brand","embeddable":true,"href":"https:\/\/www.certifiedcosmetics.com\/fr\/wp-json\/wp\/v2\/product_brand?post=12273"},{"taxonomy":"product_cat","embeddable":true,"href":"https:\/\/www.certifiedcosmetics.com\/fr\/wp-json\/wp\/v2\/product_cat?post=12273"},{"taxonomy":"product_tag","embeddable":true,"href":"https:\/\/www.certifiedcosmetics.com\/fr\/wp-json\/wp\/v2\/product_tag?post=12273"}],"curies":[{"name":"wp","href":"https:\/\/api.w.org\/{rel}","templated":true}]}}